{"id":256150,"date":"2018-04-12T19:30:03","date_gmt":"2018-04-12T12:30:03","guid":{"rendered":"https:\/\/maybommini.com\/san-pham\/import-placeholder-for-252458"},"modified":"2021-10-26T00:39:13","modified_gmt":"2021-10-25T17:39:13","slug":"ao-ve-sinh-may-lanh-cao-cap","status":"publish","type":"product","link":"https:\/\/maybommini.vn\/?product=ao-ve-sinh-may-lanh-cao-cap","title":{"rendered":"\u00c1o v\u1ec7 sinh m\u00e1y l\u1ea1nh cao c\u1ea5p"},"content":{"rendered":"<p>Chuy\u00ean cung c\u1ea5p c\u00e1c lo\u1ea1i\u00a0\u00e1o v\u1ec7 sinh m\u00e1y l\u1ea1nh cao c\u1ea5p, d\u00f9ng\u00a0\u0111\u1ec3 v\u1ec7 sinh m\u00e1y l\u1ea1nh tr\u00f9m h\u1ee9ng n\u01b0\u1edbc th\u1ea3i khi v\u1ead sinh m\u00e1y l\u1ea1nh trong nh\u00e0.\u00a0\u0110\u00e2y l\u00e0 lo\u1ea1i t\u00fai\u00a0\u00e1o v\u1ec7 sinh cao c\u1ea5p d\u00f9ng v\u1ea3i d\u00f9 kh\u00f4ng th\u1ea5m n\u01b0\u1edbc gi\u1ed1ng nh\u01b0 c\u00e1c lo\u1ea1i\u00a0\u00e1o m\u01b0a\u00a0\u00e1o c\u1ea5p.<\/p>\n<p><a href=\"http:\/\/maybommini.com\/wp-content\/uploads\/2016\/06\/ao-ve-sinh-may-lanh.jpg\" rel=\"attachment wp-att-245271 noopener\" target=\"_blank\"><img decoding=\"async\" class=\"size-full wp-image-245271 aligncenter\" src=\"http:\/\/maybommini.com\/wp-content\/uploads\/2016\/06\/ao-ve-sinh-may-lanh.jpg\" alt=\"ao-ve-sinh-may-lanh\" width=\"800\" height=\"504\" srcset=\"https:\/\/maybommini.vn\/wp-content\/uploads\/2016\/06\/ao-ve-sinh-may-lanh.jpg 800w, https:\/\/maybommini.vn\/wp-content\/uploads\/2016\/06\/ao-ve-sinh-may-lanh-600x378.jpg 600w, https:\/\/maybommini.vn\/wp-content\/uploads\/2016\/06\/ao-ve-sinh-may-lanh-300x189.jpg 300w, https:\/\/maybommini.vn\/wp-content\/uploads\/2016\/06\/ao-ve-sinh-may-lanh-768x484.jpg 768w\" sizes=\"(max-width: 800px) 100vw, 800px\" \/><\/a><\/p>\n<p>\u0110\u1eb6T T\u00cdNH K\u1ef8 THU\u1eacT<br \/>\nCh\u1ea5t li\u1ec7u: V\u1ea3i\u00a0d\u00f9 ch\u1ed1ng th\u1ea5m<br \/>\n\u1ed0ng x\u1ea3 : 21 mm<br \/>\nL\u1ed5 x\u1ecf d\u00e2y<br \/>\nD\u00f9ng cho m\u00e1y l\u1ea1nh : 1 \u0111\u1ebfn 3 ng\u1ef1a<br \/>\nChi\u1ec1u r\u1ed9ng : 1.5 m\u00e9t<\/p>\n<p><a href=\"http:\/\/maybommini.com\/wp-content\/uploads\/2016\/06\/ao-trum-ve-sinh-may-lanh.jpg\" rel=\"attachment wp-att-245270 noopener\" target=\"_blank\"><img decoding=\"async\" class=\"size-full wp-image-245270 aligncenter\" src=\"http:\/\/maybommini.com\/wp-content\/uploads\/2016\/06\/ao-trum-ve-sinh-may-lanh.jpg\" alt=\"ao-trum-ve-sinh-may-lanh\" width=\"800\" height=\"426\" srcset=\"https:\/\/maybommini.vn\/wp-content\/uploads\/2016\/06\/ao-trum-ve-sinh-may-lanh.jpg 800w, https:\/\/maybommini.vn\/wp-content\/uploads\/2016\/06\/ao-trum-ve-sinh-may-lanh-600x320.jpg 600w, https:\/\/maybommini.vn\/wp-content\/uploads\/2016\/06\/ao-trum-ve-sinh-may-lanh-300x160.jpg 300w, https:\/\/maybommini.vn\/wp-content\/uploads\/2016\/06\/ao-trum-ve-sinh-may-lanh-768x409.jpg 768w\" sizes=\"(max-width: 800px) 100vw, 800px\" \/><\/a> <a href=\"http:\/\/maybommini.com\/wp-content\/uploads\/2016\/06\/tui-ve-sinh-may-lanh.jpg\" rel=\"attachment wp-att-245273 noopener\" target=\"_blank\"><img decoding=\"async\" class=\"size-full wp-image-245273 aligncenter\" src=\"http:\/\/maybommini.com\/wp-content\/uploads\/2016\/06\/tui-ve-sinh-may-lanh.jpg\" alt=\"tui-ve-sinh-may-lanh\" width=\"800\" height=\"450\" srcset=\"https:\/\/maybommini.vn\/wp-content\/uploads\/2016\/06\/tui-ve-sinh-may-lanh.jpg 800w, https:\/\/maybommini.vn\/wp-content\/uploads\/2016\/06\/tui-ve-sinh-may-lanh-600x338.jpg 600w, https:\/\/maybommini.vn\/wp-content\/uploads\/2016\/06\/tui-ve-sinh-may-lanh-300x169.jpg 300w, https:\/\/maybommini.vn\/wp-content\/uploads\/2016\/06\/tui-ve-sinh-may-lanh-768x432.jpg 768w\" sizes=\"(max-width: 800px) 100vw, 800px\" \/><\/a><\/p>\n<p>S\u1eec D\u1ee4NG\u00a0\u00c1O V\u1ec6 SINH M\u00c1Y L\u1ea0NH<br \/>\n\u0110\u00e2y l\u00e0 lo\u1ea1i\u00a0\u00e1o v\u1ec7 sinh m\u00e1y l\u1ea1nh chuy\u00ean d\u1ee5ng th\u01b0\u1eddng\u00a0\u0111\u01b0\u1ee3c c\u00e1c th\u1ee3 m\u00e1y l\u1ea1nh v\u00e0 d\u1ecbch v\u1ee5\u00a0\u0111i\u1ec7n l\u1ea1nh.<br \/>\nB\u1ea1n c\u00f3 th\u1ec3 t\u01b0\u1ef1 m\u00ecnh v\u1ec7 sinh m\u00e1y l\u1ea1nh gia \u0111\u00ecnh m\u00e0 kh\u00f4ng c\u1ea7n th\u1ee3 v\u1edbi t\u00fai v\u1ec7 sinh m\u00e1y l\u1ea1nh cao c\u1ea5p.<br \/>\nVi\u1ec7c v\u1ec7 sinh m\u00e1y l\u1ea1nh tr\u1edf n\u00ean d\u1ec3 d\u00e0ng v\u00e0 \u0111\u01a1n gi\u00e3n.<\/p>\n<p><a href=\"http:\/\/maybommini.com\/wp-content\/uploads\/2016\/06\/ve-sinh-may-lanh.jpg\" rel=\"attachment wp-att-245274 noopener\" target=\"_blank\"><img decoding=\"async\" class=\"size-full wp-image-245274 aligncenter\" src=\"http:\/\/maybommini.com\/wp-content\/uploads\/2016\/06\/ve-sinh-may-lanh.jpg\" alt=\"ve-sinh-may-lanh\" width=\"800\" height=\"485\" srcset=\"https:\/\/maybommini.vn\/wp-content\/uploads\/2016\/06\/ve-sinh-may-lanh.jpg 800w, https:\/\/maybommini.vn\/wp-content\/uploads\/2016\/06\/ve-sinh-may-lanh-600x364.jpg 600w, https:\/\/maybommini.vn\/wp-content\/uploads\/2016\/06\/ve-sinh-may-lanh-300x182.jpg 300w, https:\/\/maybommini.vn\/wp-content\/uploads\/2016\/06\/ve-sinh-may-lanh-768x466.jpg 768w\" sizes=\"(max-width: 800px) 100vw, 800px\" \/><\/a><\/p>\n<p><a href=\"http:\/\/maybommini.com\/wp-content\/uploads\/2016\/06\/ong-xa-tui-ve-sinh-may-lanh.jpg\" rel=\"attachment wp-att-245275 noopener\" target=\"_blank\"><img decoding=\"async\" class=\"size-full wp-image-245275 aligncenter\" src=\"http:\/\/maybommini.com\/wp-content\/uploads\/2016\/06\/ong-xa-tui-ve-sinh-may-lanh.jpg\" alt=\"ong-xa-tui-ve-sinh-may-lanh\" width=\"800\" height=\"450\" srcset=\"https:\/\/maybommini.vn\/wp-content\/uploads\/2016\/06\/ong-xa-tui-ve-sinh-may-lanh.jpg 800w, https:\/\/maybommini.vn\/wp-content\/uploads\/2016\/06\/ong-xa-tui-ve-sinh-may-lanh-600x338.jpg 600w, https:\/\/maybommini.vn\/wp-content\/uploads\/2016\/06\/ong-xa-tui-ve-sinh-may-lanh-300x169.jpg 300w, https:\/\/maybommini.vn\/wp-content\/uploads\/2016\/06\/ong-xa-tui-ve-sinh-may-lanh-768x432.jpg 768w\" sizes=\"(max-width: 800px) 100vw, 800px\" \/><br \/>\n<\/a><\/p>\n<p>MUA\u00a0\u00c1O T\u00daI V\u1ec6 SINH M\u00c1Y L\u1ea0NH\u00a0\u1ede\u00a0\u0110\u00c2U ?<\/p>\n<p><strong>CTY TNHH TMDV \u0110I\u1ec6N M\u00c1Y TH\u00d4NG MINH<br \/>\nShowroom :<\/strong> Gi\u1edd h\u00e0nh ch\u00e1nh<br \/>\n18Bis\/22 Nguy\u1ec5n Th\u1ecb Minh Khai, \u0110akao, Q1, HCM.<br \/>\n<strong>Trung T\u00e2m B\u1ea3o H\u00e0nh<\/strong><br \/>\n18Bis\/22 Nguy\u1ec5n Th\u1ecb Minh Khai, \u0110akao, Q1, HCM.<\/p>\n<p><strong>Hotline<\/strong>: 090 729 4310<br \/>\n<strong>Email:<\/strong><br \/>\nmaybommini.com@gmail.com<br \/>\nmaybomnuocmini.com@gmail.com<\/p>\n<p><strong>Website:<\/strong><br \/>\nwww.maybommini.com<br \/>\nwww.maybomnuocmini.com<br \/>\nwww.bomnuocmini.org<\/p>\n","protected":false},"excerpt":{"rendered":"<p>Ch\u1ea5t li\u1ec7u: V\u1ea3i\u00a0d\u00f9 ch\u1ed1ng th\u1ea5m<br \/>\n\u1ed0ng x\u1ea3 : 21 mm<br \/>\nL\u1ed5 x\u1ecf d\u00e2y<br \/>\nD\u00f9ng cho m\u00e1y l\u1ea1nh : 1 \u0111\u1ebfn 3 ng\u1ef1a<br \/>\nChi\u1ec1u r\u1ed9ng : 1.5 m\u00e9t<\/p>\n","protected":false},"featured_media":256277,"comment_status":"open","ping_status":"closed","template":"","meta":[],"product_brand":[2227],"product_cat":[1738,214],"product_tag":[718,719,720,721,722,723],"class_list":{"0":"post-256150","1":"product","2":"type-product","3":"status-publish","4":"has-post-thumbnail","6":"product_brand-mtm","7":"product_cat-ao-ve-sinh-may-lanh","8":"product_cat-phu-kien-bom-nuoc","9":"product_tag-ao-trum-ve-sinh-may-lanh","10":"product_tag-ao-ve-sinh-may-lanh","11":"product_tag-may-lanh","12":"product_tag-tu-ve-sinh-may-lanh","13":"product_tag-tui-ve-sinh-may-lanh","14":"product_tag-ve-sinh","16":"first","17":"instock","18":"shipping-taxable","19":"product-type-simple"},"_links":{"self":[{"href":"https:\/\/maybommini.vn\/index.php?rest_route=\/wp\/v2\/product\/256150","targetHints":{"allow":["GET"]}}],"collection":[{"href":"https:\/\/maybommini.vn\/index.php?rest_route=\/wp\/v2\/product"}],"about":[{"href":"https:\/\/maybommini.vn\/index.php?rest_route=\/wp\/v2\/types\/product"}],"replies":[{"embeddable":true,"href":"https:\/\/maybommini.vn\/index.php?rest_route=%2Fwp%2Fv2%2Fcomments&post=256150"}],"wp:featuredmedia":[{"embeddable":true,"href":"https:\/\/maybommini.vn\/index.php?rest_route=\/wp\/v2\/media\/256277"}],"wp:attachment":[{"href":"https:\/\/maybommini.vn\/index.php?rest_route=%2Fwp%2Fv2%2Fmedia&parent=256150"}],"wp:term":[{"taxonomy":"product_brand","embeddable":true,"href":"https:\/\/maybommini.vn\/index.php?rest_route=%2Fwp%2Fv2%2Fproduct_brand&post=256150"},{"taxonomy":"product_cat","embeddable":true,"href":"https:\/\/maybommini.vn\/index.php?rest_route=%2Fwp%2Fv2%2Fproduct_cat&post=256150"},{"taxonomy":"product_tag","embeddable":true,"href":"https:\/\/maybommini.vn\/index.php?rest_route=%2Fwp%2Fv2%2Fproduct_tag&post=256150"}],"curies":[{"name":"wp","href":"https:\/\/api.w.org\/{rel}","templated":true}]}}