{"id":256152,"date":"2018-04-12T19:30:04","date_gmt":"2018-04-12T12:30:04","guid":{"rendered":"https:\/\/maybommini.com\/san-pham\/import-placeholder-for-252460"},"modified":"2025-11-16T09:21:36","modified_gmt":"2025-11-16T02:21:36","slug":"sung-xit-ap-luc-cao-kim-loai-ngan-sr-11","status":"publish","type":"product","link":"https:\/\/maybommini.vn\/?product=sung-xit-ap-luc-cao-kim-loai-ngan-sr-11","title":{"rendered":"S\u00fang x\u1ecbt \u00e1p l\u1ef1c cao kim lo\u1ea1i ng\u1eafn SR-11"},"content":{"rendered":"<p><strong>V\u1edbi thi\u1ebft k\u1ebf lo\u1ea1i s\u00fang x\u1ecbt r\u1eeda xe d\u00f9ng cho c\u00e1c lo\u1ea1i m\u00e1y b\u01a1m \u00e1p l\u1ef1c cao \u0111\u1ec3 r\u1eeda xe r\u1eeda,v\u1ec7 sinh nh\u00e0 c\u1eeda r\u1ea5t th\u00edch h\u1ee3p. V\u1edbi v\u00f2i x\u1ecbt m\u1ecf v\u1ecbt ng\u1eafn r\u1ea5t ti\u1ec7n d\u1ee5ng v\u00e0 \u0111i\u1ec1u ch\u1ec9nh tia t\u1eeb phun d\u1ea1ng h\u00ecnh qu\u1ea1t \u0111\u1ebfn 1 tia.\u00a0<\/strong><\/p>\n<h2><strong>Thi\u1ebft k\u1ebf s\u00fang x\u1ecbt \u00e1p l\u1ef1c<\/strong><\/h2>\n<p>S\u00fang x\u1ecbt r\u1eeda xe \u00e1p l\u1ef1c c\u00f3 thi\u1ebft k\u1ebf v\u1eefng ch\u1eafc v\u1eeba c\u1ea7m tay ng\u01b0\u1eddi d\u00f9ng, r\u1ea5t b\u1ec1n khi s\u1eed d\u1ee5ng.<br \/>\nRen n\u1ed1i \u1ed1ng: Ren ngo\u00e0i 13mm<br \/>\nCh\u1ea5t li\u1ec7u: Kim lo\u1ea1i v\u00e0 nh\u1ef1a<br \/>\nCh\u1ec9nh tia: m\u1ecf v\u1ecbt<br \/>\nS\u1eed d\u1ee5ng: M\u00e1y x\u1ecbt \u00e1p l\u1ef1c cao<\/p>\n<p><a href=\"http:\/\/maybommini.com\/wp-content\/uploads\/2016\/06\/sung-xit-rua-xe-ap-luc-cao.jpg\" rel=\"attachment wp-att-245289 noopener\" target=\"_blank\"><img decoding=\"async\" class=\"alignnone size-full wp-image-245289\" src=\"http:\/\/maybommini.com\/wp-content\/uploads\/2016\/06\/sung-xit-rua-xe-ap-luc-cao.jpg\" alt=\"sung-xit-rua-xe-ap-luc-cao\" width=\"800\" height=\"572\" srcset=\"https:\/\/maybommini.vn\/wp-content\/uploads\/2016\/06\/sung-xit-rua-xe-ap-luc-cao.jpg 800w, https:\/\/maybommini.vn\/wp-content\/uploads\/2016\/06\/sung-xit-rua-xe-ap-luc-cao-600x429.jpg 600w, https:\/\/maybommini.vn\/wp-content\/uploads\/2016\/06\/sung-xit-rua-xe-ap-luc-cao-300x215.jpg 300w, https:\/\/maybommini.vn\/wp-content\/uploads\/2016\/06\/sung-xit-rua-xe-ap-luc-cao-768x549.jpg 768w\" sizes=\"(max-width: 800px) 100vw, 800px\" \/><\/a><\/p>\n<p>\u0110\u00e2y l\u00e0 lo\u1ea1i s\u00fang x\u1ecbt ch\u1ecbu \u0111\u01b0\u1ee3c \u00e1p l\u1ef1c n\u01b0\u1edbc r\u1ea5t l\u1edbn m\u00e0 kh\u00f4ng b\u1ecb x\u00ec n\u01b0\u1edbc ra ngo\u00e0i.<\/p>\n<p><a href=\"http:\/\/maybommini.com\/wp-content\/uploads\/2016\/06\/sung-xit-rua-cao-cap.jpg\" rel=\"attachment wp-att-245288 noopener\" target=\"_blank\"><img decoding=\"async\" class=\"alignnone size-full wp-image-245288\" src=\"http:\/\/maybommini.com\/wp-content\/uploads\/2016\/06\/sung-xit-rua-cao-cap.jpg\" alt=\"sung-xit-rua-cao-cap\" width=\"800\" height=\"556\" srcset=\"https:\/\/maybommini.vn\/wp-content\/uploads\/2016\/06\/sung-xit-rua-cao-cap.jpg 800w, https:\/\/maybommini.vn\/wp-content\/uploads\/2016\/06\/sung-xit-rua-cao-cap-600x417.jpg 600w, https:\/\/maybommini.vn\/wp-content\/uploads\/2016\/06\/sung-xit-rua-cao-cap-300x209.jpg 300w, https:\/\/maybommini.vn\/wp-content\/uploads\/2016\/06\/sung-xit-rua-cao-cap-768x534.jpg 768w, https:\/\/maybommini.vn\/wp-content\/uploads\/2016\/06\/sung-xit-rua-cao-cap-220x154.jpg 220w\" sizes=\"(max-width: 800px) 100vw, 800px\" \/><\/a><\/p>\n<p>S\u00fang x\u1ecbt r\u1eeda xe n\u00e0y c\u00f3 th\u1ec3 \u0111\u1ec1u ch\u1ec9nh \u0111\u01b0\u1ee3c tia n\u01b0\u1edbc theo \u00fd mu\u1ed1n. Tu\u1ef3 theo nhu c\u1ea7u s\u1eed d\u1ee5ng t\u1eeb tia nh\u1ecf \u0111\u1ebfn tia ki\u1ec1u phun s\u01b0\u01a1ng r\u1ea5t t\u1ed1t.<\/p>\n<p><a href=\"http:\/\/maybommini.com\/wp-content\/uploads\/2016\/06\/sung-mo-vit.jpg\" rel=\"attachment wp-att-245286 noopener\" target=\"_blank\"><img decoding=\"async\" class=\"alignnone size-full wp-image-245286\" src=\"http:\/\/maybommini.com\/wp-content\/uploads\/2016\/06\/sung-mo-vit.jpg\" alt=\"sung-mo-vit\" width=\"800\" height=\"450\" srcset=\"https:\/\/maybommini.vn\/wp-content\/uploads\/2016\/06\/sung-mo-vit.jpg 800w, https:\/\/maybommini.vn\/wp-content\/uploads\/2016\/06\/sung-mo-vit-600x338.jpg 600w, https:\/\/maybommini.vn\/wp-content\/uploads\/2016\/06\/sung-mo-vit-300x169.jpg 300w, https:\/\/maybommini.vn\/wp-content\/uploads\/2016\/06\/sung-mo-vit-768x432.jpg 768w\" sizes=\"(max-width: 800px) 100vw, 800px\" \/><\/a><\/p>\n<p>S\u1ea3n ph\u1ea9m \u0111\u01b0\u1ee3c nh\u1eadp kh\u1ea9u tr\u1ef1c ti\u1ebfp c\u1ee7a \u0110\u00e0i Loan s\u1ea3n xu\u1ea5t.<\/p>\n<p><a href=\"http:\/\/maybommini.com\/wp-content\/uploads\/2016\/06\/sung-xut-ren-ngoai-13mm.jpg\" rel=\"attachment wp-att-245290 noopener\" target=\"_blank\"><img decoding=\"async\" class=\"alignnone size-full wp-image-245290\" src=\"http:\/\/maybommini.com\/wp-content\/uploads\/2016\/06\/sung-xut-ren-ngoai-13mm.jpg\" alt=\"sung-xut-ren-ngoai-13mm\" width=\"800\" height=\"450\" srcset=\"https:\/\/maybommini.vn\/wp-content\/uploads\/2016\/06\/sung-xut-ren-ngoai-13mm.jpg 800w, https:\/\/maybommini.vn\/wp-content\/uploads\/2016\/06\/sung-xut-ren-ngoai-13mm-600x338.jpg 600w, https:\/\/maybommini.vn\/wp-content\/uploads\/2016\/06\/sung-xut-ren-ngoai-13mm-300x169.jpg 300w, https:\/\/maybommini.vn\/wp-content\/uploads\/2016\/06\/sung-xut-ren-ngoai-13mm-768x432.jpg 768w\" sizes=\"(max-width: 800px) 100vw, 800px\" \/><\/a><\/p>\n<h2><strong>B\u1ea3o h\u00e0nh s\u00fang x\u1ecbt r\u1eeda \u00e1p l\u1ef1c<\/strong><\/h2>\n<p>S\u1ea3n ph\u1ea9m \u0111\u01b0\u1ee3c b\u1ea3o h\u00e0nh 3 th\u00e1ng. T\u1ea5t c\u1ea3 c\u00e1c s\u00fang x\u1ecbt \u0111\u01b0\u1ee3c \u0111\u1ed5i m\u1edbi 100% khi c\u00f3 s\u1ef1 c\u1ed1 cho kh\u00e1ch h\u00e0ng s\u1eed d\u1ee5ng y\u00ean t\u00e2m l\u00e2u d\u00e0i.<\/p>\n<p><a href=\"http:\/\/maybommini.com\/wp-content\/uploads\/2016\/06\/sung-xit-mo-vit-cao-ap.jpg\" rel=\"attachment wp-att-245287 noopener\" target=\"_blank\"><img decoding=\"async\" class=\"size-full wp-image-245287 aligncenter\" src=\"http:\/\/maybommini.com\/wp-content\/uploads\/2016\/06\/sung-xit-mo-vit-cao-ap.jpg\" alt=\"sung-xit-mo-vit-cao-ap\" width=\"550\" height=\"550\" srcset=\"https:\/\/maybommini.vn\/wp-content\/uploads\/2016\/06\/sung-xit-mo-vit-cao-ap.jpg 550w, https:\/\/maybommini.vn\/wp-content\/uploads\/2016\/06\/sung-xit-mo-vit-cao-ap-300x300.jpg 300w, https:\/\/maybommini.vn\/wp-content\/uploads\/2016\/06\/sung-xit-mo-vit-cao-ap-150x150.jpg 150w\" sizes=\"(max-width: 550px) 100vw, 550px\" \/><\/a><\/p>\n<p>Vui l\u00f2ng li\u1ec7n ch\u00fang t\u00f4i \u0111\u1ec3 c\u00f3 gi\u00e1 t\u1ed1t \u0111\u01b0\u1ee3c b\u1ea3o h\u00e0nh tr\u00e1nh h\u00e0ng gi\u1ea3 h\u00e0ng nh\u00e1y k\u00e9m ch\u1ea5t l\u01b0\u1ee3ng.<\/p>\n<h2><strong>T\u01b0 v\u1ea5n mua s\u00fang x\u1ecbt r\u1eeda xe :<\/strong><\/h2>\n<h4><strong>Hotline:<\/strong> 090 729 4310<br \/>\n<strong>Yahoo:<\/strong> dc_nhut2005<br \/>\n<strong>Skype:<\/strong> dochonnhut<br \/>\n<strong>Email:<\/strong> maybommini.com@gmail.com<br \/>\n<strong>Website:<\/strong> <a title=\"maybommini.com\" href=\"http:\/\/maybommini.com\" target=\"_blank\" rel=\"noopener\">http:\/\/maybommini.com<\/a><br \/>\n<strong>Facebook:<\/strong> <a title=\"M\u00e1y b\u01a1m mini\" href=\"https:\/\/www.facebook.com\/maybommini\" target=\"_blank\" rel=\"noopener\">https:\/\/www.facebook.com\/maybommini<\/a><br \/>\n<strong>Google   :<\/strong> <a title=\"M\u00e1y b\u01a1m n\u01b0\u1edbc mini r\u1eeda xe\" href=\"https:\/\/plus.google.com\/ Maybomnuocminiruaxe\" target=\"_blank\" rel=\"noopener\">https:\/\/plus.google.com\/ Maybomnuocminiruaxe<\/a><br \/>\n<strong>Video demo:<\/strong> <a title=\"Video demo m\u00e1y b\u01a1m n\u01b0\u1edbc mini\" href=\"https:\/\/www.youtube.com\/bahamasali\u00a0\" target=\"_blank\" rel=\"noopener\">https:\/\/www.youtube.com\/bahamasali\u00a0<\/a><\/h4>\n","protected":false},"excerpt":{"rendered":"<p>S\u00fang x\u1ecbt ng\u1eafn m\u1ecf v\u1ecbt<br \/>\nH\u00e0ng m\u1edbi 100% nh\u1eadp kh\u1ea9u<br \/>\nS\u1ea3n ph\u1ea9m cao c\u1ea5p.<br \/>\nRen n\u1ed1i \u1ed1ng: Ren ngo\u00e0i 13mm<br \/>\nCh\u1ea5t li\u1ec7u: Kim lo\u1ea1i v\u00e0 nh\u1ef1a<br \/>\nCh\u1ec9nh tia: m\u1ecf v\u1ecbt<br \/>\nS\u1eed d\u1ee5ng: M\u00e1y x\u1ecbt \u00e1p l\u1ef1c cao<br \/>\n<strong>Ship h\u00e0ng \u0111i to\u00e0n qu\u1ed1c<\/strong><br \/>\n<strong>G\u1ecdi : 090 729 4310<\/strong><\/p>\n","protected":false},"featured_media":256295,"comment_status":"open","ping_status":"closed","template":"","meta":[],"product_brand":[],"product_cat":[216],"product_tag":[251,724,725,726,252,210,217,728,727,253,254,255,256],"class_list":{"0":"post-256152","1":"product","2":"type-product","3":"status-publish","4":"has-post-thumbnail","6":"product_cat-sung-phun-xit-ap-luc-cao","7":"product_tag-ap-luc","8":"product_tag-mo-vit","9":"product_tag-mo-vit-dai","10":"product_tag-mo-vit-ngan","11":"product_tag-mua-sung-xit","12":"product_tag-rua-xe","13":"product_tag-sung-ap-luc","14":"product_tag-sung-kim-loai","15":"product_tag-sung-ngan","16":"product_tag-sung-xit","17":"product_tag-sung-xit-rua-xe-ap-luc","18":"product_tag-sung-xit-rua-xe-may-lanh","19":"product_tag-thiet-bi-rua-xe","21":"first","22":"instock","23":"featured","24":"shipping-taxable","25":"product-type-simple"},"_links":{"self":[{"href":"https:\/\/maybommini.vn\/index.php?rest_route=\/wp\/v2\/product\/256152","targetHints":{"allow":["GET"]}}],"collection":[{"href":"https:\/\/maybommini.vn\/index.php?rest_route=\/wp\/v2\/product"}],"about":[{"href":"https:\/\/maybommini.vn\/index.php?rest_route=\/wp\/v2\/types\/product"}],"replies":[{"embeddable":true,"href":"https:\/\/maybommini.vn\/index.php?rest_route=%2Fwp%2Fv2%2Fcomments&post=256152"}],"wp:featuredmedia":[{"embeddable":true,"href":"https:\/\/maybommini.vn\/index.php?rest_route=\/wp\/v2\/media\/256295"}],"wp:attachment":[{"href":"https:\/\/maybommini.vn\/index.php?rest_route=%2Fwp%2Fv2%2Fmedia&parent=256152"}],"wp:term":[{"taxonomy":"product_brand","embeddable":true,"href":"https:\/\/maybommini.vn\/index.php?rest_route=%2Fwp%2Fv2%2Fproduct_brand&post=256152"},{"taxonomy":"product_cat","embeddable":true,"href":"https:\/\/maybommini.vn\/index.php?rest_route=%2Fwp%2Fv2%2Fproduct_cat&post=256152"},{"taxonomy":"product_tag","embeddable":true,"href":"https:\/\/maybommini.vn\/index.php?rest_route=%2Fwp%2Fv2%2Fproduct_tag&post=256152"}],"curies":[{"name":"wp","href":"https:\/\/api.w.org\/{rel}","templated":true}]}}