{"id":256187,"date":"2018-04-12T19:30:25","date_gmt":"2018-04-12T12:30:25","guid":{"rendered":"https:\/\/maybommini.com\/san-pham\/import-placeholder-for-252483"},"modified":"2025-09-16T21:00:49","modified_gmt":"2025-09-16T14:00:49","slug":"sung-xit-ap-luc-cao-kim-loai-inox-sr-03","status":"publish","type":"product","link":"https:\/\/maybommini.vn\/?product=sung-xit-ap-luc-cao-kim-loai-inox-sr-03","title":{"rendered":"S\u00fang x\u1ecbt \u00e1p l\u1ef1c cao kim lo\u1ea1i Inox SR-03"},"content":{"rendered":"<p><strong>V\u1edbi thi\u1ebft k\u1ebf lo\u1ea1i s\u00fang x\u1ecbt r\u1eeda xe d\u00f9ng cho c\u00e1c lo\u1ea1i m\u00e1y b\u01a1m \u00e1p l\u1ef1c cao \u0111\u1ec3 r\u1eeda xe r\u1eeda,v\u1ec7 sinh nh\u00e0 c\u1eeda r\u1ea5t th\u00edch h\u1ee3p. V\u1edbi v\u00f2i x\u1ecbt m\u1ecf v\u1ecbt ng\u1eafn r\u1ea5t ti\u1ec7n d\u1ee5ng v\u00e0 \u0111i\u1ec1u ch\u1ec9nh tia t\u1eeb phun d\u1ea1ng h\u00ecnh qu\u1ea1t \u0111\u1ebfn 1 tia.\u00a0<\/strong><\/p>\n<p><a href=\"https:\/\/maybommini.com\/wp-content\/uploads\/2018\/04\/sung-xit-phun-suong-tuoi-cay-1.jpg\" target=\"_blank\" rel=\"noopener\"><img decoding=\"async\" class=\"size-full wp-image-258605 aligncenter\" src=\"https:\/\/maybommini.com\/wp-content\/uploads\/2018\/04\/sung-xit-phun-suong-tuoi-cay-1.jpg\" alt=\"Sung Xit Phun Suong Tuoi Cay\" width=\"550\" height=\"550\" srcset=\"https:\/\/maybommini.vn\/wp-content\/uploads\/2018\/04\/sung-xit-phun-suong-tuoi-cay-1.jpg 550w, https:\/\/maybommini.vn\/wp-content\/uploads\/2018\/04\/sung-xit-phun-suong-tuoi-cay-1-300x300.jpg 300w, https:\/\/maybommini.vn\/wp-content\/uploads\/2018\/04\/sung-xit-phun-suong-tuoi-cay-1-150x150.jpg 150w\" sizes=\"(max-width: 550px) 100vw, 550px\" \/><\/a><\/p>\n<p><strong>Thi\u1ebft k\u1ebf s\u00fang x\u1ecbt \u00e1p l\u1ef1c<\/strong><\/p>\n<p>S\u00fang x\u1ecbt r\u1eeda xe \u00e1p l\u1ef1c c\u00f3 thi\u1ebft k\u1ebf v\u1eefng ch\u1eafc v\u1eeba c\u1ea7m tay ng\u01b0\u1eddi d\u00f9ng, r\u1ea5t b\u1ec1n khi s\u1eed d\u1ee5ng.<br \/>\nRen n\u1ed1i \u1ed1ng: Ren trong 13mm<br \/>\nCh\u1ea5t li\u1ec7u: Kim lo\u1ea1i v\u00e0 nh\u1ef1a<br \/>\nCh\u1ec9nh tia: tr\u00f2n<br \/>\nS\u1eed d\u1ee5ng: M\u00e1y x\u1ecbt \u00e1p l\u1ef1c cao, m\u00e1y b\u01a1m \u00e1p l\u1ef1c mini<\/p>\n<p><a href=\"http:\/\/maybommini.com\/wp-content\/uploads\/2016\/06\/dau-bec-sung-xit.jpg\" rel=\"attachment wp-att-245292 noopener\" target=\"_blank\"><img decoding=\"async\" class=\"size-full wp-image-245292 aligncenter\" src=\"http:\/\/maybommini.com\/wp-content\/uploads\/2016\/06\/dau-bec-sung-xit.jpg\" alt=\"dau-bec-sung-xit\" width=\"800\" height=\"450\" srcset=\"https:\/\/maybommini.vn\/wp-content\/uploads\/2016\/06\/dau-bec-sung-xit.jpg 800w, https:\/\/maybommini.vn\/wp-content\/uploads\/2016\/06\/dau-bec-sung-xit-600x338.jpg 600w, https:\/\/maybommini.vn\/wp-content\/uploads\/2016\/06\/dau-bec-sung-xit-300x169.jpg 300w, https:\/\/maybommini.vn\/wp-content\/uploads\/2016\/06\/dau-bec-sung-xit-768x432.jpg 768w\" sizes=\"(max-width: 800px) 100vw, 800px\" \/><\/a><\/p>\n<p>\u0110\u00e2y l\u00e0 lo\u1ea1i s\u00fang x\u1ecbt ch\u1ecbu \u0111\u01b0\u1ee3c \u00e1p l\u1ef1c n\u01b0\u1edbc r\u1ea5t l\u1edbn m\u00e0 kh\u00f4ng b\u1ecb x\u00ec n\u01b0\u1edbc ra ngo\u00e0i.<\/p>\n<p>&nbsp;<\/p>\n<p>S\u00fang x\u1ecbt r\u1eeda xe n\u00e0y c\u00f3 th\u1ec3 \u0111\u1ec1u ch\u1ec9nh \u0111\u01b0\u1ee3c tia n\u01b0\u1edbc theo \u00fd mu\u1ed1n. Tu\u1ef3 theo nhu c\u1ea7u s\u1eed d\u1ee5ng t\u1eeb tia nh\u1ecf \u0111\u1ebfn tia ki\u1ec1u phun s\u01b0\u01a1ng r\u1ea5t t\u1ed1t.<\/p>\n<p>&nbsp;<\/p>\n<p>S\u1ea3n ph\u1ea9m \u0111\u01b0\u1ee3c nh\u1eadp kh\u1ea9u tr\u1ef1c ti\u1ebfp c\u1ee7a \u0110\u00e0i Loan s\u1ea3n xu\u1ea5t.<\/p>\n<p><a href=\"http:\/\/maybommini.com\/wp-content\/uploads\/2016\/06\/sung-xit-cap-cap-mini.jpg\" rel=\"attachment wp-att-245295 noopener\" target=\"_blank\"><img decoding=\"async\" class=\"size-full wp-image-245295 aligncenter\" src=\"http:\/\/maybommini.com\/wp-content\/uploads\/2016\/06\/sung-xit-cap-cap-mini.jpg\" alt=\"sung-xit-cap-cap-mini\" width=\"800\" height=\"475\" srcset=\"https:\/\/maybommini.vn\/wp-content\/uploads\/2016\/06\/sung-xit-cap-cap-mini.jpg 800w, https:\/\/maybommini.vn\/wp-content\/uploads\/2016\/06\/sung-xit-cap-cap-mini-600x356.jpg 600w, https:\/\/maybommini.vn\/wp-content\/uploads\/2016\/06\/sung-xit-cap-cap-mini-300x178.jpg 300w, https:\/\/maybommini.vn\/wp-content\/uploads\/2016\/06\/sung-xit-cap-cap-mini-768x456.jpg 768w\" sizes=\"(max-width: 800px) 100vw, 800px\" \/><\/a><\/p>\n<h2><strong>B\u1ea3o h\u00e0nh s\u00fang x\u1ecbt r\u1eeda \u00e1p l\u1ef1c<\/strong><\/h2>\n<p>S\u1ea3n ph\u1ea9m \u0111\u01b0\u1ee3c b\u1ea3o h\u00e0nh 3 th\u00e1ng. T\u1ea5t c\u1ea3 c\u00e1c s\u00fang x\u1ecbt \u0111\u01b0\u1ee3c \u0111\u1ed5i m\u1edbi 100% khi c\u00f3 s\u1ef1 c\u1ed1 cho kh\u00e1ch h\u00e0ng s\u1eed d\u1ee5ng y\u00ean t\u00e2m l\u00e2u d\u00e0i.<\/p>\n<p><a href=\"https:\/\/maybommini.com\/wp-content\/uploads\/2018\/04\/sung-xit-phun-suong-tuoi-cay-1.jpg\" target=\"_blank\" rel=\"noopener\"><img decoding=\"async\" class=\"size-full wp-image-258605 aligncenter\" src=\"https:\/\/maybommini.com\/wp-content\/uploads\/2018\/04\/sung-xit-phun-suong-tuoi-cay-1.jpg\" alt=\"Sung Xit Phun Suong Tuoi Cay\" width=\"550\" height=\"550\" srcset=\"https:\/\/maybommini.vn\/wp-content\/uploads\/2018\/04\/sung-xit-phun-suong-tuoi-cay-1.jpg 550w, https:\/\/maybommini.vn\/wp-content\/uploads\/2018\/04\/sung-xit-phun-suong-tuoi-cay-1-300x300.jpg 300w, https:\/\/maybommini.vn\/wp-content\/uploads\/2018\/04\/sung-xit-phun-suong-tuoi-cay-1-150x150.jpg 150w\" sizes=\"(max-width: 550px) 100vw, 550px\" \/><\/a><\/p>\n<p>Vui l\u00f2ng li\u1ec7n ch\u00fang t\u00f4i \u0111\u1ec3 c\u00f3 gi\u00e1 t\u1ed1t \u0111\u01b0\u1ee3c b\u1ea3o h\u00e0nh tr\u00e1nh h\u00e0ng gi\u1ea3 h\u00e0ng nh\u00e1y k\u00e9m ch\u1ea5t l\u01b0\u1ee3ng.<\/p>\n<p><strong>T\u01b0 v\u1ea5n mua s\u00fang x\u1ecbt r\u1eeda xe :<\/strong><\/p>\n<p><strong>Hotline:<\/strong> 090 729 4310<br \/>\n<strong>Yahoo:<\/strong> dc_nhut2005<br \/>\n<strong>Skype:<\/strong> dochonnhut<br \/>\n<strong>Email:<\/strong> maybommini.com@gmail.com<br \/>\n<strong>Website:<\/strong> <a title=\"maybommini.com\" href=\"http:\/\/maybommini.com\" target=\"_blank\" rel=\"noopener\">http:\/\/maybommini.com<\/a><br \/>\n<strong>Facebook:<\/strong> <a title=\"M\u00e1y b\u01a1m mini\" href=\"https:\/\/www.facebook.com\/maybommini\" target=\"_blank\" rel=\"noopener\">https:\/\/www.facebook.com\/maybommini<\/a><br \/>\n<strong>Google :<\/strong> <a title=\"M\u00e1y b\u01a1m n\u01b0\u1edbc mini r\u1eeda xe\" href=\"https:\/\/plus.google.com\/ Maybomnuocminiruaxe\" target=\"_blank\" rel=\"noopener\">https:\/\/plus.google.com\/ Maybomnuocminiruaxe<\/a><br \/>\n<strong>Video demo:<\/strong> <a title=\"Video demo m\u00e1y b\u01a1m n\u01b0\u1edbc mini\" href=\"https:\/\/www.youtube.com\/bahamasali\u00a0\" target=\"_blank\" rel=\"noopener\">https:\/\/www.youtube.com\/bahamasali\u00a0<\/a><\/p>\n<h3 style=\"text-align: center\">S\u00fang x\u1ecbt \u00e1p l\u1ef1c cao kim lo\u1ea1i Inox SR-03<\/h3>\n","protected":false},"excerpt":{"rendered":"<p>S\u00fang x\u1ecbt ng\u1eafn m\u1ecf v\u1ecbt<br \/>\nH\u00e0ng m\u1edbi 100% nh\u1eadp kh\u1ea9u<br \/>\nRen n\u1ed1i \u1ed1ng: Ren trong 13mm<br \/>\nCh\u1ea5t li\u1ec7u: Kim lo\u1ea1i v\u00e0 nh\u1ef1a<br \/>\nCh\u1ec9nh tia: tr\u00f2n<br \/>\nS\u1eed d\u1ee5ng: M\u00e1y x\u1ecbt \u00e1p l\u1ef1c cao, m\u00e1y b\u01a1m \u00e1p l\u1ef1c mini<br \/>\n<strong>Ship h\u00e0ng \u0111i to\u00e0n qu\u1ed1c<\/strong><br \/>\n<strong>G\u1ecdi : 090 729 4310<\/strong><\/p>\n","protected":false},"featured_media":258605,"comment_status":"open","ping_status":"closed","template":"","meta":[],"product_brand":[],"product_cat":[216],"product_tag":[251,724,725,726,252,210,217,729,728,727,253,254,255,256],"class_list":{"0":"post-256187","1":"product","2":"type-product","3":"status-publish","4":"has-post-thumbnail","6":"product_cat-sung-phun-xit-ap-luc-cao","7":"product_tag-ap-luc","8":"product_tag-mo-vit","9":"product_tag-mo-vit-dai","10":"product_tag-mo-vit-ngan","11":"product_tag-mua-sung-xit","12":"product_tag-rua-xe","13":"product_tag-sung-ap-luc","14":"product_tag-sung-inox","15":"product_tag-sung-kim-loai","16":"product_tag-sung-ngan","17":"product_tag-sung-xit","18":"product_tag-sung-xit-rua-xe-ap-luc","19":"product_tag-sung-xit-rua-xe-may-lanh","20":"product_tag-thiet-bi-rua-xe","22":"first","23":"instock","24":"sale","25":"featured","26":"shipping-taxable","27":"purchasable","28":"product-type-simple"},"_links":{"self":[{"href":"https:\/\/maybommini.vn\/index.php?rest_route=\/wp\/v2\/product\/256187","targetHints":{"allow":["GET"]}}],"collection":[{"href":"https:\/\/maybommini.vn\/index.php?rest_route=\/wp\/v2\/product"}],"about":[{"href":"https:\/\/maybommini.vn\/index.php?rest_route=\/wp\/v2\/types\/product"}],"replies":[{"embeddable":true,"href":"https:\/\/maybommini.vn\/index.php?rest_route=%2Fwp%2Fv2%2Fcomments&post=256187"}],"wp:featuredmedia":[{"embeddable":true,"href":"https:\/\/maybommini.vn\/index.php?rest_route=\/wp\/v2\/media\/258605"}],"wp:attachment":[{"href":"https:\/\/maybommini.vn\/index.php?rest_route=%2Fwp%2Fv2%2Fmedia&parent=256187"}],"wp:term":[{"taxonomy":"product_brand","embeddable":true,"href":"https:\/\/maybommini.vn\/index.php?rest_route=%2Fwp%2Fv2%2Fproduct_brand&post=256187"},{"taxonomy":"product_cat","embeddable":true,"href":"https:\/\/maybommini.vn\/index.php?rest_route=%2Fwp%2Fv2%2Fproduct_cat&post=256187"},{"taxonomy":"product_tag","embeddable":true,"href":"https:\/\/maybommini.vn\/index.php?rest_route=%2Fwp%2Fv2%2Fproduct_tag&post=256187"}],"curies":[{"name":"wp","href":"https:\/\/api.w.org\/{rel}","templated":true}]}}