{"id":256225,"date":"2018-04-12T19:30:48","date_gmt":"2018-04-12T12:30:48","guid":{"rendered":"https:\/\/maybommini.com\/san-pham\/import-placeholder-for-252511"},"modified":"2019-09-05T10:40:56","modified_gmt":"2019-09-05T03:40:56","slug":"pv-6-aks-co-noi-nhanh-6mm","status":"publish","type":"product","link":"https:\/\/maybommini.vn\/?product=pv-6-aks-co-noi-nhanh-6mm","title":{"rendered":"N\u1ed1i nhanh \u1ed1ng n\u01b0\u1edbc kh\u00ed n\u00e9n AKS PV-06 6mm"},"content":{"rendered":"<h3><em><strong>N\u1ed1i nhanh \u1ed1ng n\u01b0\u1edbc kh\u00ed n\u00e9n AKS PV-06 6mm l\u00e0 co n\u1ed1i nhanh th\u01b0\u1eddng d\u00f9ng trong c\u00e1c thi\u1ebft b\u1ecb kh\u00ed n\u00e9n, \u1ed1ng n\u01b0\u1edbc\u00a0\u00e1p l\u1ef1c. C\u00f3 ch\u1ee9c n\u0103ng n\u1ed1i\u00a0\u1ed1ng ki\u1ec3u g\u00e0i nhanh \u1ed1ng c\u00f3 \u0111\u01b0\u1eddng k\u00ednh ngo\u00e0i 6mm.<\/strong><\/em><\/h3>\n<p><a href=\"https:\/\/maybommini.com\/wp-content\/uploads\/2018\/04\/AKS-PV-06.jpg\" target=\"_blank\" rel=\"noopener\"><img decoding=\"async\" class=\"size-full wp-image-263375 aligncenter\" src=\"https:\/\/maybommini.com\/wp-content\/uploads\/2018\/04\/AKS-PV-06.jpg\" alt=\"AKS PV 06\" width=\"750\" height=\"750\" srcset=\"https:\/\/maybommini.vn\/wp-content\/uploads\/2018\/04\/AKS-PV-06.jpg 750w, https:\/\/maybommini.vn\/wp-content\/uploads\/2018\/04\/AKS-PV-06-300x300.jpg 300w, https:\/\/maybommini.vn\/wp-content\/uploads\/2018\/04\/AKS-PV-06-150x150.jpg 150w, https:\/\/maybommini.vn\/wp-content\/uploads\/2018\/04\/AKS-PV-06-600x600.jpg 600w\" sizes=\"(max-width: 750px) 100vw, 750px\" \/><\/a><\/p>\n<p><a href=\"https:\/\/maybommini.com\/wp-content\/uploads\/2018\/04\/Co-noi-nhanh-AKS-PV-06-6mnm.jpg\" target=\"_blank\" rel=\"noopener\"><img decoding=\"async\" class=\"size-full wp-image-263352 aligncenter\" src=\"https:\/\/maybommini.com\/wp-content\/uploads\/2018\/04\/Co-noi-nhanh-AKS-PV-06-6mnm.jpg\" alt=\"Co Noi Nhanh AKS PV 06 6mnm\" width=\"750\" height=\"750\" srcset=\"https:\/\/maybommini.vn\/wp-content\/uploads\/2018\/04\/Co-noi-nhanh-AKS-PV-06-6mnm.jpg 750w, https:\/\/maybommini.vn\/wp-content\/uploads\/2018\/04\/Co-noi-nhanh-AKS-PV-06-6mnm-300x300.jpg 300w, https:\/\/maybommini.vn\/wp-content\/uploads\/2018\/04\/Co-noi-nhanh-AKS-PV-06-6mnm-150x150.jpg 150w, https:\/\/maybommini.vn\/wp-content\/uploads\/2018\/04\/Co-noi-nhanh-AKS-PV-06-6mnm-600x600.jpg 600w\" sizes=\"(max-width: 750px) 100vw, 750px\" \/><\/a><\/p>\n<p><strong>TH\u00d4NG S\u1ed0 K\u1ef8\u00a0THU\u1eacT<\/strong><br \/>\nTh\u01b0\u01a1ng hi\u1ec7u: AKS<br \/>\nModel: PV-06<br \/>\nLo\u1ea1i \u1ed1ng s\u1eed d\u1ee5ng: 6 mm.<br \/>\n\u00c1p l\u1ef1c: 1 Mpa<br \/>\nNhi\u1ec7t\u00a0\u0111\u1ed9: 0 ~ 60 \u0111\u1ed9 C<br \/>\nLo\u1ea1i kh\u1edbp\u00a0n\u1ed1i nhanh.<br \/>\nCh\u1ea5t li\u1ec7u: Nh\u1ef1a PVC &#8211; Inox<br \/>\nChi\u1ec1u d\u00e0i: 26 mm.<br \/>\nTr\u1ecdng l\u01b0\u1ee3ng: 3.7 gam.<\/p>\n<p><a href=\"https:\/\/maybommini.com\/wp-content\/uploads\/2018\/04\/AKS-PV-chinh-hang.jpg\" target=\"_blank\" rel=\"noopener\"><img decoding=\"async\" class=\"size-full wp-image-263369 aligncenter\" src=\"https:\/\/maybommini.com\/wp-content\/uploads\/2018\/04\/AKS-PV-chinh-hang.jpg\" alt=\"AKS PV Chinh Hang\" width=\"750\" height=\"750\" srcset=\"https:\/\/maybommini.vn\/wp-content\/uploads\/2018\/04\/AKS-PV-chinh-hang.jpg 750w, https:\/\/maybommini.vn\/wp-content\/uploads\/2018\/04\/AKS-PV-chinh-hang-300x300.jpg 300w, https:\/\/maybommini.vn\/wp-content\/uploads\/2018\/04\/AKS-PV-chinh-hang-150x150.jpg 150w, https:\/\/maybommini.vn\/wp-content\/uploads\/2018\/04\/AKS-PV-chinh-hang-600x600.jpg 600w\" sizes=\"(max-width: 750px) 100vw, 750px\" \/><\/a> <a href=\"https:\/\/maybommini.com\/wp-content\/uploads\/2018\/04\/AKS-PV-Plastic-Quick-Connector-Tube-Fitting.jpg\" target=\"_blank\" rel=\"noopener\"><img decoding=\"async\" class=\"size-full wp-image-263370 aligncenter\" src=\"https:\/\/maybommini.com\/wp-content\/uploads\/2018\/04\/AKS-PV-Plastic-Quick-Connector-Tube-Fitting.jpg\" alt=\"AKS PV Plastic Quick Connector Tube Fitting\" width=\"750\" height=\"750\" srcset=\"https:\/\/maybommini.vn\/wp-content\/uploads\/2018\/04\/AKS-PV-Plastic-Quick-Connector-Tube-Fitting.jpg 750w, https:\/\/maybommini.vn\/wp-content\/uploads\/2018\/04\/AKS-PV-Plastic-Quick-Connector-Tube-Fitting-300x300.jpg 300w, https:\/\/maybommini.vn\/wp-content\/uploads\/2018\/04\/AKS-PV-Plastic-Quick-Connector-Tube-Fitting-150x150.jpg 150w, https:\/\/maybommini.vn\/wp-content\/uploads\/2018\/04\/AKS-PV-Plastic-Quick-Connector-Tube-Fitting-600x600.jpg 600w\" sizes=\"(max-width: 750px) 100vw, 750px\" \/><\/a> <a href=\"https:\/\/maybommini.com\/wp-content\/uploads\/2018\/04\/thong-so-ky-thuat-noi-nhanh-AKS-PV.jpg\" target=\"_blank\" rel=\"noopener\"><img decoding=\"async\" class=\"size-full wp-image-263365 aligncenter\" src=\"https:\/\/maybommini.com\/wp-content\/uploads\/2018\/04\/thong-so-ky-thuat-noi-nhanh-AKS-PV.jpg\" alt=\"Thong So Ky Thuat Noi Nhanh AKS PV\" width=\"750\" height=\"750\" srcset=\"https:\/\/maybommini.vn\/wp-content\/uploads\/2018\/04\/thong-so-ky-thuat-noi-nhanh-AKS-PV.jpg 750w, https:\/\/maybommini.vn\/wp-content\/uploads\/2018\/04\/thong-so-ky-thuat-noi-nhanh-AKS-PV-300x300.jpg 300w, https:\/\/maybommini.vn\/wp-content\/uploads\/2018\/04\/thong-so-ky-thuat-noi-nhanh-AKS-PV-150x150.jpg 150w, https:\/\/maybommini.vn\/wp-content\/uploads\/2018\/04\/thong-so-ky-thuat-noi-nhanh-AKS-PV-600x600.jpg 600w\" sizes=\"(max-width: 750px) 100vw, 750px\" \/><\/a> <a href=\"https:\/\/maybommini.com\/wp-content\/uploads\/2018\/04\/ung-dung-co-noi-nhanh-AKS-PV.jpg\" target=\"_blank\" rel=\"noopener\"><img decoding=\"async\" class=\"size-full wp-image-263366 aligncenter\" src=\"https:\/\/maybommini.com\/wp-content\/uploads\/2018\/04\/ung-dung-co-noi-nhanh-AKS-PV.jpg\" alt=\"Ung Dung Co Noi Nhanh AKS PV\" width=\"750\" height=\"750\" srcset=\"https:\/\/maybommini.vn\/wp-content\/uploads\/2018\/04\/ung-dung-co-noi-nhanh-AKS-PV.jpg 750w, https:\/\/maybommini.vn\/wp-content\/uploads\/2018\/04\/ung-dung-co-noi-nhanh-AKS-PV-300x300.jpg 300w, https:\/\/maybommini.vn\/wp-content\/uploads\/2018\/04\/ung-dung-co-noi-nhanh-AKS-PV-150x150.jpg 150w, https:\/\/maybommini.vn\/wp-content\/uploads\/2018\/04\/ung-dung-co-noi-nhanh-AKS-PV-600x600.jpg 600w\" sizes=\"(max-width: 750px) 100vw, 750px\" \/><\/a> <a href=\"https:\/\/maybommini.com\/wp-content\/uploads\/2018\/04\/PV-AKS-gia-tot-chinh-hang.jpg\" target=\"_blank\" rel=\"noopener\"><img decoding=\"async\" class=\"size-full wp-image-263363 aligncenter\" src=\"https:\/\/maybommini.com\/wp-content\/uploads\/2018\/04\/PV-AKS-gia-tot-chinh-hang.jpg\" alt=\"PV AKS Gia Tot Chinh Hang\" width=\"750\" height=\"750\" srcset=\"https:\/\/maybommini.vn\/wp-content\/uploads\/2018\/04\/PV-AKS-gia-tot-chinh-hang.jpg 750w, https:\/\/maybommini.vn\/wp-content\/uploads\/2018\/04\/PV-AKS-gia-tot-chinh-hang-300x300.jpg 300w, https:\/\/maybommini.vn\/wp-content\/uploads\/2018\/04\/PV-AKS-gia-tot-chinh-hang-150x150.jpg 150w, https:\/\/maybommini.vn\/wp-content\/uploads\/2018\/04\/PV-AKS-gia-tot-chinh-hang-600x600.jpg 600w\" sizes=\"(max-width: 750px) 100vw, 750px\" \/><\/a><a href=\"https:\/\/maybommini.com\/wp-content\/uploads\/2018\/04\/noi-ong-co-AKS.jpg\" target=\"_blank\" rel=\"noopener\"><img decoding=\"async\" class=\"size-full wp-image-263360 aligncenter\" src=\"https:\/\/maybommini.com\/wp-content\/uploads\/2018\/04\/noi-ong-co-AKS.jpg\" alt=\"Noi Ong Co AKS\" width=\"750\" height=\"750\" srcset=\"https:\/\/maybommini.vn\/wp-content\/uploads\/2018\/04\/noi-ong-co-AKS.jpg 750w, https:\/\/maybommini.vn\/wp-content\/uploads\/2018\/04\/noi-ong-co-AKS-300x300.jpg 300w, https:\/\/maybommini.vn\/wp-content\/uploads\/2018\/04\/noi-ong-co-AKS-150x150.jpg 150w, https:\/\/maybommini.vn\/wp-content\/uploads\/2018\/04\/noi-ong-co-AKS-600x600.jpg 600w\" sizes=\"(max-width: 750px) 100vw, 750px\" \/><\/a> <a href=\"https:\/\/maybommini.com\/wp-content\/uploads\/2018\/04\/Pneumatic-Connector-AKS.jpg\" target=\"_blank\" rel=\"noopener\"><img decoding=\"async\" class=\"size-full wp-image-263361 aligncenter\" src=\"https:\/\/maybommini.com\/wp-content\/uploads\/2018\/04\/Pneumatic-Connector-AKS.jpg\" alt=\"Pneumatic Connector AKS\" width=\"750\" height=\"750\" srcset=\"https:\/\/maybommini.vn\/wp-content\/uploads\/2018\/04\/Pneumatic-Connector-AKS.jpg 750w, https:\/\/maybommini.vn\/wp-content\/uploads\/2018\/04\/Pneumatic-Connector-AKS-300x300.jpg 300w, https:\/\/maybommini.vn\/wp-content\/uploads\/2018\/04\/Pneumatic-Connector-AKS-150x150.jpg 150w, https:\/\/maybommini.vn\/wp-content\/uploads\/2018\/04\/Pneumatic-Connector-AKS-600x600.jpg 600w\" sizes=\"(max-width: 750px) 100vw, 750px\" \/><\/a><\/p>\n<p><strong>C\u00c1CH S\u1eec D\u1ee4NG N\u1ed0I NHANH \u1ed0NG H\u01a0I KH\u00cd N\u00c9N \u1ed0NG N\u01af\u1edaC AKS<\/strong><br \/>\n\u0110\u1ec3 d\u1ee5ng c\u00e1c lo\u1ea1i \u0111\u1ea7u n\u1ed1i anh \u1ed1ng h\u01a1i \u1ed1ng n\u01b0\u1edbc B\u1ea1n ch\u1ec9 vi\u1ec7c s\u1eed d\u1ee5ng \u0111\u00fang lo\u1ea1i \u1ed1ng c\u00f3 k\u1ecbch th\u01b0\u1edbc \u0111\u01b0\u1eddng k\u00ednh b\u1eb1ng c\u00e1c \u0111\u1ea7u n\u1ed1i.<br \/>\nB\u1ea1n ch\u1ec9 vi\u1ec7c \u0111\u01b0a \u0111\u1ea7u \u1ed1ng v\u00e0o \u0111\u1ea7u n\u1ed1i th\u1eadt s\u00e2u l\u00e0 \u0111\u01b0\u1ee3c.<br \/>\nKhi mu\u1ed1n th\u00e1o \u1ed1ng ra B\u1ea1n ch\u1ec9 vi\u1ec7c nh\u1ea5n vi\u1ec1n m\u00e0y xanh l\u00e0 c\u00f3 th\u1ec3 th\u00e1o \u1ed1ng ra.<\/p>\n<p><a href=\"https:\/\/maybommini.com\/wp-content\/uploads\/2018\/04\/cach-su-dung-dau-noi-nhanh-khi-nen-ong-nuoc-AKS.jpg\" target=\"_blank\" rel=\"noopener\"><img decoding=\"async\" class=\"size-full wp-image-263347 aligncenter\" src=\"https:\/\/maybommini.com\/wp-content\/uploads\/2018\/04\/cach-su-dung-dau-noi-nhanh-khi-nen-ong-nuoc-AKS.jpg\" alt=\"Cach Su Dung Dau Noi Nhanh Khi Nen Ong Nuoc AKS\" width=\"750\" height=\"750\" srcset=\"https:\/\/maybommini.vn\/wp-content\/uploads\/2018\/04\/cach-su-dung-dau-noi-nhanh-khi-nen-ong-nuoc-AKS.jpg 750w, https:\/\/maybommini.vn\/wp-content\/uploads\/2018\/04\/cach-su-dung-dau-noi-nhanh-khi-nen-ong-nuoc-AKS-300x300.jpg 300w, https:\/\/maybommini.vn\/wp-content\/uploads\/2018\/04\/cach-su-dung-dau-noi-nhanh-khi-nen-ong-nuoc-AKS-150x150.jpg 150w, https:\/\/maybommini.vn\/wp-content\/uploads\/2018\/04\/cach-su-dung-dau-noi-nhanh-khi-nen-ong-nuoc-AKS-600x600.jpg 600w\" sizes=\"(max-width: 750px) 100vw, 750px\" \/><\/a> <a href=\"https:\/\/maybommini.com\/wp-content\/uploads\/2018\/04\/chi-tiet-noi-nhanh-AKS-PV.jpg\" target=\"_blank\" rel=\"noopener\"><img decoding=\"async\" class=\"size-full wp-image-263348 aligncenter\" src=\"https:\/\/maybommini.com\/wp-content\/uploads\/2018\/04\/chi-tiet-noi-nhanh-AKS-PV.jpg\" alt=\"Chi Tiet Noi Nhanh AKS PV\" width=\"750\" height=\"750\" srcset=\"https:\/\/maybommini.vn\/wp-content\/uploads\/2018\/04\/chi-tiet-noi-nhanh-AKS-PV.jpg 750w, https:\/\/maybommini.vn\/wp-content\/uploads\/2018\/04\/chi-tiet-noi-nhanh-AKS-PV-300x300.jpg 300w, https:\/\/maybommini.vn\/wp-content\/uploads\/2018\/04\/chi-tiet-noi-nhanh-AKS-PV-150x150.jpg 150w, https:\/\/maybommini.vn\/wp-content\/uploads\/2018\/04\/chi-tiet-noi-nhanh-AKS-PV-600x600.jpg 600w\" sizes=\"(max-width: 750px) 100vw, 750px\" \/><\/a><\/p>\n<p><strong>\u1ee8NG D\u1ee4NG N\u1ed0I NHANH \u1ed0NG N\u01af\u1edaC KH\u00cd N\u00c9N AKS<\/strong><br \/>\n&#8211; D\u00f9ng cho c\u00e1c thi\u1ebft b\u1ecb kh\u00ed n\u00e9n.<br \/>\n&#8211; D\u00f9ng cho c\u00e1c thi\u1ebft b\u1ecb h\u1ec7 th\u1ed1ng t\u1ef1 \u0111\u1ed9ng.<br \/>\n&#8211; S\u1eed d\u1ee5ng trong h\u1ec7 th\u1ed1ng b\u01a1m n\u01b0\u1edbc.<br \/>\n&#8211; S\u1eed d\u1ee5ng h\u1ec7 th\u1ed1ng phun s\u01b0\u01a1ng l\u00e0m m\u00e1t.<br \/>\n&#8211; S\u1eed d\u1ee5ng m\u00e1y b\u01a1m n\u01b0\u1edbc mini.<br \/>\n&#8211; S\u1eed d\u1ee5ng m\u00e1y b\u01a1m n\u01b0\u1edbc t\u01b0\u1edbi.<br \/>\nS\u1eed d\u1ee5ng cho c\u00e1c thi\u1ebft b\u1ecb h\u1ec7 th\u1ed1ng t\u1ef1 \u0111\u1ed9ng, m\u00e1y b\u01a1m n\u01b0\u1edbc, m\u00e1y b\u01a1m \u00e1p l\u1ef1c, h\u1ec7 th\u1ed1ng phun s\u01b0\u01a1ng l\u00e0 m\u00e1t s\u1eed d\u1ee5ng n\u1ed1i nhanh r\u1ea5t ph\u1ed5 bi\u1ebfn. V\u00ec t\u00ednh ti\u1ec7n l\u1ee3i v\u00e0 ch\u1ecbu \u0111\u01b0\u1ee3c \u00e1p l\u1ef1c cao, th\u00e1o l\u1eafp nhanh d\u1ec3 d\u00e0ng r\u1ea5t hi\u1ec7u qu\u1ea3 l\u00e2u d\u00e0i.<\/p>\n<p><a href=\"https:\/\/maybommini.com\/wp-content\/uploads\/2018\/04\/Co-noi-AKS-PV.jpg\" target=\"_blank\" rel=\"noopener\"><img decoding=\"async\" class=\"size-full wp-image-263350 aligncenter\" src=\"https:\/\/maybommini.com\/wp-content\/uploads\/2018\/04\/Co-noi-AKS-PV.jpg\" alt=\"Co Noi AKS PV\" width=\"750\" height=\"750\" srcset=\"https:\/\/maybommini.vn\/wp-content\/uploads\/2018\/04\/Co-noi-AKS-PV.jpg 750w, https:\/\/maybommini.vn\/wp-content\/uploads\/2018\/04\/Co-noi-AKS-PV-300x300.jpg 300w, https:\/\/maybommini.vn\/wp-content\/uploads\/2018\/04\/Co-noi-AKS-PV-150x150.jpg 150w, https:\/\/maybommini.vn\/wp-content\/uploads\/2018\/04\/Co-noi-AKS-PV-600x600.jpg 600w\" sizes=\"(max-width: 750px) 100vw, 750px\" \/><\/a> <a href=\"https:\/\/maybommini.com\/wp-content\/uploads\/2018\/04\/su-dung-noi-nhanh-AKS-PV.jpg\" target=\"_blank\" rel=\"noopener\"><img decoding=\"async\" class=\"size-full wp-image-263364 aligncenter\" src=\"https:\/\/maybommini.com\/wp-content\/uploads\/2018\/04\/su-dung-noi-nhanh-AKS-PV.jpg\" alt=\"Su Dung Noi Nhanh AKS PV\" width=\"750\" height=\"750\" srcset=\"https:\/\/maybommini.vn\/wp-content\/uploads\/2018\/04\/su-dung-noi-nhanh-AKS-PV.jpg 750w, https:\/\/maybommini.vn\/wp-content\/uploads\/2018\/04\/su-dung-noi-nhanh-AKS-PV-300x300.jpg 300w, https:\/\/maybommini.vn\/wp-content\/uploads\/2018\/04\/su-dung-noi-nhanh-AKS-PV-150x150.jpg 150w, https:\/\/maybommini.vn\/wp-content\/uploads\/2018\/04\/su-dung-noi-nhanh-AKS-PV-600x600.jpg 600w\" sizes=\"(max-width: 750px) 100vw, 750px\" \/><\/a><\/p>\n<p><a href=\"https:\/\/maybommini.com\/wp-content\/uploads\/2018\/04\/AKS-PV-Plastic-Quick-Connector-Tube-Fitting.jpg\" target=\"_blank\" rel=\"noopener\"><img decoding=\"async\" class=\"size-full wp-image-263370 aligncenter\" src=\"https:\/\/maybommini.com\/wp-content\/uploads\/2018\/04\/AKS-PV-Plastic-Quick-Connector-Tube-Fitting.jpg\" alt=\"AKS PV Plastic Quick Connector Tube Fitting\" width=\"750\" height=\"750\" srcset=\"https:\/\/maybommini.vn\/wp-content\/uploads\/2018\/04\/AKS-PV-Plastic-Quick-Connector-Tube-Fitting.jpg 750w, https:\/\/maybommini.vn\/wp-content\/uploads\/2018\/04\/AKS-PV-Plastic-Quick-Connector-Tube-Fitting-300x300.jpg 300w, https:\/\/maybommini.vn\/wp-content\/uploads\/2018\/04\/AKS-PV-Plastic-Quick-Connector-Tube-Fitting-150x150.jpg 150w, https:\/\/maybommini.vn\/wp-content\/uploads\/2018\/04\/AKS-PV-Plastic-Quick-Connector-Tube-Fitting-600x600.jpg 600w\" sizes=\"(max-width: 750px) 100vw, 750px\" \/><\/a><\/p>\n<p><strong>NH\u00c0 CUNG C\u1ea4P THI\u1ebeT B\u1eca KH\u00cd N\u00c9N \u1ed0NG N\u01af\u1edaC AKS<br \/>\n<\/strong><a href=\"https:\/\/maybommini.com\/\" target=\"_blank\" rel=\"noopener\"><strong>M\u00e1y B\u01a1m Mini MBM<\/strong><\/a>\u00a0chuy\u00ean b\u00e1n c\u00e1c lo\u1ea1i m\u00e1y b\u01a1m\u00a0\u00e1p l\u1ef1c mini,\u00a0<a href=\"https:\/\/maybommini.com\/danh-muc\/he-thong-phun-suong\" target=\"_blank\" rel=\"noopener\">m\u00e1y phun s\u01b0\u01a1ng<\/a>,\u00a0<a href=\"https:\/\/maybommini.com\/danh-muc\/may-bom-chim\" target=\"_blank\" rel=\"noopener\">m\u00e1y b\u01a1m ch\u00ecm<\/a>,\u00a0<a href=\"https:\/\/maybommini.com\/danh-muc\/may-bom-hoa-chat\" target=\"_blank\" rel=\"noopener\">m\u00e1y b\u01a1m ho\u00e1 ch\u1ea5t<\/a>, m\u00e1y b\u01a1m RO, m\u00e1y b\u01a1m m\u00e0ng, m\u00e1y b\u01a1m\u00a0\u00e1p l\u1ef1c cao v\u00e0 thi\u1ebft b\u1ecb\u00a0\u0111i\u1ec7n t\u1eed \u2026<br \/>\nM\u1ecdi chi ti\u1ebft vui l\u00f2ng li\u00ean h\u1ec7 tr\u1ef1c ti\u1ebfp cho ch\u00fang t\u00f4i \u0111\u1ec3 \u0111\u01b0\u1ee3c t\u01b0 v\u1ea5n theo nhu c\u1ea7u \u0111\u1ec3 c\u00f3 \u0111\u01b0\u1ee3c b\u1ed9 s\u1ea3n ph\u1ea9m t\u1ed1t nh\u1ea5t v\u00e0 ti\u1ebft ki\u1ec7m.<br \/>\nB\u1ea1n \u1edf xa v\u1eabn c\u00f3 th\u1ec3 mua h\u00e0ng v\u00e0 giao to\u00e0n qu\u1ed1c.<br \/>\n<strong>CTY TNHH TH\u01af\u01a0NG M\u1ea0I D\u1ecaCH V\u1ee4 \u0110I\u1ec6N M\u00c1Y TH\u00d4NG MINH<\/strong><br \/>\n<strong>Website<\/strong>:\u00a0<a href=\"https:\/\/maybommini.com\/\" target=\"_blank\" rel=\"noopener\">https:\/\/maybommini.com<\/a><br \/>\n<strong>Email:<\/strong>\u00a0maybommini.com@gmail.com<br \/>\n<strong>Tel Zalo:<\/strong>\u00a002873030399 &#8211; 0907294310<\/p>\n<p><a href=\"https:\/\/maybommini.com\/wp-content\/uploads\/2018\/04\/nha-cung-cung-dau-noi-nhanh-khi-nen-ong-hoi.jpg\" target=\"_blank\" rel=\"noopener\"><img decoding=\"async\" class=\"size-full wp-image-263357 aligncenter\" src=\"https:\/\/maybommini.com\/wp-content\/uploads\/2018\/04\/nha-cung-cung-dau-noi-nhanh-khi-nen-ong-hoi.jpg\" alt=\"Nha Cung Cung Dau Noi Nhanh Khi Nen Ong Hoi\" width=\"750\" height=\"750\" srcset=\"https:\/\/maybommini.vn\/wp-content\/uploads\/2018\/04\/nha-cung-cung-dau-noi-nhanh-khi-nen-ong-hoi.jpg 750w, https:\/\/maybommini.vn\/wp-content\/uploads\/2018\/04\/nha-cung-cung-dau-noi-nhanh-khi-nen-ong-hoi-300x300.jpg 300w, https:\/\/maybommini.vn\/wp-content\/uploads\/2018\/04\/nha-cung-cung-dau-noi-nhanh-khi-nen-ong-hoi-150x150.jpg 150w, https:\/\/maybommini.vn\/wp-content\/uploads\/2018\/04\/nha-cung-cung-dau-noi-nhanh-khi-nen-ong-hoi-600x600.jpg 600w\" sizes=\"(max-width: 750px) 100vw, 750px\" \/><\/a><\/p>\n<h3 style=\"text-align: center;\"><strong>N\u1ed1i nhanh \u1ed1ng n\u01b0\u1edbc kh\u00ed n\u00e9n AKS PV-04 4mm<\/strong><br \/>\n<a href=\"https:\/\/maybommini.com\/san-pham\/pv-6-aks-co-noi-nhanh-6mm\" target=\"_blank\" rel=\"noopener\"><strong>N\u1ed1i nhanh \u1ed1ng n\u01b0\u1edbc kh\u00ed n\u00e9n AKS PV-06 6mm<\/strong><\/a><br \/>\n<a href=\"https:\/\/maybommini.com\/san-pham\/pv-8-aks-co-noi-nhanh-8mm\" target=\"_blank\" rel=\"noopener\"><strong>N\u1ed1i nhanh \u1ed1ng n\u01b0\u1edbc kh\u00ed n\u00e9n AKS PV-08 8mm<\/strong><\/a><br \/>\n<a href=\"https:\/\/maybommini.com\/san-pham\/pv-10-aks-co-noi-nhanh-10mm\" target=\"_blank\" rel=\"noopener\"><strong>N\u1ed1i nhanh \u1ed1ng n\u01b0\u1edbc kh\u00ed n\u00e9n AKS PV-10 10mm<\/strong><\/a><br \/>\n<a href=\"https:\/\/maybommini.com\/san-pham\/pv-12-aks-co-noi-nhanh-12mm\" target=\"_blank\" rel=\"noopener\"><strong>N\u1ed1i nhanh \u1ed1ng n\u01b0\u1edbc kh\u00ed n\u00e9n AKS PV-12 12mm<\/strong><\/a><br \/>\n<strong>N\u1ed1i nhanh \u1ed1ng n\u01b0\u1edbc kh\u00ed n\u00e9n AKS PV-16 16mm<\/strong><\/h3>\n<p><a href=\"https:\/\/maybommini.com\/wp-content\/uploads\/2018\/04\/PV-AKS-air.jpg\" target=\"_blank\" rel=\"noopener\"><img decoding=\"async\" class=\"size-full wp-image-263362 aligncenter\" src=\"https:\/\/maybommini.com\/wp-content\/uploads\/2018\/04\/PV-AKS-air.jpg\" alt=\"PV AKS Air\" width=\"750\" height=\"750\" srcset=\"https:\/\/maybommini.vn\/wp-content\/uploads\/2018\/04\/PV-AKS-air.jpg 750w, https:\/\/maybommini.vn\/wp-content\/uploads\/2018\/04\/PV-AKS-air-300x300.jpg 300w, https:\/\/maybommini.vn\/wp-content\/uploads\/2018\/04\/PV-AKS-air-150x150.jpg 150w, https:\/\/maybommini.vn\/wp-content\/uploads\/2018\/04\/PV-AKS-air-600x600.jpg 600w\" sizes=\"(max-width: 750px) 100vw, 750px\" \/><\/a><\/p>\n<h3><strong>PV 6 AKS co n\u1ed1i nhanh l\u00e0 lo\u1ea1i n\u1ed1i nhanh th\u01b0\u1eddng d\u00f9ng trong c\u00e1c thi\u1ebft b\u1ecb s\u1eed d\u1ee5ng h\u01a1i v\u00e0 b\u01a1m n\u01b0\u1edbc\u00a0\u00e1p l\u1ef1c cao. C\u00f3 ch\u1ee9c n\u0103ng n\u1ed1i\u00a0\u1ed1ng nhanh c\u00e1c lo\u1ea1i\u00a0\u1ed1ng c\u00f3 phi 6mm.<\/strong><\/h3>\n<p><a href=\"http:\/\/maybommini.com\/wp-content\/uploads\/2016\/06\/co-noi-nhanh.jpg\" rel=\"attachment wp-att-245310 noopener\" target=\"_blank\"><img decoding=\"async\" class=\"size-full wp-image-245310 aligncenter\" src=\"http:\/\/maybommini.com\/wp-content\/uploads\/2016\/06\/co-noi-nhanh.jpg\" alt=\"co-noi-nhanh\" width=\"750\" height=\"750\" srcset=\"https:\/\/maybommini.vn\/wp-content\/uploads\/2016\/06\/co-noi-nhanh.jpg 750w, https:\/\/maybommini.vn\/wp-content\/uploads\/2016\/06\/co-noi-nhanh-300x300.jpg 300w, https:\/\/maybommini.vn\/wp-content\/uploads\/2016\/06\/co-noi-nhanh-600x600.jpg 600w, https:\/\/maybommini.vn\/wp-content\/uploads\/2016\/06\/co-noi-nhanh-150x150.jpg 150w\" sizes=\"(max-width: 750px) 100vw, 750px\" \/><\/a><\/p>\n<h3><strong>TH\u00d4NG S\u1ed0 K\u1ef8\u00a0THU\u1eacT PV-12 AKS<\/strong><br \/>\nM\u00e3 : PV-06<br \/>\n\u1ed0ng : 6mm<br \/>\n\u00c1p l\u1ef1c: 1 Mpa<br \/>\nNhi\u1ec7t\u00a0\u0111\u1ed9: 0-60\u00a0\u0111\u1ed9 C<br \/>\nLo\u1ea1i kh\u1edbp\u00a0n\u1ed1i nhanh cao c\u1ea5p<br \/>\nCh\u1ea5t li\u1ec7u : Nh\u1ef1a<br \/>\nNh\u00e0 s\u1ea3n xu\u1ea5t: AKS<\/h3>\n<p><a href=\"http:\/\/maybommini.com\/wp-content\/uploads\/2016\/06\/noi-anh-khi-nen-12mm.jpg\" rel=\"attachment wp-att-245312 noopener\" target=\"_blank\"><img decoding=\"async\" class=\"size-full wp-image-245312 aligncenter\" src=\"http:\/\/maybommini.com\/wp-content\/uploads\/2016\/06\/noi-anh-khi-nen-12mm.jpg\" alt=\"noi-anh-khi-nen-12mm\" width=\"750\" height=\"750\" srcset=\"https:\/\/maybommini.vn\/wp-content\/uploads\/2016\/06\/noi-anh-khi-nen-12mm.jpg 750w, https:\/\/maybommini.vn\/wp-content\/uploads\/2016\/06\/noi-anh-khi-nen-12mm-300x300.jpg 300w, https:\/\/maybommini.vn\/wp-content\/uploads\/2016\/06\/noi-anh-khi-nen-12mm-600x600.jpg 600w, https:\/\/maybommini.vn\/wp-content\/uploads\/2016\/06\/noi-anh-khi-nen-12mm-150x150.jpg 150w\" sizes=\"(max-width: 750px) 100vw, 750px\" \/><\/a><\/p>\n<p><strong>\u1ee8NG D\u1ee4NG N\u1ed0I NHANH AKS<\/strong><br \/>\n&#8211; D\u00f9ng cho c\u00e1c thi\u1ebft b\u1ecb kh\u00ed n\u00e9n.<br \/>\n&#8211; D\u00f9ng cho c\u00e1c thi\u1ebft b\u1ecb h\u1ec7 th\u1ed1ng t\u1ef1 \u0111\u1ed9ng.<br \/>\n&#8211; S\u1eed d\u1ee5ng trong h\u1ec7 th\u1ed1ng b\u01a1m n\u01b0\u1edbc.<br \/>\n&#8211; S\u1eed d\u1ee5ng h\u1ec7 th\u1ed1ng phun s\u01b0\u01a1ng l\u00e0m m\u00e1t.<br \/>\n&#8211; S\u1eed d\u1ee5ng m\u00e1y b\u01a1m n\u01b0\u1edbc mini.<br \/>\n&#8211; S\u1eed d\u1ee5ng m\u00e1y b\u01a1m n\u01b0\u1edbc t\u01b0\u1edbi.<\/p>\n<p><a href=\"http:\/\/maybommini.com\/wp-content\/uploads\/2016\/02\/co-noi-nhanh-ong-hoi-PE-PU-PV-12-10-8-6.jpg\" rel=\"attachment wp-att-244790 noopener\" target=\"_blank\"><img decoding=\"async\" class=\"size-full wp-image-244790 aligncenter\" src=\"http:\/\/maybommini.com\/wp-content\/uploads\/2016\/02\/co-noi-nhanh-ong-hoi-PE-PU-PV-12-10-8-6.jpg\" alt=\"co-noi-nhanh-ong-hoi-PE-PU-PV-12-10-8-6\" width=\"704\" height=\"892\" srcset=\"https:\/\/maybommini.vn\/wp-content\/uploads\/2016\/02\/co-noi-nhanh-ong-hoi-PE-PU-PV-12-10-8-6.jpg 704w, https:\/\/maybommini.vn\/wp-content\/uploads\/2016\/02\/co-noi-nhanh-ong-hoi-PE-PU-PV-12-10-8-6-600x760.jpg 600w, https:\/\/maybommini.vn\/wp-content\/uploads\/2016\/02\/co-noi-nhanh-ong-hoi-PE-PU-PV-12-10-8-6-237x300.jpg 237w\" sizes=\"(max-width: 704px) 100vw, 704px\" \/><\/a><\/p>\n<p>V\u1edbi c\u00e1c thi\u1ebft b\u1ecb h\u1ec7 th\u1ed1ng t\u1ef1 \u0111\u1ed9ng, m\u00e1y b\u01a1m n\u01b0\u1edbc, m\u00e1y b\u01a1m \u00e1p l\u1ef1c, h\u1ec7 th\u1ed1ng phun s\u01b0\u01a1ng l\u00e0 m\u00e1t s\u1eed d\u1ee5ng n\u1ed1i nhanh r\u1ea5t ph\u1ed5 bi\u1ebfn. V\u00ec t\u00ednh ti\u1ec7n l\u1ee3i v\u00e0 ch\u1ecbu \u0111\u01b0\u1ee3c \u00e1p l\u1ef1c cao, th\u00e1o l\u1eafp nhanh d\u1ec3 d\u00e0ng r\u1ea5t hi\u1ec7u qu\u1ea3 l\u00e2u d\u00e0i.<\/p>\n<h2><strong>MUA N\u1ed0I NHANH AKS PV PU PV\u00a0\u1ede\u00a0\u0110\u00c2U ?\u00a0<\/strong><\/h2>\n<p><strong>CTY TNHH TH\u01af\u01a0NG M\u1ea0I D\u1ecaCH V\u1ee4 \u0110I\u1ec6N M\u00c1Y TH\u00d4NG MINH<\/strong><br \/>\nHotline : 090 729 4310<br \/>\nEmail : maybommini.com@gmail.com<br \/>\nWebsite : http:\/\/maybommini.com<br \/>\nFacebook : <a href=\"https:\/\/www.facebook.com\/maybommini\" target=\"_blank\" rel=\"noopener\">https:\/\/www.facebook.com\/maybommini<\/a><br \/>\nGoogle : <a href=\"https:\/\/plus.google.com\/ Maybomnuocminiruaxe\" target=\"_blank\" rel=\"noopener\">https:\/\/plus.google.com\/ Maybomnuocminiruaxe<\/a><br \/>\nYoutube demo : <a href=\"https:\/\/www.youtube.com\/bahamasali\" target=\"_blank\" rel=\"noopener\">https:\/\/www.youtube.com\/bahamasali<\/a><\/p>\n","protected":false},"excerpt":{"rendered":"<p>Th\u01b0\u01a1ng hi\u1ec7u: AKS<br \/>\nModel: PV-06<br \/>\nLo\u1ea1i \u1ed1ng s\u1eed d\u1ee5ng: 6 mm.<br \/>\n\u00c1p l\u1ef1c: 1 Mpa<br \/>\nNhi\u1ec7t\u00a0\u0111\u1ed9: 0 ~ 60 \u0111\u1ed9 C<br \/>\nLo\u1ea1i kh\u1edbp\u00a0n\u1ed1i nhanh.<br \/>\nCh\u1ea5t li\u1ec7u: Nh\u1ef1a PVC &#8211; Inox<br \/>\nChi\u1ec1u d\u00e0i: 26 mm.<br \/>\nTr\u1ecdng l\u01b0\u1ee3ng: 3.7 gam.<br \/>\n<strong>H\u00f4\u0309 tr\u01a1\u0323 ky\u0303 thu\u00e2\u0323t vi\u0303nh vi\u00ea\u0303n.<\/strong><br \/>\n<strong>Ph\u00e2n ph\u1ed1i: Maybommini.com<\/strong><br \/>\n<strong>T\u01af V\u1ea4N K\u1ef8 THU\u1eacT \u2013 MUA H\u00c0NG<br \/>\n0908997823 \u2013 0908997872<br \/>\n0907294310 \u2013 02873030399<\/strong><\/p>\n","protected":false},"featured_media":263375,"comment_status":"open","ping_status":"closed","template":"","meta":[],"product_brand":[],"product_cat":[515],"product_tag":[739,735,516,517,731,732,518,733,519,520,481,521,522,249,277,734,740],"class_list":{"0":"post-256225","1":"product","2":"type-product","3":"status-publish","4":"has-post-thumbnail","6":"product_cat-noi-nhanh-aks","7":"product_tag-6mm","8":"product_tag-8mm","9":"product_tag-aks","10":"product_tag-co-noi-nhanh","11":"product_tag-may-thuy-luc","12":"product_tag-nen-khi","13":"product_tag-noi-nhanh","14":"product_tag-noi-nhanh-aks","15":"product_tag-ong-12mm","16":"product_tag-ong-8mm","17":"product_tag-ong-hoi","18":"product_tag-pe12-8","19":"product_tag-phu-kien-phun-suong","20":"product_tag-phu-kien-rua-xe","21":"product_tag-phun-suong","22":"product_tag-pv12","23":"product_tag-pv6","25":"first","26":"instock","27":"shipping-taxable","28":"purchasable","29":"product-type-simple"},"_links":{"self":[{"href":"https:\/\/maybommini.vn\/index.php?rest_route=\/wp\/v2\/product\/256225","targetHints":{"allow":["GET"]}}],"collection":[{"href":"https:\/\/maybommini.vn\/index.php?rest_route=\/wp\/v2\/product"}],"about":[{"href":"https:\/\/maybommini.vn\/index.php?rest_route=\/wp\/v2\/types\/product"}],"replies":[{"embeddable":true,"href":"https:\/\/maybommini.vn\/index.php?rest_route=%2Fwp%2Fv2%2Fcomments&post=256225"}],"wp:featuredmedia":[{"embeddable":true,"href":"https:\/\/maybommini.vn\/index.php?rest_route=\/wp\/v2\/media\/263375"}],"wp:attachment":[{"href":"https:\/\/maybommini.vn\/index.php?rest_route=%2Fwp%2Fv2%2Fmedia&parent=256225"}],"wp:term":[{"taxonomy":"product_brand","embeddable":true,"href":"https:\/\/maybommini.vn\/index.php?rest_route=%2Fwp%2Fv2%2Fproduct_brand&post=256225"},{"taxonomy":"product_cat","embeddable":true,"href":"https:\/\/maybommini.vn\/index.php?rest_route=%2Fwp%2Fv2%2Fproduct_cat&post=256225"},{"taxonomy":"product_tag","embeddable":true,"href":"https:\/\/maybommini.vn\/index.php?rest_route=%2Fwp%2Fv2%2Fproduct_tag&post=256225"}],"curies":[{"name":"wp","href":"https:\/\/api.w.org\/{rel}","templated":true}]}}