{"id":256233,"date":"2018-04-12T19:30:51","date_gmt":"2018-04-12T12:30:51","guid":{"rendered":"https:\/\/maybommini.com\/san-pham\/import-placeholder-for-252536"},"modified":"2018-05-13T23:47:32","modified_gmt":"2018-05-13T16:47:32","slug":"dong-ho-do-ap-luc-nuoc-16mpa","status":"publish","type":"product","link":"https:\/\/maybommini.vn\/?product=dong-ho-do-ap-luc-nuoc-16mpa","title":{"rendered":"\u0110\u1ed3ng h\u1ed3 \u0111o \u00e1p l\u1ef1c n\u01b0\u1edbc 16Mpa"},"content":{"rendered":"<p><strong><em>\u0110\u1ed3ng h\u1ed3 \u0111o \u00e1p l\u1ef1c n\u01b0\u1edbc 16Mpa s\u1eed d\u1ee5ng cho c\u00e1c lo\u1ea1i m\u00e1y b\u01a1m \u00e1p l\u1ef1c cao, m\u00e1y b\u01a1m mini, m\u00e1y x\u1ecbt cao \u00e1p, m\u00e1y phun s\u01b0\u01a1ng.\u00a0Chuy\u00ean cung c\u1ea5p b\u00e1n m\u00e1y x\u1ecbt r\u1eeda \u00e1p l\u1ef1c cao, ph\u1ee5 ki\u1ec7n, \u0111\u1ed3ng h\u1ed3 \u0111o \u00e1p l\u1ef1c m\u00e1y r\u1eeda xe cao \u00e1p 16Mpa. \u0110\u1ed3ng h\u1ed3 \u0111o th\u1ee7y l\u1ef1c v\u00e0 h\u1ec7 th\u1ed1ng m\u00e1y m\u00f3c c\u00f4ng nghi\u1ec7p \u1ee9ng d\u1ee5ng.\u00a0<\/em><\/strong><\/p>\n<p><img decoding=\"async\" class=\"size-full wp-image-255269 aligncenter\" src=\"http:\/\/maybommini.com.vn\/wp-content\/uploads\/2018\/01\/dong-ho-ap-luc-nuoc-1.jpg\" alt=\"Dong Ho Ap Luc Nuoc\" width=\"550\" height=\"550\" srcset=\"https:\/\/maybommini.vn\/wp-content\/uploads\/2018\/01\/dong-ho-ap-luc-nuoc-1.jpg 550w, https:\/\/maybommini.vn\/wp-content\/uploads\/2018\/01\/dong-ho-ap-luc-nuoc-1-300x300.jpg 300w, https:\/\/maybommini.vn\/wp-content\/uploads\/2018\/01\/dong-ho-ap-luc-nuoc-1-150x150.jpg 150w\" sizes=\"(max-width: 550px) 100vw, 550px\" \/><br \/>\n<strong>TH\u00d4NG S\u1ed0 K\u1ef8 THU\u1eacT<\/strong><br \/>\nModel : 14-16-MPA<br \/>\n\u00c1p l\u1ef1c : 16 Mpa<br \/>\n\u0110\u01b0\u1eddng k\u00edn: 55 mm<br \/>\nRen: 14 mm<br \/>\nB\u1ea3o h\u00e0nh: 3 th\u00e1ng<br \/>\n<img decoding=\"async\" class=\"size-full wp-image-255271 aligncenter\" src=\"http:\/\/maybommini.com.vn\/wp-content\/uploads\/2018\/01\/dong-ho-ap-luc-nuoc-16mpa.jpg\" alt=\"Dong Ho Ap Luc Nuoc 16mpa\" width=\"750\" height=\"750\" srcset=\"https:\/\/maybommini.vn\/wp-content\/uploads\/2018\/01\/dong-ho-ap-luc-nuoc-16mpa.jpg 750w, https:\/\/maybommini.vn\/wp-content\/uploads\/2018\/01\/dong-ho-ap-luc-nuoc-16mpa-300x300.jpg 300w, https:\/\/maybommini.vn\/wp-content\/uploads\/2018\/01\/dong-ho-ap-luc-nuoc-16mpa-600x600.jpg 600w, https:\/\/maybommini.vn\/wp-content\/uploads\/2018\/01\/dong-ho-ap-luc-nuoc-16mpa-150x150.jpg 150w\" sizes=\"(max-width: 750px) 100vw, 750px\" \/> <img decoding=\"async\" class=\"size-full wp-image-255268 aligncenter\" src=\"http:\/\/maybommini.com.vn\/wp-content\/uploads\/2018\/01\/dong-do-ap-luc-nuoc-may-bom-1.jpg\" alt=\"Dong Do Ap Luc Nuoc May Bom\" width=\"750\" height=\"750\" srcset=\"https:\/\/maybommini.vn\/wp-content\/uploads\/2018\/01\/dong-do-ap-luc-nuoc-may-bom-1.jpg 750w, https:\/\/maybommini.vn\/wp-content\/uploads\/2018\/01\/dong-do-ap-luc-nuoc-may-bom-1-300x300.jpg 300w, https:\/\/maybommini.vn\/wp-content\/uploads\/2018\/01\/dong-do-ap-luc-nuoc-may-bom-1-600x600.jpg 600w, https:\/\/maybommini.vn\/wp-content\/uploads\/2018\/01\/dong-do-ap-luc-nuoc-may-bom-1-150x150.jpg 150w\" sizes=\"(max-width: 750px) 100vw, 750px\" \/> <img decoding=\"async\" class=\"size-full wp-image-255267 aligncenter\" src=\"http:\/\/maybommini.com.vn\/wp-content\/uploads\/2018\/01\/do-ho-ap-luc-ke-16mpa.jpg\" alt=\"Do Ho Ap Luc Ke 16mpa\" width=\"750\" height=\"750\" srcset=\"https:\/\/maybommini.vn\/wp-content\/uploads\/2018\/01\/do-ho-ap-luc-ke-16mpa.jpg 750w, https:\/\/maybommini.vn\/wp-content\/uploads\/2018\/01\/do-ho-ap-luc-ke-16mpa-300x300.jpg 300w, https:\/\/maybommini.vn\/wp-content\/uploads\/2018\/01\/do-ho-ap-luc-ke-16mpa-600x600.jpg 600w, https:\/\/maybommini.vn\/wp-content\/uploads\/2018\/01\/do-ho-ap-luc-ke-16mpa-150x150.jpg 150w\" sizes=\"(max-width: 750px) 100vw, 750px\" \/> <img decoding=\"async\" class=\"size-full wp-image-255272 aligncenter\" src=\"http:\/\/maybommini.com.vn\/wp-content\/uploads\/2018\/01\/dong-ho-do-ap-luc-may-rua-xe.jpg\" alt=\"Dong Ho Do Ap Luc May Rua Xe\" width=\"750\" height=\"750\" srcset=\"https:\/\/maybommini.vn\/wp-content\/uploads\/2018\/01\/dong-ho-do-ap-luc-may-rua-xe.jpg 750w, https:\/\/maybommini.vn\/wp-content\/uploads\/2018\/01\/dong-ho-do-ap-luc-may-rua-xe-300x300.jpg 300w, https:\/\/maybommini.vn\/wp-content\/uploads\/2018\/01\/dong-ho-do-ap-luc-may-rua-xe-600x600.jpg 600w, https:\/\/maybommini.vn\/wp-content\/uploads\/2018\/01\/dong-ho-do-ap-luc-may-rua-xe-150x150.jpg 150w\" sizes=\"(max-width: 750px) 100vw, 750px\" \/><\/p>\n<p><b>S\u1eec D\u1ee4NG \u0110\u1ed2NG H\u1ed2 \u0110O \u00c1P L\u1ef0C N\u01af\u1edaC.<\/b><br \/>\n&#8211; D\u00f9ng cho m\u00e1y b\u01a1m n\u01b0\u1edbc \u00e1p l\u1ef1c.<br \/>\n&#8211; D\u00f9ng cho m\u00e1y r\u1eeda xe \u00e1p l\u1ef1c cao.<br \/>\n&#8211; D\u00f9ng cho h\u1ec7 th\u1ed1ng n\u01b0\u1edbc.<br \/>\n&#8211; D\u00f9ng \u0111o \u00e1p l\u1ef1c n\u01b0\u1edbc.<br \/>\n&#8211; D\u00f9ng \u0111o \u00e1p l\u1ef1c m\u00e1y n\u00e9n th\u1ee7y l\u1ef1c.<br \/>\n&#8211; D\u00f9ng \u0111o \u00e1p l\u1ef1c h\u1ec7 th\u1ed1ng c\u00f4ng nghi\u1ec7p.<\/p>\n<h3><img decoding=\"async\" class=\"size-full wp-image-255266 aligncenter\" src=\"http:\/\/maybommini.com.vn\/wp-content\/uploads\/2018\/01\/do-ap-luc-nuoc.jpg\" alt=\"Do Ap Luc Nuoc\" width=\"750\" height=\"750\" srcset=\"https:\/\/maybommini.vn\/wp-content\/uploads\/2018\/01\/do-ap-luc-nuoc.jpg 750w, https:\/\/maybommini.vn\/wp-content\/uploads\/2018\/01\/do-ap-luc-nuoc-300x300.jpg 300w, https:\/\/maybommini.vn\/wp-content\/uploads\/2018\/01\/do-ap-luc-nuoc-600x600.jpg 600w, https:\/\/maybommini.vn\/wp-content\/uploads\/2018\/01\/do-ap-luc-nuoc-150x150.jpg 150w\" sizes=\"(max-width: 750px) 100vw, 750px\" \/><\/h3>\n<p><strong>MUA \u0110\u1ed2NG H\u1ed2 \u0110O \u00c1P L\u1ef0C N\u01af\u1edaC \u1ede \u0110\u00c2U ?<\/strong><br \/>\nM\u1ecdi chi ti\u1ebft vui l\u00f2ng li\u00ean h\u1ec7 tr\u1ef1c ti\u1ebfp cho ch\u00fang t\u00f4i \u0111\u1ec3 \u0111\u01b0\u1ee3c t\u01b0 v\u1ea5n theo nhu c\u1ea7u \u0111\u1ec3 c\u00f3 \u0111\u01b0\u1ee3c b\u1ed9 s\u1ea3n ph\u1ea9m t\u1ed1t nh\u1ea5t v\u00e0 ti\u1ebft ki\u1ec7m. B\u1ea1n \u1edf xa v\u1eabn c\u00f3 th\u1ec3 mua h\u00e0ng v\u00e0 giao h\u00e0ng thanh to\u00e1n ti\u1ec1n t\u1ea1i nh\u00e0.<br \/>\n<strong>Hotline:<\/strong> 090 729 4310<br \/>\n<strong>Email:<\/strong> maybommini.com@gmail.com<br \/>\n<strong>Website:<\/strong> https:\/\/maybommini.com<br \/>\n<strong>Facebook<\/strong>: https:\/\/www.facebook.com\/maybommini<br \/>\n<strong>Google  :<\/strong> https:\/\/plus.google.com\/ Maybomnuocminiruaxe<br \/>\n<strong>Youtube demo:<\/strong> https:\/\/www.youtube.com\/bahamasali<\/p>\n<p>&nbsp;<\/p>\n","protected":false},"excerpt":{"rendered":"<p>Model : 14-16-MPA<br \/>\n\u00c1p l\u1ef1c : 16 Mpa<br \/>\n\u0110\u01b0\u1eddng k\u00edn: 55 mm<br \/>\nRen: 14 mm<br \/>\nB\u1ea3o h\u00e0nh: 3 th\u00e1ng<\/p>\n","protected":false},"featured_media":256337,"comment_status":"open","ping_status":"closed","template":"","meta":[],"product_brand":[],"product_cat":[215],"product_tag":[1994,251,763,764,765,1252,766,767,768,1255],"class_list":{"0":"post-256233","1":"product","2":"type-product","3":"status-publish","4":"has-post-thumbnail","6":"product_cat-phu-kien-xit-rua-ap-luc","7":"product_tag-16mpa","8":"product_tag-ap-luc","9":"product_tag-ap-luc-nuoc","10":"product_tag-do-ap-luc","11":"product_tag-do-ap-luc-may-bom","12":"product_tag-do-ap-luc-nuoc","13":"product_tag-do-ap-nuoc","14":"product_tag-dong-ho","15":"product_tag-dong-ho-nuoc","16":"product_tag-mpa","18":"first","19":"instock","20":"sale","21":"shipping-taxable","22":"purchasable","23":"product-type-simple"},"_links":{"self":[{"href":"https:\/\/maybommini.vn\/index.php?rest_route=\/wp\/v2\/product\/256233","targetHints":{"allow":["GET"]}}],"collection":[{"href":"https:\/\/maybommini.vn\/index.php?rest_route=\/wp\/v2\/product"}],"about":[{"href":"https:\/\/maybommini.vn\/index.php?rest_route=\/wp\/v2\/types\/product"}],"replies":[{"embeddable":true,"href":"https:\/\/maybommini.vn\/index.php?rest_route=%2Fwp%2Fv2%2Fcomments&post=256233"}],"wp:featuredmedia":[{"embeddable":true,"href":"https:\/\/maybommini.vn\/index.php?rest_route=\/wp\/v2\/media\/256337"}],"wp:attachment":[{"href":"https:\/\/maybommini.vn\/index.php?rest_route=%2Fwp%2Fv2%2Fmedia&parent=256233"}],"wp:term":[{"taxonomy":"product_brand","embeddable":true,"href":"https:\/\/maybommini.vn\/index.php?rest_route=%2Fwp%2Fv2%2Fproduct_brand&post=256233"},{"taxonomy":"product_cat","embeddable":true,"href":"https:\/\/maybommini.vn\/index.php?rest_route=%2Fwp%2Fv2%2Fproduct_cat&post=256233"},{"taxonomy":"product_tag","embeddable":true,"href":"https:\/\/maybommini.vn\/index.php?rest_route=%2Fwp%2Fv2%2Fproduct_tag&post=256233"}],"curies":[{"name":"wp","href":"https:\/\/api.w.org\/{rel}","templated":true}]}}