{"id":256257,"date":"2018-04-12T19:31:18","date_gmt":"2018-04-12T12:31:18","guid":{"rendered":"https:\/\/maybommini.com\/san-pham\/import-placeholder-for-252557"},"modified":"2025-05-14T06:16:28","modified_gmt":"2025-05-13T23:16:28","slug":"may-bom-hoi-o-to-12v-35l-100psi-trang-bac","status":"publish","type":"product","link":"https:\/\/maybommini.vn\/?product=may-bom-hoi-o-to-12v-35l-100psi-trang-bac","title":{"rendered":"M\u00e1y b\u01a1m h\u01a1i \u00d4 t\u00f4 12V 35L 100PSI &#8211; Tr\u1eafng B\u1ea1c"},"content":{"rendered":"<h3><strong>M\u00e1y b\u01a1m h\u01a1i \u00d4 t\u00f4 12V 35L 100PSI l\u00e0 lo\u1ea1i m\u00e1y b\u01a1m h\u01a1i cao c\u1ea5p chuy\u00ean d\u1ee5ng cho \u00f4t\u00f4 xe m\u00e1y v\u00e0 c\u00e1c thi\u1ebft b\u1ecb c\u1ea7n b\u01a1i h\u1edbi kh\u00e1c. V\u1edbi thi\u1ebft k\u1ebf g\u1ecdn nh\u1eb9 b\u1ec1n b\u1ec9 \u0111\u00e2y l\u00e0 l\u1ef1a cho h\u1ee3p l\u00fd khi B\u1ea1n s\u1edf h\u1eefu m\u1ed9t chi\u1ebfc \u00d4t\u00f4.<\/strong><\/h3>\n<h3><a href=\"http:\/\/maybommini.com\/wp-content\/uploads\/2016\/06\/may-bom-hoi-12v.jpg\" rel=\"attachment wp-att-245388 noopener\" target=\"_blank\"><img decoding=\"async\" class=\"size-full wp-image-245388 aligncenter\" src=\"http:\/\/maybommini.com\/wp-content\/uploads\/2016\/06\/may-bom-hoi-12v.jpg\" alt=\"may-bom-hoi-12v\" width=\"719\" height=\"499\" srcset=\"https:\/\/maybommini.vn\/wp-content\/uploads\/2016\/06\/may-bom-hoi-12v.jpg 719w, https:\/\/maybommini.vn\/wp-content\/uploads\/2016\/06\/may-bom-hoi-12v-600x416.jpg 600w, https:\/\/maybommini.vn\/wp-content\/uploads\/2016\/06\/may-bom-hoi-12v-300x208.jpg 300w, https:\/\/maybommini.vn\/wp-content\/uploads\/2016\/06\/may-bom-hoi-12v-220x154.jpg 220w\" sizes=\"(max-width: 719px) 100vw, 719px\" \/><\/a><br \/>\n<strong>TH\u00d4NG S\u1ed0 K\u1ef8 THU\u1eacT<\/strong><br \/>\n\u0110i\u00ean th\u1ebf: 12V<br \/>\nC\u00f4ng su\u1ea5t: 120W<br \/>\n\u00c1p l\u1ef1c: 100PSI<br \/>\nL\u01b0u l\u01b0\u1ee3ng: 35L\/P<br \/>\nD\u00e2y ngu\u1ed3n : 2.9 m\u00e9t<\/h3>\n<h3><a href=\"http:\/\/maybommini.com\/wp-content\/uploads\/2016\/06\/may-bom-banh-xe-mini.jpg\" rel=\"attachment wp-att-245384 noopener\" target=\"_blank\"><img decoding=\"async\" class=\"size-full wp-image-245384 aligncenter\" src=\"http:\/\/maybommini.com\/wp-content\/uploads\/2016\/06\/may-bom-banh-xe-mini.jpg\" alt=\"may-bom-banh-xe-mini\" width=\"743\" height=\"518\" srcset=\"https:\/\/maybommini.vn\/wp-content\/uploads\/2016\/06\/may-bom-banh-xe-mini.jpg 743w, https:\/\/maybommini.vn\/wp-content\/uploads\/2016\/06\/may-bom-banh-xe-mini-600x418.jpg 600w, https:\/\/maybommini.vn\/wp-content\/uploads\/2016\/06\/may-bom-banh-xe-mini-300x209.jpg 300w, https:\/\/maybommini.vn\/wp-content\/uploads\/2016\/06\/may-bom-banh-xe-mini-220x154.jpg 220w\" sizes=\"(max-width: 743px) 100vw, 743px\" \/><\/a><br \/>\n<strong>\u1ee8NG D\u1ee4NG M\u00c1Y B\u01a0M H\u01a0I MINI 12V<\/strong><br \/>\n&#8211; D\u00f9ng \u0111\u1ec3 b\u01a1i b\u00e1nh xe \u00d4t\u00f4.<br \/>\n&#8211; D\u00f9ng \u0111\u1ec3 b\u01a1m b\u00e1nh xe m\u00e1y.<br \/>\n&#8211; D\u00f9ng \u0111\u1ec3 b\u01a1m b\u00e1nh xe \u0111\u1ea1p.<br \/>\n&#8211; D\u00f9ng \u0111\u1ec3 b\u01a1m b\u00f3ng \u0111\u00e1.<br \/>\n&#8211; D\u00f9ng \u0111\u1ec3 b\u01a1m can\u00f4, xu\u1ed3ng h\u01a1i.<br \/>\n&#8211; D\u00f9ng \u0111\u1ec3 b\u01a1m h\u1ed3 b\u01a1i b\u1eb1ng h\u01a1i.<br \/>\n&#8211; D\u00f9ng \u0111\u1ec3 b\u01a1m bong b\u00f3ng.<br \/>\n&#8211; D\u00f9ng \u0111\u1ec3 b\u01a1m Salon h\u01a1i, n\u1eadm h\u01a1i &#8230;.<br \/>\nV\u00e0 c\u00e1c lo\u1ea1i thi\u1ebft b\u1ecb d\u00f9ng h\u01a1i kh\u00e1c&#8230;<\/h3>\n<h2 style=\"text-align: center;\"><a href=\"http:\/\/maybommini.com\/wp-content\/uploads\/2016\/06\/bom-banh-xe-oto.jpg\" rel=\"attachment wp-att-245383 noopener\" target=\"_blank\"><img decoding=\"async\" class=\"size-full wp-image-245383 aligncenter\" src=\"http:\/\/maybommini.com\/wp-content\/uploads\/2016\/06\/bom-banh-xe-oto.jpg\" alt=\"bom-banh-xe-oto\" width=\"600\" height=\"450\" srcset=\"https:\/\/maybommini.vn\/wp-content\/uploads\/2016\/06\/bom-banh-xe-oto.jpg 600w, https:\/\/maybommini.vn\/wp-content\/uploads\/2016\/06\/bom-banh-xe-oto-300x225.jpg 300w\" sizes=\"(max-width: 600px) 100vw, 600px\" \/><\/a><\/h2>\n<h2 style=\"text-align: center;\"><em><strong>M\u00e1y b\u01a1m h\u01a1i \u00f4 t\u00f4<\/strong><\/em><\/h2>\n<h2 style=\"text-align: center;\"><a href=\"http:\/\/maybommini.com\/wp-content\/uploads\/2016\/06\/su-dung-may-bom-hoi-12v.jpg\" rel=\"attachment wp-att-245387 noopener\" target=\"_blank\"><img decoding=\"async\" class=\"size-full wp-image-245387 aligncenter\" src=\"http:\/\/maybommini.com\/wp-content\/uploads\/2016\/06\/su-dung-may-bom-hoi-12v.jpg\" alt=\"su-dung-may-bom-hoi-12v\" width=\"726\" height=\"782\" srcset=\"https:\/\/maybommini.vn\/wp-content\/uploads\/2016\/06\/su-dung-may-bom-hoi-12v.jpg 726w, https:\/\/maybommini.vn\/wp-content\/uploads\/2016\/06\/su-dung-may-bom-hoi-12v-600x646.jpg 600w, https:\/\/maybommini.vn\/wp-content\/uploads\/2016\/06\/su-dung-may-bom-hoi-12v-279x300.jpg 279w\" sizes=\"(max-width: 726px) 100vw, 726px\" \/><\/a><\/h2>\n<h2><a href=\"https:\/\/maybommini.com\/wp-content\/uploads\/2018\/08\/kich-thuoc-may-bom-hoi-mini-12v.jpg\" target=\"_blank\" rel=\"noopener\"><img decoding=\"async\" class=\"size-full wp-image-260057 aligncenter\" src=\"https:\/\/maybommini.com\/wp-content\/uploads\/2018\/08\/kich-thuoc-may-bom-hoi-mini-12v.jpg\" alt=\"Kich Thuoc May Bom Hoi Mini 12v\" width=\"820\" height=\"820\" srcset=\"https:\/\/maybommini.vn\/wp-content\/uploads\/2018\/08\/kich-thuoc-may-bom-hoi-mini-12v.jpg 820w, https:\/\/maybommini.vn\/wp-content\/uploads\/2018\/08\/kich-thuoc-may-bom-hoi-mini-12v-300x300.jpg 300w, https:\/\/maybommini.vn\/wp-content\/uploads\/2018\/08\/kich-thuoc-may-bom-hoi-mini-12v-150x150.jpg 150w, https:\/\/maybommini.vn\/wp-content\/uploads\/2018\/08\/kich-thuoc-may-bom-hoi-mini-12v-600x600.jpg 600w\" sizes=\"(max-width: 820px) 100vw, 820px\" \/><\/a> <a href=\"https:\/\/maybommini.com\/wp-content\/uploads\/2018\/08\/day-cam-nguon-may-bom-hoi-oto-12v.jpg\" target=\"_blank\" rel=\"noopener\"><img decoding=\"async\" class=\"size-full wp-image-260056 aligncenter\" src=\"https:\/\/maybommini.com\/wp-content\/uploads\/2018\/08\/day-cam-nguon-may-bom-hoi-oto-12v.jpg\" alt=\"Day Cam Nguon May Bom Hoi Oto 12v\" width=\"820\" height=\"820\" srcset=\"https:\/\/maybommini.vn\/wp-content\/uploads\/2018\/08\/day-cam-nguon-may-bom-hoi-oto-12v.jpg 820w, https:\/\/maybommini.vn\/wp-content\/uploads\/2018\/08\/day-cam-nguon-may-bom-hoi-oto-12v-300x300.jpg 300w, https:\/\/maybommini.vn\/wp-content\/uploads\/2018\/08\/day-cam-nguon-may-bom-hoi-oto-12v-150x150.jpg 150w, https:\/\/maybommini.vn\/wp-content\/uploads\/2018\/08\/day-cam-nguon-may-bom-hoi-oto-12v-600x600.jpg 600w\" sizes=\"(max-width: 820px) 100vw, 820px\" \/><\/a> <a href=\"https:\/\/maybommini.com\/wp-content\/uploads\/2018\/08\/may-bom-hoi-xe-cao-cap-gia-re.jpg\" target=\"_blank\" rel=\"noopener\"><img decoding=\"async\" class=\"size-full wp-image-260060 aligncenter\" src=\"https:\/\/maybommini.com\/wp-content\/uploads\/2018\/08\/may-bom-hoi-xe-cao-cap-gia-re.jpg\" alt=\"May Bom Hoi Xe Cao Cap Gia Re\" width=\"820\" height=\"820\" srcset=\"https:\/\/maybommini.vn\/wp-content\/uploads\/2018\/08\/may-bom-hoi-xe-cao-cap-gia-re.jpg 820w, https:\/\/maybommini.vn\/wp-content\/uploads\/2018\/08\/may-bom-hoi-xe-cao-cap-gia-re-300x300.jpg 300w, https:\/\/maybommini.vn\/wp-content\/uploads\/2018\/08\/may-bom-hoi-xe-cao-cap-gia-re-150x150.jpg 150w, https:\/\/maybommini.vn\/wp-content\/uploads\/2018\/08\/may-bom-hoi-xe-cao-cap-gia-re-600x600.jpg 600w, https:\/\/maybommini.vn\/wp-content\/uploads\/2018\/08\/may-bom-hoi-xe-cao-cap-gia-re-768x768.jpg 768w\" sizes=\"(max-width: 820px) 100vw, 820px\" \/><\/a> <a href=\"https:\/\/maybommini.com\/wp-content\/uploads\/2018\/08\/chi-tiet-may-bom-hoi-12v-mini-giare.jpg\" target=\"_blank\" rel=\"noopener\"><img decoding=\"async\" class=\"size-full wp-image-260054 aligncenter\" src=\"https:\/\/maybommini.com\/wp-content\/uploads\/2018\/08\/chi-tiet-may-bom-hoi-12v-mini-giare.jpg\" alt=\"Chi Tiet May Bom Hoi 12v Mini Giare\" width=\"820\" height=\"820\" srcset=\"https:\/\/maybommini.vn\/wp-content\/uploads\/2018\/08\/chi-tiet-may-bom-hoi-12v-mini-giare.jpg 820w, https:\/\/maybommini.vn\/wp-content\/uploads\/2018\/08\/chi-tiet-may-bom-hoi-12v-mini-giare-300x300.jpg 300w, https:\/\/maybommini.vn\/wp-content\/uploads\/2018\/08\/chi-tiet-may-bom-hoi-12v-mini-giare-150x150.jpg 150w, https:\/\/maybommini.vn\/wp-content\/uploads\/2018\/08\/chi-tiet-may-bom-hoi-12v-mini-giare-600x600.jpg 600w\" sizes=\"(max-width: 820px) 100vw, 820px\" \/><\/a> <a href=\"https:\/\/maybommini.com\/wp-content\/uploads\/2018\/08\/cach-su-dung-may-bom-hoi-mini-12v.jpg\" target=\"_blank\" rel=\"noopener\"><img decoding=\"async\" class=\"size-full wp-image-260053 aligncenter\" src=\"https:\/\/maybommini.com\/wp-content\/uploads\/2018\/08\/cach-su-dung-may-bom-hoi-mini-12v.jpg\" alt=\"Cach Su Dung May Bom Hoi Mini 12v\" width=\"820\" height=\"820\" srcset=\"https:\/\/maybommini.vn\/wp-content\/uploads\/2018\/08\/cach-su-dung-may-bom-hoi-mini-12v.jpg 820w, https:\/\/maybommini.vn\/wp-content\/uploads\/2018\/08\/cach-su-dung-may-bom-hoi-mini-12v-300x300.jpg 300w, https:\/\/maybommini.vn\/wp-content\/uploads\/2018\/08\/cach-su-dung-may-bom-hoi-mini-12v-150x150.jpg 150w, https:\/\/maybommini.vn\/wp-content\/uploads\/2018\/08\/cach-su-dung-may-bom-hoi-mini-12v-600x600.jpg 600w\" sizes=\"(max-width: 820px) 100vw, 820px\" \/><\/a><\/h2>\n<h2 style=\"text-align: center;\"><strong>M\u00e1y b\u01a1m h\u01a1i \u00d4 t\u00f4 12V 35L 100PSI &#8211; Tr\u1eafng B\u1ea1c<\/strong><\/h2>\n","protected":false},"excerpt":{"rendered":"<p>\u0110i\u00ean th\u1ebf: 12V<br \/>\nC\u00f4ng su\u1ea5t: 120W<br \/>\n\u00c1p l\u1ef1c: 100PSI<br \/>\nL\u01b0u l\u01b0\u1ee3ng: 35L\/P<br \/>\nD\u00e2y ngu\u1ed3n : 2.9 m\u00e9t<br \/>\nB\u1ea3o h\u00e0nh: 1 \u0111\u1ed5i 1 6 th\u00e1ng<\/p>\n","protected":false},"featured_media":256343,"comment_status":"open","ping_status":"closed","template":"","meta":[],"product_brand":[2227],"product_cat":[343],"product_tag":[769,267,770,771,772,773,774,477,231],"class_list":{"0":"post-256257","1":"product","2":"type-product","3":"status-publish","4":"has-post-thumbnail","6":"product_brand-mtm","7":"product_cat-thiet-bi-do-choi-oto","8":"product_tag-100psi","9":"product_tag-12v","10":"product_tag-banh-xe-may","11":"product_tag-boi-banh-xe-oto","12":"product_tag-bom-banh-xe-dap","13":"product_tag-bom-bong-bong","14":"product_tag-bom-bong-da","15":"product_tag-bom-hoi","16":"product_tag-may-bom-mini","18":"first","19":"instock","20":"sale","21":"shipping-taxable","22":"purchasable","23":"product-type-simple"},"_links":{"self":[{"href":"https:\/\/maybommini.vn\/index.php?rest_route=\/wp\/v2\/product\/256257","targetHints":{"allow":["GET"]}}],"collection":[{"href":"https:\/\/maybommini.vn\/index.php?rest_route=\/wp\/v2\/product"}],"about":[{"href":"https:\/\/maybommini.vn\/index.php?rest_route=\/wp\/v2\/types\/product"}],"replies":[{"embeddable":true,"href":"https:\/\/maybommini.vn\/index.php?rest_route=%2Fwp%2Fv2%2Fcomments&post=256257"}],"wp:featuredmedia":[{"embeddable":true,"href":"https:\/\/maybommini.vn\/index.php?rest_route=\/wp\/v2\/media\/256343"}],"wp:attachment":[{"href":"https:\/\/maybommini.vn\/index.php?rest_route=%2Fwp%2Fv2%2Fmedia&parent=256257"}],"wp:term":[{"taxonomy":"product_brand","embeddable":true,"href":"https:\/\/maybommini.vn\/index.php?rest_route=%2Fwp%2Fv2%2Fproduct_brand&post=256257"},{"taxonomy":"product_cat","embeddable":true,"href":"https:\/\/maybommini.vn\/index.php?rest_route=%2Fwp%2Fv2%2Fproduct_cat&post=256257"},{"taxonomy":"product_tag","embeddable":true,"href":"https:\/\/maybommini.vn\/index.php?rest_route=%2Fwp%2Fv2%2Fproduct_tag&post=256257"}],"curies":[{"name":"wp","href":"https:\/\/api.w.org\/{rel}","templated":true}]}}