{"id":256259,"date":"2018-04-12T19:31:18","date_gmt":"2018-04-12T12:31:18","guid":{"rendered":"https:\/\/maybommini.com\/san-pham\/import-placeholder-for-252559"},"modified":"2025-06-18T08:30:41","modified_gmt":"2025-06-18T01:30:41","slug":"may-bom-chim-220v-hj-600-600l","status":"publish","type":"product","link":"https:\/\/maybommini.vn\/?product=may-bom-chim-220v-hj-600-600l","title":{"rendered":"M\u00e1y b\u01a1m ch\u00ecm 220V HJ-600 600L"},"content":{"rendered":"<h3><strong>M\u00e1y b\u01a1m ch\u00ecm HJ-600 600L l\u00e0 lo\u1ea1i m\u00e1y b\u01a1m ch\u00ecm chuy\u00ean d\u1ee5ng\u00a0\u0111\u1ec3 b\u01a1m ch\u1ea5t th\u1ea3i, n\u01b0\u1edbc h\u1ed3 c\u00e1, b\u01a1m n\u01b0\u1edbc h\u00f2n non b\u1ed9.\u00a0\u0110\u00e2y l\u00e0 lo\u1ea1i m\u00e1y b\u01a1m ch\u00ecm c\u00f3 c\u00f4ng su\u1ea5t kh\u00e1 l\u1edbn v\u00e0 l\u01b0u l\u01b0\u1ee3ng b\u01a1m m\u1ea1nh\u00a0\u0111\u1ea1t 600L\/H.<\/strong><\/h3>\n<h3 style=\"text-align: center;\"><strong><br \/>\n<iframe width=\"560\" height=\"315\" frameborder=\"0\" src=\"https:\/\/www.youtube.com\/embed\/HMK5O5UXA60\"><\/iframe><br \/>\n<\/strong><\/h3>\n<div id=\"attachment_245423\" style=\"width: 610px\" class=\"wp-caption aligncenter\"><a href=\"http:\/\/maybommini.com\/wp-content\/uploads\/2016\/07\/may-bom-chim-220v-hj-600.jpg\" rel=\"attachment wp-att-245423 noopener\" target=\"_blank\"><img decoding=\"async\" aria-describedby=\"caption-attachment-245423\" class=\"size-full wp-image-245423\" src=\"http:\/\/maybommini.com\/wp-content\/uploads\/2016\/07\/may-bom-chim-220v-hj-600.jpg\" alt=\"M\u00e1y b\u01a1m ch\u00ecm 220V h\u1ed3 c\u00e1 h\u00f2n non b\u1ed9\" width=\"600\" height=\"600\" srcset=\"https:\/\/maybommini.vn\/wp-content\/uploads\/2016\/07\/may-bom-chim-220v-hj-600.jpg 600w, https:\/\/maybommini.vn\/wp-content\/uploads\/2016\/07\/may-bom-chim-220v-hj-600-300x300.jpg 300w, https:\/\/maybommini.vn\/wp-content\/uploads\/2016\/07\/may-bom-chim-220v-hj-600-150x150.jpg 150w\" sizes=\"(max-width: 600px) 100vw, 600px\" \/><\/a><p id=\"caption-attachment-245423\" class=\"wp-caption-text\">M\u00e1y b\u01a1m ch\u00ecm 220V h\u1ed3 c\u00e1 h\u00f2n non b\u1ed9<\/p><\/div>\n<p><strong>TH\u00d4NG S\u1ed0 K\u1ef8 THU\u1eacT<br \/>\n<\/strong>Model: HJ-600<br \/>\n\u0110i\u1ec7n th\u1ebf: 220V<br \/>\nC\u00f4ng su\u1ea5t b\u01a1m: 8W<br \/>\nT\u00ecnh tr\u1ea1ng: H\u00e0ng m\u1edbi 100%<br \/>\nL\u01b0u l\u01b0\u1ee3ng b\u01a1m: 600 L\/H<br \/>\n\u1ed0ng ra: 12 mm<br \/>\nB\u01a1m cao: 1.3\u00a0m<br \/>\nCh\u00ecm s\u00e2u t\u1ed1i \u0111a: 1.5 m\u00e9t<br \/>\nMotor : Kh\u00f4ng ch\u1ed5i than<br \/>\nCh\u1ea5t li\u1ec7u: \u0110\u1ed3ng &#8211; Nh\u1ef1a ABS<br \/>\nTi\u00eau chu\u1ea9n kh\u00e1n n\u01b0\u1edbc: IPX8<br \/>\nTr\u1ecdng l\u01b0\u1ee3ng: 0.4 Kg<br \/>\nTi\u00eau chu\u1ea9n Ch\u00e2u \u00c2u : CE<br \/>\nKh\u1eb3ng \u0111\u1ecbnh \u0111\u1ed9 an to\u00e0n, ch\u1ea5t l\u01b0\u1ee3ng s\u1ea3n ph\u1ea9m v\u1edbi ng\u01b0\u1eddi ti\u00eau dung.<\/p>\n<p><a href=\"https:\/\/maybommini.com\/wp-content\/uploads\/2018\/04\/thong-so-ky-thuat-may-bom-chim-HJ.jpg\" target=\"_blank\" rel=\"noopener\"><img decoding=\"async\" class=\"size-full wp-image-259522 aligncenter\" src=\"https:\/\/maybommini.com\/wp-content\/uploads\/2018\/04\/thong-so-ky-thuat-may-bom-chim-HJ.jpg\" alt=\"Thong So Ky Thuat May Bom Chim HJ\" width=\"820\" height=\"820\" srcset=\"https:\/\/maybommini.vn\/wp-content\/uploads\/2018\/04\/thong-so-ky-thuat-may-bom-chim-HJ.jpg 820w, https:\/\/maybommini.vn\/wp-content\/uploads\/2018\/04\/thong-so-ky-thuat-may-bom-chim-HJ-300x300.jpg 300w, https:\/\/maybommini.vn\/wp-content\/uploads\/2018\/04\/thong-so-ky-thuat-may-bom-chim-HJ-150x150.jpg 150w, https:\/\/maybommini.vn\/wp-content\/uploads\/2018\/04\/thong-so-ky-thuat-may-bom-chim-HJ-600x600.jpg 600w\" sizes=\"(max-width: 820px) 100vw, 820px\" \/><\/a><\/p>\n<p><a href=\"https:\/\/maybommini.com\/wp-content\/uploads\/2018\/04\/may-bom-chim-ho-ca-hon-non-bo-tieu-canh-kich-thuoc.jpg\" target=\"_blank\" rel=\"noopener\"><img decoding=\"async\" class=\"size-full wp-image-259982 aligncenter\" src=\"https:\/\/maybommini.com\/wp-content\/uploads\/2018\/04\/may-bom-chim-ho-ca-hon-non-bo-tieu-canh-kich-thuoc.jpg\" alt=\"May Bom Chim Ho Ca Hon Non Bo Tieu Canh Kich Thuoc\" width=\"820\" height=\"820\" srcset=\"https:\/\/maybommini.vn\/wp-content\/uploads\/2018\/04\/may-bom-chim-ho-ca-hon-non-bo-tieu-canh-kich-thuoc.jpg 820w, https:\/\/maybommini.vn\/wp-content\/uploads\/2018\/04\/may-bom-chim-ho-ca-hon-non-bo-tieu-canh-kich-thuoc-300x300.jpg 300w, https:\/\/maybommini.vn\/wp-content\/uploads\/2018\/04\/may-bom-chim-ho-ca-hon-non-bo-tieu-canh-kich-thuoc-150x150.jpg 150w, https:\/\/maybommini.vn\/wp-content\/uploads\/2018\/04\/may-bom-chim-ho-ca-hon-non-bo-tieu-canh-kich-thuoc-600x600.jpg 600w\" sizes=\"(max-width: 820px) 100vw, 820px\" \/><\/a><\/p>\n<p><a href=\"https:\/\/maybommini.com\/wp-content\/uploads\/2018\/04\/kich-thuoc-ong-may-bom-chim-HJ.jpg\" target=\"_blank\" rel=\"noopener\"><img decoding=\"async\" class=\"size-full wp-image-259521 aligncenter\" src=\"https:\/\/maybommini.com\/wp-content\/uploads\/2018\/04\/kich-thuoc-ong-may-bom-chim-HJ.jpg\" alt=\"Kich Thuoc Ong May Bom Chim HJ\" width=\"820\" height=\"820\" srcset=\"https:\/\/maybommini.vn\/wp-content\/uploads\/2018\/04\/kich-thuoc-ong-may-bom-chim-HJ.jpg 820w, https:\/\/maybommini.vn\/wp-content\/uploads\/2018\/04\/kich-thuoc-ong-may-bom-chim-HJ-300x300.jpg 300w, https:\/\/maybommini.vn\/wp-content\/uploads\/2018\/04\/kich-thuoc-ong-may-bom-chim-HJ-150x150.jpg 150w, https:\/\/maybommini.vn\/wp-content\/uploads\/2018\/04\/kich-thuoc-ong-may-bom-chim-HJ-600x600.jpg 600w\" sizes=\"(max-width: 820px) 100vw, 820px\" \/><\/a><\/p>\n<p><strong>\u1ee8NG D\u1ee4NG VA\u0300 S\u01af\u0309 DU\u0323NG<br \/>\n<\/strong>D\u00f9ng\u00a0\u0111\u1ec3 b\u01a1m ch\u1ea5t th\u1ea3i.<br \/>\nM\u00e1y b\u01a1m h\u00f2n non b\u1ed9.<br \/>\nM\u00e1y b\u01a1m h\u1ed3 c\u00e1.<br \/>\nM\u00e1y b\u01a1m l\u1ecdc n\u01b0\u1edbc h\u1ed3 c\u00e1.<br \/>\nM\u00e1y b\u01a1m n\u01b0\u1edbc tu\u1ea7n ho\u00e0n.<br \/>\nB\u01a1m n\u01b0\u1edbc ng\u1eadp trong nh\u00e0.<br \/>\nB\u01a1m c\u1ea5p n\u01b0\u1edbc v\u00e0o b\u1ec3 ch\u1ee9a.<\/p>\n<p><a href=\"http:\/\/maybommini.com\/wp-content\/uploads\/2016\/07\/bom-nuoc-ho-ca-hon-non-bo-tieu-canh-may-bom-loc-nuoc.jpg\" rel=\"attachment wp-att-245438 noopener\" target=\"_blank\"><img decoding=\"async\" class=\"size-large wp-image-245438 aligncenter\" src=\"http:\/\/maybommini.com\/wp-content\/uploads\/2016\/07\/bom-nuoc-ho-ca-hon-non-bo-tieu-canh-may-bom-loc-nuoc-738x1024.jpg\" alt=\"bom-nuoc-ho-ca-hon-non-bo-tieu-canh-may-bom-loc-nuoc\" width=\"738\" height=\"1024\" srcset=\"https:\/\/maybommini.vn\/wp-content\/uploads\/2016\/07\/bom-nuoc-ho-ca-hon-non-bo-tieu-canh-may-bom-loc-nuoc-738x1024.jpg 738w, https:\/\/maybommini.vn\/wp-content\/uploads\/2016\/07\/bom-nuoc-ho-ca-hon-non-bo-tieu-canh-may-bom-loc-nuoc-600x833.jpg 600w, https:\/\/maybommini.vn\/wp-content\/uploads\/2016\/07\/bom-nuoc-ho-ca-hon-non-bo-tieu-canh-may-bom-loc-nuoc-216x300.jpg 216w, https:\/\/maybommini.vn\/wp-content\/uploads\/2016\/07\/bom-nuoc-ho-ca-hon-non-bo-tieu-canh-may-bom-loc-nuoc.jpg 750w\" sizes=\"(max-width: 738px) 100vw, 738px\" \/><\/a><\/p>\n<p><strong>MUA M\u00c1Y B\u01a0M N\u01af\u01a0\u0301C<\/strong><strong>\u00a0<\/strong><strong>\u1ede \u0110\u00c2U ?<\/strong><\/p>\n<p>M\u1ecdi chi ti\u1ebft vui l\u00f2ng li\u00ean h\u1ec7 tr\u1ef1c ti\u1ebfp cho ch\u00fang t\u00f4i \u0111\u1ec3 \u0111\u01b0\u1ee3c t\u01b0 v\u1ea5n theo nhu c\u1ea7u \u0111\u1ec3 c\u00f3 \u0111\u01b0\u1ee3c b\u1ed9 s\u1ea3n ph\u1ea9m t\u1ed1t nh\u1ea5t v\u00e0 ti\u1ebft ki\u1ec7m.\u00a0B\u1ea1n \u1edf xa v\u1eabn c\u00f3 th\u1ec3 mua h\u00e0ng v\u00e0 giao h\u00e0ng <a title=\"thanh to\u00e1n\" href=\"http:\/\/maybommini.com\/thanh-toan\" target=\"_blank\" rel=\"noopener\">thanh to\u00e1n<\/a> ti\u1ec1n t\u1ea1i nh\u00e0.<br \/>\nKh\u00f4ng th\u1ec3 s\u1eed d\u1ee5ng b\u01a1m c\u00e1c n\u01b0\u1edbc ch\u1ea5t ki\u1ec1m, \u0103n m\u00f2n, ax\u00edt,&#8230; C\u00f3 th\u1ec3 g\u00e2y h\u1ea1i ch\u00e1y m\u00e1y b\u01a1m.<\/p>\n<p><a href=\"http:\/\/maybommini.com\/wp-content\/uploads\/2016\/07\/may-bom-chim-220v-ho-ca-tieu-canh-hon-non-bo.jpg\" rel=\"attachment wp-att-245440 noopener\" target=\"_blank\"><img decoding=\"async\" class=\"size-large wp-image-245440 aligncenter\" src=\"http:\/\/maybommini.com\/wp-content\/uploads\/2016\/07\/may-bom-chim-220v-ho-ca-tieu-canh-hon-non-bo-457x1024.jpg\" alt=\"may-bom-chim-220v-ho-ca-tieu-canh-hon-non-bo\" width=\"457\" height=\"1024\" srcset=\"https:\/\/maybommini.vn\/wp-content\/uploads\/2016\/07\/may-bom-chim-220v-ho-ca-tieu-canh-hon-non-bo-457x1024.jpg 457w, https:\/\/maybommini.vn\/wp-content\/uploads\/2016\/07\/may-bom-chim-220v-ho-ca-tieu-canh-hon-non-bo-600x1345.jpg 600w, https:\/\/maybommini.vn\/wp-content\/uploads\/2016\/07\/may-bom-chim-220v-ho-ca-tieu-canh-hon-non-bo-134x300.jpg 134w, https:\/\/maybommini.vn\/wp-content\/uploads\/2016\/07\/may-bom-chim-220v-ho-ca-tieu-canh-hon-non-bo.jpg 750w\" sizes=\"(max-width: 457px) 100vw, 457px\" \/><\/a><\/p>\n<p>Website : http:\/\/maybommini.com<br \/>\nHotline : 090 729 4310<br \/>\nEmail : maybommini.com@gmail.com<br \/>\nWebsite : http:\/\/maybommini.com<br \/>\nFacebook : https:\/\/www.facebook.com\/maybommini<br \/>\nGoogle : https:\/\/plus.google.com\/ Maybomnuocminiruaxe<br \/>\nYoutube demo : https:\/\/www.youtube.com\/bahamasali<\/p>\n","protected":false},"excerpt":{"rendered":"<p>Model: HJ-600<br \/>\n\u0110i\u1ec7n th\u1ebf: 220V<br \/>\nC\u00f4ng su\u1ea5t b\u01a1m: 8W<br \/>\nT\u00ecnh tr\u1ea1ng: H\u00e0ng m\u1edbi 100%<br \/>\nL\u01b0u l\u01b0\u1ee3ng b\u01a1m: 600 L\/H<br \/>\n\u1ed0ng ra: 12 mm<br \/>\nB\u01a1m cao: 1.3\u00a0m<br \/>\nCh\u00ecm s\u00e2u t\u1ed1i \u0111a: 1.5 m\u00e9t<br \/>\nMotor : Kh\u00f4ng ch\u1ed5i than<br \/>\nCh\u1ea5t li\u1ec7u: \u0110\u1ed3ng &#8211; Nh\u1ef1a ABS<br \/>\nTi\u00eau chu\u1ea9n kh\u00e1n n\u01b0\u1edbc: IPX8<br \/>\nTr\u1ecdng l\u01b0\u1ee3ng: 0.4 Kg<br \/>\nTi\u00eau chu\u1ea9n Ch\u00e2u \u00c2u : CE<br \/>\nKh\u1eb3ng \u0111\u1ecbnh \u0111\u1ed9 an to\u00e0n, ch\u1ea5t l\u01b0\u1ee3ng s\u1ea3n ph\u1ea9m v\u1edbi ng\u01b0\u1eddi ti\u00eau dung.<br \/>\nB\u1ea3o h\u00e0ng: 3 th\u00e1ng<br \/>\n<strong>Ph\u00e2n ph\u1ed1i: MAYBOMMINI.COM<br \/>\nTel: 0907294310<\/strong><\/p>\n","protected":false},"featured_media":256356,"comment_status":"open","ping_status":"closed","template":"","meta":[],"product_brand":[2362],"product_cat":[775,381],"product_tag":[703,704,500,776,779,391,705,392,393,235,780,778,781,706,629,707,389,231,394,2334],"class_list":{"0":"post-256259","1":"product","2":"type-product","3":"status-publish","4":"has-post-thumbnail","6":"product_brand-sunsun","7":"product_cat-may-bom-chim-220v","8":"product_cat-may-bom-chim","9":"product_tag-1400l","10":"product_tag-2000l","11":"product_tag-220v","12":"product_tag-500l","13":"product_tag-600l","14":"product_tag-bom-chat-thai","15":"product_tag-bom-chim","16":"product_tag-bom-chim-12v","17":"product_tag-bom-chim-24v","18":"product_tag-bom-nuoc-mini","19":"product_tag-hj-600","20":"product_tag-hj500","21":"product_tag-hj600","22":"product_tag-ho-ca","23":"product_tag-hon-non-bo","24":"product_tag-hqb","25":"product_tag-may-bom-chim","26":"product_tag-may-bom-mini","27":"product_tag-may-bom-tuoi","28":"product_tag-sunsun","30":"first","31":"instock","32":"sale","33":"featured","34":"shipping-taxable","35":"purchasable","36":"product-type-simple"},"_links":{"self":[{"href":"https:\/\/maybommini.vn\/index.php?rest_route=\/wp\/v2\/product\/256259","targetHints":{"allow":["GET"]}}],"collection":[{"href":"https:\/\/maybommini.vn\/index.php?rest_route=\/wp\/v2\/product"}],"about":[{"href":"https:\/\/maybommini.vn\/index.php?rest_route=\/wp\/v2\/types\/product"}],"replies":[{"embeddable":true,"href":"https:\/\/maybommini.vn\/index.php?rest_route=%2Fwp%2Fv2%2Fcomments&post=256259"}],"wp:featuredmedia":[{"embeddable":true,"href":"https:\/\/maybommini.vn\/index.php?rest_route=\/wp\/v2\/media\/256356"}],"wp:attachment":[{"href":"https:\/\/maybommini.vn\/index.php?rest_route=%2Fwp%2Fv2%2Fmedia&parent=256259"}],"wp:term":[{"taxonomy":"product_brand","embeddable":true,"href":"https:\/\/maybommini.vn\/index.php?rest_route=%2Fwp%2Fv2%2Fproduct_brand&post=256259"},{"taxonomy":"product_cat","embeddable":true,"href":"https:\/\/maybommini.vn\/index.php?rest_route=%2Fwp%2Fv2%2Fproduct_cat&post=256259"},{"taxonomy":"product_tag","embeddable":true,"href":"https:\/\/maybommini.vn\/index.php?rest_route=%2Fwp%2Fv2%2Fproduct_tag&post=256259"}],"curies":[{"name":"wp","href":"https:\/\/api.w.org\/{rel}","templated":true}]}}