{"id":256289,"date":"2018-04-12T19:31:42","date_gmt":"2018-04-12T12:31:42","guid":{"rendered":"https:\/\/maybommini.com\/san-pham\/import-placeholder-for-252585"},"modified":"2025-10-09T18:53:48","modified_gmt":"2025-10-09T11:53:48","slug":"may-bom-chim-220v-hj-2500-2500l","status":"publish","type":"product","link":"https:\/\/maybommini.vn\/?product=may-bom-chim-220v-hj-2500-2500l","title":{"rendered":"M\u00e1y b\u01a1m ch\u00ecm 220V HJ-2500 2500L"},"content":{"rendered":"<h3><strong>M\u00e1y b\u01a1m ch\u00ecm HJ-2500 2500L l\u00e0 lo\u1ea1i m\u00e1y b\u01a1m ch\u00ecm chuy\u00ean d\u1ee5ng\u00a0\u0111\u1ec3 b\u01a1m ch\u1ea5t th\u1ea3i, n\u01b0\u1edbc h\u1ed3 c\u00e1, b\u01a1m n\u01b0\u1edbc h\u00f2n non b\u1ed9.\u00a0\u0110\u00e2y l\u00e0 lo\u1ea1i m\u00e1y b\u01a1m ch\u00ecm c\u00f3 c\u00f4ng su\u1ea5t kh\u00e1 l\u1edbn v\u00e0 l\u01b0u l\u01b0\u1ee3ng b\u01a1m m\u1ea1nh\u00a0\u0111\u1ea1t 2500L\/H.<br \/>\n<\/strong><\/h3>\n<p><a href=\"https:\/\/maybommini.com\/wp-content\/uploads\/2018\/04\/may-bom-chim-220v-hj-2500-gia-tot.jpg\" target=\"_blank\" rel=\"noopener\"><img decoding=\"async\" class=\"size-full wp-image-259529 aligncenter\" src=\"https:\/\/maybommini.com\/wp-content\/uploads\/2018\/04\/may-bom-chim-220v-hj-2500-gia-tot.jpg\" alt=\"May Bom Chim 220v Hj 2500 Gia Tot\" width=\"820\" height=\"820\" srcset=\"https:\/\/maybommini.vn\/wp-content\/uploads\/2018\/04\/may-bom-chim-220v-hj-2500-gia-tot.jpg 820w, https:\/\/maybommini.vn\/wp-content\/uploads\/2018\/04\/may-bom-chim-220v-hj-2500-gia-tot-300x300.jpg 300w, https:\/\/maybommini.vn\/wp-content\/uploads\/2018\/04\/may-bom-chim-220v-hj-2500-gia-tot-150x150.jpg 150w, https:\/\/maybommini.vn\/wp-content\/uploads\/2018\/04\/may-bom-chim-220v-hj-2500-gia-tot-600x600.jpg 600w\" sizes=\"(max-width: 820px) 100vw, 820px\" \/><\/a><\/p>\n<p><strong>TH\u00d4NG S\u1ed0 K\u1ef8 THU\u1eacT<\/strong><br \/>\nModel: HJ-2500<br \/>\n\u0110i\u1ec7n th\u1ebf: 220V<br \/>\nC\u00f4ng su\u1ea5t b\u01a1m: 45W<br \/>\nL\u01b0u l\u01b0\u1ee3ng b\u01a1m: 2500 L\/H<br \/>\n\u1ed0ng ra: 12mm 16mm 20mm<br \/>\nB\u01a1m cao: 2.7 met<br \/>\nCh\u00ecm s\u00e2u t\u1ed1i \u0111a: 2.3 m\u00e9t<br \/>\nMotor : Kh\u00f4ng ch\u1ed5i than<br \/>\nCh\u1ea5t li\u1ec7u: \u0110\u1ed3ng \u2013 Nh\u1ef1a ABS<br \/>\nTi\u00eau chu\u1ea9n kh\u00e1n n\u01b0\u1edbc: IPX8<br \/>\nTr\u1ecdng l\u01b0\u1ee3ng: 1.1 Kg<br \/>\nTi\u00eau chu\u1ea9n Ch\u00e2u \u00c2u : CE<br \/>\nT\u00ecnh tr\u1ea1ng: H\u00e0ng m\u1edbi 100%<br \/>\nKh\u1eb3ng \u0111\u1ecbnh \u0111\u1ed9 an to\u00e0n, ch\u1ea5t l\u01b0\u1ee3ng s\u1ea3n ph\u1ea9m v\u1edbi ng\u01b0\u1eddi ti\u00eau dung.<br \/>\nB\u1ea3o h\u00e0ng: 3 th\u00e1ng<br \/>\n<strong>Ph\u00e2n ph\u1ed1i: <a href=\"https:\/\/maybomminimbm.vn\" target=\"_blank\" rel=\"noopener\">M\u00e1y B\u01a1m Mini MBM<\/a><\/strong><\/p>\n<p><a href=\"https:\/\/maybommini.com\/wp-content\/uploads\/2018\/04\/thong-so-ky-thuat-may-bom-chim-HJ.jpg\" target=\"_blank\" rel=\"noopener\"><img decoding=\"async\" class=\"size-full wp-image-259522 aligncenter\" src=\"https:\/\/maybommini.com\/wp-content\/uploads\/2018\/04\/thong-so-ky-thuat-may-bom-chim-HJ.jpg\" alt=\"Thong So Ky Thuat May Bom Chim HJ\" width=\"820\" height=\"820\" srcset=\"https:\/\/maybommini.vn\/wp-content\/uploads\/2018\/04\/thong-so-ky-thuat-may-bom-chim-HJ.jpg 820w, https:\/\/maybommini.vn\/wp-content\/uploads\/2018\/04\/thong-so-ky-thuat-may-bom-chim-HJ-300x300.jpg 300w, https:\/\/maybommini.vn\/wp-content\/uploads\/2018\/04\/thong-so-ky-thuat-may-bom-chim-HJ-150x150.jpg 150w, https:\/\/maybommini.vn\/wp-content\/uploads\/2018\/04\/thong-so-ky-thuat-may-bom-chim-HJ-600x600.jpg 600w\" sizes=\"(max-width: 820px) 100vw, 820px\" \/><\/a> <a href=\"https:\/\/maybommini.com\/wp-content\/uploads\/2018\/04\/kich-thuoc-ong-may-bom-chim-HJ.jpg\" target=\"_blank\" rel=\"noopener\"><img decoding=\"async\" class=\"size-full wp-image-259521 aligncenter\" src=\"https:\/\/maybommini.com\/wp-content\/uploads\/2018\/04\/kich-thuoc-ong-may-bom-chim-HJ.jpg\" alt=\"Kich Thuoc Ong May Bom Chim HJ\" width=\"820\" height=\"820\" srcset=\"https:\/\/maybommini.vn\/wp-content\/uploads\/2018\/04\/kich-thuoc-ong-may-bom-chim-HJ.jpg 820w, https:\/\/maybommini.vn\/wp-content\/uploads\/2018\/04\/kich-thuoc-ong-may-bom-chim-HJ-300x300.jpg 300w, https:\/\/maybommini.vn\/wp-content\/uploads\/2018\/04\/kich-thuoc-ong-may-bom-chim-HJ-150x150.jpg 150w, https:\/\/maybommini.vn\/wp-content\/uploads\/2018\/04\/kich-thuoc-ong-may-bom-chim-HJ-600x600.jpg 600w\" sizes=\"(max-width: 820px) 100vw, 820px\" \/><\/a><\/p>\n<p><strong>\u1ee8NG D\u1ee4NG<br \/>\n<\/strong>D\u00f9ng\u00a0\u0111\u1ec3 b\u01a1m ch\u1ea5t th\u1ea3i.<br \/>\nM\u00e1y b\u01a1m h\u00f2n non b\u1ed9.<br \/>\nM\u00e1y b\u01a1m h\u1ed3 c\u00e1.<br \/>\nM\u00e1y b\u01a1m l\u1ecdc n\u01b0\u1edbc h\u1ed3 c\u00e1.<br \/>\nM\u00e1y b\u01a1m n\u01b0\u1edbc tu\u1ea7n ho\u00e0n.<br \/>\nB\u01a1m n\u01b0\u1edbc ng\u1eadp trong nh\u00e0.<br \/>\nB\u01a1m c\u1ea5p n\u01b0\u1edbc v\u00e0o b\u1ec3 ch\u1ee9a.<\/p>\n<p><a href=\"http:\/\/maybommini.com\/wp-content\/uploads\/2016\/07\/bom-nuoc-ho-ca-hon-non-bo-tieu-canh-may-bom-loc-nuoc.jpg\" rel=\"attachment wp-att-245438 noopener\" target=\"_blank\"><img decoding=\"async\" class=\"size-large wp-image-245438 aligncenter\" src=\"http:\/\/maybommini.com\/wp-content\/uploads\/2016\/07\/bom-nuoc-ho-ca-hon-non-bo-tieu-canh-may-bom-loc-nuoc-738x1024.jpg\" alt=\"bom-nuoc-ho-ca-hon-non-bo-tieu-canh-may-bom-loc-nuoc\" width=\"738\" height=\"1024\" srcset=\"https:\/\/maybommini.vn\/wp-content\/uploads\/2016\/07\/bom-nuoc-ho-ca-hon-non-bo-tieu-canh-may-bom-loc-nuoc-738x1024.jpg 738w, https:\/\/maybommini.vn\/wp-content\/uploads\/2016\/07\/bom-nuoc-ho-ca-hon-non-bo-tieu-canh-may-bom-loc-nuoc-600x833.jpg 600w, https:\/\/maybommini.vn\/wp-content\/uploads\/2016\/07\/bom-nuoc-ho-ca-hon-non-bo-tieu-canh-may-bom-loc-nuoc-216x300.jpg 216w, https:\/\/maybommini.vn\/wp-content\/uploads\/2016\/07\/bom-nuoc-ho-ca-hon-non-bo-tieu-canh-may-bom-loc-nuoc.jpg 750w\" sizes=\"(max-width: 738px) 100vw, 738px\" \/><\/a><\/p>\n<p><strong>MUA M\u00c1Y B\u01a0M\u00a0<\/strong><strong>\u1ede \u0110\u00c2U ?<\/strong><\/p>\n<p>M\u1ecdi chi ti\u1ebft vui l\u00f2ng li\u00ean h\u1ec7 tr\u1ef1c ti\u1ebfp cho ch\u00fang t\u00f4i \u0111\u1ec3 \u0111\u01b0\u1ee3c t\u01b0 v\u1ea5n theo nhu c\u1ea7u \u0111\u1ec3 c\u00f3 \u0111\u01b0\u1ee3c b\u1ed9 s\u1ea3n ph\u1ea9m t\u1ed1t nh\u1ea5t v\u00e0 ti\u1ebft ki\u1ec7m.\u00a0B\u1ea1n \u1edf xa v\u1eabn c\u00f3 th\u1ec3 mua h\u00e0ng v\u00e0 giao h\u00e0ng <a title=\"thanh to\u00e1n\" href=\"http:\/\/maybommini.com\/thanh-toan\" target=\"_blank\" rel=\"noopener\">thanh to\u00e1n<\/a> ti\u1ec1n t\u1ea1i nh\u00e0.<br \/>\nKh\u00f4ng th\u1ec3 s\u1eed d\u1ee5ng b\u01a1m c\u00e1c n\u01b0\u1edbc ch\u1ea5t ki\u1ec1m, \u0103n m\u00f2n, ax\u00edt,&#8230; C\u00f3 th\u1ec3 g\u00e2y h\u1ea1i ch\u00e1y m\u00e1y b\u01a1m.<\/p>\n<p><a href=\"https:\/\/maybommini.com\/wp-content\/uploads\/2018\/04\/may-bom-nuoc-hon-non-bo-ho-ca.jpg\" target=\"_blank\" rel=\"noopener\"><img decoding=\"async\" class=\"size-full wp-image-259512 aligncenter\" src=\"https:\/\/maybommini.com\/wp-content\/uploads\/2018\/04\/may-bom-nuoc-hon-non-bo-ho-ca.jpg\" alt=\"May Bom Nuoc Hon Non Bo Ho Ca\" width=\"820\" height=\"820\" srcset=\"https:\/\/maybommini.vn\/wp-content\/uploads\/2018\/04\/may-bom-nuoc-hon-non-bo-ho-ca.jpg 820w, https:\/\/maybommini.vn\/wp-content\/uploads\/2018\/04\/may-bom-nuoc-hon-non-bo-ho-ca-300x300.jpg 300w, https:\/\/maybommini.vn\/wp-content\/uploads\/2018\/04\/may-bom-nuoc-hon-non-bo-ho-ca-150x150.jpg 150w, https:\/\/maybommini.vn\/wp-content\/uploads\/2018\/04\/may-bom-nuoc-hon-non-bo-ho-ca-600x600.jpg 600w\" sizes=\"(max-width: 820px) 100vw, 820px\" \/><\/a> <a href=\"https:\/\/maybommini.com\/wp-content\/uploads\/2018\/04\/may-bom-dai-phun-nuoc-1.jpg\" target=\"_blank\" rel=\"noopener\"><img decoding=\"async\" class=\"size-full wp-image-259509 aligncenter\" src=\"https:\/\/maybommini.com\/wp-content\/uploads\/2018\/04\/may-bom-dai-phun-nuoc-1.jpg\" alt=\"May Bom Dai Phun Nuoc\" width=\"820\" height=\"820\" srcset=\"https:\/\/maybommini.vn\/wp-content\/uploads\/2018\/04\/may-bom-dai-phun-nuoc-1.jpg 820w, https:\/\/maybommini.vn\/wp-content\/uploads\/2018\/04\/may-bom-dai-phun-nuoc-1-300x300.jpg 300w, https:\/\/maybommini.vn\/wp-content\/uploads\/2018\/04\/may-bom-dai-phun-nuoc-1-150x150.jpg 150w, https:\/\/maybommini.vn\/wp-content\/uploads\/2018\/04\/may-bom-dai-phun-nuoc-1-600x600.jpg 600w\" sizes=\"(max-width: 820px) 100vw, 820px\" \/><\/a><\/p>\n<p><a href=\"http:\/\/maybommini.com\/wp-content\/uploads\/2016\/07\/may-bom-chim-220v-ho-ca-tieu-canh-hon-non-bo.jpg\" rel=\"attachment wp-att-245440 noopener\" target=\"_blank\"><img decoding=\"async\" class=\" wp-image-245440 aligncenter\" src=\"http:\/\/maybommini.com\/wp-content\/uploads\/2016\/07\/may-bom-chim-220v-ho-ca-tieu-canh-hon-non-bo-457x1024.jpg\" alt=\"may-bom-chim-220v-ho-ca-tieu-canh-hon-non-bo\" width=\"773\" height=\"1805\" \/><\/a><\/p>\n<p>Email : maybommini.com@gmail.com<br \/>\nWebsite : http:\/\/maybommini.com<br \/>\nFacebook : https:\/\/www.facebook.com\/maybommini<br \/>\nGoogle : https:\/\/plus.google.com\/ Maybomnuocminiruaxe<br \/>\nYoutube demo : https:\/\/www.youtube.com\/bahamasali<\/p>\n","protected":false},"excerpt":{"rendered":"<p>Model: HJ-2500<br \/>\n\u0110i\u1ec7n th\u1ebf: 220V<br \/>\nC\u00f4ng su\u1ea5t b\u01a1m: 45W<br \/>\nL\u01b0u l\u01b0\u1ee3ng b\u01a1m: 2500 L\/H<br \/>\n\u1ed0ng ra: 12mm 16mm 20mm<br \/>\nB\u01a1m cao: 2.7 met<br \/>\nCh\u00ecm s\u00e2u t\u1ed1i \u0111a: 2.3 m\u00e9t<br \/>\nMotor : Kh\u00f4ng ch\u1ed5i than<br \/>\nCh\u1ea5t li\u1ec7u: \u0110\u1ed3ng \u2013 Nh\u1ef1a ABS<br \/>\nTi\u00eau chu\u1ea9n kh\u00e1n n\u01b0\u1edbc: IPX8<br \/>\nTr\u1ecdng l\u01b0\u1ee3ng: 1.1 Kg<br \/>\nTi\u00eau chu\u1ea9n Ch\u00e2u \u00c2u : CE<br \/>\nT\u00ecnh tr\u1ea1ng: H\u00e0ng m\u1edbi 100%<br \/>\nKh\u1eb3ng \u0111\u1ecbnh \u0111\u1ed9 an to\u00e0n, ch\u1ea5t l\u01b0\u1ee3ng s\u1ea3n ph\u1ea9m v\u1edbi ng\u01b0\u1eddi ti\u00eau dung.<br \/>\nB\u1ea3o h\u00e0ng: 3 th\u00e1ng<br \/>\n<strong>Ph\u00e2n ph\u1ed1i: <a href=\"https:\/\/maybomminimbm.vn\">M\u00e1y B\u01a1m Mini MBM<\/a><\/strong><\/p>\n","protected":false},"featured_media":256361,"comment_status":"open","ping_status":"closed","template":"","meta":[],"product_brand":[2362],"product_cat":[775],"product_tag":[784,391,705,393,235,2339,2338,706,629,389,231,394],"class_list":{"0":"post-256289","1":"product","2":"type-product","3":"status-publish","4":"has-post-thumbnail","6":"product_brand-sunsun","7":"product_cat-may-bom-chim-220v","8":"product_tag-2500l-h","9":"product_tag-bom-chat-thai","10":"product_tag-bom-chim","11":"product_tag-bom-chim-24v","12":"product_tag-bom-nuoc-mini","13":"product_tag-hj","14":"product_tag-hj-2500","15":"product_tag-ho-ca","16":"product_tag-hon-non-bo","17":"product_tag-may-bom-chim","18":"product_tag-may-bom-mini","19":"product_tag-may-bom-tuoi","21":"first","22":"instock","23":"sale","24":"featured","25":"shipping-taxable","26":"purchasable","27":"product-type-simple"},"_links":{"self":[{"href":"https:\/\/maybommini.vn\/index.php?rest_route=\/wp\/v2\/product\/256289","targetHints":{"allow":["GET"]}}],"collection":[{"href":"https:\/\/maybommini.vn\/index.php?rest_route=\/wp\/v2\/product"}],"about":[{"href":"https:\/\/maybommini.vn\/index.php?rest_route=\/wp\/v2\/types\/product"}],"replies":[{"embeddable":true,"href":"https:\/\/maybommini.vn\/index.php?rest_route=%2Fwp%2Fv2%2Fcomments&post=256289"}],"wp:featuredmedia":[{"embeddable":true,"href":"https:\/\/maybommini.vn\/index.php?rest_route=\/wp\/v2\/media\/256361"}],"wp:attachment":[{"href":"https:\/\/maybommini.vn\/index.php?rest_route=%2Fwp%2Fv2%2Fmedia&parent=256289"}],"wp:term":[{"taxonomy":"product_brand","embeddable":true,"href":"https:\/\/maybommini.vn\/index.php?rest_route=%2Fwp%2Fv2%2Fproduct_brand&post=256289"},{"taxonomy":"product_cat","embeddable":true,"href":"https:\/\/maybommini.vn\/index.php?rest_route=%2Fwp%2Fv2%2Fproduct_cat&post=256289"},{"taxonomy":"product_tag","embeddable":true,"href":"https:\/\/maybommini.vn\/index.php?rest_route=%2Fwp%2Fv2%2Fproduct_tag&post=256289"}],"curies":[{"name":"wp","href":"https:\/\/api.w.org\/{rel}","templated":true}]}}