{"id":256294,"date":"2018-04-12T19:31:44","date_gmt":"2018-04-12T12:31:44","guid":{"rendered":"https:\/\/maybommini.com\/san-pham\/import-placeholder-for-252590"},"modified":"2018-06-21T15:13:41","modified_gmt":"2018-06-21T08:13:41","slug":"sac-binh-ac-qui-12v-2a","status":"publish","type":"product","link":"https:\/\/maybommini.vn\/?product=sac-binh-ac-qui-12v-2a","title":{"rendered":"S\u1ea1c b\u00ecnh \u1eafc qui 12V 2A"},"content":{"rendered":"<h3><strong>S\u1ea1c b\u00ecnh \u1eafc\u00a0qui 12V 2A chuy\u00ean d\u00f9ng\u00a0\u0111\u1ec3 s\u1ea1c c\u00e1c lo\u1ea1i b\u00ecnh\u00a0\u00e1c quy kh\u00f4 ho\u1eb7c \u1eafc\u00a0quy n\u01b0\u1edbc. B\u1ea1n c\u0169ng c\u00f3 th\u1ec3 s\u1ea1c cho c\u00e1c lo\u1ea1i b\u00ecnh t\u1eeb 2A\u00a0\u0111\u1ebfn 100A 12V c\u00e1c lo\u1ea1i, s\u1ea1c b\u00ecnh \u1eafc\u00a0quy n\u00e0y l\u00e0 lo\u1ea1i t\u1ef1\u00a0\u0111\u1ed9ng ng\u1eaft\u00a0khi b\u00ecnh\u00a0\u0111\u1ea7y.<\/strong><\/h3>\n<p><img decoding=\"async\" class=\"size-full wp-image-245463 aligncenter\" src=\"https:\/\/maybommini.com\/wp-content\/uploads\/2016\/07\/sac-binh-ac-qui-12v-2a.jpg\" alt=\"sac-binh-ac-qui-12v-2a\" width=\"550\" height=\"550\" srcset=\"https:\/\/maybommini.vn\/wp-content\/uploads\/2016\/07\/sac-binh-ac-qui-12v-2a.jpg 550w, https:\/\/maybommini.vn\/wp-content\/uploads\/2016\/07\/sac-binh-ac-qui-12v-2a-300x300.jpg 300w, https:\/\/maybommini.vn\/wp-content\/uploads\/2016\/07\/sac-binh-ac-qui-12v-2a-150x150.jpg 150w\" sizes=\"(max-width: 550px) 100vw, 550px\" \/><\/p>\n<p><strong>TH\u00d4NG S\u1ed0 K\u1ef8 THU\u1eacT<\/strong><br \/>\n\u0110i\u1ec7n th\u1ebf v\u00e0o: AC 100-240V ~ 50 \/ 60Hz<br \/>\n\u0110\u1ec7n th\u1ebf ra: 12V-14V<br \/>\nC\u00f4ng su\u1ea5t: 2A &#8211; 2000mA<br \/>\nT\u1ef1\u00a0\u0111\u1ed9ng ng\u1eaft s\u1ea1c\u00a0\u0111\u1ea7y.<br \/>\nT\u1ef1\u00a0\u0111\u1ed9ng b\u1ea3o v\u1ec7 khi sai c\u1ef1c.<br \/>\n\u0110\u00e8n b\u00e1o s\u1ea1c.<br \/>\nK\u00edch th\u01b0\u1edbc: 85 \u00d7 45 \u00d7 53 (mm)<br \/>\nTr\u1ecdng l\u01b0\u1ee3ng: 300g<\/p>\n<h2 style=\"text-align: center;\"><strong><img decoding=\"async\" class=\"alignnone size-full wp-image-245464\" src=\"https:\/\/maybommini.com\/wp-content\/uploads\/2016\/07\/sac-binh-ac-quy-12v-tu-dong.jpg\" alt=\"sac-binh-ac-quy-12v-tu-dong\" width=\"750\" height=\"750\" srcset=\"https:\/\/maybommini.vn\/wp-content\/uploads\/2016\/07\/sac-binh-ac-quy-12v-tu-dong.jpg 750w, https:\/\/maybommini.vn\/wp-content\/uploads\/2016\/07\/sac-binh-ac-quy-12v-tu-dong-300x300.jpg 300w, https:\/\/maybommini.vn\/wp-content\/uploads\/2016\/07\/sac-binh-ac-quy-12v-tu-dong-600x600.jpg 600w, https:\/\/maybommini.vn\/wp-content\/uploads\/2016\/07\/sac-binh-ac-quy-12v-tu-dong-150x150.jpg 150w\" sizes=\"(max-width: 750px) 100vw, 750px\" \/><br \/>\nS\u1ea1c b\u00ecnh \u1eafc\u00a0qui 12V 2A<\/strong><\/h2>\n<p><strong>\u1ee8NG D\u1ee4NG S\u1ea0C \u1eaeC\u00a0QUY 12V<\/strong><br \/>\n&#8211; D\u00f9ng\u00a0\u0111\u1ec3 s\u1ea1c c\u00e1c lo\u1ea1i b\u00ecnh \u1eafc\u00a0quy kh\u00f4 ho\u1eb7c \u1eafc\u00a0quy n\u01b0\u1edbc.<br \/>\n&#8211; D\u00f9ng s\u1ea1c c\u00e1c lo\u1ea1i thi\u1ebft b\u1ecb d\u00f9ng pin,\u00a0\u00e1c quy,&#8230;<br \/>\n&#8211; S\u1ea1c xe\u00a0\u0111i\u1ec7n 12V.<br \/>\n&#8211; S\u1ea1c thi\u1ebft b\u1ecb d\u00f9ng n\u0103ng l\u01b0\u1ee3ng Pin,\u00a0\u00e1c quy 12v.<\/p>\n<p>V\u1edbi t\u00ednh n\u0103ng ho\u00e0n to\u00e0n t\u1ef1\u00a0\u0111\u1ed9ng B\u1ea1n c\u00f3 th\u1ec3 y\u00ean t\u00e2m s\u1ea1c b\u00ecnh\u00a0\u00e1c quy c\u1ee7a m\u00ecnh, n\u00e2ng cao tu\u1ed5i th\u1ecd b\u00ecnh\u00a0\u00e1c quy.<\/p>\n<p><strong>MUA S\u1ea0C \u1eaeC\u00a0QUY 12V\u00a0\u1ede\u00a0\u0110\u00c2U ?<br \/>\nCh\u00fang t\u00f4i chuy\u00ean cung c\u1ea5p c\u00e1c thi\u1ebft bi6 s\u1ea1c\u00a0\u1eafc quy, s\u1ea1c pin v\u00e0 adapter c\u00e1c lo\u1ea1i.<br \/>\n<\/strong><strong><br \/>\nCTY TNHH TH\u01af\u01a0NG M\u1ea0I D\u1ecaCH V\u1ee4 \u0110I\u1ec6N M\u00c1Y TH\u00d4NG MINH<br \/>\nHotline : 090 729 4310<br \/>\nEmail : maybommini.com@gmail.com<br \/>\nWebsite : http:\/\/maybommini.com<br \/>\nFacebook : <a href=\"https:\/\/www.facebook.com\/maybommini\" target=\"_blank\" rel=\"noopener\">https:\/\/www.facebook.com\/maybommini<\/a><br \/>\nGoogle   : <a href=\"https:\/\/plus.google.com\/ Maybomnuocminiruaxe\" target=\"_blank\" rel=\"noopener\">https:\/\/plus.google.com\/ Maybomnuocminiruaxe<\/a><br \/>\nYoutube demo : <a href=\"https:\/\/www.youtube.com\/bahamasali\" target=\"_blank\" rel=\"noopener\">https:\/\/www.youtube.com\/bahamasali<\/a><br \/>\n<\/strong><\/p>\n","protected":false},"excerpt":{"rendered":"<p>\u0110i\u1ec7n th\u1ebf v\u00e0o: AC 100-240V ~ 50 \/ 60Hz<br \/>\n\u0110\u1ec7n th\u1ebf ra: 12V-14V<br \/>\nC\u00f4ng su\u1ea5t: 2A &#8211; 2000mA<br \/>\nT\u1ef1\u00a0\u0111\u1ed9ng ng\u1eaft s\u1ea1c\u00a0\u0111\u1ea7y.<br \/>\nT\u1ef1\u00a0\u0111\u1ed9ng b\u1ea3o v\u1ec7 khi sai c\u1ef1c.<br \/>\n\u0110\u00e8n b\u00e1o s\u1ea1c.<br \/>\nK\u00edch th\u01b0\u1edbc: 85 \u00d7 45 \u00d7 53 (mm)<br \/>\nTr\u1ecdng l\u01b0\u1ee3ng: 300g<br \/>\nS\u1ea3n xu\u1ea5t: Trung Qu\u1ed1c Cao C\u1ea5p<br \/>\nB\u1ea3o h\u00e0nh: 3 th\u00e1ng ch\u00ednh h\u00e3ng<br \/>\nTel: 090 729 4310<\/p>\n","protected":false},"featured_media":256368,"comment_status":"open","ping_status":"closed","template":"","meta":[],"product_brand":[],"product_cat":[257],"product_tag":[267,793,794,433,434,435,795,796,797,798,799],"class_list":{"0":"post-256294","1":"product","2":"type-product","3":"status-publish","4":"has-post-thumbnail","6":"product_cat-nguon-dien-adapter-sac-pin-binh","7":"product_tag-12v","8":"product_tag-12v-1-2a","9":"product_tag-sa-ac-quy","10":"product_tag-sac","11":"product_tag-sac-12v","12":"product_tag-sac-ac-quy","13":"product_tag-sac-binh","14":"product_tag-sac-binh-ac-quy","15":"product_tag-sac-thong-minh","16":"product_tag-sac-tu-dong","17":"product_tag-sac-tu-ngat","19":"first","20":"instock","21":"shipping-taxable","22":"purchasable","23":"product-type-simple"},"_links":{"self":[{"href":"https:\/\/maybommini.vn\/index.php?rest_route=\/wp\/v2\/product\/256294","targetHints":{"allow":["GET"]}}],"collection":[{"href":"https:\/\/maybommini.vn\/index.php?rest_route=\/wp\/v2\/product"}],"about":[{"href":"https:\/\/maybommini.vn\/index.php?rest_route=\/wp\/v2\/types\/product"}],"replies":[{"embeddable":true,"href":"https:\/\/maybommini.vn\/index.php?rest_route=%2Fwp%2Fv2%2Fcomments&post=256294"}],"wp:featuredmedia":[{"embeddable":true,"href":"https:\/\/maybommini.vn\/index.php?rest_route=\/wp\/v2\/media\/256368"}],"wp:attachment":[{"href":"https:\/\/maybommini.vn\/index.php?rest_route=%2Fwp%2Fv2%2Fmedia&parent=256294"}],"wp:term":[{"taxonomy":"product_brand","embeddable":true,"href":"https:\/\/maybommini.vn\/index.php?rest_route=%2Fwp%2Fv2%2Fproduct_brand&post=256294"},{"taxonomy":"product_cat","embeddable":true,"href":"https:\/\/maybommini.vn\/index.php?rest_route=%2Fwp%2Fv2%2Fproduct_cat&post=256294"},{"taxonomy":"product_tag","embeddable":true,"href":"https:\/\/maybommini.vn\/index.php?rest_route=%2Fwp%2Fv2%2Fproduct_tag&post=256294"}],"curies":[{"name":"wp","href":"https:\/\/api.w.org\/{rel}","templated":true}]}}