{"id":256320,"date":"2018-04-12T19:32:07","date_gmt":"2018-04-12T12:32:07","guid":{"rendered":"https:\/\/maybommini.com\/san-pham\/import-placeholder-for-252614"},"modified":"2025-04-03T16:16:47","modified_gmt":"2025-04-03T09:16:47","slug":"phao-cong-tac-12v-24v-32v-20a","status":"publish","type":"product","link":"https:\/\/maybommini.vn\/?product=phao-cong-tac-12v-24v-32v-20a","title":{"rendered":"Phao c\u00f4ng t\u1eafc 12V 24V 32V &#8211; 20A"},"content":{"rendered":"<p style=\"text-align: left;\"><strong>Phao c\u00f4ng t\u1eafc 12V 24V 32V &#8211; 20A l\u00e0 lo\u1ea1i phao c\u00f4ng t\u1eafc ch\u00ecm chuy\u00ean d\u00f9ng cho Cano t\u00e0u thuy\u1ec1n v\u00e0 h\u1ec7 th\u1ed1ng b\u01a1m ch\u1ed1ng ng\u1eadp n\u01b0\u1edbc. C\u00f4ng t\u1eafc phao\u00a0\u0111\u01b0\u1ee3c th\u1ea3 ch\u00ecm\u00a0\u1edf\u00a0\u0111\u00e1y n\u01b0\u1edbc, khi n\u01b0\u1edbc tr\u00e0ng h\u01a1n phao t\u1ef1\u00a0\u0111\u1ed9ng k\u00edch ho\u1ea1t m\u00e1y b\u01a1m.<\/strong><\/p>\n<p><img decoding=\"async\" class=\"size-full wp-image-255739 aligncenter\" src=\"https:\/\/maybommini.com.vn\/wp-content\/uploads\/2018\/01\/Automatic-Electric-Bilge-Pump-Float-Switch.jpg\" alt=\"Automatic Electric Bilge Pump Float Switch\" width=\"800\" height=\"800\" \/><\/p>\n<p><a href=\"http:\/\/maybommini.com\/wp-content\/uploads\/2016\/07\/phao-cong-tat-12v-24v-32v-dc.jpg\" rel=\"attachment wp-att-245482 noopener\" target=\"_blank\"><img decoding=\"async\" class=\"size-full wp-image-245482 aligncenter\" src=\"http:\/\/maybommini.com\/wp-content\/uploads\/2016\/07\/phao-cong-tat-12v-24v-32v-dc.jpg\" alt=\"phao-cong-tat-12v-24v-32v-dc\" width=\"660\" height=\"660\" srcset=\"https:\/\/maybommini.vn\/wp-content\/uploads\/2016\/07\/phao-cong-tat-12v-24v-32v-dc.jpg 660w, https:\/\/maybommini.vn\/wp-content\/uploads\/2016\/07\/phao-cong-tat-12v-24v-32v-dc-300x300.jpg 300w, https:\/\/maybommini.vn\/wp-content\/uploads\/2016\/07\/phao-cong-tat-12v-24v-32v-dc-600x600.jpg 600w, https:\/\/maybommini.vn\/wp-content\/uploads\/2016\/07\/phao-cong-tat-12v-24v-32v-dc-150x150.jpg 150w\" sizes=\"(max-width: 660px) 100vw, 660px\" \/><\/a><\/p>\n<p><strong>TH\u00d4NG S\u1ed0 K\u1ef8 THU\u1eacT PHAO C\u00d4NG T\u1eaeC<br \/>\n<\/strong>Th\u01b0\u01a1ng hi\u1ec7u: Singflo<br \/>\nModel :\u00a0MAX 20AMP 12-24-32 VDC<br \/>\nT\u00ecnh tr\u1ea1ng: H\u00e0ng m\u1edbi 100%<br \/>\n\u0110i\u1ec7n th\u1ebf: 12V 24V 36V DC<br \/>\nC\u00f4ng su\u1ea5t ch\u1ecbu t\u1ea3i: 12V 20A , 24V 10A, 32V 8A.<br \/>\nTr\u1ecdng l\u01b0\u1ee3ng: 200 Gam<br \/>\nC\u00f4ng t\u1eafc m\u1edf : m\u1ef1c n\u01b0\u1edbc cao h\u01a1n 51mm<br \/>\nC\u00f4ng t\u1eafc t\u1eaft\u00a0: m\u1ef1c n\u01b0\u1edbc th\u1ea5p\u00a0h\u01a1n 19mm<br \/>\nB\u1ea3o h\u00e0ng: 3 th\u00e1ng<br \/>\nPh\u00e2n ph\u1ed1i: <a href=\"https:\/\/maybommini.com.vn\" target=\"_blank\" rel=\"noopener\">M\u00c1Y B\u01a0M MINI<\/a><\/p>\n<p><img decoding=\"async\" class=\"size-full wp-image-255744 aligncenter\" src=\"https:\/\/maybommini.com.vn\/wp-content\/uploads\/2018\/01\/thong-so-ky-thuat-phao-cong-tac.jpg\" alt=\"Thong So Ky Thuat Phao Cong Tac\" width=\"800\" height=\"800\" \/><\/p>\n<p><a href=\"http:\/\/maybommini.com\/wp-content\/uploads\/2016\/07\/phao-cong-tat-may-bom-cano-tau-thuyen.jpg\" rel=\"attachment wp-att-245483 noopener\" target=\"_blank\"><img decoding=\"async\" class=\"size-full wp-image-245483 aligncenter\" src=\"http:\/\/maybommini.com\/wp-content\/uploads\/2016\/07\/phao-cong-tat-may-bom-cano-tau-thuyen.jpg\" alt=\"phao-cong-tat-may-bom-cano-tau-thuyen\" width=\"660\" height=\"660\" srcset=\"https:\/\/maybommini.vn\/wp-content\/uploads\/2016\/07\/phao-cong-tat-may-bom-cano-tau-thuyen.jpg 660w, https:\/\/maybommini.vn\/wp-content\/uploads\/2016\/07\/phao-cong-tat-may-bom-cano-tau-thuyen-300x300.jpg 300w, https:\/\/maybommini.vn\/wp-content\/uploads\/2016\/07\/phao-cong-tat-may-bom-cano-tau-thuyen-600x600.jpg 600w, https:\/\/maybommini.vn\/wp-content\/uploads\/2016\/07\/phao-cong-tat-may-bom-cano-tau-thuyen-150x150.jpg 150w\" sizes=\"(max-width: 660px) 100vw, 660px\" \/><\/a><\/p>\n<p><a href=\"http:\/\/maybommini.com\/wp-content\/uploads\/2016\/05\/may-bom-chim-12v-1.jpg\" rel=\"attachment wp-att-245252 noopener\" target=\"_blank\"><img decoding=\"async\" class=\"size-full wp-image-245252 aligncenter\" src=\"http:\/\/maybommini.com\/wp-content\/uploads\/2016\/05\/may-bom-chim-12v-1.jpg\" alt=\"may-bom-chim-12v\" width=\"750\" height=\"750\" srcset=\"https:\/\/maybommini.vn\/wp-content\/uploads\/2016\/05\/may-bom-chim-12v-1.jpg 750w, https:\/\/maybommini.vn\/wp-content\/uploads\/2016\/05\/may-bom-chim-12v-1-300x300.jpg 300w, https:\/\/maybommini.vn\/wp-content\/uploads\/2016\/05\/may-bom-chim-12v-1-600x600.jpg 600w, https:\/\/maybommini.vn\/wp-content\/uploads\/2016\/05\/may-bom-chim-12v-1-150x150.jpg 150w\" sizes=\"(max-width: 750px) 100vw, 750px\" \/><\/a><\/p>\n<h3><strong>\u1ee8NG D\u1ee4NG\u00a0<\/strong><strong>PHAO C\u00d4NG T\u1eaeC<\/strong><\/h3>\n<p>D\u00f9ng cho m\u00e1y b\u01a1m t\u00e0u thuy\u1ec1n Cano.<br \/>\nD\u00f9ng\u00a0\u0111\u1ec3 b\u01a1m ch\u1ea5t th\u1ea3i.<br \/>\nB\u01a1m n\u01b0\u1edbc ng\u1eadp trong nh\u00e0.<br \/>\nB\u01a1m c\u1ea5p n\u01b0\u1edbc v\u00e0o b\u1ec3 ch\u1ee9a.<br \/>\nM\u00e1y b\u01a1m t\u00e0u thuy\u1ec1n ghe tr\u00ean bi\u1ec3n s\u00f4ng.<br \/>\nM\u00e1y b\u01a1m n\u0103ng l\u01b0\u1ee3ng m\u1eb7t tr\u1eddi.<\/p>\n<p><a href=\"http:\/\/maybommini.com\/wp-content\/uploads\/2016\/07\/phao-cong-tat-tu-dong-may-bom.jpg\" rel=\"attachment wp-att-245484 noopener\" target=\"_blank\"><img decoding=\"async\" class=\"size-full wp-image-245484 aligncenter\" src=\"http:\/\/maybommini.com\/wp-content\/uploads\/2016\/07\/phao-cong-tat-tu-dong-may-bom.jpg\" alt=\"phao-cong-tat-tu-dong-may-bom\" width=\"660\" height=\"660\" srcset=\"https:\/\/maybommini.vn\/wp-content\/uploads\/2016\/07\/phao-cong-tat-tu-dong-may-bom.jpg 660w, https:\/\/maybommini.vn\/wp-content\/uploads\/2016\/07\/phao-cong-tat-tu-dong-may-bom-300x300.jpg 300w, https:\/\/maybommini.vn\/wp-content\/uploads\/2016\/07\/phao-cong-tat-tu-dong-may-bom-600x600.jpg 600w, https:\/\/maybommini.vn\/wp-content\/uploads\/2016\/07\/phao-cong-tat-tu-dong-may-bom-150x150.jpg 150w\" sizes=\"(max-width: 660px) 100vw, 660px\" \/><\/a><\/p>\n<p><img decoding=\"async\" class=\"size-full wp-image-245255 aligncenter\" src=\"http:\/\/maybommini.com\/wp-content\/uploads\/2016\/05\/may-bom-cho-tau-thuyen-cano.jpg\" alt=\"may-bom-cho-tau-thuyen-cano\" width=\"750\" height=\"503\" srcset=\"https:\/\/maybommini.vn\/wp-content\/uploads\/2016\/05\/may-bom-cho-tau-thuyen-cano.jpg 750w, https:\/\/maybommini.vn\/wp-content\/uploads\/2016\/05\/may-bom-cho-tau-thuyen-cano-600x402.jpg 600w, https:\/\/maybommini.vn\/wp-content\/uploads\/2016\/05\/may-bom-cho-tau-thuyen-cano-300x201.jpg 300w\" sizes=\"(max-width: 750px) 100vw, 750px\" \/><strong>MUA\u00a0<\/strong><strong>PHAO C\u00d4NG T\u1eaeC 12v 24v 32v<\/strong><strong>\u00a0\u1ede \u0110\u00c2U ?<br \/>\n<\/strong>M\u1ecdi chi ti\u1ebft vui l\u00f2ng li\u00ean h\u1ec7 tr\u1ef1c ti\u1ebfp cho ch\u00fang t\u00f4i \u0111\u1ec3 \u0111\u01b0\u1ee3c t\u01b0 v\u1ea5n theo nhu c\u1ea7u \u0111\u1ec3 c\u00f3 \u0111\u01b0\u1ee3c b\u1ed9 s\u1ea3n ph\u1ea9m t\u1ed1t nh\u1ea5t v\u00e0 ti\u1ebft ki\u1ec7m.\u00a0B\u1ea1n \u1edf xa v\u1eabn c\u00f3 th\u1ec3 mua h\u00e0ng v\u00e0 giao h\u00e0ng <a title=\"thanh to\u00e1n\" href=\"http:\/\/maybommini.com\/thanh-toan\" target=\"_blank\" rel=\"noopener\">thanh to\u00e1n<\/a> ti\u1ec1n t\u1ea1i nh\u00e0.<br \/>\nKh\u00f4ng th\u1ec3 s\u1eed d\u1ee5ng b\u01a1m c\u00e1c n\u01b0\u1edbc ch\u1ea5t ki\u1ec1m, \u0103n m\u00f2n, ax\u00edt,&#8230; C\u00f3 th\u1ec3 g\u00e2y h\u1ea1i ch\u00e1y m\u00e1y b\u01a1m.<\/p>\n<p><img decoding=\"async\" class=\"size-full wp-image-255743 aligncenter\" src=\"https:\/\/maybommini.com.vn\/wp-content\/uploads\/2018\/01\/tac-mo-tu-dong-may-bom.jpg\" alt=\"Tac Mo Tu Dong May Bom\" width=\"800\" height=\"800\" \/> <img decoding=\"async\" class=\"size-full wp-image-255742 aligncenter\" src=\"https:\/\/maybommini.com.vn\/wp-content\/uploads\/2018\/01\/phao-cong-tac-tu-dong-may-bom.jpg\" alt=\"Phao Cong Tac Tu Dong May Bom\" width=\"800\" height=\"800\" \/> <img decoding=\"async\" class=\"size-full wp-image-255741 aligncenter\" src=\"https:\/\/maybommini.com.vn\/wp-content\/uploads\/2018\/01\/bom-tu-dong-khi-ngap-nuoc.jpg\" alt=\"Bom Tu Dong Khi Ngap Nuoc\" width=\"800\" height=\"800\" \/> <img decoding=\"async\" class=\"size-full wp-image-255740 aligncenter\" src=\"https:\/\/maybommini.com.vn\/wp-content\/uploads\/2018\/01\/auto-on-off.jpg\" alt=\"Auto On Off\" width=\"800\" height=\"800\" \/><\/p>\n<p><strong>CTY TNHH TH\u01af\u01a0NG M\u1ea0I D\u1ecaCH V\u1ee4 \u0110I\u1ec6N M\u00c1Y TH\u00d4NG MINH<\/strong><br \/>\nHotline : 090 729 4310<br \/>\nEmail : maybommini.com@gmail.com<br \/>\nWebsite : http:\/\/maybommini.com<br \/>\nFacebook : <a href=\"https:\/\/www.facebook.com\/maybommini\" target=\"_blank\" rel=\"noopener\">https:\/\/www.facebook.com\/maybommini<\/a><br \/>\nGoogle : <a href=\"https:\/\/plus.google.com\/ Maybomnuocminiruaxe\" target=\"_blank\" rel=\"noopener\">https:\/\/plus.google.com\/ Maybomnuocminiruaxe<\/a><br \/>\nYoutube demo : <a href=\"https:\/\/www.youtube.com\/bahamasali\" target=\"_blank\" rel=\"noopener\">https:\/\/www.youtube.com\/bahamasali<\/a><\/p>\n","protected":false},"excerpt":{"rendered":"<p>Model :\u00a0MAX 20AMP 12-24-32 VDC<br \/>\nT\u00ecnh tr\u1ea1ng: H\u00e0ng m\u1edbi 100%<br \/>\n\u0110i\u1ec7n th\u1ebf: 12V 24V 36V DC<br \/>\nC\u00f4ng su\u1ea5t ch\u1ecbu t\u1ea3i: 12V 20A , 24V 10A, 32V 8A.<br \/>\nTr\u1ecdng l\u01b0\u1ee3ng: 200 Gam<br \/>\nC\u00f4ng t\u1eafc m\u1edf : m\u1ef1c n\u01b0\u1edbc cao h\u01a1n 51mm<br \/>\nC\u00f4ng t\u1eafc t\u1eaft\u00a0: m\u1ef1c n\u01b0\u1edbc th\u1ea5p\u00a0h\u01a1n 19mm<br \/>\nB\u1ea3o h\u00e0ng: 3 th\u00e1ng ch\u00ednh h\u00e3ng<br \/>\nPh\u00e2n ph\u1ed1i: M\u00c1Y B\u01a0M MINI<\/p>\n","protected":false},"featured_media":256390,"comment_status":"open","ping_status":"closed","template":"","meta":[],"product_brand":[2574],"product_cat":[649,381,382,2033,613,214],"product_tag":[267,391,705,392,393,708,709,235,710,389,231,711,712,394,805,3585,3588,806,807,808,3587,3586,809],"class_list":{"0":"post-256320","1":"product","2":"type-product","3":"status-publish","4":"has-post-thumbnail","6":"product_brand-singflo","7":"product_cat-cong-tat-cam-bien-dong-chay","8":"product_cat-may-bom-chim","9":"product_cat-may-bom-chim-12v","10":"product_cat-may-bom-chim-24v","11":"product_cat-may-bom-ho-ca","12":"product_cat-phu-kien-bom-nuoc","13":"product_tag-12v","14":"product_tag-bom-chat-thai","15":"product_tag-bom-chim","16":"product_tag-bom-chim-12v","17":"product_tag-bom-chim-24v","18":"product_tag-bom-day-tau","19":"product_tag-bom-nuoc-bien","20":"product_tag-bom-nuoc-mini","21":"product_tag-may-bom-cano","22":"product_tag-may-bom-chim","23":"product_tag-may-bom-mini","24":"product_tag-may-bom-tau","25":"product_tag-may-bom-thuyen","26":"product_tag-may-bom-tuoi","27":"product_tag-phao-cong-tac","28":"product_tag-phao-cong-tat","29":"product_tag-phao-cong-tat-may-bom-chim","30":"product_tag-phao-may-bom","31":"product_tag-phao-may-bom-cano","32":"product_tag-phao-may-bom-tau-thuyen","33":"product_tag-phao-nuoc","34":"product_tag-phao-role","35":"product_tag-phao-tu-dong","37":"first","38":"instock","39":"sale","40":"featured","41":"shipping-taxable","42":"purchasable","43":"product-type-simple"},"_links":{"self":[{"href":"https:\/\/maybommini.vn\/index.php?rest_route=\/wp\/v2\/product\/256320","targetHints":{"allow":["GET"]}}],"collection":[{"href":"https:\/\/maybommini.vn\/index.php?rest_route=\/wp\/v2\/product"}],"about":[{"href":"https:\/\/maybommini.vn\/index.php?rest_route=\/wp\/v2\/types\/product"}],"replies":[{"embeddable":true,"href":"https:\/\/maybommini.vn\/index.php?rest_route=%2Fwp%2Fv2%2Fcomments&post=256320"}],"wp:featuredmedia":[{"embeddable":true,"href":"https:\/\/maybommini.vn\/index.php?rest_route=\/wp\/v2\/media\/256390"}],"wp:attachment":[{"href":"https:\/\/maybommini.vn\/index.php?rest_route=%2Fwp%2Fv2%2Fmedia&parent=256320"}],"wp:term":[{"taxonomy":"product_brand","embeddable":true,"href":"https:\/\/maybommini.vn\/index.php?rest_route=%2Fwp%2Fv2%2Fproduct_brand&post=256320"},{"taxonomy":"product_cat","embeddable":true,"href":"https:\/\/maybommini.vn\/index.php?rest_route=%2Fwp%2Fv2%2Fproduct_cat&post=256320"},{"taxonomy":"product_tag","embeddable":true,"href":"https:\/\/maybommini.vn\/index.php?rest_route=%2Fwp%2Fv2%2Fproduct_tag&post=256320"}],"curies":[{"name":"wp","href":"https:\/\/api.w.org\/{rel}","templated":true}]}}