{"id":256322,"date":"2018-04-12T19:32:08","date_gmt":"2018-04-12T12:32:08","guid":{"rendered":"https:\/\/maybommini.com\/san-pham\/import-placeholder-for-252616"},"modified":"2025-07-05T13:10:16","modified_gmt":"2025-07-05T06:10:16","slug":"bom-nuoc-mini-ap-luc-12v-30w-3l","status":"publish","type":"product","link":"https:\/\/maybommini.vn\/?product=bom-nuoc-mini-ap-luc-12v-30w-3l","title":{"rendered":"B\u01a1m N\u01b0\u1edbc Mini \u00c1p L\u1ef1c 12V 30W 3L"},"content":{"rendered":"<h3><strong>V\u1edbi \u01b0u \u0111i\u1ec3m nh\u1ecf g\u1ecdn m\u00e1y b\u01a1m n\u01b0\u1edbc \u00e1p l\u1ef1c 12v 30w l\u00e0 l\u1ef1a ch\u1ecdn ho\u00e0n to\u00e0n \u0111\u00e1p \u1ee9ng \u0111\u01b0\u1ee3c nhu c\u1ea7u c\u1ee7a b\u1ea1n\u00a0\u0111\u1ec3 phun s\u01b0\u01a1ng, phun thu\u1ed1c s\u00e2u, phun t\u01b0\u1edbi lan, t\u01b0\u1edbi nh\u1ecf gi\u1ecdt, b\u01a1m n\u01b0\u1edbc v\u00e0 c\u00e1c nhu c\u1ea7u kh\u00e1c.<\/strong><\/h3>\n<p><img decoding=\"async\" class=\"size-full wp-image-254268 aligncenter\" src=\"https:\/\/maybommini.com.vn\/wp-content\/uploads\/2018\/01\/bom-nuoc-mini-12v-30w-1.jpg\" alt=\"Bom Nuoc Mini 12v 30w\" width=\"550\" height=\"550\" srcset=\"https:\/\/maybommini.vn\/wp-content\/uploads\/2018\/01\/bom-nuoc-mini-12v-30w-1.jpg 550w, https:\/\/maybommini.vn\/wp-content\/uploads\/2018\/01\/bom-nuoc-mini-12v-30w-1-300x300.jpg 300w, https:\/\/maybommini.vn\/wp-content\/uploads\/2018\/01\/bom-nuoc-mini-12v-30w-1-150x150.jpg 150w\" sizes=\"(max-width: 550px) 100vw, 550px\" \/><\/p>\n<p><strong>Th\u00f4ng s\u1ed1 k\u1ef9 thu\u1eadt c\u1ee7a b\u01a1m n\u01b0\u1edbc mini 12V 30W<br \/>\n<\/strong>Th\u01b0\u01a1ng hi\u1ec7u: SmartPumps<br \/>\n\u0110i\u1ec7n \u00e1p: DC12V<br \/>\nC\u00f4ng su\u1ea5t (t\u1ed1i \u0111a): 30W<br \/>\n\u00c1p l\u1ef1c n\u01b0\u1edbc \u0111\u1ea7u v\u00e0o: 0.2Mpa.<br \/>\n\u00c1p su\u1ea5t n\u01b0\u1edbc ra: 0.4 Mpa<br \/>\nL\u01b0u l\u01b0\u1ee3ng: 2-3L\/ ph\u00fat.<br \/>\nC\u00f4ng t\u1eafc \u00e1p su\u1ea5t t\u1ef1 \u0111\u1ed9ng: Kh\u00f4ng<br \/>\nV\u1ecf b\u00ean ngo\u00e0i: Nh\u1ef1a ABS<br \/>\nL\u1ecfi mortor :\u00a0\u0110\u1ed3ng<br \/>\nLo\u1ea1i\u00a0\u0111\u1ed9ng c\u01a1: ch\u1ed5i than<br \/>\nXu\u1ea5t s\u1ee9: Trung Qu\u1ed1c Cao C\u1ea5p<br \/>\nB\u1ea3o h\u00e0ng : 3 th\u00e1ng 1\u00a0\u0111\u1ed5i 1.<br \/>\n<a href=\"http:\/\/maybommini.com\/wp-content\/uploads\/2016\/07\/may-bom-ap-luc-mini-12v-35w.jpg\" rel=\"attachment wp-att-245492 noopener\" target=\"_blank\"><br \/>\n<\/a><img decoding=\"async\" class=\"size-full wp-image-254266 aligncenter\" src=\"https:\/\/maybommini.com.vn\/wp-content\/uploads\/2018\/01\/may-bom-ap-luc-mini-5.jpg\" alt=\"May Bom Ap Luc Mini\" width=\"550\" height=\"550\" srcset=\"https:\/\/maybommini.vn\/wp-content\/uploads\/2018\/01\/may-bom-ap-luc-mini-5.jpg 550w, https:\/\/maybommini.vn\/wp-content\/uploads\/2018\/01\/may-bom-ap-luc-mini-5-300x300.jpg 300w, https:\/\/maybommini.vn\/wp-content\/uploads\/2018\/01\/may-bom-ap-luc-mini-5-150x150.jpg 150w, https:\/\/maybommini.vn\/wp-content\/uploads\/2018\/01\/may-bom-ap-luc-mini-5-270x270.jpg 270w, https:\/\/maybommini.vn\/wp-content\/uploads\/2018\/01\/may-bom-ap-luc-mini-5-375x375.jpg 375w, https:\/\/maybommini.vn\/wp-content\/uploads\/2018\/01\/may-bom-ap-luc-mini-5-140x140.jpg 140w, https:\/\/maybommini.vn\/wp-content\/uploads\/2018\/01\/may-bom-ap-luc-mini-5-131x131.jpg 131w, https:\/\/maybommini.vn\/wp-content\/uploads\/2018\/01\/may-bom-ap-luc-mini-5-142x142.jpg 142w, https:\/\/maybommini.vn\/wp-content\/uploads\/2018\/01\/may-bom-ap-luc-mini-5-164x164.jpg 164w, https:\/\/maybommini.vn\/wp-content\/uploads\/2018\/01\/may-bom-ap-luc-mini-5-175x175.jpg 175w, https:\/\/maybommini.vn\/wp-content\/uploads\/2018\/01\/may-bom-ap-luc-mini-5-193x193.jpg 193w, https:\/\/maybommini.vn\/wp-content\/uploads\/2018\/01\/may-bom-ap-luc-mini-5-200x200.jpg 200w, https:\/\/maybommini.vn\/wp-content\/uploads\/2018\/01\/may-bom-ap-luc-mini-5-204x204.jpg 204w, https:\/\/maybommini.vn\/wp-content\/uploads\/2018\/01\/may-bom-ap-luc-mini-5-213x213.jpg 213w, https:\/\/maybommini.vn\/wp-content\/uploads\/2018\/01\/may-bom-ap-luc-mini-5-248x248.jpg 248w, https:\/\/maybommini.vn\/wp-content\/uploads\/2018\/01\/may-bom-ap-luc-mini-5-260x260.jpg 260w\" sizes=\"(max-width: 550px) 100vw, 550px\" \/> <img decoding=\"async\" class=\"size-full wp-image-254264 aligncenter\" src=\"https:\/\/maybommini.com.vn\/wp-content\/uploads\/2018\/01\/bom-nuoc-mini-12v-24v-2.jpg\" alt=\"Bom Nuoc Mini 12v 24v\" width=\"550\" height=\"550\" srcset=\"https:\/\/maybommini.vn\/wp-content\/uploads\/2018\/01\/bom-nuoc-mini-12v-24v-2.jpg 550w, https:\/\/maybommini.vn\/wp-content\/uploads\/2018\/01\/bom-nuoc-mini-12v-24v-2-300x300.jpg 300w, https:\/\/maybommini.vn\/wp-content\/uploads\/2018\/01\/bom-nuoc-mini-12v-24v-2-150x150.jpg 150w\" sizes=\"(max-width: 550px) 100vw, 550px\" \/><\/p>\n<h2><strong>Nguy\u00ean l\u00fd ho\u1ea1t \u0111\u1ed9ng b\u01a1m n\u01b0\u1edbc mini 12V 30W<\/strong><\/h2>\n<p>-M\u00e1y c\u00f3 th\u1ec3 ch\u1ea1y kh\u00f4 m\u00e0 kh\u00f4ng \u1ea3nh h\u01b0\u1edbng t\u1edbi \u0111\u1ed9ng c\u01a1 khi kh\u00f4ng c\u00f3 n\u01b0\u1edbc b\u01a1m. V\u1edbi c\u00e1c m\u00e1y l\u1edbn th\u00ec c\u00f3 th\u1ec3 g\u00e2y h\u1ea1i d\u1eabn t\u1edbi ch\u00e1y \u0111\u1ed9ng c\u01a1.<br \/>\n&#8211; B\u01a1m n\u01b0\u1edbc mini 12V 30W d\u00f9ng tr\u1ef1c ti\u1ebfp ngu\u1ed3n \u0111i\u1ec7n 12V t\u1eeb b\u00ecnh \u1eafc quy xe m\u00e1y Oto, Adapter 220 ra 12V 3A v\u00e0 c\u00e1c lo\u1ea1i ngu\u1ed3n chu\u1ea9n 12V d\u00f9ng cho b\u01a1m n\u01b0\u1edbc mini.<br \/>\n&#8211; M\u00e1y b\u01a1m mini kh\u00f4ng ph\u00e2n bi\u1ec7t c\u1ef1c \u00e2m hay d\u01b0\u01a1ng c\u1ee7a ngu\u1ed3n \u0111i\u1ec7n c\u1ea5p.<br \/>\n&#8211; M\u00e1y ch\u1ea1y ho\u1ea1t \u0111\u1ed9ng v\u1edbi ti\u1ebfng \u1ed3n nh\u1ecf v\u00e0 \u00eam \u00e1i.<br \/>\n&#8211; M\u00e1y c\u00f3 kh\u1ea3 n\u0103ng b\u01a1m n\u01b0\u1edbc tr\u1ef1c ti\u1ebfp m\u00e0 kh\u00f4ng c\u1ea7n n\u01b0\u1edbc m\u1ed3i v\u00ec d\u00f9ng c\u00f4ng ngh\u1ec7 b\u01a1m \u00e1p l\u1ef1c.<br \/>\n&#8211; M\u00e1y c\u00f3 th\u1ec3 \u0111\u1eb7t b\u1ea5t k\u1ef3 h\u01b0\u1edbng n\u00e0o b\u1ea1n th\u00edch.<\/p>\n<p><img decoding=\"async\" class=\"size-full wp-image-254265 aligncenter\" src=\"https:\/\/maybommini.com.vn\/wp-content\/uploads\/2018\/01\/bom-nuoc-mini-12v-30w.jpg\" alt=\"Bom Nuoc Mini 12v 30w\" width=\"550\" height=\"550\" srcset=\"https:\/\/maybommini.vn\/wp-content\/uploads\/2018\/01\/bom-nuoc-mini-12v-30w.jpg 550w, https:\/\/maybommini.vn\/wp-content\/uploads\/2018\/01\/bom-nuoc-mini-12v-30w-300x300.jpg 300w, https:\/\/maybommini.vn\/wp-content\/uploads\/2018\/01\/bom-nuoc-mini-12v-30w-150x150.jpg 150w\" sizes=\"(max-width: 550px) 100vw, 550px\" \/><\/p>\n<h2><strong>\u01afng d\u1ee5ng c\u1ee7a b\u01a1m n\u01b0\u1edbc mini 12V 30W<\/strong><\/h2>\n<p>B\u1ea1n c\u00f3 th\u1ec3 d\u00f9ng m\u00e1y b\u01a1m n\u00e0y \u0111\u1ec3 r\u1eeda xe, r\u1eeda m\u00e1y l\u1ea1nh, t\u01b0\u1edbi v\u01b0\u1eddn, l\u00e0m h\u1ec7 th\u1ed1ng phun s\u01b0\u01a1ng &#8230;<br \/>\nM\u00e1y \u0111\u01b0\u1ee3c s\u1eed d\u1ee5ng trong m\u00e1y c\u00f4ng nghi\u1ec7p, n\u00f4ng nghi\u1ec7p, y t\u1ebf, t\u00e0u thu\u1ef7, b\u01a1m ho\u00e1 ch\u1ea5t&#8230;.\u0110\u1eb7c bi\u1ec7t m\u00e1y c\u00f3 kh\u1ea3 n\u0103ng b\u01a1m c\u00e1c lo\u1ea1i ho\u00e1 ch\u1ea5t.<br \/>\n1) Vi\u1ec7c s\u1ea3n xu\u1ea5t phun \u0111i\u1ec7n s\u1eed d\u1ee5ng n\u00f4ng nghi\u1ec7p, c\u00f3 th\u1ec3 thay b\u1eb1ng c\u1ea7n phun thu\u1ed1c tr\u1ef1c ti\u1ebfp, \u0111\u1ea7u phun s\u01b0\u01a1ng \u0111\u1ec3 phun cho c\u00e2y c\u1ea3nh\u2026<br \/>\n2) \u0110\u1ec3 gi\u1ea3i quy\u1ebft v\u1ea5n \u0111\u1ec1 l\u00e0m v\u1ec7 sinh tr\u00ean xe, t\u00e0u, du thuy\u1ec1n, t\u00e0u thuy\u1ec1n\u2026 s\u1eed d\u1ee5ng r\u1eeda l\u01b0\u1edbi l\u1ecdc, ph\u00f2ng t\u1eafm, nh\u00e0 v\u1ec7 sinh, r\u1eeda m\u00e1y l\u1ea1nh, r\u1eeda xe \u00f4 t\u00f4, r\u1eeda xe m\u00e1y\u2026<br \/>\n3) Th\u1ef1c ph\u1ea9m v\u00e0 \u0111\u1ed3 u\u1ed1ng ch\u1ebf bi\u1ebfn v\u00e0 thi\u1ebft b\u1ecb x\u1eed l\u00fd, di chuy\u1ec3n c\u00e1c s\u1ea3n ph\u1ea9m th\u1ee9c \u0103n l\u1ecfng, ph\u00e2n ph\u1ed1i v\u00e0 \u0111\u00f3ng chai s\u1ea3n ph\u1ea9m\u2026.<br \/>\n4) Thu, c\u1ea5p n\u01b0\u1edbc sinh ho\u1ea1t, h\u1ec7 th\u1ed1ng \u0111i\u1ec1u \u00e1p h\u1ec7 th\u1ed1ng \u1ed1ng n\u01b0\u1edbc v\u00ec \u00e1p l\u1ef1c n\u01b0\u1edbc t\u1ea1i nh\u00e0 qu\u00e1 y\u1ebfu, b\u1ed3n n\u01b0\u1edbc qu\u00e1 th\u1ea5p (hay kh\u00f4ng c\u00f3 b\u1ed3n ch\u1ee9a n\u01b0\u1edbc), s\u1eed d\u1ee5ng t\u1ea1i m\u00e1y gi\u1eb7t, v\u00f2i sen t\u1eafm\u2026<br \/>\n5) C\u00e1c ng\u00e0nh c\u00f4ng nghi\u1ec7p n\u0103ng l\u01b0\u1ee3ng m\u1eb7t tr\u1eddi, \u0111\u00e2y l\u00e0 th\u1ebf m\u1ea1nh kh\u00f4ng c\u00f3 s\u1ea3n ph\u1ea9m thi\u1ebft b\u1ecb n\u00e0o c\u00f3 th\u1ec3 thay th\u1ebf \u0111\u01b0\u1ee3c\u2026 v\u00ec s\u1eed d\u1ee5ng d\u00f2ng \u0111i\u1ec7n DC, \u0111i\u1ec7n 1 chi\u1ec1u.<br \/>\n6) Ng\u00e0nh c\u00f4ng nghi\u1ec7p l\u1ecdc n\u01b0\u1edbc. V\u00ed d\u1ee5: Thi\u1ebft b\u1ecb l\u1ecdc, thi\u1ebft b\u1ecb x\u1eed l\u00fd n\u01b0\u1edbc, m\u00e1y n\u01b0\u1edbc u\u1ed1ng. Chuy\u1ec3n ch\u1ea5t l\u1ecfng c\u1ea7n thi\u1ebft kh\u00e1c, phun.<br \/>\n7) S\u1eed d\u1ee5ng cho c\u00e1c c\u00f4ng vi\u1ec7c th\u01b0\u1eddng ng\u00e0y hay c\u00f4ng vi\u1ec7c quy m\u00f4 l\u1edbn nh\u01b0: V\u1ec7 sinh xe t\u1ea3i ch\u1edf r\u00e1c, xe t\u01b0\u1edbi n\u01b0\u1edbc c\u00e2y, thi\u1ebft b\u1ecb l\u00e0m s\u1ea1ch th\u1ea3m, thi\u1ebft b\u1ecb l\u00e0m s\u1ea1ch s\u00e0n nh\u00e0, thi\u1ebft b\u1ecb r\u1eeda xe, thi\u1ebft b\u1ecb x\u00e2y d\u1ef1ng \u0111\u01b0\u1eddng b\u1ed9, m\u00e1y r\u1eeda b\u00e1t, thi\u1ebft b\u1ecb y t\u1ebf, thi\u1ebft b\u1ecb h\u00f3a ch\u1ea5t, \u1ee9ng d\u1ee5ng phun h\u00f3a ch\u1ea5t t\u1ea1i ph\u00f2ng th\u00ed nghi\u1ec7m, m\u00e1y u\u1ed1ng n\u01b0\u1edbc ng\u1ecdt, m\u00e1y r\u1eeda b\u00e1t, thi\u1ebft b\u1ecb kh\u1eed tr\u00f9ng, t\u01b0\u1edbi c\u00e2y c\u1ea3nh n\u0103ng l\u01b0\u1ee3ng m\u1eb7t tr\u1eddi, t\u01b0\u1edbi c\u00e2y tr\u1ed3ng c\u1ea7n m\u00f4i tr\u01b0\u1eddng c\u00f3 \u0111\u1ed9 \u1ea9m cao, r\u1eeda xe\u2026.<\/p>\n<h2><strong>MUA M\u00c1Y B\u01a0M N\u01af\u1edaC\u00a0MINI 12V 30W \u1ede \u0110\u00c2U ?<\/strong><\/h2>\n<p><strong>CTY TNHH TH\u01af\u01a0NG M\u1ea0I D\u1ecaCH V\u1ee4 \u0110I\u1ec6N M\u00c1Y TH\u00d4NG MINH<\/strong><br \/>\n18Bis\/22\/3 Nguy\u1ec5n Th\u1ecb Minh Khai, Ph\u01b0\u1eddng \u0110akao, Qu\u1eadn 1 , H\u1ed3 Ch\u00ed Minh.<br \/>\nHotline : 090 729 4310<br \/>\nEmail : maybommini.com@gmail.com<br \/>\nWebsite : http:\/\/maybommini.com<br \/>\nFacebook : https:\/\/www.facebook.com\/maybommini<br \/>\nGoogle : https:\/\/plus.google.com\/ Maybomnuocminiruaxe<br \/>\nYoutube demo : https:\/\/www.youtube.com\/bahamasali<\/p>\n","protected":false},"excerpt":{"rendered":"<p>Th\u01b0\u01a1ng hi\u1ec7u: SmartPumps<br \/>\n\u0110i\u1ec7n \u00e1p: DC12V<br \/>\nC\u00f4ng su\u1ea5t (t\u1ed1i \u0111a): 30W<br \/>\n\u00c1p l\u1ef1c n\u01b0\u1edbc \u0111\u1ea7u v\u00e0o: 0.2Mpa.<br \/>\n\u00c1p su\u1ea5t n\u01b0\u1edbc ra: 0.4 Mpa<br \/>\nL\u01b0u l\u01b0\u1ee3ng: 2-3L\/ ph\u00fat.<br \/>\nC\u00f4ng t\u1eafc \u00e1p su\u1ea5t t\u1ef1 \u0111\u1ed9ng: Kh\u00f4ng<br \/>\nV\u1ecf b\u00ean ngo\u00e0i: Nh\u1ef1a ABS<br \/>\nL\u1ecfi mortor :\u00a0\u0110\u1ed3ng<br \/>\nLo\u1ea1i\u00a0\u0111\u1ed9ng c\u01a1: ch\u1ed5i than<br \/>\nXu\u1ea5t s\u1ee9: Trung Qu\u1ed1c Cao C\u1ea5p<br \/>\nB\u1ea3o h\u00e0ng : 3 th\u00e1ng 1\u00a0\u0111\u1ed5i 1.<\/p>\n","protected":false},"featured_media":256401,"comment_status":"open","ping_status":"closed","template":"","meta":[],"product_brand":[],"product_cat":[196],"product_tag":[266,267,812,810,813,814,811,251,232,284,285,268,282,235,269,270,283,730,271,272,273,274,275,276,277,278,279,239,210,280,420,281],"class_list":{"0":"post-256322","1":"product","2":"type-product","3":"status-publish","4":"has-post-thumbnail","6":"product_cat-may-bom-ap-luc-mini","7":"product_tag-0142-motor","8":"product_tag-12v","9":"product_tag-12v-30w","10":"product_tag-12v-35w","11":"product_tag-813","12":"product_tag-30w","13":"product_tag-3l","14":"product_tag-ap-luc","15":"product_tag-bec","16":"product_tag-bom-12v-80w","17":"product_tag-bom-ap-luc","18":"product_tag-bom-ap-luc-nho-nhat","19":"product_tag-bom-mini-12v-70w","20":"product_tag-bom-nuoc-mini","21":"product_tag-bom-nuoc-nho-nhat","22":"product_tag-dc-12v-60w","23":"product_tag-dc-12v-70w","24":"product_tag-dp-190","25":"product_tag-high-pressure-diaphragm","26":"product_tag-high-pressure-diaphragm-water","27":"product_tag-high-pressure-diaphragm-water-self-priming-pump","28":"product_tag-http-maybommini-com","29":"product_tag-mini","30":"product_tag-mini-12v-60w","31":"product_tag-phun-suong","32":"product_tag-propumps","33":"product_tag-pump","34":"product_tag-rua-may-lanh","35":"product_tag-rua-xe","36":"product_tag-self-priming","37":"product_tag-smartpumps","38":"product_tag-tuoi-vuon","40":"first","41":"instock","42":"sale","43":"featured","44":"shipping-taxable","45":"purchasable","46":"product-type-simple"},"_links":{"self":[{"href":"https:\/\/maybommini.vn\/index.php?rest_route=\/wp\/v2\/product\/256322","targetHints":{"allow":["GET"]}}],"collection":[{"href":"https:\/\/maybommini.vn\/index.php?rest_route=\/wp\/v2\/product"}],"about":[{"href":"https:\/\/maybommini.vn\/index.php?rest_route=\/wp\/v2\/types\/product"}],"replies":[{"embeddable":true,"href":"https:\/\/maybommini.vn\/index.php?rest_route=%2Fwp%2Fv2%2Fcomments&post=256322"}],"wp:featuredmedia":[{"embeddable":true,"href":"https:\/\/maybommini.vn\/index.php?rest_route=\/wp\/v2\/media\/256401"}],"wp:attachment":[{"href":"https:\/\/maybommini.vn\/index.php?rest_route=%2Fwp%2Fv2%2Fmedia&parent=256322"}],"wp:term":[{"taxonomy":"product_brand","embeddable":true,"href":"https:\/\/maybommini.vn\/index.php?rest_route=%2Fwp%2Fv2%2Fproduct_brand&post=256322"},{"taxonomy":"product_cat","embeddable":true,"href":"https:\/\/maybommini.vn\/index.php?rest_route=%2Fwp%2Fv2%2Fproduct_cat&post=256322"},{"taxonomy":"product_tag","embeddable":true,"href":"https:\/\/maybommini.vn\/index.php?rest_route=%2Fwp%2Fv2%2Fproduct_tag&post=256322"}],"curies":[{"name":"wp","href":"https:\/\/api.w.org\/{rel}","templated":true}]}}