{"id":256352,"date":"2018-04-12T19:32:33","date_gmt":"2018-04-12T12:32:33","guid":{"rendered":"https:\/\/maybommini.com\/san-pham\/import-placeholder-for-252643"},"modified":"2025-06-16T19:20:04","modified_gmt":"2025-06-16T12:20:04","slug":"may-bom-chim-12v-sfbp1-g3700","status":"publish","type":"product","link":"https:\/\/maybommini.vn\/?product=may-bom-chim-12v-sfbp1-g3700","title":{"rendered":"M\u00e1y b\u01a1m ch\u00ecm 12V SFBP1 G3500 SEAFLO"},"content":{"rendered":"<h3><strong>Nh\u00e0 cung c\u1ea5p s\u1ec9 v\u00e0 l\u1ebb m\u00e1y b\u01a1m ch\u00ecm n\u01b0\u1edbc th\u1ea3i n\u01b0\u1edbc ng\u1eadp l\u01b0u l\u01b0\u1ee3ng l\u1edbn 12V 3500GPH l\u00e0 lo\u1ea1i m\u00e1y b\u01a1m th\u1ea3 ch\u00ecm chuy\u00ean d\u1ee5ng \u0111\u1ec3 b\u01a1m n\u01b0\u1edbc ng\u1eadp, n\u01b0\u1edbc th\u1ea3i, b\u01a1m n\u01b0\u1edbc ghe t\u00e0u thuy\u1ec1n cano. \u0110\u00e2y l\u00e0 lo\u1ea1i m\u00e1y b\u01a1m ch\u00ecm c\u00f3 c\u00f4ng su\u1ea5t kh\u00e1 l\u1edbn v\u00e0 l\u01b0u l\u01b0\u1ee3ng b\u01a1m m\u1ea1nh \u0111\u1ea1t 3500 Gallon\/h m\u00e0 ch\u1ec9 d\u00f9ng ngu\u1ed3n 12V.<\/strong><\/h3>\n<p><a href=\"https:\/\/maybommini.com\/wp-content\/uploads\/2018\/04\/May-bom-nuoc-chim-12V-G3500-SEAFLO-chinh-hang.jpg\" target=\"_blank\" rel=\"noopener\"><img decoding=\"async\" class=\"size-full wp-image-263841 aligncenter\" src=\"https:\/\/maybommini.com\/wp-content\/uploads\/2018\/04\/May-bom-nuoc-chim-12V-G3500-SEAFLO-chinh-hang.jpg\" alt=\"May Bom Nuoc Chim 12V G3500 SEAFLO Chinh Hang\" width=\"750\" height=\"750\" srcset=\"https:\/\/maybommini.vn\/wp-content\/uploads\/2018\/04\/May-bom-nuoc-chim-12V-G3500-SEAFLO-chinh-hang.jpg 750w, https:\/\/maybommini.vn\/wp-content\/uploads\/2018\/04\/May-bom-nuoc-chim-12V-G3500-SEAFLO-chinh-hang-300x300.jpg 300w, https:\/\/maybommini.vn\/wp-content\/uploads\/2018\/04\/May-bom-nuoc-chim-12V-G3500-SEAFLO-chinh-hang-150x150.jpg 150w, https:\/\/maybommini.vn\/wp-content\/uploads\/2018\/04\/May-bom-nuoc-chim-12V-G3500-SEAFLO-chinh-hang-600x600.jpg 600w\" sizes=\"(max-width: 750px) 100vw, 750px\" \/><\/a><\/p>\n<p><strong>TH\u00d4NG S\u1ed0 K\u1ef8 THU\u1eacT<br \/>\n<\/strong>Th\u01b0\u01a1ng hi\u1ec7u: SEAFLO<strong><br \/>\n<\/strong>Model: SFPB1-G3500-01<br \/>\n\u0110i\u1ec7n th\u1ebf: 12V DC<br \/>\nC\u00f4ng su\u1ea5t: 192W<br \/>\nL\u01b0u l\u01b0\u1ee3ng b\u01a1m: 3500 GPH &#8211;\u00a0 12.950L\/H<br \/>\n\u1ed0ng ra: 40 mm<br \/>\nB\u01a1m cao: 8 Met.<br \/>\nMortor l\u00f5i \u0111\u1ed3ng cao c\u1ea5p 100%.<br \/>\nC\u00f3 th\u1ec3 b\u01a1m li\u00ean t\u1ee5c.<br \/>\nMotor cao c\u1ea5p c\u00f4ng ngh\u1ec7 m\u1edbi.<br \/>\nTr\u1ee5c m\u00e1y b\u01a1m b\u1eb1ng th\u00e9p kh\u00f4ng g\u1ec9.<br \/>\nCh\u1ea5t li\u1ec7u: \u0110\u1ed3ng &#8211; ABS.<br \/>\nK\u00edch th\u01b0\u1edbc 182 x 158 x 139 mm<br \/>\nTr\u1ecdng l\u01b0\u1ee3ng: 2.37 KG.<\/p>\n<p><a href=\"https:\/\/maybommini.com\/wp-content\/uploads\/2018\/04\/Water-Pump-3500-GPH-SEAFLO.jpg\" target=\"_blank\" rel=\"noopener\"><img decoding=\"async\" class=\"size-full wp-image-263845 aligncenter\" src=\"https:\/\/maybommini.com\/wp-content\/uploads\/2018\/04\/Water-Pump-3500-GPH-SEAFLO.jpg\" alt=\"Water Pump 3500 GPH SEAFLO\" width=\"750\" height=\"750\" srcset=\"https:\/\/maybommini.vn\/wp-content\/uploads\/2018\/04\/Water-Pump-3500-GPH-SEAFLO.jpg 750w, https:\/\/maybommini.vn\/wp-content\/uploads\/2018\/04\/Water-Pump-3500-GPH-SEAFLO-300x300.jpg 300w, https:\/\/maybommini.vn\/wp-content\/uploads\/2018\/04\/Water-Pump-3500-GPH-SEAFLO-150x150.jpg 150w, https:\/\/maybommini.vn\/wp-content\/uploads\/2018\/04\/Water-Pump-3500-GPH-SEAFLO-600x600.jpg 600w\" sizes=\"(max-width: 750px) 100vw, 750px\" \/><\/a> <a href=\"https:\/\/maybommini.com\/wp-content\/uploads\/2018\/04\/May-bom-nuoc-thai-tau-thuyen-cano-12v.jpg\" target=\"_blank\" rel=\"noopener\"><img decoding=\"async\" class=\"size-full wp-image-263842 aligncenter\" src=\"https:\/\/maybommini.com\/wp-content\/uploads\/2018\/04\/May-bom-nuoc-thai-tau-thuyen-cano-12v.jpg\" alt=\"May Bom Nuoc Thai Tau Thuyen Cano 12v\" width=\"750\" height=\"750\" srcset=\"https:\/\/maybommini.vn\/wp-content\/uploads\/2018\/04\/May-bom-nuoc-thai-tau-thuyen-cano-12v.jpg 750w, https:\/\/maybommini.vn\/wp-content\/uploads\/2018\/04\/May-bom-nuoc-thai-tau-thuyen-cano-12v-300x300.jpg 300w, https:\/\/maybommini.vn\/wp-content\/uploads\/2018\/04\/May-bom-nuoc-thai-tau-thuyen-cano-12v-150x150.jpg 150w, https:\/\/maybommini.vn\/wp-content\/uploads\/2018\/04\/May-bom-nuoc-thai-tau-thuyen-cano-12v-600x600.jpg 600w\" sizes=\"(max-width: 750px) 100vw, 750px\" \/><\/a> <a href=\"https:\/\/maybommini.com\/wp-content\/uploads\/2018\/04\/May-bom-chim-12V-G-3500-Seaflo.jpg\" target=\"_blank\" rel=\"noopener\"><img decoding=\"async\" class=\"size-full wp-image-263840 aligncenter\" src=\"https:\/\/maybommini.com\/wp-content\/uploads\/2018\/04\/May-bom-chim-12V-G-3500-Seaflo.jpg\" alt=\"May Bom Chim 12V G 3500 Seaflo\" width=\"750\" height=\"750\" srcset=\"https:\/\/maybommini.vn\/wp-content\/uploads\/2018\/04\/May-bom-chim-12V-G-3500-Seaflo.jpg 750w, https:\/\/maybommini.vn\/wp-content\/uploads\/2018\/04\/May-bom-chim-12V-G-3500-Seaflo-300x300.jpg 300w, https:\/\/maybommini.vn\/wp-content\/uploads\/2018\/04\/May-bom-chim-12V-G-3500-Seaflo-150x150.jpg 150w, https:\/\/maybommini.vn\/wp-content\/uploads\/2018\/04\/May-bom-chim-12V-G-3500-Seaflo-600x600.jpg 600w\" sizes=\"(max-width: 750px) 100vw, 750px\" \/><\/a> <a href=\"https:\/\/maybommini.com\/wp-content\/uploads\/2018\/04\/Bilge-Pump-Marine-12V-G-3500-Seaflo.jpg\" target=\"_blank\" rel=\"noopener\"><img decoding=\"async\" class=\"size-full wp-image-263839 aligncenter\" src=\"https:\/\/maybommini.com\/wp-content\/uploads\/2018\/04\/Bilge-Pump-Marine-12V-G-3500-Seaflo.jpg\" alt=\"Bilge Pump Marine 12V G 3500 Seaflo\" width=\"750\" height=\"750\" srcset=\"https:\/\/maybommini.vn\/wp-content\/uploads\/2018\/04\/Bilge-Pump-Marine-12V-G-3500-Seaflo.jpg 750w, https:\/\/maybommini.vn\/wp-content\/uploads\/2018\/04\/Bilge-Pump-Marine-12V-G-3500-Seaflo-300x300.jpg 300w, https:\/\/maybommini.vn\/wp-content\/uploads\/2018\/04\/Bilge-Pump-Marine-12V-G-3500-Seaflo-150x150.jpg 150w, https:\/\/maybommini.vn\/wp-content\/uploads\/2018\/04\/Bilge-Pump-Marine-12V-G-3500-Seaflo-600x600.jpg 600w\" sizes=\"(max-width: 750px) 100vw, 750px\" \/><\/a> <a href=\"https:\/\/maybommini.com\/wp-content\/uploads\/2018\/04\/bang-thong-so-may-bom-chim-12V-G-3500.jpg\" target=\"_blank\" rel=\"noopener\"><img decoding=\"async\" class=\"size-full wp-image-263838 aligncenter\" src=\"https:\/\/maybommini.com\/wp-content\/uploads\/2018\/04\/bang-thong-so-may-bom-chim-12V-G-3500.jpg\" alt=\"Bang Thong So May Bom Chim 12V G 3500\" width=\"750\" height=\"750\" srcset=\"https:\/\/maybommini.vn\/wp-content\/uploads\/2018\/04\/bang-thong-so-may-bom-chim-12V-G-3500.jpg 750w, https:\/\/maybommini.vn\/wp-content\/uploads\/2018\/04\/bang-thong-so-may-bom-chim-12V-G-3500-300x300.jpg 300w, https:\/\/maybommini.vn\/wp-content\/uploads\/2018\/04\/bang-thong-so-may-bom-chim-12V-G-3500-150x150.jpg 150w, https:\/\/maybommini.vn\/wp-content\/uploads\/2018\/04\/bang-thong-so-may-bom-chim-12V-G-3500-600x600.jpg 600w\" sizes=\"(max-width: 750px) 100vw, 750px\" \/><\/a><\/p>\n<p><strong>H\u01af\u1edaNG D\u1eaaN S\u1eec D\u1ee4NG M\u00c1Y B\u01a0M CH\u00ccM 12V<\/strong><br \/>\nS\u1eed d\u1ee5ng ngu\u1ed3n \u0111i\u1ec7n DC 12V \u1eafc quy ho\u1eb7c bi\u1ebfn th\u1ebf adapter 12V 20A tr\u1edf l\u00ean.<br \/>\nS\u1eed d\u1ee5ng b\u01a1m th\u1ea3 ch\u00ecm ho\u00e0n to\u00e0n trong n\u01b0\u1edbc, kh\u00f4ng ch\u1ea1y b\u01a1m khi kh\u00f4ng c\u00f3 n\u01b0\u1edbc.<br \/>\nC\u1ed1 \u0111\u1ecbnh m\u00e1y b\u01a1m tr\u00e1nh rung l\u1eafc v\u00e0 \u0111\u1eb7t n\u01a1i b\u1eb1ng ph\u1eb3ng.<br \/>\nC\u00f3 th\u1ec1 ch\u1ea1y li\u00ean t\u1ee5c nh\u01b0ng t\u1ed1t nh\u1ea5t cho m\u00e1y ngh\u1ec9 khi ch\u1ea1y l\u00e2u.<br \/>\nKh\u00f4ng d\u00f9ng b\u01a1m n\u01b0\u1edbc n\u00f3ng, h\u00f3a ch\u1ea5t, x\u0103ng d\u1ea7u nh\u1edbt.<br \/>\nB\u01a1m t\u1ed1t ch\u1ea5t l\u1ecfng, n\u01b0\u1edbc th\u1ea3i, n\u01b0\u1edbc m\u1eb7n, n\u01b0\u1edbc bi\u1ec3n.<\/p>\n<p><a href=\"https:\/\/maybommini.com\/wp-content\/uploads\/2018\/04\/SEAFLO-High-Flow-12-Volt-Demand-Water-Pump-3500-GPH.jpg\" target=\"_blank\" rel=\"noopener\"><img decoding=\"async\" class=\"size-full wp-image-263843 aligncenter\" src=\"https:\/\/maybommini.com\/wp-content\/uploads\/2018\/04\/SEAFLO-High-Flow-12-Volt-Demand-Water-Pump-3500-GPH.jpg\" alt=\"SEAFLO High Flow 12 Volt Demand Water Pump 3500 GPH\" width=\"750\" height=\"750\" srcset=\"https:\/\/maybommini.vn\/wp-content\/uploads\/2018\/04\/SEAFLO-High-Flow-12-Volt-Demand-Water-Pump-3500-GPH.jpg 750w, https:\/\/maybommini.vn\/wp-content\/uploads\/2018\/04\/SEAFLO-High-Flow-12-Volt-Demand-Water-Pump-3500-GPH-300x300.jpg 300w, https:\/\/maybommini.vn\/wp-content\/uploads\/2018\/04\/SEAFLO-High-Flow-12-Volt-Demand-Water-Pump-3500-GPH-150x150.jpg 150w, https:\/\/maybommini.vn\/wp-content\/uploads\/2018\/04\/SEAFLO-High-Flow-12-Volt-Demand-Water-Pump-3500-GPH-600x600.jpg 600w\" sizes=\"(max-width: 750px) 100vw, 750px\" \/><\/a><\/p>\n<p><strong>\u1ee8NG D\u1ee4NG M\u00c1Y B\u01a0M CH\u00ccM<br \/>\n<\/strong>M\u00e1y b\u01a1m n\u01b0\u1edbc ghe t\u00e0u thuy\u1ec1n Cano.<br \/>\nD\u00f9ng \u0111\u1ec3 b\u01a1m n\u01b0\u1edbc ch\u1ea5t th\u1ea3i.<br \/>\nB\u01a1m n\u01b0\u1edbc ng\u1eadp trong nh\u00e0.<br \/>\nB\u01a1m c\u1ea5p n\u01b0\u1edbc t\u01b0\u1edbi c\u00e2y \u0103n tr\u00e1i.<br \/>\nB\u01a1m c\u1ea5p n\u01b0\u1edbc v\u00e0o b\u1ec3 ch\u1ee9a.<br \/>\nM\u00e1y b\u01a1m n\u0103ng l\u01b0\u1ee3ng m\u1eb7t tr\u1eddi.<br \/>\nM\u00e1y b\u01a1m n\u01b0\u1edbc bi\u1ec3n, n\u01b0\u1edbc m\u1eb7n.<br \/>\nV\u00e0 nhi\u1ec1u \u1ee9ng d\u1ee5ng kh\u00e1c \u0111\u1ec3 b\u01a1m ch\u1ea5t l\u1ecfng.<\/p>\n<p><a href=\"https:\/\/maybommini.com\/wp-content\/uploads\/2018\/04\/su-dung-may-bom-chim-12V-G3500.jpg\" target=\"_blank\" rel=\"noopener\"><img decoding=\"async\" class=\"size-full wp-image-263844 aligncenter\" src=\"https:\/\/maybommini.com\/wp-content\/uploads\/2018\/04\/su-dung-may-bom-chim-12V-G3500.jpg\" alt=\"Su Dung May Bom Chim 12V G3500\" width=\"750\" height=\"750\" srcset=\"https:\/\/maybommini.vn\/wp-content\/uploads\/2018\/04\/su-dung-may-bom-chim-12V-G3500.jpg 750w, https:\/\/maybommini.vn\/wp-content\/uploads\/2018\/04\/su-dung-may-bom-chim-12V-G3500-300x300.jpg 300w, https:\/\/maybommini.vn\/wp-content\/uploads\/2018\/04\/su-dung-may-bom-chim-12V-G3500-150x150.jpg 150w, https:\/\/maybommini.vn\/wp-content\/uploads\/2018\/04\/su-dung-may-bom-chim-12V-G3500-600x600.jpg 600w\" sizes=\"(max-width: 750px) 100vw, 750px\" \/><\/a><\/p>\n<p><strong>MUA M\u00c1Y B\u01a0M\u00a0<\/strong><strong>CH\u00ccM\u00a0<\/strong><strong>12V\u00a0<\/strong><strong>SFBP1 G3500 SEAFLO\u00a0<\/strong><strong>\u1ede \u0110\u00c2U ?<br \/>\n<\/strong>M\u1ecdi chi ti\u1ebft vui l\u00f2ng li\u00ean h\u1ec7 tr\u1ef1c ti\u1ebfp cho ch\u00fang t\u00f4i \u0111\u1ec3 \u0111\u01b0\u1ee3c t\u01b0 v\u1ea5n theo nhu c\u1ea7u \u0111\u1ec3 c\u00f3 \u0111\u01b0\u1ee3c b\u1ed9 s\u1ea3n ph\u1ea9m t\u1ed1t nh\u1ea5t v\u00e0 ti\u1ebft ki\u1ec7m.\u00a0B\u1ea1n \u1edf xa v\u1eabn c\u00f3 th\u1ec3 mua h\u00e0ng v\u00e0 giao h\u00e0ng thanh to\u00e1n ti\u1ec1n t\u1ea1i nh\u00e0.<\/p>\n<p><a href=\"https:\/\/maybommini.com\/wp-content\/uploads\/2018\/04\/nha-cung-cap-may-bom-SEAFLO.jpg\" target=\"_blank\" rel=\"noopener\"><img decoding=\"async\" class=\"size-full wp-image-263846 aligncenter\" src=\"https:\/\/maybommini.com\/wp-content\/uploads\/2018\/04\/nha-cung-cap-may-bom-SEAFLO.jpg\" alt=\"Nha Cung Cap May Bom SEAFLO\" width=\"750\" height=\"750\" srcset=\"https:\/\/maybommini.vn\/wp-content\/uploads\/2018\/04\/nha-cung-cap-may-bom-SEAFLO.jpg 750w, https:\/\/maybommini.vn\/wp-content\/uploads\/2018\/04\/nha-cung-cap-may-bom-SEAFLO-300x300.jpg 300w, https:\/\/maybommini.vn\/wp-content\/uploads\/2018\/04\/nha-cung-cap-may-bom-SEAFLO-150x150.jpg 150w, https:\/\/maybommini.vn\/wp-content\/uploads\/2018\/04\/nha-cung-cap-may-bom-SEAFLO-600x600.jpg 600w\" sizes=\"(max-width: 750px) 100vw, 750px\" \/><\/a><\/p>\n<p><strong>CTY TNHH TH\u01af\u01a0NG M\u1ea0I D\u1ecaCH V\u1ee4 \u0110I\u1ec6N M\u00c1Y TH\u00d4NG MINH<\/strong><br \/>\nHotline : 02873030399 &#8211; 090 729 4310<br \/>\nEmail : maybommini.com@gmail.com<br \/>\nWebsite : http:\/\/maybommini.com<br \/>\nFacebook : <a href=\"https:\/\/www.facebook.com\/maybommini\" target=\"_blank\" rel=\"noopener noreferrer\">https:\/\/www.facebook.com\/maybommini<\/a><br \/>\nGoogle : <a href=\"https:\/\/plus.google.com\/ Maybomnuocminiruaxe\" target=\"_blank\" rel=\"noopener noreferrer\">https:\/\/plus.google.com\/ Maybomnuocminiruaxe<\/a><br \/>\nYoutube demo : <a href=\"https:\/\/www.youtube.com\/bahamasali\" target=\"_blank\" rel=\"noopener noreferrer\">https:\/\/www.youtube.com\/bahamasali<\/a><\/p>\n<h3 style=\"text-align: center;\">M\u00e1y b\u01a1m ch\u00ecm 12V SFBP1 G3500 SEAFLO<br \/>\nSEAFLO High Flow 12 Volt Demand Water Pump 3500 GPH 16A Electric Impeller Bilge Pump Marine Yachting RV<\/h3>\n","protected":false},"excerpt":{"rendered":"<p>Th\u01b0\u01a1ng hi\u1ec7u: SEAFLO<strong><br \/>\n<\/strong>Model: SFPB1-G3500-01<br \/>\n\u0110i\u1ec7n th\u1ebf: 12V DC<br \/>\nC\u00f4ng su\u1ea5t: 192W<br \/>\nL\u01b0u l\u01b0\u1ee3ng b\u01a1m: 3500 GPH &#8211;\u00a0 12.950L\/H<br \/>\n\u1ed0ng ra: 40 mm<br \/>\nB\u01a1m cao: 8 Met.<br \/>\nMortor l\u00f5i \u0111\u1ed3ng cao c\u1ea5p 100%.<br \/>\nC\u00f3 th\u1ec3 b\u01a1m li\u00ean t\u1ee5c.<br \/>\nMotor cao c\u1ea5p c\u00f4ng ngh\u1ec7 m\u1edbi.<br \/>\nTr\u1ee5c m\u00e1y b\u01a1m b\u1eb1ng th\u00e9p kh\u00f4ng g\u1ec9.<br \/>\nCh\u1ea5t li\u1ec7u: \u0110\u1ed3ng &#8211; ABS.<br \/>\nK\u00edch th\u01b0\u1edbc 182 x 158 x 139 mm<br \/>\nTr\u1ecdng l\u01b0\u1ee3ng: 2.37 KG.<br \/>\nB\u1ea3o h\u00e0nh: 3 th\u00e1ng.<\/p>\n","protected":false},"featured_media":263841,"comment_status":"open","ping_status":"closed","template":"","meta":[],"product_brand":[55],"product_cat":[1119,381,382],"product_tag":[3103,3102,391,705,392,393,708,709,235,921,3100,846,710,389,231,711,712,1526,2468],"class_list":{"0":"post-256352","1":"product","2":"type-product","3":"status-publish","4":"has-post-thumbnail","6":"product_brand-hermee","7":"product_cat-may-bom-nuoc-thai","8":"product_cat-may-bom-chim","9":"product_cat-may-bom-chim-12v","10":"product_tag-bilge-pump","11":"product_tag-bilge-pump-marine","12":"product_tag-bom-chat-thai","13":"product_tag-bom-chim","14":"product_tag-bom-chim-12v","15":"product_tag-bom-chim-24v","16":"product_tag-bom-day-tau","17":"product_tag-bom-nuoc-bien","18":"product_tag-bom-nuoc-mini","19":"product_tag-bom-nuoc-ngap","20":"product_tag-g3500","21":"product_tag-gallon","22":"product_tag-may-bom-cano","23":"product_tag-may-bom-chim","24":"product_tag-may-bom-mini","25":"product_tag-may-bom-tau","26":"product_tag-may-bom-thuyen","27":"product_tag-seaflo","28":"product_tag-self-priming-bilge-pumps","30":"first","31":"instock","32":"sale","33":"featured","34":"shipping-taxable","35":"purchasable","36":"product-type-simple"},"_links":{"self":[{"href":"https:\/\/maybommini.vn\/index.php?rest_route=\/wp\/v2\/product\/256352","targetHints":{"allow":["GET"]}}],"collection":[{"href":"https:\/\/maybommini.vn\/index.php?rest_route=\/wp\/v2\/product"}],"about":[{"href":"https:\/\/maybommini.vn\/index.php?rest_route=\/wp\/v2\/types\/product"}],"replies":[{"embeddable":true,"href":"https:\/\/maybommini.vn\/index.php?rest_route=%2Fwp%2Fv2%2Fcomments&post=256352"}],"wp:featuredmedia":[{"embeddable":true,"href":"https:\/\/maybommini.vn\/index.php?rest_route=\/wp\/v2\/media\/263841"}],"wp:attachment":[{"href":"https:\/\/maybommini.vn\/index.php?rest_route=%2Fwp%2Fv2%2Fmedia&parent=256352"}],"wp:term":[{"taxonomy":"product_brand","embeddable":true,"href":"https:\/\/maybommini.vn\/index.php?rest_route=%2Fwp%2Fv2%2Fproduct_brand&post=256352"},{"taxonomy":"product_cat","embeddable":true,"href":"https:\/\/maybommini.vn\/index.php?rest_route=%2Fwp%2Fv2%2Fproduct_cat&post=256352"},{"taxonomy":"product_tag","embeddable":true,"href":"https:\/\/maybommini.vn\/index.php?rest_route=%2Fwp%2Fv2%2Fproduct_tag&post=256352"}],"curies":[{"name":"wp","href":"https:\/\/api.w.org\/{rel}","templated":true}]}}