{"id":256376,"date":"2018-04-12T19:32:59","date_gmt":"2018-04-12T12:32:59","guid":{"rendered":"https:\/\/maybommini.com\/san-pham\/import-placeholder-for-252659"},"modified":"2019-12-28T12:31:39","modified_gmt":"2019-12-28T05:31:39","slug":"nguon-12v-8a-dung-cho-may-bom-nuoc-mini","status":"publish","type":"product","link":"https:\/\/maybommini.vn\/?product=nguon-12v-8a-dung-cho-may-bom-nuoc-mini","title":{"rendered":"Ngu\u1ed3n 12V 8A d\u00f9ng cho m\u00e1y b\u01a1m n\u01b0\u1edbc mini"},"content":{"rendered":"<p><strong>Ngu\u1ed3n 12V 8A d\u00f9ng cho m\u00e1y b\u01a1m n\u01b0\u1edbc mini \u0111\u00e2y l\u00e0 lo\u1ea1i ngu\u1ed3n chuy\u00ean d\u1ee5ng hay c\u00f2n g\u1ecdi l\u00e0 Adapter \u0111\u00fang c\u00f4ng xu\u1ea5t 96W d\u00f9ng cho m\u00e1y b\u01a1m n\u01b0\u1edbc mini 12V \u00e1p l\u1ef1c d\u00f9ng cho m\u00e1y phun s\u01b0\u01a1ng, m\u00e1y b\u01a1m mini.<\/strong><\/p>\n<p><a href=\"https:\/\/maybommini.com\/wp-content\/uploads\/2018\/04\/12v-8a-adapter.jpg\" target=\"_blank\" rel=\"noopener\"><img decoding=\"async\" class=\"size-full wp-image-258129 aligncenter\" src=\"https:\/\/maybommini.com\/wp-content\/uploads\/2018\/04\/12v-8a-adapter.jpg\" alt=\"12v 8a Adapter\" width=\"800\" height=\"800\" srcset=\"https:\/\/maybommini.vn\/wp-content\/uploads\/2018\/04\/12v-8a-adapter.jpg 800w, https:\/\/maybommini.vn\/wp-content\/uploads\/2018\/04\/12v-8a-adapter-300x300.jpg 300w, https:\/\/maybommini.vn\/wp-content\/uploads\/2018\/04\/12v-8a-adapter-150x150.jpg 150w, https:\/\/maybommini.vn\/wp-content\/uploads\/2018\/04\/12v-8a-adapter-600x600.jpg 600w\" sizes=\"(max-width: 800px) 100vw, 800px\" \/><\/a><\/p>\n<p><strong>TH\u00d4NG S\u1ed0 K\u1ef8 THU\u1eacT<br \/>\n<\/strong>Model: 12V 10A<br \/>\n\u0110i\u1ec7n th\u1ebf v\u00e0o: 100V \u2013 220V AC<br \/>\n\u0110i\u1ec7n th\u1ebf ra: 12V DC<br \/>\nC\u00f4ng xu\u1ea5t : 120W \u2013 10A<br \/>\nNgu\u1ed3n ti\u00eau chu\u1ea9n CE<br \/>\nJack c\u1ea5m DC: 5.5 x 2.1 mm<br \/>\nTr\u1ecdng l\u01b0\u1ee3ng : 450g<br \/>\nTel: 0907294310<br \/>\nAC ADAPTER<\/p>\n<p><a href=\"https:\/\/maybommini.com\/wp-content\/uploads\/2018\/04\/lazada-nguon-dien-12v-8a.jpg\" target=\"_blank\" rel=\"noopener\"><img decoding=\"async\" class=\"size-full wp-image-258132 aligncenter\" src=\"https:\/\/maybommini.com\/wp-content\/uploads\/2018\/04\/lazada-nguon-dien-12v-8a.jpg\" alt=\"Lazada Nguon Dien 12v 8a\" width=\"800\" height=\"800\" srcset=\"https:\/\/maybommini.vn\/wp-content\/uploads\/2018\/04\/lazada-nguon-dien-12v-8a.jpg 800w, https:\/\/maybommini.vn\/wp-content\/uploads\/2018\/04\/lazada-nguon-dien-12v-8a-300x300.jpg 300w, https:\/\/maybommini.vn\/wp-content\/uploads\/2018\/04\/lazada-nguon-dien-12v-8a-150x150.jpg 150w, https:\/\/maybommini.vn\/wp-content\/uploads\/2018\/04\/lazada-nguon-dien-12v-8a-600x600.jpg 600w\" sizes=\"(max-width: 800px) 100vw, 800px\" \/><\/a> <a href=\"https:\/\/maybommini.com\/wp-content\/uploads\/2018\/04\/doi-dien-220v-xuong-12v-8a.jpg\" target=\"_blank\" rel=\"noopener\"><img decoding=\"async\" class=\"size-full wp-image-258130 aligncenter\" src=\"https:\/\/maybommini.com\/wp-content\/uploads\/2018\/04\/doi-dien-220v-xuong-12v-8a.jpg\" alt=\"Doi Dien 220v Xuong 12v 8a\" width=\"800\" height=\"800\" srcset=\"https:\/\/maybommini.vn\/wp-content\/uploads\/2018\/04\/doi-dien-220v-xuong-12v-8a.jpg 800w, https:\/\/maybommini.vn\/wp-content\/uploads\/2018\/04\/doi-dien-220v-xuong-12v-8a-300x300.jpg 300w, https:\/\/maybommini.vn\/wp-content\/uploads\/2018\/04\/doi-dien-220v-xuong-12v-8a-150x150.jpg 150w, https:\/\/maybommini.vn\/wp-content\/uploads\/2018\/04\/doi-dien-220v-xuong-12v-8a-600x600.jpg 600w\" sizes=\"(max-width: 800px) 100vw, 800px\" \/><\/a><\/p>\n<p>Thi\u1ebft k\u1ebf ngu\u1ed3n cho m\u00e1y b\u01a1m mini, m\u00e1y phun s\u01b0\u01a1ng.<br \/>\nC\u00f3 thi\u1ebft k\u1ebf h\u00ecnh kh\u1ed1i b\u1eb1ng nh\u1ef1a cao c\u1ea5p. \u0110\u00e2y l\u00e0 lo\u1ea1i ngu\u1ed3n cao c\u1ea5p.<\/p>\n<p>V\u1edbi t\u1ea5t c\u1ea3 m\u00e1y b\u01a1m \u00e1p l\u1ef1c mini 12V phun s\u01b0\u01a1ng\u00a0\u0111\u00e2y l\u00e0 lo\u1ea1i ngu\u1ed3n t\u1ed1t s\u1eed d\u1ee5ng l\u00e2u d\u00e0i. V\u1edbi c\u00f4ng su\u1ea5t 96W r\u1ea5t th\u00edch h\u1ee3p cho nhi\u1ec1u thi\u1ebft b\u1ecb d\u00f9ng\u00a0\u0111i\u1ec7n m\u1ed9t chi\u1ec1u 12V.<br \/>\nCh\u00fang t\u00f4i lu\u00f4n cung c\u1ea5p c\u00e1c Adapter v\u00e0 Ngu\u1ed3n t\u1ed5\u00a0\u00f4ng ch\u1ea5t l\u01b0\u1ee3ng cao cho kh\u00e1ch h\u00e0ng tr\u00ean to\u00e0n qu\u1ed1c.<\/p>\n<p><a href=\"https:\/\/maybommini.com\/wp-content\/uploads\/2018\/04\/su-dung-nguin-dien-bien-the-adapter.jpg\" target=\"_blank\" rel=\"noopener\"><img decoding=\"async\" class=\"size-full wp-image-258133 aligncenter\" src=\"https:\/\/maybommini.com\/wp-content\/uploads\/2018\/04\/su-dung-nguin-dien-bien-the-adapter.jpg\" alt=\"Su Dung Nguin Dien Bien The Adapter\" width=\"800\" height=\"800\" srcset=\"https:\/\/maybommini.vn\/wp-content\/uploads\/2018\/04\/su-dung-nguin-dien-bien-the-adapter.jpg 800w, https:\/\/maybommini.vn\/wp-content\/uploads\/2018\/04\/su-dung-nguin-dien-bien-the-adapter-300x300.jpg 300w, https:\/\/maybommini.vn\/wp-content\/uploads\/2018\/04\/su-dung-nguin-dien-bien-the-adapter-150x150.jpg 150w, https:\/\/maybommini.vn\/wp-content\/uploads\/2018\/04\/su-dung-nguin-dien-bien-the-adapter-600x600.jpg 600w\" sizes=\"(max-width: 800px) 100vw, 800px\" \/><\/a><\/p>\n<p><strong>T\u01b0 v\u1ea5n mua ngu\u1ed3n 12v (adapter) cho m\u00e1y b\u01a1m mini<\/strong><br \/>\n<strong>CTY TNHH TMDV \u0110I\u1ec6N M\u00c1Y TH\u00d4NG MINH<\/strong><br \/>\n18Bis\/22 Nguy\u1ec5n Th\u1ecb Minh Khai, Ph\u01b0\u1eddng \u0110akao, Qu\u00e2n 1, HCM.<br \/>\nTel: 090 729 4310<\/p>\n<p><a href=\"http:\/\/maybommini.com\/wp-content\/uploads\/2016\/08\/adapter-12v-8a.jpg\" rel=\"attachment wp-att-245601 noopener\" target=\"_blank\"><img decoding=\"async\" class=\"size-full wp-image-245601 aligncenter\" src=\"http:\/\/maybommini.com\/wp-content\/uploads\/2016\/08\/adapter-12v-8a.jpg\" alt=\"adapter-12v-8a\" width=\"850\" height=\"887\" srcset=\"https:\/\/maybommini.vn\/wp-content\/uploads\/2016\/08\/adapter-12v-8a.jpg 850w, https:\/\/maybommini.vn\/wp-content\/uploads\/2016\/08\/adapter-12v-8a-600x626.jpg 600w, https:\/\/maybommini.vn\/wp-content\/uploads\/2016\/08\/adapter-12v-8a-287x300.jpg 287w, https:\/\/maybommini.vn\/wp-content\/uploads\/2016\/08\/adapter-12v-8a-768x801.jpg 768w\" sizes=\"(max-width: 850px) 100vw, 850px\" \/><\/a><a href=\"http:\/\/maybommini.com\/wp-content\/uploads\/2016\/08\/nguon-dien-may-bom-mini.jpg\" rel=\"attachment wp-att-245603 noopener\" target=\"_blank\"><img decoding=\"async\" class=\"size-full wp-image-245603 aligncenter\" src=\"http:\/\/maybommini.com\/wp-content\/uploads\/2016\/08\/nguon-dien-may-bom-mini.jpg\" alt=\"nguon-dien-may-bom-mini\" width=\"780\" height=\"871\" srcset=\"https:\/\/maybommini.vn\/wp-content\/uploads\/2016\/08\/nguon-dien-may-bom-mini.jpg 780w, https:\/\/maybommini.vn\/wp-content\/uploads\/2016\/08\/nguon-dien-may-bom-mini-600x670.jpg 600w, https:\/\/maybommini.vn\/wp-content\/uploads\/2016\/08\/nguon-dien-may-bom-mini-269x300.jpg 269w, https:\/\/maybommini.vn\/wp-content\/uploads\/2016\/08\/nguon-dien-may-bom-mini-768x858.jpg 768w\" sizes=\"(max-width: 780px) 100vw, 780px\" \/><\/a><\/p>\n<h3 style=\"text-align: center;\">Ngu\u1ed3n 12V 8A d\u00f9ng cho m\u00e1y b\u01a1m n\u01b0\u1edbc mini<\/h3>\n","protected":false},"excerpt":{"rendered":"<p>\u0110i\u1ec7n v\u00e0o : AC 110-260V 50\/60HZ<br \/>\n\u0110i\u1ec7n ra : DC 12V 8A<br \/>\nC\u00f4ng xu\u1ea5t : 96W<br \/>\nLed b\u00e1o : c\u00f3<br \/>\nS\u1ea3n xu\u1ea5t : Trung Qu\u1ed1c cao c\u1ea5p<br \/>\nAC ADAPTER<br \/>\nB\u1ea3o h\u00e0nh: 3 th\u00e1ng 1\u00a0\u0111\u1ed5i 1<\/p>\n","protected":false},"featured_media":258129,"comment_status":"open","ping_status":"closed","template":"","meta":[],"product_brand":[2227],"product_cat":[214,3132],"product_tag":[267,340,854,855,423,488,571,573,258,416,341,342,259,361,260,856,261,576,262,277],"class_list":{"0":"post-256376","1":"product","2":"type-product","3":"status-publish","4":"has-post-thumbnail","6":"product_brand-mtm","7":"product_cat-phu-kien-bom-nuoc","8":"product_cat-nguon-dien-bien-the-adapter","9":"product_tag-12v","10":"product_tag-12v-6a","11":"product_tag-12v-8a","12":"product_tag-12v-96w","13":"product_tag-12v8a","14":"product_tag-24v","15":"product_tag-24v-4a","16":"product_tag-adapter","17":"product_tag-adapter-12v","18":"product_tag-bien-the","19":"product_tag-bien-the-12v","20":"product_tag-chuyen-dien-220v","21":"product_tag-dc-12v","22":"product_tag-may-phun-suong","23":"product_tag-nguon","24":"product_tag-nguon-12v","25":"product_tag-nguon-cho-bom-nuoc-mini","26":"product_tag-nguon-dien","27":"product_tag-nguon-may-rua-xe","28":"product_tag-phun-suong","30":"first","31":"instock","32":"sale","33":"shipping-taxable","34":"purchasable","35":"product-type-simple"},"_links":{"self":[{"href":"https:\/\/maybommini.vn\/index.php?rest_route=\/wp\/v2\/product\/256376","targetHints":{"allow":["GET"]}}],"collection":[{"href":"https:\/\/maybommini.vn\/index.php?rest_route=\/wp\/v2\/product"}],"about":[{"href":"https:\/\/maybommini.vn\/index.php?rest_route=\/wp\/v2\/types\/product"}],"replies":[{"embeddable":true,"href":"https:\/\/maybommini.vn\/index.php?rest_route=%2Fwp%2Fv2%2Fcomments&post=256376"}],"wp:featuredmedia":[{"embeddable":true,"href":"https:\/\/maybommini.vn\/index.php?rest_route=\/wp\/v2\/media\/258129"}],"wp:attachment":[{"href":"https:\/\/maybommini.vn\/index.php?rest_route=%2Fwp%2Fv2%2Fmedia&parent=256376"}],"wp:term":[{"taxonomy":"product_brand","embeddable":true,"href":"https:\/\/maybommini.vn\/index.php?rest_route=%2Fwp%2Fv2%2Fproduct_brand&post=256376"},{"taxonomy":"product_cat","embeddable":true,"href":"https:\/\/maybommini.vn\/index.php?rest_route=%2Fwp%2Fv2%2Fproduct_cat&post=256376"},{"taxonomy":"product_tag","embeddable":true,"href":"https:\/\/maybommini.vn\/index.php?rest_route=%2Fwp%2Fv2%2Fproduct_tag&post=256376"}],"curies":[{"name":"wp","href":"https:\/\/api.w.org\/{rel}","templated":true}]}}