{"id":256377,"date":"2018-04-12T19:33:00","date_gmt":"2018-04-12T12:33:00","guid":{"rendered":"https:\/\/maybommini.com\/san-pham\/import-placeholder-for-252660"},"modified":"2018-05-08T16:18:57","modified_gmt":"2018-05-08T09:18:57","slug":"may-bom-xang-dau-nhot-12v-120w-60l","status":"publish","type":"product","link":"https:\/\/maybommini.vn\/?product=may-bom-xang-dau-nhot-12v-120w-60l","title":{"rendered":"M\u00e1y b\u01a1m x\u0103ng d\u1ea7u nh\u1edbt 12V 120W 60L"},"content":{"rendered":"<h3><strong>M\u00e1y b\u01a1m x\u0103ng d\u1ea7u nh\u1edbt 12V 120W 60L chuy\u00ean d\u1ee5ng b\u01a1m nhi\u00ean li\u1ec7u c\u00e1c lo\u1ea1i. V\u1edbi v\u1edbi xu\u1ea5t b\u01a1m l\u1edbn v\u00e0 l\u01b0u l\u01b0\u1ee3ng cao th\u00edch h\u1ee3p b\u01a1m nhi\u00ean li\u1ec7u t\u00e0u xe ph\u01b0\u01a1ng ti\u1ec7n&#8230;<\/strong><\/h3>\n<p><a href=\"http:\/\/maybommini.com\/wp-content\/uploads\/2016\/08\/bom-xang-dau-nhot-12v-24v.jpg\" rel=\"attachment wp-att-245609 noopener\" target=\"_blank\"><img decoding=\"async\" class=\"size-full wp-image-245609 aligncenter\" src=\"http:\/\/maybommini.com\/wp-content\/uploads\/2016\/08\/bom-xang-dau-nhot-12v-24v.jpg\" alt=\"bom-xang-dau-nhot-12v-24v\" width=\"790\" height=\"567\" srcset=\"https:\/\/maybommini.vn\/wp-content\/uploads\/2016\/08\/bom-xang-dau-nhot-12v-24v.jpg 790w, https:\/\/maybommini.vn\/wp-content\/uploads\/2016\/08\/bom-xang-dau-nhot-12v-24v-600x431.jpg 600w, https:\/\/maybommini.vn\/wp-content\/uploads\/2016\/08\/bom-xang-dau-nhot-12v-24v-300x215.jpg 300w, https:\/\/maybommini.vn\/wp-content\/uploads\/2016\/08\/bom-xang-dau-nhot-12v-24v-768x551.jpg 768w\" sizes=\"(max-width: 790px) 100vw, 790px\" \/><\/a><\/p>\n<p><strong>TH\u00d4NG S\u1ed0 K\u1ef8 THU\u1eacT<\/strong><br \/>\n\u0110i\u1ec7n th\u1ebf : 12V<br \/>\nC\u00f4ng su\u1ea5t : 120W<br \/>\nL\u01b0u l\u01b0\u1ee3ng: 60L\/ph\u00fat<br \/>\nT\u1ef1\u00a0\u0111\u1ed9ng m\u1ed3i<br \/>\nH\u00fat : 3 &#8211; 9 m\u00e9t<br \/>\n\u0110\u1ea9y: 10 &#8211; 20 m\u00e9t<br \/>\nXu\u1ea5t x\u1ee9: CHINA cao c\u1ea5p<br \/>\nT\u00ecnh tr\u1ea1ng: H\u00e0ng m\u1edbi 100%<br \/>\nB\u1ea3o h\u00e0nh: 6 th\u00e1ng (1\u00a0\u0111\u1ed5i 1)<\/p>\n<p><a href=\"http:\/\/maybommini.com\/wp-content\/uploads\/2016\/08\/thong-so-may-bom-xang-dau-nhot.jpg\" rel=\"attachment wp-att-245612 noopener\" target=\"_blank\"><img decoding=\"async\" class=\"size-full wp-image-245612 aligncenter\" src=\"http:\/\/maybommini.com\/wp-content\/uploads\/2016\/08\/thong-so-may-bom-xang-dau-nhot.jpg\" alt=\"thong-so-may-bom-xang-dau-nhot\" width=\"522\" height=\"393\" srcset=\"https:\/\/maybommini.vn\/wp-content\/uploads\/2016\/08\/thong-so-may-bom-xang-dau-nhot.jpg 522w, https:\/\/maybommini.vn\/wp-content\/uploads\/2016\/08\/thong-so-may-bom-xang-dau-nhot-300x226.jpg 300w\" sizes=\"(max-width: 522px) 100vw, 522px\" \/><\/a><\/p>\n<p><strong>\u1ee8NG D\u1ee4NG M\u00c1Y B\u01a0M X\u0102NG D\u1ea6U NH\u1edaT<\/strong><br \/>\n\u0110\u00e2y l\u00e0 lo\u1ea1i m\u00e1y b\u01a1m chuy\u00ean d\u1ee5ng trong vi\u1ec7c b\u01a1m nhi\u00ean li\u1ec7u cho xe\u00a0\u00d4to, t\u00e0u thuy\u1ec1n v\u00e0 c\u00e1c ph\u01b0\u01a1ng ti\u1ec7n kh\u00e1c.<br \/>\nD\u00f9ng b\u01a1m x\u0103ng d\u1ea7u nh\u00e0 kho.<br \/>\nB\u01a1m x\u0103ng v\u00e0o b\u1ed3n\u00a0ch\u1ee9a.<br \/>\nB\u01a1m nhi\u00ean li\u1ec7u t\u00e0u thuy\u1ec1n, x\u00e0 lan.<br \/>\nB\u01a1m x\u0103ng xe t\u1ea3i.<br \/>\nB\u01a1m nh\u1edbt c\u00e1c lo\u1ea1i.<br \/>\nB\u01a1m sang chi\u1ebft nhi\u00ean li\u1ec7u.<\/p>\n<p><a href=\"http:\/\/maybommini.com\/wp-content\/uploads\/2016\/08\/ban-may-bom-xang-day-nhot-12v-24v-220v.jpg\" rel=\"attachment wp-att-245611 noopener\" target=\"_blank\"><img decoding=\"async\" class=\"size-large wp-image-245611 aligncenter\" src=\"http:\/\/maybommini.com\/wp-content\/uploads\/2016\/08\/ban-may-bom-xang-day-nhot-12v-24v-220v-517x1024.jpg\" alt=\"ban-may-bom-xang-day-nhot-12v-24v-220v\" width=\"517\" height=\"1024\" srcset=\"https:\/\/maybommini.vn\/wp-content\/uploads\/2016\/08\/ban-may-bom-xang-day-nhot-12v-24v-220v-517x1024.jpg 517w, https:\/\/maybommini.vn\/wp-content\/uploads\/2016\/08\/ban-may-bom-xang-day-nhot-12v-24v-220v-600x1188.jpg 600w, https:\/\/maybommini.vn\/wp-content\/uploads\/2016\/08\/ban-may-bom-xang-day-nhot-12v-24v-220v-152x300.jpg 152w, https:\/\/maybommini.vn\/wp-content\/uploads\/2016\/08\/ban-may-bom-xang-day-nhot-12v-24v-220v-768x1520.jpg 768w, https:\/\/maybommini.vn\/wp-content\/uploads\/2016\/08\/ban-may-bom-xang-day-nhot-12v-24v-220v.jpg 790w\" sizes=\"(max-width: 517px) 100vw, 517px\" \/><\/a><\/p>\n<h3><strong>LI\u00caN H\u1ec6 MUA M\u00c1Y B\u01a0M X\u0102NG D\u1ea6U NH\u1edaT<\/strong><\/h3>\n<p><strong>CTY TNHH TH\u01af\u01a0NG M\u1ea0I D\u1ecaCH V\u1ee4 \u0110I\u1ec6N M\u00c1Y TH\u00d4NG MINH<\/strong><br \/>\nHotline : 090 729 4310<br \/>\nEmail : maybommini.com@gmail.com<br \/>\nWebsite : http:\/\/maybommini.com<br \/>\nFacebook : <a href=\"https:\/\/www.facebook.com\/maybommini\" target=\"_blank\" rel=\"noopener\">https:\/\/www.facebook.com\/maybommini<\/a><br \/>\nGoogle   : <a href=\"https:\/\/plus.google.com\/ Maybomnuocminiruaxe\" target=\"_blank\" rel=\"noopener\">https:\/\/plus.google.com\/ Maybomnuocminiruaxe<\/a><br \/>\nYoutube demo : <a href=\"https:\/\/www.youtube.com\/bahamasali\" target=\"_blank\" rel=\"noopener\">https:\/\/www.youtube.com\/bahamasali<\/a><\/p>\n","protected":false},"excerpt":{"rendered":"<h3>Model: LK-60-12DC<br \/>\n\u0110i\u1ec7n th\u1ebf : 12V<br \/>\nC\u00f4ng su\u1ea5t : 120W<br \/>\nL\u01b0u l\u01b0\u1ee3ng: 60L\/ph\u00fat<br \/>\nT\u1ef1\u00a0\u0111\u1ed9ng m\u1ed3i<br \/>\nH\u00fat : 3 &#8211; 9 m\u00e9t<br \/>\n\u0110\u1ea9y: 10 &#8211; 20 m\u00e9t<br \/>\nXu\u1ea5t x\u1ee9: CHINA cao c\u1ea5p<br \/>\nT\u00ecnh tr\u1ea1ng: H\u00e0ng m\u1edbi 100%<br \/>\nB\u1ea3o h\u00e0nh: 1 n\u0103m ch\u00ednh h\u00e3ng<br \/>\n<span style=\"color: #ff0000;\">(kh\u00f4ng b\u1ea3o h\u00e0nh c\u00e1nh qu\u1ea1t &#8211; m\u00f2n thay m\u1edbi)<\/span><\/h3>\n","protected":false},"featured_media":256466,"comment_status":"open","ping_status":"closed","template":"","meta":[],"product_brand":[],"product_cat":[383],"product_tag":[387,857,858,523,524,525,859,526,527,528,529],"class_list":{"0":"post-256377","1":"product","2":"type-product","3":"status-publish","4":"has-post-thumbnail","6":"product_cat-may-bom-xang-dau-nhot","7":"product_tag-bom-dau","8":"product_tag-bom-nhot","9":"product_tag-bom-xang","10":"product_tag-may-bom-dau","11":"product_tag-may-bom-dau-12v","12":"product_tag-may-bom-nhien-lieu","13":"product_tag-may-bom-nhot","14":"product_tag-may-bom-not","15":"product_tag-may-bom-xang","16":"product_tag-may-bom-xang-12v","17":"product_tag-may-bom-xang-dau-nhot","19":"first","20":"instock","21":"sale","22":"shipping-taxable","23":"purchasable","24":"product-type-simple"},"_links":{"self":[{"href":"https:\/\/maybommini.vn\/index.php?rest_route=\/wp\/v2\/product\/256377","targetHints":{"allow":["GET"]}}],"collection":[{"href":"https:\/\/maybommini.vn\/index.php?rest_route=\/wp\/v2\/product"}],"about":[{"href":"https:\/\/maybommini.vn\/index.php?rest_route=\/wp\/v2\/types\/product"}],"replies":[{"embeddable":true,"href":"https:\/\/maybommini.vn\/index.php?rest_route=%2Fwp%2Fv2%2Fcomments&post=256377"}],"wp:featuredmedia":[{"embeddable":true,"href":"https:\/\/maybommini.vn\/index.php?rest_route=\/wp\/v2\/media\/256466"}],"wp:attachment":[{"href":"https:\/\/maybommini.vn\/index.php?rest_route=%2Fwp%2Fv2%2Fmedia&parent=256377"}],"wp:term":[{"taxonomy":"product_brand","embeddable":true,"href":"https:\/\/maybommini.vn\/index.php?rest_route=%2Fwp%2Fv2%2Fproduct_brand&post=256377"},{"taxonomy":"product_cat","embeddable":true,"href":"https:\/\/maybommini.vn\/index.php?rest_route=%2Fwp%2Fv2%2Fproduct_cat&post=256377"},{"taxonomy":"product_tag","embeddable":true,"href":"https:\/\/maybommini.vn\/index.php?rest_route=%2Fwp%2Fv2%2Fproduct_tag&post=256377"}],"curies":[{"name":"wp","href":"https:\/\/api.w.org\/{rel}","templated":true}]}}