{"id":256378,"date":"2018-04-12T19:33:00","date_gmt":"2018-04-12T12:33:00","guid":{"rendered":"https:\/\/maybommini.com\/san-pham\/import-placeholder-for-252661"},"modified":"2020-08-13T08:14:27","modified_gmt":"2020-08-13T01:14:27","slug":"may-bom-xang-dau-nhot-24v-150w-70l","status":"publish","type":"product","link":"https:\/\/maybommini.vn\/?product=may-bom-xang-dau-nhot-24v-150w-70l","title":{"rendered":"M\u00e1y b\u01a1m x\u0103ng d\u1ea7u nh\u1edbt 24V 150W 70L"},"content":{"rendered":"<p><strong>M\u00e1y b\u01a1m x\u0103ng d\u1ea7u nh\u1edbt 24V 150W 70L chuy\u00ean d\u1ee5ng b\u01a1m nhi\u00ean li\u1ec7u c\u00e1c lo\u1ea1i. V\u1edbi v\u1edbi xu\u1ea5t b\u01a1m l\u1edbn v\u00e0 l\u01b0u l\u01b0\u1ee3ng cao th\u00edch h\u1ee3p b\u01a1m nhi\u00ean li\u1ec7u t\u00e0u xe ph\u01b0\u01a1ng ti\u1ec7n&#8230; Chuy\u00ean cung c\u1ea5p c\u00e1c lo\u1ea1i m\u00e1y b\u01a1m x\u0103ng d\u1ea7u nh\u1edbt h\u00e0ng\u00a0\u0111\u1ea7u gi\u00e1 t\u1ed1t b\u1ea3o h\u00e0nh ch\u00ednh h\u00e3ng giao h\u00e0ng to\u00e0n qu\u1ed1c.<\/strong><\/p>\n<p><a href=\"https:\/\/maybommini.com\/wp-content\/uploads\/2018\/04\/bom-xang-dau-nhot-24v-1.jpg\" target=\"_blank\" rel=\"noopener\"><img decoding=\"async\" class=\"size-full wp-image-258496 aligncenter\" src=\"https:\/\/maybommini.com\/wp-content\/uploads\/2018\/04\/bom-xang-dau-nhot-24v-1.jpg\" alt=\"Bom Xang Dau Nhot 24v\" width=\"750\" height=\"750\" srcset=\"https:\/\/maybommini.vn\/wp-content\/uploads\/2018\/04\/bom-xang-dau-nhot-24v-1.jpg 750w, https:\/\/maybommini.vn\/wp-content\/uploads\/2018\/04\/bom-xang-dau-nhot-24v-1-300x300.jpg 300w, https:\/\/maybommini.vn\/wp-content\/uploads\/2018\/04\/bom-xang-dau-nhot-24v-1-150x150.jpg 150w, https:\/\/maybommini.vn\/wp-content\/uploads\/2018\/04\/bom-xang-dau-nhot-24v-1-600x600.jpg 600w\" sizes=\"(max-width: 750px) 100vw, 750px\" \/><\/a><\/p>\n<p><strong>TH\u00d4NG S\u1ed0 K\u1ef8 THU\u1eacT<br \/>\n<\/strong>Model: LK-70-24DC<br \/>\n\u0110i\u1ec7n th\u1ebf : 24V<br \/>\nC\u00f4ng su\u1ea5t : 150W<br \/>\nL\u01b0u l\u01b0\u1ee3ng: 70L\/ph\u00fat<br \/>\nRen n\u1ed1i\u00a0\u1ed1ng : 24mm (trong)<br \/>\nT\u1ef1\u00a0\u0111\u1ed9ng m\u1ed3i<br \/>\nH\u00fat : 3 &#8211; 9 m\u00e9t<br \/>\n\u0110\u1ea9y: 10 &#8211; 20 m\u00e9t<br \/>\nXu\u1ea5t x\u1ee9: CHINA cao c\u1ea5p<br \/>\nT\u00ecnh tr\u1ea1ng: H\u00e0ng m\u1edbi 100%<br \/>\nB\u1ea3o h\u00e0nh: 6 th\u00e1ng (1\u00a0\u0111\u1ed5i 1)<\/p>\n<p><a href=\"https:\/\/maybommini.com\/wp-content\/uploads\/2018\/04\/bom-xang-dau-nhot-24v-1.jpg\" target=\"_blank\" rel=\"noopener\"><img decoding=\"async\" class=\"size-full wp-image-258496 aligncenter\" src=\"https:\/\/maybommini.com\/wp-content\/uploads\/2018\/04\/bom-xang-dau-nhot-24v-1.jpg\" alt=\"Bom Xang Dau Nhot 24v\" width=\"750\" height=\"750\" srcset=\"https:\/\/maybommini.vn\/wp-content\/uploads\/2018\/04\/bom-xang-dau-nhot-24v-1.jpg 750w, https:\/\/maybommini.vn\/wp-content\/uploads\/2018\/04\/bom-xang-dau-nhot-24v-1-300x300.jpg 300w, https:\/\/maybommini.vn\/wp-content\/uploads\/2018\/04\/bom-xang-dau-nhot-24v-1-150x150.jpg 150w, https:\/\/maybommini.vn\/wp-content\/uploads\/2018\/04\/bom-xang-dau-nhot-24v-1-600x600.jpg 600w\" sizes=\"(max-width: 750px) 100vw, 750px\" \/><\/a><\/p>\n<p><strong>\u1ee8NG D\u1ee4NG M\u00c1Y B\u01a0M X\u0102NG D\u1ea6U NH\u1edaT<\/strong><br \/>\n\u0110\u00e2y l\u00e0 lo\u1ea1i m\u00e1y b\u01a1m chuy\u00ean d\u1ee5ng trong vi\u1ec7c b\u01a1m nhi\u00ean li\u1ec7u cho xe\u00a0\u00d4to, t\u00e0u thuy\u1ec1n v\u00e0 c\u00e1c ph\u01b0\u01a1ng ti\u1ec7n kh\u00e1c.<br \/>\nD\u00f9ng b\u01a1m x\u0103ng d\u1ea7u nh\u00e0 kho.<br \/>\nB\u01a1m x\u0103ng v\u00e0o b\u1ed3n\u00a0ch\u1ee9a.<br \/>\nB\u01a1m nhi\u00ean li\u1ec7u t\u00e0u thuy\u1ec1n, x\u00e0 lan.<br \/>\nB\u01a1m x\u0103ng xe t\u1ea3i.<br \/>\nB\u01a1m nh\u1edbt c\u00e1c lo\u1ea1i.<br \/>\nB\u01a1m sang chi\u1ebft nhi\u00ean li\u1ec7u.<\/p>\n<p><a href=\"https:\/\/maybommini.com\/wp-content\/uploads\/2018\/04\/bom-xang-dau-nhot-24v-1.jpg\" target=\"_blank\" rel=\"noopener\"><img decoding=\"async\" class=\"size-full wp-image-258496 aligncenter\" src=\"https:\/\/maybommini.com\/wp-content\/uploads\/2018\/04\/bom-xang-dau-nhot-24v-1.jpg\" alt=\"Bom Xang Dau Nhot 24v\" width=\"750\" height=\"750\" srcset=\"https:\/\/maybommini.vn\/wp-content\/uploads\/2018\/04\/bom-xang-dau-nhot-24v-1.jpg 750w, https:\/\/maybommini.vn\/wp-content\/uploads\/2018\/04\/bom-xang-dau-nhot-24v-1-300x300.jpg 300w, https:\/\/maybommini.vn\/wp-content\/uploads\/2018\/04\/bom-xang-dau-nhot-24v-1-150x150.jpg 150w, https:\/\/maybommini.vn\/wp-content\/uploads\/2018\/04\/bom-xang-dau-nhot-24v-1-600x600.jpg 600w\" sizes=\"(max-width: 750px) 100vw, 750px\" \/><\/a><\/p>\n<p style=\"text-align: center;\"><strong>LI\u00caN H\u1ec6 MUA M\u00c1Y B\u01a0M X\u0102NG D\u1ea6U NH\u1edaT<\/strong><\/p>\n<p><strong>CTY TNHH TH\u01af\u01a0NG M\u1ea0I D\u1ecaCH V\u1ee4 \u0110I\u1ec6N M\u00c1Y TH\u00d4NG MINH<\/strong><br \/>\nHotline : 090 729 4310<br \/>\nEmail : maybommini.com@gmail.com<br \/>\nWebsite : http:\/\/maybommini.com<br \/>\nFacebook : <a href=\"https:\/\/www.facebook.com\/maybommini\" target=\"_blank\" rel=\"noopener\">https:\/\/www.facebook.com\/maybommini<\/a><br \/>\nGoogle : <a href=\"https:\/\/plus.google.com\/ Maybomnuocminiruaxe\" target=\"_blank\" rel=\"noopener\">https:\/\/plus.google.com\/ Maybomnuocminiruaxe<\/a><br \/>\nYoutube demo : <a href=\"https:\/\/www.youtube.com\/bahamasali\" target=\"_blank\" rel=\"noopener\">https:\/\/www.youtube.com\/bahamasali<\/a><\/p>\n<h3 style=\"text-align: center;\">M\u00e1y b\u01a1m x\u0103ng d\u1ea7u nh\u1edbt 24V 150W 70L<\/h3>\n","protected":false},"excerpt":{"rendered":"<h3>Model: LK-70-24DC<br \/>\n\u0110i\u1ec7n th\u1ebf : 24V<br \/>\nC\u00f4ng su\u1ea5t : 150W<br \/>\nL\u01b0u l\u01b0\u1ee3ng: 70L\/ph\u00fat<br \/>\nT\u1ef1\u00a0\u0111\u1ed9ng m\u1ed3i<br \/>\nH\u00fat : 3 &#8211; 9 m\u00e9t<br \/>\n\u0110\u1ea9y: 10 &#8211; 20 m\u00e9t<br \/>\nXu\u1ea5t x\u1ee9: CHINA cao c\u1ea5p<br \/>\nT\u00ecnh tr\u1ea1ng: H\u00e0ng m\u1edbi 100%<br \/>\nB\u1ea3o h\u00e0nh: 6 th\u00e1ng (1\u00a0\u0111\u1ed5i 1)<br \/>\n<span style=\"color: #ff0000;\">(kh\u00f4ng b\u1ea3o h\u00e0nh c\u00e1nh qu\u1ea1t &#8211; m\u00f2n thay m\u1edbi)<\/span><\/h3>\n","protected":false},"featured_media":258496,"comment_status":"open","ping_status":"closed","template":"","meta":[],"product_brand":[],"product_cat":[1118],"product_tag":[488,387,857,858,570,523,524,525,859,526,527,528,529],"class_list":{"0":"post-256378","1":"product","2":"type-product","3":"status-publish","4":"has-post-thumbnail","6":"product_cat-may-bom-xang-dau-nhot-24v","7":"product_tag-24v","8":"product_tag-bom-dau","9":"product_tag-bom-nhot","10":"product_tag-bom-xang","11":"product_tag-may-bom-24v","12":"product_tag-may-bom-dau","13":"product_tag-may-bom-dau-12v","14":"product_tag-may-bom-nhien-lieu","15":"product_tag-may-bom-nhot","16":"product_tag-may-bom-not","17":"product_tag-may-bom-xang","18":"product_tag-may-bom-xang-12v","19":"product_tag-may-bom-xang-dau-nhot","21":"first","22":"instock","23":"sale","24":"shipping-taxable","25":"purchasable","26":"product-type-simple"},"_links":{"self":[{"href":"https:\/\/maybommini.vn\/index.php?rest_route=\/wp\/v2\/product\/256378","targetHints":{"allow":["GET"]}}],"collection":[{"href":"https:\/\/maybommini.vn\/index.php?rest_route=\/wp\/v2\/product"}],"about":[{"href":"https:\/\/maybommini.vn\/index.php?rest_route=\/wp\/v2\/types\/product"}],"replies":[{"embeddable":true,"href":"https:\/\/maybommini.vn\/index.php?rest_route=%2Fwp%2Fv2%2Fcomments&post=256378"}],"wp:featuredmedia":[{"embeddable":true,"href":"https:\/\/maybommini.vn\/index.php?rest_route=\/wp\/v2\/media\/258496"}],"wp:attachment":[{"href":"https:\/\/maybommini.vn\/index.php?rest_route=%2Fwp%2Fv2%2Fmedia&parent=256378"}],"wp:term":[{"taxonomy":"product_brand","embeddable":true,"href":"https:\/\/maybommini.vn\/index.php?rest_route=%2Fwp%2Fv2%2Fproduct_brand&post=256378"},{"taxonomy":"product_cat","embeddable":true,"href":"https:\/\/maybommini.vn\/index.php?rest_route=%2Fwp%2Fv2%2Fproduct_cat&post=256378"},{"taxonomy":"product_tag","embeddable":true,"href":"https:\/\/maybommini.vn\/index.php?rest_route=%2Fwp%2Fv2%2Fproduct_tag&post=256378"}],"curies":[{"name":"wp","href":"https:\/\/api.w.org\/{rel}","templated":true}]}}