{"id":256379,"date":"2018-04-12T19:33:00","date_gmt":"2018-04-12T12:33:00","guid":{"rendered":"https:\/\/maybommini.com\/san-pham\/import-placeholder-for-252662"},"modified":"2018-04-12T19:34:05","modified_gmt":"2018-04-12T12:34:05","slug":"may-bom-dau-inox-220v-370w","status":"publish","type":"product","link":"https:\/\/maybommini.vn\/?product=may-bom-dau-inox-220v-370w","title":{"rendered":"M\u00e1y b\u01a1m \u0111\u1ea7u Inox 220V 370W"},"content":{"rendered":"<h3><strong>\u00a0M\u00e1y b\u01a1m \u0111\u1ea7u Inox 220V 370W l\u00e0 lo\u1ea1i m\u00e1y b\u01a1m n\u01b0\u1edbc l\u01b0u l\u01b0\u1ee3ng l\u1edbn d\u00f9ng c\u00f4ng ngh\u1ec7 m\u1edbi cho c\u00f4ng su\u1ea5t b\u01a1m cao hi\u1ec7u qu\u1ea3. D\u00f9ng b\u01a1m n\u01b0\u1edbc gia\u00a0\u0111\u00ecnh, tr\u1ee3 l\u1ef1c n\u01b0\u1edbc, b\u01a1m n\u01b0\u1edbc n\u00f3ng, b\u01a1m th\u1ef1c ph\u1ea9m.<\/strong><\/h3>\n<p><a href=\"http:\/\/maybommini.com\/wp-content\/uploads\/2014\/01\/may-bom-luu-luong-lon.jpg\" rel=\"attachment wp-att-245619 noopener\" target=\"_blank\"><img decoding=\"async\" class=\"size-full wp-image-245619 aligncenter\" src=\"http:\/\/maybommini.com\/wp-content\/uploads\/2014\/01\/may-bom-luu-luong-lon.jpg\" alt=\"may-bom-luu-luong-lon\" width=\"550\" height=\"550\" srcset=\"https:\/\/maybommini.vn\/wp-content\/uploads\/2014\/01\/may-bom-luu-luong-lon.jpg 550w, https:\/\/maybommini.vn\/wp-content\/uploads\/2014\/01\/may-bom-luu-luong-lon-300x300.jpg 300w, https:\/\/maybommini.vn\/wp-content\/uploads\/2014\/01\/may-bom-luu-luong-lon-150x150.jpg 150w\" sizes=\"(max-width: 550px) 100vw, 550px\" \/><\/a><\/p>\n<p><strong>TH\u00d4NG S\u1ed0 K\u1ef8 THU\u1eacT C\u1ee6A M\u00c1Y<\/strong><br \/>\n\u2022 Nh\u00e3n hi\u1ec7u:\u00a0Fujiwara Taiwan<br \/>\n\u2022 Model: TY-JETB-370<br \/>\n\u2022 Xu\u1ea5t x\u1ee9: Fujiwara Taiwan<br \/>\n\u2022 T\u00ecnh tr\u1ea1ng: H\u00e0ng m\u1edbi 100%<br \/>\n\u2022 \u0110i\u1ec7n \u00e1p s\u1eed d\u1ee5ng: 220 V 1 pha<br \/>\n\u2022 C\u00f4ng su\u1ea5t b\u01a1m: 370 W = 0,5 HP<br \/>\n\u2022 L\u01b0u l\u01b0\u1ee3ng b\u01a1m: 6.300 L\/H<br \/>\n\u2022 C\u1ee1 \u1ed1ng :\u00a0\u1ed0ng h\u00fat 42 mm, \u1ed0ng x\u1ea3 34 mm<br \/>\n\u2022 S\u1ed1 c\u00e1nh: 1 c\u00e1nh<br \/>\n\u2022 T\u1ed1c \u0111\u1ed9 quay: 2900 rpm<br \/>\n\u2022 \u0110\u1ea9y cao t\u1ed1i \u0111a: 31 m<br \/>\n\u2022 H\u00fat s\u00e2u t\u1ed1i \u0111a: 9 m<br \/>\n\u2022 Nhi\u1ec7t \u0111\u1ed9 ch\u1ea5t l\u1ecfng b\u01a1m: 0\u2103 &#8211; 70\u2103<br \/>\n\u2022 \u00c1p l\u1ef1c: 10 bar<br \/>\n\u2022 Tr\u1ecdng l\u01b0\u1ee3ng: 6,7 Kg<\/p>\n<p><a href=\"http:\/\/maybommini.com\/wp-content\/uploads\/2014\/01\/may-bom-tro-luc-gia-dinh-220v.jpg\" rel=\"attachment wp-att-245621 noopener\" target=\"_blank\"><img decoding=\"async\" class=\"size-full wp-image-245621 aligncenter\" src=\"http:\/\/maybommini.com\/wp-content\/uploads\/2014\/01\/may-bom-tro-luc-gia-dinh-220v.jpg\" alt=\"may-bom-tro-luc-gia-dinh-220v\" width=\"663\" height=\"347\" srcset=\"https:\/\/maybommini.vn\/wp-content\/uploads\/2014\/01\/may-bom-tro-luc-gia-dinh-220v.jpg 663w, https:\/\/maybommini.vn\/wp-content\/uploads\/2014\/01\/may-bom-tro-luc-gia-dinh-220v-600x314.jpg 600w, https:\/\/maybommini.vn\/wp-content\/uploads\/2014\/01\/may-bom-tro-luc-gia-dinh-220v-300x157.jpg 300w\" sizes=\"(max-width: 663px) 100vw, 663px\" \/><\/a><\/p>\n<p><strong>\u01afU \u0110I\u1ec2M M\u00c1Y B\u01a0M \u0110\u1ea6U INOX\u00a0:<\/strong><br \/>\n&#8211; S\u1ea3n ph\u1ea9m \u0111\u01b0\u1ee3c ch\u1ebf t\u1ea1o ho\u00e0n to\u00e0n theo c\u00f4ng ngh\u1ec7 ti\u00ean ti\u1ebfn c\u1ee7a Italy, v\u1edbi \u0111\u1ed9 b\u1ec1n v\u00e0 \u1ed5n \u0111\u1ecbnh c\u1ef1c cao.<br \/>\n&#8211; Tr\u1ee5c ch\u00ednh, \u0111\u1ea7u b\u01a1m v\u00e0 c\u00e1nh b\u01a1m c\u1ee7a m\u00e1y b\u01a1m \u0111\u01b0\u1ee3c l\u00e0m b\u1eb1ng th\u00e9p kh\u00f4ng g\u1ec9 Inox 304 qua \u0111\u00f3 l\u00e0m t\u0103ng tu\u1ed5i th\u1ecd c\u1ee7a s\u1ea3n ph\u1ea9m.<br \/>\n&#8211; Th\u00e2n b\u01a1m b\u1eb1ng gang c\u1ef1c ch\u1eafc ch\u1eafn.<br \/>\n&#8211; \u0110\u1ed9ng c\u01a1 m\u00e1y b\u01a1m \u0111\u01b0\u1ee3c l\u00e0m ho\u00e0n to\u00e0n b\u1eb1ng d\u00e2y \u0111\u1ed3ng nguy\u00ean ch\u1ea5t.<br \/>\n&#8211; Ph\u1ed1t k\u00edn c\u01a1 h\u1ecdc.<br \/>\n&#8211; Motor c\u00f3 l\u1edbp c\u00e1ch \u0111i\u1ec7n B.<br \/>\n&#8211; C\u1ea5p b\u1ea3o v\u1ec7: IP55.<br \/>\n&#8211; B\u00ean trong m\u00e1y c\u00f3 trang b\u1ecb th\u00eam R\u1edd le nhi\u1ec7t ch\u1ed1ng qu\u00e1 t\u1ea3i nhi\u1ec7t gi\u00fap m\u00e1y t\u1ef1 \u0111\u1ed9ng ng\u1eaft khi g\u1eb7p s\u1ef1 c\u1ed1 (m\u00e1y ch\u1ea1y qu\u00e1 t\u1ea3i, b\u1ecb k\u1eb9t r\u00e1c).<\/p>\n<p><a href=\"http:\/\/maybommini.com\/wp-content\/uploads\/2014\/01\/may-bom-tro-luc-cao-cap-220v.jpg\" rel=\"attachment wp-att-245620 noopener\" target=\"_blank\"><img decoding=\"async\" class=\"size-large wp-image-245620 aligncenter\" src=\"http:\/\/maybommini.com\/wp-content\/uploads\/2014\/01\/may-bom-tro-luc-cao-cap-220v-769x1024.jpg\" alt=\"may-bom-tro-luc-cao-cap-220v\" width=\"769\" height=\"1024\" srcset=\"https:\/\/maybommini.vn\/wp-content\/uploads\/2014\/01\/may-bom-tro-luc-cao-cap-220v-769x1024.jpg 769w, https:\/\/maybommini.vn\/wp-content\/uploads\/2014\/01\/may-bom-tro-luc-cao-cap-220v-600x799.jpg 600w, https:\/\/maybommini.vn\/wp-content\/uploads\/2014\/01\/may-bom-tro-luc-cao-cap-220v-225x300.jpg 225w, https:\/\/maybommini.vn\/wp-content\/uploads\/2014\/01\/may-bom-tro-luc-cao-cap-220v-768x1023.jpg 768w, https:\/\/maybommini.vn\/wp-content\/uploads\/2014\/01\/may-bom-tro-luc-cao-cap-220v.jpg 790w\" sizes=\"(max-width: 769px) 100vw, 769px\" \/><\/a><\/p>\n<p><strong>\u1ee8NG D\u1ee4NG M\u00c1Y B\u01a0M \u0110\u1ea6U INOX\u00a0:<\/strong><br \/>\n&#8211; M\u00e1y b\u01a1m \u0111\u1ea7u inox l\u00e0 s\u1ef1 l\u1ef1a ch\u1ecdn th\u00edch h\u1ee3p trong vi\u1ec7c c\u1ea5p n\u01b0\u1edbc cho gia \u0111\u00ecnh, b\u01a1m n\u01b0\u1edbc n\u00f3ng&#8230;<br \/>\n&#8211; S\u1eed d\u1ee5ng trong ng\u00e0nh th\u1ef1c ph\u1ea9m: B\u01a1m th\u1ee9c \u0103n, si r\u00f4, b\u1ed9t nh\u00e3o&#8230;<br \/>\n&#8211; S\u1eed d\u1ee5ng trong c\u00f4ng nghi\u1ec7p, b\u01a1m nh\u01b0ng h\u00f3a ch\u1ea5t c\u01a1 b\u1ea3n\u2026<br \/>\n&#8211; T\u0103ng \u00e1p l\u1ef1c \u0111\u01b0\u1eddng \u1ed1ng, h\u1ed7 tr\u1ee3 c\u00e1c thi\u1ebft b\u1ecb, h\u1ec7 th\u1ed1ng tu\u1ea7n ho\u00e0n v\u00e0 h\u1ec7 th\u1ed1ng tho\u00e1t n\u01b0\u1edbc c\u1ee7a c\u00e1c t\u00f2a nh\u00e0 cao t\u1ea7ng.<br \/>\n&#8211; Ngo\u00e0i ra d\u00f2ng s\u1ea3n ph\u1ea9m B\u01a1m \u0111\u1ea7u inox 1 pha c\u00f2n ph\u00f9 h\u1ee3p s\u1eed d\u1ee5ng cho m\u1ee5c \u0111\u00edch t\u01b0\u1edbi v\u01b0\u1eddn hoa vi\u00ean, t\u01b0\u1edbi rau trong nh\u00e0 k\u00ednh, ng\u00e0nh ch\u0103n nu\u00f4i gia s\u00fac, nu\u00f4i c\u00e1, trong ng\u00e0nh c\u00f4ng nghi\u1ec7p khai th\u00e1c.<\/p>\n<table style=\"height: 124px;\" width=\"640\">\n<tbody>\n<tr>\n<td><strong>CTY TNHH TH\u01af\u01a0NG M\u1ea0I D\u1ecaCH V\u1ee4 PH\u00c1T TRI\u1ec2N \u0110\u1ed2NG NH\u1ea4T<\/strong><br \/>\n98 Nguy\u1ec5n \u0110\u00ecnh Chi\u1ec3u, Ph\u01b0\u1eddng \u0110akao, Qu\u1eadn 1 , H\u1ed3 Ch\u00ed Minh.<br \/>\n<strong>HOTLINE<\/strong>: 090 729 4310<br \/>\n<strong>\u0110\u1ea0I L\u00dd C\u00c1C T\u1ec8NH:<\/strong> 090 729 4310<br \/>\n<strong>TT B\u1ea2O H\u00c0NH:<\/strong> 09888 080 70<\/td>\n<td><strong>Email :<\/strong> <a href=\"mailto:maybommini.com@gmail.com\" target=\"_blank\">maybommini.com@gmail.com<\/a><br \/>\n<strong>Website :<\/strong> <a href=\"http:\/\/maybommini.com\" target=\"_blank\" rel=\"noopener\">http:\/\/maybommini.com<\/a><br \/>\n<strong>Facebook :<\/strong> <a href=\"https:\/\/www.facebook.com\/maybommini\" target=\"_blank\" rel=\"noopener\">https:\/\/www.facebook.com\/maybommini<\/a><br \/>\n<strong>Google   :<\/strong> <a href=\"https:\/\/plus.google.com\/ Maybomnuocminiruaxe\" target=\"_blank\" rel=\"noopener\">https:\/\/plus.google.com\/ Maybomnuocminiruaxe<\/a><br \/>\n<strong>Youtube demo :<\/strong> <a href=\"https:\/\/www.youtube.com\/bahamasali\" target=\"_blank\" rel=\"noopener\">https:\/\/www.youtube.com\/bahamasali<\/a><\/td>\n<\/tr>\n<\/tbody>\n<\/table>\n","protected":false},"excerpt":{"rendered":"<p>\u2022 Nh\u00e3n hi\u1ec7u:\u00a0Fujiwara Taiwan<br \/>\n\u2022 Model: TY-JETB-370<br \/>\n\u2022 Xu\u1ea5t x\u1ee9: Fujiwara Taiwan<br \/>\n\u2022 T\u00ecnh tr\u1ea1ng: H\u00e0ng m\u1edbi 100%<br \/>\n\u2022 \u0110i\u1ec7n \u00e1p s\u1eed d\u1ee5ng: 220 V 1 pha<br \/>\n\u2022 C\u00f4ng su\u1ea5t b\u01a1m: 370 W = 0,5 HP<br \/>\n\u2022 L\u01b0u l\u01b0\u1ee3ng b\u01a1m: 6.300 L\/H<br \/>\n\u2022 C\u1ee1 \u1ed1ng :\u00a0\u1ed0ng h\u00fat 42 mm, \u1ed0ng x\u1ea3 34 mm<br \/>\n\u2022 S\u1ed1 c\u00e1nh: 1 c\u00e1nh<br \/>\n\u2022 T\u1ed1c \u0111\u1ed9 quay: 2900 rpm<br \/>\n\u2022 \u0110\u1ea9y cao t\u1ed1i \u0111a: 31 m<br \/>\n\u2022 H\u00fat s\u00e2u t\u1ed1i \u0111a: 9 m<br \/>\nPh\u00e2n ph\u1ed1i \u00a0b\u1edfi MBM<br \/>\nB\u1ea3o h\u00e0ng 12 th\u00e1ng<\/p>\n","protected":false},"featured_media":256469,"comment_status":"open","ping_status":"closed","template":"","meta":[],"product_brand":[],"product_cat":[224],"product_tag":[860,500,861,862,863,864,865,203,645,866],"class_list":{"0":"post-256379","1":"product","2":"type-product","3":"status-publish","4":"has-post-thumbnail","6":"product_cat-may-bom-nuoc","7":"product_tag-1-pha","8":"product_tag-220v","9":"product_tag-370w","10":"product_tag-bom-nuoc-nong","11":"product_tag-bom-thuc-pham","12":"product_tag-bom-tro-luc-nuoc","13":"product_tag-cong-suat-ngua","14":"product_tag-may-bom","15":"product_tag-may-bom-luu-luon-lon","16":"product_tag-tro-luc-gia-dinh","18":"first","19":"instock","20":"sale","21":"shipping-taxable","22":"purchasable","23":"product-type-simple"},"_links":{"self":[{"href":"https:\/\/maybommini.vn\/index.php?rest_route=\/wp\/v2\/product\/256379","targetHints":{"allow":["GET"]}}],"collection":[{"href":"https:\/\/maybommini.vn\/index.php?rest_route=\/wp\/v2\/product"}],"about":[{"href":"https:\/\/maybommini.vn\/index.php?rest_route=\/wp\/v2\/types\/product"}],"replies":[{"embeddable":true,"href":"https:\/\/maybommini.vn\/index.php?rest_route=%2Fwp%2Fv2%2Fcomments&post=256379"}],"wp:featuredmedia":[{"embeddable":true,"href":"https:\/\/maybommini.vn\/index.php?rest_route=\/wp\/v2\/media\/256469"}],"wp:attachment":[{"href":"https:\/\/maybommini.vn\/index.php?rest_route=%2Fwp%2Fv2%2Fmedia&parent=256379"}],"wp:term":[{"taxonomy":"product_brand","embeddable":true,"href":"https:\/\/maybommini.vn\/index.php?rest_route=%2Fwp%2Fv2%2Fproduct_brand&post=256379"},{"taxonomy":"product_cat","embeddable":true,"href":"https:\/\/maybommini.vn\/index.php?rest_route=%2Fwp%2Fv2%2Fproduct_cat&post=256379"},{"taxonomy":"product_tag","embeddable":true,"href":"https:\/\/maybommini.vn\/index.php?rest_route=%2Fwp%2Fv2%2Fproduct_tag&post=256379"}],"curies":[{"name":"wp","href":"https:\/\/api.w.org\/{rel}","templated":true}]}}