{"id":256380,"date":"2018-04-12T19:33:01","date_gmt":"2018-04-12T12:33:01","guid":{"rendered":"https:\/\/maybommini.com\/san-pham\/import-placeholder-for-252663"},"modified":"2019-07-25T08:27:33","modified_gmt":"2019-07-25T01:27:33","slug":"bom-nuoc-mini-ap-luc-12v-60w-5l-smartpumpus","status":"publish","type":"product","link":"https:\/\/maybommini.vn\/?product=bom-nuoc-mini-ap-luc-12v-60w-5l-smartpumpus","title":{"rendered":"B\u01a1m N\u01b0\u1edbc Mini \u00c1p L\u1ef1c 12V 60W 5L &#8211; SmartPumpus"},"content":{"rendered":"<p><em><strong>B\u01a1m n\u01b0\u1edbc mini \u00e1p l\u1ef1c 12V 60W l\u00e0 lo\u1ea1i b\u01a1m nh\u1ecf g\u1ecdn d\u00f9ng ngu\u1ed3n 12v 6A r\u1ea5t th\u00edch h\u1ee3p phun thu\u1ed1c tr\u1eeb s\u00e2u, phun s\u01b0\u01a1ng t\u01b0\u1edbi lan v\u00e0 v\u1ec7 sinh m\u00e1y l\u1ea1nh.\u00a0\u00a0M\u00e1y b\u01a1m n\u01b0\u1edbc mini 12v 60w\u00a0do Maybommini.com\u00a0\u0111\u1ed9c quy\u1ec1n ph\u00e2n ph\u1ed1i t\u1ea1i Vi\u1ec7t Nam v\u1edbi th\u01b0\u01a1ng hi\u1ec7u SmartPumps.<\/strong><\/em><\/p>\n<p><a href=\"https:\/\/maybommini.com\/wp-content\/uploads\/2018\/04\/may-bom-nuoc-mini-12v-60w-smartpumps.jpg\" target=\"_blank\" rel=\"noopener\"><img decoding=\"async\" class=\"size-full wp-image-260148 aligncenter\" src=\"https:\/\/maybommini.com\/wp-content\/uploads\/2018\/04\/may-bom-nuoc-mini-12v-60w-smartpumps.jpg\" alt=\"May Bom Nuoc Mini 12v 60w Smartpumps\" width=\"750\" height=\"750\" srcset=\"https:\/\/maybommini.vn\/wp-content\/uploads\/2018\/04\/may-bom-nuoc-mini-12v-60w-smartpumps.jpg 750w, https:\/\/maybommini.vn\/wp-content\/uploads\/2018\/04\/may-bom-nuoc-mini-12v-60w-smartpumps-300x300.jpg 300w, https:\/\/maybommini.vn\/wp-content\/uploads\/2018\/04\/may-bom-nuoc-mini-12v-60w-smartpumps-150x150.jpg 150w, https:\/\/maybommini.vn\/wp-content\/uploads\/2018\/04\/may-bom-nuoc-mini-12v-60w-smartpumps-600x600.jpg 600w\" sizes=\"(max-width: 750px) 100vw, 750px\" \/><\/a><\/p>\n<p style=\"text-align: left;\"><strong>TH\u00d4NG S\u1ed0 K\u1ef8 THU\u1eacT M\u00c1Y B\u01a0M\u00a0\u00c1P L\u1ef0C 12V 60W 5L<br \/>\n<\/strong>Th\u01b0\u01a1ng hi\u1ec7u:\u00a0\u00a0SmartPumps<br \/>\n\u0110i\u1ec7n\u00a0\u00e1p : 12V<br \/>\nC\u00f4ng xu\u1ea5t : 60W &#8211; 5A<br \/>\n\u00c1p l\u1ef1c : 8kg (0.8 Mpa)<br \/>\nL\u01b0u l\u01b0\u1ee3ng : 5L\/ph\u00fat<br \/>\nTr\u1ecdng l\u01b0\u1ee3ng : 0.6 Kg<br \/>\n\u1ed0ng v\u00e0o ra : 12 mm<br \/>\n\u1ed0ng d\u00e2y cho ph\u00e9p t\u1ed1i\u00a0\u0111a: 90 m\u00e9t.<br \/>\nC\u00f4ng t\u1eaft\u00a0\u00e1p l\u1ef1c t\u1ef1\u00a0\u0111\u1ed9ng ng\u1eaft \u0111i\u1ec7n\u00a0khi kho\u00e1 n\u01b0\u1edbc ra.<br \/>\nPh\u00e2n ph\u1ed1i : MBM<br \/>\nB\u1ea3o h\u00e0nh: 6 th\u00e1ng 1\u00a0\u0111\u1ed5i 1<\/p>\n<p style=\"text-align: left;\"><a href=\"https:\/\/maybommini.com\/wp-content\/uploads\/2018\/04\/may-bom-ap-luc-mini-12v-60w-smartpumps-chinh-hang.jpg\" target=\"_blank\" rel=\"noopener\"><img decoding=\"async\" class=\"size-full wp-image-260121 aligncenter\" src=\"https:\/\/maybommini.com\/wp-content\/uploads\/2018\/04\/may-bom-ap-luc-mini-12v-60w-smartpumps-chinh-hang.jpg\" alt=\"May Bom Ap Luc Mini 12v 60w Smartpumps Chinh Hang\" width=\"750\" height=\"750\" srcset=\"https:\/\/maybommini.vn\/wp-content\/uploads\/2018\/04\/may-bom-ap-luc-mini-12v-60w-smartpumps-chinh-hang.jpg 750w, https:\/\/maybommini.vn\/wp-content\/uploads\/2018\/04\/may-bom-ap-luc-mini-12v-60w-smartpumps-chinh-hang-300x300.jpg 300w, https:\/\/maybommini.vn\/wp-content\/uploads\/2018\/04\/may-bom-ap-luc-mini-12v-60w-smartpumps-chinh-hang-150x150.jpg 150w, https:\/\/maybommini.vn\/wp-content\/uploads\/2018\/04\/may-bom-ap-luc-mini-12v-60w-smartpumps-chinh-hang-600x600.jpg 600w\" sizes=\"(max-width: 750px) 100vw, 750px\" \/><\/a><a href=\"https:\/\/maybommini.com\/wp-content\/uploads\/2018\/04\/bom-nuoc-mini-12v-60w-ap-luc-cao.jpg\" target=\"_blank\" rel=\"noopener\"><img decoding=\"async\" class=\"size-full wp-image-260147 aligncenter\" src=\"https:\/\/maybommini.com\/wp-content\/uploads\/2018\/04\/bom-nuoc-mini-12v-60w-ap-luc-cao.jpg\" alt=\"Bom Nuoc Mini 12v 60w Ap Luc Cao\" width=\"550\" height=\"550\" srcset=\"https:\/\/maybommini.vn\/wp-content\/uploads\/2018\/04\/bom-nuoc-mini-12v-60w-ap-luc-cao.jpg 550w, https:\/\/maybommini.vn\/wp-content\/uploads\/2018\/04\/bom-nuoc-mini-12v-60w-ap-luc-cao-300x300.jpg 300w, https:\/\/maybommini.vn\/wp-content\/uploads\/2018\/04\/bom-nuoc-mini-12v-60w-ap-luc-cao-150x150.jpg 150w\" sizes=\"(max-width: 550px) 100vw, 550px\" \/><\/a><strong>B\u00c1N M\u00c1Y B\u01a0M N\u01af\u1edaC MINI 12V 60W<\/strong><\/p>\n<p><strong>\u1ee8NG D\u1ee4NG M\u00c1Y B\u01a0M N\u01af\u1edaC MINI 12V 60W<br \/>\n<\/strong>M\u00e1y b\u01a1m 12V 60W d\u00f9ng l\u00e0m m\u00e1y v\u1ec7 sinh m\u00e1y l\u1ea1nh gia\u00a0\u0111\u00ecnh.<br \/>\nD\u00f9ng l\u00e0m m\u00e1y b\u01a1m v\u1ec7 sinh xe, r\u1eeda xe.<br \/>\nD\u00f9ng l\u00e0m m\u00e1y phun thu\u1ed1c tr\u1eeba s\u00e2u, t\u01b0\u1edbi c\u00e2y.<br \/>\nD\u00f9ng l\u00e0m m\u00e1y b\u01a1m phun s\u01b0\u01a1ng, t\u01b0\u1edbi lan,&#8230;<br \/>\nD\u00f9ng l\u00e0m m\u00e1y b\u01a1m n\u01b0\u1edbc v\u00e0o b\u1ec3\u00a0ch\u1ee9a.<br \/>\nD\u00f9ng l\u00e0m b\u01a1m th\u1ef1c ph\u1ea9m.<br \/>\nD\u00f9ng l\u00e0m m\u00e1y b\u01a1m tr\u1ee3 l\u1ef1c m\u00e1y gi\u1eb7t.<br \/>\nD\u00f9ng l\u00e0m b\u01a1m l\u00e0m m\u00e1t h\u1ec7 th\u1ed1ng.<\/p>\n<p><a href=\"https:\/\/maybommini.com\/wp-content\/uploads\/2018\/09\/phun-xit-thuoc-tru-sau-bang-may-bom-ap-luc-mini.jpg\" target=\"_blank\" rel=\"noopener\"><img decoding=\"async\" class=\"size-full wp-image-260110 aligncenter\" src=\"https:\/\/maybommini.com\/wp-content\/uploads\/2018\/09\/phun-xit-thuoc-tru-sau-bang-may-bom-ap-luc-mini.jpg\" alt=\"Phun Xit Thuoc Tru Sau Bang May Bom Ap Luc Mini\" width=\"820\" height=\"820\" srcset=\"https:\/\/maybommini.vn\/wp-content\/uploads\/2018\/09\/phun-xit-thuoc-tru-sau-bang-may-bom-ap-luc-mini.jpg 820w, https:\/\/maybommini.vn\/wp-content\/uploads\/2018\/09\/phun-xit-thuoc-tru-sau-bang-may-bom-ap-luc-mini-300x300.jpg 300w, https:\/\/maybommini.vn\/wp-content\/uploads\/2018\/09\/phun-xit-thuoc-tru-sau-bang-may-bom-ap-luc-mini-150x150.jpg 150w, https:\/\/maybommini.vn\/wp-content\/uploads\/2018\/09\/phun-xit-thuoc-tru-sau-bang-may-bom-ap-luc-mini-600x600.jpg 600w, https:\/\/maybommini.vn\/wp-content\/uploads\/2018\/09\/phun-xit-thuoc-tru-sau-bang-may-bom-ap-luc-mini-768x768.jpg 768w\" sizes=\"(max-width: 820px) 100vw, 820px\" \/><\/a> <a href=\"https:\/\/maybommini.com\/wp-content\/uploads\/2018\/09\/sung-dung-may-bom-ap-luc-mini12v-24v-tien-loi.jpg\" target=\"_blank\" rel=\"noopener\"><img decoding=\"async\" class=\"size-full wp-image-260112 aligncenter\" src=\"https:\/\/maybommini.com\/wp-content\/uploads\/2018\/09\/sung-dung-may-bom-ap-luc-mini12v-24v-tien-loi.jpg\" alt=\"Sung Dung May Bom Ap Luc Mini12v 24v Tien Loi\" width=\"820\" height=\"820\" srcset=\"https:\/\/maybommini.vn\/wp-content\/uploads\/2018\/09\/sung-dung-may-bom-ap-luc-mini12v-24v-tien-loi.jpg 820w, https:\/\/maybommini.vn\/wp-content\/uploads\/2018\/09\/sung-dung-may-bom-ap-luc-mini12v-24v-tien-loi-300x300.jpg 300w, https:\/\/maybommini.vn\/wp-content\/uploads\/2018\/09\/sung-dung-may-bom-ap-luc-mini12v-24v-tien-loi-150x150.jpg 150w, https:\/\/maybommini.vn\/wp-content\/uploads\/2018\/09\/sung-dung-may-bom-ap-luc-mini12v-24v-tien-loi-600x600.jpg 600w\" sizes=\"(max-width: 820px) 100vw, 820px\" \/><\/a><br \/>\n<img decoding=\"async\" class=\"size-full wp-image-254403 aligncenter\" src=\"http:\/\/maybommini.com.vn\/wp-content\/uploads\/2018\/01\/may-bom-ap-luc-mini-12v-2.jpg\" alt=\"May Bom Ap Luc Mini 12v\" width=\"750\" height=\"750\" srcset=\"https:\/\/maybommini.vn\/wp-content\/uploads\/2018\/01\/may-bom-ap-luc-mini-12v-2.jpg 750w, https:\/\/maybommini.vn\/wp-content\/uploads\/2018\/01\/may-bom-ap-luc-mini-12v-2-300x300.jpg 300w, https:\/\/maybommini.vn\/wp-content\/uploads\/2018\/01\/may-bom-ap-luc-mini-12v-2-600x600.jpg 600w, https:\/\/maybommini.vn\/wp-content\/uploads\/2018\/01\/may-bom-ap-luc-mini-12v-2-150x150.jpg 150w, https:\/\/maybommini.vn\/wp-content\/uploads\/2018\/01\/may-bom-ap-luc-mini-12v-2-270x270.jpg 270w, https:\/\/maybommini.vn\/wp-content\/uploads\/2018\/01\/may-bom-ap-luc-mini-12v-2-375x375.jpg 375w, https:\/\/maybommini.vn\/wp-content\/uploads\/2018\/01\/may-bom-ap-luc-mini-12v-2-140x140.jpg 140w, https:\/\/maybommini.vn\/wp-content\/uploads\/2018\/01\/may-bom-ap-luc-mini-12v-2-131x131.jpg 131w, https:\/\/maybommini.vn\/wp-content\/uploads\/2018\/01\/may-bom-ap-luc-mini-12v-2-142x142.jpg 142w, https:\/\/maybommini.vn\/wp-content\/uploads\/2018\/01\/may-bom-ap-luc-mini-12v-2-164x164.jpg 164w, https:\/\/maybommini.vn\/wp-content\/uploads\/2018\/01\/may-bom-ap-luc-mini-12v-2-175x175.jpg 175w, https:\/\/maybommini.vn\/wp-content\/uploads\/2018\/01\/may-bom-ap-luc-mini-12v-2-193x193.jpg 193w, https:\/\/maybommini.vn\/wp-content\/uploads\/2018\/01\/may-bom-ap-luc-mini-12v-2-200x200.jpg 200w, https:\/\/maybommini.vn\/wp-content\/uploads\/2018\/01\/may-bom-ap-luc-mini-12v-2-204x204.jpg 204w, https:\/\/maybommini.vn\/wp-content\/uploads\/2018\/01\/may-bom-ap-luc-mini-12v-2-213x213.jpg 213w, https:\/\/maybommini.vn\/wp-content\/uploads\/2018\/01\/may-bom-ap-luc-mini-12v-2-248x248.jpg 248w, https:\/\/maybommini.vn\/wp-content\/uploads\/2018\/01\/may-bom-ap-luc-mini-12v-2-260x260.jpg 260w\" sizes=\"(max-width: 750px) 100vw, 750px\" \/> <img decoding=\"async\" class=\"wp-image-254402 size-full aligncenter\" src=\"http:\/\/maybommini.com.vn\/wp-content\/uploads\/2018\/01\/may-bom-ap-luc-mini-6.jpg\" alt=\"May Bom Ap Luc Mini\" width=\"750\" height=\"750\" srcset=\"https:\/\/maybommini.vn\/wp-content\/uploads\/2018\/01\/may-bom-ap-luc-mini-6.jpg 750w, https:\/\/maybommini.vn\/wp-content\/uploads\/2018\/01\/may-bom-ap-luc-mini-6-300x300.jpg 300w, https:\/\/maybommini.vn\/wp-content\/uploads\/2018\/01\/may-bom-ap-luc-mini-6-600x600.jpg 600w, https:\/\/maybommini.vn\/wp-content\/uploads\/2018\/01\/may-bom-ap-luc-mini-6-150x150.jpg 150w, https:\/\/maybommini.vn\/wp-content\/uploads\/2018\/01\/may-bom-ap-luc-mini-6-270x270.jpg 270w, https:\/\/maybommini.vn\/wp-content\/uploads\/2018\/01\/may-bom-ap-luc-mini-6-375x375.jpg 375w, https:\/\/maybommini.vn\/wp-content\/uploads\/2018\/01\/may-bom-ap-luc-mini-6-140x140.jpg 140w, https:\/\/maybommini.vn\/wp-content\/uploads\/2018\/01\/may-bom-ap-luc-mini-6-131x131.jpg 131w, https:\/\/maybommini.vn\/wp-content\/uploads\/2018\/01\/may-bom-ap-luc-mini-6-142x142.jpg 142w, https:\/\/maybommini.vn\/wp-content\/uploads\/2018\/01\/may-bom-ap-luc-mini-6-164x164.jpg 164w, https:\/\/maybommini.vn\/wp-content\/uploads\/2018\/01\/may-bom-ap-luc-mini-6-175x175.jpg 175w, https:\/\/maybommini.vn\/wp-content\/uploads\/2018\/01\/may-bom-ap-luc-mini-6-193x193.jpg 193w, https:\/\/maybommini.vn\/wp-content\/uploads\/2018\/01\/may-bom-ap-luc-mini-6-200x200.jpg 200w, https:\/\/maybommini.vn\/wp-content\/uploads\/2018\/01\/may-bom-ap-luc-mini-6-204x204.jpg 204w, https:\/\/maybommini.vn\/wp-content\/uploads\/2018\/01\/may-bom-ap-luc-mini-6-213x213.jpg 213w, https:\/\/maybommini.vn\/wp-content\/uploads\/2018\/01\/may-bom-ap-luc-mini-6-248x248.jpg 248w, https:\/\/maybommini.vn\/wp-content\/uploads\/2018\/01\/may-bom-ap-luc-mini-6-260x260.jpg 260w\" sizes=\"(max-width: 750px) 100vw, 750px\" \/> <img decoding=\"async\" class=\"wp-image-254399 size-full aligncenter\" src=\"http:\/\/maybommini.com.vn\/wp-content\/uploads\/2018\/01\/bom-nuoc-mini-15.jpg\" alt=\"Bom Nuoc Mini\" width=\"750\" height=\"750\" srcset=\"https:\/\/maybommini.vn\/wp-content\/uploads\/2018\/01\/bom-nuoc-mini-15.jpg 750w, https:\/\/maybommini.vn\/wp-content\/uploads\/2018\/01\/bom-nuoc-mini-15-300x300.jpg 300w, https:\/\/maybommini.vn\/wp-content\/uploads\/2018\/01\/bom-nuoc-mini-15-600x600.jpg 600w, https:\/\/maybommini.vn\/wp-content\/uploads\/2018\/01\/bom-nuoc-mini-15-150x150.jpg 150w\" sizes=\"(max-width: 750px) 100vw, 750px\" \/><\/p>\n<h3><strong>MUA M\u00c1Y B\u01a0M N\u01af\u1edaC MINI 12V 60W \u1ede \u0110\u00c2U ?<\/strong><\/h3>\n<p>M\u1ecdi chi ti\u1ebft vui l\u00f2ng li\u00ean h\u1ec7 tr\u1ef1c ti\u1ebfp cho ch\u00fang t\u00f4i \u0111\u1ec3 \u0111\u01b0\u1ee3c t\u01b0 v\u1ea5n theo nhu c\u1ea7u \u0111\u1ec3 c\u00f3 \u0111\u01b0\u1ee3c b\u1ed9 s\u1ea3n ph\u1ea9m t\u1ed1t nh\u1ea5t v\u00e0 ti\u1ebft ki\u1ec7m.\u00a0B\u1ea1n \u1edf xa v\u1eabn c\u00f3 th\u1ec3 mua h\u00e0ng v\u00e0 giao h\u00e0ng thanh to\u00e1n ti\u1ec1n t\u1ea1i nh\u00e0.<br \/>\nChuy\u00ean c\u00e1c lo\u1ea1i m\u00e1y b\u01a1m n\u01b0\u1edbc, b\u01a1m \u00e1p l\u1ef1c, m\u00e1y r\u1eeda xe, r\u1eeda m\u00e1y l\u1ea1nh, phun thu\u1ed1c tr\u1eeb s\u00e2u, phun s\u01b0\u01a1ng, m\u00e1y b\u01a1m h\u00f3a ch\u1ea5t.<\/p>\n<p><img decoding=\"async\" class=\"size-full wp-image-254389 aligncenter\" src=\"http:\/\/maybommini.com.vn\/wp-content\/uploads\/2018\/01\/bom-nuoc-mini-12v-24-100w-banner.jpg\" alt=\"Bom Nuoc Mini 12v 24 100w Banner\" width=\"880\" height=\"454\" srcset=\"https:\/\/maybommini.vn\/wp-content\/uploads\/2018\/01\/bom-nuoc-mini-12v-24-100w-banner.jpg 880w, https:\/\/maybommini.vn\/wp-content\/uploads\/2018\/01\/bom-nuoc-mini-12v-24-100w-banner-600x310.jpg 600w, https:\/\/maybommini.vn\/wp-content\/uploads\/2018\/01\/bom-nuoc-mini-12v-24-100w-banner-300x155.jpg 300w, https:\/\/maybommini.vn\/wp-content\/uploads\/2018\/01\/bom-nuoc-mini-12v-24-100w-banner-768x396.jpg 768w\" sizes=\"(max-width: 880px) 100vw, 880px\" \/><\/p>\n<p><strong>CTY TNHH TH\u01af\u01a0NG M\u1ea0I D\u1ecaCH V\u1ee4 \u0110I\u1ec6N M\u00c1Y TH\u00d4NG MINH<\/strong><br \/>\n18Bis\/22\/3 Nguy\u1ec5n Th\u1ecb Minh Khai, Ph\u01b0\u1eddng \u0110akao, Qu\u1eadn 1 , H\u1ed3 Ch\u00ed Minh.<br \/>\nHotline : 090 729 4310<br \/>\nEmail : maybommini.com@gmail.com<br \/>\nWebsite : http:\/\/maybommini.com<br \/>\nFacebook : https:\/\/www.facebook.com\/maybommini<br \/>\nGoogle : https:\/\/plus.google.com\/ Maybomnuocminiruaxe<br \/>\nYoutube demo : https:\/\/www.youtube.com\/bahamasali<\/p>\n","protected":false},"excerpt":{"rendered":"<p>Th\u01b0\u01a1ng hi\u1ec7u:\u00a0\u00a0SmartPumps<br \/>\n\u0110i\u1ec7n\u00a0\u00e1p : 12V<br \/>\nC\u00f4ng xu\u1ea5t : 60W &#8211; 5A<br \/>\n\u00c1p l\u1ef1c : 8kg (0.8 Mpa)<br \/>\nL\u01b0u l\u01b0\u1ee3ng : 5L\/ph\u00fat<br \/>\nTr\u1ecdng l\u01b0\u1ee3ng : 0.6 Kg<br \/>\n\u1ed0ng v\u00e0o ra : 12 mm<br \/>\n\u1ed0ng d\u00e2y cho ph\u00e9p t\u1ed1i\u00a0\u0111a: 90 m\u00e9t.<br \/>\nC\u00f4ng t\u1eaft\u00a0\u00e1p l\u1ef1c t\u1ef1\u00a0\u0111\u1ed9ng ng\u1eaft \u0111i\u1ec7n\u00a0khi kho\u00e1 n\u01b0\u1edbc ra.<br \/>\n<strong>B\u1ea3o h\u00e0nh: 6 th\u00e1ng<br \/>\nS\u1ea3n ph\u1ea9m cao c\u1ea5p<br \/>\nKh\u1eb3ng \u0111\u1ecbnh \u0111\u1ed9 an to\u00e0n<br \/>\nCh\u1ea5t l\u01b0\u1ee3ng s\u1ea3n ph\u1ea9m v\u1edbi ng\u01b0\u1eddi ti\u00eau d\u00f9ng.<br \/>\nH\u00f4\u0309 tr\u01a1\u0323 ky\u0303 thu\u00e2\u0323t vi\u0303nh vi\u00ea\u0303n.<br \/>\nT\u01af V\u1ea4N K\u1ef8 THU\u1eacT \u2013 MUA H\u00c0NG<br \/>\n0908997823 \u2013 0908997872<br \/>\n0907294310 \u2013 02873030399<br \/>\n<\/strong><\/p>\n","protected":false},"featured_media":260148,"comment_status":"open","ping_status":"closed","template":"","meta":[],"product_brand":[44],"product_cat":[197,225],"product_tag":[266,267,369,370,867,868,232,284,285,268,282,235,269,270,283,271,272,273,274,275,276,277,278,279,239,210,280,314,869,469,281],"class_list":{"0":"post-256380","1":"product","2":"type-product","3":"status-publish","4":"has-post-thumbnail","6":"product_brand-smartpumps","7":"product_cat-may-bom-ap-luc-12v","8":"product_cat-may-bom-nuoc-mini-12v","9":"product_tag-0142-motor","10":"product_tag-12v","11":"product_tag-12v-45w","12":"product_tag-4-lit","13":"product_tag-5l","14":"product_tag-60w","15":"product_tag-bec","16":"product_tag-bom-12v-80w","17":"product_tag-bom-ap-luc","18":"product_tag-bom-ap-luc-nho-nhat","19":"product_tag-bom-mini-12v-70w","20":"product_tag-bom-nuoc-mini","21":"product_tag-bom-nuoc-nho-nhat","22":"product_tag-dc-12v-60w","23":"product_tag-dc-12v-70w","24":"product_tag-high-pressure-diaphragm","25":"product_tag-high-pressure-diaphragm-water","26":"product_tag-high-pressure-diaphragm-water-self-priming-pump","27":"product_tag-http-maybommini-com","28":"product_tag-mini","29":"product_tag-mini-12v-60w","30":"product_tag-phun-suong","31":"product_tag-propumps","32":"product_tag-pump","33":"product_tag-rua-may-lanh","34":"product_tag-rua-xe","35":"product_tag-self-priming","36":"product_tag-smart-pumps","37":"product_tag-tro-luc-may-giat","38":"product_tag-tuoi-lan","39":"product_tag-tuoi-vuon","41":"first","42":"instock","43":"sale","44":"shipping-taxable","45":"purchasable","46":"product-type-simple"},"_links":{"self":[{"href":"https:\/\/maybommini.vn\/index.php?rest_route=\/wp\/v2\/product\/256380","targetHints":{"allow":["GET"]}}],"collection":[{"href":"https:\/\/maybommini.vn\/index.php?rest_route=\/wp\/v2\/product"}],"about":[{"href":"https:\/\/maybommini.vn\/index.php?rest_route=\/wp\/v2\/types\/product"}],"replies":[{"embeddable":true,"href":"https:\/\/maybommini.vn\/index.php?rest_route=%2Fwp%2Fv2%2Fcomments&post=256380"}],"wp:featuredmedia":[{"embeddable":true,"href":"https:\/\/maybommini.vn\/index.php?rest_route=\/wp\/v2\/media\/260148"}],"wp:attachment":[{"href":"https:\/\/maybommini.vn\/index.php?rest_route=%2Fwp%2Fv2%2Fmedia&parent=256380"}],"wp:term":[{"taxonomy":"product_brand","embeddable":true,"href":"https:\/\/maybommini.vn\/index.php?rest_route=%2Fwp%2Fv2%2Fproduct_brand&post=256380"},{"taxonomy":"product_cat","embeddable":true,"href":"https:\/\/maybommini.vn\/index.php?rest_route=%2Fwp%2Fv2%2Fproduct_cat&post=256380"},{"taxonomy":"product_tag","embeddable":true,"href":"https:\/\/maybommini.vn\/index.php?rest_route=%2Fwp%2Fv2%2Fproduct_tag&post=256380"}],"curies":[{"name":"wp","href":"https:\/\/api.w.org\/{rel}","templated":true}]}}