{"id":256384,"date":"2018-04-12T19:33:02","date_gmt":"2018-04-12T12:33:02","guid":{"rendered":"https:\/\/maybommini.com\/san-pham\/import-placeholder-for-252682"},"modified":"2020-01-01T12:49:55","modified_gmt":"2020-01-01T05:49:55","slug":"van-nuoc-dien-tu-12v-24v-dn10-3","status":"publish","type":"product","link":"https:\/\/maybommini.vn\/?product=van-nuoc-dien-tu-12v-24v-dn10-3","title":{"rendered":"Van n\u01b0\u1edbc \u0111i\u1ec7n t\u1eeb 12V 24V DN10-3"},"content":{"rendered":"<h3><strong>Van n\u01b0\u1edbc \u0111i\u1ec7n t\u1eeb 12V 24V s\u1eed d\u1ee5ng trong c\u00e1c h\u1ec7 th\u1ed1ng b\u01a1m n\u01b0\u1edbc, m\u00e1y phun s\u01b0\u01a1ng, phun s\u01b0\u01a1ng t\u01b0\u1edbi lan, t\u01b0\u1edbi t\u1ef1\u00a0\u0111\u1ed9ng&#8230;.<\/strong><\/h3>\n<p><a href=\"http:\/\/maybommini.com\/wp-content\/uploads\/2014\/01\/van-nuoc-dien-thuong-dong.jpg\" rel=\"attachment wp-att-245643 noopener\" target=\"_blank\"><img decoding=\"async\" class=\"size-full wp-image-245643 aligncenter\" src=\"http:\/\/maybommini.com\/wp-content\/uploads\/2014\/01\/van-nuoc-dien-thuong-dong.jpg\" alt=\"van-nuoc-dien-thuong-dong\" width=\"750\" height=\"750\" srcset=\"https:\/\/maybommini.vn\/wp-content\/uploads\/2014\/01\/van-nuoc-dien-thuong-dong.jpg 750w, https:\/\/maybommini.vn\/wp-content\/uploads\/2014\/01\/van-nuoc-dien-thuong-dong-300x300.jpg 300w, https:\/\/maybommini.vn\/wp-content\/uploads\/2014\/01\/van-nuoc-dien-thuong-dong-600x600.jpg 600w, https:\/\/maybommini.vn\/wp-content\/uploads\/2014\/01\/van-nuoc-dien-thuong-dong-150x150.jpg 150w\" sizes=\"(max-width: 750px) 100vw, 750px\" \/><\/a><\/p>\n<h2 style=\"text-align: center;\">Van n\u01b0\u1edbc \u0111i\u1ec7n t\u1eeb 12V 24V<\/h2>\n<h3><strong>TH\u00d4NG S\u1ed0 K\u1ef8 THU\u1eacT VAN N\u01af\u1edaC\u00a0\u0110I\u1ec6N T\u1eea<\/strong><br \/>\nModel : DN10-03\u00a0(2W-40-10)<br \/>\n\u0110i\u1ec7n th\u1ebf: 12V ho\u1eb7c 24V<br \/>\nC\u00f4ng su\u1ea5t: 2W<br \/>\n\u0110\u01b0\u1eddng k\u00edn n\u01b0\u1edbc \u0111i qua\u00a0: 4 MM<br \/>\nRen n\u1ed1i : 17 MM (3\/8&#8243;)<br \/>\nCh\u1ea5t li\u1ec7u : Kim lo\u1ea1i<br \/>\nL\u1ecfi t\u1eeb d\u00e2y\u00a0\u0111\u1ed3ng<br \/>\nVan 3 ti\u1ebfp\u00a0\u0111i\u1ec3m<br \/>\nNhi\u1ec7t\u00a0\u0111\u1ed9 l\u00e0m vi\u1ec7c: 0\u00a0\u0111\u1ebfn 80\u00a0\u0111\u1ed9 C.<br \/>\nLo\u1ea1i van th\u01b0\u1eddng\u00a0\u0111\u00f3ng, c\u00f3\u00a0\u0111i\u1ec7n th\u00ec m\u1edf.<br \/>\nXu\u1ea5t s\u1ee9: Taiwan<br \/>\nB\u1ea3o h\u00e0nh: 12 th\u00e1ng ch\u00ednh h\u00e3ng.<\/h3>\n<p><a href=\"http:\/\/maybommini.com\/wp-content\/uploads\/2014\/01\/van-nuoc-dien-tu-cao-cap-12v-24v-220v.jpg\" rel=\"attachment wp-att-245645 noopener\" target=\"_blank\"><img decoding=\"async\" class=\"size-full wp-image-245645 aligncenter\" src=\"http:\/\/maybommini.com\/wp-content\/uploads\/2014\/01\/van-nuoc-dien-tu-cao-cap-12v-24v-220v.jpg\" alt=\"van-nuoc-dien-tu-cao-cap-12v-24v-220v\" width=\"790\" height=\"842\" srcset=\"https:\/\/maybommini.vn\/wp-content\/uploads\/2014\/01\/van-nuoc-dien-tu-cao-cap-12v-24v-220v.jpg 790w, https:\/\/maybommini.vn\/wp-content\/uploads\/2014\/01\/van-nuoc-dien-tu-cao-cap-12v-24v-220v-600x639.jpg 600w, https:\/\/maybommini.vn\/wp-content\/uploads\/2014\/01\/van-nuoc-dien-tu-cao-cap-12v-24v-220v-281x300.jpg 281w, https:\/\/maybommini.vn\/wp-content\/uploads\/2014\/01\/van-nuoc-dien-tu-cao-cap-12v-24v-220v-768x819.jpg 768w\" sizes=\"(max-width: 790px) 100vw, 790px\" \/><br \/>\n<\/a><a href=\"http:\/\/maybommini.com\/wp-content\/uploads\/2014\/01\/van-nuoc-dien-tu-cao-cap.jpg\" rel=\"attachment wp-att-245644 noopener\" target=\"_blank\"><img decoding=\"async\" class=\"wp-image-245644 aligncenter\" src=\"http:\/\/maybommini.com\/wp-content\/uploads\/2014\/01\/van-nuoc-dien-tu-cao-cap-441x1024.jpg\" alt=\"van-nuoc-dien-tu-cao-cap\" width=\"639\" height=\"1484\" srcset=\"https:\/\/maybommini.vn\/wp-content\/uploads\/2014\/01\/van-nuoc-dien-tu-cao-cap-441x1024.jpg 441w, https:\/\/maybommini.vn\/wp-content\/uploads\/2014\/01\/van-nuoc-dien-tu-cao-cap-600x1393.jpg 600w, https:\/\/maybommini.vn\/wp-content\/uploads\/2014\/01\/van-nuoc-dien-tu-cao-cap-129x300.jpg 129w, https:\/\/maybommini.vn\/wp-content\/uploads\/2014\/01\/van-nuoc-dien-tu-cao-cap-768x1783.jpg 768w, https:\/\/maybommini.vn\/wp-content\/uploads\/2014\/01\/van-nuoc-dien-tu-cao-cap.jpg 790w\" sizes=\"(max-width: 639px) 100vw, 639px\" \/><\/a><\/p>\n<p><strong>\u1ee8NG D\u1ee4NG VAN\u00a0\u0110I\u1ec6N T\u1eea 12V 24V<\/strong><br \/>\nVan c\u00f3 th\u1ec3 d\u00f9ng\u00a0\u0111\u00f3ng m\u1edf cho c\u00e1c h\u1ec7 th\u1ed1ng ch\u1ea5t l\u1ecfng\u00a0N\u01b0\u1edbc, D\u1ea7u nh\u1edbt,&#8230;.<br \/>\nS\u1eed d\u1ee5ng trong c\u00e1c h\u1ec7 th\u1ed1ng b\u01a1m n\u01b0\u1edbc, m\u00e1y phun s\u01b0\u01a1ng, phun s\u01b0\u01a1ng t\u01b0\u1edbi lan, t\u01b0\u1edbi t\u1ef1\u00a0\u0111\u1ed9ng&#8230;.<\/p>\n<p><a href=\"http:\/\/maybommini.com\/wp-content\/uploads\/2014\/01\/van-tu-khoa-nuoc-tu-dong-12v-24v-220v.jpg\" rel=\"attachment wp-att-245647 noopener\" target=\"_blank\"><img decoding=\"async\" class=\"size-full wp-image-245647 aligncenter\" src=\"http:\/\/maybommini.com\/wp-content\/uploads\/2014\/01\/van-tu-khoa-nuoc-tu-dong-12v-24v-220v.jpg\" alt=\"van-tu-khoa-nuoc-tu-dong-12v-24v-220v\" width=\"790\" height=\"776\" srcset=\"https:\/\/maybommini.vn\/wp-content\/uploads\/2014\/01\/van-tu-khoa-nuoc-tu-dong-12v-24v-220v.jpg 790w, https:\/\/maybommini.vn\/wp-content\/uploads\/2014\/01\/van-tu-khoa-nuoc-tu-dong-12v-24v-220v-600x589.jpg 600w, https:\/\/maybommini.vn\/wp-content\/uploads\/2014\/01\/van-tu-khoa-nuoc-tu-dong-12v-24v-220v-300x295.jpg 300w, https:\/\/maybommini.vn\/wp-content\/uploads\/2014\/01\/van-tu-khoa-nuoc-tu-dong-12v-24v-220v-768x754.jpg 768w\" sizes=\"(max-width: 790px) 100vw, 790px\" \/><\/a><\/p>\n<h3><strong>NH\u00c0 CUNG C\u1ea4P VAN \u0110I\u1ec6N T\u1eea SOLENOIDD VALUE<br \/>\n<\/strong>Ch\u00fang t\u00f4i chuy\u00ean cung c\u1ea5p c\u00e1c lo\u1ea1i van \u0111i\u1ec7n t\u1eeb 12V 24V 220V c\u00e1c lo\u1ea1i d\u00f9ng cho nhi\u1ec1u m\u1ee5c d\u0111\u00edch kh\u00e1c nhau trong l\u0129nh v\u1ef1c m\u00e1y l\u1ecdc n\u01b0\u1edbc, h\u1ec7 th\u1ed1ng phun s\u01b0\u01a1ng, h\u1ec7 th\u1ed1ng c\u1ea5p n\u01b0\u1edbc, h\u1ec7 th\u1ed1ng c\u00f4ng nghi\u1ec7p tr\u00ean to\u00e0n qu\u1ed1c.<\/h3>\n<h3><strong>MUA VAN N\u01af\u1edaC\u00a0\u0110I\u1ec6N T\u1eea\u00a0\u1ede\u00a0\u0110\u00c2U ?<br \/>\nCTY TNHH TH\u01af\u01a0NG M\u1ea0I D\u1ecaCH V\u1ee4 \u0110I\u1ec6N M\u00c1Y TH\u00d4NG MINH<br \/>\nHotline : 090 729 4310<br \/>\nEmail : maybommini.com@gmail.com<br \/>\nWebsite : http:\/\/maybommini.com<br \/>\nFacebook : <a href=\"https:\/\/www.facebook.com\/maybommini\" target=\"_blank\" rel=\"noopener\">https:\/\/www.facebook.com\/maybommini<\/a><br \/>\nGoogle   : <a href=\"https:\/\/plus.google.com\/ Maybomnuocminiruaxe\" target=\"_blank\" rel=\"noopener\">https:\/\/plus.google.com\/ Maybomnuocminiruaxe<\/a><br \/>\nYoutube demo : <a href=\"https:\/\/www.youtube.com\/bahamasali\" target=\"_blank\" rel=\"noopener\">https:\/\/www.youtube.com\/bahamasali<\/a><br \/>\n<\/strong><\/h3>\n","protected":false},"excerpt":{"rendered":"<h3>Model : DN10-03\u00a0(2W-40-10)<br \/>\n\u0110i\u1ec7n th\u1ebf: 12V ho\u1eb7c 24V<br \/>\nC\u00f4ng su\u1ea5t: 2W<br \/>\n\u0110\u01b0\u1eddng k\u00edn n\u01b0\u1edbc \u0111i qua\u00a0: 4 MM<br \/>\nRen n\u1ed1i : 17 MM (3\/8&#8243;)<br \/>\nCh\u1ea5t li\u1ec7u : Kim lo\u1ea1i<br \/>\nL\u1ecfi t\u1eeb d\u00e2y\u00a0\u0111\u1ed3ng<br \/>\nVan 3 ti\u1ebfp\u00a0\u0111i\u1ec3m<br \/>\nNhi\u1ec7t\u00a0\u0111\u1ed9 l\u00e0m vi\u1ec7c: 0\u00a0\u0111\u1ebfn 80\u00a0\u0111\u1ed9 C.<br \/>\nLo\u1ea1i van th\u01b0\u1eddng\u00a0\u0111\u00f3ng, c\u00f3\u00a0\u0111i\u1ec7n th\u00ec m\u1edf.<br \/>\nXu\u1ea5t s\u1ee9: Taiwan<br \/>\n<strong>B\u1ea3o h\u00e0nh: 12 th\u00e1ng ch\u00ednh h\u00e3ng.<\/strong><\/h3>\n","protected":false},"featured_media":256483,"comment_status":"open","ping_status":"closed","template":"","meta":[],"product_brand":[],"product_cat":[444,543,3156,3157],"product_tag":[277,544,545,874,875,876,546,877,547,878],"class_list":{"0":"post-256384","1":"product","2":"type-product","3":"status-publish","4":"has-post-thumbnail","6":"product_cat-phu-kien-phun-suong","7":"product_cat-van-dien-tu-solenoid-vavle","8":"product_cat-van-dien-tu-12v","9":"product_cat-van-dien-tu-24v","10":"product_tag-phun-suong","11":"product_tag-van-12v-24v","12":"product_tag-van-dien","13":"product_tag-van-dien-tu","14":"product_tag-van-khoa-dien","15":"product_tag-van-khoa-mya-phun-suong","16":"product_tag-van-nuoc","17":"product_tag-van-nuoc-bang-dien","18":"product_tag-van-nuoc-phun-suong","19":"product_tag-van-tu-3-diem","21":"first","22":"instock","23":"shipping-taxable","24":"product-type-simple"},"_links":{"self":[{"href":"https:\/\/maybommini.vn\/index.php?rest_route=\/wp\/v2\/product\/256384","targetHints":{"allow":["GET"]}}],"collection":[{"href":"https:\/\/maybommini.vn\/index.php?rest_route=\/wp\/v2\/product"}],"about":[{"href":"https:\/\/maybommini.vn\/index.php?rest_route=\/wp\/v2\/types\/product"}],"replies":[{"embeddable":true,"href":"https:\/\/maybommini.vn\/index.php?rest_route=%2Fwp%2Fv2%2Fcomments&post=256384"}],"wp:featuredmedia":[{"embeddable":true,"href":"https:\/\/maybommini.vn\/index.php?rest_route=\/wp\/v2\/media\/256483"}],"wp:attachment":[{"href":"https:\/\/maybommini.vn\/index.php?rest_route=%2Fwp%2Fv2%2Fmedia&parent=256384"}],"wp:term":[{"taxonomy":"product_brand","embeddable":true,"href":"https:\/\/maybommini.vn\/index.php?rest_route=%2Fwp%2Fv2%2Fproduct_brand&post=256384"},{"taxonomy":"product_cat","embeddable":true,"href":"https:\/\/maybommini.vn\/index.php?rest_route=%2Fwp%2Fv2%2Fproduct_cat&post=256384"},{"taxonomy":"product_tag","embeddable":true,"href":"https:\/\/maybommini.vn\/index.php?rest_route=%2Fwp%2Fv2%2Fproduct_tag&post=256384"}],"curies":[{"name":"wp","href":"https:\/\/api.w.org\/{rel}","templated":true}]}}