{"id":256387,"date":"2018-04-12T19:33:03","date_gmt":"2018-04-12T12:33:03","guid":{"rendered":"https:\/\/maybommini.com\/san-pham\/import-placeholder-for-252685"},"modified":"2019-10-06T17:32:45","modified_gmt":"2019-10-06T10:32:45","slug":"de-gan-bec-phun-suong-cuoi-3-bec","status":"publish","type":"product","link":"https:\/\/maybommini.vn\/?product=de-gan-bec-phun-suong-cuoi-3-bec","title":{"rendered":"\u0110\u1ebf g\u1eafn b\u00e9c phun s\u01b0\u01a1ng cu\u1ed1i 3 b\u00e9c"},"content":{"rendered":"<p><strong>\u0110\u1ebf g\u1eafn b\u00e9c phun s\u01b0\u01a1ng v\u1edbi thi\u1ebft k\u1ebf b\u1eb1ng\u00a0\u0111\u1ed3ng v\u00e0 n\u1ed1i nhanh r\u1ea5t ti\u1ec7n l\u1eafp\u00a0\u0111\u1eb7t v\u00e0 b\u1ea3o tr\u00ec h\u1ec7 th\u1ed1ng phun s\u01b0\u01a1ng cho qu\u00e1n cafe, l\u00e0m m\u00e1t nh\u00e0, phun s\u01b0\u01a1ng t\u01b0\u1edbi lan, nh\u00e0 nu\u00f4i chim\u00a0\u00e9n, &#8230;<\/strong>.\u00a0<a href=\"http:\/\/maybommini.com\/wp-content\/uploads\/2016\/08\/phu-kien-phun-suong-lam-mat-1.jpg\" rel=\"attachment wp-att-245672 noopener\" target=\"_blank\"><br \/>\n<\/a><\/p>\n<p><a href=\"http:\/\/maybommini.com\/wp-content\/uploads\/2016\/08\/de-phun-suong-2-lo.jpg\" rel=\"attachment wp-att-245670 noopener\" target=\"_blank\"><img decoding=\"async\" class=\" wp-image-245670 aligncenter\" src=\"http:\/\/maybommini.com\/wp-content\/uploads\/2016\/08\/de-phun-suong-2-lo-1024x699.jpg\" alt=\"de-phun-suong-2-lo\" width=\"678\" height=\"463\" srcset=\"https:\/\/maybommini.vn\/wp-content\/uploads\/2016\/08\/de-phun-suong-2-lo-1024x699.jpg 1024w, https:\/\/maybommini.vn\/wp-content\/uploads\/2016\/08\/de-phun-suong-2-lo-600x409.jpg 600w, https:\/\/maybommini.vn\/wp-content\/uploads\/2016\/08\/de-phun-suong-2-lo-300x205.jpg 300w, https:\/\/maybommini.vn\/wp-content\/uploads\/2016\/08\/de-phun-suong-2-lo-768x524.jpg 768w, https:\/\/maybommini.vn\/wp-content\/uploads\/2016\/08\/de-phun-suong-2-lo.jpg 2014w\" sizes=\"(max-width: 678px) 100vw, 678px\" \/><\/a><\/p>\n<p><strong>\u0110\u1eb6T T\u00cdNH K\u1ef8 THU\u1eacT\u00a0\u0110\u1ebe G\u1eaeN B\u00c9C PHUN S\u01af\u01a0NG<br \/>\n<\/strong>G\u1eafn\u00a0\u1ed1ng : 8 mm<br \/>\nLo\u1ea1i : cu\u1ed1i 3 b\u00e9c<br \/>\nN\u1ed1i nhanh cao c\u1ea5p ch\u1ed1ng r\u1ec9 n\u01b0\u1edbc.<br \/>\nG\u1eafn 1 b\u00e9c<br \/>\nCh\u1ea5t li\u1ec7u :\u00a0\u0111\u1ed3ng thao<br \/>\nCh\u1ed1ng r\u1ec9 s\u00e9t.<\/p>\n<p><a href=\"http:\/\/maybommini.com\/wp-content\/uploads\/2016\/08\/de-gan-bec-tuoi-lan.jpg\" rel=\"attachment wp-att-245675 noopener\" target=\"_blank\"><img decoding=\"async\" class=\" wp-image-245675 aligncenter\" src=\"http:\/\/maybommini.com\/wp-content\/uploads\/2016\/08\/de-gan-bec-tuoi-lan-1024x695.jpg\" alt=\"de-gan-bec-tuoi-lan\" width=\"692\" height=\"470\" srcset=\"https:\/\/maybommini.vn\/wp-content\/uploads\/2016\/08\/de-gan-bec-tuoi-lan.jpg 1024w, https:\/\/maybommini.vn\/wp-content\/uploads\/2016\/08\/de-gan-bec-tuoi-lan-600x407.jpg 600w, https:\/\/maybommini.vn\/wp-content\/uploads\/2016\/08\/de-gan-bec-tuoi-lan-300x204.jpg 300w, https:\/\/maybommini.vn\/wp-content\/uploads\/2016\/08\/de-gan-bec-tuoi-lan-768x521.jpg 768w\" sizes=\"(max-width: 692px) 100vw, 692px\" \/><\/a><\/p>\n<p><strong>S\u1eec D\u1ee4NG \u0110\u1ebe\u00a0B\u00c9C PHUN S\u01af\u01a0NG<\/strong><\/p>\n<p>D\u00f9ng g\u1eafn c\u00e1c lo\u1ea1i b\u00e9c phun s\u01b0\u01a1ng t\u1eeb b\u00e9c s\u1ed1 1 \u0111\u1ebfn b\u00e9c s\u1ed1 8.<br \/>\nN\u1ed1i \u1ed1ng nhanh cao c\u1ea5p ch\u1ed1ng r\u1ec9 n\u01b0\u1edbc kh\u00f4ng c\u1ea7n b\u1ea3o tr\u00ec khi s\u1eed d\u1ee5ng l\u00e2u d\u00e0i nh\u01b0 c\u00e1c lo\u1ea1i \u0111\u1ebf b\u00e9c th\u01b0\u1eddng kh\u00e1c.<\/p>\n<p><a href=\"http:\/\/maybommini.com\/wp-content\/uploads\/2016\/08\/de-cuoi-gan-bec-phun-suong.jpg\" rel=\"attachment wp-att-245674 noopener\" target=\"_blank\"><img decoding=\"async\" class=\" wp-image-245674 aligncenter\" src=\"http:\/\/maybommini.com\/wp-content\/uploads\/2016\/08\/de-cuoi-gan-bec-phun-suong-1024x726.jpg\" alt=\"de-cuoi-gan-bec-phun-suong\" width=\"709\" height=\"503\" srcset=\"https:\/\/maybommini.vn\/wp-content\/uploads\/2016\/08\/de-cuoi-gan-bec-phun-suong.jpg 1024w, https:\/\/maybommini.vn\/wp-content\/uploads\/2016\/08\/de-cuoi-gan-bec-phun-suong-600x425.jpg 600w, https:\/\/maybommini.vn\/wp-content\/uploads\/2016\/08\/de-cuoi-gan-bec-phun-suong-300x213.jpg 300w, https:\/\/maybommini.vn\/wp-content\/uploads\/2016\/08\/de-cuoi-gan-bec-phun-suong-768x545.jpg 768w\" sizes=\"(max-width: 709px) 100vw, 709px\" \/><\/a><\/p>\n<p><strong>MUA\u00a0\u0110\u1ebe G\u1eaeN B\u00c9C PHUN S\u01af\u01a0NG\u00a0\u1ede\u00a0\u0110\u00c2U ?<\/strong><\/p>\n<p>M\u1ecdi chi ti\u1ebft vui l\u00f2ng li\u00ean h\u1ec7 tr\u1ef1c ti\u1ebfp cho ch\u00fang t\u00f4i \u0111\u1ec3 \u0111\u01b0\u1ee3c t\u01b0 v\u1ea5n theo nhu c\u1ea7u \u0111\u1ec3 c\u00f3 \u0111\u01b0\u1ee3c b\u1ed9 s\u1ea3n ph\u1ea9m t\u1ed1t nh\u1ea5t v\u00e0 ti\u1ebft ki\u1ec7m.\u00a0B\u1ea1n \u1edf xa v\u1eabn c\u00f3 th\u1ec3 mua h\u00e0ng v\u00e0 giao h\u00e0ng thanh to\u00e1n ti\u1ec1n t\u1ea1i nh\u00e0.<\/p>\n<p><a href=\"http:\/\/maybommini.com\/wp-content\/uploads\/2016\/08\/de-cuoi-gan-bec-phun-suong.jpg\" rel=\"attachment wp-att-245674 noopener\" target=\"_blank\"><img decoding=\"async\" class=\" wp-image-245674 aligncenter\" src=\"http:\/\/maybommini.com\/wp-content\/uploads\/2016\/08\/de-cuoi-gan-bec-phun-suong-1024x726.jpg\" alt=\"de-cuoi-gan-bec-phun-suong\" width=\"629\" height=\"446\" srcset=\"https:\/\/maybommini.vn\/wp-content\/uploads\/2016\/08\/de-cuoi-gan-bec-phun-suong.jpg 1024w, https:\/\/maybommini.vn\/wp-content\/uploads\/2016\/08\/de-cuoi-gan-bec-phun-suong-600x425.jpg 600w, https:\/\/maybommini.vn\/wp-content\/uploads\/2016\/08\/de-cuoi-gan-bec-phun-suong-300x213.jpg 300w, https:\/\/maybommini.vn\/wp-content\/uploads\/2016\/08\/de-cuoi-gan-bec-phun-suong-768x545.jpg 768w\" sizes=\"(max-width: 629px) 100vw, 629px\" \/><\/a><\/p>\n<p><strong>CTY TNHH TH\u01af\u01a0NG M\u1ea0I D\u1ecaCH V\u1ee4 \u0110I\u1ec6N M\u00c1Y TH\u00d4NG MINH<\/strong><br \/>\nHotline : 090 729 4310<br \/>\nEmail : maybommini.com@gmail.com<br \/>\nWebsite : http:\/\/maybommini.com<br \/>\nFacebook : <a href=\"https:\/\/www.facebook.com\/maybommini\" target=\"_blank\" rel=\"noopener\">https:\/\/www.facebook.com\/maybommini<\/a><br \/>\nGoogle : <a href=\"https:\/\/plus.google.com\/ Maybomnuocminiruaxe\" target=\"_blank\" rel=\"noopener\">https:\/\/plus.google.com\/ Maybomnuocminiruaxe<\/a><br \/>\nYoutube demo : <a href=\"https:\/\/www.youtube.com\/bahamasali\" target=\"_blank\" rel=\"noopener\">https:\/\/www.youtube.com\/bahamasali<\/a><\/p>\n<h3 style=\"text-align: center;\">\u0110\u1ebf g\u1eafn b\u00e9c phun s\u01b0\u01a1ng cu\u1ed1i 3 b\u00e9c<\/h3>\n","protected":false},"excerpt":{"rendered":"<p>G\u1eafn\u00a0\u1ed1ng : 8 mm<br \/>\nLo\u1ea1i : cu\u1ed1i \u00a03 b\u00e9c<br \/>\nN\u1ed1i nhanh cao c\u1ea5p ch\u1ed1ng r\u1ec9 n\u01b0\u1edbc.<br \/>\nG\u1eafn 1 b\u00e9c<br \/>\nCh\u1ea5t li\u1ec7u :\u00a0\u0111\u1ed3ng thao<br \/>\nCh\u1ed1ng r\u1ec9 s\u00e9t.<br \/>\nS\u1ea3n xu\u1ea5t Taiwan<\/p>\n","protected":false},"featured_media":258463,"comment_status":"open","ping_status":"closed","template":"","meta":[],"product_brand":[],"product_cat":[444],"product_tag":[232,493,464,494,361,495,277,459,496],"class_list":{"0":"post-256387","1":"product","2":"type-product","3":"status-publish","4":"has-post-thumbnail","6":"product_cat-phu-kien-phun-suong","7":"product_tag-bec","8":"product_tag-de-gan-bec","9":"product_tag-he-thong-phun-suong","10":"product_tag-lam-mat-nha","11":"product_tag-may-phun-suong","12":"product_tag-nha-nuoi-chim-en","13":"product_tag-phun-suong","14":"product_tag-phun-suong-tuoi-lan","15":"product_tag-quan-cafe","17":"first","18":"instock","19":"sale","20":"shipping-taxable","21":"purchasable","22":"product-type-simple"},"_links":{"self":[{"href":"https:\/\/maybommini.vn\/index.php?rest_route=\/wp\/v2\/product\/256387","targetHints":{"allow":["GET"]}}],"collection":[{"href":"https:\/\/maybommini.vn\/index.php?rest_route=\/wp\/v2\/product"}],"about":[{"href":"https:\/\/maybommini.vn\/index.php?rest_route=\/wp\/v2\/types\/product"}],"replies":[{"embeddable":true,"href":"https:\/\/maybommini.vn\/index.php?rest_route=%2Fwp%2Fv2%2Fcomments&post=256387"}],"wp:featuredmedia":[{"embeddable":true,"href":"https:\/\/maybommini.vn\/index.php?rest_route=\/wp\/v2\/media\/258463"}],"wp:attachment":[{"href":"https:\/\/maybommini.vn\/index.php?rest_route=%2Fwp%2Fv2%2Fmedia&parent=256387"}],"wp:term":[{"taxonomy":"product_brand","embeddable":true,"href":"https:\/\/maybommini.vn\/index.php?rest_route=%2Fwp%2Fv2%2Fproduct_brand&post=256387"},{"taxonomy":"product_cat","embeddable":true,"href":"https:\/\/maybommini.vn\/index.php?rest_route=%2Fwp%2Fv2%2Fproduct_cat&post=256387"},{"taxonomy":"product_tag","embeddable":true,"href":"https:\/\/maybommini.vn\/index.php?rest_route=%2Fwp%2Fv2%2Fproduct_tag&post=256387"}],"curies":[{"name":"wp","href":"https:\/\/api.w.org\/{rel}","templated":true}]}}