{"id":256388,"date":"2018-04-12T19:33:03","date_gmt":"2018-04-12T12:33:03","guid":{"rendered":"https:\/\/maybommini.com\/san-pham\/import-placeholder-for-252686"},"modified":"2020-11-18T17:52:45","modified_gmt":"2020-11-18T10:52:45","slug":"de-gan-bec-phun-suong-cuoi-4-bec","status":"publish","type":"product","link":"https:\/\/maybommini.vn\/?product=de-gan-bec-phun-suong-cuoi-4-bec","title":{"rendered":"\u0110\u1ebf g\u1eafn b\u00e9c phun s\u01b0\u01a1ng cu\u1ed1i 4 b\u00e9c"},"content":{"rendered":"<p><strong>Chuy\u00ean b\u00e1n c\u00e1c lo\u1ea1i \u0111\u1ebf g\u1eafn b\u00e9c phun s\u01b0\u01a1ng v\u1edbi thi\u1ebft k\u1ebf b\u1eb1ng\u00a0\u0111\u1ed3ng v\u00e0 n\u1ed1i nhanh r\u1ea5t ti\u1ec7n l\u1eafp\u00a0\u0111\u1eb7t v\u00e0 b\u1ea3o tr\u00ec h\u1ec7 th\u1ed1ng phun s\u01b0\u01a1ng cho qu\u00e1n cafe, l\u00e0m m\u00e1t nh\u00e0, phun s\u01b0\u01a1ng t\u01b0\u1edbi lan, nh\u00e0 nu\u00f4i chim\u00a0\u00e9n. Giao h\u00e0ng to\u00e0n qu\u1ed1c gi\u00e1 r\u1ebb b\u1ea3o h\u00e0nh ch\u00ednh h\u00e3ng.<\/strong>\u00a0<a href=\"http:\/\/maybommini.com\/wp-content\/uploads\/2016\/08\/phu-kien-phun-suong-lam-mat-1.jpg\" rel=\"attachment wp-att-245672 noopener\" target=\"_blank\"><br \/>\n<\/a><\/p>\n<p><img decoding=\"async\" class=\"size-full wp-image-256100 aligncenter\" src=\"https:\/\/maybommini.com.vn\/wp-content\/uploads\/2018\/01\/phun-suong-4-bec.jpg\" alt=\"Phun Suong 4 Bec\" width=\"750\" height=\"750\" \/><\/p>\n<p><strong>\u0110\u1eb6T T\u00cdNH K\u1ef8 THU\u1eacT\u00a0\u0110\u1ebe G\u1eaeN B\u00c9C PHUN S\u01af\u01a0NG<br \/>\n<\/strong>G\u1eafn\u00a0\u1ed1ng : 8 mm<br \/>\nLo\u1ea1i : cu\u1ed1i 4 b\u00e9c<br \/>\nN\u1ed1i nhanh cao c\u1ea5p ch\u1ed1ng r\u1ec9 n\u01b0\u1edbc.<br \/>\nG\u1eafn 4 b\u00e9c<br \/>\nCh\u1ea5t li\u1ec7u :\u00a0\u0111\u1ed3ng thao<br \/>\nCh\u1ed1ng r\u1ec9 s\u00e9t.<\/p>\n<p><img decoding=\"async\" class=\"size-full wp-image-256099 aligncenter\" src=\"https:\/\/maybommini.com.vn\/wp-content\/uploads\/2018\/01\/phun-kien-phun-suong-tuoi-lan-lam-mat.jpg\" alt=\"Phun Kien Phun Suong Tuoi Lan Lam Mat\" width=\"750\" height=\"750\" \/> <img decoding=\"async\" class=\"size-full wp-image-256098 aligncenter\" src=\"https:\/\/maybommini.com.vn\/wp-content\/uploads\/2018\/01\/de-phun-suong-4-lo.jpg\" alt=\"De Phun Suong 4 Lo\" width=\"750\" height=\"750\" \/><\/p>\n<p><strong>S\u1eec D\u1ee4NG \u0110\u1ebe\u00a0B\u00c9C PHUN S\u01af\u01a0NG<\/strong><\/p>\n<p>D\u00f9ng g\u1eafn c\u00e1c lo\u1ea1i b\u00e9c phun s\u01b0\u01a1ng t\u1eeb b\u00e9c s\u1ed1 1 \u0111\u1ebfn b\u00e9c s\u1ed1 8.<br \/>\nN\u1ed1i \u1ed1ng nhanh cao c\u1ea5p ch\u1ed1ng r\u1ec9 n\u01b0\u1edbc kh\u00f4ng c\u1ea7n b\u1ea3o tr\u00ec khi s\u1eed d\u1ee5ng l\u00e2u d\u00e0i nh\u01b0 c\u00e1c lo\u1ea1i \u0111\u1ebf b\u00e9c th\u01b0\u1eddng kh\u00e1c.<br \/>\nD\u00f9ng phun s\u01b0\u01a1ng t\u01b0\u1edbi lan.<br \/>\nD\u00f9ng phun s\u01b0\u01a1ng qu\u00e1n cafe.<br \/>\nPhun s\u01b0\u01a1ng l\u00e0m m\u00e1t gia\u00a0\u0111\u00ecnh.<br \/>\nPhun l\u00e0m m\u00e1t nh\u00e0 y\u1ebfn.<br \/>\nPhun l\u00e0m m\u00e1t nh\u00e0 v\u01b0\u1eddn nh\u00e0 n\u1ea5m.<\/p>\n<p><img decoding=\"async\" class=\"size-full wp-image-256097 aligncenter\" src=\"https:\/\/maybommini.com.vn\/wp-content\/uploads\/2018\/01\/bec-phun-suong-4-lo.jpg\" alt=\"Bec Phun Suong 4 Lo\" width=\"750\" height=\"750\" \/><\/p>\n<p><strong>MUA\u00a0\u0110\u1ebe G\u1eaeN B\u00c9C PHUN S\u01af\u01a0NG\u00a0\u1ede\u00a0\u0110\u00c2U ?<br \/>\n<\/strong>M\u1ecdi chi ti\u1ebft vui l\u00f2ng li\u00ean h\u1ec7 tr\u1ef1c ti\u1ebfp cho ch\u00fang t\u00f4i \u0111\u1ec3 \u0111\u01b0\u1ee3c t\u01b0 v\u1ea5n theo nhu c\u1ea7u \u0111\u1ec3 c\u00f3 \u0111\u01b0\u1ee3c b\u1ed9 s\u1ea3n ph\u1ea9m t\u1ed1t nh\u1ea5t v\u00e0 ti\u1ebft ki\u1ec7m.\u00a0B\u1ea1n \u1edf xa v\u1eabn c\u00f3 th\u1ec3 mua h\u00e0ng v\u00e0 giao h\u00e0ng thanh to\u00e1n ti\u1ec1n t\u1ea1i nh\u00e0.<\/p>\n<p><img decoding=\"async\" class=\"size-full wp-image-256100 aligncenter\" src=\"https:\/\/maybommini.com.vn\/wp-content\/uploads\/2018\/01\/phun-suong-4-bec.jpg\" alt=\"Phun Suong 4 Bec\" width=\"750\" height=\"750\" \/><\/p>\n<p><strong>CTY TNHH TH\u01af\u01a0NG M\u1ea0I D\u1ecaCH V\u1ee4 \u0110I\u1ec6N M\u00c1Y TH\u00d4NG MINH<\/strong><br \/>\nHotline : 090 729 4310<br \/>\nEmail : maybommini.com@gmail.com<br \/>\nWebsite : http:\/\/maybommini.com<br \/>\nFacebook : <a href=\"https:\/\/www.facebook.com\/maybommini\" target=\"_blank\" rel=\"noopener noreferrer\">https:\/\/www.facebook.com\/maybommini<\/a><br \/>\nGoogle : <a href=\"https:\/\/plus.google.com\/ Maybomnuocminiruaxe\" target=\"_blank\" rel=\"noopener noreferrer\">https:\/\/plus.google.com\/ Maybomnuocminiruaxe<\/a><br \/>\nYoutube demo : <a href=\"https:\/\/www.youtube.com\/bahamasali\" target=\"_blank\" rel=\"noopener noreferrer\">https:\/\/www.youtube.com\/bahamasali<\/a><\/p>\n<h3 style=\"text-align: center;\">\u0110\u1ebf g\u1eafn b\u00e9c phun s\u01b0\u01a1ng cu\u1ed1i 4 b\u00e9c<\/h3>\n","protected":false},"excerpt":{"rendered":"<p>G\u1eafn\u00a0\u1ed1ng : 8 mm<br \/>\nLo\u1ea1i : cu\u1ed1i \u00a04 b\u00e9c<br \/>\nN\u1ed1i nhanh cao c\u1ea5p ch\u1ed1ng r\u1ec9 n\u01b0\u1edbc.<br \/>\nG\u1eafn 4 b\u00e9c<br \/>\nCh\u1ea5t li\u1ec7u :\u00a0\u0111\u1ed3ng thao<br \/>\nCh\u1ed1ng r\u1ec9 s\u00e9t.<br \/>\nS\u1ea3n xu\u1ea5t Taiwan<\/p>\n","protected":false},"featured_media":256508,"comment_status":"open","ping_status":"closed","template":"","meta":[],"product_brand":[],"product_cat":[444,367],"product_tag":[232,2032,493,464,494,361,495,277,459,496],"class_list":{"0":"post-256388","1":"product","2":"type-product","3":"status-publish","4":"has-post-thumbnail","6":"product_cat-phu-kien-phun-suong","7":"product_cat-he-thong-phun-suong","8":"product_tag-bec","9":"product_tag-de-cuoi-4-bec","10":"product_tag-de-gan-bec","11":"product_tag-he-thong-phun-suong","12":"product_tag-lam-mat-nha","13":"product_tag-may-phun-suong","14":"product_tag-nha-nuoi-chim-en","15":"product_tag-phun-suong","16":"product_tag-phun-suong-tuoi-lan","17":"product_tag-quan-cafe","19":"first","20":"instock","21":"sale","22":"shipping-taxable","23":"purchasable","24":"product-type-simple"},"_links":{"self":[{"href":"https:\/\/maybommini.vn\/index.php?rest_route=\/wp\/v2\/product\/256388","targetHints":{"allow":["GET"]}}],"collection":[{"href":"https:\/\/maybommini.vn\/index.php?rest_route=\/wp\/v2\/product"}],"about":[{"href":"https:\/\/maybommini.vn\/index.php?rest_route=\/wp\/v2\/types\/product"}],"replies":[{"embeddable":true,"href":"https:\/\/maybommini.vn\/index.php?rest_route=%2Fwp%2Fv2%2Fcomments&post=256388"}],"wp:featuredmedia":[{"embeddable":true,"href":"https:\/\/maybommini.vn\/index.php?rest_route=\/wp\/v2\/media\/256508"}],"wp:attachment":[{"href":"https:\/\/maybommini.vn\/index.php?rest_route=%2Fwp%2Fv2%2Fmedia&parent=256388"}],"wp:term":[{"taxonomy":"product_brand","embeddable":true,"href":"https:\/\/maybommini.vn\/index.php?rest_route=%2Fwp%2Fv2%2Fproduct_brand&post=256388"},{"taxonomy":"product_cat","embeddable":true,"href":"https:\/\/maybommini.vn\/index.php?rest_route=%2Fwp%2Fv2%2Fproduct_cat&post=256388"},{"taxonomy":"product_tag","embeddable":true,"href":"https:\/\/maybommini.vn\/index.php?rest_route=%2Fwp%2Fv2%2Fproduct_tag&post=256388"}],"curies":[{"name":"wp","href":"https:\/\/api.w.org\/{rel}","templated":true}]}}