{"id":256389,"date":"2018-04-12T19:33:04","date_gmt":"2018-04-12T12:33:04","guid":{"rendered":"https:\/\/maybommini.com\/san-pham\/import-placeholder-for-252687"},"modified":"2018-05-15T10:59:24","modified_gmt":"2018-05-15T03:59:24","slug":"choi-than-may-bom-ap-luc-12v-24v-180w-220w","status":"publish","type":"product","link":"https:\/\/maybommini.vn\/?product=choi-than-may-bom-ap-luc-12v-24v-180w-220w","title":{"rendered":"Ch\u1ed5i than m\u00e1y b\u01a1m \u00e1p l\u1ef1c 12V 24V 180W 220W"},"content":{"rendered":"<p><strong>Ch\u1ed5i than m\u00e1y b\u01a1m \u00e1p l\u1ef1c 12V 24V 180W 220W l\u00e0 lo\u1ea1i chuy\u00ean d\u1ee5ng cho c\u00e1c lo\u1ea1i m\u00e1y b\u01a1m \u00e1p l\u1ef1c cao ch\u00ednh h\u00e3ng. D\u00f9ng \u0111\u1ec3 thay th\u1ebf khi m\u00e1y b\u01a1m s\u1eedn d\u1ee5ng nhi\u1ec1u m\u00f2n ch\u1ed5i tha<\/strong>n.<\/p>\n<p><a href=\"http:\/\/maybommini.com\/wp-content\/uploads\/2016\/08\/choi-than-may-bom-mini.jpg\" rel=\"attachment wp-att-245687 noopener\" target=\"_blank\"><img decoding=\"async\" class=\"size-full wp-image-245687 aligncenter\" src=\"http:\/\/maybommini.com\/wp-content\/uploads\/2016\/08\/choi-than-may-bom-mini.jpg\" alt=\"choi-than-may-bom-mini\" width=\"720\" height=\"694\" srcset=\"https:\/\/maybommini.vn\/wp-content\/uploads\/2016\/08\/choi-than-may-bom-mini.jpg 720w, https:\/\/maybommini.vn\/wp-content\/uploads\/2016\/08\/choi-than-may-bom-mini-600x578.jpg 600w, https:\/\/maybommini.vn\/wp-content\/uploads\/2016\/08\/choi-than-may-bom-mini-300x289.jpg 300w\" sizes=\"(max-width: 720px) 100vw, 720px\" \/><\/a><\/p>\n<p><strong>TH\u00d4NG S\u1ed0 K\u1ef8 THU\u1eacT<\/strong><br \/>\nK\u00edch th\u01b0\u1edbc: 8mm x 9mm x 14mm<br \/>\nXu\u1ea5t s\u1ee9: Taiwan ch\u00ednh h\u00e3ng.<br \/>\nT\u01b0\u01a1ng th\u00edch: M\u00e1y b\u01a1m 12V 24V 180W 220W<\/p>\n<p><a href=\"http:\/\/maybommini.com\/wp-content\/uploads\/2016\/08\/choi-than-may-bom-mini.jpg\" rel=\"attachment wp-att-245687 noopener\" target=\"_blank\"><img decoding=\"async\" class=\"size-full wp-image-245687 aligncenter\" src=\"http:\/\/maybommini.com\/wp-content\/uploads\/2016\/08\/choi-than-may-bom-mini.jpg\" alt=\"choi-than-may-bom-mini\" width=\"720\" height=\"694\" srcset=\"https:\/\/maybommini.vn\/wp-content\/uploads\/2016\/08\/choi-than-may-bom-mini.jpg 720w, https:\/\/maybommini.vn\/wp-content\/uploads\/2016\/08\/choi-than-may-bom-mini-600x578.jpg 600w, https:\/\/maybommini.vn\/wp-content\/uploads\/2016\/08\/choi-than-may-bom-mini-300x289.jpg 300w\" sizes=\"(max-width: 720px) 100vw, 720px\" \/><\/a><br \/>\nS\u1eed d\u1ee5ng chuy\u00ean d\u1ee5ng cho c\u00e1c lo\u1ea1i m\u00e1y b\u01a1m \u00e1p l\u1ef1c cao mini 12V 24V 180W 220W.<\/p>\n<p><strong>MUA CH\u1ed4I THAN M\u00c1Y B\u01a0M \u00c1P L\u1ef0C MINI 12V 24V<\/strong><\/p>\n<p><strong>CTY TNHH TH\u01af\u01a0NG M\u1ea0I D\u1ecaCH V\u1ee4 \u0110I\u1ec6N M\u00c1Y TH\u00d4NG MINH<\/strong><br \/>\nHotline : 090 729 4310<br \/>\nEmail : maybommini.com@gmail.com<br \/>\nWebsite : http:\/\/maybommini.com<br \/>\nFacebook : <a href=\"https:\/\/www.facebook.com\/maybommini\" target=\"_blank\" rel=\"noopener\">https:\/\/www.facebook.com\/maybommini<\/a><br \/>\nGoogle : <a href=\"https:\/\/plus.google.com\/ Maybomnuocminiruaxe\" target=\"_blank\" rel=\"noopener\">https:\/\/plus.google.com\/ Maybomnuocminiruaxe<\/a><br \/>\nYoutube demo : <a href=\"https:\/\/www.youtube.com\/bahamasali\" target=\"_blank\" rel=\"noopener\">https:\/\/www.youtube.com\/bahamasali<\/a><\/p>\n","protected":false},"excerpt":{"rendered":"<p>K\u00edch th\u01b0\u1edbc: 8mm x 9mm x 14mm<br \/>\nT\u01b0\u01a1ng th\u00edch: M\u00e1y b\u01a1m 12V 24V 180W 220W<br \/>\nXu\u1ea5t s\u1ee9: Taiwan ch\u00ednh h\u00e3ng.<\/p>\n","protected":false},"featured_media":256512,"comment_status":"open","ping_status":"closed","template":"","meta":[],"product_brand":[],"product_cat":[214],"product_tag":[267,879,880,488,881,231,291],"class_list":{"0":"post-256389","1":"product","2":"type-product","3":"status-publish","4":"has-post-thumbnail","6":"product_cat-phu-kien-bom-nuoc","7":"product_tag-12v","8":"product_tag-180w-12v","9":"product_tag-220w-12v","10":"product_tag-24v","11":"product_tag-choi-than","12":"product_tag-may-bom-mini","13":"product_tag-phu-kien","15":"first","16":"instock","17":"shipping-taxable","18":"purchasable","19":"product-type-simple"},"_links":{"self":[{"href":"https:\/\/maybommini.vn\/index.php?rest_route=\/wp\/v2\/product\/256389","targetHints":{"allow":["GET"]}}],"collection":[{"href":"https:\/\/maybommini.vn\/index.php?rest_route=\/wp\/v2\/product"}],"about":[{"href":"https:\/\/maybommini.vn\/index.php?rest_route=\/wp\/v2\/types\/product"}],"replies":[{"embeddable":true,"href":"https:\/\/maybommini.vn\/index.php?rest_route=%2Fwp%2Fv2%2Fcomments&post=256389"}],"wp:featuredmedia":[{"embeddable":true,"href":"https:\/\/maybommini.vn\/index.php?rest_route=\/wp\/v2\/media\/256512"}],"wp:attachment":[{"href":"https:\/\/maybommini.vn\/index.php?rest_route=%2Fwp%2Fv2%2Fmedia&parent=256389"}],"wp:term":[{"taxonomy":"product_brand","embeddable":true,"href":"https:\/\/maybommini.vn\/index.php?rest_route=%2Fwp%2Fv2%2Fproduct_brand&post=256389"},{"taxonomy":"product_cat","embeddable":true,"href":"https:\/\/maybommini.vn\/index.php?rest_route=%2Fwp%2Fv2%2Fproduct_cat&post=256389"},{"taxonomy":"product_tag","embeddable":true,"href":"https:\/\/maybommini.vn\/index.php?rest_route=%2Fwp%2Fv2%2Fproduct_tag&post=256389"}],"curies":[{"name":"wp","href":"https:\/\/api.w.org\/{rel}","templated":true}]}}