{"id":256429,"date":"2018-04-12T19:33:36","date_gmt":"2018-04-12T12:33:36","guid":{"rendered":"https:\/\/maybommini.com\/san-pham\/import-placeholder-for-252710"},"modified":"2022-12-02T16:51:57","modified_gmt":"2022-12-02T09:51:57","slug":"may-bam-dau-ong-ap-luc-cao-quay-tay","status":"publish","type":"product","link":"https:\/\/maybommini.vn\/?product=may-bam-dau-ong-ap-luc-cao-quay-tay","title":{"rendered":"M\u00e1y b\u1ea5m \u0111\u1ea7u \u1ed1ng \u00e1p l\u1ef1c cao quay tay 8.5 \u0111\u1ebfn15mm"},"content":{"rendered":"<p><strong>M\u00e1y b\u1ea5m \u0111\u1ea7u \u1ed1ng \u00e1p l\u1ef1c cao l\u00e0 lo\u1ea1i m\u00e1y d\u00f9ng \u0111\u00f3ng c\u00e1c lo\u1ea1i \u0111\u1ea7u \u00e1p l\u1ef1c cao \u1ed1ng d\u00e2y \u00e1p l\u1ef1c. D\u00f9ng cho c\u00e1c lo\u1ea1i \u1ed1ng ch\u1ecbu l\u1ef1c cao d\u00f9ng cho c\u00e1c lo\u1ea1i m\u00e1y b\u01a1m cao \u00e1p \u0111\u1ec3 x\u1ecbt r\u1eeda xe, phun thu\u1ed1c tr\u1eeb s\u00e2u. B\u00e1n c\u00e1c lo\u1ea1i m\u00e1y b\u1ea5m\u00a0\u1ed1ng\u00a0\u00e1p l\u1ef1c, m\u00e1y b\u1ea5m th\u1ee7y l\u1ef1c, b\u1ea5m\u00a0\u0111\u1ea7u cost giao h\u00e0ng to\u00e0n qu\u1ed1c gi\u00e1 t\u1ed1t nh\u1ea5t b\u1ea3o h\u00e0nh l\u00e2u d\u00e0i.<a href=\"http:\/\/maybommini.com\/wp-content\/uploads\/2016\/06\/bam-cost-ong-ap-luc-xit-rua.jpg\" rel=\"attachment wp-att-245330 noopener\" target=\"_blank\"><br \/>\n<\/a><\/strong><\/p>\n<p><strong><a href=\"https:\/\/maybommini.com\/wp-content\/uploads\/2018\/04\/may-bam-ong-rua-xe-quay-tay.jpg\" target=\"_blank\" rel=\"noopener\"><img decoding=\"async\" class=\"size-full wp-image-271607 aligncenter\" src=\"https:\/\/maybommini.com\/wp-content\/uploads\/2018\/04\/may-bam-ong-rua-xe-quay-tay.jpg\" alt=\"May Bam Ong Rua Xe Quay Tay\" width=\"750\" height=\"750\" srcset=\"https:\/\/maybommini.vn\/wp-content\/uploads\/2018\/04\/may-bam-ong-rua-xe-quay-tay.jpg 750w, https:\/\/maybommini.vn\/wp-content\/uploads\/2018\/04\/may-bam-ong-rua-xe-quay-tay-300x300.jpg 300w, https:\/\/maybommini.vn\/wp-content\/uploads\/2018\/04\/may-bam-ong-rua-xe-quay-tay-150x150.jpg 150w, https:\/\/maybommini.vn\/wp-content\/uploads\/2018\/04\/may-bam-ong-rua-xe-quay-tay-600x600.jpg 600w\" sizes=\"(max-width: 750px) 100vw, 750px\" \/><\/a>TH\u00d4NG S\u1ed0 K\u1ef8 THU\u1eacT<\/strong><br \/>\nTr\u1ecdng l\u01b0\u1ee3ng: 1.5 kg<br \/>\nCh\u1ea5t li\u1ec7u: th\u00e9p<br \/>\nL\u1ef1c t\u1ea1o ra: quay tay<br \/>\nK\u00edch th\u01b0\u1edbc: 123 * 100 * 30 mm<br \/>\n\u1ed0ng d\u00e2y: 8.5mm \u0111\u1ebfn 15mm<\/p>\n<p><strong><a href=\"https:\/\/maybommini.com\/wp-content\/uploads\/2018\/04\/bo-bam-ong-quay-tay.jpg\" target=\"_blank\" rel=\"noopener\"><img decoding=\"async\" class=\"size-full wp-image-271602 aligncenter\" src=\"https:\/\/maybommini.com\/wp-content\/uploads\/2018\/04\/bo-bam-ong-quay-tay.jpg\" alt=\"Bo Bam Ong Quay Tay\" width=\"750\" height=\"750\" srcset=\"https:\/\/maybommini.vn\/wp-content\/uploads\/2018\/04\/bo-bam-ong-quay-tay.jpg 750w, https:\/\/maybommini.vn\/wp-content\/uploads\/2018\/04\/bo-bam-ong-quay-tay-300x300.jpg 300w, https:\/\/maybommini.vn\/wp-content\/uploads\/2018\/04\/bo-bam-ong-quay-tay-150x150.jpg 150w, https:\/\/maybommini.vn\/wp-content\/uploads\/2018\/04\/bo-bam-ong-quay-tay-600x600.jpg 600w\" sizes=\"(max-width: 750px) 100vw, 750px\" \/><\/a><a href=\"https:\/\/maybommini.com\/wp-content\/uploads\/2018\/04\/dau-cost-bam-ong-quay-tay.jpg\" target=\"_blank\" rel=\"noopener\"><img decoding=\"async\" class=\"size-full wp-image-271603 aligncenter\" src=\"https:\/\/maybommini.com\/wp-content\/uploads\/2018\/04\/dau-cost-bam-ong-quay-tay.jpg\" alt=\"Dau Cost Bam Ong Quay Tay\" width=\"750\" height=\"750\" srcset=\"https:\/\/maybommini.vn\/wp-content\/uploads\/2018\/04\/dau-cost-bam-ong-quay-tay.jpg 750w, https:\/\/maybommini.vn\/wp-content\/uploads\/2018\/04\/dau-cost-bam-ong-quay-tay-300x300.jpg 300w, https:\/\/maybommini.vn\/wp-content\/uploads\/2018\/04\/dau-cost-bam-ong-quay-tay-150x150.jpg 150w, https:\/\/maybommini.vn\/wp-content\/uploads\/2018\/04\/dau-cost-bam-ong-quay-tay-600x600.jpg 600w\" sizes=\"(max-width: 750px) 100vw, 750px\" \/><\/a><a href=\"https:\/\/maybommini.com\/wp-content\/uploads\/2018\/04\/dau-ep-cost-ong-ap-luc-quay-tay.jpg\" target=\"_blank\" rel=\"noopener\"><img decoding=\"async\" class=\"size-full wp-image-271604 aligncenter\" src=\"https:\/\/maybommini.com\/wp-content\/uploads\/2018\/04\/dau-ep-cost-ong-ap-luc-quay-tay.jpg\" alt=\"Dau Ep Cost Ong Ap Luc Quay Tay\" width=\"750\" height=\"750\" srcset=\"https:\/\/maybommini.vn\/wp-content\/uploads\/2018\/04\/dau-ep-cost-ong-ap-luc-quay-tay.jpg 750w, https:\/\/maybommini.vn\/wp-content\/uploads\/2018\/04\/dau-ep-cost-ong-ap-luc-quay-tay-300x300.jpg 300w, https:\/\/maybommini.vn\/wp-content\/uploads\/2018\/04\/dau-ep-cost-ong-ap-luc-quay-tay-150x150.jpg 150w, https:\/\/maybommini.vn\/wp-content\/uploads\/2018\/04\/dau-ep-cost-ong-ap-luc-quay-tay-600x600.jpg 600w\" sizes=\"(max-width: 750px) 100vw, 750px\" \/><\/a><a href=\"https:\/\/maybommini.com\/wp-content\/uploads\/2018\/04\/may-bam-ong-ap-luc-cao-quay-tay.jpg\" target=\"_blank\" rel=\"noopener\"><img decoding=\"async\" class=\"size-full wp-image-271605 aligncenter\" src=\"https:\/\/maybommini.com\/wp-content\/uploads\/2018\/04\/may-bam-ong-ap-luc-cao-quay-tay.jpg\" alt=\"May Bam Ong Ap Luc Cao Quay Tay\" width=\"750\" height=\"750\" srcset=\"https:\/\/maybommini.vn\/wp-content\/uploads\/2018\/04\/may-bam-ong-ap-luc-cao-quay-tay.jpg 750w, https:\/\/maybommini.vn\/wp-content\/uploads\/2018\/04\/may-bam-ong-ap-luc-cao-quay-tay-300x300.jpg 300w, https:\/\/maybommini.vn\/wp-content\/uploads\/2018\/04\/may-bam-ong-ap-luc-cao-quay-tay-150x150.jpg 150w, https:\/\/maybommini.vn\/wp-content\/uploads\/2018\/04\/may-bam-ong-ap-luc-cao-quay-tay-600x600.jpg 600w\" sizes=\"(max-width: 750px) 100vw, 750px\" \/><\/a><a href=\"https:\/\/maybommini.com\/wp-content\/uploads\/2018\/04\/may-bam-ong-rua-xe-quay-tay.jpg\" target=\"_blank\" rel=\"noopener\"><img decoding=\"async\" class=\"size-full wp-image-271607 aligncenter\" src=\"https:\/\/maybommini.com\/wp-content\/uploads\/2018\/04\/may-bam-ong-rua-xe-quay-tay.jpg\" alt=\"May Bam Ong Rua Xe Quay Tay\" width=\"750\" height=\"750\" srcset=\"https:\/\/maybommini.vn\/wp-content\/uploads\/2018\/04\/may-bam-ong-rua-xe-quay-tay.jpg 750w, https:\/\/maybommini.vn\/wp-content\/uploads\/2018\/04\/may-bam-ong-rua-xe-quay-tay-300x300.jpg 300w, https:\/\/maybommini.vn\/wp-content\/uploads\/2018\/04\/may-bam-ong-rua-xe-quay-tay-150x150.jpg 150w, https:\/\/maybommini.vn\/wp-content\/uploads\/2018\/04\/may-bam-ong-rua-xe-quay-tay-600x600.jpg 600w\" sizes=\"(max-width: 750px) 100vw, 750px\" \/><\/a><\/strong><\/p>\n<p><strong>C\u00c1CH S\u1eec D\u1ee4NG M\u00c1Y B\u1ea4M \u1ed0NG \u00c1P L\u1ef0C QUAY TAY<\/strong><br \/>\nM\u00e1y s\u1eed d\u1ee5ng \u0111\u01a1n gi\u1ea3n l\u1ef1c t\u1eeb tay c\u1ea7m t\u1ea1o ra \u0111\u1ec3 \u00e9p \u0111\u1ea7u cost \u1ed1ng k\u1ebft ch\u1eb7c v\u1edbi nhau.<br \/>\nQuay \u00e9p l\u1ef1c t\u1edbi khi l\u1ef1c \u00e9p h\u1ebft m\u1ee9c kh\u00f4ng c\u00f2n kh\u1ea3 n\u0103ng \u00e9p \u0111\u01b0\u1ee3c.<br \/>\nD\u00f9ng cho c\u00e1c lo\u1ea1i \u1ed1ng t\u1eeb 8mm \u0111\u1ebfn 18mm<\/p>\n<p><strong><a href=\"https:\/\/maybommini.com\/wp-content\/uploads\/2018\/04\/may-bam-ong-ap-luc-quay-tay-2.jpg\" target=\"_blank\" rel=\"noopener\"><img decoding=\"async\" class=\"size-full wp-image-271606 aligncenter\" src=\"https:\/\/maybommini.com\/wp-content\/uploads\/2018\/04\/may-bam-ong-ap-luc-quay-tay-2.jpg\" alt=\"May Bam Ong Ap Luc Quay Tay\" width=\"750\" height=\"750\" srcset=\"https:\/\/maybommini.vn\/wp-content\/uploads\/2018\/04\/may-bam-ong-ap-luc-quay-tay-2.jpg 750w, https:\/\/maybommini.vn\/wp-content\/uploads\/2018\/04\/may-bam-ong-ap-luc-quay-tay-2-300x300.jpg 300w, https:\/\/maybommini.vn\/wp-content\/uploads\/2018\/04\/may-bam-ong-ap-luc-quay-tay-2-150x150.jpg 150w, https:\/\/maybommini.vn\/wp-content\/uploads\/2018\/04\/may-bam-ong-ap-luc-quay-tay-2-600x600.jpg 600w\" sizes=\"(max-width: 750px) 100vw, 750px\" \/><\/a><a href=\"https:\/\/maybommini.com\/wp-content\/uploads\/2018\/04\/bam-ong-nuoc-quay-tay.jpg\" target=\"_blank\" rel=\"noopener\"><img decoding=\"async\" class=\"size-full wp-image-271609 aligncenter\" src=\"https:\/\/maybommini.com\/wp-content\/uploads\/2018\/04\/bam-ong-nuoc-quay-tay.jpg\" alt=\"Bam Ong Nuoc Quay Tay\" width=\"750\" height=\"750\" srcset=\"https:\/\/maybommini.vn\/wp-content\/uploads\/2018\/04\/bam-ong-nuoc-quay-tay.jpg 750w, https:\/\/maybommini.vn\/wp-content\/uploads\/2018\/04\/bam-ong-nuoc-quay-tay-300x300.jpg 300w, https:\/\/maybommini.vn\/wp-content\/uploads\/2018\/04\/bam-ong-nuoc-quay-tay-150x150.jpg 150w, https:\/\/maybommini.vn\/wp-content\/uploads\/2018\/04\/bam-ong-nuoc-quay-tay-600x600.jpg 600w\" sizes=\"(max-width: 750px) 100vw, 750px\" \/><\/a><\/strong><\/p>\n<p><strong>\u1ee8NG D\u1ee4NG B\u1ea4M \u1ed0NG \u00c1P L\u1ef0C QUAY TAY<\/strong><br \/>\n&#8211; M\u00e1y b\u1ea5m \u0111\u1ea7u cost \u1ed1ng th\u1ee7y l\u1ef1c.<br \/>\n&#8211; B\u1ea5m \u0111\u1ea7u \u1ed1ng m\u00e1y r\u1eeda xe.<br \/>\n&#8211; B\u1ea5m \u1ed1ng m\u00e1y phun thu\u1ed1c tr\u1eeb s\u00e2u.<br \/>\n&#8211; B\u1ea5m \u0111\u1ea7u b\u00e9c x\u1ecbt \u00e1p l\u1ef1c cao.<br \/>\n&#8211; B\u1ea5m \u1ed1ng \u0111\u1ea7u cost \u1ed1ng \u0111\u1ed3ng, \u1ed1ng n\u01b0\u1edbc.<br \/>\n&#8211; B\u1ea5m \u0111\u1ea7u \u1ed1ng n\u01b0\u1edbc.<br \/>\n&#8211; B\u1ea5m \u0111\u1ea7u cost c\u00e1c lo\u1ea1i.<\/p>\n<p><strong><a href=\"https:\/\/maybommini.com\/wp-content\/uploads\/2018\/04\/may-ong-quay-tay.jpg\" target=\"_blank\" rel=\"noopener\"><img decoding=\"async\" class=\"size-full wp-image-271608 aligncenter\" src=\"https:\/\/maybommini.com\/wp-content\/uploads\/2018\/04\/may-ong-quay-tay.jpg\" alt=\"May Ong Quay Tay\" width=\"750\" height=\"750\" srcset=\"https:\/\/maybommini.vn\/wp-content\/uploads\/2018\/04\/may-ong-quay-tay.jpg 750w, https:\/\/maybommini.vn\/wp-content\/uploads\/2018\/04\/may-ong-quay-tay-300x300.jpg 300w, https:\/\/maybommini.vn\/wp-content\/uploads\/2018\/04\/may-ong-quay-tay-150x150.jpg 150w, https:\/\/maybommini.vn\/wp-content\/uploads\/2018\/04\/may-ong-quay-tay-600x600.jpg 600w\" sizes=\"(max-width: 750px) 100vw, 750px\" \/><\/a><\/strong><\/p>\n<p>&nbsp;<\/p>\n<p><strong>CHUY\u00caN CUNG C\u1ea4P M\u00c1Y B\u1ea4M \u1ed0NG TH\u1ee6Y L\u1ef0C &#8211; M\u00c1Y \u0110\u00d3NG COST &#8211; M\u00c1Y B\u1ea4M COST QUAY TAY<\/strong><br \/>\nCh\u00fang t\u00f4i nh\u00e0 cung c\u1ea5p ph\u00e2n ph\u1ed1i to\u00e0n qu\u1ed1c v\u1edbi gi\u00e1 h\u1ee3p l\u00fd v\u00e0 b\u1ea3o h\u00e0nh ch\u00ednh h\u00e3ng.<br \/>\n<strong>CTY TNHH TH\u01af\u01a0NG M\u1ea0I D\u1ecaCH V\u1ee4 \u0110I\u1ec6N M\u00c1Y TH\u00d4NG MINH<br \/>\nWebsite:\u00a0<a href=\"https:\/\/maybommini.com\/\" target=\"_blank\" rel=\"noopener\">https:\/\/maybommini.com<\/a><br \/>\nEmail: Maybommini.com@gmail.com<br \/>\nT\u01af V\u1ea4N K\u1ef8 THU\u1eacT \u2013 MUA H\u00c0NG<br \/>\nTel\/ Zalo: 0908997823 \u2013 0908997872<br \/>\nT\u01b0 v\u1ea5n mua h\u00e0ng: 0907294310 \u2013 02873030399<\/strong><\/p>\n<h3><a class=\"swipebox\" title=\"\" href=\"https:\/\/maybommini.com\/wp-content\/uploads\/2022\/07\/thong-tin-lien-he-may-bom-mini.jpg\" data-rel=\"lightbox-image-bGlnaHRib3gtaW1hZ2UtYkdsbmFIUmliM2d0YVcxaFoyVXRZa2RzYm1GSVVtbGlNMmQwWVZjeGFGb3lWWFJaYTJSelltMUdTVlZ0YkdsTk1tUXdXVlpqZUdGR2IzbFdXRkphWVRKU2VsbHRNVWRUVmxaMFlrZHNUazF0VVhkWFZscHFaVWRHUjJJemJGZFhSa3BoV1ZSS1UyVnNiSFJOVldSVVZteGFNRmxyWkhOVWF6RjBWVmhrV0Zac2NIRmFWV1JIVWpKSmVtSkdaRmhTYTNCUVZtMTBWMVpyT1ZKUVZEQTk=\" data-rl_title=\"\" data-rl_caption=\"\" data-rl_ target=\"_blank\" rel=\"noopener\"><img decoding=\"async\" class=\"size-full wp-image-270584 lazyloaded aligncenter\" src=\"https:\/\/maybommini.com\/wp-content\/uploads\/2022\/07\/thong-tin-lien-he-may-bom-mini.jpg\" sizes=\"(max-width: 750px) 100vw, 750px\" srcset=\"https:\/\/maybommini.com\/wp-content\/uploads\/2022\/07\/thong-tin-lien-he-may-bom-mini.jpg 750w, https:\/\/maybommini.com\/wp-content\/uploads\/2022\/07\/thong-tin-lien-he-may-bom-mini-300x202.jpg 300w, https:\/\/maybommini.com\/wp-content\/uploads\/2022\/07\/thong-tin-lien-he-may-bom-mini-600x405.jpg 600w\" alt=\"Thong Tin Lien He May Bom Mini\" width=\"750\" height=\"506\" data-lazy-srcset=\"https:\/\/maybommini.com\/wp-content\/uploads\/2022\/07\/thong-tin-lien-he-may-bom-mini.jpg 750w, https:\/\/maybommini.com\/wp-content\/uploads\/2022\/07\/thong-tin-lien-he-may-bom-mini-300x202.jpg 300w, https:\/\/maybommini.com\/wp-content\/uploads\/2022\/07\/thong-tin-lien-he-may-bom-mini-600x405.jpg 600w\" data-lazy-sizes=\"(max-width: 750px) 100vw, 750px\" data-lazy-src=\"https:\/\/maybommini.com\/wp-content\/uploads\/2022\/07\/thong-tin-lien-he-may-bom-mini.jpg\" data-was-processed=\"true\" \/><\/a><\/h3>\n<h4 style=\"text-align: center;\">M\u00e1y b\u1ea5m \u0111\u1ea7u \u1ed1ng \u00e1p l\u1ef1c cao quay tay<br \/>\n<a href=\"https:\/\/maybommini.com\/san-pham\/may-bam-dau-ong-ap-luc-cao-thuy-luc-8mm-den-18mm-3-tan\" target=\"_blank\" rel=\"noopener noreferrer\">M\u00e1y b\u1ea5m \u0111\u1ea7u \u1ed1ng \u00e1p l\u1ef1c cao thu\u1ef7 l\u1ef1c 8mm \u0111\u1ebfn 13mm 3 t\u1ea5n<\/a><br \/>\n<a title=\"M\u00e1y b\u1ea5m \u0111\u1ea7u \u1ed1ng \u00e1p l\u1ef1c cao 8mm \u0111\u1ebfn 14mm 6 t\u1ea5n\" href=\"https:\/\/maybommini.com\/san-pham\/may-bam-dau-ong-ap-luc-cao-8mm-den-20mm\" target=\"_blank\" rel=\"noopener\">M\u00e1y B\u1ea5m \u0110\u1ea7u \u1ed0ng \u00c1p L\u1ef1c Cao 8mm \u0110\u1ebfn 14mm 6 T\u1ea5n<\/a><br \/>\n<a title=\"M\u00e1y b\u1ea5m \u0111\u1ea7u \u1ed1ng \u00e1p l\u1ef1c cao 8mm \u2013 32mm Piton 12 t\u1ea5n\" href=\"https:\/\/maybommini.com\/san-pham\/may-bam-dau-ong-ap-luc-cao-8mm-32mm-piton-12-tan\" target=\"_blank\" rel=\"noopener\">M\u00e1y B\u1ea5m \u0110\u1ea7u \u1ed0ng \u00c1p L\u1ef1c Cao 8mm \u2013 32mm Piton 12 T\u1ea5n<\/a><\/h4>\n<p>&nbsp;<\/p>\n<p><a href=\"https:\/\/maybommini.com\/wp-content\/uploads\/2018\/04\/bam-day-ap-luc-cao-1.jpg\" target=\"_blank\" rel=\"noopener\"><img decoding=\"async\" class=\"size-full wp-image-258081 aligncenter\" src=\"https:\/\/maybommini.com\/wp-content\/uploads\/2018\/04\/bam-day-ap-luc-cao-1.jpg\" alt=\"Bam Day Ap Luc Cao\" width=\"750\" height=\"750\" srcset=\"https:\/\/maybommini.vn\/wp-content\/uploads\/2018\/04\/bam-day-ap-luc-cao-1.jpg 750w, https:\/\/maybommini.vn\/wp-content\/uploads\/2018\/04\/bam-day-ap-luc-cao-1-300x300.jpg 300w, https:\/\/maybommini.vn\/wp-content\/uploads\/2018\/04\/bam-day-ap-luc-cao-1-150x150.jpg 150w, https:\/\/maybommini.vn\/wp-content\/uploads\/2018\/04\/bam-day-ap-luc-cao-1-600x600.jpg 600w\" sizes=\"(max-width: 750px) 100vw, 750px\" \/><\/a><\/p>\n","protected":false},"excerpt":{"rendered":"<p>Tr\u1ecdng l\u01b0\u1ee3ng: 1.5 kg<br \/>\nCh\u1ea5t li\u1ec7u: th\u00e9p<br \/>\nL\u1ef1c t\u1ea1o ra: quay tay<br \/>\nK\u00edch th\u01b0\u1edbc: 123 * 100 * 30 mm<br \/>\n\u1ed0ng d\u00e2y: 8.5mm \u0111\u1ebfn 15mm<br \/>\nB\u1ea3o h\u00e0nh: 1 th\u00e1ng<br \/>\nPh\u00e2n ph\u1ed1i: Maybommini.com<br \/>\nH\u00f4\u0309 tr\u01a1\u0323 ky\u0303 thu\u00e2\u0323t vi\u0303nh vi\u00ea\u0303n.<br \/>\n<strong>T\u01af V\u1ea4N K\u1ef8 THU\u1eacT \u2013 MUA H\u00c0NG<br \/>\nMUA S\u1ed0 L\u01af\u1ee2NG C\u00d3 GI\u00c1 S\u1ec8<\/strong><br \/>\n0908997823 \u2013 0908997872<br \/>\n0907294310 \u2013 02873030399<\/p>\n","protected":false},"featured_media":271605,"comment_status":"open","ping_status":"closed","template":"","meta":[],"product_brand":[2227],"product_cat":[2897,317],"product_tag":[751,753,755,889,890,756,891],"class_list":{"0":"post-256429","1":"product","2":"type-product","3":"status-publish","4":"has-post-thumbnail","6":"product_brand-mtm","7":"product_cat-bam-ong-ap-luc","8":"product_cat-thiet-bi-dung-cu","9":"product_tag-bam-cost","10":"product_tag-bam-ong-day","11":"product_tag-dau-bam-ong","12":"product_tag-day-ap-luc","13":"product_tag-dong-ong","14":"product_tag-may-bam","15":"product_tag-quay-tay","17":"first","18":"instock","19":"sale","20":"shipping-taxable","21":"purchasable","22":"product-type-simple"},"_links":{"self":[{"href":"https:\/\/maybommini.vn\/index.php?rest_route=\/wp\/v2\/product\/256429","targetHints":{"allow":["GET"]}}],"collection":[{"href":"https:\/\/maybommini.vn\/index.php?rest_route=\/wp\/v2\/product"}],"about":[{"href":"https:\/\/maybommini.vn\/index.php?rest_route=\/wp\/v2\/types\/product"}],"replies":[{"embeddable":true,"href":"https:\/\/maybommini.vn\/index.php?rest_route=%2Fwp%2Fv2%2Fcomments&post=256429"}],"wp:featuredmedia":[{"embeddable":true,"href":"https:\/\/maybommini.vn\/index.php?rest_route=\/wp\/v2\/media\/271605"}],"wp:attachment":[{"href":"https:\/\/maybommini.vn\/index.php?rest_route=%2Fwp%2Fv2%2Fmedia&parent=256429"}],"wp:term":[{"taxonomy":"product_brand","embeddable":true,"href":"https:\/\/maybommini.vn\/index.php?rest_route=%2Fwp%2Fv2%2Fproduct_brand&post=256429"},{"taxonomy":"product_cat","embeddable":true,"href":"https:\/\/maybommini.vn\/index.php?rest_route=%2Fwp%2Fv2%2Fproduct_cat&post=256429"},{"taxonomy":"product_tag","embeddable":true,"href":"https:\/\/maybommini.vn\/index.php?rest_route=%2Fwp%2Fv2%2Fproduct_tag&post=256429"}],"curies":[{"name":"wp","href":"https:\/\/api.w.org\/{rel}","templated":true}]}}