{"id":256458,"date":"2018-04-12T19:33:58","date_gmt":"2018-04-12T12:33:58","guid":{"rendered":"https:\/\/maybommini.com\/san-pham\/import-placeholder-for-252727"},"modified":"2026-02-14T22:27:48","modified_gmt":"2026-02-14T15:27:48","slug":"may-bom-chim-220v-jtp-1800","status":"publish","type":"product","link":"https:\/\/maybommini.vn\/?product=may-bom-chim-220v-jtp-1800","title":{"rendered":"M\u00e1y b\u01a1m ch\u00ecm 220V JTP-1800"},"content":{"rendered":"<p><strong>M\u00e1y b\u01a1m ch\u00ecm 220V JTP-1800 1800L l\u00e0 lo\u1ea1i m\u00e1y b\u01a1m ch\u00ecm chuy\u00ean d\u1ee5ng \u0111\u1ec3 b\u01a1m ch\u1ea5t th\u1ea3i, n\u01b0\u1edbc h\u1ed3 c\u00e1, b\u01a1m n\u01b0\u1edbc h\u00f2n non b\u1ed9. \u0110\u00e2y l\u00e0 lo\u1ea1i m\u00e1y b\u01a1m ch\u00ecm c\u00f3 c\u00f4ng su\u1ea5t nh\u1ecf nh\u01b0ng c\u00f3 l\u01b0u l\u01b0\u1ee3ng l\u1edbn b\u01a1m m\u1ea1nh \u0111\u1ea1t 1800L\/H.<br \/>\n<\/strong><\/p>\n<p><a href=\"https:\/\/maybommini.com\/wp-content\/uploads\/2018\/04\/may-bom-chim-jtp-1800-220v-11w-1.jpg\" target=\"_blank\" rel=\"noopener\"><img decoding=\"async\" class=\"size-full wp-image-258457 aligncenter\" src=\"https:\/\/maybommini.com\/wp-content\/uploads\/2018\/04\/may-bom-chim-jtp-1800-220v-11w-1.jpg\" alt=\"May Bom Chim Jtp 1800 220v 11w\" width=\"750\" height=\"750\" srcset=\"https:\/\/maybommini.vn\/wp-content\/uploads\/2018\/04\/may-bom-chim-jtp-1800-220v-11w-1.jpg 750w, https:\/\/maybommini.vn\/wp-content\/uploads\/2018\/04\/may-bom-chim-jtp-1800-220v-11w-1-300x300.jpg 300w, https:\/\/maybommini.vn\/wp-content\/uploads\/2018\/04\/may-bom-chim-jtp-1800-220v-11w-1-150x150.jpg 150w, https:\/\/maybommini.vn\/wp-content\/uploads\/2018\/04\/may-bom-chim-jtp-1800-220v-11w-1-600x600.jpg 600w\" sizes=\"(max-width: 750px) 100vw, 750px\" \/><\/a><\/p>\n<p><strong>TH\u00d4NG S\u1ed0 K\u1ef8 THU\u1eacT<br \/>\n<\/strong>Model: JTP-1800<br \/>\n\u0110i\u1ec7n th\u1ebf: 220V<br \/>\nL\u01b0u l\u01b0\u1ee3ng b\u01a1m: 1800 L\/H<br \/>\nC\u00f4ng su\u1ea5t b\u01a1m: 11W<br \/>\nTi\u1ebft ki\u1ec7m \u0111i\u1ec7n<br \/>\n\u1ed0ng ra: 20 MM<br \/>\nK\u00edch th\u01b0\u1edbc: 182 x 112 x 110 MM<br \/>\nB\u01a1m cao: 2.2 MET<br \/>\nT\u00ecnh tr\u1ea1ng: H\u00e0ng m\u1edbi 100%<br \/>\nB\u1ea3o h\u00e0ng: 3 th\u00e1ng<br \/>\nPh\u00e2n ph\u1ed1i: MBM<\/p>\n<p style=\"text-align: center;\"><img decoding=\"async\" class=\"size-full wp-image-247099 aligncenter\" src=\"https:\/\/maybommini.com\/wp-content\/uploads\/2016\/10\/thong-so-ky-thuat-may-bom-chim-jtp-220v.jpg\" alt=\"thong-so-ky-thuat-may-bom-chim-jtp-220v\" width=\"750\" height=\"559\" srcset=\"https:\/\/maybommini.vn\/wp-content\/uploads\/2016\/10\/thong-so-ky-thuat-may-bom-chim-jtp-220v.jpg 750w, https:\/\/maybommini.vn\/wp-content\/uploads\/2016\/10\/thong-so-ky-thuat-may-bom-chim-jtp-220v-600x447.jpg 600w, https:\/\/maybommini.vn\/wp-content\/uploads\/2016\/10\/thong-so-ky-thuat-may-bom-chim-jtp-220v-300x224.jpg 300w\" sizes=\"(max-width: 750px) 100vw, 750px\" \/>TH\u00d4NG S\u1ed0 K\u1ef8 THU\u1eacT M\u00c1Y B\u01a0M CH\u00ccM<\/p>\n<p><strong>\u1ee8NG D\u1ee4NG M\u00c1Y B\u01a0M CH\u00ccM<br \/>\n<\/strong>D\u00f9ng\u00a0\u0111\u1ec3 b\u01a1m ch\u1ea5t th\u1ea3i.<br \/>\nM\u00e1y b\u01a1m h\u00f2n non b\u1ed9.<br \/>\nM\u00e1y b\u01a1m h\u1ed3 c\u00e1.<br \/>\nM\u00e1y b\u01a1m l\u1ecdc n\u01b0\u1edbc h\u1ed3 c\u00e1.<br \/>\nM\u00e1y b\u01a1m n\u01b0\u1edbc tu\u1ea7n ho\u00e0n.<br \/>\nB\u01a1m n\u01b0\u1edbc ng\u1eadp trong nh\u00e0.<br \/>\nB\u01a1m c\u1ea5p n\u01b0\u1edbc v\u00e0o b\u1ec3 ch\u1ee9a.<\/p>\n<p><strong><img decoding=\"async\" class=\"size-full wp-image-247098 aligncenter\" src=\"https:\/\/maybommini.com\/wp-content\/uploads\/2016\/10\/ung-dung-may-bom-chim.jpg\" alt=\"ung-dung-may-bom-chim\" width=\"790\" height=\"1266\" srcset=\"https:\/\/maybommini.vn\/wp-content\/uploads\/2016\/10\/ung-dung-may-bom-chim.jpg 790w, https:\/\/maybommini.vn\/wp-content\/uploads\/2016\/10\/ung-dung-may-bom-chim-600x962.jpg 600w, https:\/\/maybommini.vn\/wp-content\/uploads\/2016\/10\/ung-dung-may-bom-chim-187x300.jpg 187w, https:\/\/maybommini.vn\/wp-content\/uploads\/2016\/10\/ung-dung-may-bom-chim-768x1231.jpg 768w, https:\/\/maybommini.vn\/wp-content\/uploads\/2016\/10\/ung-dung-may-bom-chim-639x1024.jpg 639w\" sizes=\"(max-width: 790px) 100vw, 790px\" \/><\/strong><\/p>\n<p><strong>MUA M\u00c1Y B\u01a0M\u00a0<\/strong><strong>CH\u00ccM\u00a0220V JTP-1800<\/strong><strong>\u00a0<\/strong><strong>\u1ede \u0110\u00c2U ?<br \/>\n<\/strong>M\u1ecdi chi ti\u1ebft vui l\u00f2ng li\u00ean h\u1ec7 tr\u1ef1c ti\u1ebfp cho ch\u00fang t\u00f4i \u0111\u1ec3 \u0111\u01b0\u1ee3c t\u01b0 v\u1ea5n theo nhu c\u1ea7u \u0111\u1ec3 c\u00f3 \u0111\u01b0\u1ee3c b\u1ed9 s\u1ea3n ph\u1ea9m t\u1ed1t nh\u1ea5t v\u00e0 ti\u1ebft ki\u1ec7m.\u00a0B\u1ea1n \u1edf xa v\u1eabn c\u00f3 th\u1ec3 mua h\u00e0ng v\u00e0 giao h\u00e0ng <a title=\"thanh to\u00e1n\" href=\"http:\/\/maybommini.com\/thanh-toan\" target=\"_blank\" rel=\"noopener\">thanh to\u00e1n<\/a> ti\u1ec1n t\u1ea1i nh\u00e0.<br \/>\nKh\u00f4ng th\u1ec3 s\u1eed d\u1ee5ng b\u01a1m c\u00e1c n\u01b0\u1edbc ch\u1ea5t ki\u1ec1m, \u0103n m\u00f2n, ax\u00edt,&#8230; C\u00f3 th\u1ec3 g\u00e2y h\u1ea1i ch\u00e1y m\u00e1y b\u01a1m.<\/p>\n<p><strong>CTY TNHH TH\u01af\u01a0NG M\u1ea0I D\u1ecaCH V\u1ee4 \u0110I\u1ec6N M\u00c1Y TH\u00d4NG MINH<\/strong><br \/>\nHotline : 090 729 4310<br \/>\nEmail : maybommini.com@gmail.com<br \/>\nWebsite : http:\/\/maybommini.com<br \/>\nFacebook : <a href=\"https:\/\/www.facebook.com\/maybommini\" target=\"_blank\" rel=\"noopener\">https:\/\/www.facebook.com\/maybommini<\/a><br \/>\nGoogle : <a href=\"https:\/\/plus.google.com\/ Maybomnuocminiruaxe\" target=\"_blank\" rel=\"noopener\">https:\/\/plus.google.com\/ Maybomnuocminiruaxe<\/a><br \/>\nYoutube demo : <a href=\"https:\/\/www.youtube.com\/bahamasali\" target=\"_blank\" rel=\"noopener\">https:\/\/www.youtube.com\/bahamasali<\/a><\/p>\n<h3 style=\"text-align: center;\">M\u00e1y b\u01a1m ch\u00ecm 220V JTP-1800<\/h3>\n","protected":false},"excerpt":{"rendered":"<p>Model: JTP-1800<br \/>\n\u0110i\u1ec7n th\u1ebf: 220V<br \/>\nL\u01b0u l\u01b0\u1ee3ng b\u01a1m: 1800 L\/H<br \/>\nC\u00f4ng su\u1ea5t b\u01a1m: 11W<br \/>\nTi\u1ebft ki\u1ec7m \u0111i\u1ec7n<br \/>\n\u1ed0ng ra: 20 MM<br \/>\nK\u00edch th\u01b0\u1edbc: 182 x 112 x 110 MM<br \/>\nB\u01a1m cao: 2.2 MET<br \/>\nT\u00ecnh tr\u1ea1ng: H\u00e0ng m\u1edbi 100%<br \/>\nB\u1ea3o h\u00e0ng: 3 th\u00e1ng<br \/>\nPh\u00e2n ph\u1ed1i: MBM<\/p>\n","protected":false},"featured_media":258457,"comment_status":"open","ping_status":"closed","template":"","meta":[],"product_brand":[],"product_cat":[775,381],"product_tag":[899,900,703,782,901,704,783,500,785,776,786,779,787,391,705,392,393,235,778,781,706,629,707,389,902,231,394],"class_list":{"0":"post-256458","1":"product","2":"type-product","3":"status-publish","4":"has-post-thumbnail","6":"product_cat-may-bom-chim-220v","7":"product_cat-may-bom-chim","8":"product_tag-10w","9":"product_tag-11w","10":"product_tag-1400l","11":"product_tag-1500l","12":"product_tag-1800l","13":"product_tag-2000l","14":"product_tag-2000l-h","15":"product_tag-220v","16":"product_tag-5000l-h","17":"product_tag-500l","18":"product_tag-6000l-h","19":"product_tag-600l","20":"product_tag-6800l-h","21":"product_tag-bom-chat-thai","22":"product_tag-bom-chim","23":"product_tag-bom-chim-12v","24":"product_tag-bom-chim-24v","25":"product_tag-bom-nuoc-mini","26":"product_tag-hj500","27":"product_tag-hj600","28":"product_tag-ho-ca","29":"product_tag-hon-non-bo","30":"product_tag-hqb","31":"product_tag-may-bom-chim","32":"product_tag-may-bom-chim-220v","33":"product_tag-may-bom-mini","34":"product_tag-may-bom-tuoi","36":"first","37":"instock","38":"sale","39":"featured","40":"shipping-taxable","41":"purchasable","42":"product-type-simple"},"_links":{"self":[{"href":"https:\/\/maybommini.vn\/index.php?rest_route=\/wp\/v2\/product\/256458","targetHints":{"allow":["GET"]}}],"collection":[{"href":"https:\/\/maybommini.vn\/index.php?rest_route=\/wp\/v2\/product"}],"about":[{"href":"https:\/\/maybommini.vn\/index.php?rest_route=\/wp\/v2\/types\/product"}],"replies":[{"embeddable":true,"href":"https:\/\/maybommini.vn\/index.php?rest_route=%2Fwp%2Fv2%2Fcomments&post=256458"}],"wp:featuredmedia":[{"embeddable":true,"href":"https:\/\/maybommini.vn\/index.php?rest_route=\/wp\/v2\/media\/258457"}],"wp:attachment":[{"href":"https:\/\/maybommini.vn\/index.php?rest_route=%2Fwp%2Fv2%2Fmedia&parent=256458"}],"wp:term":[{"taxonomy":"product_brand","embeddable":true,"href":"https:\/\/maybommini.vn\/index.php?rest_route=%2Fwp%2Fv2%2Fproduct_brand&post=256458"},{"taxonomy":"product_cat","embeddable":true,"href":"https:\/\/maybommini.vn\/index.php?rest_route=%2Fwp%2Fv2%2Fproduct_cat&post=256458"},{"taxonomy":"product_tag","embeddable":true,"href":"https:\/\/maybommini.vn\/index.php?rest_route=%2Fwp%2Fv2%2Fproduct_tag&post=256458"}],"curies":[{"name":"wp","href":"https:\/\/api.w.org\/{rel}","templated":true}]}}