{"id":256459,"date":"2018-04-12T19:33:59","date_gmt":"2018-04-12T12:33:59","guid":{"rendered":"https:\/\/maybommini.com\/san-pham\/import-placeholder-for-252728"},"modified":"2021-11-09T15:06:53","modified_gmt":"2021-11-09T08:06:53","slug":"may-bam-dau-ong-ap-luc-cao-6-tan","status":"publish","type":"product","link":"https:\/\/maybommini.vn\/?product=may-bam-dau-ong-ap-luc-cao-6-tan","title":{"rendered":"M\u00e1y b\u1ea5m \u0111\u1ea7u \u1ed1ng \u00e1p l\u1ef1c cao 8 t\u1ea5n"},"content":{"rendered":"<p><strong>Chuy\u00ean ph\u00e2n ph\u1ed1i s\u1ec9 v\u00e0 l\u1ebb m\u00e1y b\u1ea5m \u0111\u1ea7u cost \u1ed1ng th\u1ee7y l\u1ef1c \u00e1p l\u1ef1c cao 8 t\u1ea5n l\u00e0 lo\u1ea1i m\u00e1y th\u1ee7y l\u1ef1c d\u00f9ng \u0111\u00f3ng c\u00e1c lo\u1ea1i \u0111\u1ea7u cost. S\u1eed d\u1ee5ng b\u1ea5m \u0111\u1ea7u cost \u1ed1ng ch\u1ecbu l\u1ef1c m\u00e1y b\u01a1m cao \u00e1p l\u1ef1c cao \u0111\u1ec3 x\u1ecbt r\u1eeda xe, phun thu\u1ed1c tr\u1eeb s\u00e2u, \u1ed1ng b\u01a1m h\u01a1i, \u1ed1ng kh\u00ed n\u00e9n, \u1ed1ng d\u1ea7u v\u00e0 \u1ed1ng m\u00e1y l\u1ea1nh.<a href=\"http:\/\/maybommini.com\/wp-content\/uploads\/2016\/06\/bam-cost-ong-ap-luc-xit-rua.jpg\" rel=\"attachment wp-att-245330 noopener\" target=\"_blank\"><br \/>\n<\/a><\/strong><\/p>\n<p><a href=\"https:\/\/maybommini.com\/wp-content\/uploads\/2018\/04\/chuyen-phan-phoi-may-bam-ong-bam-cost.jpg\" target=\"_blank\" rel=\"noopener\"><img decoding=\"async\" class=\"size-full wp-image-263932 aligncenter\" src=\"https:\/\/maybommini.com\/wp-content\/uploads\/2018\/04\/chuyen-phan-phoi-may-bam-ong-bam-cost.jpg\" alt=\"Chuyen Phan Phoi May Bam Ong Bam Cost\" width=\"750\" height=\"750\" srcset=\"https:\/\/maybommini.vn\/wp-content\/uploads\/2018\/04\/chuyen-phan-phoi-may-bam-ong-bam-cost.jpg 750w, https:\/\/maybommini.vn\/wp-content\/uploads\/2018\/04\/chuyen-phan-phoi-may-bam-ong-bam-cost-300x300.jpg 300w, https:\/\/maybommini.vn\/wp-content\/uploads\/2018\/04\/chuyen-phan-phoi-may-bam-ong-bam-cost-150x150.jpg 150w, https:\/\/maybommini.vn\/wp-content\/uploads\/2018\/04\/chuyen-phan-phoi-may-bam-ong-bam-cost-600x600.jpg 600w\" sizes=\"(max-width: 750px) 100vw, 750px\" \/><\/a><\/p>\n<h3 style=\"text-align: center;\"><strong>M\u00c1Y B\u1ea4M \u1ed0NG TH\u1ee6Y L\u1ef0C<\/strong><\/h3>\n<p><strong>TH\u00d4NG S\u1ed0 K\u1ef8 THU\u1eacT<br \/>\n<\/strong>Model: MBTL-8-TAN<br \/>\nCh\u1ea5t li\u1ec7u: Th\u00e9p &#8211; \u0110\u1ed3ng<br \/>\nL\u1ef1c \u00e9p 8 t\u1ea5n.<br \/>\n\u1ed0ng d\u00e2y: 8.5 mm \u0111\u1ebfn 17mm.<br \/>\nK\u00edch th\u01b0\u1edbc: 37 x 18 x 10 cm.<br \/>\nTr\u1ecdng l\u01b0\u1ee3ng: 13 kg.<br \/>\nCon \u0111\u1ed9i th\u1ee7y l\u1ef1c ti\u00eau chu\u1ea9n USA.<br \/>\nT\u01b0\u01a1ng th\u00edch t\u1ea5t c\u1ea3 c\u00e1c \u0111\u1ea7u cost tr\u00ean th\u1ecb tr\u01b0\u1eddng.<\/p>\n<p><a href=\"https:\/\/maybommini.com\/wp-content\/uploads\/2018\/04\/may-bam-ong-thuy-luc-8-tan.jpg\" target=\"_blank\" rel=\"noopener\"><img decoding=\"async\" class=\"size-full wp-image-263935 aligncenter\" src=\"https:\/\/maybommini.com\/wp-content\/uploads\/2018\/04\/may-bam-ong-thuy-luc-8-tan.jpg\" alt=\"May Bam Ong Thuy Luc 8 Tan\" width=\"750\" height=\"750\" srcset=\"https:\/\/maybommini.vn\/wp-content\/uploads\/2018\/04\/may-bam-ong-thuy-luc-8-tan.jpg 750w, https:\/\/maybommini.vn\/wp-content\/uploads\/2018\/04\/may-bam-ong-thuy-luc-8-tan-300x300.jpg 300w, https:\/\/maybommini.vn\/wp-content\/uploads\/2018\/04\/may-bam-ong-thuy-luc-8-tan-150x150.jpg 150w, https:\/\/maybommini.vn\/wp-content\/uploads\/2018\/04\/may-bam-ong-thuy-luc-8-tan-600x600.jpg 600w\" sizes=\"(max-width: 750px) 100vw, 750px\" \/><\/a> <a href=\"https:\/\/maybommini.com\/wp-content\/uploads\/2018\/04\/may-bam-ong-rua-xe-ap-luc-cao-8-tan.jpg\" target=\"_blank\" rel=\"noopener\"><img decoding=\"async\" class=\"size-full wp-image-263934 aligncenter\" src=\"https:\/\/maybommini.com\/wp-content\/uploads\/2018\/04\/may-bam-ong-rua-xe-ap-luc-cao-8-tan.jpg\" alt=\"May Bam Ong Rua Xe Ap Luc Cao 8 Tan\" width=\"750\" height=\"750\" srcset=\"https:\/\/maybommini.vn\/wp-content\/uploads\/2018\/04\/may-bam-ong-rua-xe-ap-luc-cao-8-tan.jpg 750w, https:\/\/maybommini.vn\/wp-content\/uploads\/2018\/04\/may-bam-ong-rua-xe-ap-luc-cao-8-tan-300x300.jpg 300w, https:\/\/maybommini.vn\/wp-content\/uploads\/2018\/04\/may-bam-ong-rua-xe-ap-luc-cao-8-tan-150x150.jpg 150w, https:\/\/maybommini.vn\/wp-content\/uploads\/2018\/04\/may-bam-ong-rua-xe-ap-luc-cao-8-tan-600x600.jpg 600w\" sizes=\"(max-width: 750px) 100vw, 750px\" \/><\/a> <a href=\"https:\/\/maybommini.com\/wp-content\/uploads\/2018\/04\/may-bam-thuy-luc.jpg\" target=\"_blank\" rel=\"noopener\"><img decoding=\"async\" class=\"size-full wp-image-263937 aligncenter\" src=\"https:\/\/maybommini.com\/wp-content\/uploads\/2018\/04\/may-bam-thuy-luc.jpg\" alt=\"May Bam Thuy Luc\" width=\"750\" height=\"750\" srcset=\"https:\/\/maybommini.vn\/wp-content\/uploads\/2018\/04\/may-bam-thuy-luc.jpg 750w, https:\/\/maybommini.vn\/wp-content\/uploads\/2018\/04\/may-bam-thuy-luc-300x300.jpg 300w, https:\/\/maybommini.vn\/wp-content\/uploads\/2018\/04\/may-bam-thuy-luc-150x150.jpg 150w, https:\/\/maybommini.vn\/wp-content\/uploads\/2018\/04\/may-bam-thuy-luc-600x600.jpg 600w\" sizes=\"(max-width: 750px) 100vw, 750px\" \/><\/a> <a href=\"https:\/\/maybommini.com\/wp-content\/uploads\/2018\/04\/May-bam-ddau-cost.jpg\" target=\"_blank\" rel=\"noopener\"><img decoding=\"async\" class=\"size-full wp-image-263933 aligncenter\" src=\"https:\/\/maybommini.com\/wp-content\/uploads\/2018\/04\/May-bam-ddau-cost.jpg\" alt=\"May Bam Ddau Cost\" width=\"750\" height=\"750\" srcset=\"https:\/\/maybommini.vn\/wp-content\/uploads\/2018\/04\/May-bam-ddau-cost.jpg 750w, https:\/\/maybommini.vn\/wp-content\/uploads\/2018\/04\/May-bam-ddau-cost-300x300.jpg 300w, https:\/\/maybommini.vn\/wp-content\/uploads\/2018\/04\/May-bam-ddau-cost-150x150.jpg 150w, https:\/\/maybommini.vn\/wp-content\/uploads\/2018\/04\/May-bam-ddau-cost-600x600.jpg 600w\" sizes=\"(max-width: 750px) 100vw, 750px\" \/><\/a> <a href=\"https:\/\/maybommini.com\/wp-content\/uploads\/2018\/04\/nha-cung-cap-may-bam-ong-thuy-luc.jpg\" target=\"_blank\" rel=\"noopener\"><img decoding=\"async\" class=\"size-full wp-image-263927 aligncenter\" src=\"https:\/\/maybommini.com\/wp-content\/uploads\/2018\/04\/nha-cung-cap-may-bam-ong-thuy-luc.jpg\" alt=\"Nha Cung Cap May Bam Ong Thuy Luc\" width=\"750\" height=\"750\" srcset=\"https:\/\/maybommini.vn\/wp-content\/uploads\/2018\/04\/nha-cung-cap-may-bam-ong-thuy-luc.jpg 750w, https:\/\/maybommini.vn\/wp-content\/uploads\/2018\/04\/nha-cung-cap-may-bam-ong-thuy-luc-300x300.jpg 300w, https:\/\/maybommini.vn\/wp-content\/uploads\/2018\/04\/nha-cung-cap-may-bam-ong-thuy-luc-150x150.jpg 150w, https:\/\/maybommini.vn\/wp-content\/uploads\/2018\/04\/nha-cung-cap-may-bam-ong-thuy-luc-600x600.jpg 600w\" sizes=\"(max-width: 750px) 100vw, 750px\" \/><\/a><\/p>\n<p><strong>H\u01af\u1edaNG D\u1eaaN S\u1eec D\u1ee4NG M\u00c1Y B\u1ea4M \u0110\u1ea6U COST TH\u1ee6Y L\u1ef0C<\/strong><br \/>\nM\u00e1y s\u1eed d\u1ee5ng \u0111\u01a1n gi\u1ea3n l\u1ef1c t\u1eeb tay c\u1ea7m t\u1ea1o ra \u0111\u1ec3 \u00e9p \u0111\u1ea7u \u1ed1ng k\u1ebft ch\u1eb7c v\u1edbi nhau.<br \/>\nM\u00e1y b\u1ea5m \u1ed1ng \u0111\u00f9ng con \u0111\u1ed9i th\u1ee7y l\u1ef1c t\u1ea1o ra l\u1ef1c b\u1ea5m \u1ed1ng.<\/p>\n<p><a href=\"https:\/\/maybommini.com\/wp-content\/uploads\/2018\/04\/cach-su-dung-may-bam-thuy-luc.jpg\" target=\"_blank\" rel=\"noopener\"><img decoding=\"async\" class=\"size-full wp-image-263931 aligncenter\" src=\"https:\/\/maybommini.com\/wp-content\/uploads\/2018\/04\/cach-su-dung-may-bam-thuy-luc.jpg\" alt=\"Cach Su Dung May Bam Thuy Luc\" width=\"750\" height=\"750\" srcset=\"https:\/\/maybommini.vn\/wp-content\/uploads\/2018\/04\/cach-su-dung-may-bam-thuy-luc.jpg 750w, https:\/\/maybommini.vn\/wp-content\/uploads\/2018\/04\/cach-su-dung-may-bam-thuy-luc-300x300.jpg 300w, https:\/\/maybommini.vn\/wp-content\/uploads\/2018\/04\/cach-su-dung-may-bam-thuy-luc-150x150.jpg 150w, https:\/\/maybommini.vn\/wp-content\/uploads\/2018\/04\/cach-su-dung-may-bam-thuy-luc-600x600.jpg 600w\" sizes=\"(max-width: 750px) 100vw, 750px\" \/><\/a> <a href=\"https:\/\/maybommini.com\/wp-content\/uploads\/2018\/04\/May-bam-ong-thuy-luc-Con-Trau-Cay-8-tan.jpg\" target=\"_blank\" rel=\"noopener\"><img decoding=\"async\" class=\"size-full wp-image-263936 aligncenter\" src=\"https:\/\/maybommini.com\/wp-content\/uploads\/2018\/04\/May-bam-ong-thuy-luc-Con-Trau-Cay-8-tan.jpg\" alt=\"May Bam Ong Thuy Luc Con Trau Cay 8 Tan\" width=\"750\" height=\"750\" srcset=\"https:\/\/maybommini.vn\/wp-content\/uploads\/2018\/04\/May-bam-ong-thuy-luc-Con-Trau-Cay-8-tan.jpg 750w, https:\/\/maybommini.vn\/wp-content\/uploads\/2018\/04\/May-bam-ong-thuy-luc-Con-Trau-Cay-8-tan-300x300.jpg 300w, https:\/\/maybommini.vn\/wp-content\/uploads\/2018\/04\/May-bam-ong-thuy-luc-Con-Trau-Cay-8-tan-150x150.jpg 150w, https:\/\/maybommini.vn\/wp-content\/uploads\/2018\/04\/May-bam-ong-thuy-luc-Con-Trau-Cay-8-tan-600x600.jpg 600w\" sizes=\"(max-width: 750px) 100vw, 750px\" \/><\/a> <a href=\"https:\/\/maybommini.com\/wp-content\/uploads\/2018\/04\/cach-bam-dau-cost-ong-day-ap-luc.jpg\" target=\"_blank\" rel=\"noopener\"><img decoding=\"async\" class=\"size-full wp-image-263930 aligncenter\" src=\"https:\/\/maybommini.com\/wp-content\/uploads\/2018\/04\/cach-bam-dau-cost-ong-day-ap-luc.jpg\" alt=\"Cach Bam Dau Cost Ong Day Ap Luc\" width=\"750\" height=\"750\" srcset=\"https:\/\/maybommini.vn\/wp-content\/uploads\/2018\/04\/cach-bam-dau-cost-ong-day-ap-luc.jpg 750w, https:\/\/maybommini.vn\/wp-content\/uploads\/2018\/04\/cach-bam-dau-cost-ong-day-ap-luc-300x300.jpg 300w, https:\/\/maybommini.vn\/wp-content\/uploads\/2018\/04\/cach-bam-dau-cost-ong-day-ap-luc-150x150.jpg 150w, https:\/\/maybommini.vn\/wp-content\/uploads\/2018\/04\/cach-bam-dau-cost-ong-day-ap-luc-600x600.jpg 600w\" sizes=\"(max-width: 750px) 100vw, 750px\" \/><\/a> <a href=\"https:\/\/maybommini.com\/wp-content\/uploads\/2018\/04\/cach-bam-dau-cost.jpg\" target=\"_blank\" rel=\"noopener\"><img decoding=\"async\" class=\"size-full wp-image-263929 aligncenter\" src=\"https:\/\/maybommini.com\/wp-content\/uploads\/2018\/04\/cach-bam-dau-cost.jpg\" alt=\"Cach Bam Dau Cost\" width=\"750\" height=\"750\" srcset=\"https:\/\/maybommini.vn\/wp-content\/uploads\/2018\/04\/cach-bam-dau-cost.jpg 750w, https:\/\/maybommini.vn\/wp-content\/uploads\/2018\/04\/cach-bam-dau-cost-300x300.jpg 300w, https:\/\/maybommini.vn\/wp-content\/uploads\/2018\/04\/cach-bam-dau-cost-150x150.jpg 150w, https:\/\/maybommini.vn\/wp-content\/uploads\/2018\/04\/cach-bam-dau-cost-600x600.jpg 600w\" sizes=\"(max-width: 750px) 100vw, 750px\" \/><\/a><\/p>\n<p><strong>\u1ee8NG D\u1ee4NG M\u00c1Y B\u1ea4M \u1ed0NG TH\u1ee6Y L\u1ef0C<\/strong><br \/>\nD\u00f9ng cho c\u00e1c lo\u1ea1i \u1ed1ng t\u1eeb 8.5mm \u0111\u1ebfn 17mm.<br \/>\nB\u1ea5m \u1ed1ng th\u1ee7y l\u1ef1c m\u00e1y r\u1eeda xe \u00e1p l\u1ef1c cao.<br \/>\n\u1ed0ng \u1ed1ng phun thu\u1ed1c tr\u1eeb s\u00e2u.<br \/>\nB\u1ea5u \u0111\u1ea7u cost \u1ed1ng h\u01a1i kh\u00ed n\u00e9n.<br \/>\nB\u1ea5m \u0111\u1ea7u r\u0103ng \u1ed1ng \u00e1p l\u1ef1c cao.<br \/>\nM\u00e1y b\u1ea5m \u0111\u1ea7u cost \u1ed1ng n\u01b0\u1edbc \u1ed1ng \u00e1p l\u1ef1c.<\/p>\n<p><a href=\"https:\/\/maybommini.com\/wp-content\/uploads\/2018\/04\/su-dung-may-bam-thuy-luc-8-tan.jpg\" target=\"_blank\" rel=\"noopener\"><img decoding=\"async\" class=\"size-full wp-image-263928 aligncenter\" src=\"https:\/\/maybommini.com\/wp-content\/uploads\/2018\/04\/su-dung-may-bam-thuy-luc-8-tan.jpg\" alt=\"Su Dung May Bam Thuy Luc 8 Tan\" width=\"750\" height=\"750\" srcset=\"https:\/\/maybommini.vn\/wp-content\/uploads\/2018\/04\/su-dung-may-bam-thuy-luc-8-tan.jpg 750w, https:\/\/maybommini.vn\/wp-content\/uploads\/2018\/04\/su-dung-may-bam-thuy-luc-8-tan-300x300.jpg 300w, https:\/\/maybommini.vn\/wp-content\/uploads\/2018\/04\/su-dung-may-bam-thuy-luc-8-tan-150x150.jpg 150w, https:\/\/maybommini.vn\/wp-content\/uploads\/2018\/04\/su-dung-may-bam-thuy-luc-8-tan-600x600.jpg 600w\" sizes=\"(max-width: 750px) 100vw, 750px\" \/><\/a><\/p>\n<p><strong>CTY TNHH TH\u01af\u01a0NG M\u1ea0I D\u1ecaCH V\u1ee4 \u0110I\u1ec6N M\u00c1Y TH\u00d4NG MINH<\/strong><br \/>\n<strong>Hotline:<\/strong> 0907294310 &#8211; 02873030399<br \/>\n<strong>Email:<\/strong> maybommini.com@gmail.com<br \/>\n<strong>Website:<\/strong> http:\/\/maybommini.com<br \/>\n<strong>Facebook:<\/strong> <a href=\"https:\/\/www.facebook.com\/maybommini\" target=\"_blank\" rel=\"noopener noreferrer\">https:\/\/www.facebook.com\/maybommini<\/a><br \/>\n<strong>Google:<\/strong> <a href=\"https:\/\/plus.google.com\/ Maybomnuocminiruaxe\" target=\"_blank\" rel=\"noopener noreferrer\">https:\/\/plus.google.com\/ Maybomnuocminiruaxe<\/a><br \/>\n<strong>Youtube demo:<\/strong> <a href=\"https:\/\/www.youtube.com\/bahamasali\" target=\"_blank\" rel=\"noopener noreferrer\">https:\/\/www.youtube.com\/bahamasali<\/a><\/p>\n<h3 style=\"text-align: center;\"><a href=\"https:\/\/maybommini.com\/san-pham\/may-bam-dau-ong-ap-luc-cao-thuy-luc-8mm-den-18mm-3-tan\" target=\"_blank\" rel=\"noopener noreferrer\">M\u00e1y b\u1ea5m \u0111\u1ea7u \u1ed1ng \u00e1p l\u1ef1c cao thu\u1ef7 l\u1ef1c 8mm \u0111\u1ebfn 13mm 3 t\u1ea5n<\/a><br \/>\n<a title=\"M\u00e1y b\u1ea5m \u0111\u1ea7u \u1ed1ng \u00e1p l\u1ef1c cao 8mm \u0111\u1ebfn 14mm 6 t\u1ea5n\" href=\"https:\/\/maybommini.com\/san-pham\/may-bam-dau-ong-ap-luc-cao-8mm-den-20mm\" target=\"_blank\" rel=\"noopener\">M\u00e1y B\u1ea5m \u0110\u1ea7u \u1ed0ng \u00c1p L\u1ef1c Cao 8mm \u0110\u1ebfn 14mm 6 T\u1ea5n<\/a><br \/>\n<a title=\"M\u00e1y b\u1ea5m \u0111\u1ea7u \u1ed1ng \u00e1p l\u1ef1c cao 8mm \u2013 32mm Piton 12 t\u1ea5n\" href=\"https:\/\/maybommini.com\/san-pham\/may-bam-dau-ong-ap-luc-cao-8mm-32mm-piton-12-tan\" target=\"_blank\" rel=\"noopener\">M\u00e1y B\u1ea5m \u0110\u1ea7u \u1ed0ng \u00c1p L\u1ef1c Cao 8mm \u2013 32mm Piton 12 T\u1ea5n<\/a><br \/>\n<a title=\"M\u00e1y b\u1ea5m \u0111\u1ea7u \u1ed1ng \u00e1p l\u1ef1c cao quay tay\" href=\"https:\/\/maybommini.com\/san-pham\/may-bam-dau-ong-ap-luc-cao-quay-tay\" target=\"_blank\" rel=\"noopener\">M\u00e1y B\u1ea5m \u0110\u1ea7u \u1ed0ng \u00c1p L\u1ef1c Cao Quay Tay<\/a><\/h3>\n<p><img decoding=\"async\" class=\"size-full wp-image-247125 aligncenter\" src=\"https:\/\/maybommini.com\/wp-content\/uploads\/2016\/11\/bam-dau-day-ap-luc-cao.jpg\" alt=\"bam-dau-day-ap-luc-cao\" width=\"1024\" height=\"1110\" srcset=\"https:\/\/maybommini.vn\/wp-content\/uploads\/2016\/11\/bam-dau-day-ap-luc-cao.jpg 1024w, https:\/\/maybommini.vn\/wp-content\/uploads\/2016\/11\/bam-dau-day-ap-luc-cao-600x650.jpg 600w, https:\/\/maybommini.vn\/wp-content\/uploads\/2016\/11\/bam-dau-day-ap-luc-cao-277x300.jpg 277w, https:\/\/maybommini.vn\/wp-content\/uploads\/2016\/11\/bam-dau-day-ap-luc-cao-768x833.jpg 768w, https:\/\/maybommini.vn\/wp-content\/uploads\/2016\/11\/bam-dau-day-ap-luc-cao-945x1024.jpg 945w\" sizes=\"(max-width: 1024px) 100vw, 1024px\" \/><\/p>\n<p style=\"text-align: center;\"><img decoding=\"async\" class=\"size-full wp-image-247126 aligncenter\" src=\"https:\/\/maybommini.com\/wp-content\/uploads\/2016\/11\/bam-day-rua-xe-ap-luc.jpg\" alt=\"bam-day-rua-xe-ap-luc\" width=\"1024\" height=\"618\" srcset=\"https:\/\/maybommini.vn\/wp-content\/uploads\/2016\/11\/bam-day-rua-xe-ap-luc.jpg 1024w, https:\/\/maybommini.vn\/wp-content\/uploads\/2016\/11\/bam-day-rua-xe-ap-luc-600x362.jpg 600w, https:\/\/maybommini.vn\/wp-content\/uploads\/2016\/11\/bam-day-rua-xe-ap-luc-300x181.jpg 300w, https:\/\/maybommini.vn\/wp-content\/uploads\/2016\/11\/bam-day-rua-xe-ap-luc-768x464.jpg 768w\" sizes=\"(max-width: 1024px) 100vw, 1024px\" \/><\/p>\n<p><img decoding=\"async\" class=\"size-full wp-image-247135 aligncenter\" src=\"https:\/\/maybommini.com\/wp-content\/uploads\/2016\/11\/ong-ap-luc-cao-rua-xe.jpg\" alt=\"ong-ap-luc-cao-rua-xe\" width=\"800\" height=\"800\" srcset=\"https:\/\/maybommini.vn\/wp-content\/uploads\/2016\/11\/ong-ap-luc-cao-rua-xe.jpg 800w, https:\/\/maybommini.vn\/wp-content\/uploads\/2016\/11\/ong-ap-luc-cao-rua-xe-300x300.jpg 300w, https:\/\/maybommini.vn\/wp-content\/uploads\/2016\/11\/ong-ap-luc-cao-rua-xe-600x600.jpg 600w, https:\/\/maybommini.vn\/wp-content\/uploads\/2016\/11\/ong-ap-luc-cao-rua-xe-150x150.jpg 150w, https:\/\/maybommini.vn\/wp-content\/uploads\/2016\/11\/ong-ap-luc-cao-rua-xe-768x768.jpg 768w\" sizes=\"(max-width: 800px) 100vw, 800px\" \/><\/p>\n<p><a href=\"http:\/\/maybommini.com\/wp-content\/uploads\/2016\/06\/dau-ong-ap-luc-cao.jpg\" rel=\"attachment wp-att-245333 noopener\" target=\"_blank\"><img decoding=\"async\" class=\" wp-image-245333 aligncenter\" src=\"http:\/\/maybommini.com\/wp-content\/uploads\/2016\/06\/dau-ong-ap-luc-cao.jpg\" alt=\"dau-ong-ap-luc-cao\" width=\"796\" height=\"462\" srcset=\"https:\/\/maybommini.vn\/wp-content\/uploads\/2016\/06\/dau-ong-ap-luc-cao.jpg 673w, https:\/\/maybommini.vn\/wp-content\/uploads\/2016\/06\/dau-ong-ap-luc-cao-600x349.jpg 600w, https:\/\/maybommini.vn\/wp-content\/uploads\/2016\/06\/dau-ong-ap-luc-cao-300x174.jpg 300w\" sizes=\"(max-width: 796px) 100vw, 796px\" \/><\/a><\/p>\n<p><img decoding=\"async\" class=\"size-full wp-image-247133 aligncenter\" src=\"https:\/\/maybommini.com\/wp-content\/uploads\/2016\/11\/may-bam-ong-thuy-luc.jpg\" alt=\"may-bam-ong-thuy-luc\" width=\"1024\" height=\"576\" srcset=\"https:\/\/maybommini.vn\/wp-content\/uploads\/2016\/11\/may-bam-ong-thuy-luc.jpg 1024w, https:\/\/maybommini.vn\/wp-content\/uploads\/2016\/11\/may-bam-ong-thuy-luc-600x338.jpg 600w, https:\/\/maybommini.vn\/wp-content\/uploads\/2016\/11\/may-bam-ong-thuy-luc-300x169.jpg 300w, https:\/\/maybommini.vn\/wp-content\/uploads\/2016\/11\/may-bam-ong-thuy-luc-768x432.jpg 768w\" sizes=\"(max-width: 1024px) 100vw, 1024px\" \/><\/p>\n<p><img decoding=\"async\" class=\"size-full wp-image-247129 aligncenter\" src=\"https:\/\/maybommini.com\/wp-content\/uploads\/2016\/11\/bam-ong-thuy-luc.jpg\" alt=\"bam-ong-thuy-luc\" width=\"1024\" height=\"1432\" srcset=\"https:\/\/maybommini.vn\/wp-content\/uploads\/2016\/11\/bam-ong-thuy-luc.jpg 1024w, https:\/\/maybommini.vn\/wp-content\/uploads\/2016\/11\/bam-ong-thuy-luc-600x839.jpg 600w, https:\/\/maybommini.vn\/wp-content\/uploads\/2016\/11\/bam-ong-thuy-luc-215x300.jpg 215w, https:\/\/maybommini.vn\/wp-content\/uploads\/2016\/11\/bam-ong-thuy-luc-768x1074.jpg 768w, https:\/\/maybommini.vn\/wp-content\/uploads\/2016\/11\/bam-ong-thuy-luc-732x1024.jpg 732w\" sizes=\"(max-width: 1024px) 100vw, 1024px\" \/><br \/>\n<img decoding=\"async\" class=\"size-full wp-image-247128 aligncenter\" src=\"https:\/\/maybommini.com\/wp-content\/uploads\/2016\/11\/bam-ong-rua-xe-ap-luc-cao.jpg\" alt=\"bam-ong-rua-xe-ap-luc-cao\" width=\"1024\" height=\"613\" srcset=\"https:\/\/maybommini.vn\/wp-content\/uploads\/2016\/11\/bam-ong-rua-xe-ap-luc-cao.jpg 1024w, https:\/\/maybommini.vn\/wp-content\/uploads\/2016\/11\/bam-ong-rua-xe-ap-luc-cao-600x359.jpg 600w, https:\/\/maybommini.vn\/wp-content\/uploads\/2016\/11\/bam-ong-rua-xe-ap-luc-cao-300x180.jpg 300w, https:\/\/maybommini.vn\/wp-content\/uploads\/2016\/11\/bam-ong-rua-xe-ap-luc-cao-768x460.jpg 768w\" sizes=\"(max-width: 1024px) 100vw, 1024px\" \/><\/p>\n<p><a href=\"https:\/\/maybommini.com\/wp-content\/uploads\/2018\/04\/may-bam-ong-ap-luc-2-1.jpg\" target=\"_blank\" rel=\"noopener\"><img decoding=\"async\" class=\"size-full wp-image-258459 aligncenter\" src=\"https:\/\/maybommini.com\/wp-content\/uploads\/2018\/04\/may-bam-ong-ap-luc-2-1.jpg\" alt=\"May Bam Ong Ap Luc 2\" width=\"750\" height=\"750\" srcset=\"https:\/\/maybommini.vn\/wp-content\/uploads\/2018\/04\/may-bam-ong-ap-luc-2-1.jpg 750w, https:\/\/maybommini.vn\/wp-content\/uploads\/2018\/04\/may-bam-ong-ap-luc-2-1-300x300.jpg 300w, https:\/\/maybommini.vn\/wp-content\/uploads\/2018\/04\/may-bam-ong-ap-luc-2-1-150x150.jpg 150w, https:\/\/maybommini.vn\/wp-content\/uploads\/2018\/04\/may-bam-ong-ap-luc-2-1-600x600.jpg 600w\" sizes=\"(max-width: 750px) 100vw, 750px\" \/><\/a><\/p>\n","protected":false},"excerpt":{"rendered":"<p>Model: MBTL-8-TAN<br \/>\nCh\u1ea5t li\u1ec7u: Th\u00e9p &#8211; \u0110\u1ed3ng<br \/>\nL\u1ef1c \u00e9p 8 t\u1ea5n.<br \/>\n\u1ed0ng d\u00e2y: 8.5 mm \u0111\u1ebfn 17mm.<br \/>\nK\u00edch th\u01b0\u1edbc: 37 x 18 x 10 cm.<br \/>\nTr\u1ecdng l\u01b0\u1ee3ng: 13 kg.<br \/>\nCon \u0111\u1ed9i th\u1ee7y l\u1ef1c ti\u00eau chu\u1ea9n USA.<br \/>\nT\u01b0\u01a1ng th\u00edch t\u1ea5t c\u1ea3 c\u00e1c \u0111\u1ea7u cost tr\u00ean th\u1ecb tr\u01b0\u1eddng.<br \/>\nB\u1ea3o h\u00e0nh: 1 th\u00e1ng<br \/>\nPh\u00e2n ph\u1ed1i: Maybommini.com<br \/>\nH\u00f4\u0309 tr\u01a1\u0323 ky\u0303 thu\u00e2\u0323t vi\u0303nh vi\u00ea\u0303n.<br \/>\n<strong>T\u01af V\u1ea4N K\u1ef8 THU\u1eacT \u2013 MUA H\u00c0NG<br \/>\nMUA S\u1ed0 L\u01af\u1ee2NG C\u00d3 GI\u00c1 S\u1ec8<\/strong><br \/>\n0908997823 \u2013 0908997872<br \/>\n0907294310 \u2013 02873030399<\/p>\n","protected":false},"featured_media":263932,"comment_status":"open","ping_status":"closed","template":"","meta":[],"product_brand":[2227],"product_cat":[2897,317],"product_tag":[751,752,753,903,3110,754,755,756,757,2037,758,759,760,904],"class_list":{"0":"post-256459","1":"product","2":"type-product","3":"status-publish","4":"has-post-thumbnail","6":"product_brand-mtm","7":"product_cat-bam-ong-ap-luc","8":"product_cat-thiet-bi-dung-cu","9":"product_tag-bam-cost","10":"product_tag-bam-ong","11":"product_tag-bam-ong-day","12":"product_tag-con-doi","13":"product_tag-con-trau-cay","14":"product_tag-cost","15":"product_tag-dau-bam-ong","16":"product_tag-may-bam","17":"product_tag-may-bam-ong","18":"product_tag-may-bam-ong-thuy-luc","19":"product_tag-may-ep-ap-luc","20":"product_tag-ong-ap-luc","21":"product_tag-ong-ap-luc-cao","22":"product_tag-thuy-luc","24":"first","25":"instock","26":"sale","27":"shipping-taxable","28":"purchasable","29":"product-type-simple"},"_links":{"self":[{"href":"https:\/\/maybommini.vn\/index.php?rest_route=\/wp\/v2\/product\/256459","targetHints":{"allow":["GET"]}}],"collection":[{"href":"https:\/\/maybommini.vn\/index.php?rest_route=\/wp\/v2\/product"}],"about":[{"href":"https:\/\/maybommini.vn\/index.php?rest_route=\/wp\/v2\/types\/product"}],"replies":[{"embeddable":true,"href":"https:\/\/maybommini.vn\/index.php?rest_route=%2Fwp%2Fv2%2Fcomments&post=256459"}],"wp:featuredmedia":[{"embeddable":true,"href":"https:\/\/maybommini.vn\/index.php?rest_route=\/wp\/v2\/media\/263932"}],"wp:attachment":[{"href":"https:\/\/maybommini.vn\/index.php?rest_route=%2Fwp%2Fv2%2Fmedia&parent=256459"}],"wp:term":[{"taxonomy":"product_brand","embeddable":true,"href":"https:\/\/maybommini.vn\/index.php?rest_route=%2Fwp%2Fv2%2Fproduct_brand&post=256459"},{"taxonomy":"product_cat","embeddable":true,"href":"https:\/\/maybommini.vn\/index.php?rest_route=%2Fwp%2Fv2%2Fproduct_cat&post=256459"},{"taxonomy":"product_tag","embeddable":true,"href":"https:\/\/maybommini.vn\/index.php?rest_route=%2Fwp%2Fv2%2Fproduct_tag&post=256459"}],"curies":[{"name":"wp","href":"https:\/\/api.w.org\/{rel}","templated":true}]}}