{"id":256461,"date":"2018-04-12T19:33:59","date_gmt":"2018-04-12T12:33:59","guid":{"rendered":"https:\/\/maybommini.com\/san-pham\/import-placeholder-for-252730"},"modified":"2018-05-13T23:47:00","modified_gmt":"2018-05-13T16:47:00","slug":"bec-phun-thuoc-tru-sau-4-lo","status":"publish","type":"product","link":"https:\/\/maybommini.vn\/?product=bec-phun-thuoc-tru-sau-4-lo","title":{"rendered":"B\u00e9c phun thu\u1ed1c tr\u1eeb s\u00e2u 4 l\u1ed5"},"content":{"rendered":"<p><strong>B\u00e9c x\u1ecbt thu\u1ed1c tr\u1eeb s\u00e2u 4 l\u1ed5 ch\u1ed1ng r\u1ec9 s\u00e9t s\u1eeda d\u1ee5ng t\u1ed1t \u0111\u1ec3 phun x\u1ecbt thu\u1ed1c tr\u1eeb s\u00e2u, t\u01b0\u1edbi c\u00e2y, phun x\u1ecbt t\u01b0\u1edbi lan, hoa. D\u00f9ng t\u1ed1t v\u1edbi c\u00e1c lo\u1ea1i m\u00e1y b\u01a1m \u00e1p l\u1ef1c mini 12v 24v \u0111\u1ec3 phun x\u1ecbt. Ho\u1eb7c c\u00f3 th\u1ec3 d\u00f9ng cho c\u00e1c m\u00e1y phun thu\u1ed1c \u00e1p l\u1ef1c cao c\u00f4ng su\u1ea5t l\u1edbn r\u1ea5t t\u1ed1t.<\/strong><\/p>\n<p><img decoding=\"async\" class=\"size-full wp-image-247146 aligncenter\" src=\"https:\/\/maybommini.com\/wp-content\/uploads\/2016\/11\/bec-phun-thuoc-tru-sau.jpg\" alt=\"bec-phun-thuoc-tru-sau\" width=\"1024\" height=\"587\" srcset=\"https:\/\/maybommini.vn\/wp-content\/uploads\/2016\/11\/bec-phun-thuoc-tru-sau.jpg 1024w, https:\/\/maybommini.vn\/wp-content\/uploads\/2016\/11\/bec-phun-thuoc-tru-sau-600x344.jpg 600w, https:\/\/maybommini.vn\/wp-content\/uploads\/2016\/11\/bec-phun-thuoc-tru-sau-300x172.jpg 300w, https:\/\/maybommini.vn\/wp-content\/uploads\/2016\/11\/bec-phun-thuoc-tru-sau-768x440.jpg 768w\" sizes=\"(max-width: 1024px) 100vw, 1024px\" \/><\/p>\n<p><strong>TH\u00d4NG S\u1ed0 K\u1ef8 THU\u1eacT<\/strong><br \/>\nCh\u1ea5t li\u1ec7u: \u0110\u1ed3ng<br \/>\nL\u1ed5 phun: 4<br \/>\nRen trong: 13 mm<br \/>\n\u0110i\u1ec1u ch\u1ec9nh tia phun<br \/>\nS\u1ea3n xu\u1ea5t: Taiwan<\/p>\n<p><img decoding=\"async\" class=\"size-full wp-image-247148 aligncenter\" src=\"https:\/\/maybommini.com\/wp-content\/uploads\/2016\/11\/bec-tru-sau.jpg\" alt=\"bec-tru-sau\" width=\"1024\" height=\"639\" srcset=\"https:\/\/maybommini.vn\/wp-content\/uploads\/2016\/11\/bec-tru-sau.jpg 1024w, https:\/\/maybommini.vn\/wp-content\/uploads\/2016\/11\/bec-tru-sau-600x374.jpg 600w, https:\/\/maybommini.vn\/wp-content\/uploads\/2016\/11\/bec-tru-sau-300x187.jpg 300w, https:\/\/maybommini.vn\/wp-content\/uploads\/2016\/11\/bec-tru-sau-768x479.jpg 768w\" sizes=\"(max-width: 1024px) 100vw, 1024px\" \/><\/p>\n<p><strong>\u1ee8NG D\u1ee4NG B\u00c9C PHUN THU\u1ed0C TR\u1eea S\u00c2U 4 L\u1ed4<\/strong><br \/>\n&#8211; D\u00f9ng phun thu\u1ed1c tr\u1eeb s\u00e2u.<br \/>\n&#8211; D\u00f9ng phun h\u00f3a ch\u1ea5t.<br \/>\n&#8211; D\u00f9ng phun x\u1ecbt r\u1eeda \u00e1p l\u1ef1c.<br \/>\n&#8211; Phun thu\u1ed1c di\u1ec7t m\u1ed1i.<br \/>\n&#8211; S\u1eed d\u1ee5ng trong n\u00f4ng nghi\u1ec7p.<br \/>\n&#8211; S\u1eed d\u1ee5ng h\u1ec7 th\u1ed1ng phun l\u00e0m m\u00e1t.<br \/>\n&#8211; S\u1eed d\u1ee5ng phun h\u1ec7 th\u1ed1ng c\u00f4ng nghi\u1ec7p.<\/p>\n<p>C\u00f3 th\u1ec3 d\u00f9ng k\u1ebft h\u1ee3p v\u1edbi <a href=\"https:\/\/maybommini.com\/san-pham\/can-phun-xit-thuoc-tru-sau\" target=\"_blank\" rel=\"noopener\">B\u1ed9 c\u1ea7n phun thu\u1ed1c tr\u1eeb s\u1ea7u<\/a>.<\/p>\n<p><a href=\"http:\/\/maybommini.com\/wp-content\/uploads\/2016\/01\/phu-kien-phun-xit-thuoc-tru-sau.jpg\" rel=\"attachment wp-att-244533 noopener\" target=\"_blank\"><img decoding=\"async\" class=\"size-large wp-image-244533 aligncenter\" src=\"http:\/\/maybommini.com\/wp-content\/uploads\/2016\/01\/phu-kien-phun-xit-thuoc-tru-sau-1024x666.jpg\" alt=\"C\u1ea7n phun x\u1ecbt thu\u1ed1c tr\u1eeb s\u00e2u\" width=\"1024\" height=\"666\" srcset=\"https:\/\/maybommini.vn\/wp-content\/uploads\/2016\/01\/phu-kien-phun-xit-thuoc-tru-sau-1024x666.jpg 1024w, https:\/\/maybommini.vn\/wp-content\/uploads\/2016\/01\/phu-kien-phun-xit-thuoc-tru-sau-600x391.jpg 600w, https:\/\/maybommini.vn\/wp-content\/uploads\/2016\/01\/phu-kien-phun-xit-thuoc-tru-sau-300x195.jpg 300w, https:\/\/maybommini.vn\/wp-content\/uploads\/2016\/01\/phu-kien-phun-xit-thuoc-tru-sau-768x500.jpg 768w, https:\/\/maybommini.vn\/wp-content\/uploads\/2016\/01\/phu-kien-phun-xit-thuoc-tru-sau.jpg 1200w\" sizes=\"(max-width: 1024px) 100vw, 1024px\" \/><\/a><\/p>\n<p><img decoding=\"async\" class=\"size-full wp-image-247149 aligncenter\" src=\"https:\/\/maybommini.com\/wp-content\/uploads\/2016\/11\/dau-phun-thuoc-tru-sau.jpg\" alt=\"dau-phun-thuoc-tru-sau\" width=\"1024\" height=\"694\" srcset=\"https:\/\/maybommini.vn\/wp-content\/uploads\/2016\/11\/dau-phun-thuoc-tru-sau.jpg 1024w, https:\/\/maybommini.vn\/wp-content\/uploads\/2016\/11\/dau-phun-thuoc-tru-sau-600x407.jpg 600w, https:\/\/maybommini.vn\/wp-content\/uploads\/2016\/11\/dau-phun-thuoc-tru-sau-300x203.jpg 300w, https:\/\/maybommini.vn\/wp-content\/uploads\/2016\/11\/dau-phun-thuoc-tru-sau-768x521.jpg 768w\" sizes=\"(max-width: 1024px) 100vw, 1024px\" \/><\/p>\n<p><a href=\"https:\/\/maybommini.com\/wp-content\/uploads\/2018\/04\/bec-phun-thuoc-tru-sau-4-lo-1.jpg\" target=\"_blank\" rel=\"noopener\"><img decoding=\"async\" class=\"size-full wp-image-258470 aligncenter\" src=\"https:\/\/maybommini.com\/wp-content\/uploads\/2018\/04\/bec-phun-thuoc-tru-sau-4-lo-1.jpg\" alt=\"Bec Phun Thuoc Tru Sau 4 Lo\" width=\"750\" height=\"750\" srcset=\"https:\/\/maybommini.vn\/wp-content\/uploads\/2018\/04\/bec-phun-thuoc-tru-sau-4-lo-1.jpg 750w, https:\/\/maybommini.vn\/wp-content\/uploads\/2018\/04\/bec-phun-thuoc-tru-sau-4-lo-1-300x300.jpg 300w, https:\/\/maybommini.vn\/wp-content\/uploads\/2018\/04\/bec-phun-thuoc-tru-sau-4-lo-1-150x150.jpg 150w, https:\/\/maybommini.vn\/wp-content\/uploads\/2018\/04\/bec-phun-thuoc-tru-sau-4-lo-1-600x600.jpg 600w\" sizes=\"(max-width: 750px) 100vw, 750px\" \/><\/a><\/p>\n<p>Ch\u00fang t\u00f4i chuy\u00ean cung c\u1ea5p v\u00e0 ph\u00e2n pph\u1ed1i c\u00e1c thi\u1ebft b\u1ecb phun thu\u1ed1c tr\u1eeb s\u00e2u trong n\u00f4ng nghi\u1ec7p v\u00e0 h\u1ec7 th\u1ed1ng phun c\u00f4ng nghi\u1ec7p h\u00f3a ch\u1ea5t l\u00e0m m\u00e1t. C\u00e1c thi\u1ec7t b\u1ecb \u0111\u01b0\u1ee3c nh\u1eadp kh\u1ea9u v\u00e0 b\u1ea3o h\u00e0nh ch\u00ednh h\u00e3ng t\u1ea1i Vi\u1ec7t Nam c\u00f3 gi\u00e1 t\u1ed1t nh\u1ea5t.<\/p>\n<table style=\"height: 124px;\" width=\"640\">\n<tbody>\n<tr>\n<td><strong>CTY TNHH TH\u01af\u01a0NG M\u1ea0I D\u1ecaCH V\u1ee4\u00a0\u0110I\u1ec6N M\u00c1Y TH\u00d4NG MINH<\/strong><br \/>\n18Bis\/22 Nguy\u1ec5n Th\u1ecb Minh Khai, Ph\u01b0\u1eddng \u0110akao, Qu\u1eadn 1 , H\u1ed3 Ch\u00ed Minh.<br \/>\n<strong>HOTLINE<\/strong>: 090 729 4310<br \/>\n<strong>\u0110\u1ea0I L\u00dd C\u00c1C T\u1ec8NH:<\/strong> 090 729 4310<br \/>\n<strong>TT B\u1ea2O H\u00c0NH:<\/strong> 09888 080 70<\/td>\n<td><strong>Email :<\/strong> <a href=\"mailto:maybommini.com@gmail.com\" target=\"_blank\" rel=\"noopener\">maybommini.com@gmail.com<\/a><br \/>\n<strong>Website :<\/strong> <a href=\"http:\/\/maybommini.com\" target=\"_blank\" rel=\"noopener\">http:\/\/maybommini.com<\/a><br \/>\n<strong>Facebook :<\/strong> <a href=\"https:\/\/www.facebook.com\/maybommini\" target=\"_blank\" rel=\"noopener\">https:\/\/www.facebook.com\/maybommini<\/a><br \/>\n<strong>Google :<\/strong> <a href=\"https:\/\/plus.google.com\/ Maybomnuocminiruaxe\" target=\"_blank\" rel=\"noopener\">https:\/\/plus.google.com\/ Maybomnuocminiruaxe<\/a><br \/>\n<strong>Youtube demo :<\/strong> <a href=\"https:\/\/www.youtube.com\/bahamasali\" target=\"_blank\" rel=\"noopener\">https:\/\/www.youtube.com\/bahamasali<\/a><\/td>\n<\/tr>\n<\/tbody>\n<\/table>\n<h3 style=\"text-align: center;\">b\u00e9c phun thu\u1ed1c tr\u1eeb s\u00e2u<\/h3>\n","protected":false},"excerpt":{"rendered":"<p>Ch\u1ea5t li\u1ec7u: \u0110\u1ed3ng<br \/>\nL\u1ed5 phun: 4<br \/>\nRen trong: 13 mm<br \/>\n\u0110i\u1ec1u ch\u1ec9nh tia phun<br \/>\nS\u1ea3n xu\u1ea5t: Taiwan<br \/>\n\u0110\u1eb7t h\u00e0ng : 090 729 4310<\/p>\n","protected":false},"featured_media":258470,"comment_status":"open","ping_status":"closed","template":"","meta":[],"product_brand":[],"product_cat":[912],"product_tag":[267,232,913,498,914,330,915,331,207,916,917,363,918,332,333],"class_list":{"0":"post-256461","1":"product","2":"type-product","3":"status-publish","4":"has-post-thumbnail","6":"product_cat-bec-phun-thuoc-tuoi-cay","7":"product_tag-12v","8":"product_tag-bec","9":"product_tag-bec-phun-thuoc","10":"product_tag-bec-xit","11":"product_tag-bec-xit-thuoc","12":"product_tag-can","13":"product_tag-can-phun-thuoc","14":"product_tag-can-phun-xit-thuoc-tru-sau","15":"product_tag-may-bom-ap-luc","16":"product_tag-phun","17":"product_tag-phun-hoa-chat","18":"product_tag-phun-thuoc-tru-sau","19":"product_tag-thuoc-tru-sau","20":"product_tag-tru-sau","21":"product_tag-xit-thuoc","23":"first","24":"instock","25":"shipping-taxable","26":"purchasable","27":"product-type-simple"},"_links":{"self":[{"href":"https:\/\/maybommini.vn\/index.php?rest_route=\/wp\/v2\/product\/256461","targetHints":{"allow":["GET"]}}],"collection":[{"href":"https:\/\/maybommini.vn\/index.php?rest_route=\/wp\/v2\/product"}],"about":[{"href":"https:\/\/maybommini.vn\/index.php?rest_route=\/wp\/v2\/types\/product"}],"replies":[{"embeddable":true,"href":"https:\/\/maybommini.vn\/index.php?rest_route=%2Fwp%2Fv2%2Fcomments&post=256461"}],"wp:featuredmedia":[{"embeddable":true,"href":"https:\/\/maybommini.vn\/index.php?rest_route=\/wp\/v2\/media\/258470"}],"wp:attachment":[{"href":"https:\/\/maybommini.vn\/index.php?rest_route=%2Fwp%2Fv2%2Fmedia&parent=256461"}],"wp:term":[{"taxonomy":"product_brand","embeddable":true,"href":"https:\/\/maybommini.vn\/index.php?rest_route=%2Fwp%2Fv2%2Fproduct_brand&post=256461"},{"taxonomy":"product_cat","embeddable":true,"href":"https:\/\/maybommini.vn\/index.php?rest_route=%2Fwp%2Fv2%2Fproduct_cat&post=256461"},{"taxonomy":"product_tag","embeddable":true,"href":"https:\/\/maybommini.vn\/index.php?rest_route=%2Fwp%2Fv2%2Fproduct_tag&post=256461"}],"curies":[{"name":"wp","href":"https:\/\/api.w.org\/{rel}","templated":true}]}}