{"id":256464,"date":"2018-04-12T19:34:00","date_gmt":"2018-04-12T12:34:00","guid":{"rendered":"https:\/\/maybommini.com\/san-pham\/import-placeholder-for-252747"},"modified":"2025-03-06T11:56:04","modified_gmt":"2025-03-06T04:56:04","slug":"may-bom-chim-12v-sfbp1-g750-may-bom-tu-dong","status":"publish","type":"product","link":"https:\/\/maybommini.vn\/?product=may-bom-chim-12v-sfbp1-g750-may-bom-tu-dong","title":{"rendered":"M\u00e1y b\u01a1m ch\u00ecm 12V SFBP1 G750 &#8211; m\u00e1y b\u01a1m t\u1ef1 \u0111\u1ed9ng"},"content":{"rendered":"<p><strong>M\u00e1y b\u01a1m ch\u00ecm 12V SFBP1 G750 l\u00e0 lo\u1ea1i m\u00e1y b\u01a1m ch\u00ecm t\u1ef1 \u0111\u1ed9ng\u00a0chuy\u00ean d\u1ee5ng\u00a0\u0111\u1ec3 b\u01a1m ch\u1ea5t th\u1ea3i, n\u01b0\u1edbc th\u1ea3i, b\u01a1m n\u01b0\u1edbc tr\u00ean ghe t\u00e0u thuy\u1ec1n can\u00f4, b\u01a1m n\u01b0\u1edbc ng\u1eadp t\u1ef1 \u0111\u1ed9ng.\u00a0\u0110\u00e2y l\u00e0 lo\u1ea1i m\u00e1y b\u01a1m ch\u00ecm c\u00f3 c\u00f4ng su\u1ea5t kh\u00e1 l\u1edbn v\u00e0 l\u01b0u l\u01b0\u1ee3ng b\u01a1m m\u1ea1nh\u00a0\u0111\u1ea1t 750 Galon\/h m\u00e0 ch\u1ec9 d\u00f9ng ngu\u1ed3n 12V.<\/strong><\/p>\n<p><a href=\"https:\/\/maybommini.com\/wp-content\/uploads\/2018\/04\/may-bom-chim-tu-dong-12V.jpg\" target=\"_blank\" rel=\"noopener\"><img decoding=\"async\" class=\"size-full wp-image-258529 aligncenter\" src=\"https:\/\/maybommini.com\/wp-content\/uploads\/2018\/04\/may-bom-chim-tu-dong-12V.jpg\" alt=\"May Bom Chim Tu Dong 12V\" width=\"820\" height=\"820\" srcset=\"https:\/\/maybommini.vn\/wp-content\/uploads\/2018\/04\/may-bom-chim-tu-dong-12V.jpg 820w, https:\/\/maybommini.vn\/wp-content\/uploads\/2018\/04\/may-bom-chim-tu-dong-12V-300x300.jpg 300w, https:\/\/maybommini.vn\/wp-content\/uploads\/2018\/04\/may-bom-chim-tu-dong-12V-150x150.jpg 150w, https:\/\/maybommini.vn\/wp-content\/uploads\/2018\/04\/may-bom-chim-tu-dong-12V-600x600.jpg 600w\" sizes=\"(max-width: 820px) 100vw, 820px\" \/><\/a><\/p>\n<p><strong>TH\u00d4NG S\u1ed0 K\u1ef8 THU\u1eacT<\/strong><strong><br \/>\n<\/strong>Th\u01b0\u01a1ng hi\u1ec7u: Singflo<br \/>\nModel : SFPB1-G750-06<br \/>\nT\u00ecnh tr\u1ea1ng: H\u00e0ng m\u1edbi 100%<br \/>\n\u0110i\u1ec7n th\u1ebf: 12V<br \/>\nL\u01b0u l\u01b0\u1ee3ng b\u01a1m: 750 GPH<br \/>\nC\u00f4ng su\u1ea5t b\u01a1m: 30 W<br \/>\nB\u01a1m t\u1ef1\u00a0\u0111\u1ed9ng: Phao c\u00f4ng t\u1eafc t\u1ef1\u00a0\u0111\u1ed9ng<br \/>\nT\u1ef1 \u0111\u1ed9ng ch\u1ea1y b\u01a1m m\u1ef1c n\u01b0\u1edbc: 40 &#8211; 50 mm<br \/>\nT\u1ef1 \u0111\u1ed9ng t\u1eaft b\u01a1m m\u1ef1c n\u01b0\u1edbc : 25 &#8211; 30 mm.<br \/>\nTr\u1ecdng l\u01b0\u1ee3ng: 0.52 KG<br \/>\n\u1ed0ng ra: 19 mm<br \/>\nB\u01a1m cao: 2.5 Met.<br \/>\nKh\u00f4ng b\u01a1m li\u00ean t\u1ee5c 24\/24.<br \/>\nB\u1ea3o h\u00e0ng: 03 th\u00e1ng ch\u00ednh h\u00e3ng<br \/>\nPh\u00e2n ph\u1ed1i: <a href=\"https:\/\/maybomminimbm.vn\" target=\"_blank\" rel=\"noopener noreferrer\">M\u00e1y b\u01a1m mini MBM<\/a><\/p>\n<p><a href=\"http:\/\/maybommini.com\/wp-content\/uploads\/2016\/07\/thong-so-ky-thuat-may-bom-chim-tu-dong.jpg\" rel=\"attachment wp-att-245577 noopener\" target=\"_blank\"><img decoding=\"async\" class=\"size-full wp-image-245577 aligncenter\" src=\"http:\/\/maybommini.com\/wp-content\/uploads\/2016\/07\/thong-so-ky-thuat-may-bom-chim-tu-dong.jpg\" alt=\"thong-so-ky-thuat-may-bom-chim-tu-dong\" width=\"750\" height=\"482\" srcset=\"https:\/\/maybommini.vn\/wp-content\/uploads\/2016\/07\/thong-so-ky-thuat-may-bom-chim-tu-dong.jpg 750w, https:\/\/maybommini.vn\/wp-content\/uploads\/2016\/07\/thong-so-ky-thuat-may-bom-chim-tu-dong-600x386.jpg 600w, https:\/\/maybommini.vn\/wp-content\/uploads\/2016\/07\/thong-so-ky-thuat-may-bom-chim-tu-dong-300x193.jpg 300w\" sizes=\"(max-width: 750px) 100vw, 750px\" \/><\/a><\/p>\n<p><strong>\u1ee8NG D\u1ee4NG M\u00c1Y B\u01a0M CH\u00ccM 12V\u00a0<\/strong><strong>SFBP1 G750<\/strong><\/p>\n<p>\u0110\u00e2y l\u00e0 lo\u1ea1i b\u01a1m t\u1ef1\u00a0\u0111\u1ed9ng khi c\u00f3 n\u01b0\u1edbc tr\u00e0n v\u00e0o, khi\u00a0\u0111\u00f3 phao c\u00f4ng t\u1eafc s\u1ebb k\u00edch ho\u1ea1t \u0111\u1ec3 b\u01a1m n\u01b0\u1edbc. Khi b\u01a1m c\u1ea1n n\u01b0\u1edbc s\u1ebb t\u1ef1 \u0111\u1ed9ng t\u1eaft m\u00e1y v\u00e0 kh\u00f4ng b\u01a1m n\u1eefa.<br \/>\nM\u00e1y b\u01a1m t\u00e0u thuy\u1ec1n Cano.<br \/>\nD\u00f9ng\u00a0\u0111\u1ec3 b\u01a1m ch\u1ea5t th\u1ea3i.<br \/>\nB\u01a1m n\u01b0\u1edbc ng\u1eadp trong nh\u00e0.<br \/>\nT\u01b0\u1edbi c\u00e2y\u00a0\u0103n tr\u00e1i.<br \/>\nB\u01a1m c\u1ea5p n\u01b0\u1edbc v\u00e0o b\u1ec3 ch\u1ee9a.<br \/>\nM\u00e1y b\u01a1m t\u00e0u thuy\u1ec1n ghe tr\u00ean bi\u1ec3n s\u00f4ng.<br \/>\nM\u00e1y b\u01a1m n\u0103ng l\u01b0\u1ee3ng m\u1eb7t tr\u1eddi.<\/p>\n<p><img decoding=\"async\" class=\"size-full wp-image-245255 aligncenter\" src=\"http:\/\/maybommini.com\/wp-content\/uploads\/2016\/05\/may-bom-cho-tau-thuyen-cano.jpg\" alt=\"may-bom-cho-tau-thuyen-cano\" width=\"750\" height=\"503\" srcset=\"https:\/\/maybommini.vn\/wp-content\/uploads\/2016\/05\/may-bom-cho-tau-thuyen-cano.jpg 750w, https:\/\/maybommini.vn\/wp-content\/uploads\/2016\/05\/may-bom-cho-tau-thuyen-cano-600x402.jpg 600w, https:\/\/maybommini.vn\/wp-content\/uploads\/2016\/05\/may-bom-cho-tau-thuyen-cano-300x201.jpg 300w\" sizes=\"(max-width: 750px) 100vw, 750px\" \/><\/p>\n<p><strong>MUA M\u00c1Y B\u01a0M\u00a0<\/strong><strong>CH\u00ccM\u00a0<\/strong><strong>12V\u00a0<\/strong><strong>SFBP1 G600\u00a0<\/strong><strong>\u1ede \u0110\u00c2U ?<\/strong><\/p>\n<p>M\u1ecdi chi ti\u1ebft vui l\u00f2ng li\u00ean h\u1ec7 tr\u1ef1c ti\u1ebfp cho ch\u00fang t\u00f4i \u0111\u1ec3 \u0111\u01b0\u1ee3c t\u01b0 v\u1ea5n theo nhu c\u1ea7u \u0111\u1ec3 c\u00f3 \u0111\u01b0\u1ee3c b\u1ed9 s\u1ea3n ph\u1ea9m t\u1ed1t nh\u1ea5t v\u00e0 ti\u1ebft ki\u1ec7m.\u00a0B\u1ea1n \u1edf xa v\u1eabn c\u00f3 th\u1ec3 mua h\u00e0ng v\u00e0 giao h\u00e0ng <a title=\"thanh to\u00e1n\" href=\"http:\/\/maybommini.com\/thanh-toan\" target=\"_blank\" rel=\"noopener\">thanh to\u00e1n<\/a> ti\u1ec1n t\u1ea1i nh\u00e0.<br \/>\nKh\u00f4ng th\u1ec3 s\u1eed d\u1ee5ng b\u01a1m c\u00e1c n\u01b0\u1edbc ch\u1ea5t ki\u1ec1m, \u0103n m\u00f2n, ax\u00edt,&#8230; C\u00f3 th\u1ec3 g\u00e2y h\u1ea1i ch\u00e1y m\u00e1y b\u01a1m.<\/p>\n<p><img decoding=\"async\" class=\"size-full wp-image-247162 aligncenter\" src=\"https:\/\/maybommini.com\/wp-content\/uploads\/2016\/11\/may-bom-nuoc-tu-dong.jpg\" alt=\"may-bom-nuoc-tu-dong\" width=\"660\" height=\"660\" srcset=\"https:\/\/maybommini.vn\/wp-content\/uploads\/2016\/11\/may-bom-nuoc-tu-dong.jpg 660w, https:\/\/maybommini.vn\/wp-content\/uploads\/2016\/11\/may-bom-nuoc-tu-dong-300x300.jpg 300w, https:\/\/maybommini.vn\/wp-content\/uploads\/2016\/11\/may-bom-nuoc-tu-dong-600x600.jpg 600w, https:\/\/maybommini.vn\/wp-content\/uploads\/2016\/11\/may-bom-nuoc-tu-dong-150x150.jpg 150w\" sizes=\"(max-width: 660px) 100vw, 660px\" \/><\/p>\n<p><a href=\"http:\/\/maybommini.com\/wp-content\/uploads\/2016\/07\/may-bom-chim-tu-dong-12v-24v.jpg\" rel=\"attachment wp-att-245575 noopener\" target=\"_blank\"><img decoding=\"async\" class=\"size-full wp-image-245575 aligncenter\" src=\"http:\/\/maybommini.com\/wp-content\/uploads\/2016\/07\/may-bom-chim-tu-dong-12v-24v.jpg\" alt=\"may-bom-chim-tu-dong-12v-24v\" width=\"660\" height=\"660\" srcset=\"https:\/\/maybommini.vn\/wp-content\/uploads\/2016\/07\/may-bom-chim-tu-dong-12v-24v.jpg 660w, https:\/\/maybommini.vn\/wp-content\/uploads\/2016\/07\/may-bom-chim-tu-dong-12v-24v-300x300.jpg 300w, https:\/\/maybommini.vn\/wp-content\/uploads\/2016\/07\/may-bom-chim-tu-dong-12v-24v-600x600.jpg 600w, https:\/\/maybommini.vn\/wp-content\/uploads\/2016\/07\/may-bom-chim-tu-dong-12v-24v-150x150.jpg 150w\" sizes=\"(max-width: 660px) 100vw, 660px\" \/><\/a><\/p>\n<p>&nbsp;<\/p>\n<p><strong>CTY TNHH TH\u01af\u01a0NG M\u1ea0I D\u1ecaCH V\u1ee4 \u0110I\u1ec6N M\u00c1Y TH\u00d4NG MINH<\/strong><br \/>\nHotline: 02873030399 &#8211;\u00a0 0907294310<br \/>\nEmail: maybommini.com@gmail.com<br \/>\nWebsite : http:\/\/maybommini.com<br \/>\nFacebook : <a href=\"https:\/\/www.facebook.com\/maybommini\" target=\"_blank\" rel=\"noopener noreferrer\">https:\/\/www.facebook.com\/maybommini<\/a><br \/>\nGoogle : <a href=\"https:\/\/plus.google.com\/ Maybomnuocminiruaxe\" target=\"_blank\" rel=\"noopener noreferrer\">https:\/\/plus.google.com\/ Maybomnuocminiruaxe<\/a><br \/>\nYoutube demo : <a href=\"https:\/\/www.youtube.com\/bahamasali\" target=\"_blank\" rel=\"noopener noreferrer\">https:\/\/www.youtube.com\/bahamasali<\/a><\/p>\n<h3 style=\"text-align: center;\">M\u00e1y b\u01a1m ch\u00ecm 12V SFBP1 G750 &#8211; m\u00e1y b\u01a1m t\u1ef1 \u0111\u1ed9ng<\/h3>\n","protected":false},"excerpt":{"rendered":"<p>Th\u01b0\u01a1ng hi\u1ec7u: Singflo<br \/>\nModel : SFPB1-G750-06<br \/>\nT\u00ecnh tr\u1ea1ng: H\u00e0ng m\u1edbi 100%<br \/>\n\u0110i\u1ec7n th\u1ebf: 12V<br \/>\nL\u01b0u l\u01b0\u1ee3ng b\u01a1m: 750 GPH<br \/>\nC\u00f4ng su\u1ea5t b\u01a1m: 30 W<br \/>\nB\u01a1m t\u1ef1\u00a0\u0111\u1ed9ng: Phao c\u00f4ng t\u1eafc t\u1ef1\u00a0\u0111\u1ed9ng<br \/>\nT\u1ef1 \u0111\u1ed9ng ch\u1ea1y b\u01a1m m\u1ef1c n\u01b0\u1edbc: 40 &#8211; 50 mm<br \/>\nT\u1ef1 \u0111\u1ed9ng t\u1eaft b\u01a1m m\u1ef1c n\u01b0\u1edbc : 25 &#8211; 30 mm.<br \/>\nTr\u1ecdng l\u01b0\u1ee3ng: 0.52 KG<br \/>\n\u1ed0ng ra: 19 mm<br \/>\nB\u01a1m cao: 2.5 Met.<br \/>\nKh\u00f4ng b\u01a1m li\u00ean t\u1ee5c 24\/24.<br \/>\nB\u1ea3o h\u00e0ng: 3 th\u00e1ng ch\u00ednh h\u00e3ng<br \/>\nPh\u00e2n ph\u1ed1i: <a href=\"https:\/\/maybomminimbm.vn\" target=\"_blank\" rel=\"noopener noreferrer\">M\u00e1y b\u01a1m mini MBM<\/a><\/p>\n","protected":false},"featured_media":258529,"comment_status":"open","ping_status":"closed","template":"","meta":[],"product_brand":[55],"product_cat":[381,382],"product_tag":[267,844,845,391,705,392,393,847,708,709,235,921,846,922,710,389,231,711,712,848,849,394,626],"class_list":{"0":"post-256464","1":"product","2":"type-product","3":"status-publish","4":"has-post-thumbnail","6":"product_brand-hermee","7":"product_cat-may-bom-chim","8":"product_cat-may-bom-chim-12v","9":"product_tag-12v","10":"product_tag-750gallon","11":"product_tag-750gph","12":"product_tag-bom-chat-thai","13":"product_tag-bom-chim","14":"product_tag-bom-chim-12v","15":"product_tag-bom-chim-24v","16":"product_tag-bom-chim-tu-dong","17":"product_tag-bom-day-tau","18":"product_tag-bom-nuoc-bien","19":"product_tag-bom-nuoc-mini","20":"product_tag-bom-nuoc-ngap","21":"product_tag-gallon","22":"product_tag-gh750","23":"product_tag-may-bom-cano","24":"product_tag-may-bom-chim","25":"product_tag-may-bom-mini","26":"product_tag-may-bom-tau","27":"product_tag-may-bom-thuyen","28":"product_tag-may-bom-tu-dong-tau-thuyen","29":"product_tag-may-bom-tu-dong","30":"product_tag-may-bom-tuoi","31":"product_tag-tu-dong","33":"first","34":"instock","35":"sale","36":"featured","37":"shipping-taxable","38":"purchasable","39":"product-type-simple"},"_links":{"self":[{"href":"https:\/\/maybommini.vn\/index.php?rest_route=\/wp\/v2\/product\/256464","targetHints":{"allow":["GET"]}}],"collection":[{"href":"https:\/\/maybommini.vn\/index.php?rest_route=\/wp\/v2\/product"}],"about":[{"href":"https:\/\/maybommini.vn\/index.php?rest_route=\/wp\/v2\/types\/product"}],"replies":[{"embeddable":true,"href":"https:\/\/maybommini.vn\/index.php?rest_route=%2Fwp%2Fv2%2Fcomments&post=256464"}],"wp:featuredmedia":[{"embeddable":true,"href":"https:\/\/maybommini.vn\/index.php?rest_route=\/wp\/v2\/media\/258529"}],"wp:attachment":[{"href":"https:\/\/maybommini.vn\/index.php?rest_route=%2Fwp%2Fv2%2Fmedia&parent=256464"}],"wp:term":[{"taxonomy":"product_brand","embeddable":true,"href":"https:\/\/maybommini.vn\/index.php?rest_route=%2Fwp%2Fv2%2Fproduct_brand&post=256464"},{"taxonomy":"product_cat","embeddable":true,"href":"https:\/\/maybommini.vn\/index.php?rest_route=%2Fwp%2Fv2%2Fproduct_cat&post=256464"},{"taxonomy":"product_tag","embeddable":true,"href":"https:\/\/maybommini.vn\/index.php?rest_route=%2Fwp%2Fv2%2Fproduct_tag&post=256464"}],"curies":[{"name":"wp","href":"https:\/\/api.w.org\/{rel}","templated":true}]}}