{"id":256492,"date":"2018-04-12T19:34:22","date_gmt":"2018-04-12T12:34:22","guid":{"rendered":"https:\/\/maybommini.com\/san-pham\/import-placeholder-for-252765"},"modified":"2019-08-14T14:01:50","modified_gmt":"2019-08-14T07:01:50","slug":"may-bom-nuoc-thai-may-lanh-wipcool-220v-tu-dong","status":"publish","type":"product","link":"https:\/\/maybommini.vn\/?product=may-bom-nuoc-thai-may-lanh-wipcool-220v-tu-dong","title":{"rendered":"B\u01a1m N\u01b0\u1edbc Th\u1ea3i M\u00e1y L\u1ea1nh 220V 3W 10M 40L Wipcool PC-40A"},"content":{"rendered":"<h3>Chuy\u00ean ph\u00e2n ph\u1ed1i\u00a0b\u01a1m N\u01b0\u1edbc Th\u1ea3i M\u00e1y L\u1ea1nh 220V 3W 10M 40L Wipcool PC-40A t\u1ef1 \u0111\u1ed9ng cao c\u1ea5p ch\u1ea5t l\u01b0\u1ee3ng ti\u1ebfng \u1ed3n th\u1ea5p. Ho\u1ea1t \u0111\u1ed9ng 24\/24 d\u1ec5 l\u1eafp r\u00e1p ti\u1ec7n l\u1ee3i cho m\u00e1y l\u1ea1nh gia \u0111\u00ecnh v\u00e0 v\u0103n ph\u00f2ng \u0111\u1ec3 b\u01a1m tho\u00e1t n\u01b0\u1edbc th\u1ea3i ra ngo\u00e0i.<\/h3>\n<p><a href=\"https:\/\/maybommini.com\/wp-content\/uploads\/2018\/04\/May-bom-nuoc-thai-may-lanh-tu-dong-Wipcool-40A.jpg\" target=\"_blank\" rel=\"noopener\"><img decoding=\"async\" class=\"size-full wp-image-263200 aligncenter\" src=\"https:\/\/maybommini.com\/wp-content\/uploads\/2018\/04\/May-bom-nuoc-thai-may-lanh-tu-dong-Wipcool-40A.jpg\" alt=\"May Bom Nuoc Thai May Lanh Tu Dong Wipcool 40A\" width=\"750\" height=\"750\" srcset=\"https:\/\/maybommini.vn\/wp-content\/uploads\/2018\/04\/May-bom-nuoc-thai-may-lanh-tu-dong-Wipcool-40A.jpg 750w, https:\/\/maybommini.vn\/wp-content\/uploads\/2018\/04\/May-bom-nuoc-thai-may-lanh-tu-dong-Wipcool-40A-300x300.jpg 300w, https:\/\/maybommini.vn\/wp-content\/uploads\/2018\/04\/May-bom-nuoc-thai-may-lanh-tu-dong-Wipcool-40A-150x150.jpg 150w, https:\/\/maybommini.vn\/wp-content\/uploads\/2018\/04\/May-bom-nuoc-thai-may-lanh-tu-dong-Wipcool-40A-600x600.jpg 600w\" sizes=\"(max-width: 750px) 100vw, 750px\" \/><\/a><\/p>\n<p><strong>TH\u00d4NG S\u1ed0 K\u1ef8 THU\u1eacT<\/strong><br \/>\nTh\u01b0\u01a1ng hi\u1ec7u: WIPCOOL<strong><br \/>\n<\/strong>Model: PC-40A<br \/>\n\u0110i\u1ec7n th\u1ebf: 220V 50\/60Hz<br \/>\nC\u00f4ng su\u1ea5t: 3W<br \/>\n\u0110\u1ea9y cao: 10 M\u00e9t<br \/>\nNhi\u1ec7t \u0111\u1ed9 n\u01b0\u1edbc l\u00e0m vi\u1ec7c: 0 \u2013 50 \u0111\u1ed9 C<br \/>\nL\u01b0u l\u01b0\u1ee3ng: 40 L\/h.<br \/>\nKhoang ch\u1ee9a n\u01b0\u1edbc: 200 ml.<br \/>\nL\u1ed5 \u1ed1ng n\u01b0\u1edbc m\u00e1y l\u1ea1nh v\u00e0o: 22 mm<br \/>\nL\u1ed5 \u1ed1ng n\u01b0\u1edbc tho\u00e1i ra: 7 mm<br \/>\nD\u00f9ng cho m\u00e1y l\u1ea1nh &lt; 3.7 KW<br \/>\nM\u00e1y b\u01a1m n\u01b0\u1edbc th\u1ea3i t\u1ef1 \u0111\u1ed9ng.<br \/>\nTi\u1ebft ki\u1ec7m \u0111i\u1ec7n, ti\u1ebfng \u1ed3n th\u1ea5p.<br \/>\nCh\u1ea5t li\u1ec7u: \u0110\u1ed3ng &#8211; Nh\u1ef1a ABS<br \/>\nTi\u00eau chu\u1ea9n: CE \u2013 ISO 9002 2008<br \/>\nK\u00edch th\u01b0\u1edbc: 154 x 85.8 x 117.5 mm<br \/>\nTr\u1ecdng l\u01b0\u1ee3ng: 0.5 Kg.<\/p>\n<p><a href=\"https:\/\/maybommini.com\/wp-content\/uploads\/2019\/08\/bom-nuoc-thai-may-lanh-tu-dong-Wipcool.jpg\" target=\"_blank\" rel=\"noopener\"><img decoding=\"async\" class=\"size-full wp-image-263194 aligncenter\" src=\"https:\/\/maybommini.com\/wp-content\/uploads\/2019\/08\/bom-nuoc-thai-may-lanh-tu-dong-Wipcool.jpg\" alt=\"Bom Nuoc Thai May Lanh Tu Dong Wipcool\" width=\"750\" height=\"750\" srcset=\"https:\/\/maybommini.vn\/wp-content\/uploads\/2019\/08\/bom-nuoc-thai-may-lanh-tu-dong-Wipcool.jpg 750w, https:\/\/maybommini.vn\/wp-content\/uploads\/2019\/08\/bom-nuoc-thai-may-lanh-tu-dong-Wipcool-300x300.jpg 300w, https:\/\/maybommini.vn\/wp-content\/uploads\/2019\/08\/bom-nuoc-thai-may-lanh-tu-dong-Wipcool-150x150.jpg 150w, https:\/\/maybommini.vn\/wp-content\/uploads\/2019\/08\/bom-nuoc-thai-may-lanh-tu-dong-Wipcool-600x600.jpg 600w\" sizes=\"(max-width: 750px) 100vw, 750px\" \/><\/a> <a href=\"https:\/\/maybommini.com\/wp-content\/uploads\/2019\/08\/Air-Conditioning-Drainage-Pump-Wipcool.jpg\" target=\"_blank\" rel=\"noopener\"><img decoding=\"async\" class=\"size-full wp-image-263190 aligncenter\" src=\"https:\/\/maybommini.com\/wp-content\/uploads\/2019\/08\/Air-Conditioning-Drainage-Pump-Wipcool.jpg\" alt=\"Air Conditioning Drainage Pump Wipcool\" width=\"750\" height=\"750\" srcset=\"https:\/\/maybommini.vn\/wp-content\/uploads\/2019\/08\/Air-Conditioning-Drainage-Pump-Wipcool.jpg 750w, https:\/\/maybommini.vn\/wp-content\/uploads\/2019\/08\/Air-Conditioning-Drainage-Pump-Wipcool-300x300.jpg 300w, https:\/\/maybommini.vn\/wp-content\/uploads\/2019\/08\/Air-Conditioning-Drainage-Pump-Wipcool-150x150.jpg 150w, https:\/\/maybommini.vn\/wp-content\/uploads\/2019\/08\/Air-Conditioning-Drainage-Pump-Wipcool-600x600.jpg 600w\" sizes=\"(max-width: 750px) 100vw, 750px\" \/><\/a> <a href=\"https:\/\/maybommini.com\/wp-content\/uploads\/2019\/08\/bom-nuoc-may-lanh-Wipcool.jpg\" target=\"_blank\" rel=\"noopener\"><img decoding=\"async\" class=\"size-full wp-image-263193 aligncenter\" src=\"https:\/\/maybommini.com\/wp-content\/uploads\/2019\/08\/bom-nuoc-may-lanh-Wipcool.jpg\" alt=\"Bom Nuoc May Lanh Wipcool\" width=\"750\" height=\"750\" srcset=\"https:\/\/maybommini.vn\/wp-content\/uploads\/2019\/08\/bom-nuoc-may-lanh-Wipcool.jpg 750w, https:\/\/maybommini.vn\/wp-content\/uploads\/2019\/08\/bom-nuoc-may-lanh-Wipcool-300x300.jpg 300w, https:\/\/maybommini.vn\/wp-content\/uploads\/2019\/08\/bom-nuoc-may-lanh-Wipcool-150x150.jpg 150w, https:\/\/maybommini.vn\/wp-content\/uploads\/2019\/08\/bom-nuoc-may-lanh-Wipcool-600x600.jpg 600w\" sizes=\"(max-width: 750px) 100vw, 750px\" \/><\/a> <a href=\"https:\/\/maybommini.com\/wp-content\/uploads\/2019\/08\/ban-bom-nuoc-thai-may-lanh-Wipcool.jpg\" target=\"_blank\" rel=\"noopener\"><img decoding=\"async\" class=\"size-full wp-image-263191 aligncenter\" src=\"https:\/\/maybommini.com\/wp-content\/uploads\/2019\/08\/ban-bom-nuoc-thai-may-lanh-Wipcool.jpg\" alt=\"Ban Bom Nuoc Thai May Lanh Wipcool\" width=\"750\" height=\"750\" srcset=\"https:\/\/maybommini.vn\/wp-content\/uploads\/2019\/08\/ban-bom-nuoc-thai-may-lanh-Wipcool.jpg 750w, https:\/\/maybommini.vn\/wp-content\/uploads\/2019\/08\/ban-bom-nuoc-thai-may-lanh-Wipcool-300x300.jpg 300w, https:\/\/maybommini.vn\/wp-content\/uploads\/2019\/08\/ban-bom-nuoc-thai-may-lanh-Wipcool-150x150.jpg 150w, https:\/\/maybommini.vn\/wp-content\/uploads\/2019\/08\/ban-bom-nuoc-thai-may-lanh-Wipcool-600x600.jpg 600w\" sizes=\"(max-width: 750px) 100vw, 750px\" \/><\/a> <a href=\"https:\/\/maybommini.com\/wp-content\/uploads\/2019\/08\/kich-thuoc-bom-nuoc-thai-may-lanh-Wipcool-24A-40A.jpg\" target=\"_blank\" rel=\"noopener\"><img decoding=\"async\" class=\"size-full wp-image-263195 aligncenter\" src=\"https:\/\/maybommini.com\/wp-content\/uploads\/2019\/08\/kich-thuoc-bom-nuoc-thai-may-lanh-Wipcool-24A-40A.jpg\" alt=\"Kich Thuoc Bom Nuoc Thai May Lanh Wipcool 24A 40A\" width=\"750\" height=\"750\" srcset=\"https:\/\/maybommini.vn\/wp-content\/uploads\/2019\/08\/kich-thuoc-bom-nuoc-thai-may-lanh-Wipcool-24A-40A.jpg 750w, https:\/\/maybommini.vn\/wp-content\/uploads\/2019\/08\/kich-thuoc-bom-nuoc-thai-may-lanh-Wipcool-24A-40A-300x300.jpg 300w, https:\/\/maybommini.vn\/wp-content\/uploads\/2019\/08\/kich-thuoc-bom-nuoc-thai-may-lanh-Wipcool-24A-40A-150x150.jpg 150w, https:\/\/maybommini.vn\/wp-content\/uploads\/2019\/08\/kich-thuoc-bom-nuoc-thai-may-lanh-Wipcool-24A-40A-600x600.jpg 600w\" sizes=\"(max-width: 750px) 100vw, 750px\" \/><\/a> <a href=\"https:\/\/maybommini.com\/wp-content\/uploads\/2019\/08\/thiet-ke-bom-nuocv-thai-may-lanh-Wipcool.jpg\" target=\"_blank\" rel=\"noopener\"><img decoding=\"async\" class=\"size-full wp-image-263189 aligncenter\" src=\"https:\/\/maybommini.com\/wp-content\/uploads\/2019\/08\/thiet-ke-bom-nuocv-thai-may-lanh-Wipcool.jpg\" alt=\"Thiet Ke Bom Nuocv Thai May Lanh Wipcool\" width=\"750\" height=\"750\" srcset=\"https:\/\/maybommini.vn\/wp-content\/uploads\/2019\/08\/thiet-ke-bom-nuocv-thai-may-lanh-Wipcool.jpg 750w, https:\/\/maybommini.vn\/wp-content\/uploads\/2019\/08\/thiet-ke-bom-nuocv-thai-may-lanh-Wipcool-300x300.jpg 300w, https:\/\/maybommini.vn\/wp-content\/uploads\/2019\/08\/thiet-ke-bom-nuocv-thai-may-lanh-Wipcool-150x150.jpg 150w, https:\/\/maybommini.vn\/wp-content\/uploads\/2019\/08\/thiet-ke-bom-nuocv-thai-may-lanh-Wipcool-600x600.jpg 600w\" sizes=\"(max-width: 750px) 100vw, 750px\" \/><\/a><strong>H\u01af\u1edaNG D\u1eaaN L\u1eaeP \u0110\u1eb6T<\/strong><br \/>\nD\u00f9ng cho m\u00e1y l\u1ea1nh, m\u00e1y \u0111i\u1ec1u ho\u00e0 nhi\u1ec7t \u0111\u1ed9, m\u00e1y l\u1ea1nh t\u1ee7 \u0111\u1ee9ng, m\u00e1y l\u1ea1nh mini di \u0111\u1ed9ng, m\u00e1y l\u1ea1nh treo t\u01b0\u1eddng.<br \/>\nS\u1eed d\u1ee5ng b\u01a1m n\u01b0\u1edbc th\u1ea3i m\u00e1y l\u1ea1nh c\u00f4ng su\u1ea5t t\u1eeb 2.2 KW<br \/>\nC\u1ea5m \u0111i\u1ec7n ngu\u1ed3n tr\u1ef1c ti\u1ebfp v\u00e0o m\u00e1y b\u01a1m 200V AC.<br \/>\nL\u1eafp \u1ed1ng n\u01b0\u1edbc th\u1ea3i m\u00e1y l\u1ea1nh v\u00e0o l\u1ed5 n\u01b0\u1edbc v\u00e0o.<br \/>\nL\u1eafp m\u00e1y b\u01a1m n\u1eb1m d\u01b0\u1edbi m\u00e1y l\u1ea1nh ho\u1eb7c \u0111\u1eb7t c\u1ea1nh sau c\u00e1c lo\u1ea1i m\u00e1y t\u1ee7 \u0111\u1ee9ng.<br \/>\nL\u1eafp \u1ed1ng n\u01b0\u1edbc ra v\u00e0o l\u1ed5 n\u01b0\u1edbc ra d\u00f9ng \u1ed1ng 8 mm.<br \/>\n\u1ed0ng n\u01b0\u1edbc ra c\u00f3 th\u1ec3 d\u1eabn l\u00ean cao 4 &#8211; 10 m\u00e9t v\u00e0 \u0111\u01b0a ra ngo\u00e0i \u0111\u1ec3 tho\u00e1t n\u01b0\u1edbc.<br \/>\nM\u00e1y b\u01a1m n\u01b0\u1edbc th\u1ea3i s\u1ebb t\u1ef1 \u0111\u1ed9ng b\u01a1m ra ngo\u00e0i khi l\u01b0\u1ee3ng n\u01b0\u1edbc ng\u01b0ng t\u1ee5 \u0111\u1ea1t m\u1ee9c cao nh\u1ea5t.<br \/>\nC\u1ea5m \u0111i\u1ec7n 24\/24 kh\u00f4ng c\u1ea7n ng\u1eaft \u0111i\u1ec7n.<\/p>\n<p><a href=\"https:\/\/maybommini.com\/wp-content\/uploads\/2019\/08\/lap-dat-va-su-dung-bom-nuoc-thai-may-lanh.jpg\" target=\"_blank\" rel=\"noopener\"><img decoding=\"async\" class=\"size-full wp-image-263196 aligncenter\" src=\"https:\/\/maybommini.com\/wp-content\/uploads\/2019\/08\/lap-dat-va-su-dung-bom-nuoc-thai-may-lanh.jpg\" alt=\"Lap Dat Va Su Dung Bom Nuoc Thai May Lanh\" width=\"750\" height=\"750\" srcset=\"https:\/\/maybommini.vn\/wp-content\/uploads\/2019\/08\/lap-dat-va-su-dung-bom-nuoc-thai-may-lanh.jpg 750w, https:\/\/maybommini.vn\/wp-content\/uploads\/2019\/08\/lap-dat-va-su-dung-bom-nuoc-thai-may-lanh-300x300.jpg 300w, https:\/\/maybommini.vn\/wp-content\/uploads\/2019\/08\/lap-dat-va-su-dung-bom-nuoc-thai-may-lanh-150x150.jpg 150w, https:\/\/maybommini.vn\/wp-content\/uploads\/2019\/08\/lap-dat-va-su-dung-bom-nuoc-thai-may-lanh-600x600.jpg 600w\" sizes=\"(max-width: 750px) 100vw, 750px\" \/><\/a> <a href=\"https:\/\/maybommini.com\/wp-content\/uploads\/2019\/08\/Bom-nuoc-may-lanh-gia-dinh-Wipcool.jpg\" target=\"_blank\" rel=\"noopener\"><img decoding=\"async\" class=\"size-full wp-image-263192 aligncenter\" src=\"https:\/\/maybommini.com\/wp-content\/uploads\/2019\/08\/Bom-nuoc-may-lanh-gia-dinh-Wipcool.jpg\" alt=\"Bom Nuoc May Lanh Gia Dinh Wipcool\" width=\"750\" height=\"750\" srcset=\"https:\/\/maybommini.vn\/wp-content\/uploads\/2019\/08\/Bom-nuoc-may-lanh-gia-dinh-Wipcool.jpg 750w, https:\/\/maybommini.vn\/wp-content\/uploads\/2019\/08\/Bom-nuoc-may-lanh-gia-dinh-Wipcool-300x300.jpg 300w, https:\/\/maybommini.vn\/wp-content\/uploads\/2019\/08\/Bom-nuoc-may-lanh-gia-dinh-Wipcool-150x150.jpg 150w, https:\/\/maybommini.vn\/wp-content\/uploads\/2019\/08\/Bom-nuoc-may-lanh-gia-dinh-Wipcool-600x600.jpg 600w\" sizes=\"(max-width: 750px) 100vw, 750px\" \/><\/a><\/p>\n<p>&nbsp;<\/p>\n<p><strong>S\u1eec D\u1ee4NG M\u00c1Y B\u01a0M N\u01af\u1edaC M\u00c1Y L\u1ea0NH<\/strong><br \/>\nD\u00f9ng b\u01a1m n\u01b0\u1edbc th\u1ea3i cho t\u1ea5t c\u1ea3 c\u00e1c lo\u1ea1i m\u00e1y l\u1ea1nh gia \u0111\u00ecnh, v\u0103n ph\u00f2ng, kh\u00e1ch s\u1ea1n.<br \/>\nB\u01a1m n\u01b0\u1edbc th\u1ea3i m\u00e1y l\u00e0m m\u00e1t kh\u00f4ng kh\u00ed trong nh\u00e0.<br \/>\nD\u00f9ng b\u01a1m n\u01b0\u1edbc m\u00e1y l\u1ea1nh c\u00f4ng nghi\u1ec7p v\u00e0 to\u00e0 nh\u00e0.<br \/>\nB\u01a1m th\u1ea3i n\u01b0\u1edbc m\u00e1y l\u1ea1nh trong ph\u00f2ng l\u00e0m vi\u1ec7c, qu\u00e1n \u0103n, nh\u00e0 ngh\u1ec9, hotel.<\/p>\n<p><a href=\"https:\/\/maybommini.com\/wp-content\/uploads\/2019\/08\/May-bom-nuoc-thai-may-lanh-tu-dong-Wipcool.jpg\" target=\"_blank\" rel=\"noopener\"><img decoding=\"async\" class=\"size-full wp-image-263197 aligncenter\" src=\"https:\/\/maybommini.com\/wp-content\/uploads\/2019\/08\/May-bom-nuoc-thai-may-lanh-tu-dong-Wipcool.jpg\" alt=\"May Bom Nuoc Thai May Lanh Tu Dong Wipcool\" width=\"750\" height=\"750\" srcset=\"https:\/\/maybommini.vn\/wp-content\/uploads\/2019\/08\/May-bom-nuoc-thai-may-lanh-tu-dong-Wipcool.jpg 750w, https:\/\/maybommini.vn\/wp-content\/uploads\/2019\/08\/May-bom-nuoc-thai-may-lanh-tu-dong-Wipcool-300x300.jpg 300w, https:\/\/maybommini.vn\/wp-content\/uploads\/2019\/08\/May-bom-nuoc-thai-may-lanh-tu-dong-Wipcool-150x150.jpg 150w, https:\/\/maybommini.vn\/wp-content\/uploads\/2019\/08\/May-bom-nuoc-thai-may-lanh-tu-dong-Wipcool-600x600.jpg 600w\" sizes=\"(max-width: 750px) 100vw, 750px\" \/><\/a> <a href=\"https:\/\/maybommini.com\/wp-content\/uploads\/2019\/08\/su-dung-bom-nuoc-thai-may-lanh-may-dieu-hoa.jpg\" target=\"_blank\" rel=\"noopener\"><img decoding=\"async\" class=\"size-full wp-image-263188 aligncenter\" src=\"https:\/\/maybommini.com\/wp-content\/uploads\/2019\/08\/su-dung-bom-nuoc-thai-may-lanh-may-dieu-hoa.jpg\" alt=\"Su Dung Bom Nuoc Thai May Lanh May Dieu Hoa\" width=\"750\" height=\"750\" srcset=\"https:\/\/maybommini.vn\/wp-content\/uploads\/2019\/08\/su-dung-bom-nuoc-thai-may-lanh-may-dieu-hoa.jpg 750w, https:\/\/maybommini.vn\/wp-content\/uploads\/2019\/08\/su-dung-bom-nuoc-thai-may-lanh-may-dieu-hoa-300x300.jpg 300w, https:\/\/maybommini.vn\/wp-content\/uploads\/2019\/08\/su-dung-bom-nuoc-thai-may-lanh-may-dieu-hoa-150x150.jpg 150w, https:\/\/maybommini.vn\/wp-content\/uploads\/2019\/08\/su-dung-bom-nuoc-thai-may-lanh-may-dieu-hoa-600x600.jpg 600w\" sizes=\"(max-width: 750px) 100vw, 750px\" \/><\/a> <a href=\"https:\/\/maybommini.com\/wp-content\/uploads\/2019\/08\/thiet-ke-bom-nuocv-thai-may-lanh-Wipcool.jpg\" target=\"_blank\" rel=\"noopener\"><img decoding=\"async\" class=\"size-full wp-image-263189 aligncenter\" src=\"https:\/\/maybommini.com\/wp-content\/uploads\/2019\/08\/thiet-ke-bom-nuocv-thai-may-lanh-Wipcool.jpg\" alt=\"Thiet Ke Bom Nuocv Thai May Lanh Wipcool\" width=\"750\" height=\"750\" srcset=\"https:\/\/maybommini.vn\/wp-content\/uploads\/2019\/08\/thiet-ke-bom-nuocv-thai-may-lanh-Wipcool.jpg 750w, https:\/\/maybommini.vn\/wp-content\/uploads\/2019\/08\/thiet-ke-bom-nuocv-thai-may-lanh-Wipcool-300x300.jpg 300w, https:\/\/maybommini.vn\/wp-content\/uploads\/2019\/08\/thiet-ke-bom-nuocv-thai-may-lanh-Wipcool-150x150.jpg 150w, https:\/\/maybommini.vn\/wp-content\/uploads\/2019\/08\/thiet-ke-bom-nuocv-thai-may-lanh-Wipcool-600x600.jpg 600w\" sizes=\"(max-width: 750px) 100vw, 750px\" \/><\/a><\/p>\n<p><strong>MUA M\u00c1Y B\u01a0M N\u01af\u1edaC TH\u1ea2I M\u00c1Y L\u1ea0NH \u0110I\u1ec0U HO\u00c0 \u1ede \u0110\u00c2U ?<\/strong><br \/>\n<a href=\"https:\/\/maybommini.com\/\" target=\"_blank\" rel=\"noopener\">Maybommini.com<\/a>\u00a0l\u00e0 nh\u00e0 ph\u00e2n ph\u1ed1i chuy\u00ean nghi\u1ec7p nhi\u1ec1u n\u0103m li\u1ec1n t\u1ea1i Vi\u1ec7t Nam v\u1edbi c\u00e1c lo\u1ea1i m\u00e1y b\u01a1m n\u01b0\u1edbc th\u1ea3i, m\u00e1y b\u01a1m n\u01b0\u1edbc m\u00e1y l\u1ea1nh, b\u01a1m n\u01b0\u1edbc \u0111i\u1ec1u ho\u00e0, b\u01a1m n\u01b0\u1edbc th\u1ea3i m\u00e1y l\u1ea1nh gia \u0111\u00ecnh, v\u0103n ph\u00f2ng, to\u00e0 nh\u00e0, ch\u01b0ng c\u01b0, cao \u00f3c v\u00e0 l\u00e0 nh\u00e0 cung c\u1ea5p c\u00e1c lo\u1ea1i b\u01a1m cho d\u1ef1 \u00e1n ch\u01b0ng c\u01b0 nh\u00e0 \u1edf v\u0103n ph\u00f2ng cao c\u1ea5p.<br \/>\n<strong>Website:\u00a0<a href=\"https:\/\/maybommini.com\/\" target=\"_blank\" rel=\"noopener\">https:\/\/maybommini.com<\/a><\/strong><br \/>\n<strong>Email: Maybommini.com@gmail.com<\/strong><br \/>\n<strong>T\u01af V\u1ea4N K\u1ef8 THU\u1eacT \u2013 MUA H\u00c0NG<\/strong><br \/>\n<strong>0908997823 \u2013 0908997872<\/strong><br \/>\n<strong>0907294310 \u2013 02873030399<\/strong><\/p>\n<h3 style=\"text-align: center;\"><a href=\"https:\/\/maybommini.com\/san-pham\/bom-nuoc-thai-may-lanh-220v-3w-10m-24l-wipcool-pc-24a\" target=\"_blank\" rel=\"noopener\">B\u01a1m n\u01b0\u1edbc th\u1ea3i m\u00e1y l\u1ea1nh 220V 3W 10M 24L Wipcool PC-24A<\/a><br \/>\nB\u01a1m n\u01b0\u1edbc th\u1ea3i m\u00e1y l\u1ea1nh 220V 3W 10M 40L Wipcool PC-40A<\/h3>\n<p>&nbsp;<\/p>\n<p><img decoding=\"async\" class=\"size-full wp-image-247176 aligncenter\" src=\"https:\/\/maybommini.com\/wp-content\/uploads\/2016\/11\/may-bom-nuoc-thai-may-lanh-tu-dong.jpg\" alt=\"may-bom-nuoc-thai-may-lanh-tu-dong\" width=\"800\" height=\"803\" srcset=\"https:\/\/maybommini.vn\/wp-content\/uploads\/2016\/11\/may-bom-nuoc-thai-may-lanh-tu-dong.jpg 800w, https:\/\/maybommini.vn\/wp-content\/uploads\/2016\/11\/may-bom-nuoc-thai-may-lanh-tu-dong-300x300.jpg 300w, https:\/\/maybommini.vn\/wp-content\/uploads\/2016\/11\/may-bom-nuoc-thai-may-lanh-tu-dong-600x602.jpg 600w, https:\/\/maybommini.vn\/wp-content\/uploads\/2016\/11\/may-bom-nuoc-thai-may-lanh-tu-dong-150x150.jpg 150w, https:\/\/maybommini.vn\/wp-content\/uploads\/2016\/11\/may-bom-nuoc-thai-may-lanh-tu-dong-768x771.jpg 768w\" sizes=\"(max-width: 800px) 100vw, 800px\" \/><\/p>\n<p><a href=\"https:\/\/maybommini.com\/wp-content\/uploads\/2018\/04\/may-bom-nuoc-thai-may-lanh-2.jpg\" target=\"_blank\" rel=\"noopener\"><img decoding=\"async\" class=\"size-full wp-image-258452 aligncenter\" src=\"https:\/\/maybommini.com\/wp-content\/uploads\/2018\/04\/may-bom-nuoc-thai-may-lanh-2.jpg\" alt=\"May Bom Nuoc Thai May Lanh\" width=\"750\" height=\"750\" srcset=\"https:\/\/maybommini.vn\/wp-content\/uploads\/2018\/04\/may-bom-nuoc-thai-may-lanh-2.jpg 750w, https:\/\/maybommini.vn\/wp-content\/uploads\/2018\/04\/may-bom-nuoc-thai-may-lanh-2-300x300.jpg 300w, https:\/\/maybommini.vn\/wp-content\/uploads\/2018\/04\/may-bom-nuoc-thai-may-lanh-2-150x150.jpg 150w, https:\/\/maybommini.vn\/wp-content\/uploads\/2018\/04\/may-bom-nuoc-thai-may-lanh-2-600x600.jpg 600w\" sizes=\"(max-width: 750px) 100vw, 750px\" \/><\/a><\/p>\n<p><strong>CTY TNHH TH\u01af\u01a0NG M\u1ea0I D\u1ecaCH V\u1ee4 \u0110I\u1ec6N M\u00c1Y TH\u00d4NG MINH<\/strong><br \/>\nHotline : 090 729 4310<br \/>\nEmail : maybommini.com@gmail.com<br \/>\nWebsite : http:\/\/maybommini.com<br \/>\nFacebook : <a href=\"https:\/\/www.facebook.com\/maybommini\" target=\"_blank\" rel=\"noopener\">https:\/\/www.facebook.com\/maybommini<\/a><br \/>\nGoogle : <a href=\"https:\/\/plus.google.com\/ Maybomnuocminiruaxe\" target=\"_blank\" rel=\"noopener\">https:\/\/plus.google.com\/ Maybomnuocminiruaxe<\/a><br \/>\nYoutube demo : <a href=\"https:\/\/www.youtube.com\/bahamasali\" target=\"_blank\" rel=\"noopener\">https:\/\/www.youtube.com\/bahamasali<\/a><\/p>\n<h3 style=\"text-align: center;\">M\u00e1y b\u01a1m n\u01b0\u1edbc th\u1ea3i m\u00e1y l\u1ea1nh Wipcool 220V t\u1ef1 \u0111\u1ed9ng<\/h3>\n","protected":false},"excerpt":{"rendered":"<p>Th\u01b0\u01a1ng hi\u1ec7u: WIPCOOL<strong><br \/>\n<\/strong>Model: PC-40A<br \/>\n\u0110i\u1ec7n th\u1ebf: 220V 50\/60Hz<br \/>\nC\u00f4ng su\u1ea5t: 3W<br \/>\n\u0110\u1ea9y cao: 10 M\u00e9t<br \/>\nNhi\u1ec7t \u0111\u1ed9 n\u01b0\u1edbc l\u00e0m vi\u1ec7c: 0 \u2013 50 \u0111\u1ed9 C<br \/>\nL\u01b0u l\u01b0\u1ee3ng: 40 L\/h.<br \/>\nKhoang ch\u1ee9a n\u01b0\u1edbc: 200 ml.<br \/>\nL\u1ed5 \u1ed1ng n\u01b0\u1edbc m\u00e1y l\u1ea1nh v\u00e0o: 22 mm<br \/>\nL\u1ed5 \u1ed1ng n\u01b0\u1edbc tho\u00e1i ra: 7 mm<br \/>\nD\u00f9ng cho m\u00e1y l\u1ea1nh &lt; 3.7 KW<br \/>\nM\u00e1y b\u01a1m n\u01b0\u1edbc th\u1ea3i t\u1ef1 \u0111\u1ed9ng.<br \/>\nTi\u1ebft ki\u1ec7m \u0111i\u1ec7n, ti\u1ebfng \u1ed3n th\u1ea5p.<br \/>\nCh\u1ea5t li\u1ec7u: \u0110\u1ed3ng &#8211; Nh\u1ef1a ABS<br \/>\nTi\u00eau chu\u1ea9n: CE \u2013 ISO 9002 2008<br \/>\nK\u00edch th\u01b0\u1edbc: 154 x 85.8 x 117.5 mm<br \/>\nTr\u1ecdng l\u01b0\u1ee3ng: 0.5 Kg.<br \/>\nB\u1ea3o h\u00e0nh: 6 th\u00e1ng.<br \/>\n<strong>H\u00f4\u0309 tr\u01a1\u0323 ky\u0303 thu\u00e2\u0323t vi\u0303nh vi\u00ea\u0303n.<\/strong><br \/>\n<strong>Ph\u00e2n ph\u1ed1i: Maybommini.com<\/strong><br \/>\n<strong>T\u01af V\u1ea4N K\u1ef8 THU\u1eacT \u2013 MUA H\u00c0NG<br \/>\n0908997823 \u2013 0908997872<br \/>\n0907294310 \u2013 02873030399<\/strong><\/p>\n","protected":false},"featured_media":263202,"comment_status":"open","ping_status":"closed","template":"","meta":[],"product_brand":[2777],"product_cat":[2515],"product_tag":[3011,1036,925,926,720,928,3012,3013,929],"class_list":{"0":"post-256492","1":"product","2":"type-product","3":"status-publish","4":"has-post-thumbnail","6":"product_brand-wipcool","7":"product_cat-bom-nuoc-thai-may-lanh","8":"product_tag-air-conditioning-drainage","9":"product_tag-bom-nuoc-may-lanh","10":"product_tag-bom-nuoc-thai","11":"product_tag-bom-nuoc-thai-may-lanh","12":"product_tag-may-lanh","13":"product_tag-nuoc-thai-may-lanh","14":"product_tag-pc-40a","15":"product_tag-pump-condensate","16":"product_tag-wipcool","18":"first","19":"instock","20":"sale","21":"shipping-taxable","22":"purchasable","23":"product-type-simple"},"_links":{"self":[{"href":"https:\/\/maybommini.vn\/index.php?rest_route=\/wp\/v2\/product\/256492","targetHints":{"allow":["GET"]}}],"collection":[{"href":"https:\/\/maybommini.vn\/index.php?rest_route=\/wp\/v2\/product"}],"about":[{"href":"https:\/\/maybommini.vn\/index.php?rest_route=\/wp\/v2\/types\/product"}],"replies":[{"embeddable":true,"href":"https:\/\/maybommini.vn\/index.php?rest_route=%2Fwp%2Fv2%2Fcomments&post=256492"}],"wp:featuredmedia":[{"embeddable":true,"href":"https:\/\/maybommini.vn\/index.php?rest_route=\/wp\/v2\/media\/263202"}],"wp:attachment":[{"href":"https:\/\/maybommini.vn\/index.php?rest_route=%2Fwp%2Fv2%2Fmedia&parent=256492"}],"wp:term":[{"taxonomy":"product_brand","embeddable":true,"href":"https:\/\/maybommini.vn\/index.php?rest_route=%2Fwp%2Fv2%2Fproduct_brand&post=256492"},{"taxonomy":"product_cat","embeddable":true,"href":"https:\/\/maybommini.vn\/index.php?rest_route=%2Fwp%2Fv2%2Fproduct_cat&post=256492"},{"taxonomy":"product_tag","embeddable":true,"href":"https:\/\/maybommini.vn\/index.php?rest_route=%2Fwp%2Fv2%2Fproduct_tag&post=256492"}],"curies":[{"name":"wp","href":"https:\/\/api.w.org\/{rel}","templated":true}]}}