{"id":256494,"date":"2018-04-12T19:34:23","date_gmt":"2018-04-12T12:34:23","guid":{"rendered":"https:\/\/maybommini.com\/san-pham\/import-placeholder-for-252767"},"modified":"2019-05-30T09:57:05","modified_gmt":"2019-05-30T02:57:05","slug":"may-phun-suong-chuyen-nghiep-a70","status":"publish","type":"product","link":"https:\/\/maybommini.vn\/?product=may-phun-suong-chuyen-nghiep-a70","title":{"rendered":"M\u00e1y phun s\u01b0\u01a1ng chuy\u00ean nghi\u1ec7p A70"},"content":{"rendered":"<p><strong>M\u00e1y phun s\u01b0\u01a1ng chuy\u00ean nghi\u1ec7p A70 l\u00e0 m\u00e1y chuy\u00ean nghi\u1ec7p \u0111\u1ec3 phun s\u01b0\u01a1ng l\u00e0m m\u00e1t t\u01b0\u1edbi c\u00e2y d\u00f9ng cho qu\u00e1n c\u00e0 ph\u00ea, nh\u00e0 h\u00e0ng l\u00e0m m\u00e1t s\u00e2n v\u01b0\u1eddn, l\u00e0m m\u00e1t nh\u00e0 n\u1ea5m t\u1ea1o \u1ea9m, t\u01b0\u1edbi lan v\u00e0 l\u00e0m m\u00e1t nh\u00e0 y\u1ebfn &#8230;<\/strong><\/p>\n<p><img decoding=\"async\" class=\"size-full wp-image-247197 aligncenter\" src=\"https:\/\/maybommini.com\/wp-content\/uploads\/2016\/11\/may-phun-suong-gia-re-hcm.jpg\" alt=\"may-phun-suong-gia-re-hcm\" width=\"1024\" height=\"682\" srcset=\"https:\/\/maybommini.vn\/wp-content\/uploads\/2016\/11\/may-phun-suong-gia-re-hcm.jpg 1024w, https:\/\/maybommini.vn\/wp-content\/uploads\/2016\/11\/may-phun-suong-gia-re-hcm-600x400.jpg 600w, https:\/\/maybommini.vn\/wp-content\/uploads\/2016\/11\/may-phun-suong-gia-re-hcm-300x200.jpg 300w, https:\/\/maybommini.vn\/wp-content\/uploads\/2016\/11\/may-phun-suong-gia-re-hcm-768x512.jpg 768w\" sizes=\"(max-width: 1024px) 100vw, 1024px\" \/><br \/>\n<strong>TH\u00d4NG S\u1ed0 K\u1ef8 THU\u1eacT<\/strong><br \/>\nModel:\u00a0A70<br \/>\n\u0110i\u1ec7n th\u1ebf: 220V<br \/>\nC\u00f4ng su\u1ea5t: 35W<br \/>\n\u00c1p l\u1ef1c: 140 Psi|<br \/>\nS\u1ed1 l\u01b0\u1ee3ng b\u00e9c phun t\u1ed1i\u00a0\u0111a: 15 b\u00e9c<br \/>\nS\u1ed1 l\u01b0\u1ee3ng b\u00e9c phun t\u1ed1i thi\u1ec3u : 5 b\u00e9c<br \/>\n\u1ed0ng v\u00e0o ra : 8mm<br \/>\nS\u1ea3n xu\u1ea5t: Taiwan<br \/>\nB\u1ea3o h\u00e0nh: 6 th\u00e1ng<\/p>\n<p><a href=\"https:\/\/maybommini.com\/wp-content\/uploads\/2018\/04\/may-phun-suong-gia-re-hcm.jpg\" target=\"_blank\" rel=\"noopener\"><img decoding=\"async\" class=\"size-full wp-image-258438 aligncenter\" src=\"https:\/\/maybommini.com\/wp-content\/uploads\/2018\/04\/may-phun-suong-gia-re-hcm.jpg\" alt=\"May Phun Suong Gia Re Hcm\" width=\"750\" height=\"750\" srcset=\"https:\/\/maybommini.vn\/wp-content\/uploads\/2018\/04\/may-phun-suong-gia-re-hcm.jpg 750w, https:\/\/maybommini.vn\/wp-content\/uploads\/2018\/04\/may-phun-suong-gia-re-hcm-300x300.jpg 300w, https:\/\/maybommini.vn\/wp-content\/uploads\/2018\/04\/may-phun-suong-gia-re-hcm-150x150.jpg 150w, https:\/\/maybommini.vn\/wp-content\/uploads\/2018\/04\/may-phun-suong-gia-re-hcm-600x600.jpg 600w\" sizes=\"(max-width: 750px) 100vw, 750px\" \/><\/a><\/p>\n<p><strong>\u1ee8NG D\u1ee4NG <a href=\"https:\/\/mayphunsuongchuyennghiep.com\" target=\"_blank\" rel=\"noopener\">M\u00c1Y PHUN S\u01af\u01a0NG CHUY\u00caN NGH\u1ec6P<\/a><\/strong><br \/>\n&#8211; Phun s\u01b0\u01a1ng l\u00e0m m\u00e1t.<br \/>\n&#8211; Phun s\u01b0\u01a1ng t\u01b0\u1edbi c\u00e2y.<br \/>\n&#8211; Phun s\u01b0\u01a1ng t\u1ea1o\u00a0\u1ea9m<br \/>\n&#8211; Phun s\u01b0\u01a1ng l\u00e0m m\u00e1t gia\u00a0\u0111\u00ecnh.<br \/>\n&#8211; Phun s\u01b0\u01a1ng l\u00e0m m\u00e1t qu\u00e1n c\u00e0 ph\u00ea.<br \/>\n&#8211; Phun s\u01b0\u01a1ng l\u00e0m m\u00e1t nh\u00e0 h\u00e0ng.<br \/>\n&#8211; Phun s\u01b0\u01a1ng t\u1ea1o\u00a0\u1ea9m nh\u00e0 v\u01b0\u1eddn.<br \/>\n&#8211; Phun s\u01b0\u01a1ng l\u00e0m m\u00e1t trang tr\u1ea1i.<br \/>\n&#8211; Phun s\u01b0\u01a1ng t\u01b0\u1edbi Lan c\u00e2y c\u1ea3nh.<br \/>\n&#8211; Phun t\u01b0\u1edbi v\u01b0\u1eddn\u00a0\u01b0\u01a1m.<br \/>\n-Phun s\u01b0\u01a1ng t\u01b0\u1edbi nh\u00e0 n\u1ea5m.<br \/>\n&#8211; Phung s\u01b0\u01a1ng l\u00e0m m\u00e1t nh\u00e0 y\u1ebfn<br \/>\n&#8211; V\u00e0 nhi\u1ec1u\u00a0\u1ee9ng d\u1ee5ng kh\u00e1c\u00a0\u0111\u1ec3 l\u00e0m m\u00e1t &#8230;.<\/p>\n<p><img decoding=\"async\" class=\"wp-image-247201 aligncenter\" src=\"https:\/\/maybommini.com\/wp-content\/uploads\/2016\/11\/gia-may-phun-suong.jpg\" alt=\"gia may phun suong\" width=\"628\" height=\"395\" srcset=\"https:\/\/maybommini.vn\/wp-content\/uploads\/2016\/11\/gia-may-phun-suong.jpg 1024w, https:\/\/maybommini.vn\/wp-content\/uploads\/2016\/11\/gia-may-phun-suong-600x377.jpg 600w, https:\/\/maybommini.vn\/wp-content\/uploads\/2016\/11\/gia-may-phun-suong-300x189.jpg 300w, https:\/\/maybommini.vn\/wp-content\/uploads\/2016\/11\/gia-may-phun-suong-768x483.jpg 768w\" sizes=\"(max-width: 628px) 100vw, 628px\" \/><\/p>\n<p><strong>M\u00e1y phun s\u01b0\u01a1ng\u00a0A70 &#8211; MISTING MACHINE<\/strong>\u00a0\u0111\u01b0\u1ee3c s\u1ea3n xu\u1ea5t v\u00e0 nh\u1eadp kh\u1ea9u Taiwan\u00a0\u0111\u01b0\u1ee3c <a href=\"https:\/\/maybommini.com\" target=\"_blank\" rel=\"noopener\">MBM &#8211; MAYBOMMINI.COM<\/a>\u00a0ph\u00e2n ph\u1ed1i tr\u00ean to\u00e0n qu\u1ed1c v\u00e0 B\u00e0o h\u00e0nh ch\u00ednh h\u00e3ng 1 n\u0103m. Hotline 090 7294310<\/p>\n<div id=\"attachment_247202\" style=\"width: 637px\" class=\"wp-caption aligncenter\"><img decoding=\"async\" aria-describedby=\"caption-attachment-247202\" class=\" wp-image-247202\" src=\"https:\/\/maybommini.com\/wp-content\/uploads\/2016\/11\/ban-may-phun-suong.jpg\" alt=\"B\u00e1n M\u00e1y Phun S\u01b0\u01a1ng\" width=\"627\" height=\"353\" srcset=\"https:\/\/maybommini.vn\/wp-content\/uploads\/2016\/11\/ban-may-phun-suong.jpg 1024w, https:\/\/maybommini.vn\/wp-content\/uploads\/2016\/11\/ban-may-phun-suong-600x338.jpg 600w, https:\/\/maybommini.vn\/wp-content\/uploads\/2016\/11\/ban-may-phun-suong-300x169.jpg 300w, https:\/\/maybommini.vn\/wp-content\/uploads\/2016\/11\/ban-may-phun-suong-768x432.jpg 768w\" sizes=\"(max-width: 627px) 100vw, 627px\" \/><p id=\"caption-attachment-247202\" class=\"wp-caption-text\">B\u00e1n M\u00e1y Phun S\u01b0\u01a1ng<\/p><\/div>\n<p><strong>CTY TNHH TH\u01af\u01a0NG M\u1ea0I D\u1ecaCH V\u1ee4 \u0110I\u1ec6N M\u00c1Y TH\u00d4NG MINH<\/strong><br \/>\nHotline : 090 729 4310<br \/>\nEmail : maybommini.com@gmail.com<br \/>\nWebsite : http:\/\/maybommini.com<br \/>\nFacebook : <a href=\"https:\/\/www.facebook.com\/maybommini\" target=\"_blank\" rel=\"noopener\">https:\/\/www.facebook.com\/maybommini<\/a><br \/>\nGoogle : <a href=\"https:\/\/plus.google.com\/ Maybomnuocminiruaxe\" target=\"_blank\" rel=\"noopener\">https:\/\/plus.google.com\/ Maybomnuocminiruaxe<\/a><br \/>\nYoutube demo : <a href=\"https:\/\/www.youtube.com\/bahamasali\" target=\"_blank\" rel=\"noopener\">https:\/\/www.youtube.com\/bahamasali<\/a><\/p>\n<h3 style=\"text-align: center;\">M\u00e1y phun s\u01b0\u01a1ng chuy\u00ean nghi\u1ec7p A70<\/h3>\n","protected":false},"excerpt":{"rendered":"<p>Model:\u00a0A70<br \/>\n\u0110i\u1ec7n th\u1ebf: 220V<br \/>\nC\u00f4ng su\u1ea5t: 35W<br \/>\n\u00c1p l\u1ef1c: 140 Psi|<br \/>\nS\u1ed1 l\u01b0\u1ee3ng b\u00e9c phun t\u1ed1i\u00a0\u0111a: 15 b\u00e9c<br \/>\nS\u1ed1 l\u01b0\u1ee3ng b\u00e9c phun t\u1ed1i thi\u1ec3u : 5 b\u00e9c<br \/>\n\u1ed0ng v\u00e0o ra : 8mm<br \/>\nS\u1ea3n xu\u1ea5t: Taiwan<br \/>\nB\u1ea3o h\u00e0nh: 6 th\u00e1ng<br \/>\nPh\u00e2n ph\u1ed1i : MBM &#8211; MAYBOMMINI.COM<\/p>\n","protected":false},"featured_media":258438,"comment_status":"open","ping_status":"closed","template":"","meta":[],"product_brand":[2812],"product_cat":[368],"product_tag":[936,937,930,938,931,450,361,939,932,933,579,934,935],"class_list":{"0":"post-256494","1":"product","2":"type-product","3":"status-publish","4":"has-post-thumbnail","6":"product_brand-hawiin","7":"product_cat-may-phun-suong","8":"product_tag-10-bec","9":"product_tag-15-bec","10":"product_tag-a60","11":"product_tag-a70","12":"product_tag-gia-may-phun-suong","13":"product_tag-lam-mat-quan-cafe","14":"product_tag-may-phun-suong","15":"product_tag-may-phun-suong-15-bec","16":"product_tag-may-phun-suong-a60","17":"product_tag-misting-machine","18":"product_tag-phun-suong-cafe","19":"product_tag-quan-ca-phe-phun-suong","20":"product_tag-taiwan","22":"first","23":"instock","24":"sale","25":"shipping-taxable","26":"purchasable","27":"product-type-simple"},"_links":{"self":[{"href":"https:\/\/maybommini.vn\/index.php?rest_route=\/wp\/v2\/product\/256494","targetHints":{"allow":["GET"]}}],"collection":[{"href":"https:\/\/maybommini.vn\/index.php?rest_route=\/wp\/v2\/product"}],"about":[{"href":"https:\/\/maybommini.vn\/index.php?rest_route=\/wp\/v2\/types\/product"}],"replies":[{"embeddable":true,"href":"https:\/\/maybommini.vn\/index.php?rest_route=%2Fwp%2Fv2%2Fcomments&post=256494"}],"wp:featuredmedia":[{"embeddable":true,"href":"https:\/\/maybommini.vn\/index.php?rest_route=\/wp\/v2\/media\/258438"}],"wp:attachment":[{"href":"https:\/\/maybommini.vn\/index.php?rest_route=%2Fwp%2Fv2%2Fmedia&parent=256494"}],"wp:term":[{"taxonomy":"product_brand","embeddable":true,"href":"https:\/\/maybommini.vn\/index.php?rest_route=%2Fwp%2Fv2%2Fproduct_brand&post=256494"},{"taxonomy":"product_cat","embeddable":true,"href":"https:\/\/maybommini.vn\/index.php?rest_route=%2Fwp%2Fv2%2Fproduct_cat&post=256494"},{"taxonomy":"product_tag","embeddable":true,"href":"https:\/\/maybommini.vn\/index.php?rest_route=%2Fwp%2Fv2%2Fproduct_tag&post=256494"}],"curies":[{"name":"wp","href":"https:\/\/api.w.org\/{rel}","templated":true}]}}