{"id":256496,"date":"2018-04-12T19:34:23","date_gmt":"2018-04-12T12:34:23","guid":{"rendered":"https:\/\/maybommini.com\/san-pham\/import-placeholder-for-252769"},"modified":"2018-05-13T23:40:10","modified_gmt":"2018-05-13T16:40:10","slug":"may-bom-tro-luc-nuoc-nong-220v-150w-18l","status":"publish","type":"product","link":"https:\/\/maybommini.vn\/?product=may-bom-tro-luc-nuoc-nong-220v-150w-18l","title":{"rendered":"M\u00e1y b\u01a1m tr\u1ee3 l\u1ef1c n\u01b0\u1edbc n\u00f3ng 220V 150W 18L"},"content":{"rendered":"<h3><strong>M\u00e1y b\u01a1m tr\u1ee3 l\u1ef1c n\u01b0\u1edbc n\u00f3ng 220V 150W 18L l\u00e0 lo\u1ea1i m\u00e1y b\u01a1m chuy\u00ean d\u1ee5ng d\u00f9ng\u00a0\u0111\u1ec3 tr\u1ee3 l\u1ef1c m\u00e1y n\u00f3ng l\u1ea1nh gia\u00a0\u0111\u00ecnh. C\u00f3 th\u1ec3 d\u00f9ng tr\u1ee3 l\u1ef1c h\u1ec7 th\u1ed1ng n\u01b0\u1edbc trong gia\u00a0\u0111\u00ecnh do n\u01b0\u1edbc y\u1ebfu v\u00ec h\u1ec7 th\u1ed1ng b\u1ed3n n\u01b0\u1edbc th\u1ea5p ho\u1eb7c n\u01b0\u1edbc thu\u1ef7 c\u1ee5c y\u1ebfu.<\/strong><\/h3>\n<p><img decoding=\"async\" class=\"size-full wp-image-247216 aligncenter\" src=\"https:\/\/maybommini.com\/wp-content\/uploads\/2016\/11\/may-bom-nuoc-nong.jpg\" alt=\"may-bom-nuoc-nong\" width=\"720\" height=\"720\" srcset=\"https:\/\/maybommini.vn\/wp-content\/uploads\/2016\/11\/may-bom-nuoc-nong.jpg 720w, https:\/\/maybommini.vn\/wp-content\/uploads\/2016\/11\/may-bom-nuoc-nong-300x300.jpg 300w, https:\/\/maybommini.vn\/wp-content\/uploads\/2016\/11\/may-bom-nuoc-nong-600x600.jpg 600w, https:\/\/maybommini.vn\/wp-content\/uploads\/2016\/11\/may-bom-nuoc-nong-150x150.jpg 150w\" sizes=\"(max-width: 720px) 100vw, 720px\" \/><\/p>\n<h3><strong>TH\u00d4NG S\u1ed0 K\u1ef8 THU\u1eacT M\u00c1Y B\u01a0M TR\u1ee2 L\u1ef0C<br \/>\n<\/strong>\u0110i\u1ec7n \u00e1p: AC 220V<br \/>\nC\u00f4ng su\u1ea5t (t\u1ed1i \u0111a): 150W<br \/>\nL\u01b0u l\u01b0\u1ee3ng: 18L \/ ph\u00fat<br \/>\nB\u01a1m cao: 8 m\u00e9t<br \/>\nTr\u1ecdng l\u01b0\u1ee3ng: 2.5 kg<br \/>\nCh\u1ea5t li\u1ec7u: Inox &#8211;\u00a0\u0110\u1ed3ng<br \/>\nC\u00f4ng t\u1eaft : van th\u00f4ng minh (v\u1edbi c\u00f4ng t\u1eafc \u00e1p su\u1ea5t)<br \/>\nH\u1ea3ng ch\u00ednh h\u00e3ng<br \/>\nB\u1ea3o h\u00e0nh: 6 th\u00e1ng<br \/>\nShip h\u00e0ng \u0111i to\u00e0n qu\u1ed1c<br \/>\nG\u1ecdi : 090 729 4310<\/h3>\n<p><a href=\"http:\/\/maybommini.com\/wp-content\/uploads\/2016\/01\/may-bom-tro-luc-may-nuoc-nong.jpg\" rel=\"attachment wp-att-244753 noopener\" target=\"_blank\"><img decoding=\"async\" class=\"size-full wp-image-244753 aligncenter\" src=\"http:\/\/maybommini.com\/wp-content\/uploads\/2016\/01\/may-bom-tro-luc-may-nuoc-nong.jpg\" alt=\"may-bom-tro-luc-may-nuoc-nong\" width=\"790\" height=\"565\" srcset=\"https:\/\/maybommini.vn\/wp-content\/uploads\/2016\/01\/may-bom-tro-luc-may-nuoc-nong.jpg 790w, https:\/\/maybommini.vn\/wp-content\/uploads\/2016\/01\/may-bom-tro-luc-may-nuoc-nong-600x429.jpg 600w, https:\/\/maybommini.vn\/wp-content\/uploads\/2016\/01\/may-bom-tro-luc-may-nuoc-nong-300x215.jpg 300w, https:\/\/maybommini.vn\/wp-content\/uploads\/2016\/01\/may-bom-tro-luc-may-nuoc-nong-768x549.jpg 768w\" sizes=\"(max-width: 790px) 100vw, 790px\" \/><\/a><\/p>\n<p>M\u00e1y c\u00f3 th\u1ec3 d\u00f9ng tr\u1ee3 l\u1ef1c h\u1ec7 th\u1ed1ng n\u01b0\u1edbc gia\u00a0\u0111\u00ecnh do b\u1ecb y\u1ebfu ho\u1eb7c b\u1ed3n ch\u1ee9a n\u01b0\u1edbc th\u1ea5p kh\u00f4ng\u00a0\u0111\u1ee7\u00a0\u00e1p l\u1ef1c\u00a0\u0111\u1ec3 t\u1eafm, m\u00e1y n\u01b0\u1edbc n\u00f3ng, m\u00e1y gi\u1eb7t, t\u01b0\u1edbi c\u00e2y,&#8230;.<\/p>\n<p><img decoding=\"async\" class=\"size-full wp-image-247218 aligncenter\" src=\"https:\/\/maybommini.com\/wp-content\/uploads\/2016\/11\/may-bom-tro-luc-nuoc-nong-lanh.jpg\" alt=\"may-bom-tro-luc-nuoc-nong-lanh\" width=\"720\" height=\"720\" srcset=\"https:\/\/maybommini.vn\/wp-content\/uploads\/2016\/11\/may-bom-tro-luc-nuoc-nong-lanh.jpg 720w, https:\/\/maybommini.vn\/wp-content\/uploads\/2016\/11\/may-bom-tro-luc-nuoc-nong-lanh-300x300.jpg 300w, https:\/\/maybommini.vn\/wp-content\/uploads\/2016\/11\/may-bom-tro-luc-nuoc-nong-lanh-600x600.jpg 600w, https:\/\/maybommini.vn\/wp-content\/uploads\/2016\/11\/may-bom-tro-luc-nuoc-nong-lanh-150x150.jpg 150w\" sizes=\"(max-width: 720px) 100vw, 720px\" \/><\/p>\n<p>M\u00e1y b\u01a1m tr\u1ee3 l\u1ef1c\u00a0ho\u1ea1t\u00a0\u0111\u1ed9ng ho\u00e0n to\u00e0n t\u1ef1\u00a0\u0111\u1ed9ng v\u00e0 im\u00a0\u00e1i kh\u00f4ng nh\u01b0 c\u00e1c l\u1ea1o m\u00e1y b\u01a1m th\u00f4ng th\u01b0\u1eddng tr\u00ean th\u1ecb tr\u01b0\u1eddng c\u00f3 ti\u1ebfng k\u00eau kh\u00f3 ch\u1ecbu.<\/p>\n<p><img decoding=\"async\" class=\"size-full wp-image-247217 aligncenter\" src=\"https:\/\/maybommini.com\/wp-content\/uploads\/2016\/11\/may-bom-tro-luc-nuoc-nang-luong-mat-troi.jpg\" alt=\"may-bom-tro-luc-nuoc-nang-luong-mat-troi\" width=\"720\" height=\"720\" srcset=\"https:\/\/maybommini.vn\/wp-content\/uploads\/2016\/11\/may-bom-tro-luc-nuoc-nang-luong-mat-troi.jpg 720w, https:\/\/maybommini.vn\/wp-content\/uploads\/2016\/11\/may-bom-tro-luc-nuoc-nang-luong-mat-troi-300x300.jpg 300w, https:\/\/maybommini.vn\/wp-content\/uploads\/2016\/11\/may-bom-tro-luc-nuoc-nang-luong-mat-troi-600x600.jpg 600w, https:\/\/maybommini.vn\/wp-content\/uploads\/2016\/11\/may-bom-tro-luc-nuoc-nang-luong-mat-troi-150x150.jpg 150w\" sizes=\"(max-width: 720px) 100vw, 720px\" \/><\/p>\n<h2><strong>MUA M\u00c1Y B\u01a0M TR\u1ee2 L\u1ef0C N\u00d3NG L\u1ea0NH \u1ede\u00a0\u0110\u00c2U ?\u00a0<\/strong><\/h2>\n<p><strong>CTY TNHH TH\u01af\u01a0NG M\u1ea0I D\u1ecaCH V\u1ee4 \u0110I\u1ec6N M\u00c1Y TH\u00d4NG MINH<\/strong><br \/>\nHotline : 090 729 4310<br \/>\nEmail : maybommini.com@gmail.com<br \/>\nWebsite : http:\/\/maybommini.com<br \/>\nFacebook : <a href=\"https:\/\/www.facebook.com\/maybommini\" target=\"_blank\" rel=\"noopener\">https:\/\/www.facebook.com\/maybommini<\/a><br \/>\nGoogle   : <a href=\"https:\/\/plus.google.com\/ Maybomnuocminiruaxe\" target=\"_blank\" rel=\"noopener\">https:\/\/plus.google.com\/ Maybomnuocminiruaxe<\/a><br \/>\nYoutube demo : <a href=\"https:\/\/www.youtube.com\/bahamasali\" target=\"_blank\" rel=\"noopener\">https:\/\/www.youtube.com\/bahamasali<\/a><\/p>\n","protected":false},"excerpt":{"rendered":"<p>\u0110i\u1ec7n \u00e1p: AC 220V<br \/>\nC\u00f4ng su\u1ea5t (t\u1ed1i \u0111a): 150W<br \/>\nL\u01b0u l\u01b0\u1ee3ng: 18L \/ ph\u00fat<br \/>\nB\u01a1m cao: 8 m\u00e9t<br \/>\nTr\u1ecdng l\u01b0\u1ee3ng: 2.5 kg<br \/>\nCh\u1ea5t li\u1ec7u: Inox &#8211;\u00a0\u0110\u1ed3ng<br \/>\nC\u00f4ng t\u1eaft : van th\u00f4ng minh (v\u1edbi c\u00f4ng t\u1eafc \u00e1p su\u1ea5t)<br \/>\nH\u1ea3ng ch\u00ednh h\u00e3ng<br \/>\nB\u1ea3o h\u00e0nh: 6 th\u00e1ng<br \/>\nShip h\u00e0ng \u0111i to\u00e0n qu\u1ed1c<br \/>\nG\u1ecdi : 090 729 4310<\/p>\n","protected":false},"featured_media":256575,"comment_status":"open","ping_status":"closed","template":"","meta":[],"product_brand":[],"product_cat":[334],"product_tag":[945,946,500,947,948,501,862,337,338,502,503,504,505,506,949,950,507],"class_list":{"0":"post-256496","1":"product","2":"type-product","3":"status-publish","4":"has-post-thumbnail","6":"product_cat-may-bom-tro-luc-tang-ap","7":"product_tag-150w","8":"product_tag-18l","9":"product_tag-220v","10":"product_tag-220v-150w","11":"product_tag-bom-he-thong-nuoc-nong-mat-troi","12":"product_tag-bom-nuoc-gia-dinh","13":"product_tag-bom-nuoc-nong","14":"product_tag-may-bom-nuoc-nong","15":"product_tag-may-nong-lanh","16":"product_tag-nong-lanh","17":"product_tag-nuoc-yeu","18":"product_tag-tang-ap","19":"product_tag-tang-ap-nong-lanh","20":"product_tag-tro-luc","21":"product_tag-tro-luc-nuoc","22":"product_tag-tro-luc-nuoc-nang-luong-mat-troi","23":"product_tag-voi-sen-yeu","25":"first","26":"instock","27":"sale","28":"shipping-taxable","29":"purchasable","30":"product-type-simple"},"_links":{"self":[{"href":"https:\/\/maybommini.vn\/index.php?rest_route=\/wp\/v2\/product\/256496","targetHints":{"allow":["GET"]}}],"collection":[{"href":"https:\/\/maybommini.vn\/index.php?rest_route=\/wp\/v2\/product"}],"about":[{"href":"https:\/\/maybommini.vn\/index.php?rest_route=\/wp\/v2\/types\/product"}],"replies":[{"embeddable":true,"href":"https:\/\/maybommini.vn\/index.php?rest_route=%2Fwp%2Fv2%2Fcomments&post=256496"}],"wp:featuredmedia":[{"embeddable":true,"href":"https:\/\/maybommini.vn\/index.php?rest_route=\/wp\/v2\/media\/256575"}],"wp:attachment":[{"href":"https:\/\/maybommini.vn\/index.php?rest_route=%2Fwp%2Fv2%2Fmedia&parent=256496"}],"wp:term":[{"taxonomy":"product_brand","embeddable":true,"href":"https:\/\/maybommini.vn\/index.php?rest_route=%2Fwp%2Fv2%2Fproduct_brand&post=256496"},{"taxonomy":"product_cat","embeddable":true,"href":"https:\/\/maybommini.vn\/index.php?rest_route=%2Fwp%2Fv2%2Fproduct_cat&post=256496"},{"taxonomy":"product_tag","embeddable":true,"href":"https:\/\/maybommini.vn\/index.php?rest_route=%2Fwp%2Fv2%2Fproduct_tag&post=256496"}],"curies":[{"name":"wp","href":"https:\/\/api.w.org\/{rel}","templated":true}]}}