{"id":256521,"date":"2018-04-12T19:34:46","date_gmt":"2018-04-12T12:34:46","guid":{"rendered":"https:\/\/maybommini.com\/san-pham\/import-placeholder-for-252787"},"modified":"2023-01-08T23:19:59","modified_gmt":"2023-01-08T16:19:59","slug":"bien-ap-220v-ra-24v-30w","status":"publish","type":"product","link":"https:\/\/maybommini.vn\/?product=bien-ap-220v-ra-24v-30w","title":{"rendered":"Bi\u1ebfn \u00e1p 220V ra 24V 30W"},"content":{"rendered":"<p><strong>Bi\u1ebfn \u00e1p 220V ra 24V 30W d\u00f9ng cho m\u00e1y b\u01a1m n\u01b0\u1edbc mini \u0111\u00e2y l\u00e0 lo\u1ea1i ngu\u1ed3n chuy\u00ean d\u1ee5ng hay c\u00f2n g\u1ecdi l\u00e0 bi\u1ebfn th\u1ebf\u00a0\u0111\u00fang c\u00f4ng xu\u1ea5t 30W d\u00f9ng cho m\u00e1y b\u01a1m n\u01b0\u1edbc mini 24V \u00e1p l\u1ef1c d\u00f9ng cho m\u00e1y phun s\u01b0\u01a1ng, m\u00e1y b\u01a1m mini v\u00e0 thi\u1ebft b\u1ecb\u00a0\u0111i\u1ec7n kh\u00e1c.<\/strong><\/p>\n<p style=\"text-align: left;\"><a href=\"https:\/\/maybommini.com\/wp-content\/uploads\/2018\/04\/bien-the-220v-24v-30w.jpg\" target=\"_blank\" rel=\"noopener\"><img decoding=\"async\" class=\"size-full wp-image-260144 aligncenter\" src=\"https:\/\/maybommini.com\/wp-content\/uploads\/2018\/04\/bien-the-220v-24v-30w.jpg\" alt=\"Bien The 220v 24v 30w\" width=\"820\" height=\"820\" srcset=\"https:\/\/maybommini.vn\/wp-content\/uploads\/2018\/04\/bien-the-220v-24v-30w.jpg 820w, https:\/\/maybommini.vn\/wp-content\/uploads\/2018\/04\/bien-the-220v-24v-30w-300x300.jpg 300w, https:\/\/maybommini.vn\/wp-content\/uploads\/2018\/04\/bien-the-220v-24v-30w-150x150.jpg 150w, https:\/\/maybommini.vn\/wp-content\/uploads\/2018\/04\/bien-the-220v-24v-30w-600x600.jpg 600w\" sizes=\"(max-width: 820px) 100vw, 820px\" \/><\/a><\/p>\n<p><strong>TH\u00d4NG S\u1ed0 K\u1ef8 THU\u1eacT BI\u1ebeN \u00c1P 220V RA\u00a024V 30W<br \/>\n<\/strong>\u0110i\u1ec7n v\u00e0o : AC 110-260V 50\/60HZ<br \/>\n\u0110i\u1ec7n ra : AC 24V<br \/>\nC\u00f4ng xu\u1ea5t : 30W<br \/>\nL\u1ecfi:\u00a0\u0110\u1ed3ng<br \/>\nTr\u1ecdng l\u01b0\u1ee3ng: 600g<br \/>\nK\u00edch th\u01b0\u1edbc: D\u00e0i 59mm x Cao 33mm x R\u1ed9ng\u00a050mm<br \/>\nS\u1ea3n xu\u1ea5t : China Cao C\u1ea5p<br \/>\nB\u1ea3o h\u00e0ng: 1 th\u00e1ng<\/p>\n<p><a href=\"https:\/\/maybommini.com\/wp-content\/uploads\/2018\/04\/tang-pho-220v-24v-30w-gia-re.jpg\" target=\"_blank\" rel=\"noopener\"><img decoding=\"async\" class=\"size-full wp-image-260141 aligncenter\" src=\"https:\/\/maybommini.com\/wp-content\/uploads\/2018\/04\/tang-pho-220v-24v-30w-gia-re.jpg\" alt=\"Tang Pho 220v 24v 30w Gia Re\" width=\"820\" height=\"820\" srcset=\"https:\/\/maybommini.vn\/wp-content\/uploads\/2018\/04\/tang-pho-220v-24v-30w-gia-re.jpg 820w, https:\/\/maybommini.vn\/wp-content\/uploads\/2018\/04\/tang-pho-220v-24v-30w-gia-re-300x300.jpg 300w, https:\/\/maybommini.vn\/wp-content\/uploads\/2018\/04\/tang-pho-220v-24v-30w-gia-re-150x150.jpg 150w, https:\/\/maybommini.vn\/wp-content\/uploads\/2018\/04\/tang-pho-220v-24v-30w-gia-re-600x600.jpg 600w\" sizes=\"(max-width: 820px) 100vw, 820px\" \/><\/a> <a href=\"https:\/\/maybommini.com\/wp-content\/uploads\/2018\/04\/ban-ca-loai-nguon-dien-bien-the.jpg\" target=\"_blank\" rel=\"noopener\"><img decoding=\"async\" class=\"size-full wp-image-260142 aligncenter\" src=\"https:\/\/maybommini.com\/wp-content\/uploads\/2018\/04\/ban-ca-loai-nguon-dien-bien-the.jpg\" alt=\"Ban Ca Loai Nguon Dien Bien The\" width=\"820\" height=\"820\" srcset=\"https:\/\/maybommini.vn\/wp-content\/uploads\/2018\/04\/ban-ca-loai-nguon-dien-bien-the.jpg 820w, https:\/\/maybommini.vn\/wp-content\/uploads\/2018\/04\/ban-ca-loai-nguon-dien-bien-the-300x300.jpg 300w, https:\/\/maybommini.vn\/wp-content\/uploads\/2018\/04\/ban-ca-loai-nguon-dien-bien-the-150x150.jpg 150w, https:\/\/maybommini.vn\/wp-content\/uploads\/2018\/04\/ban-ca-loai-nguon-dien-bien-the-600x600.jpg 600w\" sizes=\"(max-width: 820px) 100vw, 820px\" \/><\/a> <a href=\"https:\/\/maybommini.com\/wp-content\/uploads\/2018\/04\/tang-pho-24v-gia-re.jpg\" target=\"_blank\" rel=\"noopener\"><img decoding=\"async\" class=\"size-full wp-image-260145 aligncenter\" src=\"https:\/\/maybommini.com\/wp-content\/uploads\/2018\/04\/tang-pho-24v-gia-re.jpg\" alt=\"Tang Pho 24v Gia Re\" width=\"820\" height=\"820\" srcset=\"https:\/\/maybommini.vn\/wp-content\/uploads\/2018\/04\/tang-pho-24v-gia-re.jpg 820w, https:\/\/maybommini.vn\/wp-content\/uploads\/2018\/04\/tang-pho-24v-gia-re-300x300.jpg 300w, https:\/\/maybommini.vn\/wp-content\/uploads\/2018\/04\/tang-pho-24v-gia-re-150x150.jpg 150w, https:\/\/maybommini.vn\/wp-content\/uploads\/2018\/04\/tang-pho-24v-gia-re-600x600.jpg 600w\" sizes=\"(max-width: 820px) 100vw, 820px\" \/><\/a><\/p>\n<p>Thi\u1ebft k\u1ebf ngu\u1ed3n cho m\u00e1y b\u01a1m mini, m\u00e1y phun s\u01b0\u01a1ng v\u00e0 thi\u1ebft b\u1ecb\u00a0\u0111i\u1ec7n 24V<strong><br \/>\n<\/strong>C\u00f3 thi\u1ebft k\u1ebf h\u00ecnh kh\u1ed1i b\u1eb1ng kim lo\u1ea1i cao c\u1ea5p. \u0110\u00e2y l\u00e0 lo\u1ea1i ngu\u1ed3n cao c\u1ea5p. V\u1edbi t\u1ea5t c\u1ea3 m\u00e1y b\u01a1m \u00e1p l\u1ef1c mini 24V phun s\u01b0\u01a1ng\u00a0\u0111\u00e2y l\u00e0 lo\u1ea1i ngu\u1ed3n t\u1ed1t s\u1eed d\u1ee5ng l\u00e2u d\u00e0i.<\/p>\n<p><a href=\"https:\/\/maybommini.com\/wp-content\/uploads\/2018\/04\/bien-ap-220v-ra-24v-30w.jpg\" target=\"_blank\" rel=\"noopener\"><img decoding=\"async\" class=\"size-full wp-image-260143 aligncenter\" src=\"https:\/\/maybommini.com\/wp-content\/uploads\/2018\/04\/bien-ap-220v-ra-24v-30w.jpg\" alt=\"Bien Ap 220v Ra 24v 30w\" width=\"820\" height=\"820\" srcset=\"https:\/\/maybommini.vn\/wp-content\/uploads\/2018\/04\/bien-ap-220v-ra-24v-30w.jpg 820w, https:\/\/maybommini.vn\/wp-content\/uploads\/2018\/04\/bien-ap-220v-ra-24v-30w-300x300.jpg 300w, https:\/\/maybommini.vn\/wp-content\/uploads\/2018\/04\/bien-ap-220v-ra-24v-30w-150x150.jpg 150w, https:\/\/maybommini.vn\/wp-content\/uploads\/2018\/04\/bien-ap-220v-ra-24v-30w-600x600.jpg 600w\" sizes=\"(max-width: 820px) 100vw, 820px\" \/><\/a><\/p>\n<p><strong>CTY TNHH TH\u01af\u01a0NG M\u1ea0I D\u1ecaCH V\u1ee4 \u0110I\u1ec6N M\u00c1Y TH\u00d4NG MINH<\/strong><br \/>\nHotline : 090 729 4310<br \/>\nEmail : maybommini.com@gmail.com<br \/>\nWebsite : http:\/\/maybommini.com<br \/>\nFacebook : <a href=\"https:\/\/www.facebook.com\/maybommini\" target=\"_blank\" rel=\"noopener\">https:\/\/www.facebook.com\/maybommini<\/a><br \/>\nGoogle : <a href=\"https:\/\/plus.google.com\/ Maybomnuocminiruaxe\" target=\"_blank\" rel=\"noopener\">https:\/\/plus.google.com\/ Maybomnuocminiruaxe<\/a><br \/>\nYoutube demo : <a href=\"https:\/\/www.youtube.com\/bahamasali\" target=\"_blank\" rel=\"noopener\">https:\/\/www.youtube.com\/bahamasali<\/a><\/p>\n<h3 style=\"text-align: center;\">Bi\u1ebfn \u00e1p 220V ra 24V 30W &#8211; Electronic Transformer<\/h3>\n","protected":false},"excerpt":{"rendered":"<p>\u0110i\u1ec7n v\u00e0o : AC 110-260V 50\/60HZ<br \/>\n\u0110i\u1ec7n ra : AC 24V<br \/>\nC\u00f4ng xu\u1ea5t : 30W<br \/>\nL\u1ecfi:\u00a0\u0110\u1ed3ng<br \/>\nTr\u1ecdng l\u01b0\u1ee3ng: 600g<br \/>\nK\u00edch th\u01b0\u1edbc: D\u00e0i 59mm x Cao 33mm x R\u1ed9ng\u00a050mm<br \/>\nS\u1ea3n xu\u1ea5t : China Cao C\u1ea5p<br \/>\n<strong>H\u00f4\u0309 tr\u01a1\u0323 ky\u0303 thu\u00e2\u0323t vi\u0303nh vi\u00ea\u0303n.<\/strong><br \/>\n<strong>B\u1ea3o h\u00e0nh: 1 th\u00e1ng<\/strong><br \/>\n<strong>Ph\u00e2n ph\u1ed1i: Maybommini.com<\/strong><br \/>\n<strong>T\u01af V\u1ea4N K\u1ef8 THU\u1eacT \u2013 MUA H\u00c0NG<br \/>\n0908997823 \u2013 0908997872<br \/>\n0907294310 \u2013 02873030399<\/strong><\/p>\n","protected":false},"featured_media":260144,"comment_status":"open","ping_status":"closed","template":"","meta":[],"product_brand":[2227],"product_cat":[214,3132,3934],"product_tag":[340,488,951,571,415,258,574,961,416,341,575,342,259,2475,361,260,261,576,262,277],"class_list":{"0":"post-256521","1":"product","2":"type-product","3":"status-publish","4":"has-post-thumbnail","6":"product_brand-mtm","7":"product_cat-phu-kien-bom-nuoc","8":"product_cat-nguon-dien-bien-the-adapter","9":"product_cat-bien-the-tang-pho","10":"product_tag-12v-6a","11":"product_tag-24v","12":"product_tag-24v-2a","13":"product_tag-24v-4a","14":"product_tag-ac-adapter","15":"product_tag-adapter-12v","16":"product_tag-adapter-24v","17":"product_tag-bien-ap","18":"product_tag-bien-the","19":"product_tag-bien-the-12v","20":"product_tag-bien-the-24v","21":"product_tag-chuyen-dien-220v","22":"product_tag-dc-12v","23":"product_tag-electronic-transformer","24":"product_tag-may-phun-suong","25":"product_tag-nguon","26":"product_tag-nguon-cho-bom-nuoc-mini","27":"product_tag-nguon-dien","28":"product_tag-nguon-may-rua-xe","29":"product_tag-phun-suong","31":"first","32":"instock","33":"shipping-taxable","34":"purchasable","35":"product-type-simple"},"_links":{"self":[{"href":"https:\/\/maybommini.vn\/index.php?rest_route=\/wp\/v2\/product\/256521","targetHints":{"allow":["GET"]}}],"collection":[{"href":"https:\/\/maybommini.vn\/index.php?rest_route=\/wp\/v2\/product"}],"about":[{"href":"https:\/\/maybommini.vn\/index.php?rest_route=\/wp\/v2\/types\/product"}],"replies":[{"embeddable":true,"href":"https:\/\/maybommini.vn\/index.php?rest_route=%2Fwp%2Fv2%2Fcomments&post=256521"}],"wp:featuredmedia":[{"embeddable":true,"href":"https:\/\/maybommini.vn\/index.php?rest_route=\/wp\/v2\/media\/260144"}],"wp:attachment":[{"href":"https:\/\/maybommini.vn\/index.php?rest_route=%2Fwp%2Fv2%2Fmedia&parent=256521"}],"wp:term":[{"taxonomy":"product_brand","embeddable":true,"href":"https:\/\/maybommini.vn\/index.php?rest_route=%2Fwp%2Fv2%2Fproduct_brand&post=256521"},{"taxonomy":"product_cat","embeddable":true,"href":"https:\/\/maybommini.vn\/index.php?rest_route=%2Fwp%2Fv2%2Fproduct_cat&post=256521"},{"taxonomy":"product_tag","embeddable":true,"href":"https:\/\/maybommini.vn\/index.php?rest_route=%2Fwp%2Fv2%2Fproduct_tag&post=256521"}],"curies":[{"name":"wp","href":"https:\/\/api.w.org\/{rel}","templated":true}]}}