{"id":256522,"date":"2018-04-12T19:34:46","date_gmt":"2018-04-12T12:34:46","guid":{"rendered":"https:\/\/maybommini.com\/san-pham\/import-placeholder-for-252788"},"modified":"2025-11-16T09:18:27","modified_gmt":"2025-11-16T02:18:27","slug":"may-bom-hoa-chat-220v-mp-20r","status":"publish","type":"product","link":"https:\/\/maybommini.vn\/?product=may-bom-hoa-chat-220v-mp-20r","title":{"rendered":"M\u00e1y B\u01a1m Ho\u00e1 Ch\u1ea5t 220V MP-20R"},"content":{"rendered":"<p><em><strong>Ph\u00e2n ph\u1ed1i s\u1ec9 v\u00e0 l\u1ebb m\u00e1y b\u01a1m ho\u00e1 ch\u1ea5t 220V MP-20R chuy\u00ean d\u1ee5ng d\u00f9ng \u0111\u1ec3 b\u1edbm h\u00f3a ch\u1ea5t m\u00e0 c\u00e1c lo\u1ea1i m\u00e1y b\u01a1m th\u00f4ng th\u01b0\u1eddng kh\u00e1c kh\u00f4ng b\u01a1m \u0111\u01b0\u1ee3c v\u1edbi thi\u1ebft k\u1ebf nh\u1ecf g\u1ecdn c\u00f3 th\u1ec3 n\u00f3i \u0111\u00e2y l\u00e0 m\u00e1y b\u01a1m ho\u00e1 ch\u1ea5t t\u1ed1t\u00a0nh\u1ea5t hi\u1ec7n nay do https:\/\/maybommini.com ph\u00e2n ph\u1ed1i \u0111\u1ed9c quy\u1ec1n t\u1ea1i Vi\u1ec7t Nam. M\u00e1y \u0111\u01b0\u1ee3c nh\u1eadp kh\u1ea9u tr\u1ef1c ti\u1ebfp t\u1ea1i \u0110\u00e0i Loan v\u1edbi ch\u00ednh s\u00e1ch b\u1ea3o h\u00e0nh ch\u00ednh h\u00e3ng c\u00f3 gi\u00e1 c\u1ea1nh tranh nh\u1ea5t.<\/strong><\/em><\/p>\n<p><img decoding=\"async\" class=\"size-full wp-image-255437 aligncenter\" src=\"https:\/\/maybommini.com.vn\/wp-content\/uploads\/2018\/01\/may-bom-hoa-chat-axit-1.jpg\" alt=\"May Bom Hoa Chat Axit\" width=\"720\" height=\"720\" srcset=\"https:\/\/maybommini.vn\/wp-content\/uploads\/2018\/01\/may-bom-hoa-chat-axit-1.jpg 720w, https:\/\/maybommini.vn\/wp-content\/uploads\/2018\/01\/may-bom-hoa-chat-axit-1-300x300.jpg 300w, https:\/\/maybommini.vn\/wp-content\/uploads\/2018\/01\/may-bom-hoa-chat-axit-1-600x600.jpg 600w, https:\/\/maybommini.vn\/wp-content\/uploads\/2018\/01\/may-bom-hoa-chat-axit-1-150x150.jpg 150w\" sizes=\"(max-width: 720px) 100vw, 720px\" \/><\/p>\n<p><strong>TH\u00d4NG S\u1ed0 K\u1ef6 THU\u1eacT<br \/>\n<\/strong>Model: MP-20R<br \/>\nS\u1eed d\u1ee5ng: B\u01a1m ho\u00e1 ch\u1ea5t<br \/>\nCh\u1ed1ng\u00a0\u0103n m\u00f2m cao c\u1ea5p<br \/>\n\u0110\u1ed9ng c\u01a1: xoay chi\u1ec1u<br \/>\n\u0110i\u1ec7n \u00e1p: 220V<br \/>\nC\u00f4ng su\u1ea5t (t\u1ed1i \u0111a): 15W<br \/>\nL\u01b0u l\u01b0\u1ee3ng: 27L\/ph\u00fat<br \/>\n\u1ed0ng d\u1eabn ra: Ren 18mm<br \/>\n\u1ed0ng d\u1eabn v\u00e0o: Ren 18mm<br \/>\nB\u01a1m cao: 3 met<br \/>\nCh\u1ea5t li\u1ec7u: Nh\u1ef1a PP<br \/>\nCh\u1ed1ng \u0103n m\u00f2n v\u00e0 r\u00f2 r\u1ec9<br \/>\nTr\u1ee5c: n\u1eb1m ngang<br \/>\nK\u00edch th\u01b0\u1edbc: 209 x 85 x 116 mm<br \/>\nTr\u1ecdng l\u01b0\u1ee3ng: 1000g<\/p>\n<p style=\"text-align: center;\"><img decoding=\"async\" class=\"size-full wp-image-255436 aligncenter\" src=\"https:\/\/maybommini.com.vn\/wp-content\/uploads\/2018\/01\/may-bom-hoa-chat-an-mon-220v-MP-20R-1.jpg\" alt=\"May Bom Hoa Chat An Mon 220v MP 20R\" width=\"720\" height=\"720\" srcset=\"https:\/\/maybommini.vn\/wp-content\/uploads\/2018\/01\/may-bom-hoa-chat-an-mon-220v-MP-20R-1.jpg 720w, https:\/\/maybommini.vn\/wp-content\/uploads\/2018\/01\/may-bom-hoa-chat-an-mon-220v-MP-20R-1-300x300.jpg 300w, https:\/\/maybommini.vn\/wp-content\/uploads\/2018\/01\/may-bom-hoa-chat-an-mon-220v-MP-20R-1-600x600.jpg 600w, https:\/\/maybommini.vn\/wp-content\/uploads\/2018\/01\/may-bom-hoa-chat-an-mon-220v-MP-20R-1-150x150.jpg 150w\" sizes=\"(max-width: 720px) 100vw, 720px\" \/><br \/>\n<strong>M\u00c1Y B\u01a0M HO\u00c1 CH\u1ea4T<\/strong><\/p>\n<h3 style=\"text-align: center;\"><img decoding=\"async\" class=\"size-full wp-image-255434 aligncenter\" src=\"https:\/\/maybommini.com.vn\/wp-content\/uploads\/2018\/01\/may-bom-hoa-chat-220v-2.jpg\" alt=\"May Bom Hoa Chat 220v\" width=\"720\" height=\"720\" srcset=\"https:\/\/maybommini.vn\/wp-content\/uploads\/2018\/01\/may-bom-hoa-chat-220v-2.jpg 720w, https:\/\/maybommini.vn\/wp-content\/uploads\/2018\/01\/may-bom-hoa-chat-220v-2-300x300.jpg 300w, https:\/\/maybommini.vn\/wp-content\/uploads\/2018\/01\/may-bom-hoa-chat-220v-2-600x600.jpg 600w, https:\/\/maybommini.vn\/wp-content\/uploads\/2018\/01\/may-bom-hoa-chat-220v-2-150x150.jpg 150w\" sizes=\"(max-width: 720px) 100vw, 720px\" \/><\/h3>\n<p><strong>NGUY\u00caN L\u00dd HO\u1ea0T\u00a0\u0110\u1ed8NG M\u00c1Y B\u01a0M HO\u00c1 CH\u1ea4T<\/strong><strong><br \/>\n<\/strong><\/p>\n<p>M\u00e1y c\u00f3 th\u1ec3 ch\u1ea1y kh\u00f4 m\u00e0 kh\u00f4ng \u1ea3nh h\u01b0\u1edbng t\u1edbi \u0111\u1ed9ng c\u01a1 khi kh\u00f4ng c\u00f3 n\u01b0\u1edbc b\u01a1m. V\u1edbi c\u00e1c m\u00e1y l\u1edbn th\u00ec c\u00f3 th\u1ec3 g\u00e2y h\u1ea1i d\u1eabn t\u1edbi ch\u00e1y \u0111\u1ed9ng c\u01a1.<br \/>\nB\u01a1m n\u01b0\u1edbc ho\u00e1 ch\u1ea5t\u00a0d\u00f9ng tr\u1ef1c ti\u1ebfp ngu\u1ed3n \u0111i\u1ec7n 220V .<br \/>\nM\u00e1y ch\u1ea1y ho\u1ea1t \u0111\u1ed9ng v\u1edbi ti\u1ebfng \u1ed3n nh\u1ecf v\u00e0 \u00eam \u00e1i.<\/p>\n<p><img decoding=\"async\" class=\"size-full wp-image-255433 aligncenter\" src=\"https:\/\/maybommini.com.vn\/wp-content\/uploads\/2018\/01\/chuyen-cung-cap-may-bom-hoa-chat.jpg\" alt=\"Chuyen Cung Cap May Bom Hoa Chat\" width=\"720\" height=\"720\" srcset=\"https:\/\/maybommini.vn\/wp-content\/uploads\/2018\/01\/chuyen-cung-cap-may-bom-hoa-chat.jpg 720w, https:\/\/maybommini.vn\/wp-content\/uploads\/2018\/01\/chuyen-cung-cap-may-bom-hoa-chat-300x300.jpg 300w, https:\/\/maybommini.vn\/wp-content\/uploads\/2018\/01\/chuyen-cung-cap-may-bom-hoa-chat-600x600.jpg 600w, https:\/\/maybommini.vn\/wp-content\/uploads\/2018\/01\/chuyen-cung-cap-may-bom-hoa-chat-150x150.jpg 150w\" sizes=\"(max-width: 720px) 100vw, 720px\" \/><\/p>\n<p><strong>\u1ee8NG D\u1ee4NG M\u00c1Y B\u01a0M HO\u00c1 CH\u1ea4T<\/strong><\/p>\n<p>\u0110\u1eb7c bi\u1ec7t m\u00e1y c\u00f3 kh\u1ea3 n\u0103ng b\u01a1m c\u00e1c lo\u1ea1i ho\u00e1 ch\u1ea5t\u00a0\u0103n m\u00f2n, axit, &#8230;<br \/>\nB\u01a1m n\u01b0\u1edbc bi\u1ec3n, b\u01a1m dung d\u1ecbch \u0111\u1eb7t bi\u1ec7t, b\u01a1m n\u01b0\u1edbc, &#8230;<\/p>\n<p><img decoding=\"async\" class=\"size-full wp-image-255424 aligncenter\" src=\"https:\/\/maybommini.com.vn\/wp-content\/uploads\/2018\/01\/may-bom-hoa-chat-axit-an-mon.jpg\" alt=\"May Bom Hoa Chat Axit An Mon\" width=\"750\" height=\"750\" srcset=\"https:\/\/maybommini.vn\/wp-content\/uploads\/2018\/01\/may-bom-hoa-chat-axit-an-mon.jpg 750w, https:\/\/maybommini.vn\/wp-content\/uploads\/2018\/01\/may-bom-hoa-chat-axit-an-mon-300x300.jpg 300w, https:\/\/maybommini.vn\/wp-content\/uploads\/2018\/01\/may-bom-hoa-chat-axit-an-mon-600x600.jpg 600w, https:\/\/maybommini.vn\/wp-content\/uploads\/2018\/01\/may-bom-hoa-chat-axit-an-mon-150x150.jpg 150w\" sizes=\"(max-width: 750px) 100vw, 750px\" \/><\/p>\n<p><strong>MUA M\u00c1Y B\u01a0M HO\u00c1 CH\u1ea4T\u00a0\u1ede \u0110\u00c2U ?<\/strong><\/p>\n<p>M\u1ecdi chi ti\u1ebft vui l\u00f2ng li\u00ean h\u1ec7 tr\u1ef1c ti\u1ebfp cho ch\u00fang t\u00f4i \u0111\u1ec3 \u0111\u01b0\u1ee3c t\u01b0 v\u1ea5n theo nhu c\u1ea7u \u0111\u1ec3 c\u00f3 \u0111\u01b0\u1ee3c b\u1ed9 s\u1ea3n ph\u1ea9m t\u1ed1t nh\u1ea5t v\u00e0 ti\u1ebft ki\u1ec7m.\u00a0B\u1ea1n \u1edf xa v\u1eabn c\u00f3 th\u1ec3 mua h\u00e0ng v\u00e0 giao to\u00e0n qu\u1ed1c.<\/p>\n<p><strong>CTY TNHH TH\u01af\u01a0NG M\u1ea0I D\u1ecaCH V\u1ee4 \u0110I\u1ec6N M\u00c1Y TH\u00d4NG MINH<\/strong><br \/>\nHotline : 090 729 4310<br \/>\nEmail : maybommini.com@gmail.com<br \/>\nWebsite : http:\/\/maybommini.com<br \/>\nFacebook : <a href=\"https:\/\/www.facebook.com\/maybommini\" target=\"_blank\" rel=\"noopener\">https:\/\/www.facebook.com\/maybommini<\/a><br \/>\nGoogle : <a href=\"https:\/\/plus.google.com\/ Maybomnuocminiruaxe\" target=\"_blank\" rel=\"noopener\">https:\/\/plus.google.com\/ Maybomnuocminiruaxe<\/a><br \/>\nYoutube demo : <a href=\"https:\/\/www.youtube.com\/bahamasali\" target=\"_blank\" rel=\"noopener\">https:\/\/www.youtube.com\/bahamasali<\/a><\/p>\n<h3 style=\"text-align: center;\"><em><strong>M\u00e1y B\u01a1m Ho\u00e1 Ch\u1ea5t 220V MP-20R<\/strong><\/em><\/h3>\n","protected":false},"excerpt":{"rendered":"<p>Model: MP-20R<br \/>\nS\u1eed d\u1ee5ng: B\u01a1m ho\u00e1 ch\u1ea5t<br \/>\nCh\u1ed1ng\u00a0\u0103n m\u00f2m cao c\u1ea5p<br \/>\n\u0110\u1ed9ng c\u01a1: xoay chi\u1ec1u<br \/>\n\u0110i\u1ec7n \u00e1p: 220V<br \/>\nC\u00f4ng su\u1ea5t (t\u1ed1i \u0111a): 15W<br \/>\nL\u01b0u l\u01b0\u1ee3ng: 27L\/ph\u00fat<br \/>\n\u1ed0ng d\u1eabn ra: Ren 18mm<br \/>\n\u1ed0ng d\u1eabn v\u00e0o: Ren 18mm<br \/>\nB\u01a1m cao: 3 met<br \/>\nCh\u1ea5t li\u1ec7u: Nh\u1ef1a PP<br \/>\nCh\u1ed1ng \u0103n m\u00f2n v\u00e0 r\u00f2 r\u1ec9<br \/>\nTr\u1ee5c: n\u1eb1m ngang<br \/>\nK\u00edch th\u01b0\u1edbc: 209 x 85 x 116 mm<br \/>\nTr\u1ecdng l\u01b0\u1ee3ng: 1000g<br \/>\nB\u1ea3o h\u00e0nh: 6 th\u00e1ng<br \/>\n<strong>Ph\u00e2n ph\u1ed1i: Maybommini.com<\/strong><br \/>\n<strong>T\u01af V\u1ea4N K\u1ef8 THU\u1eacT \u2013 MUA H\u00c0NG<br \/>\n0908997823 \u2013 0908997872<br \/>\n0907294310 \u2013 02873030399<\/strong><\/p>\n","protected":false},"featured_media":256611,"comment_status":"open","ping_status":"closed","template":"","meta":[],"product_brand":[44],"product_cat":[2004,562],"product_tag":[962,500,268,439,235,2720,564,565,2721,566,567,963,278,279,2719,2718,280],"class_list":{"0":"post-256522","1":"product","2":"type-product","3":"status-publish","4":"has-post-thumbnail","6":"product_brand-smartpumps","7":"product_cat-may-bom-hoa-chat-220v","8":"product_cat-may-bom-hoa-chat","9":"product_tag-20r","10":"product_tag-220v","11":"product_tag-bom-ap-luc-nho-nhat","12":"product_tag-bom-hoa-chat","13":"product_tag-bom-nuoc-mini","14":"product_tag-centrifugal-pump","15":"product_tag-chong-an-mon","16":"product_tag-hoa-chat","17":"product_tag-magnetic-drive-centrifugal-pump","18":"product_tag-may-bom-axit","19":"product_tag-may-bom-hoa-chat","20":"product_tag-mp-20r","21":"product_tag-propumps","22":"product_tag-pump","23":"product_tag-pump-for-chemical","24":"product_tag-pump-magnetic-drive","25":"product_tag-self-priming","27":"first","28":"instock","29":"sale","30":"featured","31":"shipping-taxable","32":"purchasable","33":"product-type-simple"},"_links":{"self":[{"href":"https:\/\/maybommini.vn\/index.php?rest_route=\/wp\/v2\/product\/256522","targetHints":{"allow":["GET"]}}],"collection":[{"href":"https:\/\/maybommini.vn\/index.php?rest_route=\/wp\/v2\/product"}],"about":[{"href":"https:\/\/maybommini.vn\/index.php?rest_route=\/wp\/v2\/types\/product"}],"replies":[{"embeddable":true,"href":"https:\/\/maybommini.vn\/index.php?rest_route=%2Fwp%2Fv2%2Fcomments&post=256522"}],"wp:featuredmedia":[{"embeddable":true,"href":"https:\/\/maybommini.vn\/index.php?rest_route=\/wp\/v2\/media\/256611"}],"wp:attachment":[{"href":"https:\/\/maybommini.vn\/index.php?rest_route=%2Fwp%2Fv2%2Fmedia&parent=256522"}],"wp:term":[{"taxonomy":"product_brand","embeddable":true,"href":"https:\/\/maybommini.vn\/index.php?rest_route=%2Fwp%2Fv2%2Fproduct_brand&post=256522"},{"taxonomy":"product_cat","embeddable":true,"href":"https:\/\/maybommini.vn\/index.php?rest_route=%2Fwp%2Fv2%2Fproduct_cat&post=256522"},{"taxonomy":"product_tag","embeddable":true,"href":"https:\/\/maybommini.vn\/index.php?rest_route=%2Fwp%2Fv2%2Fproduct_tag&post=256522"}],"curies":[{"name":"wp","href":"https:\/\/api.w.org\/{rel}","templated":true}]}}