{"id":256523,"date":"2018-04-12T19:34:46","date_gmt":"2018-04-12T12:34:46","guid":{"rendered":"https:\/\/maybommini.com\/san-pham\/import-placeholder-for-252789"},"modified":"2026-01-27T15:30:09","modified_gmt":"2026-01-27T08:30:09","slug":"may-bom-hoa-chat-220v-mp-10r","status":"publish","type":"product","link":"https:\/\/maybommini.vn\/?product=may-bom-hoa-chat-220v-mp-10r","title":{"rendered":"M\u00e1y b\u01a1m ho\u00e1 ch\u1ea5t 220V 6W 11L MP-10R SMARTPUMPS"},"content":{"rendered":"<p><strong>Nh\u00e0 cung c\u1ea5p ph\u00e2n ph\u1ed1i m\u00e1y b\u01a1m ho\u00e1 ch\u1ea5t 220V 6W 11L MP-10R Smartpumps chuy\u00ean d\u1ee5ng d\u00f9ng \u0111\u1ec3 b\u1edbm h\u00f3a ch\u1ea5t m\u00e0 c\u00e1c lo\u1ea1i m\u00e1y b\u01a1m th\u00f4ng th\u01b0\u1eddng kh\u00e1c kh\u00f4ng b\u01a1m \u0111\u01b0\u1ee3c v\u1edbi thi\u1ebft k\u1ebf nh\u1ecf g\u1ecdn c\u00f3 th\u1ec3 n\u00f3i \u0111\u00e2y l\u00e0 m\u00e1y b\u01a1m ho\u00e1 ch\u1ea5t t\u1ed1t nh\u1ea5t hi\u1ec7n nay do https:\/\/maybommini.com.vn ph\u00e2n ph\u1ed1i \u0111\u1ed9c quy\u1ec1n t\u1ea1i Vi\u1ec7t Nam.<\/strong><\/p>\n<p><strong><a href=\"https:\/\/maybommini.com\/wp-content\/uploads\/2018\/04\/May-bom-hoa-chat-220V-6W-11L-MP-10R-SMARTPUMPS.jpg\" target=\"_blank\" rel=\"noopener\"><img decoding=\"async\" class=\"size-full wp-image-265580 aligncenter\" src=\"https:\/\/maybommini.com\/wp-content\/uploads\/2018\/04\/May-bom-hoa-chat-220V-6W-11L-MP-10R-SMARTPUMPS.jpg\" alt=\"May Bom Hoa Chat 220V 6W 11L MP 10R SMARTPUMPS\" width=\"750\" height=\"750\" srcset=\"https:\/\/maybommini.vn\/wp-content\/uploads\/2018\/04\/May-bom-hoa-chat-220V-6W-11L-MP-10R-SMARTPUMPS.jpg 750w, https:\/\/maybommini.vn\/wp-content\/uploads\/2018\/04\/May-bom-hoa-chat-220V-6W-11L-MP-10R-SMARTPUMPS-300x300.jpg 300w, https:\/\/maybommini.vn\/wp-content\/uploads\/2018\/04\/May-bom-hoa-chat-220V-6W-11L-MP-10R-SMARTPUMPS-150x150.jpg 150w, https:\/\/maybommini.vn\/wp-content\/uploads\/2018\/04\/May-bom-hoa-chat-220V-6W-11L-MP-10R-SMARTPUMPS-600x600.jpg 600w\" sizes=\"(max-width: 750px) 100vw, 750px\" \/><\/a>TH\u00d4NG S\u1ed0 K\u1ef8 THU\u1eacT<\/strong><br \/>\nTh\u01b0\u01a1ng hi\u1ec7u: Smartpumps<br \/>\nModel: MP-10R<br \/>\nS\u1eed d\u1ee5ng: B\u01a1m ho\u00e1 ch\u1ea5t<br \/>\nCh\u1ed1ng\u00a0\u0103n m\u00f2m cao c\u1ea5p<br \/>\n\u0110\u1ed9ng c\u01a1: xoay chi\u1ec1u<br \/>\n\u0110i\u1ec7n \u00e1p: 220V<br \/>\nC\u00f4ng su\u1ea5t (t\u1ed1i \u0111a): 6W<br \/>\nL\u01b0u l\u01b0\u1ee3ng: 5 &#8211; 11 L\/ph\u00fat<br \/>\n\u1ed0ng d\u1eabn ra: Ren 14mm<br \/>\n\u1ed0ng d\u1eabn v\u00e0o: Ren 14mm<br \/>\nB\u01a1m cao: 1 met<br \/>\nCh\u1ea5t li\u1ec7u: Nh\u1ef1a PP<br \/>\nCh\u1ed1ng \u0103n m\u00f2n v\u00e0 r\u00f2 r\u1ec9<br \/>\nTr\u1ee5c: n\u1eb1m ngang<br \/>\nK\u00edch th\u01b0\u1edbc: 130 x 71 x 70 mm<br \/>\nTr\u1ecdng l\u01b0\u1ee3ng: 1000g<\/p>\n<p><strong><a href=\"https:\/\/maybommini.com\/wp-content\/uploads\/2018\/04\/May-bom-hoa-chat-220V-6W-11L-MP-10R-SMARTPUMPS.jpg\" target=\"_blank\" rel=\"noopener\"><img decoding=\"async\" class=\"size-full wp-image-265580 aligncenter\" src=\"https:\/\/maybommini.com\/wp-content\/uploads\/2018\/04\/May-bom-hoa-chat-220V-6W-11L-MP-10R-SMARTPUMPS.jpg\" alt=\"May Bom Hoa Chat 220V 6W 11L MP 10R SMARTPUMPS\" width=\"750\" height=\"750\" srcset=\"https:\/\/maybommini.vn\/wp-content\/uploads\/2018\/04\/May-bom-hoa-chat-220V-6W-11L-MP-10R-SMARTPUMPS.jpg 750w, https:\/\/maybommini.vn\/wp-content\/uploads\/2018\/04\/May-bom-hoa-chat-220V-6W-11L-MP-10R-SMARTPUMPS-300x300.jpg 300w, https:\/\/maybommini.vn\/wp-content\/uploads\/2018\/04\/May-bom-hoa-chat-220V-6W-11L-MP-10R-SMARTPUMPS-150x150.jpg 150w, https:\/\/maybommini.vn\/wp-content\/uploads\/2018\/04\/May-bom-hoa-chat-220V-6W-11L-MP-10R-SMARTPUMPS-600x600.jpg 600w\" sizes=\"(max-width: 750px) 100vw, 750px\" \/><\/a><a href=\"https:\/\/maybommini.com\/wp-content\/uploads\/2018\/04\/May-bom-hoa-chat-gia-re-10R.jpg\" target=\"_blank\" rel=\"noopener\"><img decoding=\"async\" class=\"size-full wp-image-265582 aligncenter\" src=\"https:\/\/maybommini.com\/wp-content\/uploads\/2018\/04\/May-bom-hoa-chat-gia-re-10R.jpg\" alt=\"May Bom Hoa Chat Gia Re 10R\" width=\"750\" height=\"750\" srcset=\"https:\/\/maybommini.vn\/wp-content\/uploads\/2018\/04\/May-bom-hoa-chat-gia-re-10R.jpg 750w, https:\/\/maybommini.vn\/wp-content\/uploads\/2018\/04\/May-bom-hoa-chat-gia-re-10R-300x300.jpg 300w, https:\/\/maybommini.vn\/wp-content\/uploads\/2018\/04\/May-bom-hoa-chat-gia-re-10R-150x150.jpg 150w, https:\/\/maybommini.vn\/wp-content\/uploads\/2018\/04\/May-bom-hoa-chat-gia-re-10R-600x600.jpg 600w\" sizes=\"(max-width: 750px) 100vw, 750px\" \/><\/a><a href=\"https:\/\/maybommini.com\/wp-content\/uploads\/2018\/04\/May-bom-ho-chat-MP-10R-Smartpumps.jpg\" target=\"_blank\" rel=\"noopener\"><img decoding=\"async\" class=\"size-full wp-image-265583 aligncenter\" src=\"https:\/\/maybommini.com\/wp-content\/uploads\/2018\/04\/May-bom-ho-chat-MP-10R-Smartpumps.jpg\" alt=\"May Bom Ho Chat MP 10R Smartpumps\" width=\"750\" height=\"750\" srcset=\"https:\/\/maybommini.vn\/wp-content\/uploads\/2018\/04\/May-bom-ho-chat-MP-10R-Smartpumps.jpg 750w, https:\/\/maybommini.vn\/wp-content\/uploads\/2018\/04\/May-bom-ho-chat-MP-10R-Smartpumps-300x300.jpg 300w, https:\/\/maybommini.vn\/wp-content\/uploads\/2018\/04\/May-bom-ho-chat-MP-10R-Smartpumps-150x150.jpg 150w, https:\/\/maybommini.vn\/wp-content\/uploads\/2018\/04\/May-bom-ho-chat-MP-10R-Smartpumps-600x600.jpg 600w\" sizes=\"(max-width: 750px) 100vw, 750px\" \/><\/a>NGUY\u00caN L\u00dd HO\u1ea0T\u00a0\u0110\u1ed8NG M\u00c1Y B\u01a0M HO\u00c1 CH\u1ea4T<\/strong><br \/>\nM\u00e1y c\u00f3 th\u1ec3 ch\u1ea1y kh\u00f4 m\u00e0 kh\u00f4ng \u1ea3nh h\u01b0\u1edbng t\u1edbi \u0111\u1ed9ng c\u01a1 khi kh\u00f4ng c\u00f3 n\u01b0\u1edbc b\u01a1m. V\u1edbi c\u00e1c m\u00e1y l\u1edbn th\u00ec c\u00f3 th\u1ec3 g\u00e2y h\u1ea1i d\u1eabn t\u1edbi ch\u00e1y \u0111\u1ed9ng c\u01a1.<br \/>\nB\u01a1m n\u01b0\u1edbc ho\u00e1 ch\u1ea5t\u00a0d\u00f9ng tr\u1ef1c ti\u1ebfp ngu\u1ed3n \u0111i\u1ec7n 220V .<br \/>\nM\u00e1y ch\u1ea1y ho\u1ea1t \u0111\u1ed9ng v\u1edbi ti\u1ebfng \u1ed3n nh\u1ecf v\u00e0 \u00eam \u00e1i.<\/p>\n<p><img decoding=\"async\" class=\"aligncenter wp-image-255421\" src=\"https:\/\/maybommini.com.vn\/wp-content\/uploads\/2018\/01\/cau-tao-may-bom-hoa-chat.jpg\" alt=\"Cau Tao May Bom Hoa Chat\" width=\"750\" height=\"750\" srcset=\"https:\/\/maybommini.vn\/wp-content\/uploads\/2018\/01\/cau-tao-may-bom-hoa-chat.jpg 720w, https:\/\/maybommini.vn\/wp-content\/uploads\/2018\/01\/cau-tao-may-bom-hoa-chat-300x300.jpg 300w, https:\/\/maybommini.vn\/wp-content\/uploads\/2018\/01\/cau-tao-may-bom-hoa-chat-600x600.jpg 600w, https:\/\/maybommini.vn\/wp-content\/uploads\/2018\/01\/cau-tao-may-bom-hoa-chat-150x150.jpg 150w\" sizes=\"(max-width: 750px) 100vw, 750px\" \/><\/p>\n<p><strong><a href=\"https:\/\/maybommini.com\/wp-content\/uploads\/2018\/04\/Bom-thuc-pham-cao-cap-MP-10R.jpg\" target=\"_blank\" rel=\"noopener\"><img decoding=\"async\" class=\"size-full wp-image-265577 aligncenter\" src=\"https:\/\/maybommini.com\/wp-content\/uploads\/2018\/04\/Bom-thuc-pham-cao-cap-MP-10R.jpg\" alt=\"Bom Thuc Pham Cao Cap MP 10R\" width=\"750\" height=\"750\" srcset=\"https:\/\/maybommini.vn\/wp-content\/uploads\/2018\/04\/Bom-thuc-pham-cao-cap-MP-10R.jpg 750w, https:\/\/maybommini.vn\/wp-content\/uploads\/2018\/04\/Bom-thuc-pham-cao-cap-MP-10R-300x300.jpg 300w, https:\/\/maybommini.vn\/wp-content\/uploads\/2018\/04\/Bom-thuc-pham-cao-cap-MP-10R-150x150.jpg 150w, https:\/\/maybommini.vn\/wp-content\/uploads\/2018\/04\/Bom-thuc-pham-cao-cap-MP-10R-600x600.jpg 600w\" sizes=\"(max-width: 750px) 100vw, 750px\" \/><\/a><a href=\"https:\/\/maybommini.com\/wp-content\/uploads\/2018\/04\/Magnetic-Drive-Pump-Aid-Resistance-Centrifugal-Water-Pump-Circulation-Water-Pump-10R.jpg\" target=\"_blank\" rel=\"noopener\"><img decoding=\"async\" class=\"size-full wp-image-265578 aligncenter\" src=\"https:\/\/maybommini.com\/wp-content\/uploads\/2018\/04\/Magnetic-Drive-Pump-Aid-Resistance-Centrifugal-Water-Pump-Circulation-Water-Pump-10R.jpg\" alt=\"Magnetic Drive Pump Aid Resistance Centrifugal Water Pump Circulation Water Pump 10R\" width=\"750\" height=\"750\" srcset=\"https:\/\/maybommini.vn\/wp-content\/uploads\/2018\/04\/Magnetic-Drive-Pump-Aid-Resistance-Centrifugal-Water-Pump-Circulation-Water-Pump-10R.jpg 750w, https:\/\/maybommini.vn\/wp-content\/uploads\/2018\/04\/Magnetic-Drive-Pump-Aid-Resistance-Centrifugal-Water-Pump-Circulation-Water-Pump-10R-300x300.jpg 300w, https:\/\/maybommini.vn\/wp-content\/uploads\/2018\/04\/Magnetic-Drive-Pump-Aid-Resistance-Centrifugal-Water-Pump-Circulation-Water-Pump-10R-150x150.jpg 150w, https:\/\/maybommini.vn\/wp-content\/uploads\/2018\/04\/Magnetic-Drive-Pump-Aid-Resistance-Centrifugal-Water-Pump-Circulation-Water-Pump-10R-600x600.jpg 600w\" sizes=\"(max-width: 750px) 100vw, 750px\" \/><\/a>\u1ee8NG D\u1ee4NG M\u00c1Y B\u01a0M HO\u00c1 CH\u1ea4T<\/strong><br \/>\n\u0110\u1eb7c bi\u1ec7t m\u00e1y c\u00f3 kh\u1ea3 n\u0103ng b\u01a1m c\u00e1c lo\u1ea1i ho\u00e1 ch\u1ea5t\u00a0\u0103n m\u00f2n, axit, &#8230;<br \/>\nB\u01a1m n\u01b0\u1edbc bi\u1ec3n, b\u01a1m dung d\u1ecbch \u0111\u1eb7t bi\u1ec7t, b\u01a1m n\u01b0\u1edbc, &#8230;<\/p>\n<p><strong><a href=\"https:\/\/maybommini.com\/wp-content\/uploads\/2018\/04\/May-bom-axit-220V-10R-gia-re.jpg\" target=\"_blank\" rel=\"noopener\"><img decoding=\"async\" class=\"size-full wp-image-265579 aligncenter\" src=\"https:\/\/maybommini.com\/wp-content\/uploads\/2018\/04\/May-bom-axit-220V-10R-gia-re.jpg\" alt=\"May Bom Axit 220V 10R Gia Re\" width=\"750\" height=\"750\" srcset=\"https:\/\/maybommini.vn\/wp-content\/uploads\/2018\/04\/May-bom-axit-220V-10R-gia-re.jpg 750w, https:\/\/maybommini.vn\/wp-content\/uploads\/2018\/04\/May-bom-axit-220V-10R-gia-re-300x300.jpg 300w, https:\/\/maybommini.vn\/wp-content\/uploads\/2018\/04\/May-bom-axit-220V-10R-gia-re-150x150.jpg 150w, https:\/\/maybommini.vn\/wp-content\/uploads\/2018\/04\/May-bom-axit-220V-10R-gia-re-600x600.jpg 600w\" sizes=\"(max-width: 750px) 100vw, 750px\" \/><\/a><\/strong><\/p>\n<p><strong>MUA M\u00c1Y B\u01a0M HO\u00c1 CH\u1ea4T\u00a0\u1ede \u0110\u00c2U ?<\/strong><br \/>\nM\u1ecdi chi ti\u1ebft vui l\u00f2ng li\u00ean h\u1ec7 tr\u1ef1c ti\u1ebfp cho ch\u00fang t\u00f4i \u0111\u1ec3 \u0111\u01b0\u1ee3c t\u01b0 v\u1ea5n theo nhu c\u1ea7u \u0111\u1ec3 c\u00f3 \u0111\u01b0\u1ee3c b\u1ed9 s\u1ea3n ph\u1ea9m t\u1ed1t nh\u1ea5t v\u00e0 ti\u1ebft ki\u1ec7m.\u00a0B\u1ea1n \u1edf xa v\u1eabn c\u00f3 th\u1ec3 mua h\u00e0ng v\u00e0 giao to\u00e0n qu\u1ed1c.<br \/>\n<strong>CTY TNHH TH\u01af\u01a0NG M\u1ea0I D\u1ecaCH V\u1ee4 \u0110I\u1ec6N M\u00c1Y TH\u00d4NG MINH<\/strong><br \/>\n<strong>Hotline:<\/strong> 02873030399 &#8211; 0907294310<br \/>\n<strong>Email:<\/strong> maybommini.com@gmail.com<br \/>\n<strong>Website:<\/strong> http:\/\/maybommini.com<br \/>\n<strong>Facebook:<\/strong> https:\/\/www.facebook.com\/maybommini<br \/>\n<strong>Google:<\/strong> https:\/\/plus.google.com\/ Maybomnuocminiruaxe<br \/>\n<strong>Youtube demo:<\/strong> https:\/\/www.youtube.com\/bahamasali<\/p>\n<h3 style=\"text-align: center;\"><strong>M\u00e1y b\u01a1m ho\u00e1 ch\u1ea5t 220V 6W 11L MP-10R SMARTPUMPS<\/strong><\/h3>\n<p>&nbsp;<\/p>\n<p><img decoding=\"async\" class=\"size-full wp-image-255423 aligncenter\" src=\"https:\/\/maybommini.com.vn\/wp-content\/uploads\/2018\/01\/may-bom-hoa-chat-220v-10R-1.jpg\" alt=\"May Bom Hoa Chat 220v 10R\" width=\"720\" height=\"720\" srcset=\"https:\/\/maybommini.vn\/wp-content\/uploads\/2018\/01\/may-bom-hoa-chat-220v-10R-1.jpg 720w, https:\/\/maybommini.vn\/wp-content\/uploads\/2018\/01\/may-bom-hoa-chat-220v-10R-1-300x300.jpg 300w, https:\/\/maybommini.vn\/wp-content\/uploads\/2018\/01\/may-bom-hoa-chat-220v-10R-1-600x600.jpg 600w, https:\/\/maybommini.vn\/wp-content\/uploads\/2018\/01\/may-bom-hoa-chat-220v-10R-1-150x150.jpg 150w\" sizes=\"(max-width: 720px) 100vw, 720px\" \/><\/p>\n<p><img decoding=\"async\" class=\"size-full wp-image-255425 aligncenter\" src=\"https:\/\/maybommini.com.vn\/wp-content\/uploads\/2018\/01\/MP-10R-220V.jpg\" alt=\"MP 10R 220V\" width=\"750\" height=\"750\" srcset=\"https:\/\/maybommini.vn\/wp-content\/uploads\/2018\/01\/MP-10R-220V.jpg 750w, https:\/\/maybommini.vn\/wp-content\/uploads\/2018\/01\/MP-10R-220V-300x300.jpg 300w, https:\/\/maybommini.vn\/wp-content\/uploads\/2018\/01\/MP-10R-220V-600x600.jpg 600w, https:\/\/maybommini.vn\/wp-content\/uploads\/2018\/01\/MP-10R-220V-150x150.jpg 150w\" sizes=\"(max-width: 750px) 100vw, 750px\" \/> <img decoding=\"async\" class=\"size-full wp-image-255422 aligncenter\" src=\"https:\/\/maybommini.com.vn\/wp-content\/uploads\/2018\/01\/may-bom-axit-hoa-chat-220v-1.jpg\" alt=\"May Bom Axit Hoa Chat 220v\" width=\"720\" height=\"720\" srcset=\"https:\/\/maybommini.vn\/wp-content\/uploads\/2018\/01\/may-bom-axit-hoa-chat-220v-1.jpg 720w, https:\/\/maybommini.vn\/wp-content\/uploads\/2018\/01\/may-bom-axit-hoa-chat-220v-1-300x300.jpg 300w, https:\/\/maybommini.vn\/wp-content\/uploads\/2018\/01\/may-bom-axit-hoa-chat-220v-1-600x600.jpg 600w, https:\/\/maybommini.vn\/wp-content\/uploads\/2018\/01\/may-bom-axit-hoa-chat-220v-1-150x150.jpg 150w\" sizes=\"(max-width: 720px) 100vw, 720px\" \/><\/p>\n<h3 style=\"text-align: center;\"><strong>M\u00c1Y B\u01a0M HO\u00c1 CH\u1ea4T<\/strong><\/h3>\n<p><img decoding=\"async\" class=\"size-full wp-image-255420 aligncenter\" src=\"https:\/\/maybommini.com.vn\/wp-content\/uploads\/2018\/01\/bom-hoa-chat-axit-1.jpg\" alt=\"Bom Hoa Chat Axit\" width=\"720\" height=\"720\" srcset=\"https:\/\/maybommini.vn\/wp-content\/uploads\/2018\/01\/bom-hoa-chat-axit-1.jpg 720w, https:\/\/maybommini.vn\/wp-content\/uploads\/2018\/01\/bom-hoa-chat-axit-1-300x300.jpg 300w, https:\/\/maybommini.vn\/wp-content\/uploads\/2018\/01\/bom-hoa-chat-axit-1-600x600.jpg 600w, https:\/\/maybommini.vn\/wp-content\/uploads\/2018\/01\/bom-hoa-chat-axit-1-150x150.jpg 150w\" sizes=\"(max-width: 720px) 100vw, 720px\" \/><\/p>\n<p><img decoding=\"async\" class=\"size-full wp-image-255426 aligncenter\" src=\"https:\/\/maybommini.com.vn\/wp-content\/uploads\/2018\/01\/Plastic-Acid-Resistance-Micro-Magnetic-Pump.jpg\" alt=\"Plastic Acid Resistance Micro Magnetic Pump\" width=\"720\" height=\"720\" srcset=\"https:\/\/maybommini.vn\/wp-content\/uploads\/2018\/01\/Plastic-Acid-Resistance-Micro-Magnetic-Pump.jpg 720w, https:\/\/maybommini.vn\/wp-content\/uploads\/2018\/01\/Plastic-Acid-Resistance-Micro-Magnetic-Pump-300x300.jpg 300w, https:\/\/maybommini.vn\/wp-content\/uploads\/2018\/01\/Plastic-Acid-Resistance-Micro-Magnetic-Pump-600x600.jpg 600w, https:\/\/maybommini.vn\/wp-content\/uploads\/2018\/01\/Plastic-Acid-Resistance-Micro-Magnetic-Pump-150x150.jpg 150w\" sizes=\"(max-width: 720px) 100vw, 720px\" \/><\/p>\n","protected":false},"excerpt":{"rendered":"<p>Th\u01b0\u01a1ng hi\u1ec7u: Smartpumps<br \/>\nModel: MP-10R<br \/>\nS\u1eed d\u1ee5ng: B\u01a1m ho\u00e1 ch\u1ea5t<br \/>\nCh\u1ed1ng\u00a0\u0103n m\u00f2m cao c\u1ea5p<br \/>\n\u0110\u1ed9ng c\u01a1: xoay chi\u1ec1u<br \/>\n\u0110i\u1ec7n \u00e1p: 220V<br \/>\nC\u00f4ng su\u1ea5t (t\u1ed1i \u0111a): 6W<br \/>\nL\u01b0u l\u01b0\u1ee3ng: 5 &#8211; 11 L\/ph\u00fat<br \/>\n\u1ed0ng d\u1eabn ra: Ren 14mm<br \/>\n\u1ed0ng d\u1eabn v\u00e0o: Ren 14mm<br \/>\nB\u01a1m cao: 1 met<br \/>\nCh\u1ea5t li\u1ec7u: Nh\u1ef1a PP<br \/>\nCh\u1ed1ng \u0103n m\u00f2n v\u00e0 r\u00f2 r\u1ec9<br \/>\nTr\u1ee5c: n\u1eb1m ngang<br \/>\nK\u00edch th\u01b0\u1edbc: 130 x 71 x 70 mm<br \/>\nTr\u1ecdng l\u01b0\u1ee3ng: 1000g<br \/>\nB\u1ea3o h\u00e0nh: 3 th\u00e1ng<br \/>\nPh\u00e2n ph\u1ed1i: Maybommini.com<br \/>\nH\u00f4\u0309 tr\u01a1\u0323 ky\u0303 thu\u00e2\u0323t vi\u0303nh vi\u00ea\u0303n.<br \/>\n<strong>T\u01af V\u1ea4N K\u1ef8 THU\u1eacT \u2013 MUA H\u00c0NG<br \/>\nMUA S\u1ed0 L\u01af\u1ee2NG C\u00d3 GI\u00c1 S\u1ec8<\/strong><br \/>\n0908997823 \u2013 0908997872<br \/>\n0907294310 \u2013 02873030399<\/p>\n","protected":false},"featured_media":265580,"comment_status":"open","ping_status":"closed","template":"","meta":[],"product_brand":[44],"product_cat":[2004,562],"product_tag":[964,500,268,439,235,564,565,566,567,275,965,279,280,420],"class_list":{"0":"post-256523","1":"product","2":"type-product","3":"status-publish","4":"has-post-thumbnail","6":"product_brand-smartpumps","7":"product_cat-may-bom-hoa-chat-220v","8":"product_cat-may-bom-hoa-chat","9":"product_tag-10r","10":"product_tag-220v","11":"product_tag-bom-ap-luc-nho-nhat","12":"product_tag-bom-hoa-chat","13":"product_tag-bom-nuoc-mini","14":"product_tag-chong-an-mon","15":"product_tag-hoa-chat","16":"product_tag-may-bom-axit","17":"product_tag-may-bom-hoa-chat","18":"product_tag-mini","19":"product_tag-mp-10r","20":"product_tag-pump","21":"product_tag-self-priming","22":"product_tag-smartpumps","24":"first","25":"instock","26":"sale","27":"featured","28":"shipping-taxable","29":"purchasable","30":"product-type-simple"},"_links":{"self":[{"href":"https:\/\/maybommini.vn\/index.php?rest_route=\/wp\/v2\/product\/256523","targetHints":{"allow":["GET"]}}],"collection":[{"href":"https:\/\/maybommini.vn\/index.php?rest_route=\/wp\/v2\/product"}],"about":[{"href":"https:\/\/maybommini.vn\/index.php?rest_route=\/wp\/v2\/types\/product"}],"replies":[{"embeddable":true,"href":"https:\/\/maybommini.vn\/index.php?rest_route=%2Fwp%2Fv2%2Fcomments&post=256523"}],"wp:featuredmedia":[{"embeddable":true,"href":"https:\/\/maybommini.vn\/index.php?rest_route=\/wp\/v2\/media\/265580"}],"wp:attachment":[{"href":"https:\/\/maybommini.vn\/index.php?rest_route=%2Fwp%2Fv2%2Fmedia&parent=256523"}],"wp:term":[{"taxonomy":"product_brand","embeddable":true,"href":"https:\/\/maybommini.vn\/index.php?rest_route=%2Fwp%2Fv2%2Fproduct_brand&post=256523"},{"taxonomy":"product_cat","embeddable":true,"href":"https:\/\/maybommini.vn\/index.php?rest_route=%2Fwp%2Fv2%2Fproduct_cat&post=256523"},{"taxonomy":"product_tag","embeddable":true,"href":"https:\/\/maybommini.vn\/index.php?rest_route=%2Fwp%2Fv2%2Fproduct_tag&post=256523"}],"curies":[{"name":"wp","href":"https:\/\/api.w.org\/{rel}","templated":true}]}}