{"id":256524,"date":"2018-04-12T19:34:47","date_gmt":"2018-04-12T12:34:47","guid":{"rendered":"https:\/\/maybommini.com\/san-pham\/import-placeholder-for-252790"},"modified":"2025-09-22T05:01:30","modified_gmt":"2025-09-21T22:01:30","slug":"may-bom-hoa-chat-220v-mp-15r","status":"publish","type":"product","link":"https:\/\/maybommini.vn\/?product=may-bom-hoa-chat-220v-mp-15r","title":{"rendered":"M\u00e1y B\u01a1m Ho\u00e1 Ch\u1ea5t 220V 10W 16L MP-15R SMARTPUMPS"},"content":{"rendered":"<p><strong>Chuy\u00ean ph\u00e2n ph\u1ed1i <a href=\"https:\/\/maybommini.com\/danh-muc\/may-bom-hoa-chat\" target=\"_blank\" rel=\"noopener noreferrer\">m\u00e1y b\u01a1m ho\u00e1 ch\u1ea5t<\/a> 220V MP-15R chuy\u00ean d\u1ee5ng d\u00f9ng \u0111\u1ec3 b\u01a1m h\u00f3a ch\u1ea5t m\u00e0 c\u00e1c lo\u1ea1i m\u00e1y b\u01a1m th\u00f4ng th\u01b0\u1eddng kh\u00e1c kh\u00f4ng b\u01a1m \u0111\u01b0\u1ee3c v\u1edbi thi\u1ebft k\u1ebf nh\u1ecf g\u1ecdn c\u00f3 th\u1ec3 n\u00f3i \u0111\u00e2y l\u00e0 m\u00e1y b\u01a1m ho\u00e1 ch\u1ea5t t\u1ed1t\u00a0nh\u1ea5t hi\u1ec7n nay do <a href=\"https:\/\/maybommini.com\" target=\"_blank\" rel=\"noopener noreferrer\">https:\/\/maybommini.com<\/a> ph\u00e2n ph\u1ed1i \u0111\u1ed9c quy\u1ec1n t\u1ea1i Vi\u1ec7t Nam.<\/strong><\/p>\n<p><strong><a href=\"https:\/\/maybommini.com\/wp-content\/uploads\/2018\/04\/May-bom-hoa-chat-220V-10W-16L-MP-15R-SMARTPUMPS.jpg\" target=\"_blank\" rel=\"noopener\"><img decoding=\"async\" class=\"size-full wp-image-265458 aligncenter\" src=\"https:\/\/maybommini.com\/wp-content\/uploads\/2018\/04\/May-bom-hoa-chat-220V-10W-16L-MP-15R-SMARTPUMPS.jpg\" alt=\"May Bom Hoa Chat 220V 10W 16L MP 15R SMARTPUMPS\" width=\"750\" height=\"750\" srcset=\"https:\/\/maybommini.vn\/wp-content\/uploads\/2018\/04\/May-bom-hoa-chat-220V-10W-16L-MP-15R-SMARTPUMPS.jpg 750w, https:\/\/maybommini.vn\/wp-content\/uploads\/2018\/04\/May-bom-hoa-chat-220V-10W-16L-MP-15R-SMARTPUMPS-300x300.jpg 300w, https:\/\/maybommini.vn\/wp-content\/uploads\/2018\/04\/May-bom-hoa-chat-220V-10W-16L-MP-15R-SMARTPUMPS-150x150.jpg 150w, https:\/\/maybommini.vn\/wp-content\/uploads\/2018\/04\/May-bom-hoa-chat-220V-10W-16L-MP-15R-SMARTPUMPS-600x600.jpg 600w\" sizes=\"(max-width: 750px) 100vw, 750px\" \/><\/a>TH\u00d4NG S\u1ed0 K\u1ef8 THU\u1eacT<\/strong><br \/>\nTh\u01b0\u01a1ng hi\u1ec7u: SMARTPUMPS<br \/>\nModel: MP-15R<br \/>\nCh\u1ed1ng\u00a0\u0103n m\u00f2m cao c\u1ea5p<br \/>\n\u0110\u1ed9ng c\u01a1: xoay chi\u1ec1u<br \/>\n\u0110i\u1ec7n \u00e1p: 220V\u00a0 AC<br \/>\nC\u00f4ng su\u1ea5t: 10W<br \/>\nL\u01b0u l\u01b0\u1ee3ng: 16 L\/ph\u00fat<br \/>\n\u0110\u01b0\u1eddng k\u00ednh \u1ed1ng x\u1ea3: 16 mm<br \/>\n\u0110\u01b0\u1eddng k\u00ednh \u1ed1ng h\u00fat: 16 mm<br \/>\nB\u01a1m cao: 2.4 met<br \/>\nCh\u1ea5t li\u1ec7u: Nh\u1ef1a PP &#8211; \u0110\u1ed3ng &#8211; Gang<br \/>\nCh\u1ed1ng \u0103n m\u00f2n v\u00e0 r\u00f2 r\u1ec9.<br \/>\nB\u01a1m tr\u1ee5c n\u1eb1m ngang.<br \/>\nC\u1ea5p \u0111\u1ed9 b\u1ea3o v\u1ec7 IP44.<br \/>\nL\u1edbp b\u1ea3o v\u1ec7: B<br \/>\nK\u00edch th\u01b0\u1edbc: 180 x 9 x 11 mm<br \/>\nTr\u1ecdng l\u01b0\u1ee3ng: 1.5 Kg.<\/p>\n<p><strong><a href=\"https:\/\/maybommini.com\/wp-content\/uploads\/2018\/04\/May-bom-axit-an-mon-220v-Smartpumps-15R.jpg\" target=\"_blank\" rel=\"noopener\"><img decoding=\"async\" class=\"size-full wp-image-265457 aligncenter\" src=\"https:\/\/maybommini.com\/wp-content\/uploads\/2018\/04\/May-bom-axit-an-mon-220v-Smartpumps-15R.jpg\" alt=\"May Bom Axit An Mon 220v Smartpumps 15R\" width=\"750\" height=\"750\" srcset=\"https:\/\/maybommini.vn\/wp-content\/uploads\/2018\/04\/May-bom-axit-an-mon-220v-Smartpumps-15R.jpg 750w, https:\/\/maybommini.vn\/wp-content\/uploads\/2018\/04\/May-bom-axit-an-mon-220v-Smartpumps-15R-300x300.jpg 300w, https:\/\/maybommini.vn\/wp-content\/uploads\/2018\/04\/May-bom-axit-an-mon-220v-Smartpumps-15R-150x150.jpg 150w, https:\/\/maybommini.vn\/wp-content\/uploads\/2018\/04\/May-bom-axit-an-mon-220v-Smartpumps-15R-600x600.jpg 600w\" sizes=\"(max-width: 750px) 100vw, 750px\" \/><\/a><a href=\"https:\/\/maybommini.com\/wp-content\/uploads\/2018\/04\/Bom-hoa-chat-va-thuc-pham-220v-MP-15R.jpg\" target=\"_blank\" rel=\"noopener\"><img decoding=\"async\" class=\"size-full wp-image-265459 aligncenter\" src=\"https:\/\/maybommini.com\/wp-content\/uploads\/2018\/04\/Bom-hoa-chat-va-thuc-pham-220v-MP-15R.jpg\" alt=\"Bom Hoa Chat Va Thuc Pham 220v MP 15R\" width=\"750\" height=\"750\" srcset=\"https:\/\/maybommini.vn\/wp-content\/uploads\/2018\/04\/Bom-hoa-chat-va-thuc-pham-220v-MP-15R.jpg 750w, https:\/\/maybommini.vn\/wp-content\/uploads\/2018\/04\/Bom-hoa-chat-va-thuc-pham-220v-MP-15R-300x300.jpg 300w, https:\/\/maybommini.vn\/wp-content\/uploads\/2018\/04\/Bom-hoa-chat-va-thuc-pham-220v-MP-15R-150x150.jpg 150w, https:\/\/maybommini.vn\/wp-content\/uploads\/2018\/04\/Bom-hoa-chat-va-thuc-pham-220v-MP-15R-600x600.jpg 600w\" sizes=\"(max-width: 750px) 100vw, 750px\" \/><\/a><br \/>\n<a href=\"https:\/\/maybommini.com\/wp-content\/uploads\/2018\/04\/Bom-thuc-pham-hoa-chat-MP-15R.jpg\" target=\"_blank\" rel=\"noopener\"><img decoding=\"async\" class=\"size-full wp-image-265460 aligncenter\" src=\"https:\/\/maybommini.com\/wp-content\/uploads\/2018\/04\/Bom-thuc-pham-hoa-chat-MP-15R.jpg\" alt=\"Bom Thuc Pham Hoa Chat MP 15R\" width=\"750\" height=\"750\" srcset=\"https:\/\/maybommini.vn\/wp-content\/uploads\/2018\/04\/Bom-thuc-pham-hoa-chat-MP-15R.jpg 750w, https:\/\/maybommini.vn\/wp-content\/uploads\/2018\/04\/Bom-thuc-pham-hoa-chat-MP-15R-300x300.jpg 300w, https:\/\/maybommini.vn\/wp-content\/uploads\/2018\/04\/Bom-thuc-pham-hoa-chat-MP-15R-150x150.jpg 150w, https:\/\/maybommini.vn\/wp-content\/uploads\/2018\/04\/Bom-thuc-pham-hoa-chat-MP-15R-600x600.jpg 600w\" sizes=\"(max-width: 750px) 100vw, 750px\" \/><\/a><a href=\"https:\/\/maybommini.com\/wp-content\/uploads\/2018\/04\/Magnetic-Drive-Centrifugal-Pump-MP-15R.jpg\" target=\"_blank\" rel=\"noopener\"><img decoding=\"async\" class=\"size-full wp-image-265461 aligncenter\" src=\"https:\/\/maybommini.com\/wp-content\/uploads\/2018\/04\/Magnetic-Drive-Centrifugal-Pump-MP-15R.jpg\" alt=\"Magnetic Drive Centrifugal Pump MP 15R\" width=\"750\" height=\"750\" srcset=\"https:\/\/maybommini.vn\/wp-content\/uploads\/2018\/04\/Magnetic-Drive-Centrifugal-Pump-MP-15R.jpg 750w, https:\/\/maybommini.vn\/wp-content\/uploads\/2018\/04\/Magnetic-Drive-Centrifugal-Pump-MP-15R-300x300.jpg 300w, https:\/\/maybommini.vn\/wp-content\/uploads\/2018\/04\/Magnetic-Drive-Centrifugal-Pump-MP-15R-150x150.jpg 150w, https:\/\/maybommini.vn\/wp-content\/uploads\/2018\/04\/Magnetic-Drive-Centrifugal-Pump-MP-15R-600x600.jpg 600w\" sizes=\"(max-width: 750px) 100vw, 750px\" \/><\/a><a href=\"https:\/\/maybommini.com\/wp-content\/uploads\/2018\/04\/Magnetic-Drive-Pump-Aid-Resistance-Centrifugal-Water-Pump-Circulation-Water-Pump.jpg\" target=\"_blank\" rel=\"noopener\"><img decoding=\"async\" class=\"size-full wp-image-265462 aligncenter\" src=\"https:\/\/maybommini.com\/wp-content\/uploads\/2018\/04\/Magnetic-Drive-Pump-Aid-Resistance-Centrifugal-Water-Pump-Circulation-Water-Pump.jpg\" alt=\"Magnetic Drive Pump Aid Resistance Centrifugal Water Pump Circulation Water Pump\" width=\"750\" height=\"750\" srcset=\"https:\/\/maybommini.vn\/wp-content\/uploads\/2018\/04\/Magnetic-Drive-Pump-Aid-Resistance-Centrifugal-Water-Pump-Circulation-Water-Pump.jpg 750w, https:\/\/maybommini.vn\/wp-content\/uploads\/2018\/04\/Magnetic-Drive-Pump-Aid-Resistance-Centrifugal-Water-Pump-Circulation-Water-Pump-300x300.jpg 300w, https:\/\/maybommini.vn\/wp-content\/uploads\/2018\/04\/Magnetic-Drive-Pump-Aid-Resistance-Centrifugal-Water-Pump-Circulation-Water-Pump-150x150.jpg 150w, https:\/\/maybommini.vn\/wp-content\/uploads\/2018\/04\/Magnetic-Drive-Pump-Aid-Resistance-Centrifugal-Water-Pump-Circulation-Water-Pump-600x600.jpg 600w\" sizes=\"(max-width: 750px) 100vw, 750px\" \/><\/a><\/strong><strong>NGUY\u00caN L\u00dd HO\u1ea0T\u00a0\u0110\u1ed8NG M\u00c1Y B\u01a0M HO\u00c1 CH\u1ea4T<\/strong><br \/>\nM\u00e1y c\u00f3 th\u1ec3 ch\u1ea1y kh\u00f4 m\u00e0 kh\u00f4ng \u1ea3nh h\u01b0\u1edbng t\u1edbi \u0111\u1ed9ng c\u01a1 khi kh\u00f4ng c\u00f3 n\u01b0\u1edbc b\u01a1m. V\u1edbi c\u00e1c m\u00e1y l\u1edbn th\u00ec c\u00f3 th\u1ec3 g\u00e2y h\u1ea1i d\u1eabn t\u1edbi ch\u00e1y \u0111\u1ed9ng c\u01a1.<br \/>\nB\u01a1m n\u01b0\u1edbc ho\u00e1 ch\u1ea5t\u00a0d\u00f9ng tr\u1ef1c ti\u1ebfp ngu\u1ed3n \u0111i\u1ec7n 220V .<br \/>\nM\u00e1y ch\u1ea1y ho\u1ea1t \u0111\u1ed9ng v\u1edbi ti\u1ebfng \u1ed3n nh\u1ecf v\u00e0 \u00eam \u00e1i.<\/p>\n<p><strong><a href=\"https:\/\/maybommini.com\/wp-content\/uploads\/2018\/04\/Cau-tao-may-bom-hoa-chat-MP-Smartpumps.jpg\" target=\"_blank\" rel=\"noopener\"><img decoding=\"async\" class=\"size-full wp-image-264489 aligncenter\" src=\"https:\/\/maybommini.com\/wp-content\/uploads\/2018\/04\/Cau-tao-may-bom-hoa-chat-MP-Smartpumps.jpg\" alt=\"Cau Tao May Bom Hoa Chat MP Smartpumps\" width=\"750\" height=\"750\" srcset=\"https:\/\/maybommini.vn\/wp-content\/uploads\/2018\/04\/Cau-tao-may-bom-hoa-chat-MP-Smartpumps.jpg 750w, https:\/\/maybommini.vn\/wp-content\/uploads\/2018\/04\/Cau-tao-may-bom-hoa-chat-MP-Smartpumps-300x300.jpg 300w, https:\/\/maybommini.vn\/wp-content\/uploads\/2018\/04\/Cau-tao-may-bom-hoa-chat-MP-Smartpumps-150x150.jpg 150w, https:\/\/maybommini.vn\/wp-content\/uploads\/2018\/04\/Cau-tao-may-bom-hoa-chat-MP-Smartpumps-600x600.jpg 600w\" sizes=\"(max-width: 750px) 100vw, 750px\" \/><\/a>\u1ee8NG D\u1ee4NG M\u00c1Y B\u01a0M HO\u00c1 CH\u1ea4T<\/strong><br \/>\n\u0110\u1eb7c bi\u1ec7t m\u00e1y c\u00f3 kh\u1ea3 n\u0103ng b\u01a1m c\u00e1c lo\u1ea1i ho\u00e1 ch\u1ea5t\u00a0\u0103n m\u00f2n, axit, &#8230;<br \/>\nB\u01a1m n\u01b0\u1edbc bi\u1ec3n, b\u01a1m dung d\u1ecbch \u0111\u1eb7t bi\u1ec7t, b\u01a1m n\u01b0\u1edbc, &#8230;<\/p>\n<p><strong><a href=\"https:\/\/maybommini.com\/wp-content\/uploads\/2018\/04\/Bieu-do-luu-luong-may-bom-hoa-chat-MP.jpg\" target=\"_blank\" rel=\"noopener\"><img decoding=\"async\" class=\"size-full wp-image-264488 aligncenter\" src=\"https:\/\/maybommini.com\/wp-content\/uploads\/2018\/04\/Bieu-do-luu-luong-may-bom-hoa-chat-MP.jpg\" alt=\"Bieu Do Luu Luong May Bom Hoa Chat MP\" width=\"750\" height=\"750\" srcset=\"https:\/\/maybommini.vn\/wp-content\/uploads\/2018\/04\/Bieu-do-luu-luong-may-bom-hoa-chat-MP.jpg 750w, https:\/\/maybommini.vn\/wp-content\/uploads\/2018\/04\/Bieu-do-luu-luong-may-bom-hoa-chat-MP-300x300.jpg 300w, https:\/\/maybommini.vn\/wp-content\/uploads\/2018\/04\/Bieu-do-luu-luong-may-bom-hoa-chat-MP-150x150.jpg 150w, https:\/\/maybommini.vn\/wp-content\/uploads\/2018\/04\/Bieu-do-luu-luong-may-bom-hoa-chat-MP-600x600.jpg 600w\" sizes=\"(max-width: 750px) 100vw, 750px\" \/><\/a><a href=\"https:\/\/maybommini.com\/wp-content\/uploads\/2018\/04\/Thong-so-ky-thuat-may-bom-hoa-chat-MP-Smatpumps.jpg\" target=\"_blank\" rel=\"noopener\"><img decoding=\"async\" class=\"size-full wp-image-264487 aligncenter\" src=\"https:\/\/maybommini.com\/wp-content\/uploads\/2018\/04\/Thong-so-ky-thuat-may-bom-hoa-chat-MP-Smatpumps.jpg\" alt=\"Thong So Ky Thuat May Bom Hoa Chat MP Smatpumps\" width=\"750\" height=\"1205\" srcset=\"https:\/\/maybommini.vn\/wp-content\/uploads\/2018\/04\/Thong-so-ky-thuat-may-bom-hoa-chat-MP-Smatpumps.jpg 750w, https:\/\/maybommini.vn\/wp-content\/uploads\/2018\/04\/Thong-so-ky-thuat-may-bom-hoa-chat-MP-Smatpumps-150x241.jpg 150w, https:\/\/maybommini.vn\/wp-content\/uploads\/2018\/04\/Thong-so-ky-thuat-may-bom-hoa-chat-MP-Smatpumps-600x964.jpg 600w\" sizes=\"(max-width: 750px) 100vw, 750px\" \/><\/a>MUA M\u00c1Y B\u01a0M HO\u00c1 CH\u1ea4T\u00a0\u1ede \u0110\u00c2U ?<\/strong><br \/>\nM\u1ecdi chi ti\u1ebft vui l\u00f2ng li\u00ean h\u1ec7 tr\u1ef1c ti\u1ebfp cho ch\u00fang t\u00f4i \u0111\u1ec3 \u0111\u01b0\u1ee3c t\u01b0 v\u1ea5n theo nhu c\u1ea7u \u0111\u1ec3 c\u00f3 \u0111\u01b0\u1ee3c b\u1ed9 s\u1ea3n ph\u1ea9m t\u1ed1t nh\u1ea5t v\u00e0 ti\u1ebft ki\u1ec7m.\u00a0B\u1ea1n \u1edf xa v\u1eabn c\u00f3 th\u1ec3 mua h\u00e0ng v\u00e0 giao to\u00e0n qu\u1ed1c.<br \/>\n<strong>CTY TNHH TH\u01af\u01a0NG M\u1ea0I D\u1ecaCH V\u1ee4 \u0110I\u1ec6N M\u00c1Y TH\u00d4NG MINH<\/strong><br \/>\n<strong>Hotline:<\/strong> 02873030399 &#8211; 090 729 4310<br \/>\n<strong>Email:<\/strong> maybommini.com@gmail.com<br \/>\n<strong>Website:<\/strong> http:\/\/maybommini.com<br \/>\n<strong>Facebook:<\/strong> https:\/\/www.facebook.com\/maybommini<br \/>\n<strong>Google:<\/strong> https:\/\/plus.google.com\/ Maybomnuocminiruaxe<br \/>\n<strong>Youtube demo:<\/strong> https:\/\/www.youtube.com\/bahamasali<\/p>\n<h3 style=\"text-align: center;\"><strong>M\u00e1y B\u01a1m Ho\u00e1 Ch\u1ea5t 220V 10W 16L MP-15R SMARTPUMPS<br \/>\nMagnetic Drive Centrifugal Pump<\/strong><\/h3>\n<p><a href=\"https:\/\/maybommini.com\/wp-content\/uploads\/2019\/05\/ban-may-bom-hoa-chat-chinh-hang-gia-tot.jpg\" target=\"_blank\" rel=\"noopener\"><img decoding=\"async\" class=\"size-full wp-image-261858 aligncenter\" src=\"https:\/\/maybommini.com\/wp-content\/uploads\/2019\/05\/ban-may-bom-hoa-chat-chinh-hang-gia-tot.jpg\" alt=\"Ban May Bom Hoa Chat Chinh Hang Gia Tot\" width=\"750\" height=\"750\" srcset=\"https:\/\/maybommini.vn\/wp-content\/uploads\/2019\/05\/ban-may-bom-hoa-chat-chinh-hang-gia-tot.jpg 750w, https:\/\/maybommini.vn\/wp-content\/uploads\/2019\/05\/ban-may-bom-hoa-chat-chinh-hang-gia-tot-300x300.jpg 300w, https:\/\/maybommini.vn\/wp-content\/uploads\/2019\/05\/ban-may-bom-hoa-chat-chinh-hang-gia-tot-150x150.jpg 150w, https:\/\/maybommini.vn\/wp-content\/uploads\/2019\/05\/ban-may-bom-hoa-chat-chinh-hang-gia-tot-600x600.jpg 600w\" sizes=\"(max-width: 750px) 100vw, 750px\" \/><\/a><\/p>\n<p><a href=\"https:\/\/maybommini.com\/wp-content\/uploads\/2019\/05\/kich-thuoc-may-bom-hoa-chat.jpg\" target=\"_blank\" rel=\"noopener\"><img decoding=\"async\" class=\"size-full wp-image-261860 aligncenter\" src=\"https:\/\/maybommini.com\/wp-content\/uploads\/2019\/05\/kich-thuoc-may-bom-hoa-chat.jpg\" alt=\"Kich Thuoc May Bom Hoa Chat\" width=\"750\" height=\"750\" srcset=\"https:\/\/maybommini.vn\/wp-content\/uploads\/2019\/05\/kich-thuoc-may-bom-hoa-chat.jpg 750w, https:\/\/maybommini.vn\/wp-content\/uploads\/2019\/05\/kich-thuoc-may-bom-hoa-chat-300x300.jpg 300w, https:\/\/maybommini.vn\/wp-content\/uploads\/2019\/05\/kich-thuoc-may-bom-hoa-chat-150x150.jpg 150w, https:\/\/maybommini.vn\/wp-content\/uploads\/2019\/05\/kich-thuoc-may-bom-hoa-chat-600x600.jpg 600w\" sizes=\"(max-width: 750px) 100vw, 750px\" \/><\/a><\/p>\n<p><strong>NGUY\u00caN L\u00dd HO\u1ea0T\u00a0\u0110\u1ed8NG M\u00c1Y B\u01a0M HO\u00c1 CH\u1ea4T<br \/>\n<\/strong>M\u00e1y c\u00f3 th\u1ec3 ch\u1ea1y kh\u00f4 m\u00e0 kh\u00f4ng \u1ea3nh h\u01b0\u1edbng t\u1edbi \u0111\u1ed9ng c\u01a1 khi kh\u00f4ng c\u00f3 n\u01b0\u1edbc b\u01a1m. V\u1edbi c\u00e1c m\u00e1y l\u1edbn th\u00ec c\u00f3 th\u1ec3 g\u00e2y h\u1ea1i d\u1eabn t\u1edbi ch\u00e1y \u0111\u1ed9ng c\u01a1.<br \/>\nB\u01a1m n\u01b0\u1edbc ho\u00e1 ch\u1ea5t\u00a0d\u00f9ng tr\u1ef1c ti\u1ebfp ngu\u1ed3n \u0111i\u1ec7n 220V .<br \/>\nM\u00e1y ch\u1ea1y ho\u1ea1t \u0111\u1ed9ng v\u1edbi ti\u1ebfng \u1ed3n nh\u1ecf v\u00e0 \u00eam \u00e1i.<\/p>\n<p><a href=\"https:\/\/maybommini.com\/wp-content\/uploads\/2019\/05\/Cau-tao-may-bom-hoa-chat-chong-an-mon-100R.jpg\" target=\"_blank\" rel=\"noopener\"><img decoding=\"async\" class=\"size-full wp-image-261870 aligncenter\" src=\"https:\/\/maybommini.com\/wp-content\/uploads\/2019\/05\/Cau-tao-may-bom-hoa-chat-chong-an-mon-100R.jpg\" alt=\"Cau Tao May Bom Hoa Chat Chong An Mon 100R\" width=\"750\" height=\"750\" srcset=\"https:\/\/maybommini.vn\/wp-content\/uploads\/2019\/05\/Cau-tao-may-bom-hoa-chat-chong-an-mon-100R.jpg 750w, https:\/\/maybommini.vn\/wp-content\/uploads\/2019\/05\/Cau-tao-may-bom-hoa-chat-chong-an-mon-100R-300x300.jpg 300w, https:\/\/maybommini.vn\/wp-content\/uploads\/2019\/05\/Cau-tao-may-bom-hoa-chat-chong-an-mon-100R-150x150.jpg 150w, https:\/\/maybommini.vn\/wp-content\/uploads\/2019\/05\/Cau-tao-may-bom-hoa-chat-chong-an-mon-100R-600x600.jpg 600w\" sizes=\"(max-width: 750px) 100vw, 750px\" \/><\/a><\/p>\n<p>&nbsp;<\/p>\n","protected":false},"excerpt":{"rendered":"<p>Th\u01b0\u01a1ng hi\u1ec7u: SMARTPUMPS<br \/>\nModel: MP-15R<br \/>\nCh\u1ed1ng\u00a0\u0103n m\u00f2m cao c\u1ea5p<br \/>\n\u0110\u1ed9ng c\u01a1: xoay chi\u1ec1u<br \/>\n\u0110i\u1ec7n \u00e1p: 220V\u00a0 AC<br \/>\nC\u00f4ng su\u1ea5t: 10W<br \/>\nL\u01b0u l\u01b0\u1ee3ng: 16 L\/ph\u00fat<br \/>\n\u0110\u01b0\u1eddng k\u00ednh \u1ed1ng x\u1ea3: 16 mm<br \/>\n\u0110\u01b0\u1eddng k\u00ednh \u1ed1ng h\u00fat: 16 mm<br \/>\nB\u01a1m cao: 2.4 met<br \/>\nCh\u1ea5t li\u1ec7u: Nh\u1ef1a PP &#8211; \u0110\u1ed3ng &#8211; Gang<br \/>\nCh\u1ed1ng \u0103n m\u00f2n v\u00e0 r\u00f2 r\u1ec9.<br \/>\nB\u01a1m tr\u1ee5c n\u1eb1m ngang.<br \/>\nC\u1ea5p \u0111\u1ed9 b\u1ea3o v\u1ec7 IP44.<br \/>\nL\u1edbp b\u1ea3o v\u1ec7: B<br \/>\nK\u00edch th\u01b0\u1edbc: 180 x 9 x 11 mm<br \/>\nTr\u1ecdng l\u01b0\u1ee3ng: 1.5 Kg.<br \/>\nB\u1ea3o h\u00e0nh: 6 th\u00e1ng<br \/>\n<strong>Ph\u00e2n ph\u1ed1i: Maybommini.com<\/strong><br \/>\n<strong>T\u01af V\u1ea4N K\u1ef8 THU\u1eacT &#8211; MUA H\u00c0NG<br \/>\n0908997823 &#8211; 0908997872<br \/>\n0907294310 &#8211; 02873030399<\/strong><\/p>\n","protected":false},"featured_media":265458,"comment_status":"open","ping_status":"closed","template":"","meta":[],"product_brand":[44],"product_cat":[2004,562],"product_tag":[966,500,1336,439,564,565,2721,566,567,967,963],"class_list":{"0":"post-256524","1":"product","2":"type-product","3":"status-publish","4":"has-post-thumbnail","6":"product_brand-smartpumps","7":"product_cat-may-bom-hoa-chat-220v","8":"product_cat-may-bom-hoa-chat","9":"product_tag-15r","10":"product_tag-220v","11":"product_tag-bom-axit","12":"product_tag-bom-hoa-chat","13":"product_tag-chong-an-mon","14":"product_tag-hoa-chat","15":"product_tag-magnetic-drive-centrifugal-pump","16":"product_tag-may-bom-axit","17":"product_tag-may-bom-hoa-chat","18":"product_tag-mp-15r","19":"product_tag-mp-20r","21":"first","22":"instock","23":"sale","24":"featured","25":"shipping-taxable","26":"purchasable","27":"product-type-simple"},"_links":{"self":[{"href":"https:\/\/maybommini.vn\/index.php?rest_route=\/wp\/v2\/product\/256524","targetHints":{"allow":["GET"]}}],"collection":[{"href":"https:\/\/maybommini.vn\/index.php?rest_route=\/wp\/v2\/product"}],"about":[{"href":"https:\/\/maybommini.vn\/index.php?rest_route=\/wp\/v2\/types\/product"}],"replies":[{"embeddable":true,"href":"https:\/\/maybommini.vn\/index.php?rest_route=%2Fwp%2Fv2%2Fcomments&post=256524"}],"wp:featuredmedia":[{"embeddable":true,"href":"https:\/\/maybommini.vn\/index.php?rest_route=\/wp\/v2\/media\/265458"}],"wp:attachment":[{"href":"https:\/\/maybommini.vn\/index.php?rest_route=%2Fwp%2Fv2%2Fmedia&parent=256524"}],"wp:term":[{"taxonomy":"product_brand","embeddable":true,"href":"https:\/\/maybommini.vn\/index.php?rest_route=%2Fwp%2Fv2%2Fproduct_brand&post=256524"},{"taxonomy":"product_cat","embeddable":true,"href":"https:\/\/maybommini.vn\/index.php?rest_route=%2Fwp%2Fv2%2Fproduct_cat&post=256524"},{"taxonomy":"product_tag","embeddable":true,"href":"https:\/\/maybommini.vn\/index.php?rest_route=%2Fwp%2Fv2%2Fproduct_tag&post=256524"}],"curies":[{"name":"wp","href":"https:\/\/api.w.org\/{rel}","templated":true}]}}