{"id":256527,"date":"2018-04-12T19:34:47","date_gmt":"2018-04-12T12:34:47","guid":{"rendered":"https:\/\/maybommini.com\/san-pham\/import-placeholder-for-252811"},"modified":"2018-12-04T15:40:58","modified_gmt":"2018-12-04T08:40:58","slug":"tam-pin-nang-luong-mat-troi-sola-40w","status":"publish","type":"product","link":"https:\/\/maybommini.vn\/?product=tam-pin-nang-luong-mat-troi-sola-40w","title":{"rendered":"T\u1ea5m Pin n\u0103ng l\u01b0\u1ee3ng m\u1eb7t tr\u1eddi Sola 40W"},"content":{"rendered":"<h2><strong>T\u1ea5m Pin n\u0103ng l\u01b0\u1ee3ng m\u1eb7t tr\u1eddi Sola (Solar panels) 40W \u0111\u00e1p \u1ee9ng ti\u00eau chu\u1ea9n ch\u1ea5t l\u01b0\u1ee3ng nghi\u00eam ng\u1eb7t cu\u0309a IEC, UL, CE, TUV , ETL \u0111\u00e2y l\u00e0 lo\u1ea1i Pin n\u0103ng l\u01b0\u1ee3ng m\u1eb7t tr\u1eddi gi\u00fap ti\u1ebft ki\u1ec7m \u0111i\u1ec7n cho gia \u0111\u00ecnh, h\u1ec7 th\u1ed1ng n\u0103ng l\u01b0\u1ee3ng xanh s\u1ea1ch, n\u0103ng l\u01b0\u1ee3ng \u0111i\u1ec7n t\u00f2a nh\u00e0 \u0111\u00e2y l\u00e0 gi\u1ea3i ph\u00e1p n\u0103ng l\u01b0\u1ee3ng xanh tr\u00ean th\u1ebf gi\u1edbi. Tu\u1ed5i th\u1ecd tr\u00ean 25 n\u0103m \u0111\u1ec3 \u0111\u1ea3m b\u1ea3o hi\u1ec7u su\u1ea5t t\u1ed1i \u0111a cho hi\u00ea\u0323u qua\u0309 h\u1ec7 th\u1ed1ng cao nh\u00e2\u0301t.<\/strong><\/h2>\n<p><img decoding=\"async\" class=\"size-full wp-image-247284 aligncenter\" src=\"https:\/\/maybommini.com\/wp-content\/uploads\/2016\/12\/tam-pin-nang-luong-mat-troi-40w.jpg\" alt=\"tam-pin-nang-luong-mat-troi-40w\" width=\"550\" height=\"550\" \/><\/p>\n<h2><strong>C\u00e1c t\u00ednh n\u0103ng ch\u00ednh c\u1ee7a T\u1ea5m Pin n\u0103ng l\u01b0\u1ee3ng m\u1eb7t tr\u1eddi Sola 40W<\/strong><\/h2>\n<p><strong>\u00a0 \u25cf<\/strong>\u00a0C\u1ea5u tr\u00fac t\u1ebf b\u00e0o Monocrystalline hi\u1ec7u su\u1ea5t cao.<br \/>\n<strong>\u00a0<\/strong><strong>\u00a0\u25cf<\/strong>\u00a0Tu\u1ed5i th\u1ecd\u00a0T\u1ea5m pin n\u0103ng l\u01b0\u1ee3ng m\u1eb7t tr\u1eddi Solarcity (Solar panels)\u00a0t\u1eeb 30 \u0111\u1ebfn 50 n\u0103m<br \/>\n<strong>\u00a0\u00a0\u25cf<\/strong>\u00a0Khung nh\u00f4m \u0111\u1ecbnh h\u00ecnh, thi\u1ebft k\u1ebf d\u1ec5 d\u00e0ng l\u1eafp \u0111\u1eb7t v\u00e0 ki\u1ec3u d\u00e1ng \u0111\u1eb9p, ngo\u1ea1i h\u00ecnh hi\u1ec7n \u0111\u1ea1i.<br \/>\n<strong>\u00a0\u00a0\u25cf<\/strong>\u00a0V\u1eabn duy tr\u00ec \u0111\u01b0\u1ee3c hi\u1ec7u su\u1ea5t cao k\u1ec3 c\u1ea3 trong \u0111i\u1ec1u ki\u1ec7n c\u01b0\u1eddng \u0111\u1ed9 \u00e1nh s\u00e1ng y\u1ebfu (nh\u01b0 trong bu\u1ed5i s\u00e1ng s\u1edbm v\u00e0 c\u1ea3 trong nh\u1eefng ng\u00e0y m\u00e2y)<\/p>\n<p><img decoding=\"async\" class=\"size-full wp-image-247280 aligncenter\" src=\"https:\/\/maybommini.com\/wp-content\/uploads\/2016\/12\/ban-tap-pin-nang-luong-mat-troi-sola-12v.jpg\" alt=\"ban-tap-pin-nang-luong-mat-troi-sola-12v\" width=\"790\" height=\"524\" \/><\/p>\n<h2 class=\"item\"><strong>Th\u00f4ng S\u00f4\u0301 Ky\u0303 Thu\u00e2\u0323t\u00a0<\/strong><strong>T\u1ea5m Pin n\u0103ng l\u01b0\u1ee3ng m\u1eb7t tr\u1eddi<\/strong><\/h2>\n<p>C\u00f4ng su\u1ea5t t\u1ea5m pin NL m\u1eb7t tr\u1eddi (Pmax): 40W<br \/>\n\u0110i\u1ec7n \u00e1p l\u00e0m vi\u1ec7c\u00a0(Vmp): 12V &#8211; 17.6 V<br \/>\nK\u00edch th\u01b0\u1edbc (mm): 670 x 450 (mm)<br \/>\nTr\u1ecdng l\u01b0\u1ee3ng: 3 kg<br \/>\nB\u1ea3o h\u00e0nh: 1 N\u0103m<br \/>\nTu\u1ed5i th\u1ecd s\u1ea3n ph\u1ea9m: 25 n\u0103m (suy gi\u1ea3m 20% c\u00f4ng su\u1ea5t)<\/p>\n<h2><strong>MUA T\u1ea4M PIN N\u0102NG L\u01af\u1ee2NG M\u1eb6T TR\u1edcI SOLA<\/strong><\/h2>\n<p><strong>CTY TNHH TH\u01af\u01a0NG M\u1ea0I D\u1ecaCH V\u1ee4 \u0110I\u1ec6N M\u00c1Y TH\u00d4NG MINH<\/strong><br \/>\nHotline : 090 729 4310<br \/>\nEmail : maybommini.com@gmail.com<br \/>\nWebsite : http:\/\/maybommini.com<br \/>\nFacebook : <a href=\"https:\/\/www.facebook.com\/maybommini\" target=\"_blank\" rel=\"noopener\">https:\/\/www.facebook.com\/maybommini<\/a><br \/>\nGoogle : <a href=\"https:\/\/plus.google.com\/ Maybomnuocminiruaxe\" target=\"_blank\" rel=\"noopener\">https:\/\/plus.google.com\/ Maybomnuocminiruaxe<\/a><br \/>\nYoutube demo : <a href=\"https:\/\/www.youtube.com\/bahamasali\" target=\"_blank\" rel=\"noopener\">https:\/\/www.youtube.com\/bahamasali<\/a><\/p>\n","protected":false},"excerpt":{"rendered":"<p>C\u00f4ng su\u1ea5t t\u1ea5m pin NL m\u1eb7t tr\u1eddi (Pmax): 40W<br \/>\n\u0110i\u1ec7n \u00e1p l\u00e0m vi\u1ec7c\u00a0(Vmp): 12V &#8211; 17.6 V<br \/>\nK\u00edch th\u01b0\u1edbc (mm): 670 x 450 (mm)<br \/>\nTr\u1ecdng l\u01b0\u1ee3ng: 3 kg<br \/>\nB\u1ea3o h\u00e0nh: 1 N\u0103m<br \/>\nTu\u1ed5i th\u1ecd s\u1ea3n ph\u1ea9m: 25 n\u0103m (suy gi\u1ea3m 20% c\u00f4ng su\u1ea5t)<\/p>\n","protected":false},"featured_media":256634,"comment_status":"open","ping_status":"closed","template":"","meta":[],"product_brand":[],"product_cat":[631],"product_tag":[899,267,977,978,972,633,409,973,430,974,975,976,609],"class_list":{"0":"post-256527","1":"product","2":"type-product","3":"status-publish","4":"has-post-thumbnail","6":"product_cat-nang-luong-mat-troi","7":"product_tag-10w","8":"product_tag-12v","9":"product_tag-17-2v","10":"product_tag-40w","11":"product_tag-dien-mat-troi","12":"product_tag-mat-troi","13":"product_tag-nang-luong-mat-troi","14":"product_tag-nang-luong-xanh","15":"product_tag-pin","16":"product_tag-pin-mat-troi","17":"product_tag-sola","18":"product_tag-tam-pin-10w","19":"product_tag-tiet-kiem-dien","21":"first","22":"instock","23":"sale","24":"shipping-taxable","25":"purchasable","26":"product-type-simple"},"_links":{"self":[{"href":"https:\/\/maybommini.vn\/index.php?rest_route=\/wp\/v2\/product\/256527","targetHints":{"allow":["GET"]}}],"collection":[{"href":"https:\/\/maybommini.vn\/index.php?rest_route=\/wp\/v2\/product"}],"about":[{"href":"https:\/\/maybommini.vn\/index.php?rest_route=\/wp\/v2\/types\/product"}],"replies":[{"embeddable":true,"href":"https:\/\/maybommini.vn\/index.php?rest_route=%2Fwp%2Fv2%2Fcomments&post=256527"}],"wp:featuredmedia":[{"embeddable":true,"href":"https:\/\/maybommini.vn\/index.php?rest_route=\/wp\/v2\/media\/256634"}],"wp:attachment":[{"href":"https:\/\/maybommini.vn\/index.php?rest_route=%2Fwp%2Fv2%2Fmedia&parent=256527"}],"wp:term":[{"taxonomy":"product_brand","embeddable":true,"href":"https:\/\/maybommini.vn\/index.php?rest_route=%2Fwp%2Fv2%2Fproduct_brand&post=256527"},{"taxonomy":"product_cat","embeddable":true,"href":"https:\/\/maybommini.vn\/index.php?rest_route=%2Fwp%2Fv2%2Fproduct_cat&post=256527"},{"taxonomy":"product_tag","embeddable":true,"href":"https:\/\/maybommini.vn\/index.php?rest_route=%2Fwp%2Fv2%2Fproduct_tag&post=256527"}],"curies":[{"name":"wp","href":"https:\/\/api.w.org\/{rel}","templated":true}]}}