{"id":256556,"date":"2018-04-12T19:35:09","date_gmt":"2018-04-12T12:35:09","guid":{"rendered":"https:\/\/maybommini.com\/san-pham\/import-placeholder-for-252812"},"modified":"2019-06-26T14:56:49","modified_gmt":"2019-06-26T07:56:49","slug":"may-bom-tro-luc-nuoc-nong-220v-280w-25l","status":"publish","type":"product","link":"https:\/\/maybommini.vn\/?product=may-bom-tro-luc-nuoc-nong-220v-280w-25l","title":{"rendered":"M\u00e1y b\u01a1m tr\u1ee3 l\u1ef1c n\u01b0\u1edbc n\u00f3ng 220V 280W 20L"},"content":{"rendered":"<h3><strong>Chuy\u00ean ph\u00e2n ph\u1ed1i c\u00e1c lo\u1ea1i m\u00e1y b\u01a1m tr\u1ee3 l\u1ef1c n\u01b0\u1edbc n\u00f3ng 220V 280W 20L l\u00e0 lo\u1ea1i m\u00e1y b\u01a1m chuy\u00ean d\u1ee5ng d\u00f9ng\u00a0\u0111\u1ec3 tr\u1ee3 l\u1ef1c m\u00e1y n\u00f3ng l\u1ea1nh gia\u00a0\u0111\u00ecnh. C\u00f3 th\u1ec3 d\u00f9ng tr\u1ee3 l\u1ef1c h\u1ec7 th\u1ed1ng n\u01b0\u1edbc trong gia\u00a0\u0111\u00ecnh do n\u01b0\u1edbc y\u1ebfu v\u00ec h\u1ec7 th\u1ed1ng b\u1ed3n n\u01b0\u1edbc th\u1ea5p ho\u1eb7c n\u01b0\u1edbc thu\u1ef7 c\u1ee5c y\u1ebfu.<\/strong><\/h3>\n<p><a href=\"https:\/\/maybommini.com\/wp-content\/uploads\/2018\/04\/may-bom-tang-ap-tro-luc-nuoc-nong-220w-280w-1.jpg\" target=\"_blank\" rel=\"noopener\"><img decoding=\"async\" class=\"size-full wp-image-262371 aligncenter\" src=\"https:\/\/maybommini.com\/wp-content\/uploads\/2018\/04\/may-bom-tang-ap-tro-luc-nuoc-nong-220w-280w-1.jpg\" alt=\"May Bom Tang Ap Tro Luc Nuoc Nong 220w 280w\" width=\"820\" height=\"820\" srcset=\"https:\/\/maybommini.vn\/wp-content\/uploads\/2018\/04\/may-bom-tang-ap-tro-luc-nuoc-nong-220w-280w-1.jpg 820w, https:\/\/maybommini.vn\/wp-content\/uploads\/2018\/04\/may-bom-tang-ap-tro-luc-nuoc-nong-220w-280w-1-300x300.jpg 300w, https:\/\/maybommini.vn\/wp-content\/uploads\/2018\/04\/may-bom-tang-ap-tro-luc-nuoc-nong-220w-280w-1-150x150.jpg 150w, https:\/\/maybommini.vn\/wp-content\/uploads\/2018\/04\/may-bom-tang-ap-tro-luc-nuoc-nong-220w-280w-1-600x600.jpg 600w, https:\/\/maybommini.vn\/wp-content\/uploads\/2018\/04\/may-bom-tang-ap-tro-luc-nuoc-nong-220w-280w-1-768x768.jpg 768w\" sizes=\"(max-width: 820px) 100vw, 820px\" \/><\/a><\/p>\n<p><strong>TH\u00d4NG S\u1ed0 K\u1ef8 THU\u1eacT M\u00c1Y B\u01a0M TR\u1ee2 L\u1ef0C<br \/>\n<\/strong>\u0110i\u1ec7n \u00e1p: AC 220V<br \/>\nC\u00f4ng su\u1ea5t (t\u1ed1i \u0111a): 280W<br \/>\nL\u01b0u l\u01b0\u1ee3ng: 20L \/ ph\u00fat<br \/>\nB\u01a1m cao: 15M m\u00e9t<br \/>\nTr\u1ecdng l\u01b0\u1ee3ng: 2.5 kg<br \/>\nNhi\u1ec7t\u00a0\u0111\u1ed9 n\u01b0\u1edbc: 120\u00a0\u0111\u1ed9 C<br \/>\nCh\u1ea5t li\u1ec7u: Inox &#8211;\u00a0\u0110\u1ed3ng<br \/>\nC\u00f4ng t\u1eaft : van th\u00f4ng minh (v\u1edbi c\u00f4ng t\u1eafc \u00e1p su\u1ea5t)<br \/>\nAuto On Off<br \/>\nH\u1ea3ng ch\u00ednh h\u00e3ng<br \/>\nB\u1ea3o h\u00e0nh: 6 th\u00e1ng<br \/>\nShip h\u00e0ng \u0111i to\u00e0n qu\u1ed1c<br \/>\nG\u1ecdi : 090 729 4310<\/p>\n<p><a href=\"https:\/\/maybommini.com\/wp-content\/uploads\/2018\/04\/may-bom-nuoc-220v-280w-25l-tro-luc-tang-ap-1.jpg\" target=\"_blank\" rel=\"noopener\"><img decoding=\"async\" class=\"size-full wp-image-262373 aligncenter\" src=\"https:\/\/maybommini.com\/wp-content\/uploads\/2018\/04\/may-bom-nuoc-220v-280w-25l-tro-luc-tang-ap-1.jpg\" alt=\"May Bom Nuoc 220v 280w 25l Tro Luc Tang Ap\" width=\"820\" height=\"820\" srcset=\"https:\/\/maybommini.vn\/wp-content\/uploads\/2018\/04\/may-bom-nuoc-220v-280w-25l-tro-luc-tang-ap-1.jpg 820w, https:\/\/maybommini.vn\/wp-content\/uploads\/2018\/04\/may-bom-nuoc-220v-280w-25l-tro-luc-tang-ap-1-300x300.jpg 300w, https:\/\/maybommini.vn\/wp-content\/uploads\/2018\/04\/may-bom-nuoc-220v-280w-25l-tro-luc-tang-ap-1-150x150.jpg 150w, https:\/\/maybommini.vn\/wp-content\/uploads\/2018\/04\/may-bom-nuoc-220v-280w-25l-tro-luc-tang-ap-1-600x600.jpg 600w\" sizes=\"(max-width: 820px) 100vw, 820px\" \/><\/a><\/p>\n<p><a href=\"https:\/\/maybommini.com\/wp-content\/uploads\/2018\/04\/may-bom-tro-luc-nuoc-nong-nang-luong-mat-troi-1.jpg\" target=\"_blank\" rel=\"noopener\"><img decoding=\"async\" class=\"size-full wp-image-262374 aligncenter\" src=\"https:\/\/maybommini.com\/wp-content\/uploads\/2018\/04\/may-bom-tro-luc-nuoc-nong-nang-luong-mat-troi-1.jpg\" alt=\"May Bom Tro Luc Nuoc Nong Nang Luong Mat Troi\" width=\"820\" height=\"820\" srcset=\"https:\/\/maybommini.vn\/wp-content\/uploads\/2018\/04\/may-bom-tro-luc-nuoc-nong-nang-luong-mat-troi-1.jpg 820w, https:\/\/maybommini.vn\/wp-content\/uploads\/2018\/04\/may-bom-tro-luc-nuoc-nong-nang-luong-mat-troi-1-300x300.jpg 300w, https:\/\/maybommini.vn\/wp-content\/uploads\/2018\/04\/may-bom-tro-luc-nuoc-nong-nang-luong-mat-troi-1-150x150.jpg 150w, https:\/\/maybommini.vn\/wp-content\/uploads\/2018\/04\/may-bom-tro-luc-nuoc-nong-nang-luong-mat-troi-1-600x600.jpg 600w\" sizes=\"(max-width: 820px) 100vw, 820px\" \/><\/a> <a href=\"https:\/\/maybommini.com\/wp-content\/uploads\/2018\/04\/may-bom-tro-luc-tu-dong-gia-re-1.jpg\" target=\"_blank\" rel=\"noopener\"><img decoding=\"async\" class=\"size-full wp-image-262375 aligncenter\" src=\"https:\/\/maybommini.com\/wp-content\/uploads\/2018\/04\/may-bom-tro-luc-tu-dong-gia-re-1.jpg\" alt=\"May Bom Tro Luc Tu Dong Gia Re\" width=\"820\" height=\"820\" srcset=\"https:\/\/maybommini.vn\/wp-content\/uploads\/2018\/04\/may-bom-tro-luc-tu-dong-gia-re-1.jpg 820w, https:\/\/maybommini.vn\/wp-content\/uploads\/2018\/04\/may-bom-tro-luc-tu-dong-gia-re-1-300x300.jpg 300w, https:\/\/maybommini.vn\/wp-content\/uploads\/2018\/04\/may-bom-tro-luc-tu-dong-gia-re-1-150x150.jpg 150w, https:\/\/maybommini.vn\/wp-content\/uploads\/2018\/04\/may-bom-tro-luc-tu-dong-gia-re-1-600x600.jpg 600w, https:\/\/maybommini.vn\/wp-content\/uploads\/2018\/04\/may-bom-tro-luc-tu-dong-gia-re-1-768x768.jpg 768w\" sizes=\"(max-width: 820px) 100vw, 820px\" \/><\/a><\/p>\n<p><strong>S\u1eec D\u1ee4NG M\u00c1Y B\u01a0M TR\u1ee2 L\u1ef0C N\u01af\u1edaC<\/strong><br \/>\nM\u00e1y c\u00f3 th\u1ec3 d\u00f9ng tr\u1ee3 l\u1ef1c h\u1ec7 th\u1ed1ng n\u01b0\u1edbc gia\u00a0\u0111\u00ecnh do b\u1ecb y\u1ebfu ho\u1eb7c b\u1ed3n ch\u1ee9a n\u01b0\u1edbc th\u1ea5p kh\u00f4ng\u00a0\u0111\u1ee7\u00a0\u00e1p l\u1ef1c\u00a0\u0111\u1ec3 t\u1eafm, m\u00e1y n\u01b0\u1edbc n\u00f3ng, m\u00e1y gi\u1eb7t, t\u01b0\u1edbi c\u00e2y,&#8230;.<br \/>\nM\u00e1y b\u01a1m tr\u1ee3 l\u1ef1c\u00a0ho\u1ea1t\u00a0\u0111\u1ed9ng ho\u00e0n to\u00e0n t\u1ef1\u00a0\u0111\u1ed9ng v\u00e0 im\u00a0\u00e1i kh\u00f4ng nh\u01b0 c\u00e1c l\u1ea1o m\u00e1y b\u01a1m th\u00f4ng th\u01b0\u1eddng tr\u00ean th\u1ecb tr\u01b0\u1eddng c\u00f3 ti\u1ebfng k\u00eau kh\u00f3 ch\u1ecbu.<\/p>\n<p><a href=\"https:\/\/maybommini.com\/wp-content\/uploads\/2018\/04\/bom-nuoc-tro-luc-gia-dinh-cao-cap.jpg\" target=\"_blank\" rel=\"noopener\"><img decoding=\"async\" class=\"size-full wp-image-259875 aligncenter\" src=\"https:\/\/maybommini.com\/wp-content\/uploads\/2018\/04\/bom-nuoc-tro-luc-gia-dinh-cao-cap.jpg\" alt=\"Bom Nuoc Tro Luc Gia Dinh Cao Cap\" width=\"820\" height=\"820\" srcset=\"https:\/\/maybommini.vn\/wp-content\/uploads\/2018\/04\/bom-nuoc-tro-luc-gia-dinh-cao-cap.jpg 820w, https:\/\/maybommini.vn\/wp-content\/uploads\/2018\/04\/bom-nuoc-tro-luc-gia-dinh-cao-cap-300x300.jpg 300w, https:\/\/maybommini.vn\/wp-content\/uploads\/2018\/04\/bom-nuoc-tro-luc-gia-dinh-cao-cap-150x150.jpg 150w, https:\/\/maybommini.vn\/wp-content\/uploads\/2018\/04\/bom-nuoc-tro-luc-gia-dinh-cao-cap-600x600.jpg 600w\" sizes=\"(max-width: 820px) 100vw, 820px\" \/><\/a><\/p>\n<p><strong>MUA M\u00c1Y B\u01a0M TR\u1ee2 L\u1ef0C N\u00d3NG L\u1ea0NH \u1ede\u00a0\u0110\u00c2U ?\u00a0<\/strong><\/p>\n<p><strong>CTY TNHH TH\u01af\u01a0NG M\u1ea0I D\u1ecaCH V\u1ee4 \u0110I\u1ec6N M\u00c1Y TH\u00d4NG MINH<\/strong><br \/>\nHotline : 090 729 4310<br \/>\nEmail : maybommini.com@gmail.com<br \/>\nWebsite : http:\/\/maybommini.com<br \/>\nFacebook : <a href=\"https:\/\/www.facebook.com\/maybommini\" target=\"_blank\" rel=\"noopener\">https:\/\/www.facebook.com\/maybommini<\/a><br \/>\nGoogle : <a href=\"https:\/\/plus.google.com\/ Maybomnuocminiruaxe\" target=\"_blank\" rel=\"noopener\">https:\/\/plus.google.com\/ Maybomnuocminiruaxe<\/a><br \/>\nYoutube demo : <a href=\"https:\/\/www.youtube.com\/bahamasali\" target=\"_blank\" rel=\"noopener\">https:\/\/www.youtube.com\/bahamasali<\/a><\/p>\n","protected":false},"excerpt":{"rendered":"<p>\u0110i\u1ec7n \u00e1p: AC 220V<br \/>\nC\u00f4ng su\u1ea5t (t\u1ed1i \u0111a): 280W<br \/>\nL\u01b0u l\u01b0\u1ee3ng: 20L \/ ph\u00fat<br \/>\nB\u01a1m cao: 15M m\u00e9t<br \/>\nTr\u1ecdng l\u01b0\u1ee3ng: 2.5 kg<br \/>\nNhi\u1ec7t\u00a0\u0111\u1ed9 n\u01b0\u1edbc: 120\u00a0\u0111\u1ed9 C<br \/>\nCh\u1ea5t li\u1ec7u: Inox &#8211;\u00a0\u0110\u1ed3ng<br \/>\nC\u00f4ng t\u1eaft : van th\u00f4ng minh (v\u1edbi c\u00f4ng t\u1eafc \u00e1p su\u1ea5t)<br \/>\nAuto On Off<br \/>\nH\u1ea3ng ch\u00ednh h\u00e3ng<br \/>\nB\u1ea3o h\u00e0nh: 6 th\u00e1ng<br \/>\nShip h\u00e0ng \u0111i to\u00e0n qu\u1ed1c<br \/>\nG\u1ecdi : 090 729 4310<br \/>\nShip h\u00e0ng \u0111i to\u00e0n qu\u1ed1c<br \/>\n<strong>G\u1ecdi : 090 729 4310<\/strong><\/p>\n","protected":false},"featured_media":262371,"comment_status":"open","ping_status":"closed","template":"","meta":[],"product_brand":[],"product_cat":[334],"product_tag":[945,946,500,947,979,948,501,862,337,338,502,503,504,505,506,949,950,507],"class_list":{"0":"post-256556","1":"product","2":"type-product","3":"status-publish","4":"has-post-thumbnail","6":"product_cat-may-bom-tro-luc-tang-ap","7":"product_tag-150w","8":"product_tag-18l","9":"product_tag-220v","10":"product_tag-220v-150w","11":"product_tag-280w","12":"product_tag-bom-he-thong-nuoc-nong-mat-troi","13":"product_tag-bom-nuoc-gia-dinh","14":"product_tag-bom-nuoc-nong","15":"product_tag-may-bom-nuoc-nong","16":"product_tag-may-nong-lanh","17":"product_tag-nong-lanh","18":"product_tag-nuoc-yeu","19":"product_tag-tang-ap","20":"product_tag-tang-ap-nong-lanh","21":"product_tag-tro-luc","22":"product_tag-tro-luc-nuoc","23":"product_tag-tro-luc-nuoc-nang-luong-mat-troi","24":"product_tag-voi-sen-yeu","26":"first","27":"instock","28":"sale","29":"shipping-taxable","30":"purchasable","31":"product-type-simple"},"_links":{"self":[{"href":"https:\/\/maybommini.vn\/index.php?rest_route=\/wp\/v2\/product\/256556","targetHints":{"allow":["GET"]}}],"collection":[{"href":"https:\/\/maybommini.vn\/index.php?rest_route=\/wp\/v2\/product"}],"about":[{"href":"https:\/\/maybommini.vn\/index.php?rest_route=\/wp\/v2\/types\/product"}],"replies":[{"embeddable":true,"href":"https:\/\/maybommini.vn\/index.php?rest_route=%2Fwp%2Fv2%2Fcomments&post=256556"}],"wp:featuredmedia":[{"embeddable":true,"href":"https:\/\/maybommini.vn\/index.php?rest_route=\/wp\/v2\/media\/262371"}],"wp:attachment":[{"href":"https:\/\/maybommini.vn\/index.php?rest_route=%2Fwp%2Fv2%2Fmedia&parent=256556"}],"wp:term":[{"taxonomy":"product_brand","embeddable":true,"href":"https:\/\/maybommini.vn\/index.php?rest_route=%2Fwp%2Fv2%2Fproduct_brand&post=256556"},{"taxonomy":"product_cat","embeddable":true,"href":"https:\/\/maybommini.vn\/index.php?rest_route=%2Fwp%2Fv2%2Fproduct_cat&post=256556"},{"taxonomy":"product_tag","embeddable":true,"href":"https:\/\/maybommini.vn\/index.php?rest_route=%2Fwp%2Fv2%2Fproduct_tag&post=256556"}],"curies":[{"name":"wp","href":"https:\/\/api.w.org\/{rel}","templated":true}]}}