{"id":256597,"date":"2018-04-12T19:35:35","date_gmt":"2018-04-12T12:35:35","guid":{"rendered":"https:\/\/maybommini.com\/san-pham\/import-placeholder-for-252840"},"modified":"2023-07-10T22:08:39","modified_gmt":"2023-07-10T15:08:39","slug":"may-bom-nuoc-thai-may-lanh-king-pump-220v-3m","status":"publish","type":"product","link":"https:\/\/maybommini.vn\/?product=may-bom-nuoc-thai-may-lanh-king-pump-220v-3m","title":{"rendered":"M\u00e1y b\u01a1m n\u01b0\u1edbc th\u1ea3i m\u00e1y l\u1ea1nh Kingpump 220V-3M"},"content":{"rendered":"<h3>Chuy\u00ean ph\u00e2n ph\u1ed1i m\u00e1y b\u01a1m n\u01b0\u1edbc th\u1ea3i m\u00e1y l\u1ea1nh Kingpump 220V 3M t\u1ef1 \u0111\u1ed9ng m\u00e1y b\u01a1m n\u01b0\u1edbc th\u1ea3i m\u00e1y l\u1ea1nh t\u1ef1 \u0111\u1ed9ng cao c\u1ea5p ch\u1ea5t l\u01b0\u1ee3ng cao kh\u00f4ng ti\u1ebfng \u1ed3n. Ho\u1ea1t \u0111\u1ed9ng 24\/24 d\u1ec5 l\u1eafp r\u00e1p ti\u1ec7n l\u1ee3i cho m\u00e1y l\u1ea1nh kh\u00f4ng c\u00f3 \u1ed1ng n\u01b0\u1edbc th\u1ea3i ra ngo\u00e0i.<\/h3>\n<p><strong><a href=\"https:\/\/maybommini.com\/wp-content\/uploads\/2018\/04\/Bom-nuoc-thai-may-lanh-tu-dong-3m-kingpump-Small-Hippo-220V-18W.jpg\" target=\"_blank\" rel=\"noopener\"><img decoding=\"async\" class=\"size-full wp-image-274349 aligncenter\" src=\"https:\/\/maybommini.com\/wp-content\/uploads\/2018\/04\/Bom-nuoc-thai-may-lanh-tu-dong-3m-kingpump-Small-Hippo-220V-18W.jpg\" alt=\"Bom Nuoc Thai May Lanh Tu Dong 3m Kingpump Small Hippo 220V 18W\" width=\"750\" height=\"750\" srcset=\"https:\/\/maybommini.vn\/wp-content\/uploads\/2018\/04\/Bom-nuoc-thai-may-lanh-tu-dong-3m-kingpump-Small-Hippo-220V-18W.jpg 750w, https:\/\/maybommini.vn\/wp-content\/uploads\/2018\/04\/Bom-nuoc-thai-may-lanh-tu-dong-3m-kingpump-Small-Hippo-220V-18W-300x300.jpg 300w, https:\/\/maybommini.vn\/wp-content\/uploads\/2018\/04\/Bom-nuoc-thai-may-lanh-tu-dong-3m-kingpump-Small-Hippo-220V-18W-150x150.jpg 150w, https:\/\/maybommini.vn\/wp-content\/uploads\/2018\/04\/Bom-nuoc-thai-may-lanh-tu-dong-3m-kingpump-Small-Hippo-220V-18W-600x600.jpg 600w\" sizes=\"(max-width: 750px) 100vw, 750px\" \/><\/a>TH\u00d4NG S\u1ed0 K\u1ef8 THU\u1eacT<\/strong><br \/>\nTh\u01b0\u01a1ng hi\u1ec7u:\u00a0<strong>Kingpump<br \/>\n<\/strong>Model: SMALL-HIPPO-3M<br \/>\n\u0110i\u1ec7n th\u1ebf: 100V \u2013 220V 50\/60Hz<br \/>\nC\u00f4ng su\u1ea5t: 18W<br \/>\n\u0110\u1ea9y cao: 3 M\u00e9t<br \/>\nNhi\u1ec7t l\u00e0m vi\u1ec7c : 0 \u2013 50 \u0111\u1ed9 C<br \/>\nL\u01b0u l\u01b0\u1ee3ng: 70 L\/H<br \/>\nL\u1ed5 \u1ed1ng n\u01b0\u1edbc m\u00e1y l\u1ea1nh v\u00e0o: 30 mm<br \/>\nL\u1ed5 \u1ed1ng n\u01b0\u1edbc tho\u00e1i ra : 6mm<br \/>\nD\u00f9ng cho m\u00e1y l\u1ea1nh : 500 \u2013 25.000 B.T.U<br \/>\nM\u00e1y b\u01a1m n\u01b0\u1edbc th\u1ea3i t\u1ef1 \u0111\u1ed9ng.<br \/>\nHo\u1ea1t \u0111\u1ed9ng y\u00ean t\u0129nh.<br \/>\nTi\u1ebft ki\u1ec7m \u0111i\u1ec7n.<br \/>\nK\u00edch th\u01b0\u1edbc: 180 x 140 x 120 mm<br \/>\nTr\u1ecdng l\u01b0\u1ee3ng: 0.6 Kg<br \/>\nCh\u1ea5t li\u1ec7u: ABS<br \/>\nTi\u00eau chu\u1ea9n : CE \u2013 ISO 9002 2008<br \/>\nPh\u00e2n ph\u1ed1i: Maybommini.com<br \/>\nB\u1ea3o h\u00e0nh: 06 th\u00e1ng<\/p>\n<p><strong><a href=\"https:\/\/maybommini.com\/wp-content\/uploads\/2018\/04\/phan-phoi-may-bom-nuoc-thai-may-lanh-HIPPO2-3M-2.jpg\" target=\"_blank\" rel=\"noopener\"><img decoding=\"async\" class=\"size-full wp-image-274344 aligncenter\" src=\"https:\/\/maybommini.com\/wp-content\/uploads\/2018\/04\/phan-phoi-may-bom-nuoc-thai-may-lanh-HIPPO2-3M-2.jpg\" alt=\"Phan Phoi May Bom Nuoc Thai May Lanh HIPPO2 3M\" width=\"820\" height=\"820\" srcset=\"https:\/\/maybommini.vn\/wp-content\/uploads\/2018\/04\/phan-phoi-may-bom-nuoc-thai-may-lanh-HIPPO2-3M-2.jpg 820w, https:\/\/maybommini.vn\/wp-content\/uploads\/2018\/04\/phan-phoi-may-bom-nuoc-thai-may-lanh-HIPPO2-3M-2-300x300.jpg 300w, https:\/\/maybommini.vn\/wp-content\/uploads\/2018\/04\/phan-phoi-may-bom-nuoc-thai-may-lanh-HIPPO2-3M-2-150x150.jpg 150w, https:\/\/maybommini.vn\/wp-content\/uploads\/2018\/04\/phan-phoi-may-bom-nuoc-thai-may-lanh-HIPPO2-3M-2-600x600.jpg 600w\" sizes=\"(max-width: 820px) 100vw, 820px\" \/><\/a><a href=\"https:\/\/maybommini.com\/wp-content\/uploads\/2018\/04\/bom-nuoc-thai-may-lanh-chinh-hang-Kingpump-3M.jpg\" target=\"_blank\" rel=\"noopener\"><img decoding=\"async\" class=\"size-full wp-image-274348 aligncenter\" src=\"https:\/\/maybommini.com\/wp-content\/uploads\/2018\/04\/bom-nuoc-thai-may-lanh-chinh-hang-Kingpump-3M.jpg\" alt=\"Bom Nuoc Thai May Lanh Chinh Hang Kingpump 3M\" width=\"750\" height=\"750\" srcset=\"https:\/\/maybommini.vn\/wp-content\/uploads\/2018\/04\/bom-nuoc-thai-may-lanh-chinh-hang-Kingpump-3M.jpg 750w, https:\/\/maybommini.vn\/wp-content\/uploads\/2018\/04\/bom-nuoc-thai-may-lanh-chinh-hang-Kingpump-3M-300x300.jpg 300w, https:\/\/maybommini.vn\/wp-content\/uploads\/2018\/04\/bom-nuoc-thai-may-lanh-chinh-hang-Kingpump-3M-150x150.jpg 150w, https:\/\/maybommini.vn\/wp-content\/uploads\/2018\/04\/bom-nuoc-thai-may-lanh-chinh-hang-Kingpump-3M-600x600.jpg 600w\" sizes=\"(max-width: 750px) 100vw, 750px\" \/><\/a><a href=\"https:\/\/maybommini.com\/wp-content\/uploads\/2018\/04\/gia-bom-nuoc-thai-may-lanh-3M-kingpump.jpg\" target=\"_blank\" rel=\"noopener\"><img decoding=\"async\" class=\"size-full wp-image-274351 aligncenter\" src=\"https:\/\/maybommini.com\/wp-content\/uploads\/2018\/04\/gia-bom-nuoc-thai-may-lanh-3M-kingpump.jpg\" alt=\"Gia Bom Nuoc Thai May Lanh 3M Kingpump\" width=\"750\" height=\"750\" srcset=\"https:\/\/maybommini.vn\/wp-content\/uploads\/2018\/04\/gia-bom-nuoc-thai-may-lanh-3M-kingpump.jpg 750w, https:\/\/maybommini.vn\/wp-content\/uploads\/2018\/04\/gia-bom-nuoc-thai-may-lanh-3M-kingpump-300x300.jpg 300w, https:\/\/maybommini.vn\/wp-content\/uploads\/2018\/04\/gia-bom-nuoc-thai-may-lanh-3M-kingpump-150x150.jpg 150w, https:\/\/maybommini.vn\/wp-content\/uploads\/2018\/04\/gia-bom-nuoc-thai-may-lanh-3M-kingpump-600x600.jpg 600w\" sizes=\"(max-width: 750px) 100vw, 750px\" \/><\/a><a href=\"https:\/\/maybommini.com\/wp-content\/uploads\/2018\/04\/ban-bom-nuoc-thai-may-lanh-kingpump-3M-18W.jpg\" target=\"_blank\" rel=\"noopener\"><img decoding=\"async\" class=\"size-full wp-image-274346 aligncenter\" src=\"https:\/\/maybommini.com\/wp-content\/uploads\/2018\/04\/ban-bom-nuoc-thai-may-lanh-kingpump-3M-18W.jpg\" alt=\"Ban Bom Nuoc Thai May Lanh Kingpump 3M 18W\" width=\"750\" height=\"750\" srcset=\"https:\/\/maybommini.vn\/wp-content\/uploads\/2018\/04\/ban-bom-nuoc-thai-may-lanh-kingpump-3M-18W.jpg 750w, https:\/\/maybommini.vn\/wp-content\/uploads\/2018\/04\/ban-bom-nuoc-thai-may-lanh-kingpump-3M-18W-300x300.jpg 300w, https:\/\/maybommini.vn\/wp-content\/uploads\/2018\/04\/ban-bom-nuoc-thai-may-lanh-kingpump-3M-18W-150x150.jpg 150w, https:\/\/maybommini.vn\/wp-content\/uploads\/2018\/04\/ban-bom-nuoc-thai-may-lanh-kingpump-3M-18W-600x600.jpg 600w\" sizes=\"(max-width: 750px) 100vw, 750px\" \/><\/a><a href=\"https:\/\/maybommini.com\/wp-content\/uploads\/2018\/04\/bom-nuoc-du-may-lanh-dieu-hoa-gia-dinh-gia-re.jpg\" target=\"_blank\" rel=\"noopener\"><img decoding=\"async\" class=\"size-full wp-image-274347 aligncenter\" src=\"https:\/\/maybommini.com\/wp-content\/uploads\/2018\/04\/bom-nuoc-du-may-lanh-dieu-hoa-gia-dinh-gia-re.jpg\" alt=\"Bom Nuoc Du May Lanh Dieu Hoa Gia Dinh Gia Re\" width=\"820\" height=\"820\" srcset=\"https:\/\/maybommini.vn\/wp-content\/uploads\/2018\/04\/bom-nuoc-du-may-lanh-dieu-hoa-gia-dinh-gia-re.jpg 820w, https:\/\/maybommini.vn\/wp-content\/uploads\/2018\/04\/bom-nuoc-du-may-lanh-dieu-hoa-gia-dinh-gia-re-300x300.jpg 300w, https:\/\/maybommini.vn\/wp-content\/uploads\/2018\/04\/bom-nuoc-du-may-lanh-dieu-hoa-gia-dinh-gia-re-150x150.jpg 150w, https:\/\/maybommini.vn\/wp-content\/uploads\/2018\/04\/bom-nuoc-du-may-lanh-dieu-hoa-gia-dinh-gia-re-600x600.jpg 600w\" sizes=\"(max-width: 820px) 100vw, 820px\" \/><\/a><a href=\"https:\/\/maybommini.com\/wp-content\/uploads\/2018\/04\/chuyen-cac-loai-bom-tro-luc-nuoc-thai-may-lanh-chinh-hang.jpg\" target=\"_blank\" rel=\"noopener\"><img decoding=\"async\" class=\"size-full wp-image-274350 aligncenter\" src=\"https:\/\/maybommini.com\/wp-content\/uploads\/2018\/04\/chuyen-cac-loai-bom-tro-luc-nuoc-thai-may-lanh-chinh-hang.jpg\" alt=\"Chuyen Cac Loai Bom Tro Luc Nuoc Thai May Lanh Chinh Hang\" width=\"820\" height=\"820\" srcset=\"https:\/\/maybommini.vn\/wp-content\/uploads\/2018\/04\/chuyen-cac-loai-bom-tro-luc-nuoc-thai-may-lanh-chinh-hang.jpg 820w, https:\/\/maybommini.vn\/wp-content\/uploads\/2018\/04\/chuyen-cac-loai-bom-tro-luc-nuoc-thai-may-lanh-chinh-hang-300x300.jpg 300w, https:\/\/maybommini.vn\/wp-content\/uploads\/2018\/04\/chuyen-cac-loai-bom-tro-luc-nuoc-thai-may-lanh-chinh-hang-150x150.jpg 150w, https:\/\/maybommini.vn\/wp-content\/uploads\/2018\/04\/chuyen-cac-loai-bom-tro-luc-nuoc-thai-may-lanh-chinh-hang-600x600.jpg 600w\" sizes=\"(max-width: 820px) 100vw, 820px\" \/><\/a><a href=\"https:\/\/maybommini.com\/wp-content\/uploads\/2018\/04\/phan-phoi-may-bom-nuoc-thai-may-lanh-HIPPO2-3M-cao-cap.jpg\" target=\"_blank\" rel=\"noopener\"><img decoding=\"async\" class=\"size-full wp-image-274345 aligncenter\" src=\"https:\/\/maybommini.com\/wp-content\/uploads\/2018\/04\/phan-phoi-may-bom-nuoc-thai-may-lanh-HIPPO2-3M-cao-cap.jpg\" alt=\"Phan Phoi May Bom Nuoc Thai May Lanh HIPPO2 3M Cao Cap\" width=\"820\" height=\"820\" srcset=\"https:\/\/maybommini.vn\/wp-content\/uploads\/2018\/04\/phan-phoi-may-bom-nuoc-thai-may-lanh-HIPPO2-3M-cao-cap.jpg 820w, https:\/\/maybommini.vn\/wp-content\/uploads\/2018\/04\/phan-phoi-may-bom-nuoc-thai-may-lanh-HIPPO2-3M-cao-cap-300x300.jpg 300w, https:\/\/maybommini.vn\/wp-content\/uploads\/2018\/04\/phan-phoi-may-bom-nuoc-thai-may-lanh-HIPPO2-3M-cao-cap-150x150.jpg 150w, https:\/\/maybommini.vn\/wp-content\/uploads\/2018\/04\/phan-phoi-may-bom-nuoc-thai-may-lanh-HIPPO2-3M-cao-cap-600x600.jpg 600w\" sizes=\"(max-width: 820px) 100vw, 820px\" \/><\/a><\/strong><\/p>\n<p><a href=\"https:\/\/maybommini.com\/wp-content\/uploads\/2018\/04\/kich-thuoc-may-bom-nuoc-thai-may-lanh-kingpump-HIPPO-2.jpg\" target=\"_blank\" rel=\"noopener\"><img decoding=\"async\" class=\"size-full wp-image-260330 aligncenter\" src=\"https:\/\/maybommini.com\/wp-content\/uploads\/2018\/04\/kich-thuoc-may-bom-nuoc-thai-may-lanh-kingpump-HIPPO-2.jpg\" alt=\"Kich Thuoc May Bom Nuoc Thai May Lanh Kingpump HIPPO 2\" width=\"820\" height=\"820\" srcset=\"https:\/\/maybommini.vn\/wp-content\/uploads\/2018\/04\/kich-thuoc-may-bom-nuoc-thai-may-lanh-kingpump-HIPPO-2.jpg 820w, https:\/\/maybommini.vn\/wp-content\/uploads\/2018\/04\/kich-thuoc-may-bom-nuoc-thai-may-lanh-kingpump-HIPPO-2-300x300.jpg 300w, https:\/\/maybommini.vn\/wp-content\/uploads\/2018\/04\/kich-thuoc-may-bom-nuoc-thai-may-lanh-kingpump-HIPPO-2-150x150.jpg 150w, https:\/\/maybommini.vn\/wp-content\/uploads\/2018\/04\/kich-thuoc-may-bom-nuoc-thai-may-lanh-kingpump-HIPPO-2-600x600.jpg 600w\" sizes=\"(max-width: 820px) 100vw, 820px\" \/><\/a><\/p>\n<p><a href=\"https:\/\/maybommini.com\/wp-content\/uploads\/2018\/04\/dau-com-ong-nuoc-cho-may-bom-nuoc-thai-may-lanh-3M.jpg\" target=\"_blank\" rel=\"noopener\"><img decoding=\"async\" class=\"size-full wp-image-260336 aligncenter\" src=\"https:\/\/maybommini.com\/wp-content\/uploads\/2018\/04\/dau-com-ong-nuoc-cho-may-bom-nuoc-thai-may-lanh-3M.jpg\" alt=\"Dau Com Ong Nuoc Cho May Bom Nuoc Thai May Lanh 3M\" width=\"820\" height=\"820\" srcset=\"https:\/\/maybommini.vn\/wp-content\/uploads\/2018\/04\/dau-com-ong-nuoc-cho-may-bom-nuoc-thai-may-lanh-3M.jpg 820w, https:\/\/maybommini.vn\/wp-content\/uploads\/2018\/04\/dau-com-ong-nuoc-cho-may-bom-nuoc-thai-may-lanh-3M-300x300.jpg 300w, https:\/\/maybommini.vn\/wp-content\/uploads\/2018\/04\/dau-com-ong-nuoc-cho-may-bom-nuoc-thai-may-lanh-3M-150x150.jpg 150w, https:\/\/maybommini.vn\/wp-content\/uploads\/2018\/04\/dau-com-ong-nuoc-cho-may-bom-nuoc-thai-may-lanh-3M-600x600.jpg 600w\" sizes=\"(max-width: 820px) 100vw, 820px\" \/><\/a><\/p>\n<p><a href=\"https:\/\/maybommini.com\/wp-content\/uploads\/2018\/04\/day-nguon-may-bom-nuoc-thai-3M-HIPPO.jpg\" target=\"_blank\" rel=\"noopener\"><img decoding=\"async\" class=\"size-full wp-image-260337 aligncenter\" src=\"https:\/\/maybommini.com\/wp-content\/uploads\/2018\/04\/day-nguon-may-bom-nuoc-thai-3M-HIPPO.jpg\" alt=\"Day Nguon May Bom Nuoc Thai 3M HIPPO\" width=\"820\" height=\"820\" srcset=\"https:\/\/maybommini.vn\/wp-content\/uploads\/2018\/04\/day-nguon-may-bom-nuoc-thai-3M-HIPPO.jpg 820w, https:\/\/maybommini.vn\/wp-content\/uploads\/2018\/04\/day-nguon-may-bom-nuoc-thai-3M-HIPPO-300x300.jpg 300w, https:\/\/maybommini.vn\/wp-content\/uploads\/2018\/04\/day-nguon-may-bom-nuoc-thai-3M-HIPPO-150x150.jpg 150w, https:\/\/maybommini.vn\/wp-content\/uploads\/2018\/04\/day-nguon-may-bom-nuoc-thai-3M-HIPPO-600x600.jpg 600w\" sizes=\"(max-width: 820px) 100vw, 820px\" \/><\/a><\/p>\n<p><strong>H\u01af\u1edaNG D\u1eaaN L\u1eaeP \u0110\u1eb6T M\u00c1Y B\u01a0M N\u01af\u1edaC TH\u1ea2I M\u00c1Y L\u1ea0NH \u0110I\u1ec0U HO\u00c0<\/strong><br \/>\n\u2013 D\u00f9ng cho m\u00e1y l\u1ea1nh, m\u00e1y \u0111i\u1ec1u ho\u00e0 nhi\u1ec7t \u0111\u1ed9, m\u00e1y l\u1ea1nh t\u1ee7 \u0111\u1ee9ng, m\u00e1y l\u1ea1nh mini di \u0111\u1ed9ng, m\u00e1y l\u1ea1nh treo t\u01b0\u1eddng.<br \/>\n\u2013 S\u1eed d\u1ee5ng b\u01a1m n\u01b0\u1edbc th\u1ea3i m\u00e1y l\u1ea1nh c\u00f4ng su\u1ea5t t\u1eeb 5000 \u0111\u1ebfn 25.000 B.T.U.<br \/>\n\u2013 C\u1ea5m \u0111i\u1ec7n ngu\u1ed3n tr\u1ef1c ti\u1ebfp v\u00e0o m\u00e1y b\u01a1m 100V \u2013 240V.<br \/>\n\u2013 L\u1eafp \u1ed1ng n\u01b0\u1edbc th\u1ea3i m\u00e1y l\u1ea1nh v\u00e0o l\u1ed5 n\u01b0\u1edbc v\u00e0o.<br \/>\n\u2013 L\u1eafp m\u00e1y b\u01a1m n\u1eb1m d\u01b0\u1edbi m\u00e1y l\u1ea1nh ho\u1eb7c \u0111\u1eb7t c\u1ea1nh sau c\u00e1c lo\u1ea1i m\u00e1y t\u1ee7 \u0111\u1ee9ng.<br \/>\n\u2013 L\u1eafp \u1ed1ng n\u01b0\u1edbc ra v\u00e0o l\u1ed5 n\u01b0\u1edbc ra d\u00f9ng \u1ed1ng 6mm \u2013 8 mm.<br \/>\n\u2013 \u1ed0ng n\u01b0\u1edbc ra c\u00f3 th\u1ec3 d\u1eabn l\u00ean cao 3 m\u00e9t v\u00e0 \u0111\u01b0a ra ngo\u00e0i \u0111\u1ec3 tho\u00e1t n\u01b0\u1edbc.<br \/>\n\u2013 M\u00e1y b\u01a1m n\u01b0\u1edbc th\u1ea3i s\u1ebb t\u1ef1 \u0111\u1ed9ng b\u01a1m ra ngo\u00e0i khi l\u01b0\u1ee3ng n\u01b0\u1edbc ng\u01b0ng t\u1ee5 \u0111\u1ea1t m\u1ee9c cao nh\u1ea5t.<br \/>\n\u2013 C\u1ea5m \u0111i\u1ec7n 24\/24 kh\u00f4ng c\u1ea7n ng\u1eaft \u0111i\u1ec7n.<\/p>\n<h3><a href=\"https:\/\/maybommini.com\/wp-content\/uploads\/2018\/04\/lap-dat-va-su-dung-may-bom-nuoc-thai-may-lanh-3M-kingpump.jpg\" target=\"_blank\" rel=\"noopener\"><img decoding=\"async\" class=\"size-full wp-image-260331 aligncenter\" src=\"https:\/\/maybommini.com\/wp-content\/uploads\/2018\/04\/lap-dat-va-su-dung-may-bom-nuoc-thai-may-lanh-3M-kingpump.jpg\" alt=\"Lap Dat Va Su Dung May Bom Nuoc Thai May Lanh 3M Kingpump\" width=\"820\" height=\"820\" srcset=\"https:\/\/maybommini.vn\/wp-content\/uploads\/2018\/04\/lap-dat-va-su-dung-may-bom-nuoc-thai-may-lanh-3M-kingpump.jpg 820w, https:\/\/maybommini.vn\/wp-content\/uploads\/2018\/04\/lap-dat-va-su-dung-may-bom-nuoc-thai-may-lanh-3M-kingpump-300x300.jpg 300w, https:\/\/maybommini.vn\/wp-content\/uploads\/2018\/04\/lap-dat-va-su-dung-may-bom-nuoc-thai-may-lanh-3M-kingpump-150x150.jpg 150w, https:\/\/maybommini.vn\/wp-content\/uploads\/2018\/04\/lap-dat-va-su-dung-may-bom-nuoc-thai-may-lanh-3M-kingpump-600x600.jpg 600w\" sizes=\"(max-width: 820px) 100vw, 820px\" \/><\/a><\/h3>\n<h3 style=\"text-align: center;\">M\u00e1y b\u01a1m n\u01b0\u1edbc th\u1ea3i m\u00e1y l\u1ea1nh 3M Kingpump SMALLHIPPO<\/h3>\n<p><strong>S\u1eec D\u1ee4NG M\u00c1Y B\u01a0M N\u01af\u1edaC TH\u1ea2I M\u00c1Y L\u1ea0NH<\/strong><br \/>\n&#8211; D\u00f9ng b\u01a1m n\u01b0\u1edbc th\u1ea3i cho t\u1ea5t c\u1ea3 c\u00e1c lo\u1ea1i m\u00e1y l\u1ea1nh.<br \/>\n&#8211; B\u01a1m n\u01b0\u1edbc th\u1ea3i m\u00e1y l\u00e0m m\u00e1t kh\u00f4ng kh\u00ed trong nh\u00e0.<br \/>\n&#8211; D\u00f9ng b\u01a1m n\u01b0\u1edbc th\u1ea3i m\u00e1y l\u1ea1nh c\u00f4ng nghi\u1ec7p v\u00e0 to\u00e0 nh\u00e0.<br \/>\n&#8211; B\u01a1m n\u01b0\u1edbc th\u1ea3i m\u00e1y l\u1ea1nh trong gia\u00a0\u0111\u00ecnh ph\u00f2ng l\u00e0m vi\u1ec7c.<\/p>\n<p><a href=\"https:\/\/maybommini.com\/wp-content\/uploads\/2018\/09\/su-dung-may-bom-nuoc-thai-may-lanh-may-dieu-hoa-dung.jpg\" target=\"_blank\" rel=\"noopener\"><img decoding=\"async\" class=\"size-full wp-image-260328 aligncenter\" src=\"https:\/\/maybommini.com\/wp-content\/uploads\/2018\/09\/su-dung-may-bom-nuoc-thai-may-lanh-may-dieu-hoa-dung.jpg\" alt=\"Su Dung May Bom Nuoc Thai May Lanh May Dieu Hoa Dung\" width=\"820\" height=\"820\" srcset=\"https:\/\/maybommini.vn\/wp-content\/uploads\/2018\/09\/su-dung-may-bom-nuoc-thai-may-lanh-may-dieu-hoa-dung.jpg 820w, https:\/\/maybommini.vn\/wp-content\/uploads\/2018\/09\/su-dung-may-bom-nuoc-thai-may-lanh-may-dieu-hoa-dung-300x300.jpg 300w, https:\/\/maybommini.vn\/wp-content\/uploads\/2018\/09\/su-dung-may-bom-nuoc-thai-may-lanh-may-dieu-hoa-dung-150x150.jpg 150w, https:\/\/maybommini.vn\/wp-content\/uploads\/2018\/09\/su-dung-may-bom-nuoc-thai-may-lanh-may-dieu-hoa-dung-600x600.jpg 600w, https:\/\/maybommini.vn\/wp-content\/uploads\/2018\/09\/su-dung-may-bom-nuoc-thai-may-lanh-may-dieu-hoa-dung-768x768.jpg 768w\" sizes=\"(max-width: 820px) 100vw, 820px\" \/><\/a><\/p>\n<p><strong>MUA M\u00c1Y B\u01a0M N\u01af\u1edaC TH\u1ea2I M\u00c1Y L\u1ea0NH \u0110I\u1ec0U HO\u00c0 \u1ede \u0110\u00c2U ?<\/strong><br \/>\n<a href=\"https:\/\/maybommini.com\/\" target=\"_blank\" rel=\"noopener\">Maybommini.com<\/a>\u00a0l\u00e0 nh\u00e0 ph\u00e2n ph\u1ed1i chuy\u00ean nghi\u1ec7p nhi\u1ec1u n\u0103m li\u1ec1n t\u1ea1i Vi\u1ec7t Nam v\u1edbi c\u00e1c lo\u1ea1i m\u00e1y b\u01a1m n\u01b0\u1edbc th\u1ea3i, m\u00e1y b\u01a1m n\u01b0\u1edbc m\u00e1y l\u1ea1nh, b\u01a1m th\u1ea3i n\u01b0\u1edbc \u0111i\u1ec1u ho\u00e0, b\u01a1m n\u01b0\u1edbc th\u1ea3i m\u00e1y l\u1ea1nh gia \u0111\u00ecnh, v\u0103n ph\u00f2ng, to\u00e0 nh\u00e0, ch\u01b0ng c\u01b0, cao \u00f3c v\u00e0 l\u00e0 nh\u00e0 cung c\u1ea5p c\u00e1c lo\u1ea1i b\u01a1m cho d\u1ef1 \u00e1n ch\u01b0ng c\u01b0 nh\u00e0 \u1edf v\u0103n ph\u00f2ng cao c\u1ea5p.<br \/>\n<strong>Website:\u00a0<a href=\"https:\/\/maybommini.com\/\" target=\"_blank\" rel=\"noopener\">https:\/\/maybommini.com<\/a><\/strong><br \/>\n<strong>Email: Maybommini.com@gmail.com<\/strong><br \/>\n<strong>T\u01af V\u1ea4N K\u1ef8 THU\u1eacT \u2013 MUA H\u00c0NG<\/strong><br \/>\n<strong>0908997823 \u2013 0908997872<\/strong><br \/>\n<strong>0907294310 \u2013 02873030399<\/strong><\/p>\n<h3 style=\"text-align: center;\">M\u00e1y b\u01a1m n\u01b0\u1edbc th\u1ea3i m\u00e1y l\u1ea1nh Kingpump 220V 18W 3M<\/h3>\n<p><strong><a href=\"https:\/\/maybommini.com\/wp-content\/uploads\/2018\/04\/phan-phoi-may-bom-nuoc-thai-may-lanh-HIPPO2-3M-1.jpg\" target=\"_blank\" rel=\"noopener\"><img decoding=\"async\" class=\"size-full wp-image-268277 aligncenter\" src=\"https:\/\/maybommini.com\/wp-content\/uploads\/2018\/04\/phan-phoi-may-bom-nuoc-thai-may-lanh-HIPPO2-3M-1.jpg\" alt=\"Phan Phoi May Bom Nuoc Thai May Lanh HIPPO2 3M\" width=\"820\" height=\"820\" srcset=\"https:\/\/maybommini.vn\/wp-content\/uploads\/2018\/04\/phan-phoi-may-bom-nuoc-thai-may-lanh-HIPPO2-3M-1.jpg 820w, https:\/\/maybommini.vn\/wp-content\/uploads\/2018\/04\/phan-phoi-may-bom-nuoc-thai-may-lanh-HIPPO2-3M-1-300x300.jpg 300w, https:\/\/maybommini.vn\/wp-content\/uploads\/2018\/04\/phan-phoi-may-bom-nuoc-thai-may-lanh-HIPPO2-3M-1-150x150.jpg 150w, https:\/\/maybommini.vn\/wp-content\/uploads\/2018\/04\/phan-phoi-may-bom-nuoc-thai-may-lanh-HIPPO2-3M-1-600x600.jpg 600w\" sizes=\"(max-width: 820px) 100vw, 820px\" \/><\/a><br \/>\n<\/strong><\/p>\n<p><a href=\"https:\/\/maybommini.com\/wp-content\/uploads\/2018\/04\/bom-nuoc-may-dieu-hoa-nhiet-do-3M-220v.jpg\" target=\"_blank\" rel=\"noopener\"><img decoding=\"async\" class=\"size-full wp-image-260334 aligncenter\" src=\"https:\/\/maybommini.com\/wp-content\/uploads\/2018\/04\/bom-nuoc-may-dieu-hoa-nhiet-do-3M-220v.jpg\" alt=\"Bom Nuoc May Dieu Hoa Nhiet Do 3M 220v\" width=\"820\" height=\"820\" srcset=\"https:\/\/maybommini.vn\/wp-content\/uploads\/2018\/04\/bom-nuoc-may-dieu-hoa-nhiet-do-3M-220v.jpg 820w, https:\/\/maybommini.vn\/wp-content\/uploads\/2018\/04\/bom-nuoc-may-dieu-hoa-nhiet-do-3M-220v-300x300.jpg 300w, https:\/\/maybommini.vn\/wp-content\/uploads\/2018\/04\/bom-nuoc-may-dieu-hoa-nhiet-do-3M-220v-150x150.jpg 150w, https:\/\/maybommini.vn\/wp-content\/uploads\/2018\/04\/bom-nuoc-may-dieu-hoa-nhiet-do-3M-220v-600x600.jpg 600w\" sizes=\"(max-width: 820px) 100vw, 820px\" \/><\/a> <a href=\"https:\/\/maybommini.com\/wp-content\/uploads\/2018\/04\/bom-nuoc-du-may-lanh-dieu-hoa-gia-dinh.jpg\" target=\"_blank\" rel=\"noopener\"><img decoding=\"async\" class=\"size-full wp-image-260333 aligncenter\" src=\"https:\/\/maybommini.com\/wp-content\/uploads\/2018\/04\/bom-nuoc-du-may-lanh-dieu-hoa-gia-dinh.jpg\" alt=\"Bom Nuoc Du May Lanh Dieu Hoa Gia Dinh\" width=\"820\" height=\"820\" srcset=\"https:\/\/maybommini.vn\/wp-content\/uploads\/2018\/04\/bom-nuoc-du-may-lanh-dieu-hoa-gia-dinh.jpg 820w, https:\/\/maybommini.vn\/wp-content\/uploads\/2018\/04\/bom-nuoc-du-may-lanh-dieu-hoa-gia-dinh-300x300.jpg 300w, https:\/\/maybommini.vn\/wp-content\/uploads\/2018\/04\/bom-nuoc-du-may-lanh-dieu-hoa-gia-dinh-150x150.jpg 150w, https:\/\/maybommini.vn\/wp-content\/uploads\/2018\/04\/bom-nuoc-du-may-lanh-dieu-hoa-gia-dinh-600x600.jpg 600w\" sizes=\"(max-width: 820px) 100vw, 820px\" \/><\/a> <a href=\"https:\/\/maybommini.com\/wp-content\/uploads\/2018\/04\/chuyen-cac-loai-bom-tro-luc-nuoc-thai-may-lanh.jpg\" target=\"_blank\" rel=\"noopener\"><img decoding=\"async\" class=\"size-full wp-image-260335 aligncenter\" src=\"https:\/\/maybommini.com\/wp-content\/uploads\/2018\/04\/chuyen-cac-loai-bom-tro-luc-nuoc-thai-may-lanh.jpg\" alt=\"Chuyen Cac Loai Bom Tro Luc Nuoc Thai May Lanh\" width=\"820\" height=\"820\" srcset=\"https:\/\/maybommini.vn\/wp-content\/uploads\/2018\/04\/chuyen-cac-loai-bom-tro-luc-nuoc-thai-may-lanh.jpg 820w, https:\/\/maybommini.vn\/wp-content\/uploads\/2018\/04\/chuyen-cac-loai-bom-tro-luc-nuoc-thai-may-lanh-300x300.jpg 300w, https:\/\/maybommini.vn\/wp-content\/uploads\/2018\/04\/chuyen-cac-loai-bom-tro-luc-nuoc-thai-may-lanh-150x150.jpg 150w, https:\/\/maybommini.vn\/wp-content\/uploads\/2018\/04\/chuyen-cac-loai-bom-tro-luc-nuoc-thai-may-lanh-600x600.jpg 600w\" sizes=\"(max-width: 820px) 100vw, 820px\" \/><\/a><\/p>\n","protected":false},"excerpt":{"rendered":"<p>Th\u01b0\u01a1ng hi\u1ec7u:\u00a0<strong>Kingpump<br \/>\n<\/strong>Model: SMALL-HIPPO-3M<br \/>\n\u0110i\u1ec7n th\u1ebf: 100V \u2013 220V 50\/60Hz<br \/>\nC\u00f4ng su\u1ea5t: 18W<br \/>\n\u0110\u1ea9y cao: 3 M\u00e9t<br \/>\nNhi\u1ec7t l\u00e0m vi\u1ec7c : 0 \u2013 50 \u0111\u1ed9 C<br \/>\nL\u01b0u l\u01b0\u1ee3ng: 70 L\/H<br \/>\nL\u1ed5 \u1ed1ng n\u01b0\u1edbc m\u00e1y l\u1ea1nh v\u00e0o: 30 mm<br \/>\nL\u1ed5 \u1ed1ng n\u01b0\u1edbc tho\u00e1i ra : 6mm<br \/>\nD\u00f9ng cho m\u00e1y l\u1ea1nh : 500 \u2013 25.000 B.T.U<br \/>\nM\u00e1y b\u01a1m n\u01b0\u1edbc th\u1ea3i t\u1ef1 \u0111\u1ed9ng.<br \/>\nHo\u1ea1t \u0111\u1ed9ng y\u00ean t\u0129nh.<br \/>\nTi\u1ebft ki\u1ec7m \u0111i\u1ec7n.<br \/>\nK\u00edch th\u01b0\u1edbc: 180 x 140 x 120 mm<br \/>\nTr\u1ecdng l\u01b0\u1ee3ng: 0.6 Kg<br \/>\nCh\u1ea5t li\u1ec7u: ABS<br \/>\nTi\u00eau chu\u1ea9n : CE \u2013 ISO 9002 2008<br \/>\nB\u1ea3o h\u00e0nh: 06 th\u00e1ng<br \/>\n<strong>Ph\u00e2n ph\u1ed1i: Maybommini.com<\/strong><br \/>\n<strong>T\u01af V\u1ea4N K\u1ef8 THU\u1eacT \u2013 MUA H\u00c0NG<br \/>\n0908997823 \u2013 0908997872<br \/>\n0907294310 \u2013 02873030399<\/strong><\/p>\n","protected":false},"featured_media":274345,"comment_status":"open","ping_status":"closed","template":"","meta":[],"product_brand":[2224],"product_cat":[2515,334],"product_tag":[1035,3492,1036,925,926,927,1037,1038,2516,203,3491,720,1039,928],"class_list":{"0":"post-256597","1":"product","2":"type-product","3":"status-publish","4":"has-post-thumbnail","6":"product_brand-kingpump","7":"product_cat-bom-nuoc-thai-may-lanh","8":"product_cat-may-bom-tro-luc-tang-ap","9":"product_tag-bom-day-nuoc-thai","10":"product_tag-bom-nuoc-may-dieu-hoa","11":"product_tag-bom-nuoc-may-lanh","12":"product_tag-bom-nuoc-thai","13":"product_tag-bom-nuoc-thai-may-lanh","14":"product_tag-bom-tu-dong","15":"product_tag-hippo-2","16":"product_tag-king-pump","17":"product_tag-kingpump","18":"product_tag-may-bom","19":"product_tag-may-bom-nuoc-ngung-tu","20":"product_tag-may-lanh","21":"product_tag-nuoc-may-lanh","22":"product_tag-nuoc-thai-may-lanh","24":"first","25":"instock","26":"sale","27":"shipping-taxable","28":"purchasable","29":"product-type-simple"},"_links":{"self":[{"href":"https:\/\/maybommini.vn\/index.php?rest_route=\/wp\/v2\/product\/256597","targetHints":{"allow":["GET"]}}],"collection":[{"href":"https:\/\/maybommini.vn\/index.php?rest_route=\/wp\/v2\/product"}],"about":[{"href":"https:\/\/maybommini.vn\/index.php?rest_route=\/wp\/v2\/types\/product"}],"replies":[{"embeddable":true,"href":"https:\/\/maybommini.vn\/index.php?rest_route=%2Fwp%2Fv2%2Fcomments&post=256597"}],"wp:featuredmedia":[{"embeddable":true,"href":"https:\/\/maybommini.vn\/index.php?rest_route=\/wp\/v2\/media\/274345"}],"wp:attachment":[{"href":"https:\/\/maybommini.vn\/index.php?rest_route=%2Fwp%2Fv2%2Fmedia&parent=256597"}],"wp:term":[{"taxonomy":"product_brand","embeddable":true,"href":"https:\/\/maybommini.vn\/index.php?rest_route=%2Fwp%2Fv2%2Fproduct_brand&post=256597"},{"taxonomy":"product_cat","embeddable":true,"href":"https:\/\/maybommini.vn\/index.php?rest_route=%2Fwp%2Fv2%2Fproduct_cat&post=256597"},{"taxonomy":"product_tag","embeddable":true,"href":"https:\/\/maybommini.vn\/index.php?rest_route=%2Fwp%2Fv2%2Fproduct_tag&post=256597"}],"curies":[{"name":"wp","href":"https:\/\/api.w.org\/{rel}","templated":true}]}}