{"id":256598,"date":"2018-04-12T19:35:35","date_gmt":"2018-04-12T12:35:35","guid":{"rendered":"https:\/\/maybommini.com\/san-pham\/import-placeholder-for-252841"},"modified":"2019-10-11T09:40:21","modified_gmt":"2019-10-11T02:40:21","slug":"phao-cong-tac-may-bom-220v-2m","status":"publish","type":"product","link":"https:\/\/maybommini.vn\/?product=phao-cong-tac-may-bom-220v-2m","title":{"rendered":"Phao c\u00f4ng t\u1eafc m\u00e1y b\u01a1m 220V &#8211; 2m"},"content":{"rendered":"<h3><strong>Chuy\u00ean b\u00e1n phao c\u00f4ng t\u1eafc m\u00e1y b\u01a1m 220V &#8211; 2m ho\u1ea1t\u00a0\u0111\u1ed9ng gi\u1ed1ng nh\u01b0 role\u00a0\u0111\u00f3ng m\u1edf\u00a0\u0111i\u1ec7n d\u00f9ng cho b\u1ed3n n\u01b0\u1edbc gia\u00a0\u0111\u00ecnh, b\u1ec1 n\u01b0\u1edbc, h\u1ed3 n\u01b0\u1edbc, b\u1ec3 nu\u00f4i c\u00e1 &#8230; C\u00f3 nhi\u1ec7m v\u1ee5 m\u1edf\u00a0\u0111i\u1ec7n khi h\u1ebft n\u01b0\u1edbc v\u00e0 t\u1eafc\u00a0\u0111i\u1ec7n khi n\u01b0\u1edbc\u00a0\u0111\u1ea7y r\u1ea5t ti\u1ec7n d\u1ee5ng.<\/strong><\/h3>\n<p><a href=\"https:\/\/maybommini.com\/wp-content\/uploads\/2018\/01\/phao-cong-tac-may-bom-nuoc-2m.jpg\" target=\"_blank\" rel=\"noopener\"><img decoding=\"async\" class=\"size-full wp-image-252962 aligncenter\" src=\"https:\/\/maybommini.com\/wp-content\/uploads\/2018\/01\/phao-cong-tac-may-bom-nuoc-2m.jpg\" alt=\"\" width=\"720\" height=\"720\" srcset=\"https:\/\/maybommini.vn\/wp-content\/uploads\/2018\/01\/phao-cong-tac-may-bom-nuoc-2m.jpg 720w, https:\/\/maybommini.vn\/wp-content\/uploads\/2018\/01\/phao-cong-tac-may-bom-nuoc-2m-300x300.jpg 300w, https:\/\/maybommini.vn\/wp-content\/uploads\/2018\/01\/phao-cong-tac-may-bom-nuoc-2m-600x600.jpg 600w, https:\/\/maybommini.vn\/wp-content\/uploads\/2018\/01\/phao-cong-tac-may-bom-nuoc-2m-150x150.jpg 150w, https:\/\/maybommini.vn\/wp-content\/uploads\/2018\/01\/phao-cong-tac-may-bom-nuoc-2m-270x270.jpg 270w, https:\/\/maybommini.vn\/wp-content\/uploads\/2018\/01\/phao-cong-tac-may-bom-nuoc-2m-375x375.jpg 375w, https:\/\/maybommini.vn\/wp-content\/uploads\/2018\/01\/phao-cong-tac-may-bom-nuoc-2m-140x140.jpg 140w, https:\/\/maybommini.vn\/wp-content\/uploads\/2018\/01\/phao-cong-tac-may-bom-nuoc-2m-131x131.jpg 131w, https:\/\/maybommini.vn\/wp-content\/uploads\/2018\/01\/phao-cong-tac-may-bom-nuoc-2m-142x142.jpg 142w, https:\/\/maybommini.vn\/wp-content\/uploads\/2018\/01\/phao-cong-tac-may-bom-nuoc-2m-164x164.jpg 164w, https:\/\/maybommini.vn\/wp-content\/uploads\/2018\/01\/phao-cong-tac-may-bom-nuoc-2m-175x175.jpg 175w, https:\/\/maybommini.vn\/wp-content\/uploads\/2018\/01\/phao-cong-tac-may-bom-nuoc-2m-193x193.jpg 193w, https:\/\/maybommini.vn\/wp-content\/uploads\/2018\/01\/phao-cong-tac-may-bom-nuoc-2m-200x200.jpg 200w, https:\/\/maybommini.vn\/wp-content\/uploads\/2018\/01\/phao-cong-tac-may-bom-nuoc-2m-204x204.jpg 204w, https:\/\/maybommini.vn\/wp-content\/uploads\/2018\/01\/phao-cong-tac-may-bom-nuoc-2m-213x213.jpg 213w, https:\/\/maybommini.vn\/wp-content\/uploads\/2018\/01\/phao-cong-tac-may-bom-nuoc-2m-248x248.jpg 248w, https:\/\/maybommini.vn\/wp-content\/uploads\/2018\/01\/phao-cong-tac-may-bom-nuoc-2m-260x260.jpg 260w\" sizes=\"(max-width: 720px) 100vw, 720px\" \/><\/a><\/p>\n<p><strong>TH\u00d4NG S\u1ed0 K\u1ef8 THU\u1eacT<\/strong><br \/>\n\u0110i\u1ec7n: 110V 220V-8A 12V 24V 48V<br \/>\nLo\u1ea1i: Phao bi<br \/>\nCh\u1ea5t li\u1ec7u: Nh\u1ef1a ABS<br \/>\nChi\u1ec1u d\u00e0i d\u00e2y\u00a0\u0111i\u1ec7n: 2 m\u00e9t<br \/>\nNhi\u1ec7t\u00a0\u0111\u1ed9 n\u01b0\u1edbc l\u00e0m vi\u1ec7c: 0\u00a0\u0111\u1ebfn 80\u00a0\u0111\u1ed9 C<br \/>\nCh\u1ed1ng\u00a0\u0103n m\u00f2n.<br \/>\nTr\u1ecdng l\u01b0\u1ee3ng: 500g<\/p>\n<p><a href=\"https:\/\/maybommini.com\/wp-content\/uploads\/2018\/01\/phao-tat-mo-tu-dong-bom-nuoc.jpg\" target=\"_blank\" rel=\"noopener\"><img decoding=\"async\" class=\"size-full wp-image-252965 aligncenter\" src=\"https:\/\/maybommini.com\/wp-content\/uploads\/2018\/01\/phao-tat-mo-tu-dong-bom-nuoc.jpg\" alt=\"\" width=\"720\" height=\"720\" srcset=\"https:\/\/maybommini.vn\/wp-content\/uploads\/2018\/01\/phao-tat-mo-tu-dong-bom-nuoc.jpg 720w, https:\/\/maybommini.vn\/wp-content\/uploads\/2018\/01\/phao-tat-mo-tu-dong-bom-nuoc-300x300.jpg 300w, https:\/\/maybommini.vn\/wp-content\/uploads\/2018\/01\/phao-tat-mo-tu-dong-bom-nuoc-600x600.jpg 600w, https:\/\/maybommini.vn\/wp-content\/uploads\/2018\/01\/phao-tat-mo-tu-dong-bom-nuoc-150x150.jpg 150w, https:\/\/maybommini.vn\/wp-content\/uploads\/2018\/01\/phao-tat-mo-tu-dong-bom-nuoc-270x270.jpg 270w, https:\/\/maybommini.vn\/wp-content\/uploads\/2018\/01\/phao-tat-mo-tu-dong-bom-nuoc-375x375.jpg 375w, https:\/\/maybommini.vn\/wp-content\/uploads\/2018\/01\/phao-tat-mo-tu-dong-bom-nuoc-140x140.jpg 140w, https:\/\/maybommini.vn\/wp-content\/uploads\/2018\/01\/phao-tat-mo-tu-dong-bom-nuoc-131x131.jpg 131w, https:\/\/maybommini.vn\/wp-content\/uploads\/2018\/01\/phao-tat-mo-tu-dong-bom-nuoc-142x142.jpg 142w, https:\/\/maybommini.vn\/wp-content\/uploads\/2018\/01\/phao-tat-mo-tu-dong-bom-nuoc-164x164.jpg 164w, https:\/\/maybommini.vn\/wp-content\/uploads\/2018\/01\/phao-tat-mo-tu-dong-bom-nuoc-175x175.jpg 175w, https:\/\/maybommini.vn\/wp-content\/uploads\/2018\/01\/phao-tat-mo-tu-dong-bom-nuoc-193x193.jpg 193w, https:\/\/maybommini.vn\/wp-content\/uploads\/2018\/01\/phao-tat-mo-tu-dong-bom-nuoc-200x200.jpg 200w, https:\/\/maybommini.vn\/wp-content\/uploads\/2018\/01\/phao-tat-mo-tu-dong-bom-nuoc-204x204.jpg 204w, https:\/\/maybommini.vn\/wp-content\/uploads\/2018\/01\/phao-tat-mo-tu-dong-bom-nuoc-213x213.jpg 213w, https:\/\/maybommini.vn\/wp-content\/uploads\/2018\/01\/phao-tat-mo-tu-dong-bom-nuoc-248x248.jpg 248w, https:\/\/maybommini.vn\/wp-content\/uploads\/2018\/01\/phao-tat-mo-tu-dong-bom-nuoc-260x260.jpg 260w\" sizes=\"(max-width: 720px) 100vw, 720px\" \/><\/a><\/p>\n<p><strong>\u1ee8NG D\u1ee4NG PHAO C\u00d4NG T\u1eaeC N\u01af\u1edaC &#8211; ROLE B\u1ed2N N\u01af\u1edaC<\/strong><br \/>\n&#8211; D\u00f9ng c\u00f4ng t\u1eafc t\u1ef1\u00a0\u0111\u1ed9ng m\u00e1y b\u01a1m b\u1ed3n n\u01b0\u1edbc gia\u00a0\u0111\u00ecnh.<br \/>\n&#8211; C\u00f4ng t\u1eafc n\u01b0\u1edbc t\u1ef1\u00a0\u0111\u1ed9ng h\u1ed3 n\u01b0\u1edbc.<br \/>\n&#8211;\u00a0C\u00f4ng t\u1eafc n\u01b0\u1edbc t\u1ef1\u00a0\u0111\u1ed9ng b\u1ec3 c\u00e1.<br \/>\n&#8211; C\u00f4ng t\u1eafc t\u1ef1\u00a0\u0111\u1ed9ng h\u1ed3 n\u01b0\u1edbc.<br \/>\n&#8211; C\u00f4ng t\u1eafc t\u1ef1\u00a0\u0111\u1ed9ng b\u1ed3n n\u01b0\u1edbc s\u00ednh ho\u1ea1t gia\u00a0\u0111\u00ecnh.<br \/>\n&#8211; T\u1ef1\u00a0\u0111\u1ed9ng t\u1eafc m\u00e1y b\u01a1m n\u01b0\u1edbc.<br \/>\n&#8211; Phao c\u00f4ng t\u1eafc t\u1ef1\u00a0\u0111\u1ed9ng m\u00e1y b\u01a1m.<\/p>\n<p><a href=\"https:\/\/maybommini.com\/wp-content\/uploads\/2018\/04\/nguyen-ly-hoat-dong-phao-cong-tat-may-bom.jpg\" target=\"_blank\" rel=\"noopener\"><img decoding=\"async\" class=\"size-full wp-image-256710 aligncenter\" src=\"https:\/\/maybommini.com\/wp-content\/uploads\/2018\/04\/nguyen-ly-hoat-dong-phao-cong-tat-may-bom.jpg\" alt=\"Nguyen Ly Hoat Dong Phao Cong Tat May Bom.jpg\" width=\"400\" height=\"379\" srcset=\"https:\/\/maybommini.vn\/wp-content\/uploads\/2018\/04\/nguyen-ly-hoat-dong-phao-cong-tat-may-bom.jpg 400w, https:\/\/maybommini.vn\/wp-content\/uploads\/2018\/04\/nguyen-ly-hoat-dong-phao-cong-tat-may-bom-300x284.jpg 300w\" sizes=\"(max-width: 400px) 100vw, 400px\" \/><\/a><\/p>\n<p>Ch\u00fang t\u00f4i chuy\u00ean cung c\u1ea5p c\u00e1c thi\u1ebft b\u1ecb c\u00f4ng t\u1eafc m\u00e1y b\u01a1m t\u1ef1\u00a0\u0111\u1ed9ng gia\u00a0\u0111\u00ecnh v\u00e0 c\u00f4ng nghi\u1ec7p, Role m\u00e1y b\u01a1m n\u01b0\u1edbc, phao c\u00f4ng t\u1eafc t\u1ef1\u00a0\u0111\u1ed9ng.<\/p>\n<p><strong>CTY TNHH TH\u01af\u01a0NG M\u1ea0I D\u1ecaCH V\u1ee4 \u0110I\u1ec6N M\u00c1Y TH\u00d4NG MINH<\/strong><br \/>\nHotline : 090 729 4310<br \/>\nEmail : maybommini.com@gmail.com<br \/>\nWebsite : http:\/\/maybommini.com<br \/>\nFacebook : <a href=\"https:\/\/www.facebook.com\/maybommini\" target=\"_blank\" rel=\"noopener\">https:\/\/www.facebook.com\/maybommini<\/a><br \/>\nGoogle : <a href=\"https:\/\/plus.google.com\/ Maybomnuocminiruaxe\" target=\"_blank\" rel=\"noopener\">https:\/\/plus.google.com\/ Maybomnuocminiruaxe<\/a><br \/>\nYoutube demo : <a href=\"https:\/\/www.youtube.com\/bahamasali\" target=\"_blank\" rel=\"noopener\">https:\/\/www.youtube.com\/bahamasali<\/a><\/p>\n","protected":false},"excerpt":{"rendered":"<p>\u0110i\u1ec7n: 110V 220V-8A 12V 24V 48V<br \/>\nLo\u1ea1i: Phao bi<br \/>\nCh\u1ea5t li\u1ec7u: Nh\u1ef1a ABS<br \/>\nChi\u1ec1u d\u00e0i d\u00e2y\u00a0\u0111i\u1ec7n: 2 m\u00e9t<br \/>\nNhi\u1ec7t\u00a0\u0111\u1ed9 n\u01b0\u1edbc l\u00e0m vi\u1ec7c: 0\u00a0\u0111\u1ebfn 80\u00a0\u0111\u1ed9 C<br \/>\nCh\u1ed1ng\u00a0\u0103n m\u00f2n.<br \/>\nTr\u1ecdng l\u01b0\u1ee3ng: 500g<br \/>\nB\u1ea3o h\u00e0nh: 6 th\u00e1ng<br \/>\nTel: 0907294310<\/p>\n","protected":false},"featured_media":256708,"comment_status":"open","ping_status":"closed","template":"","meta":[],"product_brand":[2227],"product_cat":[214],"product_tag":[1040,1041,849,805,1042,1043,1044,1045,1046,1047,1048],"class_list":{"0":"post-256598","1":"product","2":"type-product","3":"status-publish","4":"has-post-thumbnail","6":"product_brand-mtm","7":"product_cat-phu-kien-bom-nuoc","8":"product_tag-2m","9":"product_tag-cong-tac-may-bom","10":"product_tag-may-bom-tu-dong","11":"product_tag-phao-cong-tac","12":"product_tag-phao-cong-tac-tu-dong","13":"product_tag-phuong-dakao","14":"product_tag-quan-1","15":"product_tag-role","16":"product_tag-role-bon-nuoc","17":"product_tag-role-may-bom","18":"product_tag-tat-tu-dong-may-bom","20":"first","21":"instock","22":"shipping-taxable","23":"product-type-simple"},"_links":{"self":[{"href":"https:\/\/maybommini.vn\/index.php?rest_route=\/wp\/v2\/product\/256598","targetHints":{"allow":["GET"]}}],"collection":[{"href":"https:\/\/maybommini.vn\/index.php?rest_route=\/wp\/v2\/product"}],"about":[{"href":"https:\/\/maybommini.vn\/index.php?rest_route=\/wp\/v2\/types\/product"}],"replies":[{"embeddable":true,"href":"https:\/\/maybommini.vn\/index.php?rest_route=%2Fwp%2Fv2%2Fcomments&post=256598"}],"wp:featuredmedia":[{"embeddable":true,"href":"https:\/\/maybommini.vn\/index.php?rest_route=\/wp\/v2\/media\/256708"}],"wp:attachment":[{"href":"https:\/\/maybommini.vn\/index.php?rest_route=%2Fwp%2Fv2%2Fmedia&parent=256598"}],"wp:term":[{"taxonomy":"product_brand","embeddable":true,"href":"https:\/\/maybommini.vn\/index.php?rest_route=%2Fwp%2Fv2%2Fproduct_brand&post=256598"},{"taxonomy":"product_cat","embeddable":true,"href":"https:\/\/maybommini.vn\/index.php?rest_route=%2Fwp%2Fv2%2Fproduct_cat&post=256598"},{"taxonomy":"product_tag","embeddable":true,"href":"https:\/\/maybommini.vn\/index.php?rest_route=%2Fwp%2Fv2%2Fproduct_tag&post=256598"}],"curies":[{"name":"wp","href":"https:\/\/api.w.org\/{rel}","templated":true}]}}