{"id":256600,"date":"2018-04-12T19:35:36","date_gmt":"2018-04-12T12:35:36","guid":{"rendered":"https:\/\/maybommini.com\/san-pham\/import-placeholder-for-252854"},"modified":"2019-12-28T12:33:58","modified_gmt":"2019-12-28T05:33:58","slug":"adapter-12v-4a","status":"publish","type":"product","link":"https:\/\/maybommini.vn\/?product=adapter-12v-4a","title":{"rendered":"Adapter 12V 4A"},"content":{"rendered":"<h3><strong>Adapter 12V 4A d\u00f9ng cho m\u00e1y b\u01a1m n\u01b0\u1edbc mini \u0111\u00e2y l\u00e0 lo\u1ea1i ngu\u1ed3n chuy\u00ean d\u1ee5ng hay c\u00f2n g\u1ecdi l\u00e0 Adapter \u0111\u00fang c\u00f4ng xu\u1ea5t 48W d\u00f9ng cho m\u00e1y b\u01a1m n\u01b0\u1edbc mini 12V \u00e1p l\u1ef1c d\u00f9ng cho m\u00e1y phun s\u01b0\u01a1ng, m\u00e1y b\u01a1m mini v\u00e0 thi\u1ebft b\u1ecb\u00a0\u0111i\u1ec7n kh\u00e1c.<\/strong><\/h3>\n<p><img decoding=\"async\" class=\"size-full wp-image-254808 aligncenter\" src=\"https:\/\/maybommini.com.vn\/wp-content\/uploads\/2018\/01\/nguon-dien-12v-4a-1.jpg\" alt=\"Nguon Dien 12v 4a\" width=\"750\" height=\"750\" srcset=\"https:\/\/maybommini.vn\/wp-content\/uploads\/2018\/01\/nguon-dien-12v-4a-1.jpg 750w, https:\/\/maybommini.vn\/wp-content\/uploads\/2018\/01\/nguon-dien-12v-4a-1-300x300.jpg 300w, https:\/\/maybommini.vn\/wp-content\/uploads\/2018\/01\/nguon-dien-12v-4a-1-600x600.jpg 600w, https:\/\/maybommini.vn\/wp-content\/uploads\/2018\/01\/nguon-dien-12v-4a-1-150x150.jpg 150w, https:\/\/maybommini.vn\/wp-content\/uploads\/2018\/01\/nguon-dien-12v-4a-1-270x270.jpg 270w, https:\/\/maybommini.vn\/wp-content\/uploads\/2018\/01\/nguon-dien-12v-4a-1-375x375.jpg 375w, https:\/\/maybommini.vn\/wp-content\/uploads\/2018\/01\/nguon-dien-12v-4a-1-140x140.jpg 140w, https:\/\/maybommini.vn\/wp-content\/uploads\/2018\/01\/nguon-dien-12v-4a-1-131x131.jpg 131w, https:\/\/maybommini.vn\/wp-content\/uploads\/2018\/01\/nguon-dien-12v-4a-1-142x142.jpg 142w, https:\/\/maybommini.vn\/wp-content\/uploads\/2018\/01\/nguon-dien-12v-4a-1-164x164.jpg 164w, https:\/\/maybommini.vn\/wp-content\/uploads\/2018\/01\/nguon-dien-12v-4a-1-175x175.jpg 175w, https:\/\/maybommini.vn\/wp-content\/uploads\/2018\/01\/nguon-dien-12v-4a-1-193x193.jpg 193w, https:\/\/maybommini.vn\/wp-content\/uploads\/2018\/01\/nguon-dien-12v-4a-1-200x200.jpg 200w, https:\/\/maybommini.vn\/wp-content\/uploads\/2018\/01\/nguon-dien-12v-4a-1-204x204.jpg 204w, https:\/\/maybommini.vn\/wp-content\/uploads\/2018\/01\/nguon-dien-12v-4a-1-213x213.jpg 213w, https:\/\/maybommini.vn\/wp-content\/uploads\/2018\/01\/nguon-dien-12v-4a-1-248x248.jpg 248w, https:\/\/maybommini.vn\/wp-content\/uploads\/2018\/01\/nguon-dien-12v-4a-1-260x260.jpg 260w\" sizes=\"(max-width: 750px) 100vw, 750px\" \/><\/p>\n<h2 style=\"text-align: center;\">Ngu\u1ed3n Adapter 220V ra 12V 4A<\/h2>\n<p><strong>TH\u00d4NG S\u1ed0 K\u1ef8 THU\u1eacT ADAPTER 12V 4A<br \/>\n<\/strong>\u0110i\u1ec7n v\u00e0o : AC 110-260V 50\/60HZ<br \/>\n\u0110i\u1ec7n ra : DC 12V 4A<br \/>\nC\u00f4ng xu\u1ea5t :\u00a048W<br \/>\nLed b\u00e1o : c\u00f3<br \/>\nS\u1ea3n xu\u1ea5t : China Cao C\u1ea5p<br \/>\nAC ADAPTER<\/p>\n<p><img decoding=\"async\" class=\"size-full wp-image-254807 aligncenter\" src=\"https:\/\/maybommini.com.vn\/wp-content\/uploads\/2018\/01\/adapter-12v-4a-1.jpg\" alt=\"Adapter 12v 4a\" width=\"750\" height=\"750\" srcset=\"https:\/\/maybommini.vn\/wp-content\/uploads\/2018\/01\/adapter-12v-4a-1.jpg 750w, https:\/\/maybommini.vn\/wp-content\/uploads\/2018\/01\/adapter-12v-4a-1-300x300.jpg 300w, https:\/\/maybommini.vn\/wp-content\/uploads\/2018\/01\/adapter-12v-4a-1-600x600.jpg 600w, https:\/\/maybommini.vn\/wp-content\/uploads\/2018\/01\/adapter-12v-4a-1-150x150.jpg 150w\" sizes=\"(max-width: 750px) 100vw, 750px\" \/><\/p>\n<h2><strong>Thi\u1ebft k\u1ebf ngu\u1ed3n cho m\u00e1y b\u01a1m mini, m\u00e1y phun s\u01b0\u01a1ng v\u00e0 thi\u1ebft v\u1ecb\u00a0\u0111i\u1ec7n 12V<\/strong><\/h2>\n<p>&#8211; C\u00f3 thi\u1ebft k\u1ebf h\u00ecnh kh\u1ed1i b\u1eb1ng nh\u1ef1a cao c\u1ea5p. \u0110\u00e2y l\u00e0 lo\u1ea1i ngu\u1ed3n cao c\u1ea5p.<br \/>\n&#8211; V\u1edbi t\u1ea5t c\u1ea3 m\u00e1y b\u01a1m \u00e1p l\u1ef1c mini 12V phun s\u01b0\u01a1ng\u00a0\u0111\u00e2y l\u00e0 lo\u1ea1i ngu\u1ed3n t\u1ed1t s\u1eed d\u1ee5ng l\u00e2u d\u00e0i.<br \/>\n&#8211; Ch\u00fang t\u00f4i chuy\u00ean cung c\u1ea5p Adapter, ngu\u1ed3n\u00a0\u0111i\u1ec7n 12V 24V 36V, bi\u1ebfn th\u1ebf 220V c\u00e1c lo\u1ea1i s\u1eed d\u1ee5ng cho thi\u1ebft b\u1ecb\u00a0\u0111i\u1ec7n v\u00e0 m\u00e1y b\u01a1m mini.<\/p>\n<p>M\u1ecdi chi ti\u1ebft vui l\u00f2ng li\u00ean h\u1ec7 tr\u1ef1c ti\u1ebfp cho ch\u00fang t\u00f4i \u0111\u1ec3 \u0111\u01b0\u1ee3c t\u01b0 v\u1ea5n theo nhu c\u1ea7u \u0111\u1ec3 c\u00f3 \u0111\u01b0\u1ee3c b\u1ed9 s\u1ea3n ph\u1ea9m t\u1ed1t nh\u1ea5t v\u00e0 ti\u1ebft ki\u1ec7m.\u00a0B\u1ea1n \u1edf xa v\u1eabn c\u00f3 th\u1ec3 mua h\u00e0ng v\u00e0 giao h\u00e0ng thanh to\u00e1n ti\u1ec1n t\u1ea1i nh\u00e0.<br \/>\nChuy\u00ean c\u00e1c lo\u1ea1i m\u00e1y b\u01a1m n\u01b0\u1edbc, b\u01a1m \u00e1p l\u1ef1c, m\u00e1y r\u1eeda xe, r\u1eeda m\u00e1y l\u1ea1nh, phun thu\u1ed1c tr\u1eeb s\u00e2u, phun s\u01b0\u01a1ng, m\u00e1y b\u01a1m h\u00f3a ch\u1ea5t.<\/p>\n<p><strong>CTY TNHH TH\u01af\u01a0NG M\u1ea0I D\u1ecaCH V\u1ee4 \u0110I\u1ec6N M\u00c1Y TH\u00d4NG MINH<\/strong><br \/>\n18Bis\/22\/3 Nguy\u1ec5n Th\u1ecb Minh Khai, Ph\u01b0\u1eddng \u0110akao, Qu\u1eadn 1 , H\u1ed3 Ch\u00ed Minh.<br \/>\nHotline : 090 729 4310<br \/>\nEmail :\u00a0maybommini.com@gmail.com<br \/>\nWebsite : http:\/\/maybommini.com<br \/>\nFacebook : https:\/\/www.facebook.com\/maybommini<br \/>\nGoogle   : https:\/\/plus.google.com\/ Maybomnuocminiruaxe<br \/>\nYoutube demo : https:\/\/www.youtube.com\/bahamasali<\/p>\n","protected":false},"excerpt":{"rendered":"<p>\u0110i\u1ec7n v\u00e0o : AC 110-260V 50\/60HZ<br \/>\n\u0110i\u1ec7n ra : DC 12V 4A<br \/>\nC\u00f4ng xu\u1ea5t :\u00a048W<br \/>\nLed b\u00e1o : c\u00f3<br \/>\nS\u1ea3n xu\u1ea5t : China Cao C\u1ea5p<br \/>\nB\u1ea3o h\u00e0nh: 3 th\u00e1ng<br \/>\nTr\u1ecdng l\u01b0\u1ee3g : 300g<br \/>\nAC ADAPTER<\/p>\n","protected":false},"featured_media":256713,"comment_status":"open","ping_status":"closed","template":"","meta":[],"product_brand":[2227],"product_cat":[214,3132],"product_tag":[571,415,258,574,341,342,259,361,260,261,576,262,277],"class_list":{"0":"post-256600","1":"product","2":"type-product","3":"status-publish","4":"has-post-thumbnail","6":"product_brand-mtm","7":"product_cat-phu-kien-bom-nuoc","8":"product_cat-nguon-dien-bien-the-adapter","9":"product_tag-24v-4a","10":"product_tag-ac-adapter","11":"product_tag-adapter-12v","12":"product_tag-adapter-24v","13":"product_tag-bien-the-12v","14":"product_tag-chuyen-dien-220v","15":"product_tag-dc-12v","16":"product_tag-may-phun-suong","17":"product_tag-nguon","18":"product_tag-nguon-cho-bom-nuoc-mini","19":"product_tag-nguon-dien","20":"product_tag-nguon-may-rua-xe","21":"product_tag-phun-suong","23":"first","24":"instock","25":"featured","26":"shipping-taxable","27":"purchasable","28":"product-type-simple"},"_links":{"self":[{"href":"https:\/\/maybommini.vn\/index.php?rest_route=\/wp\/v2\/product\/256600","targetHints":{"allow":["GET"]}}],"collection":[{"href":"https:\/\/maybommini.vn\/index.php?rest_route=\/wp\/v2\/product"}],"about":[{"href":"https:\/\/maybommini.vn\/index.php?rest_route=\/wp\/v2\/types\/product"}],"replies":[{"embeddable":true,"href":"https:\/\/maybommini.vn\/index.php?rest_route=%2Fwp%2Fv2%2Fcomments&post=256600"}],"wp:featuredmedia":[{"embeddable":true,"href":"https:\/\/maybommini.vn\/index.php?rest_route=\/wp\/v2\/media\/256713"}],"wp:attachment":[{"href":"https:\/\/maybommini.vn\/index.php?rest_route=%2Fwp%2Fv2%2Fmedia&parent=256600"}],"wp:term":[{"taxonomy":"product_brand","embeddable":true,"href":"https:\/\/maybommini.vn\/index.php?rest_route=%2Fwp%2Fv2%2Fproduct_brand&post=256600"},{"taxonomy":"product_cat","embeddable":true,"href":"https:\/\/maybommini.vn\/index.php?rest_route=%2Fwp%2Fv2%2Fproduct_cat&post=256600"},{"taxonomy":"product_tag","embeddable":true,"href":"https:\/\/maybommini.vn\/index.php?rest_route=%2Fwp%2Fv2%2Fproduct_tag&post=256600"}],"curies":[{"name":"wp","href":"https:\/\/api.w.org\/{rel}","templated":true}]}}