{"id":256603,"date":"2018-04-12T19:35:37","date_gmt":"2018-04-12T12:35:37","guid":{"rendered":"https:\/\/maybommini.com\/san-pham\/import-placeholder-for-252857"},"modified":"2025-05-26T19:18:15","modified_gmt":"2025-05-26T12:18:15","slug":"van-dien-tu-ro-24v","status":"publish","type":"product","link":"https:\/\/maybommini.vn\/?product=van-dien-tu-ro-24v","title":{"rendered":"Van \u0111i\u1ec7n t\u1eeb RO 24V"},"content":{"rendered":"<p><strong>Chuy\u00ean cung c\u1ea5p c\u00e1c lo\u1ea1i Van \u0111i\u1ec7n t\u1eeb RO 24V l\u00e0 lo\u1ea1i chuy\u00ean d\u1ee5ng cho m\u00e1y l\u1ecdc n\u01b0\u1edbc RO gia \u0111\u00ecnh ho\u1eb7c c\u00f4ng nghi\u1ec7p hi\u1ec7n nay. Lo\u1ea1i van n\u00e0y d\u00f9ng \u0111\u01b0\u1eddng \u1ed1ng ti\u00eau chu\u1ea9n PU 6mm trong h\u1ec7 th\u1ed1ng m\u00e1y l\u1ecdc n\u01b0\u1edbc.<\/strong><\/p>\n<p><img decoding=\"async\" class=\"size-full wp-image-255910 aligncenter\" src=\"https:\/\/maybommini.com.vn\/wp-content\/uploads\/2018\/01\/van-dien-tu-may-loc-nuoc-ro.jpg\" alt=\"Van Dien Tu May Loc Nuoc Ro\" width=\"800\" height=\"800\" \/><\/p>\n<p><strong>TH\u00d4NG S\u1ed0 K\u1ef8 THU\u1eacT<\/strong><br \/>\nLo\u1ea1i : Van \u0111i\u1ec7n t\u1eeb<br \/>\n\u0110i\u1ec7n th\u1ebf: 24V<br \/>\nC\u00f4ng su\u1ea5t: 4.8W<br \/>\n\u00c1p l\u1ef1c: 0-0.8 Mpa<br \/>\nN\u1ed1i \u1ed1ng: 6mm<br \/>\nCh\u1ea5t li\u1ec7u: Th\u00e9p v\u00e0 nh\u1ef1a PE<br \/>\nTr\u1ecdng l\u01b0\u01a1ng: 200g<\/p>\n<p><img decoding=\"async\" class=\"size-full wp-image-255914 aligncenter\" src=\"https:\/\/maybommini.com.vn\/wp-content\/uploads\/2018\/01\/van-tu-RO-1.jpg\" alt=\"Van Tu RO\" width=\"800\" height=\"800\" \/> <img decoding=\"async\" class=\"size-full wp-image-255913 aligncenter\" src=\"https:\/\/maybommini.com.vn\/wp-content\/uploads\/2018\/01\/van-tu-24v-1.jpg\" alt=\"Van Tu 24v\" width=\"800\" height=\"800\" \/> <img decoding=\"async\" class=\"size-full wp-image-255911 aligncenter\" src=\"https:\/\/maybommini.com.vn\/wp-content\/uploads\/2018\/01\/van-nuoc-dien-tu-RO-24v-1.jpg\" alt=\"Van Nuoc Dien Tu RO 24v\" width=\"800\" height=\"800\" \/> <img decoding=\"async\" class=\"size-full wp-image-255909 aligncenter\" src=\"https:\/\/maybommini.com.vn\/wp-content\/uploads\/2018\/01\/van-dien-tu-24v-may-loc-nuoc.jpg\" alt=\"Van Dien Tu 24v May Loc Nuoc\" width=\"800\" height=\"800\" \/><\/p>\n<p><strong>\u1ee8NG D\u1ee4NG<\/strong><br \/>\n&#8211; D\u00f9ng trong h\u1ec7 th\u1ed1ng m\u00e1y l\u1ecdc n\u01b0\u1edbc RO.<br \/>\n&#8211; D\u00f9ng kh\u00f3a n\u01b0\u1edbc trong h\u1ec7 th\u1ed1ng c\u1ea5p n\u01b0\u1edbc t\u1ef1 \u0111\u1ed9ng.<br \/>\n&#8211; D\u00f9ng trong h\u1ec7 th\u1ed1ng l\u00e0m m\u00e1t phun s\u01b0\u01a1ng.<br \/>\n&#8211; D\u00f9ng trong m\u00e1y l\u1ecdc n\u01b0\u1edbc tinh khi\u1ebft.<br \/>\n&#8211; D\u00f9ng trong h\u1ec7 th\u1ed1ng m\u00e1y c\u00f4ng nghi\u1ec7p.<\/p>\n<p><img decoding=\"async\" class=\"size-full wp-image-255912 aligncenter\" src=\"https:\/\/maybommini.com.vn\/wp-content\/uploads\/2018\/01\/van-nuoc-tu-dong.jpg\" alt=\"Van Nuoc Tu Dong\" width=\"800\" height=\"800\" \/><br \/>\n<strong>NH\u00c0 CUNG C\u1ea4P VAN \u0110I\u1ec6N T\u1eea SOLENOIDD VALUE<br \/>\n<\/strong>Ch\u00fang t\u00f4i chuy\u00ean cung c\u1ea5p c\u00e1c lo\u1ea1i van \u0111i\u1ec7n 12V 24V 220V c\u00e1c lo\u1ea1i d\u00f9ng cho nhi\u1ec1u m\u1ee5c d\u0111\u00edch kh\u00e1c nhau trong l\u0129nh v\u1ef1c m\u00e1y l\u1ecdc n\u01b0\u1edbc, h\u1ec7 th\u1ed1ng phun s\u01b0\u01a1ng, h\u1ec7 th\u1ed1ng c\u1ea5p n\u01b0\u1edbc, h\u1ec7 th\u1ed1ng c\u00f4ng nghi\u1ec7p tr\u00ean to\u00e0n qu\u1ed1c.<\/p>\n<p><strong>CTY TNHH TH\u01af\u01a0NG M\u1ea0I D\u1ecaCH V\u1ee4 \u0110I\u1ec6N M\u00c1Y TH\u00d4NG MINH<\/strong><br \/>\nHotline : 090 729 4310<br \/>\nEmail : maybommini.com@gmail.com<br \/>\nWebsite : http:\/\/maybommini.com<br \/>\nFacebook : <a href=\"https:\/\/www.facebook.com\/maybommini\" target=\"_blank\" rel=\"noopener\">https:\/\/www.facebook.com\/maybommini<\/a><br \/>\nGoogle : <a href=\"https:\/\/plus.google.com\/ Maybomnuocminiruaxe\" target=\"_blank\" rel=\"noopener\">https:\/\/plus.google.com\/ Maybomnuocminiruaxe<\/a><br \/>\nYoutube demo : <a href=\"https:\/\/www.youtube.com\/bahamasali\" target=\"_blank\" rel=\"noopener\">https:\/\/www.youtube.com\/bahamasali<\/a><\/p>\n<h3 style=\"text-align: center;\">Nh\u00e0 cung c\u1ea5p h\u00e0ng \u0111\u1ea7u c\u00e1c lo\u1ea1i Van \u0111i\u1ec7n t\u1eeb RO 24V<\/h3>\n","protected":false},"excerpt":{"rendered":"<p>Lo\u1ea1i : Van \u0111i\u1ec7n t\u1eeb<br \/>\n\u0110i\u1ec7n th\u1ebf: 24V<br \/>\nC\u00f4ng su\u1ea5t: 4.8W<br \/>\n\u00c1p l\u1ef1c: 0-0.8 Mpa<br \/>\nN\u1ed1i \u1ed1ng: 6mm<br \/>\nCh\u1ea5t li\u1ec7u: Th\u00e9p v\u00e0 nh\u1ef1a PE<br \/>\nTr\u1ecdng l\u01b0\u01a1ng: 200g<\/p>\n","protected":false},"featured_media":256722,"comment_status":"open","ping_status":"closed","template":"","meta":[],"product_brand":[],"product_cat":[543,3157],"product_tag":[488,1051,1052,1053,874,1054,546,1055],"class_list":{"0":"post-256603","1":"product","2":"type-product","3":"status-publish","4":"has-post-thumbnail","6":"product_cat-van-dien-tu-solenoid-vavle","7":"product_cat-van-dien-tu-24v","8":"product_tag-24v","9":"product_tag-solenoid-vavle","10":"product_tag-solenoidd-value","11":"product_tag-van-dien-may-loc-nuoc","12":"product_tag-van-dien-tu","13":"product_tag-van-dien-tu-phun-suong","14":"product_tag-van-nuoc","15":"product_tag-van-tu","17":"first","18":"instock","19":"sale","20":"shipping-taxable","21":"purchasable","22":"product-type-simple"},"_links":{"self":[{"href":"https:\/\/maybommini.vn\/index.php?rest_route=\/wp\/v2\/product\/256603","targetHints":{"allow":["GET"]}}],"collection":[{"href":"https:\/\/maybommini.vn\/index.php?rest_route=\/wp\/v2\/product"}],"about":[{"href":"https:\/\/maybommini.vn\/index.php?rest_route=\/wp\/v2\/types\/product"}],"replies":[{"embeddable":true,"href":"https:\/\/maybommini.vn\/index.php?rest_route=%2Fwp%2Fv2%2Fcomments&post=256603"}],"wp:featuredmedia":[{"embeddable":true,"href":"https:\/\/maybommini.vn\/index.php?rest_route=\/wp\/v2\/media\/256722"}],"wp:attachment":[{"href":"https:\/\/maybommini.vn\/index.php?rest_route=%2Fwp%2Fv2%2Fmedia&parent=256603"}],"wp:term":[{"taxonomy":"product_brand","embeddable":true,"href":"https:\/\/maybommini.vn\/index.php?rest_route=%2Fwp%2Fv2%2Fproduct_brand&post=256603"},{"taxonomy":"product_cat","embeddable":true,"href":"https:\/\/maybommini.vn\/index.php?rest_route=%2Fwp%2Fv2%2Fproduct_cat&post=256603"},{"taxonomy":"product_tag","embeddable":true,"href":"https:\/\/maybommini.vn\/index.php?rest_route=%2Fwp%2Fv2%2Fproduct_tag&post=256603"}],"curies":[{"name":"wp","href":"https:\/\/api.w.org\/{rel}","templated":true}]}}