{"id":256622,"date":"2018-04-12T19:36:01","date_gmt":"2018-04-12T12:36:01","guid":{"rendered":"https:\/\/maybommini.com\/san-pham\/import-placeholder-for-252873"},"modified":"2020-10-27T10:16:24","modified_gmt":"2020-10-27T03:16:24","slug":"cong-tac-ap-luc-ro-24v","status":"publish","type":"product","link":"https:\/\/maybommini.vn\/?product=cong-tac-ap-luc-ro-24v","title":{"rendered":"C\u00f4ng t\u1eaft \u00e1p l\u1ef1c RO 24V &#8211; High Pressure Switch"},"content":{"rendered":"<p><strong>B\u00e1n c\u00f4ng t\u1eaft \u00e1p l\u1ef1c RO 24V l\u00e0 lo\u1ea1i c\u00f4ng t\u1eaft n\u01b0\u1edbc chuy\u00ean d\u1ee5ng cho m\u00e1y l\u1ecdc n\u01b0\u1edbc RO gia \u0111\u00ecnh ho\u1eb7c c\u00f4ng nghi\u1ec7p hi\u1ec7n nay. Lo\u1ea1i c\u00f4ng t\u1eaft \u00e1p l\u1ef1c n\u00e0y d\u00f9ng \u0111\u01b0\u1eddng \u1ed1ng ti\u00eau chu\u1ea9n PU 6mm trong h\u1ec7 th\u1ed1ng m\u00e1y l\u1ecdc n\u01b0\u1edbc v\u00e0 h\u1ec7 th\u1ed1ng m\u00e1y c\u00f4ng nghi\u1ec7p<\/strong><\/p>\n<p><img decoding=\"async\" class=\"size-full wp-image-255908 aligncenter\" src=\"https:\/\/maybommini.com.vn\/wp-content\/uploads\/2018\/01\/cong-tat-ap-luc-RO.jpg\" alt=\"Cong Tat Ap Luc RO\" width=\"750\" height=\"750\" \/><\/p>\n<p><strong>TH\u00d4NG S\u1ed0 K\u1ef8 THU\u1eacT<br \/>\n<\/strong>Model: CTAL-RO-HIGH<br \/>\nLo\u1ea1i c\u00f4ng t\u1eaft \u0111i\u1ec7n d\u00f9ng \u00e1p l\u1ef1c n\u01b0\u1edbc<br \/>\n\u0110i\u1ec7n th\u1ebf: 24V<br \/>\nC\u00f4ng su\u1ea5t: 2W<br \/>\n\u00c1p l\u1ef1c t\u1eafc: 0.6 Mpa<br \/>\n\u00c1p l\u1ef1c ch\u1ecbu \u0111\u01b0\u1ee3c: 1.5 Mpa<br \/>\nN\u1ed1i \u1ed1ng: 6mm<br \/>\nCh\u1ea5t li\u1ec7u: Nh\u1ef1a PE &#8211; Kim lo\u1ea1i<br \/>\nTr\u1ecdng l\u01b0\u01a1ng: 100g<\/p>\n<p><img decoding=\"async\" class=\"size-full wp-image-255906 aligncenter\" src=\"https:\/\/maybommini.com.vn\/wp-content\/uploads\/2018\/01\/cong-tac-ap-luc-tu-dong-1.jpg\" alt=\"Cong Tac Ap Luc Tu Dong\" width=\"750\" height=\"750\" \/> <img decoding=\"async\" class=\"size-full wp-image-255905 aligncenter\" src=\"https:\/\/maybommini.com.vn\/wp-content\/uploads\/2018\/01\/cong-tac-ap-luc-RO-1.jpg\" alt=\"Cong Tac Ap Luc RO\" width=\"750\" height=\"750\" \/> <img decoding=\"async\" class=\"size-full wp-image-255904 aligncenter\" src=\"https:\/\/maybommini.com.vn\/wp-content\/uploads\/2018\/01\/cong-tac-ap-luc-24v-1.jpg\" alt=\"Cong Tac Ap Luc 24v\" width=\"750\" height=\"750\" \/><\/p>\n<p><strong>S\u1eec D\u1ee4NG C\u00d4NG T\u1eaeT \u00c1P L\u1ef0C RO<\/strong><br \/>\n&#8211; D\u00f9ng trong h\u1ec7 th\u1ed1ng m\u00e1y l\u1ecdc n\u01b0\u1edbc RO.<br \/>\n&#8211; D\u00f9ng kh\u00f3a n\u01b0\u1edbc trong h\u1ec7 th\u1ed1ng c\u1ea5p n\u01b0\u1edbc t\u1ef1 \u0111\u1ed9ng.<br \/>\n&#8211; D\u00f9ng trong h\u1ec7 th\u1ed1ng l\u00e0m m\u00e1t phun s\u01b0\u01a1ng.<br \/>\n&#8211; D\u00f9ng trong m\u00e1y l\u1ecdc n\u01b0\u1edbc tinh khi\u1ebft.<br \/>\n&#8211; D\u00f9ng trong h\u1ec7 th\u1ed1ng m\u00e1y c\u00f4ng nghi\u1ec7p.<\/p>\n<p><img decoding=\"async\" class=\"size-full wp-image-255907 aligncenter\" src=\"https:\/\/maybommini.com.vn\/wp-content\/uploads\/2018\/01\/cong-tac-ap-luc-tu-dong-may-bom-RO.jpg\" alt=\"Cong Tac Ap Luc Tu Dong May Bom RO\" width=\"750\" height=\"750\" \/><br \/>\n<strong>NH\u00c0 CUNG C\u1ea4P C\u00d4NG T\u1eaeC \u00c1P L\u1ef0C N\u01af\u1edaC<br \/>\n<\/strong>Ch\u00fang t\u00f4i chuy\u00ean cung c\u1ea5p c\u00e1c lo\u1ea1i C\u00f4ng t\u1eaft \u00e1p l\u1ef1c, Role m\u00e1y b\u01a1m, van \u0111i\u1ec7n t\u1eeb 12V 24V 220V c\u00e1c lo\u1ea1i d\u00f9ng cho nhi\u1ec1u m\u1ee5c \u0111\u00edch kh\u00e1c nhau trong l\u0129nh v\u1ef1c m\u00e1y l\u1ecdc n\u01b0\u1edbc, h\u1ec7 th\u1ed1ng phun s\u01b0\u01a1ng, h\u1ec7 th\u1ed1ng c\u1ea5p n\u01b0\u1edbc, h\u1ec7 th\u1ed1ng c\u00f4ng nghi\u1ec7p tr\u00ean to\u00e0n qu\u1ed1c.<br \/>\n<strong>CTY TNHH TH\u01af\u01a0NG M\u1ea0I D\u1ecaCH V\u1ee4 \u0110I\u1ec6N M\u00c1Y TH\u00d4NG MINH<\/strong><br \/>\nHotline: 02873030399 &#8211; 090 729 4310<br \/>\nEmail: maybommini.com@gmail.com<br \/>\nWebsite: http:\/\/maybommini.com<br \/>\nFacebook: <a href=\"https:\/\/www.facebook.com\/maybommini\" target=\"_blank\" rel=\"noopener noreferrer\">https:\/\/www.facebook.com\/maybommini<\/a><br \/>\nGoogle: <a href=\"https:\/\/plus.google.com\/ Maybomnuocminiruaxe\" target=\"_blank\" rel=\"noopener noreferrer\">https:\/\/plus.google.com\/ Maybomnuocminiruaxe<\/a><br \/>\nYoutube demo: <a href=\"https:\/\/www.youtube.com\/bahamasali\" target=\"_blank\" rel=\"noopener noreferrer\">https:\/\/www.youtube.com\/bahamasali<\/a><\/p>\n<h3 style=\"text-align: center;\">RO High Pressure Switch<\/h3>\n","protected":false},"excerpt":{"rendered":"<p>Lo\u1ea1i : C\u00f4ng t\u1eafc \u0111i\u1ec7n d\u00f9ng \u00e1p l\u1ef1c n\u01b0\u1edbc<br \/>\n\u0110i\u1ec7n th\u1ebf: 24V<br \/>\nC\u00f4ng su\u1ea5t: 2W<br \/>\n\u00c1p l\u1ef1c t\u1eafc: 0.6 Mpa<br \/>\n\u00c1p l\u1ef1c ch\u1ecbu \u0111\u01b0\u1ee3c: 1.5 Mpa<br \/>\nN\u1ed1i \u1ed1ng: 6mm<br \/>\nCh\u1ea5t li\u1ec7u: nh\u1ef1a PE<br \/>\nTr\u1ecdng l\u01b0\u01a1ng: 100g<br \/>\nB\u1ea3o h\u00e0nh: 1 tha\u0301ng<br \/>\nS\u1ea3n ph\u1ea9m cao c\u1ea5p<br \/>\n<strong>H\u00f4\u0309 tr\u01a1\u0323 ky\u0303 thu\u00e2\u0323t vi\u0303nh vi\u00ea\u0303n.<\/strong><br \/>\n<strong>T\u01af V\u1ea4N K\u1ef8 THU\u1eacT \u2013 MUA H\u00c0NG<br \/>\n0908997823 \u2013 0908997872<br \/>\n0907294310 \u2013 02873030399<\/strong><\/p>\n","protected":false},"featured_media":256737,"comment_status":"open","ping_status":"closed","template":"","meta":[],"product_brand":[2227],"product_cat":[649,196,1015],"product_tag":[488,251,1056,1057,1058,1059,597,3071],"class_list":{"0":"post-256622","1":"product","2":"type-product","3":"status-publish","4":"has-post-thumbnail","6":"product_brand-mtm","7":"product_cat-cong-tat-cam-bien-dong-chay","8":"product_cat-may-bom-ap-luc-mini","9":"product_cat-may-bom-nuoc-ro","10":"product_tag-24v","11":"product_tag-ap-luc","12":"product_tag-cong-tac","13":"product_tag-cong-tac-ap-luc","14":"product_tag-cong-tac-ap-luc-may-bom","15":"product_tag-cong-tac-tu-dong","16":"product_tag-ro","17":"product_tag-ro-high-pressure-switch","19":"first","20":"instock","21":"sale","22":"shipping-taxable","23":"purchasable","24":"product-type-simple"},"_links":{"self":[{"href":"https:\/\/maybommini.vn\/index.php?rest_route=\/wp\/v2\/product\/256622","targetHints":{"allow":["GET"]}}],"collection":[{"href":"https:\/\/maybommini.vn\/index.php?rest_route=\/wp\/v2\/product"}],"about":[{"href":"https:\/\/maybommini.vn\/index.php?rest_route=\/wp\/v2\/types\/product"}],"replies":[{"embeddable":true,"href":"https:\/\/maybommini.vn\/index.php?rest_route=%2Fwp%2Fv2%2Fcomments&post=256622"}],"wp:featuredmedia":[{"embeddable":true,"href":"https:\/\/maybommini.vn\/index.php?rest_route=\/wp\/v2\/media\/256737"}],"wp:attachment":[{"href":"https:\/\/maybommini.vn\/index.php?rest_route=%2Fwp%2Fv2%2Fmedia&parent=256622"}],"wp:term":[{"taxonomy":"product_brand","embeddable":true,"href":"https:\/\/maybommini.vn\/index.php?rest_route=%2Fwp%2Fv2%2Fproduct_brand&post=256622"},{"taxonomy":"product_cat","embeddable":true,"href":"https:\/\/maybommini.vn\/index.php?rest_route=%2Fwp%2Fv2%2Fproduct_cat&post=256622"},{"taxonomy":"product_tag","embeddable":true,"href":"https:\/\/maybommini.vn\/index.php?rest_route=%2Fwp%2Fv2%2Fproduct_tag&post=256622"}],"curies":[{"name":"wp","href":"https:\/\/api.w.org\/{rel}","templated":true}]}}