{"id":256657,"date":"2018-04-12T19:36:25","date_gmt":"2018-04-12T12:36:25","guid":{"rendered":"https:\/\/maybommini.com\/san-pham\/import-placeholder-for-252894"},"modified":"2019-10-26T15:42:04","modified_gmt":"2019-10-26T08:42:04","slug":"binh-loc-nuoc-ro-cao-cap","status":"publish","type":"product","link":"https:\/\/maybommini.vn\/?product=binh-loc-nuoc-ro-cao-cap","title":{"rendered":"B\u00ecnh l\u1ecdc n\u01b0\u1edbc RO cao c\u1ea5p"},"content":{"rendered":"<p><strong>B\u00ecnh l\u1ecdc n\u01b0\u1edbc RO cao c\u1ea5p l\u00e0 lo\u1ea1i b\u00ecnh l\u1ecdc n\u01b0\u1edbc s\u1ea1ch chuy\u00ean d\u1ee5ng cho h\u1ec7 th\u1ed1ng l\u1ecdc n\u01b0\u1edbc gia \u0111\u00ecnh. B\u00ecnh \u0111\u01b0\u1ee3c thi\u1ebft k\u1ebf nh\u1ef1a PP cao c\u1ea5p v\u00e0 m\u00e0ng l\u1ecdc n\u01b0\u1edbc theo c\u00f4ng ngh\u1ec7 USA gi\u00fap l\u1ecdc s\u1ea1ch c\u00e1c t\u1ea1p ch\u1ea5t g\u00e2y h\u1ea1i cho s\u1ee9c kh\u1ecfe.<\/strong><\/p>\n<p><img decoding=\"async\" class=\"size-full wp-image-255878 aligncenter\" src=\"https:\/\/maybommini.com.vn\/wp-content\/uploads\/2018\/01\/binh-loc-nuoc-ro-1.jpg\" alt=\"Binh Loc Nuoc Ro\" width=\"550\" height=\"550\" \/><\/p>\n<p><strong>TH\u00d4NG S\u1ed0 K\u1ef8 THU\u1eacT<\/strong><br \/>\nLo\u1ea1i: B\u00ecnh l\u1ecdc n\u01b0\u1edbc<br \/>\nCh\u1ea5t li\u1ec7u: nh\u1ef1a PP trong<br \/>\nL\u00f5i l\u1ecdc: Cao c\u1ea5p USA<br \/>\nChi\u1ec1u cao: 25.4 cm<br \/>\nRen g\u1eafn v\u00e0o ra: Ren trong 21mm<br \/>\nG\u1eafn v\u00e0o t\u01b0\u1eddng<\/p>\n<p><img decoding=\"async\" class=\"size-full wp-image-255878 aligncenter\" src=\"https:\/\/maybommini.com.vn\/wp-content\/uploads\/2018\/01\/binh-loc-nuoc-ro-1.jpg\" alt=\"Binh Loc Nuoc Ro\" width=\"550\" height=\"550\" \/> <img decoding=\"async\" class=\"size-full wp-image-255879 aligncenter\" src=\"https:\/\/maybommini.com.vn\/wp-content\/uploads\/2018\/01\/loi-loc-nuoc-ro-gia-dinh-1.jpg\" alt=\"Loi Loc Nuoc Ro Gia Dinh\" width=\"550\" height=\"550\" \/> <img decoding=\"async\" class=\"size-full wp-image-255880 aligncenter\" src=\"https:\/\/maybommini.com.vn\/wp-content\/uploads\/2018\/01\/part-gan-binh-loc-nuoc-1.jpg\" alt=\"Part Gan Binh Loc Nuoc\" width=\"550\" height=\"550\" \/><\/p>\n<p><strong>\u1ee8NG D\u1ee4NG B\u00ccNH L\u1eccC N\u01af\u1edaC RO<br \/>\n<\/strong>&#8211; D\u00f9ng trong m\u00e1y l\u1ecdc n\u01b0\u1edbc RO gia \u0111\u00ecnh.<br \/>\n&#8211; D\u00f9ng trong l\u1ecdc n\u01b0\u1edbc sinh ho\u1ea1t.<br \/>\n&#8211; D\u00f9ng l\u1ecdc n\u01b0\u1edbc trong c\u00f4ng nghi\u1ec7p.<br \/>\n&#8211; D\u00f9ng trong h\u1ec7 th\u1ed1ng m\u00e1y l\u1ecdc n\u01b0\u1edbc s\u1ea1ch.<br \/>\n&#8211; D\u00f9ng trong ph\u00f2ng th\u00ed nghi\u1ec7m v\u00e0 m\u1ed9t s\u1ed1 \u1ee9ng d\u1ee5ng kh\u00e1c.<\/p>\n<p><img decoding=\"async\" class=\"size-full wp-image-255878 aligncenter\" src=\"https:\/\/maybommini.com.vn\/wp-content\/uploads\/2018\/01\/binh-loc-nuoc-ro-1.jpg\" alt=\"Binh Loc Nuoc Ro\" width=\"550\" height=\"550\" \/><\/p>\n<p><strong>MUA B\u00ccNH L\u1eccC N\u01af\u1edaC RO \u1ede \u0110\u00c2U ?<\/strong><br \/>\nCh\u00fang chuy\u00ean cung c\u1ea5p c\u00e1c thi\u1ebft b\u1ecb l\u1ecdc n\u01b0\u1edbc RO gia \u0111\u00ecnh v\u00e0 C\u00f4ng nghi\u1ec7p tr\u00ean to\u00e0n qu\u1ed1c. <a href=\"https:\/\/maybommini.com\/san-pham\/may-bom-loc-nuoc-ro-24v-50g\" target=\"_blank\" rel=\"noopener\">M\u00e1y b\u01a1m RO<\/a>, B\u00ecnh l\u1ecdc n\u01b0\u1edbc RO, <a href=\"https:\/\/maybommini.com\/san-pham\/loi-binh-loc-nuoc-phun-suong-va-loc-nuoc-ro-1-micron\" target=\"_blank\" rel=\"noopener\">L\u00f5i l\u1ecdc n\u01b0\u1edbc RO<\/a> v\u1edbi gi\u00e1 t\u1ed1t v\u00e0 b\u1ea3o h\u00e0nh l\u00e2u d\u00e0i ch\u00ednh h\u00e3ng.<\/p>\n<p><strong>CTY TNHH TH\u01af\u01a0NG M\u1ea0I D\u1ecaCH V\u1ee4 \u0110I\u1ec6N M\u00c1Y TH\u00d4NG MINH<\/strong><br \/>\nHotline : 090 729 4310<br \/>\nEmail : maybommini.com@gmail.com<br \/>\nWebsite : http:\/\/maybommini.com<br \/>\nFacebook : <a href=\"https:\/\/www.facebook.com\/maybommini\" target=\"_blank\" rel=\"noopener\">https:\/\/www.facebook.com\/maybommini<\/a><br \/>\nGoogle   : <a href=\"https:\/\/plus.google.com\/ Maybomnuocminiruaxe\" target=\"_blank\" rel=\"noopener\">https:\/\/plus.google.com\/ Maybomnuocminiruaxe<\/a><br \/>\nYoutube demo : <a href=\"https:\/\/www.youtube.com\/bahamasali\" target=\"_blank\" rel=\"noopener\">https:\/\/www.youtube.com\/bahamasali<\/a><\/p>\n<h3 style=\"text-align: center;\"><strong>CHUY\u00caN B\u00c1N CUNG C\u1ea4P B\u00ecnh l\u1ecdc n\u01b0\u1edbc RO cao c\u1ea5p<\/strong><\/h3>\n","protected":false},"excerpt":{"rendered":"<p>Lo\u1ea1i: B\u00ecnh l\u1ecdc n\u01b0\u1edbc<br \/>\nCh\u1ea5t li\u1ec7u: nh\u1ef1a PP trong<br \/>\nL\u00f5i l\u1ecdc: Cao c\u1ea5p USA<br \/>\nChi\u1ec1u cao: 25.4 cm<br \/>\nRen g\u1eafn v\u00e0o ra: Ren trong 21mm<br \/>\nG\u1eafn v\u00e0o t\u01b0\u1eddng<\/p>\n","protected":false},"featured_media":256764,"comment_status":"open","ping_status":"closed","template":"","meta":[],"product_brand":[],"product_cat":[444],"product_tag":[1074,1019,1075,1022,1067,1076],"class_list":{"0":"post-256657","1":"product","2":"type-product","3":"status-publish","4":"has-post-thumbnail","6":"product_cat-phu-kien-phun-suong","7":"product_tag-binh-loc-nuoc","8":"product_tag-loc-nuoc-ro","9":"product_tag-loc-nuoc-sach","10":"product_tag-loi-loc-nuoc","11":"product_tag-may-bom-ro","12":"product_tag-phu-kien-loc-nuoc-ro","14":"first","15":"instock","16":"sale","17":"shipping-taxable","18":"purchasable","19":"product-type-simple"},"_links":{"self":[{"href":"https:\/\/maybommini.vn\/index.php?rest_route=\/wp\/v2\/product\/256657","targetHints":{"allow":["GET"]}}],"collection":[{"href":"https:\/\/maybommini.vn\/index.php?rest_route=\/wp\/v2\/product"}],"about":[{"href":"https:\/\/maybommini.vn\/index.php?rest_route=\/wp\/v2\/types\/product"}],"replies":[{"embeddable":true,"href":"https:\/\/maybommini.vn\/index.php?rest_route=%2Fwp%2Fv2%2Fcomments&post=256657"}],"wp:featuredmedia":[{"embeddable":true,"href":"https:\/\/maybommini.vn\/index.php?rest_route=\/wp\/v2\/media\/256764"}],"wp:attachment":[{"href":"https:\/\/maybommini.vn\/index.php?rest_route=%2Fwp%2Fv2%2Fmedia&parent=256657"}],"wp:term":[{"taxonomy":"product_brand","embeddable":true,"href":"https:\/\/maybommini.vn\/index.php?rest_route=%2Fwp%2Fv2%2Fproduct_brand&post=256657"},{"taxonomy":"product_cat","embeddable":true,"href":"https:\/\/maybommini.vn\/index.php?rest_route=%2Fwp%2Fv2%2Fproduct_cat&post=256657"},{"taxonomy":"product_tag","embeddable":true,"href":"https:\/\/maybommini.vn\/index.php?rest_route=%2Fwp%2Fv2%2Fproduct_tag&post=256657"}],"curies":[{"name":"wp","href":"https:\/\/api.w.org\/{rel}","templated":true}]}}