{"id":256660,"date":"2018-04-12T19:36:26","date_gmt":"2018-04-12T12:36:26","guid":{"rendered":"https:\/\/maybommini.com\/san-pham\/import-placeholder-for-252913"},"modified":"2019-07-25T09:50:35","modified_gmt":"2019-07-25T02:50:35","slug":"may-bom-nuoc-mini-ap-luc-12v-45w-4l","status":"publish","type":"product","link":"https:\/\/maybommini.vn\/?product=may-bom-nuoc-mini-ap-luc-12v-45w-4l","title":{"rendered":"M\u00e1y B\u01a1m N\u01b0\u1edbc Mini \u00c1p L\u1ef1c 12V 45W 4L"},"content":{"rendered":"<p><strong>B\u01a1m N\u01b0\u1edbc Mini \u00c1p L\u1ef1c 12V 45W l\u00e0 lo\u1ea1i b\u01a1m nh\u1ecf g\u1ecdn d\u00f9ng ngu\u1ed3n 12v 5A r\u1ea5t th\u00edch h\u1ee3p phun thu\u1ed1c tr\u1eeb s\u00e2u, phun s\u01b0\u01a1ng t\u01b0\u1edbi lan v\u00e0 v\u1ec7 sinh m\u00e1y l\u1ea1nh.\u00a0\u00a0M\u00e1y b\u01a1m n\u01b0\u1edbc mini 12v 45w\u00a0do maybommini.com\u00a0\u0111\u1ed9c quy\u1ec1n ph\u00e2n ph\u1ed1i t\u1ea1i Vi\u1ec7t Nam v\u1edbi th\u01b0\u01a1ng hi\u1ec7u SmartPumps.<\/strong><\/p>\n<p><a href=\"https:\/\/maybommini.com\/wp-content\/uploads\/2018\/04\/bom-nuoc-mini-3-1.jpg\" target=\"_blank\" rel=\"noopener\"><img decoding=\"async\" class=\"size-full wp-image-258422 aligncenter\" src=\"https:\/\/maybommini.com\/wp-content\/uploads\/2018\/04\/bom-nuoc-mini-3-1.jpg\" alt=\"Bom Nuoc Mini 3\" width=\"750\" height=\"750\" srcset=\"https:\/\/maybommini.vn\/wp-content\/uploads\/2018\/04\/bom-nuoc-mini-3-1.jpg 750w, https:\/\/maybommini.vn\/wp-content\/uploads\/2018\/04\/bom-nuoc-mini-3-1-300x300.jpg 300w, https:\/\/maybommini.vn\/wp-content\/uploads\/2018\/04\/bom-nuoc-mini-3-1-150x150.jpg 150w, https:\/\/maybommini.vn\/wp-content\/uploads\/2018\/04\/bom-nuoc-mini-3-1-600x600.jpg 600w\" sizes=\"(max-width: 750px) 100vw, 750px\" \/><\/a><\/p>\n<p><strong>TH\u00d4NG S\u1ed0 K\u1ef8 THU\u1eacT<br \/>\n<\/strong>SmartPumps 12V 45W 4L<br \/>\n\u0110i\u1ec7n\u00a0\u00e1p : 12V<br \/>\nC\u00f4ng xu\u1ea5t : 45W<br \/>\n\u00c1p l\u1ef1c : 6kg (0.6 Mpa)<br \/>\nL\u01b0u l\u01b0\u1ee3ng : 4L\/ph\u00fat<br \/>\nTr\u1ecdng l\u01b0\u1ee3ng : 0.6 Kg<br \/>\nC\u00f4ng t\u1eaft\u00a0\u00e1p l\u1ef1c t\u1ef1\u00a0\u0111\u1ed9ng: Kh\u00f4ng<br \/>\nK\u00edch th\u01b0\u1edbc: 16.5cm (L) x 9.6cm (W) x 6cm (H)<br \/>\nTr\u1ecdng l\u01b0\u1ee3ng: 600g<br \/>\nB\u1ea3o h\u00e0nh: 6 th\u00e1ng<\/p>\n<p><a href=\"https:\/\/maybommini.com\/wp-content\/uploads\/2018\/04\/bom-nuoc-mini-3-1.jpg\" target=\"_blank\" rel=\"noopener\"><img decoding=\"async\" class=\"size-full wp-image-258422 aligncenter\" src=\"https:\/\/maybommini.com\/wp-content\/uploads\/2018\/04\/bom-nuoc-mini-3-1.jpg\" alt=\"Bom Nuoc Mini 3\" width=\"750\" height=\"750\" srcset=\"https:\/\/maybommini.vn\/wp-content\/uploads\/2018\/04\/bom-nuoc-mini-3-1.jpg 750w, https:\/\/maybommini.vn\/wp-content\/uploads\/2018\/04\/bom-nuoc-mini-3-1-300x300.jpg 300w, https:\/\/maybommini.vn\/wp-content\/uploads\/2018\/04\/bom-nuoc-mini-3-1-150x150.jpg 150w, https:\/\/maybommini.vn\/wp-content\/uploads\/2018\/04\/bom-nuoc-mini-3-1-600x600.jpg 600w\" sizes=\"(max-width: 750px) 100vw, 750px\" \/><\/a><\/p>\n<p><strong>\u1ee8NG D\u1ee4NG M\u00c1Y B\u01a0M \u00c1P L\u1ef0C MINI<br \/>\n<\/strong>&#8211; D\u00f9ng b\u01a1m n\u01b0\u1edbc.<br \/>\n&#8211; D\u00f9ng b\u01a1m h\u00f3a ch\u1ea5t kh\u00f4ng \u0103n m\u00f2n.<br \/>\n&#8211; D\u00f9ng l\u00e0m h\u1ec7 th\u1ed1ng phun s\u01b0\u01a1ng.<br \/>\n&#8211; D\u00f9ng l\u00e0m h\u1ec7 t\u01b0\u1edbi lan, t\u01b0\u1edbi c\u00e2y nh\u00e0 v\u01b0\u1eddn.<br \/>\n&#8211; D\u00f9ng l\u00e0m b\u01a1m n\u01b0\u1edbc h\u1ed3 c\u00e1.<br \/>\n&#8211; D\u00f9ng l\u00e0m b\u01a1m n\u01b0\u1edbc h\u00f2n non b\u1ed9.<br \/>\n&#8211; D\u00f9ng l\u00e0m b\u01a1m tr\u1ee3 l\u1ef1c.<br \/>\n&#8211; D\u00f9ng l\u00e0m h\u1ec7 th\u1ed1ng t\u01b0\u1edbi th\u1ee7y canh.<br \/>\n&#8211; D\u00f9ng l\u00e0m m\u00e1y r\u1eeda xe, v\u1ec7 sinh nh\u00e0 c\u1eeda v\u00e0 v\u1ec7 sinh m\u00e1y l\u1ea1nh.<br \/>\n&#8211; V\u00e0 d\u00f9ng l\u00e0m b\u01a1m th\u1ef1c ph\u1ea9m v\u00e0 m\u1ed9t s\u1ed1 l\u0129nh v\u1ef1c kh\u00e1c.<\/p>\n<p><a href=\"https:\/\/maybommini.com\/wp-content\/uploads\/2018\/04\/bom-nuoc-mini-3-1.jpg\" target=\"_blank\" rel=\"noopener\"><img decoding=\"async\" class=\"size-full wp-image-258422 aligncenter\" src=\"https:\/\/maybommini.com\/wp-content\/uploads\/2018\/04\/bom-nuoc-mini-3-1.jpg\" alt=\"Bom Nuoc Mini 3\" width=\"750\" height=\"750\" srcset=\"https:\/\/maybommini.vn\/wp-content\/uploads\/2018\/04\/bom-nuoc-mini-3-1.jpg 750w, https:\/\/maybommini.vn\/wp-content\/uploads\/2018\/04\/bom-nuoc-mini-3-1-300x300.jpg 300w, https:\/\/maybommini.vn\/wp-content\/uploads\/2018\/04\/bom-nuoc-mini-3-1-150x150.jpg 150w, https:\/\/maybommini.vn\/wp-content\/uploads\/2018\/04\/bom-nuoc-mini-3-1-600x600.jpg 600w\" sizes=\"(max-width: 750px) 100vw, 750px\" \/><\/a><\/p>\n<p><strong>MUA M\u00c1Y B\u01a0M N\u01af\u1edaC MINI 12V 45W \u1ede \u0110\u00c2U ?<\/strong><\/p>\n<p>M\u1ecdi chi ti\u1ebft vui l\u00f2ng li\u00ean h\u1ec7 tr\u1ef1c ti\u1ebfp cho ch\u00fang t\u00f4i \u0111\u1ec3 \u0111\u01b0\u1ee3c t\u01b0 v\u1ea5n theo nhu c\u1ea7u \u0111\u1ec3 c\u00f3 \u0111\u01b0\u1ee3c b\u1ed9 s\u1ea3n ph\u1ea9m t\u1ed1t nh\u1ea5t v\u00e0 ti\u1ebft ki\u1ec7m.\u00a0B\u1ea1n \u1edf xa v\u1eabn c\u00f3 th\u1ec3 mua h\u00e0ng v\u00e0 giao h\u00e0ng thanh to\u00e1n ti\u1ec1n t\u1ea1i nh\u00e0.<\/p>\n<p><strong>CTY TNHH TH\u01af\u01a0NG M\u1ea0I D\u1ecaCH V\u1ee4 \u0110I\u1ec6N M\u00c1Y TH\u00d4NG MINH<\/strong><br \/>\nHotline : 090 729 4310<br \/>\nEmail : maybommini.com@gmail.com<br \/>\nWebsite : http:\/\/maybommini.com<br \/>\nFacebook : <a href=\"https:\/\/www.facebook.com\/maybommini\" target=\"_blank\" rel=\"noopener\">https:\/\/www.facebook.com\/maybommini<\/a><br \/>\nGoogle : <a href=\"https:\/\/plus.google.com\/ Maybomnuocminiruaxe\" target=\"_blank\" rel=\"noopener\">https:\/\/plus.google.com\/ Maybomnuocminiruaxe<\/a><br \/>\nYoutube demo : <a href=\"https:\/\/www.youtube.com\/bahamasali\" target=\"_blank\" rel=\"noopener\">https:\/\/www.youtube.com\/bahamasali<\/a><\/p>\n<h3 style=\"text-align: center;\">M\u00e1y B\u01a1m N\u01b0\u1edbc Mini \u00c1p L\u1ef1c 12V 45W 4L<\/h3>\n","protected":false},"excerpt":{"rendered":"<p>M\u00e1y b\u01a1m \u00e1p l\u1ef1c SmartPumps 12V 45W 4L<br \/>\n\u0110i\u1ec7n\u00a0\u00e1p : 12V<br \/>\nC\u00f4ng xu\u1ea5t : 45W<br \/>\n\u00c1p l\u1ef1c : 6kg (0.6 Mpa)<br \/>\nL\u01b0u l\u01b0\u1ee3ng : 4L\/ph\u00fat<br \/>\nTr\u1ecdng l\u01b0\u1ee3ng : 0.6 Kg<br \/>\nC\u00f4ng t\u1eaft\u00a0\u00e1p l\u1ef1c t\u1ef1\u00a0\u0111\u1ed9ng: Kh\u00f4ng<br \/>\nK\u00edch th\u01b0\u1edbc: 16.5 x 9.6 x 6 cm<br \/>\nTr\u1ecdng l\u01b0\u1ee3ng: 600g<br \/>\nB\u1ea3o h\u00e0nh: 6 th\u00e1ng<br \/>\nCh\u1ea5t l\u01b0\u1ee3ng s\u1ea3n ph\u1ea9m v\u1edbi ng\u01b0\u1eddi ti\u00eau d\u00f9ng.<br \/>\n<strong>H\u00f4\u0309 tr\u01a1\u0323 ky\u0303 thu\u00e2\u0323t vi\u0303nh vi\u00ea\u0303n.<\/strong><br \/>\n<strong>T\u01af V\u1ea4N K\u1ef8 THU\u1eacT \u2013 MUA H\u00c0NG<br \/>\n0908997823 \u2013 0908997872<br \/>\n0907294310 \u2013 02873030399<\/strong><\/p>\n","protected":false},"featured_media":258422,"comment_status":"open","ping_status":"closed","template":"","meta":[],"product_brand":[44],"product_cat":[197,225],"product_tag":[267,369,370,1518,285,268,235,269,271,272,273,275,279,239,210,280,314,281],"class_list":{"0":"post-256660","1":"product","2":"type-product","3":"status-publish","4":"has-post-thumbnail","6":"product_brand-smartpumps","7":"product_cat-may-bom-ap-luc-12v","8":"product_cat-may-bom-nuoc-mini-12v","9":"product_tag-12v","10":"product_tag-12v-45w","11":"product_tag-4-lit","12":"product_tag-45w","13":"product_tag-bom-ap-luc","14":"product_tag-bom-ap-luc-nho-nhat","15":"product_tag-bom-nuoc-mini","16":"product_tag-bom-nuoc-nho-nhat","17":"product_tag-high-pressure-diaphragm","18":"product_tag-high-pressure-diaphragm-water","19":"product_tag-high-pressure-diaphragm-water-self-priming-pump","20":"product_tag-mini","21":"product_tag-pump","22":"product_tag-rua-may-lanh","23":"product_tag-rua-xe","24":"product_tag-self-priming","25":"product_tag-smart-pumps","26":"product_tag-tuoi-vuon","28":"first","29":"instock","30":"sale","31":"shipping-taxable","32":"purchasable","33":"product-type-simple"},"_links":{"self":[{"href":"https:\/\/maybommini.vn\/index.php?rest_route=\/wp\/v2\/product\/256660","targetHints":{"allow":["GET"]}}],"collection":[{"href":"https:\/\/maybommini.vn\/index.php?rest_route=\/wp\/v2\/product"}],"about":[{"href":"https:\/\/maybommini.vn\/index.php?rest_route=\/wp\/v2\/types\/product"}],"replies":[{"embeddable":true,"href":"https:\/\/maybommini.vn\/index.php?rest_route=%2Fwp%2Fv2%2Fcomments&post=256660"}],"wp:featuredmedia":[{"embeddable":true,"href":"https:\/\/maybommini.vn\/index.php?rest_route=\/wp\/v2\/media\/258422"}],"wp:attachment":[{"href":"https:\/\/maybommini.vn\/index.php?rest_route=%2Fwp%2Fv2%2Fmedia&parent=256660"}],"wp:term":[{"taxonomy":"product_brand","embeddable":true,"href":"https:\/\/maybommini.vn\/index.php?rest_route=%2Fwp%2Fv2%2Fproduct_brand&post=256660"},{"taxonomy":"product_cat","embeddable":true,"href":"https:\/\/maybommini.vn\/index.php?rest_route=%2Fwp%2Fv2%2Fproduct_cat&post=256660"},{"taxonomy":"product_tag","embeddable":true,"href":"https:\/\/maybommini.vn\/index.php?rest_route=%2Fwp%2Fv2%2Fproduct_tag&post=256660"}],"curies":[{"name":"wp","href":"https:\/\/api.w.org\/{rel}","templated":true}]}}