{"id":256693,"date":"2018-04-12T19:36:49","date_gmt":"2018-04-12T12:36:49","guid":{"rendered":"https:\/\/maybommini.com\/san-pham\/import-placeholder-for-252915"},"modified":"2018-11-14T16:22:44","modified_gmt":"2018-11-14T09:22:44","slug":"sung-xit-ap-luc-cao-mo-vit-ren-trong-22mm","status":"publish","type":"product","link":"https:\/\/maybommini.vn\/?product=sung-xit-ap-luc-cao-mo-vit-ren-trong-22mm","title":{"rendered":"S\u00fang x\u1ecbt \u00e1p l\u1ef1c cao m\u1ecf v\u1ecbt ren trong 22mm"},"content":{"rendered":"<h3><strong>S\u00fang x\u1ecbt \u00e1p l\u1ef1c cao m\u1ecf v\u1ecbt ren trong 22mm l\u00e0 lo\u1ea1i s\u00fang x\u1ecbt r\u1eeda \u00e1p l\u1ef1c chuy\u00ean d\u1ee5ng d\u00f9ng x\u1ecbt r\u1eeda xe, v\u1ec7 sinh nh\u00e0 c\u1eeda. V\u1edbi thi\u1ebft b\u1eb1ng nh\u1ef1a cao c\u1ea5p v\u00e0 kim lo\u1ea1i ch\u1ecbu \u00e1p l\u1ef1c cao r\u1ea5t b\u1ec1n khi k\u1ebft h\u1ee3p s\u1eed d\u1ee5ng v\u1edbi c\u00e1c lo\u1ea1i m\u00e1y b\u01a1m \u00e1p l\u1ef1c cao x\u1ecbt r\u1eeda.<\/strong><\/h3>\n<p><img decoding=\"async\" class=\"size-full wp-image-247514 aligncenter\" src=\"https:\/\/maybommini.com\/wp-content\/uploads\/2016\/12\/sung-xit-ap-luc-cao-22mm.jpg\" alt=\"sung-xit-ap-luc-cao-22mm\" width=\"600\" height=\"600\" \/><\/p>\n<p><strong>TH\u00d4NG S\u1ed0 K\u1ef8 THU\u1eacT<\/strong><br \/>\nLo\u1ea1i s\u00fang x\u1ecbt: S\u00fang \u00e1p l\u1ef1c ng\u1eafn<br \/>\nCh\u1ec9nh tia: M\u1ecf v\u1ecbt v\u00e0 1 tia<br \/>\nRen g\u1eafn \u1ed1ng: Ren trong 22 mm<br \/>\nCh\u1ea5t li\u1ec7u v\u1ecf: Nh\u01b0a ABS<br \/>\nCh\u1ea5t li\u1ec7u trong: H\u1ee3p kim \u0111\u1ed3ng<br \/>\nChi\u1ec1u d\u00e0i:<br \/>\nTr\u1ecdng l\u01b0\u1ee3ng: 1 Kg<\/p>\n<h3 style=\"text-align: center;\"><img decoding=\"async\" class=\"size-full wp-image-247508 aligncenter\" src=\"https:\/\/maybommini.com\/wp-content\/uploads\/2016\/12\/ban-sung-xit-ap-luc-cao-rua-xe.jpg\" alt=\"ban-sung-xit-ap-luc-cao-rua-xe\" width=\"600\" height=\"600\" \/>S\u00daNG X\u1ecaT \u00c1P L\u1ef0C CAO<\/h3>\n<p><strong>S\u1eec D\u1ee4NG S\u00daNG X\u1ecaT \u00c1P L\u1ef0C CAO<\/strong><br \/>\n&#8211; D\u00f9ng x\u1ecbt r\u1eeda xe \u00f4to, r\u1eeda xe m\u00e1y.<br \/>\n&#8211; D\u00f9ng x\u1ecbt r\u1eeda v\u1ec7 sinh nh\u00e0 c\u1eeda, qu\u00e1n \u0103n, nh\u00e0 h\u00e0ng.<br \/>\n&#8211; D\u00f9ng x\u1ecbt r\u1eeda thi\u1ebft b\u1ecb d\u1ee5ng c\u1ee5.<br \/>\n&#8211; D\u00f9ng cho m\u00e1y b\u01a1m \u00e1p l\u1ef1c cao.<br \/>\n&#8211; D\u00f9ng x\u1ecbt t\u01b0\u1edbi c\u00e2y.<\/p>\n<p><img decoding=\"async\" class=\"size-full wp-image-247512 aligncenter\" src=\"https:\/\/maybommini.com\/wp-content\/uploads\/2016\/12\/rua-xe-ap-luc-cao.jpg\" alt=\"rua-xe-ap-luc-cao\" width=\"750\" height=\"750\" \/><\/p>\n<p><strong>CHU\u1ea8N G\u1eaeN \u1ed0NG CHO S\u00daNG X\u1ecaT \u00c1P L\u1ef0C CAO<\/strong><br \/>\n&#8211; T\u00f9y theo c\u00e1c lo\u1ea1i s\u00fang x\u1ecbt \u00e1p l\u1ef1c cao m\u00e0 c\u00fang chu\u1ea9n g\u1eafn \u1ed1ng kh\u00e1c nhau v\u00e0 t\u00f9y theo nh\u00e0 s\u1ea3n xu\u1ea5t m\u00e1y x\u1ecbt r\u1eeda \u00e1p l\u1ef1c cao k\u00e8m theo lo\u1ea1i \u1ed1ng \u00e1p l\u1ef1c n\u00e0o \u0111\u1ec3 b\u1ea1n cho cho ph\u00f9 h\u1ee3p s\u00fang \u0111\u1ec3 g\u1eafn.<\/p>\n<p><img decoding=\"async\" class=\"size-full wp-image-247510 aligncenter\" src=\"https:\/\/maybommini.com\/wp-content\/uploads\/2016\/12\/chuan-gan-ong-day-ap-luc-sung-xit.jpg\" alt=\"chuan-gan-ong-day-ap-luc-sung-xit\" width=\"600\" height=\"600\" \/><img decoding=\"async\" class=\"size-full wp-image-247511 aligncenter\" src=\"https:\/\/maybommini.com\/wp-content\/uploads\/2016\/12\/chuan-gan-ong-day-ap-luc-sung-xit-AP-LUC-CAO.jpg\" alt=\"chuan-gan-ong-day-ap-luc-sung-xit-ap-luc-cao\" width=\"600\" height=\"600\" \/><\/p>\n<p><strong>MUA S\u00daNG X\u1ecaT \u00c1P L\u1ef0C CAO \u1ede \u0110\u00c2U ?<\/strong><br \/>\n&#8211; Ch\u00fang t\u00f4i l\u00e0 nh\u00e0 ph\u00e2n ph\u1ed1i c\u00e1c lo\u1ea1i s\u00fang x\u1ecbt \u00e1p l\u1ef1c cao tr\u00ean to\u00e0n qu\u1ed1c v\u1edbi ch\u1ea5t l\u01b0\u1ee3ng cao ch\u00ednh h\u00e3ng v\u00e0 \u0111\u01b0\u1ee3c b\u1ea3o h\u00e0nh l\u00e2u d\u00e0i. Ph\u00e2n ph\u1ed1i c\u00e1c lo\u1ea1i m\u00e1y x\u1ecbt cao \u00e1p \u00e1p l\u1ef1c cao x\u1ecbt r\u1eeda xe v\u1ec7 sinh nh\u00e0 c\u1eeda.<\/p>\n<p><strong>CTY TNHH TH\u01af\u01a0NG M\u1ea0I D\u1ecaCH V\u1ee4 \u0110I\u1ec6N M\u00c1Y TH\u00d4NG MINH<\/strong><br \/>\nHotline : 090 729 4310<br \/>\nEmail : maybommini.com@gmail.com<br \/>\nWebsite : http:\/\/maybommini.com<br \/>\nFacebook : <a href=\"https:\/\/www.facebook.com\/maybommini\" target=\"_blank\" rel=\"noopener\">https:\/\/www.facebook.com\/maybommini<\/a><br \/>\nGoogle   : <a href=\"https:\/\/plus.google.com\/ Maybomnuocminiruaxe\" target=\"_blank\" rel=\"noopener\">https:\/\/plus.google.com\/ Maybomnuocminiruaxe<\/a><br \/>\nYoutube demo : <a href=\"https:\/\/www.youtube.com\/bahamasali\" target=\"_blank\" rel=\"noopener\">https:\/\/www.youtube.com\/bahamasali<\/a><\/p>\n<p><img decoding=\"async\" class=\"size-full wp-image-247463\" style=\"font-weight: bold; background-color: transparent; color: #707070; font-family: 'Noto Sans', sans-serif; text-align: inherit;\" src=\"https:\/\/maybommini.com\/wp-content\/uploads\/2016\/12\/nha-cung-cap-may-bom-mini-MBM.jpg\" alt=\"May Bom Mini\" width=\"750\" height=\"875\" \/><\/p>\n<p>May Bom Mini<\/p>\n","protected":false},"excerpt":{"rendered":"<p>Lo\u1ea1i s\u00fang x\u1ecbt: S\u00fang \u00e1p l\u1ef1c ng\u1eafn<br \/>\nCh\u1ec9nh tia: M\u1ecf v\u1ecbt v\u00e0 1 tia<br \/>\nRen g\u1eafn \u1ed1ng: Ren trong 22 mm<br \/>\nCh\u1ea5t li\u1ec7u v\u1ecf: Nh\u01b0a ABS<br \/>\nCh\u1ea5t li\u1ec7u trong: H\u1ee3p kim \u0111\u1ed3ng<br \/>\nChi\u1ec1u d\u00e0i:<br \/>\nTr\u1ecdng l\u01b0\u1ee3ng: 1 Kg<\/p>\n","protected":false},"featured_media":256785,"comment_status":"open","ping_status":"closed","template":"","meta":[],"product_brand":[],"product_cat":[216],"product_tag":[372,210,217,803,219,253,474,1087],"class_list":{"0":"post-256693","1":"product","2":"type-product","3":"status-publish","4":"has-post-thumbnail","6":"product_cat-sung-phun-xit-ap-luc-cao","7":"product_tag-ap-luc-cao","8":"product_tag-rua-xe","9":"product_tag-sung-ap-luc","10":"product_tag-sung-mo-vit","11":"product_tag-sung-rua-xe","12":"product_tag-sung-xit","13":"product_tag-tuoi-cay","14":"product_tag-xit-rua-ap-luc-cao","16":"first","17":"instock","18":"sale","19":"shipping-taxable","20":"purchasable","21":"product-type-simple"},"_links":{"self":[{"href":"https:\/\/maybommini.vn\/index.php?rest_route=\/wp\/v2\/product\/256693","targetHints":{"allow":["GET"]}}],"collection":[{"href":"https:\/\/maybommini.vn\/index.php?rest_route=\/wp\/v2\/product"}],"about":[{"href":"https:\/\/maybommini.vn\/index.php?rest_route=\/wp\/v2\/types\/product"}],"replies":[{"embeddable":true,"href":"https:\/\/maybommini.vn\/index.php?rest_route=%2Fwp%2Fv2%2Fcomments&post=256693"}],"wp:featuredmedia":[{"embeddable":true,"href":"https:\/\/maybommini.vn\/index.php?rest_route=\/wp\/v2\/media\/256785"}],"wp:attachment":[{"href":"https:\/\/maybommini.vn\/index.php?rest_route=%2Fwp%2Fv2%2Fmedia&parent=256693"}],"wp:term":[{"taxonomy":"product_brand","embeddable":true,"href":"https:\/\/maybommini.vn\/index.php?rest_route=%2Fwp%2Fv2%2Fproduct_brand&post=256693"},{"taxonomy":"product_cat","embeddable":true,"href":"https:\/\/maybommini.vn\/index.php?rest_route=%2Fwp%2Fv2%2Fproduct_cat&post=256693"},{"taxonomy":"product_tag","embeddable":true,"href":"https:\/\/maybommini.vn\/index.php?rest_route=%2Fwp%2Fv2%2Fproduct_tag&post=256693"}],"curies":[{"name":"wp","href":"https:\/\/api.w.org\/{rel}","templated":true}]}}