{"id":256730,"date":"2018-04-12T19:37:13","date_gmt":"2018-04-12T12:37:13","guid":{"rendered":"https:\/\/maybommini.com\/san-pham\/import-placeholder-for-252958"},"modified":"2019-10-08T09:48:09","modified_gmt":"2019-10-08T02:48:09","slug":"may-bom-nuoc-12v-25l-singflo","status":"publish","type":"product","link":"https:\/\/maybommini.vn\/?product=may-bom-nuoc-12v-25l-singflo","title":{"rendered":"M\u00e1y b\u01a1m n\u01b0\u1edbc 12V 25L SINGFLO"},"content":{"rendered":"<p><strong>M\u00e1y b\u01a1m n\u01b0\u1edbc 12V 25L SINGFLO l\u00e0 m\u00e1y b\u01a1m n\u01b0\u1edbc chuy\u00ean d\u1ee5ng c\u00f3 l\u01b0u l\u01b0\u1ee3ng l\u1edbn d\u00f9ng\u00a0\u0111i\u1ec7n DC 12V. B\u01a1m n\u01b0\u1edbc, b\u01a1m tu\u1ea7n ho\u00e0n l\u00e0m m\u00e1t, b\u01a1m ho\u00e1 ch\u1ea5t kh\u00f4ng\u00a0\u0103n m\u00f2n, b\u01a1m tr\u1ee3 l\u1ef1c, m\u00e1y b\u01a1m n\u01b0\u1edbc t\u01b0\u1edbi c\u00e2y v\u00e0 d\u00f9ng trong h\u1ec7 th\u1ed1ng b\u01a1m\u00a0c\u00f4ng nghi\u1ec7p.<\/strong><\/p>\n<p><a href=\"https:\/\/maybommini.com\/wp-content\/uploads\/2018\/04\/may-bom-nuoc-mini-12v-25l-1.jpg\" target=\"_blank\" rel=\"noopener\"><img decoding=\"async\" class=\"size-full wp-image-258416 aligncenter\" src=\"https:\/\/maybommini.com\/wp-content\/uploads\/2018\/04\/may-bom-nuoc-mini-12v-25l-1.jpg\" alt=\"May Bom Nuoc Mini 12v 25l\" width=\"750\" height=\"750\" srcset=\"https:\/\/maybommini.vn\/wp-content\/uploads\/2018\/04\/may-bom-nuoc-mini-12v-25l-1.jpg 750w, https:\/\/maybommini.vn\/wp-content\/uploads\/2018\/04\/may-bom-nuoc-mini-12v-25l-1-300x300.jpg 300w, https:\/\/maybommini.vn\/wp-content\/uploads\/2018\/04\/may-bom-nuoc-mini-12v-25l-1-150x150.jpg 150w, https:\/\/maybommini.vn\/wp-content\/uploads\/2018\/04\/may-bom-nuoc-mini-12v-25l-1-600x600.jpg 600w\" sizes=\"(max-width: 750px) 100vw, 750px\" \/><\/a><\/p>\n<p><strong>TH\u00d4NG S\u1ed0 K\u1ef8 THU\u1eacT<\/strong><br \/>\nModel: LX-08A<br \/>\n\u0110i\u1ec7n th\u1ebf: 12V<br \/>\nC\u00f4ng su\u1ea5t: 3A<br \/>\nL\u01b0u l\u01b0\u1ee3ng: 25L\/P<br \/>\n\u00c1p l\u1ef1c: 11 PSI<br \/>\nCh\u1ea5t li\u1ec7u: Nh\u01b0a cao c\u1ea5p v\u00e0 Kim lo\u1ea1i<br \/>\nNhi\u1ec7t\u00a0\u0111\u1ed9 ch\u1ea5t l\u1ecfng: 60 \u0111\u1ed9 C<br \/>\nRen g\u1eafn\u00a0\u1ed1ng: 21 mm<br \/>\nK\u00edch th\u01b0\u1edbc: 160 x 110 x 86 mm<br \/>\nTr\u1ecdng l\u01b0\u1ee3ng: 2.3 Kg<br \/>\nTh\u01b0\u01a1ng hi\u1ec7u:\u00a0SINGFLO<\/p>\n<p><a href=\"https:\/\/maybommini.com\/wp-content\/uploads\/2018\/04\/may-bom-nuoc-mini-12v-25l-1.jpg\" target=\"_blank\" rel=\"noopener\"><img decoding=\"async\" class=\"size-full wp-image-258416 aligncenter\" src=\"https:\/\/maybommini.com\/wp-content\/uploads\/2018\/04\/may-bom-nuoc-mini-12v-25l-1.jpg\" alt=\"May Bom Nuoc Mini 12v 25l\" width=\"750\" height=\"750\" srcset=\"https:\/\/maybommini.vn\/wp-content\/uploads\/2018\/04\/may-bom-nuoc-mini-12v-25l-1.jpg 750w, https:\/\/maybommini.vn\/wp-content\/uploads\/2018\/04\/may-bom-nuoc-mini-12v-25l-1-300x300.jpg 300w, https:\/\/maybommini.vn\/wp-content\/uploads\/2018\/04\/may-bom-nuoc-mini-12v-25l-1-150x150.jpg 150w, https:\/\/maybommini.vn\/wp-content\/uploads\/2018\/04\/may-bom-nuoc-mini-12v-25l-1-600x600.jpg 600w\" sizes=\"(max-width: 750px) 100vw, 750px\" \/><\/a><\/p>\n<p><strong>\u1ee8NG D\u1ee4NG M\u00c1Y B\u01a0M N\u01af\u1edaC 12V 24V 25L\u00a0SINGFLO<\/strong><br \/>\n&#8211; D\u00f9ng b\u01a1m n\u01b0\u1edbc sinh ho\u1ea1t.<br \/>\n&#8211; D\u00f9ng b\u01a1m n\u01b0\u1edbc trong c\u00f4ng nghi\u1ec7p.<br \/>\n&#8211; D\u00f9ng b\u01a1m tu\u1ea7n ho\u00e0n ch\u1ea5t l\u1ecfng l\u00e0m m\u00e1t.<br \/>\n&#8211; D\u00f9ng b\u01a1m ho\u00e1 ch\u1ea5t kh\u00f4ng\u00a0\u0103n m\u00f2n.<br \/>\n&#8211; D\u00f9ng b\u01a1m n\u01b0\u1edbc h\u1ec7 th\u1ed1ng t\u01b0\u1edbi.<br \/>\n&#8211; D\u00f9ng b\u01a1m th\u1ef1c ph\u1ea9m.<br \/>\n&#8211; D\u00f9ng b\u01a1m m\u1ed9t s\u1ed1\u00a0\u1ee9ng d\u1ee5ng kh\u00e1c.<\/p>\n<p><a href=\"https:\/\/maybommini.com\/wp-content\/uploads\/2018\/04\/may-bom-nuoc-mini-12v-25l-1.jpg\" target=\"_blank\" rel=\"noopener\"><img decoding=\"async\" class=\"size-full wp-image-258416 aligncenter\" src=\"https:\/\/maybommini.com\/wp-content\/uploads\/2018\/04\/may-bom-nuoc-mini-12v-25l-1.jpg\" alt=\"May Bom Nuoc Mini 12v 25l\" width=\"750\" height=\"750\" srcset=\"https:\/\/maybommini.vn\/wp-content\/uploads\/2018\/04\/may-bom-nuoc-mini-12v-25l-1.jpg 750w, https:\/\/maybommini.vn\/wp-content\/uploads\/2018\/04\/may-bom-nuoc-mini-12v-25l-1-300x300.jpg 300w, https:\/\/maybommini.vn\/wp-content\/uploads\/2018\/04\/may-bom-nuoc-mini-12v-25l-1-150x150.jpg 150w, https:\/\/maybommini.vn\/wp-content\/uploads\/2018\/04\/may-bom-nuoc-mini-12v-25l-1-600x600.jpg 600w\" sizes=\"(max-width: 750px) 100vw, 750px\" \/><\/a><\/p>\n<p><strong>MUA M\u00c1Y B\u01a0M N\u01af\u1edaC 12V 24V 25L\u00a0SINGFLO<\/strong><\/p>\n<p><strong>CTY TNHH TH\u01af\u01a0NG M\u1ea0I D\u1ecaCH V\u1ee4 \u0110I\u1ec6N M\u00c1Y TH\u00d4NG MINH<\/strong><br \/>\nHotline : 090 729 4310<br \/>\nEmail : maybommini.com@gmail.com<br \/>\nWebsite : http:\/\/maybommini.com<br \/>\nFacebook : <a href=\"https:\/\/www.facebook.com\/maybommini\" target=\"_blank\" rel=\"noopener\">https:\/\/www.facebook.com\/maybommini<\/a><br \/>\nGoogle : <a href=\"https:\/\/plus.google.com\/ Maybomnuocminiruaxe\" target=\"_blank\" rel=\"noopener\">https:\/\/plus.google.com\/ Maybomnuocminiruaxe<\/a><br \/>\nYoutube demo : <a href=\"https:\/\/www.youtube.com\/bahamasali\" target=\"_blank\" rel=\"noopener\">https:\/\/www.youtube.com\/bahamasali<\/a><\/p>\n<h3 style=\"text-align: center;\">M\u00e1y b\u01a1m n\u01b0\u1edbc 12V 25L SINGFLO<\/h3>\n","protected":false},"excerpt":{"rendered":"<p>Model: LX-08A<br \/>\n\u0110i\u1ec7n th\u1ebf: 12V<br \/>\nC\u00f4ng su\u1ea5t: 3A &#8211; 36W<br \/>\nL\u01b0u l\u01b0\u1ee3ng: 25L\/P<br \/>\n\u00c1p l\u1ef1c: 11 PSI<br \/>\nCh\u1ea5t li\u1ec7u: Nh\u01b0a cao c\u1ea5p v\u00e0 Kim lo\u1ea1i<br \/>\nNhi\u1ec7t\u00a0\u0111\u1ed9 ch\u1ea5t l\u1ecfng: 60 \u0111\u1ed9 C<br \/>\nRen g\u1eafn\u00a0\u1ed1ng: 21 mm<br \/>\nK\u00edch th\u01b0\u1edbc: 160 x 110 x 86 mm<br \/>\nTr\u1ecdng l\u01b0\u1ee3ng: 2.3 Kg<br \/>\nTh\u01b0\u01a1ng hi\u1ec7u:\u00a0SINGFLO<br \/>\nB\u1ea3o h\u00e0nh: 6 th\u00e1ng<\/p>\n","protected":false},"featured_media":258416,"comment_status":"open","ping_status":"closed","template":"","meta":[],"product_brand":[2574],"product_cat":[225],"product_tag":[267,488,1092,489,231,1093,1094],"class_list":{"0":"post-256730","1":"product","2":"type-product","3":"status-publish","4":"has-post-thumbnail","6":"product_brand-singflo","7":"product_cat-may-bom-nuoc-mini-12v","8":"product_tag-12v","9":"product_tag-24v","10":"product_tag-25l","11":"product_tag-bom-nuoc","12":"product_tag-may-bom-mini","13":"product_tag-may-bom-tuan-hoan","14":"product_tag-singflo","16":"first","17":"instock","18":"sale","19":"shipping-taxable","20":"purchasable","21":"product-type-simple"},"_links":{"self":[{"href":"https:\/\/maybommini.vn\/index.php?rest_route=\/wp\/v2\/product\/256730","targetHints":{"allow":["GET"]}}],"collection":[{"href":"https:\/\/maybommini.vn\/index.php?rest_route=\/wp\/v2\/product"}],"about":[{"href":"https:\/\/maybommini.vn\/index.php?rest_route=\/wp\/v2\/types\/product"}],"replies":[{"embeddable":true,"href":"https:\/\/maybommini.vn\/index.php?rest_route=%2Fwp%2Fv2%2Fcomments&post=256730"}],"wp:featuredmedia":[{"embeddable":true,"href":"https:\/\/maybommini.vn\/index.php?rest_route=\/wp\/v2\/media\/258416"}],"wp:attachment":[{"href":"https:\/\/maybommini.vn\/index.php?rest_route=%2Fwp%2Fv2%2Fmedia&parent=256730"}],"wp:term":[{"taxonomy":"product_brand","embeddable":true,"href":"https:\/\/maybommini.vn\/index.php?rest_route=%2Fwp%2Fv2%2Fproduct_brand&post=256730"},{"taxonomy":"product_cat","embeddable":true,"href":"https:\/\/maybommini.vn\/index.php?rest_route=%2Fwp%2Fv2%2Fproduct_cat&post=256730"},{"taxonomy":"product_tag","embeddable":true,"href":"https:\/\/maybommini.vn\/index.php?rest_route=%2Fwp%2Fv2%2Fproduct_tag&post=256730"}],"curies":[{"name":"wp","href":"https:\/\/api.w.org\/{rel}","templated":true}]}}