{"id":256736,"date":"2018-04-12T19:37:14","date_gmt":"2018-04-12T12:37:14","guid":{"rendered":"https:\/\/maybommini.com\/san-pham\/import-placeholder-for-252981"},"modified":"2018-07-24T22:53:27","modified_gmt":"2018-07-24T15:53:27","slug":"may-bom-xang-dau-nhot-inox-24v-200w-50l","status":"publish","type":"product","link":"https:\/\/maybommini.vn\/?product=may-bom-xang-dau-nhot-inox-24v-200w-50l","title":{"rendered":"M\u00e1y b\u01a1m x\u0103ng d\u1ea7u nh\u1edbt Inox 24V 200W 50L"},"content":{"rendered":"<h3><strong>M\u00e1y b\u01a1m x\u0103ng d\u1ea7u nh\u1edbt Inox 24V 200W 50L l\u00e0 lo\u1ea1i m\u00e1y b\u01a1m chuy\u00ean d\u00f9ng \u0111\u1ec3 b\u01a1m nhi\u00ean li\u1ec7u nh\u01b0 x\u0103ng d\u1ea7u nh\u1edbt v\u00e0 c\u00e1c lo\u1ea1i nhi\u00ean li\u1ec7u ho\u1eb7c n\u01b0\u1edbc ch\u1ea5t l\u1ecfng kh\u00e1c. V\u1edbi thi\u1ebft k\u1ebf nh\u00f4m v\u00e0 Inox ch\u1ed1ng \u0103n m\u00f2n cao c\u1ea5p nh\u1ecf g\u1ecdn r\u1ea5t ti\u1ec7n d\u1ee5ng khi duy chuy\u1ec3n d\u00f9ng \u0111\u1ec3 b\u01a1m.<\/strong><\/h3>\n<p><img decoding=\"async\" class=\"size-full wp-image-247574 aligncenter\" src=\"https:\/\/maybommini.com\/wp-content\/uploads\/2016\/12\/may-bom-xang-dau-nhot-dau-inox-24v.jpg\" alt=\"may-bom-xang-dau-nhot-dau-inox-24v\" width=\"750\" height=\"750\" \/><\/p>\n<p><strong>TH\u00d4NG S\u1ed0 K\u1ef8 THU\u1eacT<\/strong><br \/>\nLo\u1ea1i: M\u00e1y B\u01a1m Nhi\u00ean Li\u1ec7u\u00a0C\u00e1nh Qu\u1ea1t<br \/>\n\u0110i\u1ec7n th\u1ebf: 24V<br \/>\nC\u00f4ng su\u1ea5t: 200 W<br \/>\nL\u01b0u l\u01b0\u1ee3ng: 30 &#8211; 50 L\/ph\u00fat<br \/>\nV\u00f2ng quay: 3000 r\/min<br \/>\nKh\u1ea3 n\u0103ng t\u1ef1 h\u00fat<br \/>\n\u1ed0ng v\u00e0o ra: 27 mm<br \/>\nH\u00fat cao: 4 &#8211; 6 M\u00e9t<br \/>\n\u0110\u1ea7y cao: 10 &#8211; 20 M\u00e9t<br \/>\nCh\u1ea5t li\u1ec7u: \u0110\u1ed3ng &#8211; Nh\u00f4m &#8211; Inox<br \/>\nCh\u1ed1ng \u0103n m\u00f2n.<br \/>\nCh\u1ed1ng ch\u00e1y v\u00e0 ch\u1ed1ng th\u1ea5m n\u01b0\u1edbc.<br \/>\nC\u00f4ng t\u1eafc m\u1edf t\u1eafc.<br \/>\nMortor cao c\u1ea5p l\u1ecfi \u0111\u1ed3ng.<br \/>\nK\u00edch th\u01b0\u1edbc: 20 x 15 x 7.5 Cm<br \/>\nTr\u1ecdng l\u01b0\u1ee3ng: 2.5 Kg<\/p>\n<p><img decoding=\"async\" class=\"size-full wp-image-247568 aligncenter\" src=\"https:\/\/maybommini.com\/wp-content\/uploads\/2016\/12\/bom-nhien-lieu-24v.jpg\" alt=\"bom-nhien-lieu-24v\" width=\"750\" height=\"750\" \/><\/p>\n<p><strong>\u1ee8NG D\u1ee4NG M\u00c1Y B\u01a0M NHI\u00caN LI\u1ec6U X\u0102NG D\u1ea6U NH\u1edaT 12V 24V 220V<\/strong><br \/>\n&#8211; D\u00f9ng b\u01a1m x\u0103ng x\u0103ng d\u1ea7u nh\u1edbt.<br \/>\n&#8211; D\u00f9ng b\u01a1m ch\u1ea5t l\u1ecfng, n\u01b0\u1edbc.<br \/>\n&#8211; D\u00f9ng b\u01a1m ch\u1ea5t l\u1ecfngg d\u1ec3 ch\u1ea5t.<br \/>\n&#8211; D\u00f9ng \u0111\u1ec3 b\u01a1m h\u00f3a ch\u1ea5t kh\u00f4ng \u0103n m\u00f2n.<br \/>\n&#8211; D\u00f9ng tr\u00f4ng h\u1ec7 th\u1ed1ng b\u01a1m nhi\u00ean li\u1ec7u.<br \/>\n&#8211; D\u00f9ng b\u01a1m nhi\u00ean li\u1ec7u xe \u00d4to, xe t\u1ea3i, xe c\u1ea9u c\u00e1c lo\u1ea1i.<br \/>\n&#8211; D\u00f9ng \u0111\u1ec3 b\u01a1m sang chi\u1ebfc nhi\u00ean li\u1ec7u.<br \/>\n&#8211; D\u00f9ng b\u01a1m n\u1ea1p nhi\u00ean li\u1ec7u t\u00e0u thuy\u1ec1n.<\/p>\n<p><img decoding=\"async\" class=\"size-full wp-image-247566 aligncenter\" src=\"https:\/\/maybommini.com\/wp-content\/uploads\/2016\/12\/ban-may-bom-xang-dau-nhot.jpg\" alt=\"ban-may-bom-xang-dau-nhot\" width=\"750\" height=\"750\" \/><\/p>\n<p><strong>MUA M\u00c1Y B\u01a0M X\u0102NG D\u1ea6U NH\u1edaT INOX 12V 24V 220V 50L \u1ede \u0110\u00c2U ?<br \/>\n<\/strong>Ch\u00fang t\u00f4i chuy\u00ean cung c\u1ea5p c\u00e1c lo\u1ea1i m\u00e1y b\u01a1m x\u0103ng d\u1ea7u nh\u1edbt inox 12v 24v 220v ch\u00ednh h\u00e3ng v\u1edbi gi\u00e1 c\u1ea1nh tranh v\u00e0 b\u1ea3o h\u00e0nh tr\u00ean to\u00e0n qu\u1ed1c.<\/p>\n<p><strong>CTY TNHH TH\u01af\u01a0NG M\u1ea0I D\u1ecaCH V\u1ee4 \u0110I\u1ec6N M\u00c1Y TH\u00d4NG MINH<\/strong><br \/>\nHotline : 090 729 4310<br \/>\nEmail : maybommini.com@gmail.com<br \/>\nWebsite : http:\/\/maybommini.com<br \/>\nFacebook : <a href=\"https:\/\/www.facebook.com\/maybommini\" target=\"_blank\" rel=\"noopener\">https:\/\/www.facebook.com\/maybommini<\/a><br \/>\nGoogle   : <a href=\"https:\/\/plus.google.com\/ Maybomnuocminiruaxe\" target=\"_blank\" rel=\"noopener\">https:\/\/plus.google.com\/ Maybomnuocminiruaxe<\/a><br \/>\nYoutube demo : <a href=\"https:\/\/www.youtube.com\/bahamasali\" target=\"_blank\" rel=\"noopener\">https:\/\/www.youtube.com\/bahamasali<\/a><\/p>\n<p><img decoding=\"async\" class=\"size-full wp-image-247463\" style=\"font-weight: bold; background-color: transparent; color: #707070; font-family: 'Noto Sans', sans-serif; text-align: inherit;\" src=\"https:\/\/maybommini.com\/wp-content\/uploads\/2016\/12\/nha-cung-cap-may-bom-mini-MBM.jpg\" alt=\"May Bom Mini\" width=\"750\" height=\"875\" \/><\/p>\n<p>May Bom Mini<\/p>\n","protected":false},"excerpt":{"rendered":"<p>Lo\u1ea1i: M\u00e1y B\u01a1m Nhi\u00ean Li\u1ec7u\u00a0C\u00e1nh Qu\u1ea1t<br \/>\n\u0110i\u1ec7n th\u1ebf: 24V<br \/>\nC\u00f4ng su\u1ea5t: 200 W<br \/>\nL\u01b0u l\u01b0\u1ee3ng: 50 L\/ph\u00fat<br \/>\nV\u00f2ng quay: 3000 r\/min<br \/>\nKh\u1ea3 n\u0103ng t\u1ef1 h\u00fat<br \/>\n\u1ed0ng v\u00e0o ra: 27 mm<br \/>\nH\u00fat cao: 4 &#8211; 6 M\u00e9t<br \/>\n\u0110\u1ea7y cao: 10 &#8211; 20 M\u00e9t<br \/>\nCh\u1ea5t li\u1ec7u: \u0110\u1ed3ng &#8211; Nh\u00f4m &#8211; Inox<br \/>\nCh\u1ed1ng \u0103n m\u00f2n.<br \/>\nCh\u1ed1ng ch\u00e1y v\u00e0 ch\u1ed1ng th\u1ea5m n\u01b0\u1edbc.<br \/>\nC\u00f4ng t\u1eafc m\u1edf t\u1eafc.<br \/>\nMortor cao c\u1ea5p l\u1ecfi \u0111\u1ed3ng.<br \/>\nK\u00edch th\u01b0\u1edbc: 20 x 15 x 7.5 Cm<br \/>\nTr\u1ecdng l\u01b0\u1ee3ng: 2.5 Kg<br \/>\nB\u1ea3o h\u00e0nh: 6 th\u00e1ng<br \/>\nPh\u00e2n ph\u1ed1i MBM &#8211; MAYBOMMINI.COM<\/p>\n","protected":false},"featured_media":256835,"comment_status":"open","ping_status":"closed","template":"","meta":[],"product_brand":[],"product_cat":[383],"product_tag":[267,500,488,1110,857,235,858,1111,203,1112,1113,1114],"class_list":{"0":"post-256736","1":"product","2":"type-product","3":"status-publish","4":"has-post-thumbnail","6":"product_cat-may-bom-xang-dau-nhot","7":"product_tag-12v","8":"product_tag-220v","9":"product_tag-24v","10":"product_tag-bom-mini","11":"product_tag-bom-nhot","12":"product_tag-bom-nuoc-mini","13":"product_tag-bom-xang","14":"product_tag-dau","15":"product_tag-may-bom","16":"product_tag-nhien-lieu","17":"product_tag-nhot","18":"product_tag-xang","20":"first","21":"instock","22":"sale","23":"shipping-taxable","24":"purchasable","25":"product-type-simple"},"_links":{"self":[{"href":"https:\/\/maybommini.vn\/index.php?rest_route=\/wp\/v2\/product\/256736","targetHints":{"allow":["GET"]}}],"collection":[{"href":"https:\/\/maybommini.vn\/index.php?rest_route=\/wp\/v2\/product"}],"about":[{"href":"https:\/\/maybommini.vn\/index.php?rest_route=\/wp\/v2\/types\/product"}],"replies":[{"embeddable":true,"href":"https:\/\/maybommini.vn\/index.php?rest_route=%2Fwp%2Fv2%2Fcomments&post=256736"}],"wp:featuredmedia":[{"embeddable":true,"href":"https:\/\/maybommini.vn\/index.php?rest_route=\/wp\/v2\/media\/256835"}],"wp:attachment":[{"href":"https:\/\/maybommini.vn\/index.php?rest_route=%2Fwp%2Fv2%2Fmedia&parent=256736"}],"wp:term":[{"taxonomy":"product_brand","embeddable":true,"href":"https:\/\/maybommini.vn\/index.php?rest_route=%2Fwp%2Fv2%2Fproduct_brand&post=256736"},{"taxonomy":"product_cat","embeddable":true,"href":"https:\/\/maybommini.vn\/index.php?rest_route=%2Fwp%2Fv2%2Fproduct_cat&post=256736"},{"taxonomy":"product_tag","embeddable":true,"href":"https:\/\/maybommini.vn\/index.php?rest_route=%2Fwp%2Fv2%2Fproduct_tag&post=256736"}],"curies":[{"name":"wp","href":"https:\/\/api.w.org\/{rel}","templated":true}]}}