{"id":256760,"date":"2018-04-12T19:37:38","date_gmt":"2018-04-12T12:37:38","guid":{"rendered":"https:\/\/maybommini.com\/san-pham\/import-placeholder-for-253017"},"modified":"2018-11-14T16:22:38","modified_gmt":"2018-11-14T09:22:38","slug":"may-bom-chat-thai-24v-45l-surgeflo","status":"publish","type":"product","link":"https:\/\/maybommini.vn\/?product=may-bom-chat-thai-24v-45l-surgeflo","title":{"rendered":"M\u00e1y b\u01a1m ch\u1ea5t th\u1ea3i 24V 45L &#8211; SURGEFLO"},"content":{"rendered":"<h3><strong>M\u00e1y b\u01a1m ch\u1ea5t th\u1ea3i 24V 45L &#8211; SURGEFLO l\u00e0 lo\u1ea1i m\u00e1y b\u01a1m cao c\u1ea5p c\u1ee7a h\u00e3ng\u00a0SURGEFLO danh ti\u1ebfng v\u1ec1 c\u00e1c lo\u1ea1i m\u00e1y b\u01a1m. M\u00e1y b\u01a1m n\u00e0y chuy\u00ean d\u1ee5ng \u0111\u1ec1 b\u01a1m ch\u1ea5t th\u1ea3i sinh ho\u1ea1t nh\u00e0 v\u1ec7 sinh v\u00e0 b\u01a1m ch\u1ea5t th\u1ea3i t\u00e0u thuy\u1ec1n cano \u0111\u01b0\u1ee3c ph\u00e2n ph\u1ed1i b\u1edfi MBM-MAYBOMMINI.COM.<\/strong><\/h3>\n<p><img decoding=\"async\" class=\"size-full wp-image-247597 aligncenter\" src=\"https:\/\/maybommini.com\/wp-content\/uploads\/2016\/12\/may-bom-chat-thai-surgeflo.jpg\" alt=\"may-bom-chat-thai-surgeflo\" width=\"750\" height=\"750\" \/><\/p>\n<p><strong>TH\u00d4NG S\u1ed0 K\u1ef8 THU\u1eacT<\/strong><br \/>\nTh\u01b0\u01a1ng hi\u1ec7u: SURGEFLO<br \/>\nModel: MP-3500<br \/>\n\u0110i\u1ec7n th\u1ebf: 24V<br \/>\nC\u00f4ng su\u1ea5t: 144W<br \/>\nL\u01b0u l\u01b0\u1ee3ng: 45 L\/P<br \/>\n\u00c1p l\u1ef1c: 0.5 Mpa<br \/>\nB\u01a1m cao: 3 M\u00e9t<br \/>\n\u1ed0ng ra: 28 mm<br \/>\n\u1ed0ng v\u00e0o: 48 mm<br \/>\nCh\u1ea5t li\u1ec7u: \u0110\u1ed3ng &#8211; Nh\u1ef1a<br \/>\nNhi\u1ec7t \u0111\u1ed9 l\u00e0m vi\u1ec7c: 0 &#8211; 60 \u0111\u1ed9 C<br \/>\nK\u00edch th\u01b0\u1edbc: 31 x 12 x 10.5 Cm<br \/>\nTr\u1ecdng l\u01b0\u1ee3ng: 2.3 Kg<\/p>\n<p><img decoding=\"async\" class=\"size-full wp-image-247595 aligncenter\" src=\"https:\/\/maybommini.com\/wp-content\/uploads\/2016\/12\/may-bom-chat-thai-24v.jpg\" alt=\"may-bom-chat-thai-24v\" width=\"750\" height=\"750\" \/><\/p>\n<p><img decoding=\"async\" class=\"size-full wp-image-247588 aligncenter\" src=\"https:\/\/maybommini.com\/wp-content\/uploads\/2016\/12\/MORTOR-DAY-DONG.jpg\" alt=\"mortor-day-dong\" width=\"750\" height=\"750\" \/><\/p>\n<p><strong>\u1ee8NG D\u1ee4NG M\u00c1Y B\u01a0M D\u1ea6U DIESEL SURGEFLO<\/strong><br \/>\n&#8211; D\u00f9ng b\u01a1m d\u1ea7u DO &#8211; Diesel<br \/>\n&#8211; D\u00f9ng b\u01a1m d\u1ea7u nh\u1edbt.<br \/>\n&#8211; D\u00f9ng b\u01a1m h\u00f3a ch\u1ea5t kh\u00f4ng g\u00e2y \u0103n m\u00f2n.<br \/>\n&#8211; D\u00f9ng b\u01a1m n\u01b0\u1edbc.<br \/>\n&#8211; D\u00f9ng b\u01a1m tu\u1ea7n ho\u00e0n l\u00e0m m\u00e1t.<br \/>\n&#8211; V\u00e0 b\u01a1m m\u1ed9t s\u1ed1 ch\u1ea5t l\u1ecfng kh\u00e1c.<\/p>\n<p><img decoding=\"async\" class=\"size-full wp-image-247592 aligncenter\" src=\"https:\/\/maybommini.com\/wp-content\/uploads\/2016\/12\/he-thong-bom-chat-thai.jpg\" alt=\"he-thong-bom-chat-thai\" width=\"750\" height=\"750\" \/><\/p>\n<p><img decoding=\"async\" class=\"size-full wp-image-247596 aligncenter\" src=\"https:\/\/maybommini.com\/wp-content\/uploads\/2016\/12\/may-bom-chat-thai-24v-surgeflo.jpg\" alt=\"may-bom-chat-thai-24v-surgeflo\" width=\"750\" height=\"750\" \/><\/p>\n<p><strong>CHUY\u00caN CUNG C\u1ea4P C\u00c1C LO\u1ea0I M\u00c1Y B\u01a0M CAO C\u1ea4P\u00a0SURGEFLO<br \/>\n<\/strong>&#8211; Ch\u00fang t\u00f4i l\u00e0 nh\u00e0 ph\u00e2n ph\u1ed1i m\u00e1y b\u01a1m ch\u00ednh h\u00e3ng SURGEFLO t\u1ea1i Vi\u1ec7t Nam. \u0110\u1ec3 tr\u00e1ng mua c\u00e1c lo\u1ea1i m\u00e1y b\u01a1m k\u00e9m ch\u1ea5t l\u01b0\u1ee3ng v\u00e0 h\u00e0ng nh\u1ea5y h\u00e0ng gi\u1ea3 hi\u1ec7u SURGEFLO xin vui l\u00f2ng li\u1ec7n h\u1ec7 ch\u00fang t\u00f4i \u0111\u1ec3 \u0111\u01b0\u1ee3c t\u01b0 v\u1ea5n.<\/p>\n<p><img decoding=\"async\" class=\"size-full wp-image-247599 aligncenter\" src=\"https:\/\/maybommini.com\/wp-content\/uploads\/2016\/12\/surgefflo-pumps.jpg\" alt=\"surgefflo-pumps\" width=\"750\" height=\"750\" \/><img decoding=\"async\" class=\"size-full wp-image-247463\" style=\"font-weight: bold; background-color: transparent; color: #707070; font-family: 'Noto Sans', sans-serif; text-align: inherit;\" src=\"https:\/\/maybommini.com\/wp-content\/uploads\/2016\/12\/nha-cung-cap-may-bom-mini-MBM.jpg\" alt=\"May Bom Mini\" width=\"750\" height=\"875\" \/><\/p>\n<p><strong>CTY TNHH TH\u01af\u01a0NG M\u1ea0I D\u1ecaCH V\u1ee4 \u0110I\u1ec6N M\u00c1Y TH\u00d4NG MINH<\/strong><br \/>\nHotline : 090 729 4310<br \/>\nEmail : maybommini.com@gmail.com<br \/>\nWebsite : http:\/\/maybommini.com<br \/>\nFacebook : <a href=\"https:\/\/www.facebook.com\/maybommini\" target=\"_blank\" rel=\"noopener\">https:\/\/www.facebook.com\/maybommini<\/a><br \/>\nGoogle   : <a href=\"https:\/\/plus.google.com\/ Maybomnuocminiruaxe\" target=\"_blank\" rel=\"noopener\">https:\/\/plus.google.com\/ Maybomnuocminiruaxe<\/a><br \/>\nYoutube demo : <a href=\"https:\/\/www.youtube.com\/bahamasali\" target=\"_blank\" rel=\"noopener\">https:\/\/www.youtube.com\/bahamasali<\/a><\/p>\n","protected":false},"excerpt":{"rendered":"<p>Th\u01b0\u01a1ng hi\u1ec7u: SURGEFLO<br \/>\nModel: MP-3500<br \/>\n\u0110i\u1ec7n th\u1ebf: 24V<br \/>\nC\u00f4ng su\u1ea5t: 144W<br \/>\nL\u01b0u l\u01b0\u1ee3ng: 45 L\/P<br \/>\n\u00c1p l\u1ef1c: 0.5 Mpa<br \/>\nB\u01a1m cao: 3 M\u00e9t<br \/>\n\u1ed0ng ra: 28 mm<br \/>\n\u1ed0ng v\u00e0o: 48 mm<br \/>\nCh\u1ea5t li\u1ec7u: \u0110\u1ed3ng &#8211; Nh\u1ef1a<br \/>\nNhi\u1ec7t \u0111\u1ed9 l\u00e0m vi\u1ec7c: 0 &#8211; 60 \u0111\u1ed9 C<br \/>\nK\u00edch th\u01b0\u1edbc: 31 x 12 x 10.5 Cm<br \/>\nTr\u1ecdng l\u01b0\u1ee3ng: 2.3 Kg<br \/>\nB\u1ea3o h\u00e0nh: 6 th\u00e1ng<br \/>\nPh\u00e2n ph\u1ed1i: MBM-MAYBOMMINI.COM<\/p>\n","protected":false},"featured_media":256861,"comment_status":"open","ping_status":"closed","template":"","meta":[],"product_brand":[],"product_cat":[1119],"product_tag":[267,1116,391,1120,203,1121,231,379],"class_list":{"0":"post-256760","1":"product","2":"type-product","3":"status-publish","4":"has-post-thumbnail","6":"product_cat-may-bom-nuoc-thai","7":"product_tag-12v","8":"product_tag-1116","9":"product_tag-bom-chat-thai","10":"product_tag-chat-thai-tolet","11":"product_tag-may-bom","12":"product_tag-may-bom-chat-thai-nha-ve-sinh","13":"product_tag-may-bom-mini","14":"product_tag-surgeflo","16":"first","17":"instock","18":"sale","19":"shipping-taxable","20":"purchasable","21":"product-type-simple"},"_links":{"self":[{"href":"https:\/\/maybommini.vn\/index.php?rest_route=\/wp\/v2\/product\/256760","targetHints":{"allow":["GET"]}}],"collection":[{"href":"https:\/\/maybommini.vn\/index.php?rest_route=\/wp\/v2\/product"}],"about":[{"href":"https:\/\/maybommini.vn\/index.php?rest_route=\/wp\/v2\/types\/product"}],"replies":[{"embeddable":true,"href":"https:\/\/maybommini.vn\/index.php?rest_route=%2Fwp%2Fv2%2Fcomments&post=256760"}],"wp:featuredmedia":[{"embeddable":true,"href":"https:\/\/maybommini.vn\/index.php?rest_route=\/wp\/v2\/media\/256861"}],"wp:attachment":[{"href":"https:\/\/maybommini.vn\/index.php?rest_route=%2Fwp%2Fv2%2Fmedia&parent=256760"}],"wp:term":[{"taxonomy":"product_brand","embeddable":true,"href":"https:\/\/maybommini.vn\/index.php?rest_route=%2Fwp%2Fv2%2Fproduct_brand&post=256760"},{"taxonomy":"product_cat","embeddable":true,"href":"https:\/\/maybommini.vn\/index.php?rest_route=%2Fwp%2Fv2%2Fproduct_cat&post=256760"},{"taxonomy":"product_tag","embeddable":true,"href":"https:\/\/maybommini.vn\/index.php?rest_route=%2Fwp%2Fv2%2Fproduct_tag&post=256760"}],"curies":[{"name":"wp","href":"https:\/\/api.w.org\/{rel}","templated":true}]}}