{"id":256780,"date":"2018-04-12T19:38:02","date_gmt":"2018-04-12T12:38:02","guid":{"rendered":"https:\/\/maybommini.com\/san-pham\/import-placeholder-for-253021"},"modified":"2023-11-30T13:39:00","modified_gmt":"2023-11-30T06:39:00","slug":"timer-hen-gio-co-220v","status":"publish","type":"product","link":"https:\/\/maybommini.vn\/?product=timer-hen-gio-co-220v","title":{"rendered":"Timer h\u1eb9n gi\u1edd c\u01a1 220V"},"content":{"rendered":"<h3><strong>Timer h\u1eb9n gi\u1edd c\u01a1 220V gi\u00fap B\u1ea1n kh\u00f4ng ph\u1ea3i ch\u1edd \u0111\u1ee3i \u0111\u1ec3 t\u1eaft \u0111i\u1ec7n, t\u1eaft qu\u1ea1t trong ph\u00f2ng, ch\u1edd n\u01b0\u1edbc \u0111\u1ea7y v\u00e0 t\u1eaft m\u00e1y b\u01a1m n\u01b0\u1edbc, canh gi\u1edd t\u1eaft m\u1edf \u0111\u00e8n qu\u1ea3ng c\u00e1o, t\u1ef1 \u0111\u1ed9ng t\u1eaft m\u1edf m\u00e1y phun s\u01b0\u01a1ng, t\u1eaft m\u1edf t\u1ef1 \u0111\u1ed9ng h\u1ec7 th\u1ed1ng t\u01b0\u1edbi c\u00e2y&#8230;\u00a0<\/strong><strong>Ti\u1ebft ki\u1ec7m \u0111i\u1ec7n trong nh\u00e0, c\u00e1c thi\u1ebft b\u1ecb \u0111i\u1ec7n trong nh\u00e0 nh\u01b0: \u0111\u00e8n, qu\u1ea1t, c\u01a1m \u0111i\u1ec7n, \u0111\u00e8n h\u00e0nh lang, \u0111\u00e8n c\u1ea7u thang\u2026 s\u1ebd t\u1ef1 \u0111\u1ed9ng b\u1eadt v\u00e0 t\u1eaft theo gi\u1edd b\u1ea1n mong mu\u1ed1n, ti\u1ebft ki\u1ec7m r\u1ea5t nhi\u1ec1u \u0111i\u1ec7n cho gia \u0111\u00ecnh b\u1ea1n.<\/strong><\/h3>\n<h3 style=\"text-align: center;\"><img decoding=\"async\" class=\"size-full wp-image-247620 aligncenter\" src=\"https:\/\/maybommini.com\/wp-content\/uploads\/2016\/12\/hen-gio-co.jpg\" alt=\"hen-gio-co\" width=\"750\" height=\"750\" \/><br \/>\nB\u1ed9 h\u1eb9n gi\u1edd c\u01a1 t\u1eaft\/m\u1edf thi\u1ebft b\u1ecb t\u1ef1 \u0111\u1ed9ng th\u00f4ng minh ti\u1ebft ki\u1ec7m \u0111i\u1ec7n<\/h3>\n<p><strong>TH\u00d4NG S\u1ed0 K\u1ef8 THU\u1eacT<\/strong><br \/>\nLo\u1ea1i: Timer &#8211; \u1ed4 \u0111i\u1ec7n h\u1eb9n gi\u1edd t\u1eafc m\u1edf \u0111i\u1ec7n<br \/>\n\u0110i\u1ec7n th\u1ebf: 220V &#8211; 50Hz<br \/>\nCh\u1ecbu t\u1ea3i: 16A &#8211; 3680W<br \/>\nCh\u1ea5t li\u1ec7u: Nh\u1ef1a ABS &#8211; \u0110\u1ed3ng<br \/>\nL\u01b0u c\u00e0i \u0111\u1eb7t: kh\u00f4ng<br \/>\nLo\u1ea1i h\u1eb9n gi\u1edd: C\u01a1<br \/>\n\u0110\u1ed9 \u1ea9m m\u00f4i tr\u01b0\u1eddng l\u00e0m vi\u1ec7c &lt; 95%<br \/>\nNhi\u1ec7t \u0111\u1ed9 l\u00e0m vi\u1ec7c: -25 \u0111\u1ed9 C&#8230; 60 \u0111\u1ed9 C<br \/>\nC\u00e0i \u0111\u1eb7t \u0111\u00f3ng m\u1edf t\u1ed1i thi\u1ec3u 30 ph\u00fat<br \/>\nL\u1eb7p l\u1ea1i h\u1eb1ng ng\u00e0y.<br \/>\n\u0110\u1ed3ng h\u1ed3 ch\u1ea1y theo gi\u1edd th\u1ef1c.<br \/>\nKhi m\u1ea5t \u0111i\u1ec7n \u0111\u1ed3ng h\u1ed3 s\u1ebd ng\u1eebng ch\u1ea1y.<\/p>\n<h3><img decoding=\"async\" class=\"size-full wp-image-247622 aligncenter\" src=\"https:\/\/maybommini.com\/wp-content\/uploads\/2016\/12\/o-dien-hen-gio-co.jpg\" alt=\"o-dien-hen-gio-co\" width=\"750\" height=\"750\" \/><\/h3>\n<h2 style=\"text-align: center;\">Timer h\u1eb9n gi\u1edd c\u01a1<\/h2>\n<h3>C\u00c1CH C\u00c0I \u0110\u1eb6T TIMER H\u1eb8N GI\u1edc C\u01a0<\/h3>\n<p>C\u00e1ch c\u00e0i \u0111\u1eb7t setup timer h\u1eb9n gi\u1edd r\u1ea5t \u0111\u01a1n gi\u00e3n, ch\u1ec9 vi\u1ec7c \u0111\u1ec1u ch\u1ec9nh \u0111\u1ed3ng h\u1ed3 tr\u00ean timer \u0111\u00fang v\u1edbi th\u1ef1c t\u1ebf v\u00e0 b\u1eadt m\u1edf c\u00e1c c\u00f4ng t\u1eafc tr\u00ean v\u00f2ng xoay \u0111\u1ec3 h\u1eb9n gi\u1edd.<\/p>\n<p><img decoding=\"async\" class=\"size-full wp-image-247624 aligncenter\" src=\"https:\/\/maybommini.com\/wp-content\/uploads\/2016\/12\/cach-cai-dat-timer.jpg\" alt=\"cach-cai-dat-timer\" width=\"750\" height=\"750\" \/> <img decoding=\"async\" class=\"size-full wp-image-247625 aligncenter\" src=\"https:\/\/maybommini.com\/wp-content\/uploads\/2016\/12\/cach-chinh-gio-timer-hen-gio-co.jpg\" alt=\"cach-chinh-gio-timer-hen-gio-co\" width=\"750\" height=\"500\" \/> <img decoding=\"async\" class=\"size-full wp-image-247626 aligncenter\" src=\"https:\/\/maybommini.com\/wp-content\/uploads\/2016\/12\/cach-su-dung-timer-hen-gio.jpg\" alt=\"cach-su-dung-timer-hen-gio\" width=\"750\" height=\"486\" \/><\/p>\n<h3><strong>\u1ee8NG D\u1ee4NG TIMER H\u1eb8N GI\u1edc C\u01a0<\/strong><\/h3>\n<p>\u0110\u1ed3ng h\u1ed3 ch\u1ea1y theo th\u1eddi gian th\u1ef1c t\u1ebf (24 ti\u1ebfng\/ng\u00e0y). Khi \u0111\u01b0\u1ee3c c\u1ea5p ngu\u1ed3n v\u00e0 ch\u1ec9nh gi\u1edd th\u1ef1c t\u1ebf, \u0111\u1ed3ng h\u1ed3 s\u1ebd ch\u1ea1y v\u00e0 \u0111\u00f3ng ng\u1eaft \u0111i\u1ec7n theo gi\u1edd \u0111\u01b0\u1ee3c c\u00e0i \u0111\u1eb7t.<\/p>\n<p>C\u00f4ng t\u1eafc c\u00f3 th\u1ec3 c\u00e0i \u0111\u1eb7t l\u00e0m vi\u1ec7c \u1edf ch\u1ebf \u0111\u1ed9 \u0111\u00f3ng ho\u1eb7c m\u1edf. C\u00e0i \u0111\u1eb7t \u0111\u00f3ng m\u1edf t\u1ed1i thi\u1ec3u 30 ph\u00fat v\u00e0 t\u1ed1i \u0111a l\u00e0 24 ti\u1ebfng v\u00e0 l\u1eb7p l\u1ea1i h\u1eb1ng ng\u00e0y.<\/p>\n<p>\u0110\u00e8n chi\u1ebfu s\u00e1ng \u1edf nh\u1eefng khu v\u1ef1c c\u00f4ng c\u1ed9ng t\u1ef1 b\u1eadt \u0111\u00e8n l\u00fac 18h t\u1ed1i v\u00e0 t\u1eaft l\u00fac 6h s\u00e1ng m\u1ed7i ng\u00e0y.<\/p>\n<p>Thi\u1ebft b\u1ecb \u0111i\u1ec7n trang tr\u00ed, qu\u1ea3ng c\u00e1o t\u1ef1 b\u1eadt l\u1ee9c 17h30 (tr\u1eddi nh\u00e1 nhem t\u1ed1i) v\u00e0 t\u1ef1 \u0111\u1ed9ng t\u1eaft l\u00fac 24h t\u1ed1i (\u0111i ng\u1ee7 kh\u00f4ng c\u1ea7n d\u00f9ng t\u1edbi \u0111\u00e8n trang tr\u00ed =&gt; tr\u00e1nh r\u1ee7i ro x\u1ea3y ra s\u1ef1 c\u1ed1 \u0111i\u1ec7n, \u0111\u1ed3ng th\u1eddi ti\u1ebft ki\u1ec7m \u0111i\u1ec7n)<\/p>\n<p>M\u00e1y l\u1ea1nh trong v\u0103n ph\u00f2ng l\u00e0m vi\u1ec7c t\u1ef1 b\u1eadt l\u00fac 7h s\u00e1ng v\u00e0 t\u1eaft l\u00fac 11h30 tr\u01b0a (ngh\u1ec9 tr\u01b0a), r\u1ed3i \u0111\u1ebfn 13h b\u1eadt l\u1ea1i cho \u0111\u1ebfn 17h chi\u1ec1u t\u1ef1 \u0111\u1ed9ng t\u1eaft =&gt; tr\u00e1nh l\u00e3ng ph\u00ed \u0111i\u1ec7n ngo\u00e0i gi\u1edd l\u00e0m vi\u1ec7c.<\/p>\n<p>H\u1eb9n gi\u1edd b\u1eadt m\u00e1y b\u01a1m n\u01b0\u1edbc t\u01b0\u1edbi c\u00e2y, m\u00e1y s\u1ee5c kh\u00ed c\u00e1c tr\u1ea1i nu\u00f4i th\u1ee7y s\u1ea3n,&#8230; r\u1ed3i t\u1eaft t\u1ef1 \u0111\u1ed9ng m\u1ed7i ng\u00e0y =&gt; ch\u00ednh x\u00e1c, hi\u1ec7u qu\u1ea3, kh\u00f4ng t\u1ed1n c\u00f4ng s\u1ee9c v\u00e0 th\u1eddi gian.<\/p>\n<p>V\u00e0 v\u00f4 s\u1ed1 \u1ee9ng d\u1ee5ng trong cu\u1ed9c s\u1ed1ng m\u00e0 b\u1ea1n c\u00f3 th\u1ec3 ngh\u0129 ra \u0111\u1ec3 \u1ee9ng d\u1ee5ng b\u1ed9 h\u1eb9n gi\u1edd t\u1eaft\/m\u1edf thi\u1ebft b\u1ecb t\u1ef1 \u0111\u1ed9ng th\u00f4ng minh n\u00e0y.<\/p>\n<p>B\u1ed9 h\u1eb9n gi\u1edd t\u1eaft\/m\u1edf thi\u1ebft b\u1ecb t\u1ef1 \u0111\u1ed9ng th\u00f4ng minh n\u00e0y gi\u00fap b\u1ea1n ti\u1ebft ki\u1ec7m th\u1eddi gian, c\u00e1c thi\u1ebft b\u1ecb \u0111i\u1ec7n s\u1ebd t\u1ef1 \u0111\u1ed9ng \u0111\u01b0\u1ee3c t\u1eaft\/m\u1edf v\u1edbi th\u1eddi gian b\u1ea1n \u0111\u1ecbnh tr\u01b0\u1edbc.<br \/>\nB\u1ea1n ch\u1ec9 c\u1ea7n c\u00e0i \u0111\u1eb7t 1 l\u1ea7n cho c\u00e1c thi\u1ebft b\u1ecb, v\u00e0 timer s\u1ebd l\u00e0m vi\u1ec7c \u0111\u00f3ng m\u1edf \u0111\u00fang th\u1eddi gian b\u1ea1n c\u00e0i \u0111\u1eb7t v\u00e0 b\u1ed9 nh\u1edb c\u1ee7a n\u00f3 s\u1ebd kh\u00f4ng m\u1ea5t \u0111i cho d\u00f9 b\u1ecb c\u00fap \u0111i\u1ec7n (\u0111i\u1ec1u m\u00e0 c\u00e1c b\u1ed9 h\u1eb9n gi\u1edd b\u1eb1ng c\u01a1 kh\u00f4ng l\u00e0m \u0111\u01b0\u1ee3c.<\/p>\n<p><img decoding=\"async\" class=\"size-full wp-image-247623 aligncenter\" src=\"https:\/\/maybommini.com\/wp-content\/uploads\/2016\/12\/timer-hen-gio.jpg\" alt=\"timer-hen-gio\" width=\"750\" height=\"750\" \/> <img decoding=\"async\" class=\"size-full wp-image-247621 aligncenter\" src=\"https:\/\/maybommini.com\/wp-content\/uploads\/2016\/12\/hen-gio-phun-suong.jpg\" alt=\"hen-gio-phun-suong\" width=\"750\" height=\"750\" \/><\/p>\n<p>&nbsp;<\/p>\n","protected":false},"excerpt":{"rendered":"<p>Lo\u1ea1i: Timer &#8211; \u1ed4 \u0111i\u1ec7n h\u1eb9n gi\u1edd t\u1eafc m\u1edf \u0111i\u1ec7n<br \/>\n\u0110i\u1ec7n th\u1ebf: 220V &#8211; 50Hz<br \/>\nCh\u1ecbu t\u1ea3i: 16A &#8211; 3680W<br \/>\nCh\u1ea5t li\u1ec7u: Nh\u1ef1a ABS &#8211; \u0110\u1ed3ng<br \/>\nL\u01b0u c\u00e0i \u0111\u1eb7t: kh\u00f4ng<br \/>\nLo\u1ea1i h\u1eb9n gi\u1edd: C\u01a1<br \/>\n\u0110\u1ed9 \u1ea9m m\u00f4i tr\u01b0\u1eddng l\u00e0m vi\u1ec7c &lt; 95%<br \/>\nNhi\u1ec7t \u0111\u1ed9 l\u00e0m vi\u1ec7c: -25 \u0111\u1ed9 C&#8230; 60 \u0111\u1ed9 C<br \/>\nC\u00e0i \u0111\u1eb7t \u0111\u00f3ng m\u1edf t\u1ed1i thi\u1ec3u 30 ph\u00fat<br \/>\nL\u1eb7p l\u1ea1i h\u1eb1ng ng\u00e0y.<br \/>\n\u0110\u1ed3ng h\u1ed3 ch\u1ea1y theo gi\u1edd th\u1ef1c.<br \/>\nKhi m\u1ea5t \u0111i\u1ec7n \u0111\u1ed3ng h\u1ed3 s\u1ebd ng\u1eebng ch\u1ea1y.<\/p>\n","protected":false},"featured_media":256879,"comment_status":"open","ping_status":"closed","template":"","meta":[],"product_brand":[],"product_cat":[605],"product_tag":[893,606,607,1127,894,895,624,361,896,897,608,1128,609,610,1129,898,625,611,626,612,474],"class_list":{"0":"post-256780","1":"product","2":"type-product","3":"status-publish","4":"has-post-thumbnail","6":"product_cat-timer-hen-gio","7":"product_tag-8-chuong-trinh","8":"product_tag-dien-tu","9":"product_tag-hen-gio","10":"product_tag-hen-gio-co","11":"product_tag-hen-gio-dien-tu","12":"product_tag-hen-gio-tat-mo","13":"product_tag-hen-gio-tu-dong","14":"product_tag-may-phun-suong","15":"product_tag-o-dien-hen-gio","16":"product_tag-tat-mo-dien","17":"product_tag-tat-mo-tu-dong-he-thong","18":"product_tag-tg-30m","19":"product_tag-tiet-kiem-dien","20":"product_tag-timer","21":"product_tag-timer-co","22":"product_tag-timer-dien-tu","23":"product_tag-timer-hen-gio","24":"product_tag-ts-839-eu","25":"product_tag-tu-dong","26":"product_tag-tu-dong-tat-mo","27":"product_tag-tuoi-cay","29":"first","30":"instock","31":"shipping-taxable","32":"product-type-simple"},"_links":{"self":[{"href":"https:\/\/maybommini.vn\/index.php?rest_route=\/wp\/v2\/product\/256780","targetHints":{"allow":["GET"]}}],"collection":[{"href":"https:\/\/maybommini.vn\/index.php?rest_route=\/wp\/v2\/product"}],"about":[{"href":"https:\/\/maybommini.vn\/index.php?rest_route=\/wp\/v2\/types\/product"}],"replies":[{"embeddable":true,"href":"https:\/\/maybommini.vn\/index.php?rest_route=%2Fwp%2Fv2%2Fcomments&post=256780"}],"wp:featuredmedia":[{"embeddable":true,"href":"https:\/\/maybommini.vn\/index.php?rest_route=\/wp\/v2\/media\/256879"}],"wp:attachment":[{"href":"https:\/\/maybommini.vn\/index.php?rest_route=%2Fwp%2Fv2%2Fmedia&parent=256780"}],"wp:term":[{"taxonomy":"product_brand","embeddable":true,"href":"https:\/\/maybommini.vn\/index.php?rest_route=%2Fwp%2Fv2%2Fproduct_brand&post=256780"},{"taxonomy":"product_cat","embeddable":true,"href":"https:\/\/maybommini.vn\/index.php?rest_route=%2Fwp%2Fv2%2Fproduct_cat&post=256780"},{"taxonomy":"product_tag","embeddable":true,"href":"https:\/\/maybommini.vn\/index.php?rest_route=%2Fwp%2Fv2%2Fproduct_tag&post=256780"}],"curies":[{"name":"wp","href":"https:\/\/api.w.org\/{rel}","templated":true}]}}