{"id":256782,"date":"2018-04-12T19:38:02","date_gmt":"2018-04-12T12:38:02","guid":{"rendered":"https:\/\/maybommini.com\/san-pham\/import-placeholder-for-253023"},"modified":"2019-10-06T20:38:42","modified_gmt":"2019-10-06T13:38:42","slug":"tron-bo-phun-suong-lam-mat-tuoi-lan-15-bec","status":"publish","type":"product","link":"https:\/\/maybommini.vn\/?product=tron-bo-phun-suong-lam-mat-tuoi-lan-15-bec","title":{"rendered":"Tr\u1ecdn b\u1ed9 phun s\u01b0\u01a1ng l\u00e0m m\u00e1t t\u01b0\u1edbi lan 15 b\u00e9c"},"content":{"rendered":"<h3><strong>Tr\u1ecdn b\u1ed9 phun s\u01b0\u01a1ng l\u00e0m m\u00e1t t\u01b0\u1edbi lan 15 b\u00e9c th\u00edch h\u1ee3p d\u00f9ng l\u00e0m phun s\u01b0\u01a1ng qu\u00e1n cafe, qu\u00e1n\u00a0\u0103n, nh\u00e0 x\u01b0\u1edfng nh\u1ecf, phun t\u01b0\u1edbi lan, t\u01b0\u1edbi c\u00e2y, phun t\u1ea1o\u00a0\u1ea9m nh\u00e0 n\u1ea5m ho\u1eb7c nh\u00e0 y\u1ebfn. V\u1edbi ch\u1ea5t l\u01b0\u1ee3ng v\u00e0 uy t\u00edn nhi\u1ec1u n\u0103m ch\u00fang t\u00f4i cung c\u1ea5p tr\u1ecdn b\u1ed9 \u0111\u1ea7y \u0111\u1ee7 ph\u1ee5 ki\u1ec7n c\u1ea7n thi\u1ebft n\u00ean r\u1ea5t \u0111\u01a1n gi\u1ea3n cho vi\u1ec7c l\u1eafp r\u00e1p v\u00e0 s\u1eed d\u1ee5ng l\u00e2u d\u00e0i.<\/strong><\/h3>\n<p><a href=\"https:\/\/maybommini.com\/wp-content\/uploads\/2018\/04\/Tron-bo-phun-suong-lam-mat-tuoi-lan-15-bec.jpg\" target=\"_blank\" rel=\"noopener\"><img decoding=\"async\" class=\"size-full wp-image-262135 aligncenter\" src=\"https:\/\/maybommini.com\/wp-content\/uploads\/2018\/04\/Tron-bo-phun-suong-lam-mat-tuoi-lan-15-bec.jpg\" alt=\"Tron Bo Phun Suong Lam Mat Tuoi Lan 15 Bec\" width=\"750\" height=\"750\" srcset=\"https:\/\/maybommini.vn\/wp-content\/uploads\/2018\/04\/Tron-bo-phun-suong-lam-mat-tuoi-lan-15-bec.jpg 750w, https:\/\/maybommini.vn\/wp-content\/uploads\/2018\/04\/Tron-bo-phun-suong-lam-mat-tuoi-lan-15-bec-300x300.jpg 300w, https:\/\/maybommini.vn\/wp-content\/uploads\/2018\/04\/Tron-bo-phun-suong-lam-mat-tuoi-lan-15-bec-150x150.jpg 150w, https:\/\/maybommini.vn\/wp-content\/uploads\/2018\/04\/Tron-bo-phun-suong-lam-mat-tuoi-lan-15-bec-600x600.jpg 600w\" sizes=\"(max-width: 750px) 100vw, 750px\" \/><\/a><\/p>\n<p style=\"text-align: center;\"><iframe width=\"750\" height=\"600\" frameborder=\"0\" src=\"https:\/\/www.youtube.com\/embed\/4O8810VWuYw\" data-mce-fragment=\"1\"><span data-mce-type=\"bookmark\" style=\"display: inline-block; width: 0px; overflow: hidden; line-height: 0;\" class=\"mce_SELRES_start\">\ufeff<\/span><\/iframe><\/p>\n<p><strong>TR\u1eccN B\u1ed8 PHUN S\u01af\u01a0NG 15 B\u00c9C<\/strong><br \/>\n1. M\u00e1y b\u01a1m\u00a0\u00e1p l\u1ef1c 24V 50G (phun t\u1ed1i \u0111a 15 b\u00e9c)<br \/>\n2. B\u00e9c phun s\u01b0\u01a1ng: 15 c\u00e1i ( tu\u1ef3 kh\u00e1ch ch\u1ecdn b\u00e9c s\u1ed1 1 \u0111\u1ebfn s\u1ed1 8)<br \/>\n3. \u0110\u1ebf g\u1eafn b\u00e9c th\u1eb3ng: 14 c\u00e1i.<br \/>\n4. \u0110\u1ebf cu\u1ed1i g\u1eafn b\u00e9c: 1 c\u00e1i.<br \/>\n5. B\u00ecnh l\u1ecdc n\u01b0\u1edbc cao c\u1ea5p: 1 c\u00e1i.<br \/>\n6. Ren 17mm \u1ed1ng 8mm: 2 c\u00e1i.<br \/>\n7. Ren 21mm \u1ed1ng 12mm: 2 c\u00e1i.<br \/>\n8. Ren 21mm \u1ed1ng 8mm: 1 c\u00e1i.<br \/>\n9.\u00a0\u1ed0ng phun s\u01b0\u01a1ng 8mm: 20 m\u00e9t.<br \/>\n10. \u1ed0ng n\u01b0\u1edbc v\u00e0o: 2 m\u00e9t.<br \/>\n11. Adapter 24V 4A cao c\u1ea5p.<br \/>\n12. Jack c\u00e1i DC 1 c\u00e1i.<br \/>\n13. D\u00e2y ngu\u1ed3n cao c\u1ea5p ti\u00eau chu\u1ea9n.<\/p>\n<p><a href=\"https:\/\/maybommini.com\/wp-content\/uploads\/2018\/04\/May-bom-phun-suong-24V-chinh-hang.jpg\" target=\"_blank\" rel=\"noopener\"><img decoding=\"async\" class=\"size-full wp-image-262125 aligncenter\" src=\"https:\/\/maybommini.com\/wp-content\/uploads\/2018\/04\/May-bom-phun-suong-24V-chinh-hang.jpg\" alt=\"May Bom Phun Suong 24V Chinh Hang\" width=\"750\" height=\"750\" srcset=\"https:\/\/maybommini.vn\/wp-content\/uploads\/2018\/04\/May-bom-phun-suong-24V-chinh-hang.jpg 750w, https:\/\/maybommini.vn\/wp-content\/uploads\/2018\/04\/May-bom-phun-suong-24V-chinh-hang-300x300.jpg 300w, https:\/\/maybommini.vn\/wp-content\/uploads\/2018\/04\/May-bom-phun-suong-24V-chinh-hang-150x150.jpg 150w, https:\/\/maybommini.vn\/wp-content\/uploads\/2018\/04\/May-bom-phun-suong-24V-chinh-hang-600x600.jpg 600w\" sizes=\"(max-width: 750px) 100vw, 750px\" \/><\/a> <a href=\"https:\/\/maybommini.com\/wp-content\/uploads\/2018\/04\/Nguon-dien-may-bom-phun-suong.jpg\" target=\"_blank\" rel=\"noopener\"><img decoding=\"async\" class=\"size-full wp-image-262126 aligncenter\" src=\"https:\/\/maybommini.com\/wp-content\/uploads\/2018\/04\/Nguon-dien-may-bom-phun-suong.jpg\" alt=\"Nguon Dien May Bom Phun Suong\" width=\"750\" height=\"750\" srcset=\"https:\/\/maybommini.vn\/wp-content\/uploads\/2018\/04\/Nguon-dien-may-bom-phun-suong.jpg 750w, https:\/\/maybommini.vn\/wp-content\/uploads\/2018\/04\/Nguon-dien-may-bom-phun-suong-300x300.jpg 300w, https:\/\/maybommini.vn\/wp-content\/uploads\/2018\/04\/Nguon-dien-may-bom-phun-suong-150x150.jpg 150w, https:\/\/maybommini.vn\/wp-content\/uploads\/2018\/04\/Nguon-dien-may-bom-phun-suong-600x600.jpg 600w\" sizes=\"(max-width: 750px) 100vw, 750px\" \/><\/a> <a href=\"https:\/\/maybommini.com\/wp-content\/uploads\/2018\/04\/Bec-phun-suong.jpg\" target=\"_blank\" rel=\"noopener\"><img decoding=\"async\" class=\"size-full wp-image-262118 aligncenter\" src=\"https:\/\/maybommini.com\/wp-content\/uploads\/2018\/04\/Bec-phun-suong.jpg\" alt=\"Bec Phun Suong\" width=\"750\" height=\"750\" srcset=\"https:\/\/maybommini.vn\/wp-content\/uploads\/2018\/04\/Bec-phun-suong.jpg 750w, https:\/\/maybommini.vn\/wp-content\/uploads\/2018\/04\/Bec-phun-suong-150x150.jpg 150w, https:\/\/maybommini.vn\/wp-content\/uploads\/2018\/04\/Bec-phun-suong-300x300.jpg 300w, https:\/\/maybommini.vn\/wp-content\/uploads\/2018\/04\/Bec-phun-suong-600x600.jpg 600w, https:\/\/maybommini.vn\/wp-content\/uploads\/2018\/04\/Bec-phun-suong-100x100.jpg 100w\" sizes=\"(max-width: 750px) 100vw, 750px\" \/><\/a> <a href=\"https:\/\/maybommini.com\/wp-content\/uploads\/2018\/04\/Bec-phun-suong-cuoi.jpg\" target=\"_blank\" rel=\"noopener\"><img decoding=\"async\" class=\"size-full wp-image-262119 aligncenter\" src=\"https:\/\/maybommini.com\/wp-content\/uploads\/2018\/04\/Bec-phun-suong-cuoi.jpg\" alt=\"Bec Phun Suong Cuoi\" width=\"750\" height=\"750\" srcset=\"https:\/\/maybommini.vn\/wp-content\/uploads\/2018\/04\/Bec-phun-suong-cuoi.jpg 750w, https:\/\/maybommini.vn\/wp-content\/uploads\/2018\/04\/Bec-phun-suong-cuoi-300x300.jpg 300w, https:\/\/maybommini.vn\/wp-content\/uploads\/2018\/04\/Bec-phun-suong-cuoi-150x150.jpg 150w, https:\/\/maybommini.vn\/wp-content\/uploads\/2018\/04\/Bec-phun-suong-cuoi-600x600.jpg 600w\" sizes=\"(max-width: 750px) 100vw, 750px\" \/><\/a> <a href=\"https:\/\/maybommini.com\/wp-content\/uploads\/2018\/04\/Bec-phun-suong-Taiwan.jpg\" target=\"_blank\" rel=\"noopener\"><img decoding=\"async\" class=\"size-full wp-image-262120 aligncenter\" src=\"https:\/\/maybommini.com\/wp-content\/uploads\/2018\/04\/Bec-phun-suong-Taiwan.jpg\" alt=\"Bec Phun Suong Taiwan\" width=\"750\" height=\"750\" srcset=\"https:\/\/maybommini.vn\/wp-content\/uploads\/2018\/04\/Bec-phun-suong-Taiwan.jpg 750w, https:\/\/maybommini.vn\/wp-content\/uploads\/2018\/04\/Bec-phun-suong-Taiwan-300x300.jpg 300w, https:\/\/maybommini.vn\/wp-content\/uploads\/2018\/04\/Bec-phun-suong-Taiwan-150x150.jpg 150w, https:\/\/maybommini.vn\/wp-content\/uploads\/2018\/04\/Bec-phun-suong-Taiwan-600x600.jpg 600w\" sizes=\"(max-width: 750px) 100vw, 750px\" \/><\/a> <a href=\"https:\/\/maybommini.com\/wp-content\/uploads\/2018\/04\/Binh-loc-nuoc-may-phun-suong.jpg\" target=\"_blank\" rel=\"noopener\"><img decoding=\"async\" class=\"size-full wp-image-262121 aligncenter\" src=\"https:\/\/maybommini.com\/wp-content\/uploads\/2018\/04\/Binh-loc-nuoc-may-phun-suong.jpg\" alt=\"Binh Loc Nuoc May Phun Suong\" width=\"750\" height=\"750\" srcset=\"https:\/\/maybommini.vn\/wp-content\/uploads\/2018\/04\/Binh-loc-nuoc-may-phun-suong.jpg 750w, https:\/\/maybommini.vn\/wp-content\/uploads\/2018\/04\/Binh-loc-nuoc-may-phun-suong-300x300.jpg 300w, https:\/\/maybommini.vn\/wp-content\/uploads\/2018\/04\/Binh-loc-nuoc-may-phun-suong-150x150.jpg 150w, https:\/\/maybommini.vn\/wp-content\/uploads\/2018\/04\/Binh-loc-nuoc-may-phun-suong-600x600.jpg 600w\" sizes=\"(max-width: 750px) 100vw, 750px\" \/><\/a> <a href=\"https:\/\/maybommini.com\/wp-content\/uploads\/2018\/04\/Ong-phun-suong.jpg\" target=\"_blank\" rel=\"noopener\"><img decoding=\"async\" class=\"size-full wp-image-262127 aligncenter\" src=\"https:\/\/maybommini.com\/wp-content\/uploads\/2018\/04\/Ong-phun-suong.jpg\" alt=\"Ong Phun Suong\" width=\"750\" height=\"750\" srcset=\"https:\/\/maybommini.vn\/wp-content\/uploads\/2018\/04\/Ong-phun-suong.jpg 750w, https:\/\/maybommini.vn\/wp-content\/uploads\/2018\/04\/Ong-phun-suong-300x300.jpg 300w, https:\/\/maybommini.vn\/wp-content\/uploads\/2018\/04\/Ong-phun-suong-150x150.jpg 150w, https:\/\/maybommini.vn\/wp-content\/uploads\/2018\/04\/Ong-phun-suong-600x600.jpg 600w\" sizes=\"(max-width: 750px) 100vw, 750px\" \/><\/a><\/p>\n<p><strong>C\u00c1CH L\u1eaeP \u0110\u1eb6T H\u1ec6 TH\u1ed0NG PHUN S\u01af\u01a0NG<\/strong><br \/>\n\u2013 L\u1eafp \u1ed1ng n\u01b0\u1edbc 12mm v\u00e0 ren 21mm v\u00e0o h\u1ec7 th\u1ed1ng c\u1ea5p n\u01b0\u1edbc s\u1ea1ch, \u0111\u1ea7u c\u00f2n l\u1ea1i l\u1eafp v\u00e0o b\u00ean n\u01b0\u1edbc v\u00e0o (IN) b\u00ecnh l\u1ecdc n\u01b0\u1edbc.<br \/>\n\u2013 B\u00ecnh l\u1ecdc n\u01b0\u1edbc b\u00ean n\u01b0\u1edbc ra (OUT) l\u1eafp \u1ed1ng 8mm phun s\u01b0\u01a1ng (d\u00f9ng 1 \u0111o\u1ea1n ng\u1eafn), \u0111\u1ea7u c\u00f2n l\u1ea1i g\u1eafn v\u00e0o b\u00ean n\u01b0\u1edbc v\u00e0o m\u00e1y b\u01a1m phun s\u01b0\u01a1ng.<br \/>\n\u2013 M\u00e1y b\u01a1m phun s\u01b0\u01a1ng b\u00ean n\u01b0\u1edbc ra l\u1eafp \u1ed1ng 8mm v\u00e0 c\u00e1c b\u00e9c phun s\u01b0\u01a1ng.<br \/>\n\u2013 H\u1ec7 th\u1ed1ng phun s\u01b0\u01a1ng c\u00f3 th\u1ec3 l\u1eafp \u0111\u01b0\u1eddng \u1ed1ng d\u00e0i tu\u1ef3 th\u00edch kh\u00f4ng gi\u1edbi h\u1ea1n.<br \/>\n\u2013 H\u1ec7 th\u1ed1ng phun s\u01b0\u01a1ng gi\u1edbi h\u1ea1n s\u1ed1 l\u01b0\u1ee3ng b\u00e9c phun do tu\u1ef3 thu\u1ed9c v\u00e0o \u00e1p l\u1ef1c m\u00e1y b\u01a1m.<br \/>\n\u2013 B\u00e9c phun s\u01b0\u01a1ng cu\u1ed1i c\u00f9ng d\u00f9ng b\u00edt \u0111\u01b0\u1eddng \u1ed1ng, n\u1ebfu l\u00e0 h\u1ec7 th\u1ed1ng m\u1edbi l\u1eafp kh\u00f4ng n\u00ean l\u1eafp b\u00e9c cu\u1ed1i v\u00e0o li\u1ec1n m\u00e0 n\u00ean \u0111\u1ec3 n\u01b0\u1edbc ch\u1ea3y 2 \u0111\u1ebfn 3 ph\u00fat sau \u0111\u00f3 m\u1edbi l\u1eafp b\u00e9c cu\u1ed1i v\u00e0o.<br \/>\n\u2013 H\u1ec7 th\u1ed1ng phun s\u01b0\u01a1ng d\u00f9ng n\u01b0\u1edbc tr\u1ef1c ti\u1ebfp t\u1eeb h\u1ec7 th\u1ed1ng c\u1ea5p n\u01b0\u1edbc s\u1ea1ch c\u1ee7a gia \u0111\u00ecnh ho\u1eb7c thu\u1ef7 c\u1ee5c.<\/p>\n<p><a href=\"https:\/\/maybommini.com\/wp-content\/uploads\/2018\/04\/Cach-lap-he-thong-phun-suong-chuyen-nghiep.jpg\" target=\"_blank\" rel=\"noopener\"><img decoding=\"async\" class=\"size-full wp-image-262123 aligncenter\" src=\"https:\/\/maybommini.com\/wp-content\/uploads\/2018\/04\/Cach-lap-he-thong-phun-suong-chuyen-nghiep.jpg\" alt=\"Cach Lap He Thong Phun Suong Chuyen Nghiep\" width=\"750\" height=\"750\" srcset=\"https:\/\/maybommini.vn\/wp-content\/uploads\/2018\/04\/Cach-lap-he-thong-phun-suong-chuyen-nghiep.jpg 750w, https:\/\/maybommini.vn\/wp-content\/uploads\/2018\/04\/Cach-lap-he-thong-phun-suong-chuyen-nghiep-300x300.jpg 300w, https:\/\/maybommini.vn\/wp-content\/uploads\/2018\/04\/Cach-lap-he-thong-phun-suong-chuyen-nghiep-150x150.jpg 150w, https:\/\/maybommini.vn\/wp-content\/uploads\/2018\/04\/Cach-lap-he-thong-phun-suong-chuyen-nghiep-600x600.jpg 600w\" sizes=\"(max-width: 750px) 100vw, 750px\" \/><\/a><\/p>\n<p><strong>S\u1eec D\u1ee4NG M\u00c1Y PHUN S\u01af\u01a0NG L\u00c0M M\u00c1T V\u00c0 T\u01af\u1edaI C\u00c2Y<\/strong><br \/>\n\u2013 S\u1eed d\u1ee5ng phun s\u01b0\u01a1ng l\u00e0m m\u00e1t gi\u00e3m nhi\u1ec7t \u0111\u1ed9 kh\u00f4ng kh\u00ed.<br \/>\n\u2013 Phun s\u01b0\u01a1ng l\u00e0m gi\u00e3m b\u1ee5i kh\u00f4ng kh\u00ed v\u00e0 t\u1ea1o ra kh\u00f4ng gian trong l\u00e0nh h\u01a1n.<br \/>\n\u2013 Phun s\u01b0\u01a1ng l\u00e0m m\u00e1t s\u00e2n v\u01b0\u1eddn gia \u0111\u00ecnh, qu\u00e1n \u0103n, nh\u00e0 h\u00e0ng, qu\u00e1n c\u00e0 ph\u00ea.<br \/>\n\u2013 H\u1ec7 th\u1ed1ng phun s\u01b0\u01a1ng l\u00e0m m\u00e1t m\u00e1i nh\u00e0 t\u00f4n.<br \/>\n\u2013 H\u1ec7 th\u1ed1ng phun s\u01b0\u01a1ng l\u00e0m m\u00e1t nh\u00e0 x\u01b0\u1edfng.<br \/>\n\u2013 Phun s\u01b0\u01a1ng gi\u00e3m b\u1ee5i cho c\u00f4ng tr\u00ecnh x\u00e2y d\u1ef1ng v\u00e0 nh\u00e0 m\u00e1y.<br \/>\n\u2013 Phun t\u01b0\u1edbi lan, t\u01b0\u1edbi n\u1ea5m, t\u01b0\u1edbi c\u00e2y nh\u00e0 v\u01b0\u1eddn.<br \/>\n\u2013 H\u1ec7 th\u1ed1ng t\u01b0\u1edbi t\u1ef1 \u0111\u1ed9ng phun s\u01b0\u01a1ng ti\u1ebft ki\u1ec7m n\u01b0\u1edbc.<br \/>\n\u2013 H\u1ec7 th\u1ed1ng t\u01b0\u1edbi th\u00f4ng minh cho trang tr\u1ea1i.<br \/>\n\u2013 H\u1ec7 th\u1ed1ng l\u00e0m m\u00e1t, t\u01b0\u1edbi c\u00e2y ti\u1ebft ki\u1ec7m n\u01b0\u1edbc v\u00e0 n\u0103ng l\u01b0\u1ee3ng.<br \/>\n\u2013 M\u00e1y phun s\u01b0\u01a1ng cho nh\u00e0 y\u1ebfn.<br \/>\n\u2013 M\u00e1y t\u1ea1o \u1ea9m cho kh\u00f4ng kh\u00ed.<\/p>\n<p><a href=\"https:\/\/maybommini.com\/wp-content\/uploads\/2018\/04\/He-thong-phun-suong-chuyen-nghiep.jpg\" target=\"_blank\" rel=\"noopener\"><img decoding=\"async\" class=\"size-full wp-image-262124 aligncenter\" src=\"https:\/\/maybommini.com\/wp-content\/uploads\/2018\/04\/He-thong-phun-suong-chuyen-nghiep.jpg\" alt=\"He Thong Phun Suong Chuyen Nghiep\" width=\"750\" height=\"750\" srcset=\"https:\/\/maybommini.vn\/wp-content\/uploads\/2018\/04\/He-thong-phun-suong-chuyen-nghiep.jpg 750w, https:\/\/maybommini.vn\/wp-content\/uploads\/2018\/04\/He-thong-phun-suong-chuyen-nghiep-300x300.jpg 300w, https:\/\/maybommini.vn\/wp-content\/uploads\/2018\/04\/He-thong-phun-suong-chuyen-nghiep-150x150.jpg 150w, https:\/\/maybommini.vn\/wp-content\/uploads\/2018\/04\/He-thong-phun-suong-chuyen-nghiep-600x600.jpg 600w\" sizes=\"(max-width: 750px) 100vw, 750px\" \/><\/a> <a href=\"https:\/\/maybommini.com\/wp-content\/uploads\/2018\/04\/bo-phun-suong-gia-dinh-gia-re.jpg\" target=\"_blank\" rel=\"noopener\"><img decoding=\"async\" class=\"size-full wp-image-262122 aligncenter\" src=\"https:\/\/maybommini.com\/wp-content\/uploads\/2018\/04\/bo-phun-suong-gia-dinh-gia-re.jpg\" alt=\"Bo Phun Suong Gia Dinh Gia Re\" width=\"750\" height=\"750\" srcset=\"https:\/\/maybommini.vn\/wp-content\/uploads\/2018\/04\/bo-phun-suong-gia-dinh-gia-re.jpg 750w, https:\/\/maybommini.vn\/wp-content\/uploads\/2018\/04\/bo-phun-suong-gia-dinh-gia-re-300x300.jpg 300w, https:\/\/maybommini.vn\/wp-content\/uploads\/2018\/04\/bo-phun-suong-gia-dinh-gia-re-150x150.jpg 150w, https:\/\/maybommini.vn\/wp-content\/uploads\/2018\/04\/bo-phun-suong-gia-dinh-gia-re-600x600.jpg 600w\" sizes=\"(max-width: 750px) 100vw, 750px\" \/><\/a> <a href=\"https:\/\/maybommini.com\/wp-content\/uploads\/2018\/04\/Phun-suong-tuoi-lan-nha-vuon.jpg\" target=\"_blank\" rel=\"noopener\"><img decoding=\"async\" class=\"size-full wp-image-262130 aligncenter\" src=\"https:\/\/maybommini.com\/wp-content\/uploads\/2018\/04\/Phun-suong-tuoi-lan-nha-vuon.jpg\" alt=\"Phun Suong Tuoi Lan Nha Vuon\" width=\"750\" height=\"750\" srcset=\"https:\/\/maybommini.vn\/wp-content\/uploads\/2018\/04\/Phun-suong-tuoi-lan-nha-vuon.jpg 750w, https:\/\/maybommini.vn\/wp-content\/uploads\/2018\/04\/Phun-suong-tuoi-lan-nha-vuon-300x300.jpg 300w, https:\/\/maybommini.vn\/wp-content\/uploads\/2018\/04\/Phun-suong-tuoi-lan-nha-vuon-150x150.jpg 150w, https:\/\/maybommini.vn\/wp-content\/uploads\/2018\/04\/Phun-suong-tuoi-lan-nha-vuon-600x600.jpg 600w\" sizes=\"(max-width: 750px) 100vw, 750px\" \/><\/a><\/p>\n<p>V\u1edbi nhu c\u1ea7u d\u00f9ng l\u00e0m m\u00e1t qu\u00e1n cafe nh\u1ecf hay t\u01b0\u1edbi lan v\u01b0\u1eddn nh\u1ecf\u00a0\u0111\u00e2y l\u00e0 l\u1ef1a ch\u1ecdn h\u1ee3p l\u00fd nh\u1ea5t v\u1edbi gi\u00e1 c\u1ea3 v\u00e0 ch\u1ea5t l\u01b0\u1ee3ng. B\u1ed9 phun s\u01b0\u01a1ng l\u00e0m m\u00e1t n\u00e0y\u00a0\u0111\u01b0\u1ee3c t\u00edch h\u1ecdp\u00a0\u0111\u1ea7y\u00a0\u0111\u1ee7 c\u00e1c b\u1ed9 ph\u1eadn phun s\u01b0\u01a1ng chuy\u00ean nghi\u1ec7p gi\u00fap ch\u00fang ta kh\u00f4ng c\u1ea7n ph\u1ea3i lo l\u1eafng l\u1ef1a ch\u1ecdn m\u00e0 kh\u00f4ng bi\u1ebft d\u00f9ng nh\u1eefng g\u00ec cho h\u1ec7 th\u1ed1ng phun s\u01b0\u01a1ng.<\/p>\n<p><a href=\"https:\/\/maybommini.com\/wp-content\/uploads\/2018\/04\/Phun-suong-san-vuon-nha-gia-dinh.jpg\" target=\"_blank\" rel=\"noopener\"><img decoding=\"async\" class=\"size-full wp-image-262129 aligncenter\" src=\"https:\/\/maybommini.com\/wp-content\/uploads\/2018\/04\/Phun-suong-san-vuon-nha-gia-dinh.jpg\" alt=\"Phun Suong San Vuon Nha Gia Dinh\" width=\"750\" height=\"750\" srcset=\"https:\/\/maybommini.vn\/wp-content\/uploads\/2018\/04\/Phun-suong-san-vuon-nha-gia-dinh.jpg 750w, https:\/\/maybommini.vn\/wp-content\/uploads\/2018\/04\/Phun-suong-san-vuon-nha-gia-dinh-300x300.jpg 300w, https:\/\/maybommini.vn\/wp-content\/uploads\/2018\/04\/Phun-suong-san-vuon-nha-gia-dinh-150x150.jpg 150w, https:\/\/maybommini.vn\/wp-content\/uploads\/2018\/04\/Phun-suong-san-vuon-nha-gia-dinh-600x600.jpg 600w\" sizes=\"(max-width: 750px) 100vw, 750px\" \/><\/a> <a href=\"https:\/\/maybommini.com\/wp-content\/uploads\/2018\/04\/Phun-suong-lam-mat-quan-ca-phe-nha-hang.jpg\" target=\"_blank\" rel=\"noopener\"><img decoding=\"async\" class=\"size-full wp-image-262128 aligncenter\" src=\"https:\/\/maybommini.com\/wp-content\/uploads\/2018\/04\/Phun-suong-lam-mat-quan-ca-phe-nha-hang.jpg\" alt=\"Phun Suong Lam Mat Quan Ca Phe Nha Hang\" width=\"750\" height=\"750\" srcset=\"https:\/\/maybommini.vn\/wp-content\/uploads\/2018\/04\/Phun-suong-lam-mat-quan-ca-phe-nha-hang.jpg 750w, https:\/\/maybommini.vn\/wp-content\/uploads\/2018\/04\/Phun-suong-lam-mat-quan-ca-phe-nha-hang-300x300.jpg 300w, https:\/\/maybommini.vn\/wp-content\/uploads\/2018\/04\/Phun-suong-lam-mat-quan-ca-phe-nha-hang-150x150.jpg 150w, https:\/\/maybommini.vn\/wp-content\/uploads\/2018\/04\/Phun-suong-lam-mat-quan-ca-phe-nha-hang-600x600.jpg 600w\" sizes=\"(max-width: 750px) 100vw, 750px\" \/><\/a><\/p>\n<p><strong>MUA M\u00c1Y PHUN S\u01af\u01a0NG V\u00c0 PH\u1ee4 KI\u1ec6N \u1ede \u0110\u00c2U ?\u00a0<\/strong><br \/>\n<a href=\"https:\/\/mayphunsuongchuyennghiep.com\/\" target=\"_blank\" rel=\"noopener\"><strong>M\u00e1y Phun S\u01b0\u01a1ng Chuy\u00ean Nghi\u1ec7p<\/strong><\/a>\u00a0l\u00e0 nh\u00e0 cung c\u1ea5p nhi\u1ec1u n\u0103m uy t\u00edn tr\u00ean to\u00e0n qu\u1ed1c v\u1edbi m\u00e1y b\u01a1m v\u00e0 ph\u1ee5 ki\u1ec7n ch\u00ednh h\u00e3ng ch\u1ea5t l\u01b0\u1ee3ng cao \u0111\u01b0\u1ee3c b\u1ea3o h\u00e0nh l\u00e2u d\u00e0i v\u00e0 t\u01b0 v\u1ea5n chuy\u00ean nghi\u1ec7p v\u0129nh vi\u1ec5n cho kh\u00e1ch h\u00e0ng.<br \/>\nCung c\u1ea5p s\u1ec9 v\u00e0 l\u1ebb thi\u1ec7t b\u1ecb v\u00e0 ph\u1ee5 ki\u1ec7n phun s\u01b0\u01a1ng t\u01b0\u1edbi c\u00e2y l\u00e0m m\u00e1t cho kh\u00e1ch h\u00e0ng, c\u1eeda h\u00e0ng, c\u00f4ng ty\u2026.<br \/>\n<strong>Website:<\/strong>\u00a0https:\/\/maybommini.com<br \/>\n<strong>Email:<\/strong> maybommini.com@gmail.com<br \/>\n<strong>Youtube:<\/strong>\u00a0https:\/\/www.youtube.com\/user\/bahamasali<br \/>\nTel:\u00a0<a href=\"tel:02873030399\">02873030399<\/a>\u00a0\u2013\u00a0<a href=\"tel:0908997823\">0908997823<\/a>\u00a0\u2013\u00a0<a href=\"tel:0907294310\">0907294310<\/a><\/p>\n<h3 style=\"text-align: center;\"><em><strong><a href=\"https:\/\/maybommini.com\/san-pham\/tron-bo-phun-suong-lam-mat-tuoi-lan-5-bec\" target=\"_blank\" rel=\"noopener\">Tr\u1ecdn b\u1ed9 phun s\u01b0\u01a1ng l\u00e0m m\u00e1t t\u01b0\u1edbi lan 5 b\u00e9c<\/a><br \/>\n<a href=\"https:\/\/maybommini.com\/san-pham\/tron-bo-phun-suong-lam-mat-tuoi-lan-10-bec\" target=\"_blank\" rel=\"noopener\">Tr\u1ecdn b\u1ed9 phun s\u01b0\u01a1ng l\u00e0m m\u00e1t t\u01b0\u1edbi lan 10 b\u00e9c<\/a><br \/>\nTr\u1ecdn b\u1ed9 phun s\u01b0\u01a1ng l\u00e0m m\u00e1t t\u01b0\u1edbi lan 15 b\u00e9c<br \/>\n<\/strong><\/em><\/h3>\n","protected":false},"excerpt":{"rendered":"<p>1. M\u00e1y b\u01a1m\u00a0\u00e1p l\u1ef1c 24V 50G (phun t\u1ed1i \u0111a 15 b\u00e9c)<br \/>\n2. B\u00e9c phun s\u01b0\u01a1ng: 15 c\u00e1i ( tu\u1ef3 kh\u00e1ch ch\u1ecdn b\u00e9c s\u1ed1 1 \u0111\u1ebfn s\u1ed1 8)<br \/>\n3. \u0110\u1ebf g\u1eafn b\u00e9c th\u1eb3ng: 14 c\u00e1i.<br \/>\n4. \u0110\u1ebf cu\u1ed1i g\u1eafn b\u00e9c: 1 c\u00e1i.<br \/>\n5. B\u00ecnh l\u1ecdc n\u01b0\u1edbc cao c\u1ea5p: 1 c\u00e1i.<br \/>\n6. Ren 17mm \u1ed1ng 8mm: 2 c\u00e1i.<br \/>\n7. Ren 21mm \u1ed1ng 12mm: 2 c\u00e1i.<br \/>\n8. Ren 21mm \u1ed1ng 8mm: 1 c\u00e1i.<br \/>\n9.\u00a0\u1ed0ng phun s\u01b0\u01a1ng 8mm: 20 m\u00e9t.<br \/>\n10. \u1ed0ng n\u01b0\u1edbc v\u00e0o: 2 m\u00e9t.<br \/>\n11. Adapter 24V 4A cao c\u1ea5p.<br \/>\n12. Jack c\u00e1i DC 1 c\u00e1i.<br \/>\n13. D\u00e2y ngu\u1ed3n cao c\u1ea5p ti\u00eau chu\u1ea9n.<br \/>\nTr\u1ecdng l\u01b0\u1ee3ng: 3.0 Kg.<br \/>\nB\u1ea3o h\u00e0ng:\u00a06 th\u00e1ng<br \/>\nKh\u1eb3ng \u0111\u1ecbnh \u0111\u1ed9 an to\u00e0n, ch\u1ea5t l\u01b0\u1ee3ng s\u1ea3n ph\u1ea9m v\u1edbi ng\u01b0\u1eddi ti\u00eau dung.<br \/>\nPh\u00e2n ph\u1ed1i:\u00a0<a href=\"https:\/\/maybomminimbm.vn\/\">M\u00e1y B\u01a1m Mini MBM<\/a><br \/>\nS\u1ea3n ph\u1ea9m cao c\u1ea5p<br \/>\nKh\u1eb3ng \u0111\u1ecbnh \u0111\u1ed9 an to\u00e0n, ch\u1ea5t l\u01b0\u1ee3ng s\u1ea3n ph\u1ea9m v\u1edbi ng\u01b0\u1eddi ti\u00eau dung.<br \/>\n<strong>H\u00f4\u0309 tr\u01a1\u0323 ky\u0303 thu\u00e2\u0323t vi\u0303nh vi\u00ea\u0303n.<\/strong><br \/>\n<strong>T\u01af V\u1ea4N K\u1ef8 THU\u1eacT \u2013 MUA H\u00c0NG<br \/>\n0908997823 \u2013 0908997872<br \/>\n0907294310 \u2013 02873030399<\/strong><\/p>\n","protected":false},"featured_media":262135,"comment_status":"open","ping_status":"closed","template":"","meta":[],"product_brand":[2227],"product_cat":[2842,367],"product_tag":[1082,884,1083,885,2843,578,361,933,277,1084,1085,886,1086,887,474],"class_list":{"0":"post-256782","1":"product","2":"type-product","3":"status-publish","4":"has-post-thumbnail","6":"product_brand-mtm","7":"product_cat-bo-phun-suong","8":"product_cat-he-thong-phun-suong","9":"product_tag-10-bec-phun","10":"product_tag-5-bec-phun","11":"product_tag-bo-10-bec-phun","12":"product_tag-bo-phun-suong","13":"product_tag-bo-phun-suong-15-bec","14":"product_tag-lam-mat","15":"product_tag-may-phun-suong","16":"product_tag-misting-machine","17":"product_tag-phun-suong","18":"product_tag-phun-suong-gia-dinh","19":"product_tag-phun-suong-quan-ca-phe","20":"product_tag-phun-suong-quan-cafe","21":"product_tag-phun-suong-tuoi","22":"product_tag-tron-bo-phun-suong","23":"product_tag-tuoi-cay","25":"first","26":"instock","27":"sale","28":"shipping-taxable","29":"purchasable","30":"product-type-simple"},"_links":{"self":[{"href":"https:\/\/maybommini.vn\/index.php?rest_route=\/wp\/v2\/product\/256782","targetHints":{"allow":["GET"]}}],"collection":[{"href":"https:\/\/maybommini.vn\/index.php?rest_route=\/wp\/v2\/product"}],"about":[{"href":"https:\/\/maybommini.vn\/index.php?rest_route=\/wp\/v2\/types\/product"}],"replies":[{"embeddable":true,"href":"https:\/\/maybommini.vn\/index.php?rest_route=%2Fwp%2Fv2%2Fcomments&post=256782"}],"wp:featuredmedia":[{"embeddable":true,"href":"https:\/\/maybommini.vn\/index.php?rest_route=\/wp\/v2\/media\/262135"}],"wp:attachment":[{"href":"https:\/\/maybommini.vn\/index.php?rest_route=%2Fwp%2Fv2%2Fmedia&parent=256782"}],"wp:term":[{"taxonomy":"product_brand","embeddable":true,"href":"https:\/\/maybommini.vn\/index.php?rest_route=%2Fwp%2Fv2%2Fproduct_brand&post=256782"},{"taxonomy":"product_cat","embeddable":true,"href":"https:\/\/maybommini.vn\/index.php?rest_route=%2Fwp%2Fv2%2Fproduct_cat&post=256782"},{"taxonomy":"product_tag","embeddable":true,"href":"https:\/\/maybommini.vn\/index.php?rest_route=%2Fwp%2Fv2%2Fproduct_tag&post=256782"}],"curies":[{"name":"wp","href":"https:\/\/api.w.org\/{rel}","templated":true}]}}