{"id":256811,"date":"2018-04-12T19:38:25","date_gmt":"2018-04-12T12:38:25","guid":{"rendered":"https:\/\/maybommini.com\/san-pham\/import-placeholder-for-253042"},"modified":"2018-05-14T17:19:32","modified_gmt":"2018-05-14T10:19:32","slug":"bec-xit-ap-luc-cao-mo-vit","status":"publish","type":"product","link":"https:\/\/maybommini.vn\/?product=bec-xit-ap-luc-cao-mo-vit","title":{"rendered":"B\u00e9c x\u1ecbt \u00e1p l\u1ef1c cao m\u1ecf v\u1ecbt"},"content":{"rendered":"<h3><strong>B\u00e9c x\u1ecbt \u00e1p l\u1ef1c cao m\u1ecf v\u1ecbt l\u00e0 lo\u1ea1i b\u00e9c phun x\u1ecbt r\u1eeda cao \u00e1p d\u00f9ng cho c\u00e1c lo\u1ea1i m\u00e1y x\u1ecbt \u00e1p l\u1ef1c cao ho\u1eb7c c\u00e1c lo\u1ea1i m\u00e1y b\u01a1m \u00e1p l\u1ef1c mini \u0111\u1ec3 x\u1ecbt r\u1eeda xe v\u1ec7 m\u00e1y l\u1ea1nh.<\/strong><\/h3>\n<p><img class=\\\"size-full wp-image-247695 aligncenter\\\" src=\\\"https:\/\/maybommini.com\/wp-content\/uploads\/2017\/01\/bec-xit-ap-luc-cao.jpg\\\" alt=\\\"bec-xit-ap-luc-cao\\\" width=\\\"750\\\" height=\\\"750\\\" \/><\/p>\n<p><strong>TH\u00d4NG S\u1ed0 K\u1ef8 THU\u1eacT<\/strong><br \/>\nLo\u1ea1i: B\u00e9c x\u1ecbt m\u1ecf v\u1ecbt<br \/>\n\u0110i\u1ec1u ch\u1ec9nh: ch\u1ec9nh \u0111\u01b0\u1ee3c tia<br \/>\n\u00c1p l\u1ef1c: 300 Psi<br \/>\nNhi\u1ec7t \u0111\u1ed9 : 60 \u0111\u1ed9 C<br \/>\nRen g\u1eafn \u1ed1ng: Ren trong 13 mm<br \/>\nCh\u1ea5t li\u1ec7u: Nh\u01b0a v\u00e0 Th\u00e9p<br \/>\nTr\u1ecdng l\u01b0\u1ee3ng: 200g<\/p>\n<p><img class=\\\"size-full wp-image-247694 aligncenter\\\" src=\\\"https:\/\/maybommini.com\/wp-content\/uploads\/2017\/01\/BEC-PHUN-MO-VIT.jpg\\\" alt=\\\"bec-phun-mo-vit\\\" width=\\\"750\\\" height=\\\"750\\\" \/><\/p>\n<p><strong>\u00daNG D\u1ee4NG B\u00c9C X\u1ecaT \u00c1P L\u1ef0C CAO M\u1ece V\u1ecaT<\/strong><br \/>\nD\u00f9ng \u0111\u1ec3 x\u1ecbt r\u1eeda v\u1ec7 sinh nh\u00e0 c\u1eeda v\u00e0 r\u1eeda xe, v\u1ec7 sinh m\u00e1y l\u1ea1nh. Ph\u00f9 h\u1ee3p cho t\u1ea5t c\u1ea3 c\u00e1c lo\u1ea1i m\u00e1y b\u01a1m \u00e1p l\u1ef1c cao, m\u00e1y b\u01a1m \u00e1p l\u1ef1c mini 12V 24V.<br \/>\n&#8211; B\u00e9c x\u1ecbt c\u00f3 th\u1ec3 \u0111i\u1ec1u ch\u1ec9nh tia x\u1ecbt.<br \/>\n&#8211; X\u1ecbt ki\u1ec3u m\u1ecf v\u1ecbt tia.<\/p>\n<p><img class=\\\"size-full wp-image-247697 aligncenter\\\" src=\\\"https:\/\/maybommini.com\/wp-content\/uploads\/2017\/01\/ren-gan-ong-ap-luc.jpg\\\" alt=\\\"ren-gan-ong-ap-luc\\\" width=\\\"750\\\" height=\\\"750\\\" \/><\/p>\n<h3>B\u00c1N B\u00c9C X\u1ecaT M\u1ece V\u1ecaT \u00c1P L\u1ef0C CAO<br \/>\nCh\u00fang t\u00f4i chuy\u00ean cung c\u1ea5p c\u00e1c lo\u1ea1i b\u00e9c x\u1ecbt \u00e1p l\u1ef1c cao, s\u00fang x\u1ecbt \u00e1p l\u1ef1c d\u00f9ng cho c\u00e1c lo\u1ea1i m\u00e1y b\u01a1m \u00e1p l\u1ef1c. V\u1edbi c\u00e1c s\u1ea3n ph\u1ea9m ch\u1ea5t l\u01b0\u1ee3ng cao t\u1eeb nh\u00e0 s\u1ea3n xu\u1ea5t uy t\u00ednh ch\u00fang t\u00f4i lu\u00f4n c\u00f3 c\u00e1c s\u1ea3n ph\u1ea9m \u0111a d\u1ea1ng v\u00e0 gi\u00e1 t\u1ed1t nh\u1ea5t.<\/h3>\n<p><strong>CTY TNHH TH\u01af\u01a0NG M\u1ea0I D\u1ecaCH V\u1ee4 \u0110I\u1ec6N M\u00c1Y TH\u00d4NG MINH<\/strong><br \/>\nHotline : 090 729 4310<br \/>\nEmail : maybommini.com@gmail.com<br \/>\nWebsite : http:\/\/maybommini.com<br \/>\nFacebook : <a href=\\\"https:\/\/www.facebook.com\/maybommini\\\" target=\\\"_blank\\\" rel=\\\"noopener\\\">https:\/\/www.facebook.com\/maybommini<\/a><br \/>\nGoogle : <a href=\\\"https:\/\/plus.google.com\/ Maybomnuocminiruaxe\\\" target=\\\"_blank\\\" rel=\\\"noopener\\\">https:\/\/plus.google.com\/ Maybomnuocminiruaxe<\/a><br \/>\nYoutube demo : <a href=\\\"https:\/\/www.youtube.com\/bahamasali\\\" target=\\\"_blank\\\" rel=\\\"noopener\\\">https:\/\/www.youtube.com\/bahamasali<\/a><\/p>\n","protected":false},"excerpt":{"rendered":"<p>Lo\u1ea1i: B\u00e9c x\u1ecbt m\u1ecf v\u1ecbt<br \/>\n\u0110i\u1ec1u ch\u1ec9nh: ch\u1ec9nh \u0111\u01b0\u1ee3c tia<br \/>\n\u00c1p l\u1ef1c: 300 Psi<br \/>\nNhi\u1ec7t \u0111\u1ed9 : 60 \u0111\u1ed9 C<br \/>\nRen g\u1eafn \u1ed1ng: Ren trong 13 mm<br \/>\nCh\u1ea5t li\u1ec7u: Nh\u01b0a v\u00e0 Th\u00e9p<br \/>\nTr\u1ecdng l\u01b0\u1ee3ng: 200g<\/p>\n","protected":false},"featured_media":256902,"comment_status":"open","ping_status":"closed","template":"","meta":[],"product_brand":[],"product_cat":[215,216],"product_tag":[232,1138,1139,445,234,1140,724],"class_list":{"0":"post-256811","1":"product","2":"type-product","3":"status-publish","4":"has-post-thumbnail","6":"product_cat-phu-kien-xit-rua-ap-luc","7":"product_cat-sung-phun-xit-ap-luc-cao","8":"product_tag-bec","9":"product_tag-bec-ap-luc","10":"product_tag-bec-mo-vit","11":"product_tag-bec-phun","12":"product_tag-bec-rua-xe","13":"product_tag-bec-xit-ap-luc","14":"product_tag-mo-vit","16":"first","17":"instock","18":"shipping-taxable","19":"purchasable","20":"product-type-simple"},"_links":{"self":[{"href":"https:\/\/maybommini.vn\/index.php?rest_route=\/wp\/v2\/product\/256811","targetHints":{"allow":["GET"]}}],"collection":[{"href":"https:\/\/maybommini.vn\/index.php?rest_route=\/wp\/v2\/product"}],"about":[{"href":"https:\/\/maybommini.vn\/index.php?rest_route=\/wp\/v2\/types\/product"}],"replies":[{"embeddable":true,"href":"https:\/\/maybommini.vn\/index.php?rest_route=%2Fwp%2Fv2%2Fcomments&post=256811"}],"wp:featuredmedia":[{"embeddable":true,"href":"https:\/\/maybommini.vn\/index.php?rest_route=\/wp\/v2\/media\/256902"}],"wp:attachment":[{"href":"https:\/\/maybommini.vn\/index.php?rest_route=%2Fwp%2Fv2%2Fmedia&parent=256811"}],"wp:term":[{"taxonomy":"product_brand","embeddable":true,"href":"https:\/\/maybommini.vn\/index.php?rest_route=%2Fwp%2Fv2%2Fproduct_brand&post=256811"},{"taxonomy":"product_cat","embeddable":true,"href":"https:\/\/maybommini.vn\/index.php?rest_route=%2Fwp%2Fv2%2Fproduct_cat&post=256811"},{"taxonomy":"product_tag","embeddable":true,"href":"https:\/\/maybommini.vn\/index.php?rest_route=%2Fwp%2Fv2%2Fproduct_tag&post=256811"}],"curies":[{"name":"wp","href":"https:\/\/api.w.org\/{rel}","templated":true}]}}