{"id":256812,"date":"2018-04-12T19:38:25","date_gmt":"2018-04-12T12:38:25","guid":{"rendered":"https:\/\/maybommini.com\/san-pham\/import-placeholder-for-253043"},"modified":"2024-05-31T08:40:45","modified_gmt":"2024-05-31T01:40:45","slug":"dau-bom-may-xit-ap-luc-cao-1-5kw","status":"publish","type":"product","link":"https:\/\/maybommini.vn\/?product=dau-bom-may-xit-ap-luc-cao-1-5kw","title":{"rendered":"\u0110\u1ea7u b\u01a1m m\u00e1y x\u1ecbt \u00e1p l\u1ef1c cao 1.0KW &#8211; 2.3KW"},"content":{"rendered":"<p><strong>\u0110\u1ea7u b\u01a1m m\u00e1y x\u1ecbt \u00e1p l\u1ef1c cao 1.5KW chuy\u00ean d\u1ee5ng cho c\u00e1c lo\u1ea1i m\u00e1y b\u01a1m\u00a0\u00e1p l\u1ef1c t\u1eeb 1000W tr\u1edf l\u00ean.\u00a0\u0110\u1ea7y l\u00e0 lo\u1ea1i\u00a0\u0111\u1ea7u b\u01a1m m\u00e1y\u00a0\u00e1p l\u1ef1c cao tr\u1ef1c ti\u1ebfp d\u00f9ng piston g\u1eafn th\u1eb1ng v\u00e0o mortor nh\u01b0 c\u00e1c lo\u1ea1i <a href=\"https:\/\/maybommini.com\/san-pham\/may-bom-xit-rua-ap-luc-cao-220v-1-5kw-bm-s2\" target=\"_blank\" rel=\"noopener noreferrer\">m\u00e1y\u00a0\u00e1p l\u1ef1c cao S2 1.5KW<\/a>&#8230;<\/strong><\/p>\n<p><strong><a href=\"https:\/\/maybommini.com\/wp-content\/uploads\/2018\/04\/dau-bom-may-xit-ap-luc-cao-1.jpg\" target=\"_blank\" rel=\"noopener\"><img decoding=\"async\" class=\"size-full wp-image-256907 aligncenter\" src=\"https:\/\/maybommini.com\/wp-content\/uploads\/2018\/04\/dau-bom-may-xit-ap-luc-cao-1.jpg\" alt=\"Dau Bom May Xit Ap Luc Cao 1.jpg\" width=\"750\" height=\"750\" srcset=\"https:\/\/maybommini.vn\/wp-content\/uploads\/2018\/04\/dau-bom-may-xit-ap-luc-cao-1.jpg 750w, https:\/\/maybommini.vn\/wp-content\/uploads\/2018\/04\/dau-bom-may-xit-ap-luc-cao-1-300x300.jpg 300w, https:\/\/maybommini.vn\/wp-content\/uploads\/2018\/04\/dau-bom-may-xit-ap-luc-cao-1-600x600.jpg 600w, https:\/\/maybommini.vn\/wp-content\/uploads\/2018\/04\/dau-bom-may-xit-ap-luc-cao-1-150x150.jpg 150w\" sizes=\"(max-width: 750px) 100vw, 750px\" \/><\/a>TH\u00d4NG S\u1ed0 K\u1ef8 THU\u1eacT<\/strong><br \/>\nLo\u1ea1i:\u00a0\u0110\u1ea7u b\u01a1m Piston<br \/>\nC\u00f4ng t\u1eafc\u00a0\u00e1p l\u1ef1c: C\u00f3<br \/>\n\u0110\u1ed3ng h\u1ed3\u00a0\u00e1p l\u1ef1c: Kh\u00f4ng k\u00e8m theo<br \/>\nS\u1ed1 l\u01b0\u1ee3ng Piston: 3<br \/>\nRen g\u1eafn \u1ed1ng: 22 mm<br \/>\nCh\u1ea5t li\u1ec7u: Kim lo\u1ea1i<br \/>\nT\u01b0\u01a1ng th\u00edch: M\u00e1y\u00a0\u00e1p l\u1ef1c 1KW tr\u1edf l\u00ean<br \/>\nTr\u1ecdng l\u01b0\u1ee3ng: 850g<\/p>\n<p><strong><a href=\"https:\/\/maybommini.com\/wp-content\/uploads\/2017\/01\/dau-bom-may-xit-ap-luc-cao.jpg\" target=\"_blank\" rel=\"noopener\"><img decoding=\"async\" class=\"size-full wp-image-247699 aligncenter\" src=\"https:\/\/maybommini.com\/wp-content\/uploads\/2017\/01\/dau-bom-may-xit-ap-luc-cao.jpg\" alt=\"\" width=\"750\" height=\"750\" srcset=\"https:\/\/maybommini.vn\/wp-content\/uploads\/2017\/01\/dau-bom-may-xit-ap-luc-cao.jpg 750w, https:\/\/maybommini.vn\/wp-content\/uploads\/2017\/01\/dau-bom-may-xit-ap-luc-cao-300x300.jpg 300w, https:\/\/maybommini.vn\/wp-content\/uploads\/2017\/01\/dau-bom-may-xit-ap-luc-cao-600x600.jpg 600w, https:\/\/maybommini.vn\/wp-content\/uploads\/2017\/01\/dau-bom-may-xit-ap-luc-cao-150x150.jpg 150w\" sizes=\"(max-width: 750px) 100vw, 750px\" \/><\/a><\/strong><\/p>\n<p><strong>S\u1eec D\u1ee4NG\u00a0\u0110\u1ea6U B\u01a0M\u00a0\u00c1P L\u1ef0C CAO<\/strong><br \/>\n&#8211; D\u00f9ng thay th\u1ebf cho c\u00e1c lo\u1ea1i m\u00e1y\u00a0\u00e1p l\u1ef1c cao tr\u1ef1c ti\u1ebfp&gt;<br \/>\n&#8211; T\u01b0\u01a1ng th\u00edch c\u00e1c lo\u1ea1i m\u00e1y\u00a0\u00e1p l\u1ef1c cao Piston nh\u01b0: <a href=\"https:\/\/maybommini.com\/san-pham\/may-bom-xit-rua-ap-luc-cao-220v-1-5kw-bm-s2\" target=\"_blank\" rel=\"noopener noreferrer\">M\u00e1y\u00a0\u00e1p l\u1ef1c cao S2<\/a>, <a href=\"https:\/\/maybommini.com\/san-pham\/may-bom-xit-rua-ap-luc-cao-220v-1-5kw-a8\" target=\"_blank\" rel=\"noopener noreferrer\">M\u00e1y\u00a0\u00e1p l\u1ef1c\u00a0A8<\/a>, <a href=\"https:\/\/maybommini.com\/san-pham\/may-bom-xit-rua-ap-luc-cao-220v-1-5kw-hm-188\" target=\"_blank\" rel=\"noopener noreferrer\">M\u00e1y\u00a0\u00e1p l\u1ef1c cao HM 188<\/a> v\u00e0 c\u00e1c lo\u1ea1i m\u00e1y kh\u00e1c tr\u00ean th\u1ecb tr\u01b0\u1eddng.<\/p>\n<p><strong><a href=\"https:\/\/maybommini.com\/wp-content\/uploads\/2018\/01\/dau-bom-may-xit-ap-luc-cao.jpg\" target=\"_blank\" rel=\"noopener\"><img decoding=\"async\" class=\"size-full wp-image-253154 aligncenter\" src=\"https:\/\/maybommini.com\/wp-content\/uploads\/2018\/01\/dau-bom-may-xit-ap-luc-cao.jpg\" alt=\"\" width=\"750\" height=\"750\" srcset=\"https:\/\/maybommini.vn\/wp-content\/uploads\/2018\/01\/dau-bom-may-xit-ap-luc-cao.jpg 750w, https:\/\/maybommini.vn\/wp-content\/uploads\/2018\/01\/dau-bom-may-xit-ap-luc-cao-300x300.jpg 300w, https:\/\/maybommini.vn\/wp-content\/uploads\/2018\/01\/dau-bom-may-xit-ap-luc-cao-600x600.jpg 600w, https:\/\/maybommini.vn\/wp-content\/uploads\/2018\/01\/dau-bom-may-xit-ap-luc-cao-150x150.jpg 150w, https:\/\/maybommini.vn\/wp-content\/uploads\/2018\/01\/dau-bom-may-xit-ap-luc-cao-270x270.jpg 270w, https:\/\/maybommini.vn\/wp-content\/uploads\/2018\/01\/dau-bom-may-xit-ap-luc-cao-375x375.jpg 375w, https:\/\/maybommini.vn\/wp-content\/uploads\/2018\/01\/dau-bom-may-xit-ap-luc-cao-140x140.jpg 140w, https:\/\/maybommini.vn\/wp-content\/uploads\/2018\/01\/dau-bom-may-xit-ap-luc-cao-131x131.jpg 131w, https:\/\/maybommini.vn\/wp-content\/uploads\/2018\/01\/dau-bom-may-xit-ap-luc-cao-142x142.jpg 142w, https:\/\/maybommini.vn\/wp-content\/uploads\/2018\/01\/dau-bom-may-xit-ap-luc-cao-164x164.jpg 164w, https:\/\/maybommini.vn\/wp-content\/uploads\/2018\/01\/dau-bom-may-xit-ap-luc-cao-175x175.jpg 175w, https:\/\/maybommini.vn\/wp-content\/uploads\/2018\/01\/dau-bom-may-xit-ap-luc-cao-193x193.jpg 193w, https:\/\/maybommini.vn\/wp-content\/uploads\/2018\/01\/dau-bom-may-xit-ap-luc-cao-200x200.jpg 200w, https:\/\/maybommini.vn\/wp-content\/uploads\/2018\/01\/dau-bom-may-xit-ap-luc-cao-204x204.jpg 204w, https:\/\/maybommini.vn\/wp-content\/uploads\/2018\/01\/dau-bom-may-xit-ap-luc-cao-213x213.jpg 213w, https:\/\/maybommini.vn\/wp-content\/uploads\/2018\/01\/dau-bom-may-xit-ap-luc-cao-248x248.jpg 248w, https:\/\/maybommini.vn\/wp-content\/uploads\/2018\/01\/dau-bom-may-xit-ap-luc-cao-260x260.jpg 260w\" sizes=\"(max-width: 750px) 100vw, 750px\" \/><\/a><\/strong><\/p>\n<p><em><strong>Ch\u00fang t\u00f4i chuy\u00ean cung c\u1ea5p c\u00e1c thi\u1ebft b\u1ecb x\u1ecbt r\u1eeda\u00a0\u00e1p l\u1ef1c cao v\u00e0 ph\u1ee5 ki\u1ec7n thay th\u1ebf cho c\u00e1c lo\u1ea1i m\u00e1y\u00a0\u00e1p l\u1ef1c nh\u01b0\u00a0\u0111\u1ea7u b\u01a1m, S\u00fang x\u1ecbt\u00a0\u00e1p l\u1ef1c,\u00a0\u1ed1ng d\u00e2y\u00a0\u00e1p l\u1ef1c &#8230;<\/strong><\/em><\/p>\n<p><strong>CTY TNHH TH\u01af\u01a0NG M\u1ea0I D\u1ecaCH V\u1ee4 \u0110I\u1ec6N M\u00c1Y TH\u00d4NG MINH<\/strong><br \/>\nHotline: 090729 4310<br \/>\nEmail: maybommini.com@gmail.com<br \/>\nWebsite : https:\/\/maybommini.com<br \/>\nFacebook : <a href=\"https:\/\/www.facebook.com\/maybommini\" target=\"_blank\" rel=\"noopener noreferrer\">https:\/\/www.facebook.com\/maybommini<\/a><br \/>\nGoogle : <a href=\"https:\/\/plus.google.com\/ Maybomnuocminiruaxe\" target=\"_blank\" rel=\"noopener noreferrer\">https:\/\/plus.google.com\/ Maybomnuocminiruaxe<\/a><br \/>\nYoutube demo : <a href=\"https:\/\/www.youtube.com\/bahamasali\" target=\"_blank\" rel=\"noopener noreferrer\">https:\/\/www.youtube.com\/bahamasali<\/a><\/p>\n<h3 style=\"text-align: center;\"><strong>\u0110\u1ea7u b\u01a1m m\u00e1y x\u1ecbt \u00e1p l\u1ef1c cao<\/strong><\/h3>\n","protected":false},"excerpt":{"rendered":"<p>Lo\u1ea1i:\u00a0\u0110\u1ea7u b\u01a1m Piston<br \/>\nC\u00f4ng t\u1eafc\u00a0\u00e1p l\u1ef1c: C\u00f3<br \/>\n\u0110\u1ed3ng h\u1ed3\u00a0\u00e1p l\u1ef1c: Kh\u00f4ng k\u00e8m theo<br \/>\nS\u1ed1 l\u01b0\u1ee3ng Piston: 3<br \/>\nRen g\u1eafn \u1ed1ng: 22 mm<br \/>\nCh\u1ea5t li\u1ec7u: Kim lo\u1ea1i<br \/>\nT\u01b0\u01a1ng th\u00edch: M\u00e1y\u00a0\u00e1p l\u1ef1c 1.0 KW tr\u1edf l\u00ean<br \/>\nTr\u1ecdng l\u01b0\u1ee3ng: 850g<br \/>\nBa\u0309o ha\u0300nh: 1 tha\u0301ng.<br \/>\nPh\u00e2n ph\u1ed1i:\u00a0<a href=\"https:\/\/maybomminimbm.vn\/\">M\u00e1y B\u01a1m Mini MBM<\/a><br \/>\n<strong>H\u00f4\u0309 tr\u01a1\u0323 ky\u0303 thu\u00e2\u0323t vi\u0303nh vi\u00ea\u0303n.<\/strong><br \/>\n<strong>T\u01af V\u1ea4N K\u1ef8 THU\u1eacT \u2013 MUA H\u00c0NG<br \/>\n0908997823 \u2013 0908997872<br \/>\n0907294310 \u2013 02873030399<\/strong><\/p>\n","protected":false},"featured_media":256907,"comment_status":"open","ping_status":"closed","template":"","meta":[],"product_brand":[2227],"product_cat":[215],"product_tag":[554,1141,4577,1142,1143,1144,1536,555,291,1145,4578],"class_list":{"0":"post-256812","1":"product","2":"type-product","3":"status-publish","4":"has-post-thumbnail","6":"product_brand-mtm","7":"product_cat-phu-kien-xit-rua-ap-luc","8":"product_tag-1-5kw","9":"product_tag-dau-bom","10":"product_tag-dau-bom-may-haloshi","11":"product_tag-dau-bom-piston","12":"product_tag-dau-may-bom","13":"product_tag-dau-xit-ap-luc","14":"product_tag-day-may-rua-xe","15":"product_tag-may-ap-luc-cao","16":"product_tag-phu-kien","17":"product_tag-phu-kien-may-ap-luc","18":"product_tag-thay-dau-bom-may-rua-xe","20":"first","21":"instock","22":"sale","23":"shipping-taxable","24":"purchasable","25":"product-type-simple"},"_links":{"self":[{"href":"https:\/\/maybommini.vn\/index.php?rest_route=\/wp\/v2\/product\/256812","targetHints":{"allow":["GET"]}}],"collection":[{"href":"https:\/\/maybommini.vn\/index.php?rest_route=\/wp\/v2\/product"}],"about":[{"href":"https:\/\/maybommini.vn\/index.php?rest_route=\/wp\/v2\/types\/product"}],"replies":[{"embeddable":true,"href":"https:\/\/maybommini.vn\/index.php?rest_route=%2Fwp%2Fv2%2Fcomments&post=256812"}],"wp:featuredmedia":[{"embeddable":true,"href":"https:\/\/maybommini.vn\/index.php?rest_route=\/wp\/v2\/media\/256907"}],"wp:attachment":[{"href":"https:\/\/maybommini.vn\/index.php?rest_route=%2Fwp%2Fv2%2Fmedia&parent=256812"}],"wp:term":[{"taxonomy":"product_brand","embeddable":true,"href":"https:\/\/maybommini.vn\/index.php?rest_route=%2Fwp%2Fv2%2Fproduct_brand&post=256812"},{"taxonomy":"product_cat","embeddable":true,"href":"https:\/\/maybommini.vn\/index.php?rest_route=%2Fwp%2Fv2%2Fproduct_cat&post=256812"},{"taxonomy":"product_tag","embeddable":true,"href":"https:\/\/maybommini.vn\/index.php?rest_route=%2Fwp%2Fv2%2Fproduct_tag&post=256812"}],"curies":[{"name":"wp","href":"https:\/\/api.w.org\/{rel}","templated":true}]}}